{"id":95,"date":"2021-11-10T10:39:21","date_gmt":"2021-11-10T10:39:21","guid":{"rendered":"https:\/\/sites.uef.fi\/telab\/?page_id=95"},"modified":"2023-10-31T11:38:13","modified_gmt":"2023-10-31T11:38:13","slug":"koulutuksen-jarjestajille","status":"publish","type":"page","link":"https:\/\/sites.uef.fi\/telab\/koulutuksen-jarjestajille\/","title":{"rendered":"Koulutuksen j\u00e4rjest\u00e4jille"},"content":{"rendered":"\n<p>T\u00e4ll\u00e4 sivulla k\u00e4yd\u00e4\u00e4n l\u00e4pi, mill\u00e4 tavoin ty\u00f6el\u00e4m\u00e4l\u00e4ht\u00f6ist\u00e4 laboratorioty\u00f6skentely\u00e4 voi toteuttaa korkeakouluopetuksessa. Jos olet kiinnostunut kokeilemaan toimintamallia omassa oppilaitoksessasi, l\u00f6yd\u00e4t t\u00e4\u00e4lt\u00e4 materiaalit opetuksesi tueksi. Vaikka TE-Lab -toimintamalli on kehitetty yliopisto-opetuksen kontekstissa, voi mallia soveltaa hyvin mill\u00e4 tahansa muulla koulutusasteella. <\/p>\n\n\n\n<h2 class=\"wp-block-heading\">Aidot tutkimusongelmat laboratorioty\u00f6skentelyn l\u00e4ht\u00f6kohtana&nbsp;<\/h2>\n\n\n\n<p>TE-Lab -toimintamallissa opiskelijapienryhm\u00e4t toteuttavat yritysten toimeksiantoja tukenaan korkeakoulun henkil\u00f6st\u00f6\u00f6n kuuluvan ohjaaja.  Opiskelijoille ei tarjota perinteisille laboratoriot\u00f6ille ominaista reseptinomaista ty\u00f6ohjetta, vaan ty\u00f6skentely l\u00e4htee liikkeelle yhteisty\u00f6yritykseen ja toimeksiantoon perehtymisest\u00e4 sek\u00e4 k\u00e4ytett\u00e4viss\u00e4 oleviin laboratoriov\u00e4lineisiin- ja laitteisiin tutustumisesta. <\/p>\n\n\n\n<p>Ty\u00f6el\u00e4m\u00e4l\u00e4ht\u00f6inen laboratorioty\u00f6skentely kehitt\u00e4\u00e4 vahvan sis\u00e4lt\u00f6osaamisen lis\u00e4ksi muita taitoja, joita moderni ty\u00f6el\u00e4m\u00e4 edellytt\u00e4\u00e4 korkeakoulutetuilta. Ty\u00f6skentely ja sen ymp\u00e4rille kehitetyt teht\u00e4v\u00e4t kohentavat opiskelijoiden vuorovaikutustaitoja, itsens\u00e4 johtamisen taitoja, projektisuunnittelutaitoja sek\u00e4 innovaatio-osaamista. Koska laboratorioty\u00f6n aikana tehd\u00e4\u00e4n tiivist\u00e4 yhteisty\u00f6t\u00e4 alan yrityksen kanssa, opiskelijat p\u00e4\u00e4sev\u00e4t tutustumaan siihen, millaista osaamista erityisesti heid\u00e4n alan yrityksiss\u00e4 t\u00e4ll\u00e4 hetkell\u00e4 kaivataan. <\/p>\n\n\n\n<p>Toimintamallissa korkeakoulun ja yritysten yhteisty\u00f6 on vastavuoroista. Yritykset p\u00e4\u00e4sev\u00e4t hy\u00f6dynt\u00e4m\u00e4\u00e4n korkeatasoista laboratoriov\u00e4lineist\u00f6\u00e4 ja opiskelijoiden osaamista maksutta. Koska usea opiskelijapienryhm\u00e4 ty\u00f6skentelee saman toimeksiannon parissa, yritys saa tuloksista monin\u00e4k\u00f6kulmaisen kokonaiskuvan. <\/p>\n\n\n\n<h2 class=\"wp-block-heading\">Argumentointi ty\u00f6skentelyn raamina&nbsp; <\/h2>\n\n\n\n<p>TE-Lab -toimintamallissa yksitt\u00e4inen laboratorioty\u00f6 toteutetaan argumentointia painottavan laboratorio-opetusmallin mukaisesti.  Mallissa on seitsem\u00e4n ty\u00f6vaihetta:  <\/p>\n\n\n\n<ol class=\"wp-block-list\">\n<li>Opiskelijat tutustuvat yrityksen toimeksiantoon ja k\u00e4yt\u00f6ss\u00e4 oleviin resursseihin ennakkomateriaalin avulla.<\/li>\n\n\n\n<li>Opiskelijat laativat pienryhmiss\u00e4 ratkaisuehdotuksen ennalta m\u00e4\u00e4ritettyyn tutkimusongelmaan ja esitt\u00e4v\u00e4t ratkaisun kirjallisena tutkimussuunnitelmana. <\/li>\n\n\n\n<li>Ty\u00f6n ohjaaja arvioi opiskelijoiden suunnitelmat ja tarvittaessa korjauttaa niit\u00e4.&nbsp;<\/li>\n\n\n\n<li>Opiskelijaryhm\u00e4t toteuttavat suunnitelmansa ja valmistelevat tuloksistaan posterin.<\/li>\n\n\n\n<li>Opiskelijaryhm\u00e4t esitt\u00e4v\u00e4t tuloksensa muille kurssilaisille ja ohjaajalle, jotka arvioivat kriittisesti ryhm\u00e4n tekemi\u00e4 ratkaisuja ja saatuja mittaustuloksia sek\u00e4 antavat palautetta ryhm\u00e4lle.<\/li>\n\n\n\n<li>Opiskelijaryhm\u00e4t kehitt\u00e4v\u00e4t tutkimustaan saadun palautteen perusteella ja tekev\u00e4t tarvittaessa uusia mittauksia.<\/li>\n\n\n\n<li>Opiskelijaryhm\u00e4t kirjoittavat mittauksistaan raportin, jonka ty\u00f6n ohjaaja arvioi. Opiskelijat my\u00f6s raportoivat tuloksensa yhteisty\u00f6yritykselle. <\/li>\n<\/ol>\n\n\n\n<p>Ty\u00f6vaiheiden kautta opiskelijoita ohjataan kriittisen ajattelun ja argumentoinnin \u00e4\u00e4relle fotoniikan syvent\u00e4vien laboratoriot\u00f6iden opintojaksolla. N\u00e4iss\u00e4 t\u00f6iss\u00e4 ty\u00f6vaiheet toistuu kahdessa, kolmen opintopisteen laboratorioty\u00f6ss\u00e4, joista yhdelle ty\u00f6lle on varattu kaksi kuukautta aikaa. Argumentointia painottavaa opetuksellista mallia voi kuitenkin soveltaa my\u00f6s t\u00e4t\u00e4 suppeammissa ja laajemmissa laboratoriot\u00f6iss\u00e4 ja muussa projektity\u00f6skentelyss\u00e4.<\/p>\n\n\n\n<figure class=\"wp-block-image aligncenter size-full\"><img loading=\"lazy\" decoding=\"async\" width=\"460\" height=\"423\" src=\"https:\/\/sites.uef.fi\/telab\/wp-content\/uploads\/sites\/325\/2022\/04\/Argumentointia-painottava-opetus-1.jpg\" alt=\"\" class=\"wp-image-1181\" srcset=\"https:\/\/sites.uef.fi\/telab\/wp-content\/uploads\/sites\/325\/2022\/04\/Argumentointia-painottava-opetus-1.jpg 460w, https:\/\/sites.uef.fi\/telab\/wp-content\/uploads\/sites\/325\/2022\/04\/Argumentointia-painottava-opetus-1-300x276.jpg 300w\" sizes=\"auto, (max-width: 460px) 100vw, 460px\" \/><\/figure>\n\n\n\n<h2 class=\"wp-block-heading\">Alta l\u00f6yd\u00e4t yksityiskohtaisemman oppaan ty\u00f6el\u00e4m\u00e4l\u00e4ht\u00f6isten laboratoriot\u00f6iden toteuttamiseen!<\/h2>\n\n\n\n<div data-wp-interactive=\"core\/file\" class=\"wp-block-file\"><object data-wp-bind--hidden=\"!state.hasPdfPreview\" hidden class=\"wp-block-file__embed\" data=\"https:\/\/sites.uef.fi\/telab\/wp-content\/uploads\/sites\/325\/2023\/03\/Tyoelamalahtoiset-laboratoriotyot_opas.pdf\" type=\"application\/pdf\" style=\"width:100%;height:600px\" aria-label=\"Tiedoston Ty\u00f6el\u00e4m\u00e4l\u00e4ht\u00f6iset laboratorioty\u00f6t_opas upotus.\"><\/object><a id=\"wp-block-file--media-1ac9b14c-7625-48ac-8bba-3ca6a7716e70\" href=\"https:\/\/sites.uef.fi\/telab\/wp-content\/uploads\/sites\/325\/2023\/03\/Tyoelamalahtoiset-laboratoriotyot_opas.pdf\">Ty\u00f6el\u00e4m\u00e4l\u00e4ht\u00f6iset laboratorioty\u00f6t_opas<\/a><a href=\"https:\/\/sites.uef.fi\/telab\/wp-content\/uploads\/sites\/325\/2023\/03\/Tyoelamalahtoiset-laboratoriotyot_opas.pdf\" class=\"wp-block-file__button wp-element-button\" download aria-describedby=\"wp-block-file--media-1ac9b14c-7625-48ac-8bba-3ca6a7716e70\">Lataa<\/a><\/div>\n","protected":false},"excerpt":{"rendered":"<p>T\u00e4ll\u00e4 sivulla k\u00e4yd\u00e4\u00e4n l\u00e4pi, mill\u00e4 tavoin ty\u00f6el\u00e4m\u00e4l\u00e4ht\u00f6ist\u00e4 laboratorioty\u00f6skentely\u00e4 voi toteuttaa korkeakouluopetuksessa. Jos olet kiinnostunut kokeilemaan toimintamallia omassa oppilaitoksessasi, l\u00f6yd\u00e4t t\u00e4\u00e4lt\u00e4 materiaalit opetuksesi tueksi. Vaikka TE-Lab -toimintamalli on kehitetty yliopisto-opetuksen kontekstissa, voi mallia soveltaa hyvin mill\u00e4 tahansa muulla koulutusasteella. Aidot tutkimusongelmat laboratorioty\u00f6skentelyn l\u00e4ht\u00f6kohtana&nbsp; TE-Lab -toimintamallissa opiskelijapienryhm\u00e4t toteuttavat yritysten toimeksiantoja tukenaan korkeakoulun henkil\u00f6st\u00f6\u00f6n kuuluvan ohjaaja. Opiskelijoille ei [&hellip;]<\/p>\n","protected":false},"author":642,"featured_media":0,"parent":0,"menu_order":3,"comment_status":"closed","ping_status":"closed","template":"","meta":{"_acf_changed":false,"footnotes":""},"class_list":["post-95","page","type-page","status-publish","hentry"],"acf":[],"yoast_head":"<!-- This site is optimized with the Yoast SEO plugin v27.3 - https:\/\/yoast.com\/product\/yoast-seo-wordpress\/ -->\n<title>Koulutuksen j\u00e4rjest\u00e4jille - Ty\u00f6el\u00e4m\u00e4l\u00e4ht\u00f6inen laboratorioty\u00f6skentely korkeakoulutuksessa - TE-Lab<\/title>\n<meta name=\"robots\" content=\"index, follow, max-snippet:-1, max-image-preview:large, max-video-preview:-1\" \/>\n<link rel=\"canonical\" href=\"https:\/\/sites.uef.fi\/telab\/koulutuksen-jarjestajille\/\" \/>\n<meta property=\"og:locale\" content=\"fi_FI\" \/>\n<meta property=\"og:type\" content=\"article\" \/>\n<meta property=\"og:title\" content=\"Koulutuksen j\u00e4rjest\u00e4jille - Ty\u00f6el\u00e4m\u00e4l\u00e4ht\u00f6inen laboratorioty\u00f6skentely korkeakoulutuksessa - TE-Lab\" \/>\n<meta property=\"og:description\" content=\"T\u00e4ll\u00e4 sivulla k\u00e4yd\u00e4\u00e4n l\u00e4pi, mill\u00e4 tavoin ty\u00f6el\u00e4m\u00e4l\u00e4ht\u00f6ist\u00e4 laboratorioty\u00f6skentely\u00e4 voi toteuttaa korkeakouluopetuksessa. Jos olet kiinnostunut kokeilemaan toimintamallia omassa oppilaitoksessasi, l\u00f6yd\u00e4t t\u00e4\u00e4lt\u00e4 materiaalit opetuksesi tueksi. Vaikka TE-Lab -toimintamalli on kehitetty yliopisto-opetuksen kontekstissa, voi mallia soveltaa hyvin mill\u00e4 tahansa muulla koulutusasteella. Aidot tutkimusongelmat laboratorioty\u00f6skentelyn l\u00e4ht\u00f6kohtana&nbsp; TE-Lab -toimintamallissa opiskelijapienryhm\u00e4t toteuttavat yritysten toimeksiantoja tukenaan korkeakoulun henkil\u00f6st\u00f6\u00f6n kuuluvan ohjaaja. Opiskelijoille ei [&hellip;]\" \/>\n<meta property=\"og:url\" content=\"https:\/\/sites.uef.fi\/telab\/koulutuksen-jarjestajille\/\" \/>\n<meta property=\"og:site_name\" content=\"Ty\u00f6el\u00e4m\u00e4l\u00e4ht\u00f6inen laboratorioty\u00f6skentely korkeakoulutuksessa - TE-Lab\" \/>\n<meta property=\"article:modified_time\" content=\"2023-10-31T11:38:13+00:00\" \/>\n<meta property=\"og:image\" content=\"https:\/\/sites.uef.fi\/telab\/wp-content\/uploads\/sites\/325\/2022\/04\/Argumentointia-painottava-opetus-1.jpg\" \/>\n<meta name=\"twitter:card\" content=\"summary_large_image\" \/>\n<meta name=\"twitter:label1\" content=\"Arvioitu lukuaika\" \/>\n\t<meta name=\"twitter:data1\" content=\"3 minuuttia\" \/>\n<script type=\"application\/ld+json\" class=\"yoast-schema-graph\">{\"@context\":\"https:\\\/\\\/schema.org\",\"@graph\":[{\"@type\":\"WebPage\",\"@id\":\"https:\\\/\\\/sites.uef.fi\\\/telab\\\/koulutuksen-jarjestajille\\\/\",\"url\":\"https:\\\/\\\/sites.uef.fi\\\/telab\\\/koulutuksen-jarjestajille\\\/\",\"name\":\"Koulutuksen j\u00e4rjest\u00e4jille - Ty\u00f6el\u00e4m\u00e4l\u00e4ht\u00f6inen laboratorioty\u00f6skentely korkeakoulutuksessa - TE-Lab\",\"isPartOf\":{\"@id\":\"https:\\\/\\\/sites.uef.fi\\\/telab\\\/#website\"},\"primaryImageOfPage\":{\"@id\":\"https:\\\/\\\/sites.uef.fi\\\/telab\\\/koulutuksen-jarjestajille\\\/#primaryimage\"},\"image\":{\"@id\":\"https:\\\/\\\/sites.uef.fi\\\/telab\\\/koulutuksen-jarjestajille\\\/#primaryimage\"},\"thumbnailUrl\":\"https:\\\/\\\/sites.uef.fi\\\/telab\\\/wp-content\\\/uploads\\\/sites\\\/325\\\/2022\\\/04\\\/Argumentointia-painottava-opetus-1.jpg\",\"datePublished\":\"2021-11-10T10:39:21+00:00\",\"dateModified\":\"2023-10-31T11:38:13+00:00\",\"breadcrumb\":{\"@id\":\"https:\\\/\\\/sites.uef.fi\\\/telab\\\/koulutuksen-jarjestajille\\\/#breadcrumb\"},\"inLanguage\":\"fi\",\"potentialAction\":[{\"@type\":\"ReadAction\",\"target\":[\"https:\\\/\\\/sites.uef.fi\\\/telab\\\/koulutuksen-jarjestajille\\\/\"]}]},{\"@type\":\"ImageObject\",\"inLanguage\":\"fi\",\"@id\":\"https:\\\/\\\/sites.uef.fi\\\/telab\\\/koulutuksen-jarjestajille\\\/#primaryimage\",\"url\":\"https:\\\/\\\/sites.uef.fi\\\/telab\\\/wp-content\\\/uploads\\\/sites\\\/325\\\/2022\\\/04\\\/Argumentointia-painottava-opetus-1.jpg\",\"contentUrl\":\"https:\\\/\\\/sites.uef.fi\\\/telab\\\/wp-content\\\/uploads\\\/sites\\\/325\\\/2022\\\/04\\\/Argumentointia-painottava-opetus-1.jpg\",\"width\":460,\"height\":423},{\"@type\":\"BreadcrumbList\",\"@id\":\"https:\\\/\\\/sites.uef.fi\\\/telab\\\/koulutuksen-jarjestajille\\\/#breadcrumb\",\"itemListElement\":[{\"@type\":\"ListItem\",\"position\":1,\"name\":\"Home\",\"item\":\"https:\\\/\\\/sites.uef.fi\\\/telab\\\/\"},{\"@type\":\"ListItem\",\"position\":2,\"name\":\"Koulutuksen j\u00e4rjest\u00e4jille\"}]},{\"@type\":\"WebSite\",\"@id\":\"https:\\\/\\\/sites.uef.fi\\\/telab\\\/#website\",\"url\":\"https:\\\/\\\/sites.uef.fi\\\/telab\\\/\",\"name\":\"Ty\u00f6el\u00e4m\u00e4l\u00e4ht\u00f6inen laboratorioty\u00f6skentely korkeakoulutuksessa - TE-Lab\",\"description\":\"\",\"potentialAction\":[{\"@type\":\"SearchAction\",\"target\":{\"@type\":\"EntryPoint\",\"urlTemplate\":\"https:\\\/\\\/sites.uef.fi\\\/telab\\\/?s={search_term_string}\"},\"query-input\":{\"@type\":\"PropertyValueSpecification\",\"valueRequired\":true,\"valueName\":\"search_term_string\"}}],\"inLanguage\":\"fi\"}]}<\/script>\n<!-- \/ Yoast SEO plugin. -->","yoast_head_json":{"title":"Koulutuksen j\u00e4rjest\u00e4jille - Ty\u00f6el\u00e4m\u00e4l\u00e4ht\u00f6inen laboratorioty\u00f6skentely korkeakoulutuksessa - TE-Lab","robots":{"index":"index","follow":"follow","max-snippet":"max-snippet:-1","max-image-preview":"max-image-preview:large","max-video-preview":"max-video-preview:-1"},"canonical":"https:\/\/sites.uef.fi\/telab\/koulutuksen-jarjestajille\/","og_locale":"fi_FI","og_type":"article","og_title":"Koulutuksen j\u00e4rjest\u00e4jille - Ty\u00f6el\u00e4m\u00e4l\u00e4ht\u00f6inen laboratorioty\u00f6skentely korkeakoulutuksessa - TE-Lab","og_description":"T\u00e4ll\u00e4 sivulla k\u00e4yd\u00e4\u00e4n l\u00e4pi, mill\u00e4 tavoin ty\u00f6el\u00e4m\u00e4l\u00e4ht\u00f6ist\u00e4 laboratorioty\u00f6skentely\u00e4 voi toteuttaa korkeakouluopetuksessa. Jos olet kiinnostunut kokeilemaan toimintamallia omassa oppilaitoksessasi, l\u00f6yd\u00e4t t\u00e4\u00e4lt\u00e4 materiaalit opetuksesi tueksi. Vaikka TE-Lab -toimintamalli on kehitetty yliopisto-opetuksen kontekstissa, voi mallia soveltaa hyvin mill\u00e4 tahansa muulla koulutusasteella. Aidot tutkimusongelmat laboratorioty\u00f6skentelyn l\u00e4ht\u00f6kohtana&nbsp; TE-Lab -toimintamallissa opiskelijapienryhm\u00e4t toteuttavat yritysten toimeksiantoja tukenaan korkeakoulun henkil\u00f6st\u00f6\u00f6n kuuluvan ohjaaja. Opiskelijoille ei [&hellip;]","og_url":"https:\/\/sites.uef.fi\/telab\/koulutuksen-jarjestajille\/","og_site_name":"Ty\u00f6el\u00e4m\u00e4l\u00e4ht\u00f6inen laboratorioty\u00f6skentely korkeakoulutuksessa - TE-Lab","article_modified_time":"2023-10-31T11:38:13+00:00","og_image":[{"url":"https:\/\/sites.uef.fi\/telab\/wp-content\/uploads\/sites\/325\/2022\/04\/Argumentointia-painottava-opetus-1.jpg","type":"","width":"","height":""}],"twitter_card":"summary_large_image","twitter_misc":{"Arvioitu lukuaika":"3 minuuttia"},"schema":{"@context":"https:\/\/schema.org","@graph":[{"@type":"WebPage","@id":"https:\/\/sites.uef.fi\/telab\/koulutuksen-jarjestajille\/","url":"https:\/\/sites.uef.fi\/telab\/koulutuksen-jarjestajille\/","name":"Koulutuksen j\u00e4rjest\u00e4jille - Ty\u00f6el\u00e4m\u00e4l\u00e4ht\u00f6inen laboratorioty\u00f6skentely korkeakoulutuksessa - TE-Lab","isPartOf":{"@id":"https:\/\/sites.uef.fi\/telab\/#website"},"primaryImageOfPage":{"@id":"https:\/\/sites.uef.fi\/telab\/koulutuksen-jarjestajille\/#primaryimage"},"image":{"@id":"https:\/\/sites.uef.fi\/telab\/koulutuksen-jarjestajille\/#primaryimage"},"thumbnailUrl":"https:\/\/sites.uef.fi\/telab\/wp-content\/uploads\/sites\/325\/2022\/04\/Argumentointia-painottava-opetus-1.jpg","datePublished":"2021-11-10T10:39:21+00:00","dateModified":"2023-10-31T11:38:13+00:00","breadcrumb":{"@id":"https:\/\/sites.uef.fi\/telab\/koulutuksen-jarjestajille\/#breadcrumb"},"inLanguage":"fi","potentialAction":[{"@type":"ReadAction","target":["https:\/\/sites.uef.fi\/telab\/koulutuksen-jarjestajille\/"]}]},{"@type":"ImageObject","inLanguage":"fi","@id":"https:\/\/sites.uef.fi\/telab\/koulutuksen-jarjestajille\/#primaryimage","url":"https:\/\/sites.uef.fi\/telab\/wp-content\/uploads\/sites\/325\/2022\/04\/Argumentointia-painottava-opetus-1.jpg","contentUrl":"https:\/\/sites.uef.fi\/telab\/wp-content\/uploads\/sites\/325\/2022\/04\/Argumentointia-painottava-opetus-1.jpg","width":460,"height":423},{"@type":"BreadcrumbList","@id":"https:\/\/sites.uef.fi\/telab\/koulutuksen-jarjestajille\/#breadcrumb","itemListElement":[{"@type":"ListItem","position":1,"name":"Home","item":"https:\/\/sites.uef.fi\/telab\/"},{"@type":"ListItem","position":2,"name":"Koulutuksen j\u00e4rjest\u00e4jille"}]},{"@type":"WebSite","@id":"https:\/\/sites.uef.fi\/telab\/#website","url":"https:\/\/sites.uef.fi\/telab\/","name":"Ty\u00f6el\u00e4m\u00e4l\u00e4ht\u00f6inen laboratorioty\u00f6skentely korkeakoulutuksessa - TE-Lab","description":"","potentialAction":[{"@type":"SearchAction","target":{"@type":"EntryPoint","urlTemplate":"https:\/\/sites.uef.fi\/telab\/?s={search_term_string}"},"query-input":{"@type":"PropertyValueSpecification","valueRequired":true,"valueName":"search_term_string"}}],"inLanguage":"fi"}]}},"_links":{"self":[{"href":"https:\/\/sites.uef.fi\/telab\/wp-json\/wp\/v2\/pages\/95","targetHints":{"allow":["GET"]}}],"collection":[{"href":"https:\/\/sites.uef.fi\/telab\/wp-json\/wp\/v2\/pages"}],"about":[{"href":"https:\/\/sites.uef.fi\/telab\/wp-json\/wp\/v2\/types\/page"}],"author":[{"embeddable":true,"href":"https:\/\/sites.uef.fi\/telab\/wp-json\/wp\/v2\/users\/642"}],"replies":[{"embeddable":true,"href":"https:\/\/sites.uef.fi\/telab\/wp-json\/wp\/v2\/comments?post=95"}],"version-history":[{"count":2,"href":"https:\/\/sites.uef.fi\/telab\/wp-json\/wp\/v2\/pages\/95\/revisions"}],"predecessor-version":[{"id":1776,"href":"https:\/\/sites.uef.fi\/telab\/wp-json\/wp\/v2\/pages\/95\/revisions\/1776"}],"wp:attachment":[{"href":"https:\/\/sites.uef.fi\/telab\/wp-json\/wp\/v2\/media?parent=95"}],"curies":[{"name":"wp","href":"https:\/\/api.w.org\/{rel}","templated":true}]}}