{"id":872,"date":"2023-11-03T07:33:03","date_gmt":"2023-11-03T07:33:03","guid":{"rendered":"https:\/\/sites.uef.fi\/themayaforest\/?page_id=872"},"modified":"2026-01-13T13:40:01","modified_gmt":"2026-01-13T13:40:01","slug":"esp-welcome-to-the-website-of-the-research-project-political-forests-the-maya-forest","status":"publish","type":"page","link":"https:\/\/sites.uef.fi\/themayaforest\/esp-welcome-to-the-website-of-the-research-project-political-forests-the-maya-forest\/?lang=es","title":{"rendered":"P\u00e1gina Principal"},"content":{"rendered":"\n<h2 class=\"wp-block-heading\">Bienvenido\/a a conocer el proyecto de investigaci\u00f3n que explora las relaciones internacionales y geograf\u00edas pol\u00edticas otras en la Selva Maya (2019-2028)<\/h2>\n\n\n\n<p>El proyecto de investigaci\u00f3n &#8220;Bosques Pol\u00edticos &#8211; la Selva Maya&#8221; inici\u00f3 el a\u00f1o 2020. El proyecto ten\u00eda el objectivo de explorar la pol\u00edtica de conservaci\u00f3n y las relaciones internacionales en las regiones fronterizas. Financiado por la fundaci\u00f3n finlandesa, the Kone Foundation, y realizado en la Universidad de Finlandia Oriental (UEF), el proyecto abordaba las maneras en que la conservaci\u00f3n transforma las relaciones internacionales en las regiones fronterizas que ahora son sujetas a preocupaciones ambientales. Son, en otras palabras, <em>bosques pol\u00edticos<\/em>, y uno de ellos es la Selva Maya de Mesoam\u00e9rica que tambi\u00e9n es el caso principal de esta investigaci\u00f3n.<\/p>\n\n\n\n<p>En este momento, la investigaci\u00f3n sigue en el proyecto de su investigadora principal (2023-2028), que expande hacia el estudio de diplomacias y geopol\u00edtica otra, incluyendo tales temas novedosos como la geopol\u00edtica ind\u00edgena, diplomacia cient\u00edfica, peque\u00f1os estados-naci\u00f3n y regiones fronterizas. Lo transfronterizo, las dimensiones distintas espaciales y el desarrollo de las relaciones de poder siguen siendo el epicentro de este estudio.<\/p>\n\n\n\n<p>En esta p\u00e1gina de web, puede usted encontrar informaci\u00f3n sobre el proyecto en sus etapas diferentes, las publicaciones y noticias. La versi\u00f3n actualizada se encuentra en la p\u00e1gina en ingl\u00e9s. Se sugiere consultar la p\u00e1gina de publicaciones que tambi\u00e9n disponen art\u00edculos en espa\u00f1ol.<\/p>\n\n\n\n<p>Como parte del proyecto se ha producido una pel\u00edcula documental \u201cSakbe \u2013 Caminos de la vida en la Selva Maya\u201d que narra sobre la Selva Maya que se encuentra en una encrucijada entre megaproyectos y la conservaci\u00f3n biocultural en la pen\u00ednsula de Yucat\u00e1n (Matinpuro &amp; Laako 2025). Se puede ver la pel\u00edcula completa en el canal de Youtube @SakbeMayaForest con subt\u00edtulos en espa\u00f1ol:<\/p>\n\n\n<div class=\"embed-container\">\n    <iframe loading=\"lazy\" title=\"Sakbe - Caminos de la Vida en la Selva Maya\" width=\"640\" height=\"360\" src=\"https:\/\/www.youtube.com\/embed\/kBWZ12Ehk_c?feature=oembed&#038;controls=1&#038;hd=1&#038;autohide=1\" frameborder=\"0\" allow=\"accelerometer; autoplay; clipboard-write; encrypted-media; gyroscope; picture-in-picture; web-share\" referrerpolicy=\"strict-origin-when-cross-origin\" allowfullscreen frameborder=\"0\"><\/iframe><\/div>\n\n\n<figure class=\"wp-block-image size-large\"><img loading=\"lazy\" decoding=\"async\" width=\"1024\" height=\"683\" src=\"https:\/\/sites.uef.fi\/themayaforest\/wp-content\/uploads\/sites\/252\/2023\/11\/IMG_9560-1024x683.jpg\" alt=\"\" class=\"wp-image-1045\" srcset=\"https:\/\/sites.uef.fi\/themayaforest\/wp-content\/uploads\/sites\/252\/2023\/11\/IMG_9560-1024x683.jpg 1024w, https:\/\/sites.uef.fi\/themayaforest\/wp-content\/uploads\/sites\/252\/2023\/11\/IMG_9560-300x200.jpg 300w, https:\/\/sites.uef.fi\/themayaforest\/wp-content\/uploads\/sites\/252\/2023\/11\/IMG_9560-768x512.jpg 768w, https:\/\/sites.uef.fi\/themayaforest\/wp-content\/uploads\/sites\/252\/2023\/11\/IMG_9560.jpg 1200w\" sizes=\"auto, (max-width: 1024px) 100vw, 1024px\" \/><figcaption class=\"wp-element-caption\"><em>Cueva en el Parque Nacional Chiquibul en Belice (Hanna Laako)<\/em><\/figcaption><\/figure>\n","protected":false},"excerpt":{"rendered":"<p>Bienvenido\/a a conocer el proyecto de investigaci\u00f3n que explora las relaciones internacionales y geograf\u00edas pol\u00edticas otras en la Selva Maya (2019-2028) El proyecto de investigaci\u00f3n &#8220;Bosques Pol\u00edticos &#8211; la Selva Maya&#8221; inici\u00f3 el a\u00f1o 2020. El proyecto ten\u00eda el objectivo de explorar la pol\u00edtica de conservaci\u00f3n y las relaciones internacionales en las regiones fronterizas. Financiado [&hellip;]<\/p>\n","protected":false},"author":2,"featured_media":0,"parent":0,"menu_order":0,"comment_status":"closed","ping_status":"closed","template":"","meta":{"_acf_changed":false,"footnotes":""},"class_list":["post-872","page","type-page","status-publish","hentry"],"acf":[],"yoast_head":"<!-- This site is optimized with the Yoast SEO plugin v27.3 - https:\/\/yoast.com\/product\/yoast-seo-wordpress\/ -->\n<title>P\u00e1gina Principal - Political Forests - the Maya Forest. International Relations and Political Geographies Otherwise in Mesoamerica<\/title>\n<meta name=\"robots\" content=\"index, follow, max-snippet:-1, max-image-preview:large, max-video-preview:-1\" \/>\n<link rel=\"canonical\" href=\"https:\/\/sites.uef.fi\/themayaforest\/?lang=es\" \/>\n<meta property=\"og:locale\" content=\"en_US\" \/>\n<meta property=\"og:type\" content=\"article\" \/>\n<meta property=\"og:title\" content=\"P\u00e1gina Principal - Political Forests - the Maya Forest. International Relations and Political Geographies Otherwise in Mesoamerica\" \/>\n<meta property=\"og:description\" content=\"Bienvenido\/a a conocer el proyecto de investigaci\u00f3n que explora las relaciones internacionales y geograf\u00edas pol\u00edticas otras en la Selva Maya (2019-2028) El proyecto de investigaci\u00f3n &#8220;Bosques Pol\u00edticos &#8211; la Selva Maya&#8221; inici\u00f3 el a\u00f1o 2020. El proyecto ten\u00eda el objectivo de explorar la pol\u00edtica de conservaci\u00f3n y las relaciones internacionales en las regiones fronterizas. Financiado [&hellip;]\" \/>\n<meta property=\"og:url\" content=\"https:\/\/sites.uef.fi\/themayaforest\/?lang=es\" \/>\n<meta property=\"og:site_name\" content=\"Political Forests - the Maya Forest. International Relations and Political Geographies Otherwise in Mesoamerica\" \/>\n<meta property=\"article:modified_time\" content=\"2026-01-13T13:40:01+00:00\" \/>\n<meta property=\"og:image\" content=\"https:\/\/sites.uef.fi\/themayaforest\/wp-content\/uploads\/sites\/252\/2023\/11\/IMG_9560.jpg\" \/>\n\t<meta property=\"og:image:width\" content=\"1200\" \/>\n\t<meta property=\"og:image:height\" content=\"800\" \/>\n\t<meta property=\"og:image:type\" content=\"image\/jpeg\" \/>\n<meta name=\"twitter:card\" content=\"summary_large_image\" \/>\n<meta name=\"twitter:label1\" content=\"Est. reading time\" \/>\n\t<meta name=\"twitter:data1\" content=\"2 minutes\" \/>\n<script type=\"application\/ld+json\" class=\"yoast-schema-graph\">{\"@context\":\"https:\\\/\\\/schema.org\",\"@graph\":[{\"@type\":\"WebPage\",\"@id\":\"https:\\\/\\\/sites.uef.fi\\\/themayaforest\\\/?lang=es\",\"url\":\"https:\\\/\\\/sites.uef.fi\\\/themayaforest\\\/?lang=es\",\"name\":\"P\u00e1gina Principal - Political Forests - the Maya Forest. International Relations and Political Geographies Otherwise in Mesoamerica\",\"isPartOf\":{\"@id\":\"https:\\\/\\\/sites.uef.fi\\\/themayaforest\\\/#website\"},\"primaryImageOfPage\":{\"@id\":\"https:\\\/\\\/sites.uef.fi\\\/themayaforest\\\/?lang=es#primaryimage\"},\"image\":{\"@id\":\"https:\\\/\\\/sites.uef.fi\\\/themayaforest\\\/?lang=es#primaryimage\"},\"thumbnailUrl\":\"https:\\\/\\\/sites.uef.fi\\\/themayaforest\\\/wp-content\\\/uploads\\\/sites\\\/252\\\/2023\\\/11\\\/IMG_9560-1024x683.jpg\",\"datePublished\":\"2023-11-03T07:33:03+00:00\",\"dateModified\":\"2026-01-13T13:40:01+00:00\",\"breadcrumb\":{\"@id\":\"https:\\\/\\\/sites.uef.fi\\\/themayaforest\\\/?lang=es#breadcrumb\"},\"inLanguage\":\"en-US\",\"potentialAction\":[{\"@type\":\"ReadAction\",\"target\":[\"https:\\\/\\\/sites.uef.fi\\\/themayaforest\\\/?lang=es\"]}]},{\"@type\":\"ImageObject\",\"inLanguage\":\"en-US\",\"@id\":\"https:\\\/\\\/sites.uef.fi\\\/themayaforest\\\/?lang=es#primaryimage\",\"url\":\"https:\\\/\\\/sites.uef.fi\\\/themayaforest\\\/wp-content\\\/uploads\\\/sites\\\/252\\\/2023\\\/11\\\/IMG_9560.jpg\",\"contentUrl\":\"https:\\\/\\\/sites.uef.fi\\\/themayaforest\\\/wp-content\\\/uploads\\\/sites\\\/252\\\/2023\\\/11\\\/IMG_9560.jpg\",\"width\":1200,\"height\":800},{\"@type\":\"BreadcrumbList\",\"@id\":\"https:\\\/\\\/sites.uef.fi\\\/themayaforest\\\/?lang=es#breadcrumb\",\"itemListElement\":[{\"@type\":\"ListItem\",\"position\":1,\"name\":\"Home\",\"item\":\"https:\\\/\\\/sites.uef.fi\\\/themayaforest\\\/\"},{\"@type\":\"ListItem\",\"position\":2,\"name\":\"P\u00e1gina Principal\"}]},{\"@type\":\"WebSite\",\"@id\":\"https:\\\/\\\/sites.uef.fi\\\/themayaforest\\\/#website\",\"url\":\"https:\\\/\\\/sites.uef.fi\\\/themayaforest\\\/\",\"name\":\"Political Forests - the Maya Forest. International Relations and Political Geographies Otherwise in Mesoamerica\",\"description\":\"\",\"potentialAction\":[{\"@type\":\"SearchAction\",\"target\":{\"@type\":\"EntryPoint\",\"urlTemplate\":\"https:\\\/\\\/sites.uef.fi\\\/themayaforest\\\/?s={search_term_string}\"},\"query-input\":{\"@type\":\"PropertyValueSpecification\",\"valueRequired\":true,\"valueName\":\"search_term_string\"}}],\"inLanguage\":\"en-US\"}]}<\/script>\n<!-- \/ Yoast SEO plugin. -->","yoast_head_json":{"title":"P\u00e1gina Principal - Political Forests - the Maya Forest. International Relations and Political Geographies Otherwise in Mesoamerica","robots":{"index":"index","follow":"follow","max-snippet":"max-snippet:-1","max-image-preview":"max-image-preview:large","max-video-preview":"max-video-preview:-1"},"canonical":"https:\/\/sites.uef.fi\/themayaforest\/?lang=es","og_locale":"en_US","og_type":"article","og_title":"P\u00e1gina Principal - Political Forests - the Maya Forest. International Relations and Political Geographies Otherwise in Mesoamerica","og_description":"Bienvenido\/a a conocer el proyecto de investigaci\u00f3n que explora las relaciones internacionales y geograf\u00edas pol\u00edticas otras en la Selva Maya (2019-2028) El proyecto de investigaci\u00f3n &#8220;Bosques Pol\u00edticos &#8211; la Selva Maya&#8221; inici\u00f3 el a\u00f1o 2020. El proyecto ten\u00eda el objectivo de explorar la pol\u00edtica de conservaci\u00f3n y las relaciones internacionales en las regiones fronterizas. Financiado [&hellip;]","og_url":"https:\/\/sites.uef.fi\/themayaforest\/?lang=es","og_site_name":"Political Forests - the Maya Forest. International Relations and Political Geographies Otherwise in Mesoamerica","article_modified_time":"2026-01-13T13:40:01+00:00","og_image":[{"width":1200,"height":800,"url":"https:\/\/sites.uef.fi\/themayaforest\/wp-content\/uploads\/sites\/252\/2023\/11\/IMG_9560.jpg","type":"image\/jpeg"}],"twitter_card":"summary_large_image","twitter_misc":{"Est. reading time":"2 minutes"},"schema":{"@context":"https:\/\/schema.org","@graph":[{"@type":"WebPage","@id":"https:\/\/sites.uef.fi\/themayaforest\/?lang=es","url":"https:\/\/sites.uef.fi\/themayaforest\/?lang=es","name":"P\u00e1gina Principal - Political Forests - the Maya Forest. International Relations and Political Geographies Otherwise in Mesoamerica","isPartOf":{"@id":"https:\/\/sites.uef.fi\/themayaforest\/#website"},"primaryImageOfPage":{"@id":"https:\/\/sites.uef.fi\/themayaforest\/?lang=es#primaryimage"},"image":{"@id":"https:\/\/sites.uef.fi\/themayaforest\/?lang=es#primaryimage"},"thumbnailUrl":"https:\/\/sites.uef.fi\/themayaforest\/wp-content\/uploads\/sites\/252\/2023\/11\/IMG_9560-1024x683.jpg","datePublished":"2023-11-03T07:33:03+00:00","dateModified":"2026-01-13T13:40:01+00:00","breadcrumb":{"@id":"https:\/\/sites.uef.fi\/themayaforest\/?lang=es#breadcrumb"},"inLanguage":"en-US","potentialAction":[{"@type":"ReadAction","target":["https:\/\/sites.uef.fi\/themayaforest\/?lang=es"]}]},{"@type":"ImageObject","inLanguage":"en-US","@id":"https:\/\/sites.uef.fi\/themayaforest\/?lang=es#primaryimage","url":"https:\/\/sites.uef.fi\/themayaforest\/wp-content\/uploads\/sites\/252\/2023\/11\/IMG_9560.jpg","contentUrl":"https:\/\/sites.uef.fi\/themayaforest\/wp-content\/uploads\/sites\/252\/2023\/11\/IMG_9560.jpg","width":1200,"height":800},{"@type":"BreadcrumbList","@id":"https:\/\/sites.uef.fi\/themayaforest\/?lang=es#breadcrumb","itemListElement":[{"@type":"ListItem","position":1,"name":"Home","item":"https:\/\/sites.uef.fi\/themayaforest\/"},{"@type":"ListItem","position":2,"name":"P\u00e1gina Principal"}]},{"@type":"WebSite","@id":"https:\/\/sites.uef.fi\/themayaforest\/#website","url":"https:\/\/sites.uef.fi\/themayaforest\/","name":"Political Forests - the Maya Forest. International Relations and Political Geographies Otherwise in Mesoamerica","description":"","potentialAction":[{"@type":"SearchAction","target":{"@type":"EntryPoint","urlTemplate":"https:\/\/sites.uef.fi\/themayaforest\/?s={search_term_string}"},"query-input":{"@type":"PropertyValueSpecification","valueRequired":true,"valueName":"search_term_string"}}],"inLanguage":"en-US"}]}},"_links":{"self":[{"href":"https:\/\/sites.uef.fi\/themayaforest\/wp-json\/wp\/v2\/pages\/872","targetHints":{"allow":["GET"]}}],"collection":[{"href":"https:\/\/sites.uef.fi\/themayaforest\/wp-json\/wp\/v2\/pages"}],"about":[{"href":"https:\/\/sites.uef.fi\/themayaforest\/wp-json\/wp\/v2\/types\/page"}],"author":[{"embeddable":true,"href":"https:\/\/sites.uef.fi\/themayaforest\/wp-json\/wp\/v2\/users\/2"}],"replies":[{"embeddable":true,"href":"https:\/\/sites.uef.fi\/themayaforest\/wp-json\/wp\/v2\/comments?post=872"}],"version-history":[{"count":1,"href":"https:\/\/sites.uef.fi\/themayaforest\/wp-json\/wp\/v2\/pages\/872\/revisions"}],"predecessor-version":[{"id":1124,"href":"https:\/\/sites.uef.fi\/themayaforest\/wp-json\/wp\/v2\/pages\/872\/revisions\/1124"}],"wp:attachment":[{"href":"https:\/\/sites.uef.fi\/themayaforest\/wp-json\/wp\/v2\/media?parent=872"}],"curies":[{"name":"wp","href":"https:\/\/api.w.org\/{rel}","templated":true}]}}