{"id":106,"date":"2020-05-27T14:37:45","date_gmt":"2020-05-27T11:37:45","guid":{"rendered":"https:\/\/sites.uef.fi\/tiedonhaku-kasvatus\/?page_id=106"},"modified":"2023-07-25T13:35:00","modified_gmt":"2023-07-25T10:35:00","slug":"hakutekniikka","status":"publish","type":"page","link":"https:\/\/sites.uef.fi\/tiedonhaku-kasvatus\/hakutekniikka\/","title":{"rendered":"Hakutekniikka"},"content":{"rendered":"\n<p>Nyt tied\u00e4t jo, millaisia tiedonl\u00e4hteit\u00e4 tieteelliseen julkaisemiseen kuuluu, ja kuinka valitset tutkimuksesi aiheeseen sopivia hakusanoja. Hakusanat eiv\u00e4t silti aina sellaisenaan takaa tieteellisess\u00e4 tiedonhaussa riitt\u00e4v\u00e4n kattavia hakutuloksia. Siksi hakusanoja voi ja kannattaa kehitt\u00e4\u00e4 edelleen.<\/p>\n\n\n\n<p>Hakutekniikkaosiossa opit hakusanalauseen rakentamiseen kuuluvia, tiedonhakua t\u00e4sment\u00e4vi\u00e4 menetelmi\u00e4. Esimerkiksi fraasihaku, sanankatkaisu ja korvausmerkit auttavat sinua hakusanojen kirjoitusasun kanssa, ja vaihtoehtoisilla ja rajaavilla hakusanoilla voit muokata hakusanalausetta ja s\u00e4\u00e4dell\u00e4 tiedonhaun laajuutta. Hakukenttien avulla taas kohdistat tiedonhaun haluamiisi kohteisiin.<\/p>\n\n\n\n<p>Kun hakulauseesi alkaa muotoutua, voit kokeilla erilaisia hakutapoja ja arvioida tiedonhaun onnistumista. \u00c4l\u00e4 huolestu, jos tiedonhaku ei heti onnistu ja tuota toivottuja hakutuloksia \u2013 tiedonhakuun kuuluu, ett\u00e4 eri vaiheiden v\u00e4lill\u00e4 liikutaan toisinaan eteenp\u00e4in ja joskus taas palataan edellisiin vaiheisiin.&nbsp;<\/p>\n\n\n\n<p>T\u00e4ss\u00e4 osiossa kerrotaan, miten voi muokata ja rajata hakuasi:<\/p>\n\n\n\n<ul class=\"wp-block-list\">\n<li><a href=\"https:\/\/sites.uef.fi\/tiedonhaku-kasvatus\/tiedonhaun-eri-tapoja\/\">Tiedonhaun eri tapoja<\/a><\/li>\n\n\n\n<li><a href=\"https:\/\/sites.uef.fi\/tiedonhaku-kasvatus\/hakutekniikka\/sanankatkaisu-ja-fraasihaku\/\">Sanankatkaisu, korvausmerkit ja fraasihaku<\/a><\/li>\n\n\n\n<li><a href=\"https:\/\/sites.uef.fi\/tiedonhaku-kasvatus\/hakutekniikka\/boolen-operaattorit-and-or-not\/\">Boolen operaattorit AND OR NOT<\/a><\/li>\n\n\n\n<li><a href=\"https:\/\/sites.uef.fi\/tiedonhaku-kasvatus\/hakutekniikka\/rajaaminen\/\">Rajaaminen<\/a><\/li>\n\n\n\n<li><a href=\"https:\/\/sites.uef.fi\/tiedonhaku-kasvatus\/hakukentat\/\">Hakukent\u00e4t<\/a><\/li>\n\n\n\n<li><a href=\"https:\/\/sites.uef.fi\/tiedonhaku-kasvatus\/hakutekniikka\/tiedonhaun-arviointi\/\">Tiedonhaun arviointi<\/a><\/li>\n<\/ul>\n","protected":false},"excerpt":{"rendered":"<p>Nyt tied\u00e4t jo, millaisia tiedonl\u00e4hteit\u00e4 tieteelliseen julkaisemiseen kuuluu, ja kuinka valitset tutkimuksesi aiheeseen sopivia hakusanoja. Hakusanat eiv\u00e4t silti aina sellaisenaan takaa tieteellisess\u00e4 tiedonhaussa riitt\u00e4v\u00e4n kattavia hakutuloksia. Siksi hakusanoja voi ja kannattaa kehitt\u00e4\u00e4 edelleen. Hakutekniikkaosiossa opit hakusanalauseen rakentamiseen kuuluvia, tiedonhakua t\u00e4sment\u00e4vi\u00e4 menetelmi\u00e4. Esimerkiksi fraasihaku, sanankatkaisu ja korvausmerkit auttavat sinua hakusanojen kirjoitusasun kanssa, ja vaihtoehtoisilla ja rajaavilla [&hellip;]<\/p>\n","protected":false},"author":171,"featured_media":0,"parent":0,"menu_order":0,"comment_status":"closed","ping_status":"closed","template":"","meta":{"_acf_changed":false,"_monsterinsights_skip_tracking":false,"_monsterinsights_sitenote_active":false,"_monsterinsights_sitenote_note":"","_monsterinsights_sitenote_category":0,"footnotes":""},"class_list":["post-106","page","type-page","status-publish","hentry"],"acf":[],"yoast_head":"<!-- This site is optimized with the Yoast SEO plugin v27.1.1 - https:\/\/yoast.com\/product\/yoast-seo-wordpress\/ -->\n<title>Hakutekniikka - Kasvatustieteiden tiedonhaku \/\/ UEF-kirjasto<\/title>\n<meta name=\"robots\" content=\"index, follow, max-snippet:-1, max-image-preview:large, max-video-preview:-1\" \/>\n<link rel=\"canonical\" href=\"https:\/\/sites.uef.fi\/tiedonhaku-kasvatus\/hakutekniikka\/\" \/>\n<meta property=\"og:locale\" content=\"fi_FI\" \/>\n<meta property=\"og:type\" content=\"article\" \/>\n<meta property=\"og:title\" content=\"Hakutekniikka - Kasvatustieteiden tiedonhaku \/\/ UEF-kirjasto\" \/>\n<meta property=\"og:description\" content=\"Nyt tied\u00e4t jo, millaisia tiedonl\u00e4hteit\u00e4 tieteelliseen julkaisemiseen kuuluu, ja kuinka valitset tutkimuksesi aiheeseen sopivia hakusanoja. Hakusanat eiv\u00e4t silti aina sellaisenaan takaa tieteellisess\u00e4 tiedonhaussa riitt\u00e4v\u00e4n kattavia hakutuloksia. Siksi hakusanoja voi ja kannattaa kehitt\u00e4\u00e4 edelleen. Hakutekniikkaosiossa opit hakusanalauseen rakentamiseen kuuluvia, tiedonhakua t\u00e4sment\u00e4vi\u00e4 menetelmi\u00e4. Esimerkiksi fraasihaku, sanankatkaisu ja korvausmerkit auttavat sinua hakusanojen kirjoitusasun kanssa, ja vaihtoehtoisilla ja rajaavilla [&hellip;]\" \/>\n<meta property=\"og:url\" content=\"https:\/\/sites.uef.fi\/tiedonhaku-kasvatus\/hakutekniikka\/\" \/>\n<meta property=\"og:site_name\" content=\"Kasvatustieteiden tiedonhaku \/\/ UEF-kirjasto\" \/>\n<meta property=\"article:modified_time\" content=\"2023-07-25T10:35:00+00:00\" \/>\n<meta name=\"twitter:card\" content=\"summary_large_image\" \/>\n<meta name=\"twitter:label1\" content=\"Arvioitu lukuaika\" \/>\n\t<meta name=\"twitter:data1\" content=\"1 minuutti\" \/>\n<script type=\"application\/ld+json\" class=\"yoast-schema-graph\">{\"@context\":\"https:\/\/schema.org\",\"@graph\":[{\"@type\":\"WebPage\",\"@id\":\"https:\/\/sites.uef.fi\/tiedonhaku-kasvatus\/hakutekniikka\/\",\"url\":\"https:\/\/sites.uef.fi\/tiedonhaku-kasvatus\/hakutekniikka\/\",\"name\":\"Hakutekniikka - Kasvatustieteiden tiedonhaku \/\/ UEF-kirjasto\",\"isPartOf\":{\"@id\":\"https:\/\/sites.uef.fi\/tiedonhaku-kasvatus\/#website\"},\"datePublished\":\"2020-05-27T11:37:45+00:00\",\"dateModified\":\"2023-07-25T10:35:00+00:00\",\"breadcrumb\":{\"@id\":\"https:\/\/sites.uef.fi\/tiedonhaku-kasvatus\/hakutekniikka\/#breadcrumb\"},\"inLanguage\":\"fi\",\"potentialAction\":[{\"@type\":\"ReadAction\",\"target\":[\"https:\/\/sites.uef.fi\/tiedonhaku-kasvatus\/hakutekniikka\/\"]}]},{\"@type\":\"BreadcrumbList\",\"@id\":\"https:\/\/sites.uef.fi\/tiedonhaku-kasvatus\/hakutekniikka\/#breadcrumb\",\"itemListElement\":[{\"@type\":\"ListItem\",\"position\":1,\"name\":\"Home\",\"item\":\"https:\/\/sites.uef.fi\/tiedonhaku-kasvatus\/\"},{\"@type\":\"ListItem\",\"position\":2,\"name\":\"Hakutekniikka\"}]},{\"@type\":\"WebSite\",\"@id\":\"https:\/\/sites.uef.fi\/tiedonhaku-kasvatus\/#website\",\"url\":\"https:\/\/sites.uef.fi\/tiedonhaku-kasvatus\/\",\"name\":\"Kasvatustieteiden tiedonhaku \/\/ UEF-kirjasto\",\"description\":\"\",\"potentialAction\":[{\"@type\":\"SearchAction\",\"target\":{\"@type\":\"EntryPoint\",\"urlTemplate\":\"https:\/\/sites.uef.fi\/tiedonhaku-kasvatus\/?s={search_term_string}\"},\"query-input\":{\"@type\":\"PropertyValueSpecification\",\"valueRequired\":true,\"valueName\":\"search_term_string\"}}],\"inLanguage\":\"fi\"}]}<\/script>\n<!-- \/ Yoast SEO plugin. -->","yoast_head_json":{"title":"Hakutekniikka - Kasvatustieteiden tiedonhaku \/\/ UEF-kirjasto","robots":{"index":"index","follow":"follow","max-snippet":"max-snippet:-1","max-image-preview":"max-image-preview:large","max-video-preview":"max-video-preview:-1"},"canonical":"https:\/\/sites.uef.fi\/tiedonhaku-kasvatus\/hakutekniikka\/","og_locale":"fi_FI","og_type":"article","og_title":"Hakutekniikka - Kasvatustieteiden tiedonhaku \/\/ UEF-kirjasto","og_description":"Nyt tied\u00e4t jo, millaisia tiedonl\u00e4hteit\u00e4 tieteelliseen julkaisemiseen kuuluu, ja kuinka valitset tutkimuksesi aiheeseen sopivia hakusanoja. Hakusanat eiv\u00e4t silti aina sellaisenaan takaa tieteellisess\u00e4 tiedonhaussa riitt\u00e4v\u00e4n kattavia hakutuloksia. Siksi hakusanoja voi ja kannattaa kehitt\u00e4\u00e4 edelleen. Hakutekniikkaosiossa opit hakusanalauseen rakentamiseen kuuluvia, tiedonhakua t\u00e4sment\u00e4vi\u00e4 menetelmi\u00e4. Esimerkiksi fraasihaku, sanankatkaisu ja korvausmerkit auttavat sinua hakusanojen kirjoitusasun kanssa, ja vaihtoehtoisilla ja rajaavilla [&hellip;]","og_url":"https:\/\/sites.uef.fi\/tiedonhaku-kasvatus\/hakutekniikka\/","og_site_name":"Kasvatustieteiden tiedonhaku \/\/ UEF-kirjasto","article_modified_time":"2023-07-25T10:35:00+00:00","twitter_card":"summary_large_image","twitter_misc":{"Arvioitu lukuaika":"1 minuutti"},"schema":{"@context":"https:\/\/schema.org","@graph":[{"@type":"WebPage","@id":"https:\/\/sites.uef.fi\/tiedonhaku-kasvatus\/hakutekniikka\/","url":"https:\/\/sites.uef.fi\/tiedonhaku-kasvatus\/hakutekniikka\/","name":"Hakutekniikka - Kasvatustieteiden tiedonhaku \/\/ UEF-kirjasto","isPartOf":{"@id":"https:\/\/sites.uef.fi\/tiedonhaku-kasvatus\/#website"},"datePublished":"2020-05-27T11:37:45+00:00","dateModified":"2023-07-25T10:35:00+00:00","breadcrumb":{"@id":"https:\/\/sites.uef.fi\/tiedonhaku-kasvatus\/hakutekniikka\/#breadcrumb"},"inLanguage":"fi","potentialAction":[{"@type":"ReadAction","target":["https:\/\/sites.uef.fi\/tiedonhaku-kasvatus\/hakutekniikka\/"]}]},{"@type":"BreadcrumbList","@id":"https:\/\/sites.uef.fi\/tiedonhaku-kasvatus\/hakutekniikka\/#breadcrumb","itemListElement":[{"@type":"ListItem","position":1,"name":"Home","item":"https:\/\/sites.uef.fi\/tiedonhaku-kasvatus\/"},{"@type":"ListItem","position":2,"name":"Hakutekniikka"}]},{"@type":"WebSite","@id":"https:\/\/sites.uef.fi\/tiedonhaku-kasvatus\/#website","url":"https:\/\/sites.uef.fi\/tiedonhaku-kasvatus\/","name":"Kasvatustieteiden tiedonhaku \/\/ UEF-kirjasto","description":"","potentialAction":[{"@type":"SearchAction","target":{"@type":"EntryPoint","urlTemplate":"https:\/\/sites.uef.fi\/tiedonhaku-kasvatus\/?s={search_term_string}"},"query-input":{"@type":"PropertyValueSpecification","valueRequired":true,"valueName":"search_term_string"}}],"inLanguage":"fi"}]}},"_links":{"self":[{"href":"https:\/\/sites.uef.fi\/tiedonhaku-kasvatus\/wp-json\/wp\/v2\/pages\/106","targetHints":{"allow":["GET"]}}],"collection":[{"href":"https:\/\/sites.uef.fi\/tiedonhaku-kasvatus\/wp-json\/wp\/v2\/pages"}],"about":[{"href":"https:\/\/sites.uef.fi\/tiedonhaku-kasvatus\/wp-json\/wp\/v2\/types\/page"}],"author":[{"embeddable":true,"href":"https:\/\/sites.uef.fi\/tiedonhaku-kasvatus\/wp-json\/wp\/v2\/users\/171"}],"replies":[{"embeddable":true,"href":"https:\/\/sites.uef.fi\/tiedonhaku-kasvatus\/wp-json\/wp\/v2\/comments?post=106"}],"version-history":[{"count":2,"href":"https:\/\/sites.uef.fi\/tiedonhaku-kasvatus\/wp-json\/wp\/v2\/pages\/106\/revisions"}],"predecessor-version":[{"id":4241,"href":"https:\/\/sites.uef.fi\/tiedonhaku-kasvatus\/wp-json\/wp\/v2\/pages\/106\/revisions\/4241"}],"wp:attachment":[{"href":"https:\/\/sites.uef.fi\/tiedonhaku-kasvatus\/wp-json\/wp\/v2\/media?parent=106"}],"curies":[{"name":"wp","href":"https:\/\/api.w.org\/{rel}","templated":true}]}}