{"id":156,"date":"2020-06-22T15:22:52","date_gmt":"2020-06-22T12:22:52","guid":{"rendered":"https:\/\/sites.uef.fi\/tiedonhaku-kasvatus\/?page_id=156"},"modified":"2024-08-27T10:30:09","modified_gmt":"2024-08-27T07:30:09","slug":"tiedon-arviointi-ja-kaytto","status":"publish","type":"page","link":"https:\/\/sites.uef.fi\/tiedonhaku-kasvatus\/tiedon-arviointi-ja-kaytto\/","title":{"rendered":"Tiedon arviointi ja k\u00e4ytt\u00f6"},"content":{"rendered":"\n<p>Tiedonhaun aikana olet varmasti l\u00f6yt\u00e4nyt jo useita tieteellisi\u00e4 julkaisuja oman tutkielmasi aihepiirist\u00e4. Ennen kuin k\u00e4yt\u00e4t n\u00e4it\u00e4 julkaisuja omassa tutkielmassasi, on hyv\u00e4 ymm\u00e4rt\u00e4\u00e4 ja kerrata, miten aiempaa tieteellist\u00e4 kirjallisuutta voi ja saa hy\u00f6dynt\u00e4\u00e4 omassa ty\u00f6ss\u00e4.<\/p>\n\n\n\n<p>Eri l\u00e4hteist\u00e4 tulevan tiedon yhdistely ja vertailu on t\u00e4rke\u00e4 osa tutkimusta. Tiedon arviointi ja k\u00e4ytt\u00f6 -osiossa perehdyt siihen, mit\u00e4 tekij\u00e4noikeudet p\u00e4\u00e4piirteitt\u00e4in tarkoittavat, kuinka l\u00e4hteisiin viitataan tieteellisiss\u00e4 julkaisuissa ja opinn\u00e4ytet\u00f6iss\u00e4, sek\u00e4 saat muutaman hyv\u00e4n vinkin viitteidenhallintaan tarkoitetuista j\u00e4rjestelmist\u00e4.<\/p>\n\n\n\n<p>T\u00e4m\u00e4n osion osat ovat:<\/p>\n\n\n\n<ul class=\"wp-block-list\">\n<li><a href=\"https:\/\/sites.uef.fi\/tiedonhaku-kasvatus\/tiedon-arviointi-ja-kaytto\/lahteiden-arviointi-ja-valinta\/\">L\u00e4hteiden arviointi ja valinta<\/a><\/li>\n\n\n\n<li><a href=\"https:\/\/sites.uef.fi\/tiedonhaku-kasvatus\/tiedon-arviointi-ja-kaytto\/viittaaminen-ja-lahdeluettelot\/\">Miten viittaan oikein? L\u00e4hteiden merkitseminen<\/a><\/li>\n\n\n\n<li><a href=\"https:\/\/sites.uef.fi\/tiedonhaku-kasvatus\/tiedon-arviointi-ja-kaytto\/tekijanoikeus-ja-tutkimusetiikka\/\">Tekij\u00e4noikeus ja tutkimusetiikka<\/a><\/li>\n<\/ul>\n","protected":false},"excerpt":{"rendered":"<p>Tiedonhaun aikana olet varmasti l\u00f6yt\u00e4nyt jo useita tieteellisi\u00e4 julkaisuja oman tutkielmasi aihepiirist\u00e4. Ennen kuin k\u00e4yt\u00e4t n\u00e4it\u00e4 julkaisuja omassa tutkielmassasi, on hyv\u00e4 ymm\u00e4rt\u00e4\u00e4 ja kerrata, miten aiempaa tieteellist\u00e4 kirjallisuutta voi ja saa hy\u00f6dynt\u00e4\u00e4 omassa ty\u00f6ss\u00e4. Eri l\u00e4hteist\u00e4 tulevan tiedon yhdistely ja vertailu on t\u00e4rke\u00e4 osa tutkimusta. Tiedon arviointi ja k\u00e4ytt\u00f6 -osiossa perehdyt siihen, mit\u00e4 tekij\u00e4noikeudet p\u00e4\u00e4piirteitt\u00e4in [&hellip;]<\/p>\n","protected":false},"author":171,"featured_media":0,"parent":0,"menu_order":0,"comment_status":"closed","ping_status":"closed","template":"","meta":{"_acf_changed":false,"_monsterinsights_skip_tracking":false,"_monsterinsights_sitenote_active":false,"_monsterinsights_sitenote_note":"","_monsterinsights_sitenote_category":0,"footnotes":""},"class_list":["post-156","page","type-page","status-publish","hentry"],"acf":[],"yoast_head":"<!-- This site is optimized with the Yoast SEO plugin v27.3 - https:\/\/yoast.com\/product\/yoast-seo-wordpress\/ -->\n<title>Tiedon arviointi ja k\u00e4ytt\u00f6 - Kasvatustieteiden tiedonhaku \/\/ UEF-kirjasto<\/title>\n<meta name=\"robots\" content=\"index, follow, max-snippet:-1, max-image-preview:large, max-video-preview:-1\" \/>\n<link rel=\"canonical\" href=\"https:\/\/sites.uef.fi\/tiedonhaku-kasvatus\/tiedon-arviointi-ja-kaytto\/\" \/>\n<meta property=\"og:locale\" content=\"fi_FI\" \/>\n<meta property=\"og:type\" content=\"article\" \/>\n<meta property=\"og:title\" content=\"Tiedon arviointi ja k\u00e4ytt\u00f6 - Kasvatustieteiden tiedonhaku \/\/ UEF-kirjasto\" \/>\n<meta property=\"og:description\" content=\"Tiedonhaun aikana olet varmasti l\u00f6yt\u00e4nyt jo useita tieteellisi\u00e4 julkaisuja oman tutkielmasi aihepiirist\u00e4. Ennen kuin k\u00e4yt\u00e4t n\u00e4it\u00e4 julkaisuja omassa tutkielmassasi, on hyv\u00e4 ymm\u00e4rt\u00e4\u00e4 ja kerrata, miten aiempaa tieteellist\u00e4 kirjallisuutta voi ja saa hy\u00f6dynt\u00e4\u00e4 omassa ty\u00f6ss\u00e4. Eri l\u00e4hteist\u00e4 tulevan tiedon yhdistely ja vertailu on t\u00e4rke\u00e4 osa tutkimusta. Tiedon arviointi ja k\u00e4ytt\u00f6 -osiossa perehdyt siihen, mit\u00e4 tekij\u00e4noikeudet p\u00e4\u00e4piirteitt\u00e4in [&hellip;]\" \/>\n<meta property=\"og:url\" content=\"https:\/\/sites.uef.fi\/tiedonhaku-kasvatus\/tiedon-arviointi-ja-kaytto\/\" \/>\n<meta property=\"og:site_name\" content=\"Kasvatustieteiden tiedonhaku \/\/ UEF-kirjasto\" \/>\n<meta property=\"article:modified_time\" content=\"2024-08-27T07:30:09+00:00\" \/>\n<meta name=\"twitter:card\" content=\"summary_large_image\" \/>\n<meta name=\"twitter:label1\" content=\"Arvioitu lukuaika\" \/>\n\t<meta name=\"twitter:data1\" content=\"1 minuutti\" \/>\n<script type=\"application\/ld+json\" class=\"yoast-schema-graph\">{\"@context\":\"https:\\\/\\\/schema.org\",\"@graph\":[{\"@type\":\"WebPage\",\"@id\":\"https:\\\/\\\/sites.uef.fi\\\/tiedonhaku-kasvatus\\\/tiedon-arviointi-ja-kaytto\\\/\",\"url\":\"https:\\\/\\\/sites.uef.fi\\\/tiedonhaku-kasvatus\\\/tiedon-arviointi-ja-kaytto\\\/\",\"name\":\"Tiedon arviointi ja k\u00e4ytt\u00f6 - Kasvatustieteiden tiedonhaku \\\/\\\/ UEF-kirjasto\",\"isPartOf\":{\"@id\":\"https:\\\/\\\/sites.uef.fi\\\/tiedonhaku-kasvatus\\\/#website\"},\"datePublished\":\"2020-06-22T12:22:52+00:00\",\"dateModified\":\"2024-08-27T07:30:09+00:00\",\"breadcrumb\":{\"@id\":\"https:\\\/\\\/sites.uef.fi\\\/tiedonhaku-kasvatus\\\/tiedon-arviointi-ja-kaytto\\\/#breadcrumb\"},\"inLanguage\":\"fi\",\"potentialAction\":[{\"@type\":\"ReadAction\",\"target\":[\"https:\\\/\\\/sites.uef.fi\\\/tiedonhaku-kasvatus\\\/tiedon-arviointi-ja-kaytto\\\/\"]}]},{\"@type\":\"BreadcrumbList\",\"@id\":\"https:\\\/\\\/sites.uef.fi\\\/tiedonhaku-kasvatus\\\/tiedon-arviointi-ja-kaytto\\\/#breadcrumb\",\"itemListElement\":[{\"@type\":\"ListItem\",\"position\":1,\"name\":\"Home\",\"item\":\"https:\\\/\\\/sites.uef.fi\\\/tiedonhaku-kasvatus\\\/\"},{\"@type\":\"ListItem\",\"position\":2,\"name\":\"Tiedon arviointi ja k\u00e4ytt\u00f6\"}]},{\"@type\":\"WebSite\",\"@id\":\"https:\\\/\\\/sites.uef.fi\\\/tiedonhaku-kasvatus\\\/#website\",\"url\":\"https:\\\/\\\/sites.uef.fi\\\/tiedonhaku-kasvatus\\\/\",\"name\":\"Kasvatustieteiden tiedonhaku \\\/\\\/ UEF-kirjasto\",\"description\":\"\",\"potentialAction\":[{\"@type\":\"SearchAction\",\"target\":{\"@type\":\"EntryPoint\",\"urlTemplate\":\"https:\\\/\\\/sites.uef.fi\\\/tiedonhaku-kasvatus\\\/?s={search_term_string}\"},\"query-input\":{\"@type\":\"PropertyValueSpecification\",\"valueRequired\":true,\"valueName\":\"search_term_string\"}}],\"inLanguage\":\"fi\"}]}<\/script>\n<!-- \/ Yoast SEO plugin. -->","yoast_head_json":{"title":"Tiedon arviointi ja k\u00e4ytt\u00f6 - Kasvatustieteiden tiedonhaku \/\/ UEF-kirjasto","robots":{"index":"index","follow":"follow","max-snippet":"max-snippet:-1","max-image-preview":"max-image-preview:large","max-video-preview":"max-video-preview:-1"},"canonical":"https:\/\/sites.uef.fi\/tiedonhaku-kasvatus\/tiedon-arviointi-ja-kaytto\/","og_locale":"fi_FI","og_type":"article","og_title":"Tiedon arviointi ja k\u00e4ytt\u00f6 - Kasvatustieteiden tiedonhaku \/\/ UEF-kirjasto","og_description":"Tiedonhaun aikana olet varmasti l\u00f6yt\u00e4nyt jo useita tieteellisi\u00e4 julkaisuja oman tutkielmasi aihepiirist\u00e4. Ennen kuin k\u00e4yt\u00e4t n\u00e4it\u00e4 julkaisuja omassa tutkielmassasi, on hyv\u00e4 ymm\u00e4rt\u00e4\u00e4 ja kerrata, miten aiempaa tieteellist\u00e4 kirjallisuutta voi ja saa hy\u00f6dynt\u00e4\u00e4 omassa ty\u00f6ss\u00e4. Eri l\u00e4hteist\u00e4 tulevan tiedon yhdistely ja vertailu on t\u00e4rke\u00e4 osa tutkimusta. Tiedon arviointi ja k\u00e4ytt\u00f6 -osiossa perehdyt siihen, mit\u00e4 tekij\u00e4noikeudet p\u00e4\u00e4piirteitt\u00e4in [&hellip;]","og_url":"https:\/\/sites.uef.fi\/tiedonhaku-kasvatus\/tiedon-arviointi-ja-kaytto\/","og_site_name":"Kasvatustieteiden tiedonhaku \/\/ UEF-kirjasto","article_modified_time":"2024-08-27T07:30:09+00:00","twitter_card":"summary_large_image","twitter_misc":{"Arvioitu lukuaika":"1 minuutti"},"schema":{"@context":"https:\/\/schema.org","@graph":[{"@type":"WebPage","@id":"https:\/\/sites.uef.fi\/tiedonhaku-kasvatus\/tiedon-arviointi-ja-kaytto\/","url":"https:\/\/sites.uef.fi\/tiedonhaku-kasvatus\/tiedon-arviointi-ja-kaytto\/","name":"Tiedon arviointi ja k\u00e4ytt\u00f6 - Kasvatustieteiden tiedonhaku \/\/ UEF-kirjasto","isPartOf":{"@id":"https:\/\/sites.uef.fi\/tiedonhaku-kasvatus\/#website"},"datePublished":"2020-06-22T12:22:52+00:00","dateModified":"2024-08-27T07:30:09+00:00","breadcrumb":{"@id":"https:\/\/sites.uef.fi\/tiedonhaku-kasvatus\/tiedon-arviointi-ja-kaytto\/#breadcrumb"},"inLanguage":"fi","potentialAction":[{"@type":"ReadAction","target":["https:\/\/sites.uef.fi\/tiedonhaku-kasvatus\/tiedon-arviointi-ja-kaytto\/"]}]},{"@type":"BreadcrumbList","@id":"https:\/\/sites.uef.fi\/tiedonhaku-kasvatus\/tiedon-arviointi-ja-kaytto\/#breadcrumb","itemListElement":[{"@type":"ListItem","position":1,"name":"Home","item":"https:\/\/sites.uef.fi\/tiedonhaku-kasvatus\/"},{"@type":"ListItem","position":2,"name":"Tiedon arviointi ja k\u00e4ytt\u00f6"}]},{"@type":"WebSite","@id":"https:\/\/sites.uef.fi\/tiedonhaku-kasvatus\/#website","url":"https:\/\/sites.uef.fi\/tiedonhaku-kasvatus\/","name":"Kasvatustieteiden tiedonhaku \/\/ UEF-kirjasto","description":"","potentialAction":[{"@type":"SearchAction","target":{"@type":"EntryPoint","urlTemplate":"https:\/\/sites.uef.fi\/tiedonhaku-kasvatus\/?s={search_term_string}"},"query-input":{"@type":"PropertyValueSpecification","valueRequired":true,"valueName":"search_term_string"}}],"inLanguage":"fi"}]}},"_links":{"self":[{"href":"https:\/\/sites.uef.fi\/tiedonhaku-kasvatus\/wp-json\/wp\/v2\/pages\/156","targetHints":{"allow":["GET"]}}],"collection":[{"href":"https:\/\/sites.uef.fi\/tiedonhaku-kasvatus\/wp-json\/wp\/v2\/pages"}],"about":[{"href":"https:\/\/sites.uef.fi\/tiedonhaku-kasvatus\/wp-json\/wp\/v2\/types\/page"}],"author":[{"embeddable":true,"href":"https:\/\/sites.uef.fi\/tiedonhaku-kasvatus\/wp-json\/wp\/v2\/users\/171"}],"replies":[{"embeddable":true,"href":"https:\/\/sites.uef.fi\/tiedonhaku-kasvatus\/wp-json\/wp\/v2\/comments?post=156"}],"version-history":[{"count":2,"href":"https:\/\/sites.uef.fi\/tiedonhaku-kasvatus\/wp-json\/wp\/v2\/pages\/156\/revisions"}],"predecessor-version":[{"id":5219,"href":"https:\/\/sites.uef.fi\/tiedonhaku-kasvatus\/wp-json\/wp\/v2\/pages\/156\/revisions\/5219"}],"wp:attachment":[{"href":"https:\/\/sites.uef.fi\/tiedonhaku-kasvatus\/wp-json\/wp\/v2\/media?parent=156"}],"curies":[{"name":"wp","href":"https:\/\/api.w.org\/{rel}","templated":true}]}}