{"id":168,"date":"2020-06-23T15:12:14","date_gmt":"2020-06-23T12:12:14","guid":{"rendered":"https:\/\/sites.uef.fi\/tiedonhaku-kasvatus\/?page_id=168"},"modified":"2024-06-26T10:06:16","modified_gmt":"2024-06-26T07:06:16","slug":"tieteellinen-julkaiseminen-kasvatustieteissa","status":"publish","type":"page","link":"https:\/\/sites.uef.fi\/tiedonhaku-kasvatus\/tieteelliset-julkaisut\/tieteellinen-julkaiseminen-kasvatustieteissa\/","title":{"rendered":"Tieteellinen julkaiseminen kasvatustieteiss\u00e4"},"content":{"rendered":"\n<p>\u2022 Julkaiseminen on julkisuuteen tulemista<br>\u2022 Julkaisujen avulla akateeminen yhteis\u00f6 pystyy arvioimaan ja kritisoimaan tutkimusta<br>\u2022 Julkaisemalla tutkijat meritoituvat (p\u00e4tev\u00f6ityv\u00e4t ja ansioituvat)<\/p>\n\n\n\n<p>Tiedon tie tutkimustuloksesta julkaisuihin saattaa kest\u00e4\u00e4 kymmenenkin vuotta.<\/p>\n\n\n\n<figure class=\"wp-block-image alignleft\"><a href=\"https:\/\/sites.uef.fi\/tiedonhaku-kasvatus\/wp-content\/uploads\/sites\/80\/2020\/09\/Tiedon_kierto.pdf\"><img loading=\"lazy\" decoding=\"async\" width=\"1024\" height=\"735\" src=\"https:\/\/sites.uef.fi\/tiedonhaku-kasvatus\/wp-content\/uploads\/sites\/80\/2020\/07\/Tiedon_kierto-1024x735.png\" alt=\"Kaaviokuva n\u00e4ytt\u00e4\u00e4, kuinka tieto jalostuu ideasta julkaisuksi ja antaa aikakaareksi 4 vuotta. &quot; This model follows the process through tertiary, secondary, and primary sources but lacks the indicator of infor\u00admation flow from the tertiary source back to the user. This is the indicator that re\u00adproduces the activities that occur every day in offices, labs, and libraries around the world. Scientific and technical re\u00adsearchers rely heavily on tertiary infor\u00admation in the form of handbooks, tables, directories, and reviews. (Curl, 2001)&quot; Linkki: https:\/\/doi.org\/10.5860\/crl.62.5.455\" class=\"wp-image-779\" srcset=\"https:\/\/sites.uef.fi\/tiedonhaku-kasvatus\/wp-content\/uploads\/sites\/80\/2020\/07\/Tiedon_kierto-1024x735.png 1024w, https:\/\/sites.uef.fi\/tiedonhaku-kasvatus\/wp-content\/uploads\/sites\/80\/2020\/07\/Tiedon_kierto-300x215.png 300w, https:\/\/sites.uef.fi\/tiedonhaku-kasvatus\/wp-content\/uploads\/sites\/80\/2020\/07\/Tiedon_kierto-768x551.png 768w, https:\/\/sites.uef.fi\/tiedonhaku-kasvatus\/wp-content\/uploads\/sites\/80\/2020\/07\/Tiedon_kierto.png 1033w\" sizes=\"auto, (max-width: 1024px) 100vw, 1024px\" \/><\/a><figcaption class=\"wp-element-caption\">Subramanyamin malli \u201dThe evolution of scientific information\u201d<\/figcaption><\/figure>\n\n\n\n<p>Eri tieteenaloilla julkaisemisen tavat ja kanavat vaihtelevat. Kuitenkin melkein joka tieteenalalla artikkelijulkaiseminen englanniksi<strong> kansainv\u00e4lisiss\u00e4 tieteellisiss\u00e4 aikakauslehdiss\u00e4<\/strong> on entist\u00e4 t\u00e4rke\u00e4mp\u00e4\u00e4. Perinteisesti luonnon- ja l\u00e4\u00e4ketieteiss\u00e4 vallinnut julkaisemisen tapa on levinnyt muillekin aloille.<\/p>\n\n\n\n<p>Julkaisu voi ilmesty\u00e4 painettuna tai elektronisena, nyky\u00e4\u00e4n usein molempina.<\/p>\n\n\n\n<p>Kasvatustieteiss\u00e4 perinteisin julkaisukanava on <strong>kirja<\/strong>. Erityisesti julkaistaan kokoomateoksia. Yleisi\u00e4 julkaisukanavia ovat yliopistojen, tutkimuslaitosten ja muiden organisaatioiden julkaisusarjat. Niiss\u00e4 ilmestyy erilaisia tutkimusraportteja, selvityksi\u00e4, katsauksia, oppimateriaaleja jne. My\u00f6s v\u00e4it\u00f6skirjat julkaistaan useimmiten yliopistojen julkaisusarjoissa.<\/p>\n\n\n\n<p><strong>Tieteelliset aikakausjulkaisut<\/strong> on toinen t\u00e4rke\u00e4 julkaisufoorumi. Alan aikakausjulkaisujen m\u00e4\u00e4r\u00e4 on kasvanut huimasti viimeisen runsaan kymmenen vuoden aikana. Tutkimustraditiossa rohkaistaan nyky\u00e4\u00e4n yh\u00e4 enemm\u00e4n siirtym\u00e4\u00e4n monografiajulkaisuista artikkelijulkaisemiseen ja yksin julkaisemisesta yhteisjulkaisuihin sek\u00e4 monitieteiseen tutkimukseen. Kasvatustieteiss\u00e4kin on siirrytty yh\u00e4 vahvemmin referee- eli vertaisarvioitujen artikkelien julkaisuun. Rinnalla on kuitenkin s\u00e4ilynyt monografiajulkaiseminen ja kokoomateokset, my\u00f6s suomen kielell\u00e4.<\/p>\n\n\n\n<p><strong>Kaikki julkaisut eiv\u00e4t ole tieteellisi\u00e4, ja kaikki julkaisut eiv\u00e4t ilmesty verkossa<\/strong>. Tavallisia julkaisukanavia akateemisen yhteis\u00f6n ulkopuolella ovat eri alojen ammattilehdet. Alan ammattilaisten lis\u00e4ksi ei-tieteellisen julkaisemisen kohdeyleis\u00f6in\u00e4 voidaan pit\u00e4\u00e4 poliittisia p\u00e4\u00e4t\u00f6ksentekij\u00f6it\u00e4, rahoittajia, kaupallisten yritysten edustajia tai tavallisia kansalaisia.<\/p>\n\n\n\n<p>Erilaisten julkaisutyyppien <strong>hakemista<\/strong> k\u00e4sitell\u00e4\u00e4n luvussa <a href=\"https:\/\/sites.uef.fi\/tiedonhaku-kasvatus\/tiedonlahteet-ja-tietokannat\/\">Tiedonl\u00e4hteet ja tietokannat.<\/a><\/p>\n\n\n\n<p>Lis\u00e4tietoa saat julkaisusta <a href=\"http:\/\/urn.fi\/URN:ISBN:978-952-485-566-2\" target=\"_blank\" rel=\"noopener noreferrer\">Julkaisuk\u00e4yt\u00e4nn\u00f6t eri tieteenaloilla \/ Hanna-Mari Puuska ja Marita Miettinen. [Helsinki] : Opetusministeri\u00f6, 2008. Opetusministeri\u00f6n julkaisuja, 2008:33) http:\/\/urn.fi <\/a>(Linkki auvautuu uuteen v\u00e4lilehteen).<\/p>\n\n\n\n<div class=\"links-block\">\n\n            <h3>Siirry seuraavaan osioon:<\/h3>\n    \n    <ul class=\"link-list\">\n        \n            \n            <li class=\"link-list-item\">\n                <a href=\"https:\/\/sites.uef.fi\/tiedonhaku-kasvatus\/tieteelliset-julkaisut\/kirjat-sarjat-ja-julkaisuraportit\/\" class=\"link-reset link hover-scale-down\">\n                    <svg\n        width=\"43\" height=\"25\"\n        viewBox=\"0 0 43 25\"\n        xmlns=\"http:\/\/www.w3.org\/2000\/svg\">\n    <path\n        d=\"M30.027 0 43 12.5 30.027 25 27 22.083 34.351 15H0v-5h34.351L27 2.917z\"\n        fill=\"currentColor\"\n        fill-rule=\"evenodd\"\/>\n<\/svg>                    <div>Kirjat, sarjat ja julkaisuraportit<\/div>\n                <\/a>\n                <div class=\"link-info\">\n                                    <\/div>\n            <\/li>\n\n                <\/ul>\n<\/div>","protected":false},"excerpt":{"rendered":"<p>\u2022 Julkaiseminen on julkisuuteen tulemista\u2022 Julkaisujen avulla akateeminen yhteis\u00f6 pystyy arvioimaan ja kritisoimaan tutkimusta\u2022 Julkaisemalla tutkijat meritoituvat (p\u00e4tev\u00f6ityv\u00e4t ja ansioituvat) Tiedon tie tutkimustuloksesta julkaisuihin saattaa kest\u00e4\u00e4 kymmenenkin vuotta. Eri tieteenaloilla julkaisemisen tavat ja kanavat vaihtelevat. Kuitenkin melkein joka tieteenalalla artikkelijulkaiseminen englanniksi kansainv\u00e4lisiss\u00e4 tieteellisiss\u00e4 aikakauslehdiss\u00e4 on entist\u00e4 t\u00e4rke\u00e4mp\u00e4\u00e4. Perinteisesti luonnon- ja l\u00e4\u00e4ketieteiss\u00e4 vallinnut julkaisemisen tapa on [&hellip;]<\/p>\n","protected":false},"author":171,"featured_media":0,"parent":94,"menu_order":0,"comment_status":"closed","ping_status":"closed","template":"","meta":{"_acf_changed":false,"_monsterinsights_skip_tracking":false,"_monsterinsights_sitenote_active":false,"_monsterinsights_sitenote_note":"","_monsterinsights_sitenote_category":0,"footnotes":""},"class_list":["post-168","page","type-page","status-publish","hentry"],"acf":[],"yoast_head":"<!-- This site is optimized with the Yoast SEO plugin v27.1.1 - https:\/\/yoast.com\/product\/yoast-seo-wordpress\/ -->\n<title>Tieteellinen julkaiseminen kasvatustieteiss\u00e4 - Kasvatustieteiden tiedonhaku \/\/ UEF-kirjasto<\/title>\n<meta name=\"robots\" content=\"index, follow, max-snippet:-1, max-image-preview:large, max-video-preview:-1\" \/>\n<link rel=\"canonical\" href=\"https:\/\/sites.uef.fi\/tiedonhaku-kasvatus\/tieteelliset-julkaisut\/tieteellinen-julkaiseminen-kasvatustieteissa\/\" \/>\n<meta property=\"og:locale\" content=\"fi_FI\" \/>\n<meta property=\"og:type\" content=\"article\" \/>\n<meta property=\"og:title\" content=\"Tieteellinen julkaiseminen kasvatustieteiss\u00e4 - Kasvatustieteiden tiedonhaku \/\/ UEF-kirjasto\" \/>\n<meta property=\"og:description\" content=\"\u2022 Julkaiseminen on julkisuuteen tulemista\u2022 Julkaisujen avulla akateeminen yhteis\u00f6 pystyy arvioimaan ja kritisoimaan tutkimusta\u2022 Julkaisemalla tutkijat meritoituvat (p\u00e4tev\u00f6ityv\u00e4t ja ansioituvat) Tiedon tie tutkimustuloksesta julkaisuihin saattaa kest\u00e4\u00e4 kymmenenkin vuotta. Eri tieteenaloilla julkaisemisen tavat ja kanavat vaihtelevat. Kuitenkin melkein joka tieteenalalla artikkelijulkaiseminen englanniksi kansainv\u00e4lisiss\u00e4 tieteellisiss\u00e4 aikakauslehdiss\u00e4 on entist\u00e4 t\u00e4rke\u00e4mp\u00e4\u00e4. Perinteisesti luonnon- ja l\u00e4\u00e4ketieteiss\u00e4 vallinnut julkaisemisen tapa on [&hellip;]\" \/>\n<meta property=\"og:url\" content=\"https:\/\/sites.uef.fi\/tiedonhaku-kasvatus\/tieteelliset-julkaisut\/tieteellinen-julkaiseminen-kasvatustieteissa\/\" \/>\n<meta property=\"og:site_name\" content=\"Kasvatustieteiden tiedonhaku \/\/ UEF-kirjasto\" \/>\n<meta property=\"article:modified_time\" content=\"2024-06-26T07:06:16+00:00\" \/>\n<meta property=\"og:image\" content=\"https:\/\/sites.uef.fi\/tiedonhaku-kasvatus\/wp-content\/uploads\/sites\/80\/2020\/07\/Tiedon_kierto-1024x735.png\" \/>\n<meta name=\"twitter:card\" content=\"summary_large_image\" \/>\n<meta name=\"twitter:label1\" content=\"Arvioitu lukuaika\" \/>\n\t<meta name=\"twitter:data1\" content=\"2 minuuttia\" \/>\n<script type=\"application\/ld+json\" class=\"yoast-schema-graph\">{\"@context\":\"https:\/\/schema.org\",\"@graph\":[{\"@type\":\"WebPage\",\"@id\":\"https:\/\/sites.uef.fi\/tiedonhaku-kasvatus\/tieteelliset-julkaisut\/tieteellinen-julkaiseminen-kasvatustieteissa\/\",\"url\":\"https:\/\/sites.uef.fi\/tiedonhaku-kasvatus\/tieteelliset-julkaisut\/tieteellinen-julkaiseminen-kasvatustieteissa\/\",\"name\":\"Tieteellinen julkaiseminen kasvatustieteiss\u00e4 - Kasvatustieteiden tiedonhaku \/\/ UEF-kirjasto\",\"isPartOf\":{\"@id\":\"https:\/\/sites.uef.fi\/tiedonhaku-kasvatus\/#website\"},\"primaryImageOfPage\":{\"@id\":\"https:\/\/sites.uef.fi\/tiedonhaku-kasvatus\/tieteelliset-julkaisut\/tieteellinen-julkaiseminen-kasvatustieteissa\/#primaryimage\"},\"image\":{\"@id\":\"https:\/\/sites.uef.fi\/tiedonhaku-kasvatus\/tieteelliset-julkaisut\/tieteellinen-julkaiseminen-kasvatustieteissa\/#primaryimage\"},\"thumbnailUrl\":\"https:\/\/sites.uef.fi\/tiedonhaku-kasvatus\/wp-content\/uploads\/sites\/80\/2020\/07\/Tiedon_kierto-1024x735.png\",\"datePublished\":\"2020-06-23T12:12:14+00:00\",\"dateModified\":\"2024-06-26T07:06:16+00:00\",\"breadcrumb\":{\"@id\":\"https:\/\/sites.uef.fi\/tiedonhaku-kasvatus\/tieteelliset-julkaisut\/tieteellinen-julkaiseminen-kasvatustieteissa\/#breadcrumb\"},\"inLanguage\":\"fi\",\"potentialAction\":[{\"@type\":\"ReadAction\",\"target\":[\"https:\/\/sites.uef.fi\/tiedonhaku-kasvatus\/tieteelliset-julkaisut\/tieteellinen-julkaiseminen-kasvatustieteissa\/\"]}]},{\"@type\":\"ImageObject\",\"inLanguage\":\"fi\",\"@id\":\"https:\/\/sites.uef.fi\/tiedonhaku-kasvatus\/tieteelliset-julkaisut\/tieteellinen-julkaiseminen-kasvatustieteissa\/#primaryimage\",\"url\":\"https:\/\/sites.uef.fi\/tiedonhaku-kasvatus\/wp-content\/uploads\/sites\/80\/2020\/07\/Tiedon_kierto.png\",\"contentUrl\":\"https:\/\/sites.uef.fi\/tiedonhaku-kasvatus\/wp-content\/uploads\/sites\/80\/2020\/07\/Tiedon_kierto.png\",\"width\":1033,\"height\":741,\"caption\":\"Subramanyamin malli \u201dThe evolution of scientific information\u201d\"},{\"@type\":\"BreadcrumbList\",\"@id\":\"https:\/\/sites.uef.fi\/tiedonhaku-kasvatus\/tieteelliset-julkaisut\/tieteellinen-julkaiseminen-kasvatustieteissa\/#breadcrumb\",\"itemListElement\":[{\"@type\":\"ListItem\",\"position\":1,\"name\":\"Home\",\"item\":\"https:\/\/sites.uef.fi\/tiedonhaku-kasvatus\/\"},{\"@type\":\"ListItem\",\"position\":2,\"name\":\"Tieteelliset julkaisut\",\"item\":\"https:\/\/sites.uef.fi\/tiedonhaku-kasvatus\/tieteelliset-julkaisut\/\"},{\"@type\":\"ListItem\",\"position\":3,\"name\":\"Tieteellinen julkaiseminen kasvatustieteiss\u00e4\"}]},{\"@type\":\"WebSite\",\"@id\":\"https:\/\/sites.uef.fi\/tiedonhaku-kasvatus\/#website\",\"url\":\"https:\/\/sites.uef.fi\/tiedonhaku-kasvatus\/\",\"name\":\"Kasvatustieteiden tiedonhaku \/\/ UEF-kirjasto\",\"description\":\"\",\"potentialAction\":[{\"@type\":\"SearchAction\",\"target\":{\"@type\":\"EntryPoint\",\"urlTemplate\":\"https:\/\/sites.uef.fi\/tiedonhaku-kasvatus\/?s={search_term_string}\"},\"query-input\":{\"@type\":\"PropertyValueSpecification\",\"valueRequired\":true,\"valueName\":\"search_term_string\"}}],\"inLanguage\":\"fi\"}]}<\/script>\n<!-- \/ Yoast SEO plugin. -->","yoast_head_json":{"title":"Tieteellinen julkaiseminen kasvatustieteiss\u00e4 - Kasvatustieteiden tiedonhaku \/\/ UEF-kirjasto","robots":{"index":"index","follow":"follow","max-snippet":"max-snippet:-1","max-image-preview":"max-image-preview:large","max-video-preview":"max-video-preview:-1"},"canonical":"https:\/\/sites.uef.fi\/tiedonhaku-kasvatus\/tieteelliset-julkaisut\/tieteellinen-julkaiseminen-kasvatustieteissa\/","og_locale":"fi_FI","og_type":"article","og_title":"Tieteellinen julkaiseminen kasvatustieteiss\u00e4 - Kasvatustieteiden tiedonhaku \/\/ UEF-kirjasto","og_description":"\u2022 Julkaiseminen on julkisuuteen tulemista\u2022 Julkaisujen avulla akateeminen yhteis\u00f6 pystyy arvioimaan ja kritisoimaan tutkimusta\u2022 Julkaisemalla tutkijat meritoituvat (p\u00e4tev\u00f6ityv\u00e4t ja ansioituvat) Tiedon tie tutkimustuloksesta julkaisuihin saattaa kest\u00e4\u00e4 kymmenenkin vuotta. Eri tieteenaloilla julkaisemisen tavat ja kanavat vaihtelevat. Kuitenkin melkein joka tieteenalalla artikkelijulkaiseminen englanniksi kansainv\u00e4lisiss\u00e4 tieteellisiss\u00e4 aikakauslehdiss\u00e4 on entist\u00e4 t\u00e4rke\u00e4mp\u00e4\u00e4. Perinteisesti luonnon- ja l\u00e4\u00e4ketieteiss\u00e4 vallinnut julkaisemisen tapa on [&hellip;]","og_url":"https:\/\/sites.uef.fi\/tiedonhaku-kasvatus\/tieteelliset-julkaisut\/tieteellinen-julkaiseminen-kasvatustieteissa\/","og_site_name":"Kasvatustieteiden tiedonhaku \/\/ UEF-kirjasto","article_modified_time":"2024-06-26T07:06:16+00:00","og_image":[{"url":"https:\/\/sites.uef.fi\/tiedonhaku-kasvatus\/wp-content\/uploads\/sites\/80\/2020\/07\/Tiedon_kierto-1024x735.png","type":"","width":"","height":""}],"twitter_card":"summary_large_image","twitter_misc":{"Arvioitu lukuaika":"2 minuuttia"},"schema":{"@context":"https:\/\/schema.org","@graph":[{"@type":"WebPage","@id":"https:\/\/sites.uef.fi\/tiedonhaku-kasvatus\/tieteelliset-julkaisut\/tieteellinen-julkaiseminen-kasvatustieteissa\/","url":"https:\/\/sites.uef.fi\/tiedonhaku-kasvatus\/tieteelliset-julkaisut\/tieteellinen-julkaiseminen-kasvatustieteissa\/","name":"Tieteellinen julkaiseminen kasvatustieteiss\u00e4 - Kasvatustieteiden tiedonhaku \/\/ UEF-kirjasto","isPartOf":{"@id":"https:\/\/sites.uef.fi\/tiedonhaku-kasvatus\/#website"},"primaryImageOfPage":{"@id":"https:\/\/sites.uef.fi\/tiedonhaku-kasvatus\/tieteelliset-julkaisut\/tieteellinen-julkaiseminen-kasvatustieteissa\/#primaryimage"},"image":{"@id":"https:\/\/sites.uef.fi\/tiedonhaku-kasvatus\/tieteelliset-julkaisut\/tieteellinen-julkaiseminen-kasvatustieteissa\/#primaryimage"},"thumbnailUrl":"https:\/\/sites.uef.fi\/tiedonhaku-kasvatus\/wp-content\/uploads\/sites\/80\/2020\/07\/Tiedon_kierto-1024x735.png","datePublished":"2020-06-23T12:12:14+00:00","dateModified":"2024-06-26T07:06:16+00:00","breadcrumb":{"@id":"https:\/\/sites.uef.fi\/tiedonhaku-kasvatus\/tieteelliset-julkaisut\/tieteellinen-julkaiseminen-kasvatustieteissa\/#breadcrumb"},"inLanguage":"fi","potentialAction":[{"@type":"ReadAction","target":["https:\/\/sites.uef.fi\/tiedonhaku-kasvatus\/tieteelliset-julkaisut\/tieteellinen-julkaiseminen-kasvatustieteissa\/"]}]},{"@type":"ImageObject","inLanguage":"fi","@id":"https:\/\/sites.uef.fi\/tiedonhaku-kasvatus\/tieteelliset-julkaisut\/tieteellinen-julkaiseminen-kasvatustieteissa\/#primaryimage","url":"https:\/\/sites.uef.fi\/tiedonhaku-kasvatus\/wp-content\/uploads\/sites\/80\/2020\/07\/Tiedon_kierto.png","contentUrl":"https:\/\/sites.uef.fi\/tiedonhaku-kasvatus\/wp-content\/uploads\/sites\/80\/2020\/07\/Tiedon_kierto.png","width":1033,"height":741,"caption":"Subramanyamin malli \u201dThe evolution of scientific information\u201d"},{"@type":"BreadcrumbList","@id":"https:\/\/sites.uef.fi\/tiedonhaku-kasvatus\/tieteelliset-julkaisut\/tieteellinen-julkaiseminen-kasvatustieteissa\/#breadcrumb","itemListElement":[{"@type":"ListItem","position":1,"name":"Home","item":"https:\/\/sites.uef.fi\/tiedonhaku-kasvatus\/"},{"@type":"ListItem","position":2,"name":"Tieteelliset julkaisut","item":"https:\/\/sites.uef.fi\/tiedonhaku-kasvatus\/tieteelliset-julkaisut\/"},{"@type":"ListItem","position":3,"name":"Tieteellinen julkaiseminen kasvatustieteiss\u00e4"}]},{"@type":"WebSite","@id":"https:\/\/sites.uef.fi\/tiedonhaku-kasvatus\/#website","url":"https:\/\/sites.uef.fi\/tiedonhaku-kasvatus\/","name":"Kasvatustieteiden tiedonhaku \/\/ UEF-kirjasto","description":"","potentialAction":[{"@type":"SearchAction","target":{"@type":"EntryPoint","urlTemplate":"https:\/\/sites.uef.fi\/tiedonhaku-kasvatus\/?s={search_term_string}"},"query-input":{"@type":"PropertyValueSpecification","valueRequired":true,"valueName":"search_term_string"}}],"inLanguage":"fi"}]}},"_links":{"self":[{"href":"https:\/\/sites.uef.fi\/tiedonhaku-kasvatus\/wp-json\/wp\/v2\/pages\/168","targetHints":{"allow":["GET"]}}],"collection":[{"href":"https:\/\/sites.uef.fi\/tiedonhaku-kasvatus\/wp-json\/wp\/v2\/pages"}],"about":[{"href":"https:\/\/sites.uef.fi\/tiedonhaku-kasvatus\/wp-json\/wp\/v2\/types\/page"}],"author":[{"embeddable":true,"href":"https:\/\/sites.uef.fi\/tiedonhaku-kasvatus\/wp-json\/wp\/v2\/users\/171"}],"replies":[{"embeddable":true,"href":"https:\/\/sites.uef.fi\/tiedonhaku-kasvatus\/wp-json\/wp\/v2\/comments?post=168"}],"version-history":[{"count":2,"href":"https:\/\/sites.uef.fi\/tiedonhaku-kasvatus\/wp-json\/wp\/v2\/pages\/168\/revisions"}],"predecessor-version":[{"id":4953,"href":"https:\/\/sites.uef.fi\/tiedonhaku-kasvatus\/wp-json\/wp\/v2\/pages\/168\/revisions\/4953"}],"up":[{"embeddable":true,"href":"https:\/\/sites.uef.fi\/tiedonhaku-kasvatus\/wp-json\/wp\/v2\/pages\/94"}],"wp:attachment":[{"href":"https:\/\/sites.uef.fi\/tiedonhaku-kasvatus\/wp-json\/wp\/v2\/media?parent=168"}],"curies":[{"name":"wp","href":"https:\/\/api.w.org\/{rel}","templated":true}]}}