{"id":17,"date":"2020-05-20T08:18:51","date_gmt":"2020-05-20T05:18:51","guid":{"rendered":"https:\/\/sites.uef.fi\/tiedonhaku-kasvatus\/?page_id=17"},"modified":"2025-08-11T13:43:54","modified_gmt":"2025-08-11T10:43:54","slug":"home","status":"publish","type":"page","link":"https:\/\/sites.uef.fi\/tiedonhaku-kasvatus\/","title":{"rendered":"Kasvatustieteiden tiedonhaku"},"content":{"rendered":"\n<p>T\u00e4ll\u00e4 sivustolla on It\u00e4-Suomen yliopiston kirjaston j\u00e4rjest\u00e4m\u00e4n kasvatustieteiden tiedonhaun opintojakson oppimateriaalit.<\/p>\n\n\n\n<p>Opit tuntemaan oman koulutusalasi tieteellisen julkaisuprosessin sek\u00e4 t\u00e4rkeimm\u00e4t kirja- ja lehtiartikkelitietokannat. Tutustut my\u00f6s muihin keskeisiin tieteellisen tiedon l\u00e4hteisiin ja avoimen tieteen mahdollisuuksiin.<\/p>\n\n\n\n<p>Saat aineksia suunnitelmallisen tiedonhaun prosessiin: kuinka analysoit ja muokkaat aiheesi hakusanoiksi ja hakulauseiksi, kuinka ja miss\u00e4 teet tiedonhakuja ja arvioit tuloksia.&nbsp; Opit k\u00e4ytt\u00e4m\u00e4\u00e4n tiedonl\u00e4hteit\u00e4 eettisesti ja juridisesti oikein. Kurssi antaa ev\u00e4it\u00e4 my\u00f6s ty\u00f6el\u00e4m\u00e4ss\u00e4 tarvittavaan tiedonhankintaan.<\/p>\n\n\n\n<h2 class=\"wp-block-heading\">Tiedonhaku ja tiedonhallinta ovat geneerisi\u00e4 taitoja<\/h2>\n\n\n\n<p>Tiedonhaku ja tiedonhallinta sek\u00e4 tiedon soveltaminen ovat osa geneerist\u00e4 osaamista. N\u00e4it\u00e4 osa-alueita p\u00e4\u00e4set kehitt\u00e4m\u00e4\u00e4n:<\/p>\n\n\n\n<ul class=\"wp-block-list\">\n<li>Akateemisen opiskelun taidot\u200b<\/li>\n\n\n\n<li>Ty\u00f6el\u00e4m\u00e4taidot&nbsp;\u200b<\/li>\n\n\n\n<li>Oman asiantuntijuuden kehitt\u00e4minen&nbsp;\u200b<\/li>\n\n\n\n<li>Ongelmanratkaisutaidot&nbsp;\u200b<\/li>\n\n\n\n<li>Tiedon hakeminen&nbsp;\u200b<\/li>\n\n\n\n<li>Tietol\u00e4hteiden arviointi\u200b<\/li>\n\n\n\n<li>Kriittinen lukutaito ja arviointi, kriittinen ajattelu&nbsp;<\/li>\n<\/ul>\n\n\n\n<p>Oppimateriaali on avointa. Osa linkitetyist\u00e4 tietoaineistoista on vain yliopistoyhteis\u00f6n j\u00e4senten k\u00e4ytett\u00e4viss\u00e4 UEF-tunnuksilla kirjaston hakupalvelun <a href=\"https:\/\/primo.uef.fi\/\">UEF-Primon<\/a> kautta.<\/p>\n\n\n\n<p>Kasvatustieteiden tiedonhaku 8020110 (1 op): kurssiin liittyv\u00e4t teht\u00e4v\u00e4t ja ohjeet ovat <a href=\"https:\/\/elearn.uef.fi\/course\/view.php?id=11803\" target=\"_blank\" rel=\"noreferrer noopener\">UEF:n eLearn Moodlessa<\/a> (linkki avautuu uuteen v\u00e4lilehteen). Avaimen saat opettajalta kurssin alkaessa.<\/p>\n\n\n\n<figure class=\"wp-block-image\"><a href=\"http:\/\/creativecommons.org\/licenses\/by-sa\/4.0\/\"><img decoding=\"async\" src=\"https:\/\/i.creativecommons.org\/l\/by-sa\/4.0\/88x31.png\" alt=\"Creative Commons -lisenssi\" \/><\/a><\/figure>\n\n\n\n<p>T\u00e4m\u00e4 teos on lisensoitu <a href=\"http:\/\/creativecommons.org\/licenses\/by-sa\/4.0\/\">Creative Commons Nime\u00e4-JaaSamoin 4.0 Kansainv\u00e4linen -lisenssill\u00e4<\/a>.\n\n<\/p>\n\n\n\n<p>Kurssin tekij\u00e4: Marja Aho, tietoasiantuntija, It\u00e4-Suomen yliopiston kirjasto<br>Valokuvat: Marja Aho (jos ei muuta ole ilmoitettu)<br>Kiitokset: It\u00e4-Suomen yliopiston kirjaston opetus- ja tietopalvelut<\/p>\n\n\n\n<p>P\u00e4ivitetty viimeksi: 11.8.2025<\/p>\n","protected":false},"excerpt":{"rendered":"<p>T\u00e4ll\u00e4 sivustolla on It\u00e4-Suomen yliopiston kirjaston j\u00e4rjest\u00e4m\u00e4n kasvatustieteiden tiedonhaun opintojakson oppimateriaalit. Opit tuntemaan oman koulutusalasi tieteellisen julkaisuprosessin sek\u00e4 t\u00e4rkeimm\u00e4t kirja- ja lehtiartikkelitietokannat. Tutustut my\u00f6s muihin keskeisiin tieteellisen tiedon l\u00e4hteisiin ja avoimen tieteen mahdollisuuksiin. Saat aineksia suunnitelmallisen tiedonhaun prosessiin: kuinka analysoit ja muokkaat aiheesi hakusanoiksi ja hakulauseiksi, kuinka ja miss\u00e4 teet tiedonhakuja ja arvioit tuloksia.&nbsp; Opit [&hellip;]<\/p>\n","protected":false},"author":2,"featured_media":0,"parent":0,"menu_order":0,"comment_status":"closed","ping_status":"closed","template":"","meta":{"_acf_changed":false,"_monsterinsights_skip_tracking":false,"_monsterinsights_sitenote_active":false,"_monsterinsights_sitenote_note":"","_monsterinsights_sitenote_category":0,"footnotes":""},"class_list":["post-17","page","type-page","status-publish","hentry"],"acf":[],"yoast_head":"<!-- This site is optimized with the Yoast SEO plugin v27.1.1 - https:\/\/yoast.com\/product\/yoast-seo-wordpress\/ -->\n<title>Kasvatustieteiden tiedonhaku - Kasvatustieteiden tiedonhaku \/\/ UEF-kirjasto<\/title>\n<meta name=\"robots\" content=\"index, follow, max-snippet:-1, max-image-preview:large, max-video-preview:-1\" \/>\n<link rel=\"canonical\" href=\"https:\/\/sites.uef.fi\/tiedonhaku-kasvatus\/\" \/>\n<meta property=\"og:locale\" content=\"fi_FI\" \/>\n<meta property=\"og:type\" content=\"article\" \/>\n<meta property=\"og:title\" content=\"Kasvatustieteiden tiedonhaku - Kasvatustieteiden tiedonhaku \/\/ UEF-kirjasto\" \/>\n<meta property=\"og:description\" content=\"T\u00e4ll\u00e4 sivustolla on It\u00e4-Suomen yliopiston kirjaston j\u00e4rjest\u00e4m\u00e4n kasvatustieteiden tiedonhaun opintojakson oppimateriaalit. Opit tuntemaan oman koulutusalasi tieteellisen julkaisuprosessin sek\u00e4 t\u00e4rkeimm\u00e4t kirja- ja lehtiartikkelitietokannat. Tutustut my\u00f6s muihin keskeisiin tieteellisen tiedon l\u00e4hteisiin ja avoimen tieteen mahdollisuuksiin. Saat aineksia suunnitelmallisen tiedonhaun prosessiin: kuinka analysoit ja muokkaat aiheesi hakusanoiksi ja hakulauseiksi, kuinka ja miss\u00e4 teet tiedonhakuja ja arvioit tuloksia.&nbsp; Opit [&hellip;]\" \/>\n<meta property=\"og:url\" content=\"https:\/\/sites.uef.fi\/tiedonhaku-kasvatus\/\" \/>\n<meta property=\"og:site_name\" content=\"Kasvatustieteiden tiedonhaku \/\/ UEF-kirjasto\" \/>\n<meta property=\"article:modified_time\" content=\"2025-08-11T10:43:54+00:00\" \/>\n<meta property=\"og:image\" content=\"https:\/\/i.creativecommons.org\/l\/by-sa\/4.0\/88x31.png\" \/>\n<meta name=\"twitter:card\" content=\"summary_large_image\" \/>\n<meta name=\"twitter:label1\" content=\"Arvioitu lukuaika\" \/>\n\t<meta name=\"twitter:data1\" content=\"2 minuuttia\" \/>\n<script type=\"application\/ld+json\" class=\"yoast-schema-graph\">{\"@context\":\"https:\/\/schema.org\",\"@graph\":[{\"@type\":\"WebPage\",\"@id\":\"https:\/\/sites.uef.fi\/tiedonhaku-kasvatus\/\",\"url\":\"https:\/\/sites.uef.fi\/tiedonhaku-kasvatus\/\",\"name\":\"Kasvatustieteiden tiedonhaku - Kasvatustieteiden tiedonhaku \/\/ UEF-kirjasto\",\"isPartOf\":{\"@id\":\"https:\/\/sites.uef.fi\/tiedonhaku-kasvatus\/#website\"},\"primaryImageOfPage\":{\"@id\":\"https:\/\/sites.uef.fi\/tiedonhaku-kasvatus\/#primaryimage\"},\"image\":{\"@id\":\"https:\/\/sites.uef.fi\/tiedonhaku-kasvatus\/#primaryimage\"},\"thumbnailUrl\":\"https:\/\/i.creativecommons.org\/l\/by-sa\/4.0\/88x31.png\",\"datePublished\":\"2020-05-20T05:18:51+00:00\",\"dateModified\":\"2025-08-11T10:43:54+00:00\",\"breadcrumb\":{\"@id\":\"https:\/\/sites.uef.fi\/tiedonhaku-kasvatus\/#breadcrumb\"},\"inLanguage\":\"fi\",\"potentialAction\":[{\"@type\":\"ReadAction\",\"target\":[\"https:\/\/sites.uef.fi\/tiedonhaku-kasvatus\/\"]}]},{\"@type\":\"ImageObject\",\"inLanguage\":\"fi\",\"@id\":\"https:\/\/sites.uef.fi\/tiedonhaku-kasvatus\/#primaryimage\",\"url\":\"https:\/\/i.creativecommons.org\/l\/by-sa\/4.0\/88x31.png\",\"contentUrl\":\"https:\/\/i.creativecommons.org\/l\/by-sa\/4.0\/88x31.png\"},{\"@type\":\"BreadcrumbList\",\"@id\":\"https:\/\/sites.uef.fi\/tiedonhaku-kasvatus\/#breadcrumb\",\"itemListElement\":[{\"@type\":\"ListItem\",\"position\":1,\"name\":\"Home\",\"item\":\"https:\/\/sites.uef.fi\/tiedonhaku-kasvatus\/\"},{\"@type\":\"ListItem\",\"position\":2,\"name\":\"Kasvatustieteiden tiedonhaku\"}]},{\"@type\":\"WebSite\",\"@id\":\"https:\/\/sites.uef.fi\/tiedonhaku-kasvatus\/#website\",\"url\":\"https:\/\/sites.uef.fi\/tiedonhaku-kasvatus\/\",\"name\":\"Kasvatustieteiden tiedonhaku \/\/ UEF-kirjasto\",\"description\":\"\",\"potentialAction\":[{\"@type\":\"SearchAction\",\"target\":{\"@type\":\"EntryPoint\",\"urlTemplate\":\"https:\/\/sites.uef.fi\/tiedonhaku-kasvatus\/?s={search_term_string}\"},\"query-input\":{\"@type\":\"PropertyValueSpecification\",\"valueRequired\":true,\"valueName\":\"search_term_string\"}}],\"inLanguage\":\"fi\"}]}<\/script>\n<!-- \/ Yoast SEO plugin. -->","yoast_head_json":{"title":"Kasvatustieteiden tiedonhaku - Kasvatustieteiden tiedonhaku \/\/ UEF-kirjasto","robots":{"index":"index","follow":"follow","max-snippet":"max-snippet:-1","max-image-preview":"max-image-preview:large","max-video-preview":"max-video-preview:-1"},"canonical":"https:\/\/sites.uef.fi\/tiedonhaku-kasvatus\/","og_locale":"fi_FI","og_type":"article","og_title":"Kasvatustieteiden tiedonhaku - Kasvatustieteiden tiedonhaku \/\/ UEF-kirjasto","og_description":"T\u00e4ll\u00e4 sivustolla on It\u00e4-Suomen yliopiston kirjaston j\u00e4rjest\u00e4m\u00e4n kasvatustieteiden tiedonhaun opintojakson oppimateriaalit. Opit tuntemaan oman koulutusalasi tieteellisen julkaisuprosessin sek\u00e4 t\u00e4rkeimm\u00e4t kirja- ja lehtiartikkelitietokannat. Tutustut my\u00f6s muihin keskeisiin tieteellisen tiedon l\u00e4hteisiin ja avoimen tieteen mahdollisuuksiin. Saat aineksia suunnitelmallisen tiedonhaun prosessiin: kuinka analysoit ja muokkaat aiheesi hakusanoiksi ja hakulauseiksi, kuinka ja miss\u00e4 teet tiedonhakuja ja arvioit tuloksia.&nbsp; Opit [&hellip;]","og_url":"https:\/\/sites.uef.fi\/tiedonhaku-kasvatus\/","og_site_name":"Kasvatustieteiden tiedonhaku \/\/ UEF-kirjasto","article_modified_time":"2025-08-11T10:43:54+00:00","og_image":[{"url":"https:\/\/i.creativecommons.org\/l\/by-sa\/4.0\/88x31.png","type":"","width":"","height":""}],"twitter_card":"summary_large_image","twitter_misc":{"Arvioitu lukuaika":"2 minuuttia"},"schema":{"@context":"https:\/\/schema.org","@graph":[{"@type":"WebPage","@id":"https:\/\/sites.uef.fi\/tiedonhaku-kasvatus\/","url":"https:\/\/sites.uef.fi\/tiedonhaku-kasvatus\/","name":"Kasvatustieteiden tiedonhaku - Kasvatustieteiden tiedonhaku \/\/ UEF-kirjasto","isPartOf":{"@id":"https:\/\/sites.uef.fi\/tiedonhaku-kasvatus\/#website"},"primaryImageOfPage":{"@id":"https:\/\/sites.uef.fi\/tiedonhaku-kasvatus\/#primaryimage"},"image":{"@id":"https:\/\/sites.uef.fi\/tiedonhaku-kasvatus\/#primaryimage"},"thumbnailUrl":"https:\/\/i.creativecommons.org\/l\/by-sa\/4.0\/88x31.png","datePublished":"2020-05-20T05:18:51+00:00","dateModified":"2025-08-11T10:43:54+00:00","breadcrumb":{"@id":"https:\/\/sites.uef.fi\/tiedonhaku-kasvatus\/#breadcrumb"},"inLanguage":"fi","potentialAction":[{"@type":"ReadAction","target":["https:\/\/sites.uef.fi\/tiedonhaku-kasvatus\/"]}]},{"@type":"ImageObject","inLanguage":"fi","@id":"https:\/\/sites.uef.fi\/tiedonhaku-kasvatus\/#primaryimage","url":"https:\/\/i.creativecommons.org\/l\/by-sa\/4.0\/88x31.png","contentUrl":"https:\/\/i.creativecommons.org\/l\/by-sa\/4.0\/88x31.png"},{"@type":"BreadcrumbList","@id":"https:\/\/sites.uef.fi\/tiedonhaku-kasvatus\/#breadcrumb","itemListElement":[{"@type":"ListItem","position":1,"name":"Home","item":"https:\/\/sites.uef.fi\/tiedonhaku-kasvatus\/"},{"@type":"ListItem","position":2,"name":"Kasvatustieteiden tiedonhaku"}]},{"@type":"WebSite","@id":"https:\/\/sites.uef.fi\/tiedonhaku-kasvatus\/#website","url":"https:\/\/sites.uef.fi\/tiedonhaku-kasvatus\/","name":"Kasvatustieteiden tiedonhaku \/\/ UEF-kirjasto","description":"","potentialAction":[{"@type":"SearchAction","target":{"@type":"EntryPoint","urlTemplate":"https:\/\/sites.uef.fi\/tiedonhaku-kasvatus\/?s={search_term_string}"},"query-input":{"@type":"PropertyValueSpecification","valueRequired":true,"valueName":"search_term_string"}}],"inLanguage":"fi"}]}},"_links":{"self":[{"href":"https:\/\/sites.uef.fi\/tiedonhaku-kasvatus\/wp-json\/wp\/v2\/pages\/17","targetHints":{"allow":["GET"]}}],"collection":[{"href":"https:\/\/sites.uef.fi\/tiedonhaku-kasvatus\/wp-json\/wp\/v2\/pages"}],"about":[{"href":"https:\/\/sites.uef.fi\/tiedonhaku-kasvatus\/wp-json\/wp\/v2\/types\/page"}],"author":[{"embeddable":true,"href":"https:\/\/sites.uef.fi\/tiedonhaku-kasvatus\/wp-json\/wp\/v2\/users\/2"}],"replies":[{"embeddable":true,"href":"https:\/\/sites.uef.fi\/tiedonhaku-kasvatus\/wp-json\/wp\/v2\/comments?post=17"}],"version-history":[{"count":2,"href":"https:\/\/sites.uef.fi\/tiedonhaku-kasvatus\/wp-json\/wp\/v2\/pages\/17\/revisions"}],"predecessor-version":[{"id":5314,"href":"https:\/\/sites.uef.fi\/tiedonhaku-kasvatus\/wp-json\/wp\/v2\/pages\/17\/revisions\/5314"}],"wp:attachment":[{"href":"https:\/\/sites.uef.fi\/tiedonhaku-kasvatus\/wp-json\/wp\/v2\/media?parent=17"}],"curies":[{"name":"wp","href":"https:\/\/api.w.org\/{rel}","templated":true}]}}