{"id":201,"date":"2020-06-23T15:30:38","date_gmt":"2020-06-23T12:30:38","guid":{"rendered":"https:\/\/sites.uef.fi\/tiedonhaku-kasvatus\/?page_id=201"},"modified":"2025-07-09T12:30:25","modified_gmt":"2025-07-09T09:30:25","slug":"internetin-tiedonlahteet","status":"publish","type":"page","link":"https:\/\/sites.uef.fi\/tiedonhaku-kasvatus\/internetin-tiedonlahteet\/","title":{"rendered":"Internetin tiedonl\u00e4hteet"},"content":{"rendered":"\n<p><strong>Hakukoneet<\/strong>, kuten Google, Yahoo tai Bing, ovat erinomaisia yksitt\u00e4isen faktatiedon hakemisessa. Katso osiosta <a href=\"https:\/\/sites.uef.fi\/tiedonhaku-kasvatus\/tiedonlahteet-ja-tietokannat\/google-ja-google-scholar\/\">Google ja Google Scholar<\/a>, miten&nbsp; voit parantaa hakutulosta hakukoneilla.<\/p>\n\n\n\n<p><strong>Aihehakemistojen ja portaalien sivustoilta<\/strong> l\u00f6ytyy valikoituja ja usein my\u00f6s sis\u00e4ll\u00f6lt\u00e4\u00e4n analysoituja ja arvioituja aineistoja. Niiden kautta p\u00e4\u00e4see <strong>luotettavien<\/strong> tiedontuottajien sivuille.<\/p>\n\n\n\n<p><strong>Tutkimusrekistereihin<\/strong> on koottuna tieteenalojen tutkimus- ja kehitt\u00e4misty\u00f6t\u00e4. It\u00e4-Suomen yliopiston tutkimustietokanta on <a href=\"https:\/\/uef.cris.fi\/fi\" target=\"_blank\" rel=\"noreferrer noopener\">UEF-SoleCRIS<\/a> (linkki avautuu uuteen v\u00e4lilehteen) (Current Research Information System).<\/p>\n\n\n\n<p><a href=\"http:\/\/tiedejatutkimus.fi\" target=\"_blank\" rel=\"noopener noreferrer\">Tiedejatutkimus.fi<\/a> (linkki avautuu uuteen v\u00e4lilehteen) on opetus- ja kulttuuriministeri\u00f6n (OKM) tarjoama palvelu, joka kokoaa ja jakaa tietoa Suomessa teht\u00e4v\u00e4st\u00e4 tutkimuksesta, tutkimusj\u00e4rjestelm\u00e4st\u00e4, julkaisuista ja tutkimushankkeista. Palvelu tarjoaa tilastotietoa tutkijoista, rahoituksesta ja julkaisujen tieteellisen vaikuttavuuden kehityksest\u00e4. Palvelu on otettu k\u00e4ytt\u00f6\u00f6n kes\u00e4kuussa 2020,&nbsp; ja sit\u00e4 kehitet\u00e4\u00e4n vaiheittain.<\/p>\n\n\n\n<p>Tiedejatutkimus.fi kattaa yliopistojen ja yliopistollisten sairaaloiden julkaisut vuodesta 2011 ja ammattikorkeakoulujen julkaisut vuodesta 2012. Jonkin verran julkaisuja on saatavilla takautuvasti. Julkaisutietoja on saatavilla rajoitetusti on my\u00f6s tutkimuslaitoksista.<\/p>\n\n\n\n<p>Julkaisutietoja koskevia tilastollisia analyysej\u00e4 on mahdollista tehd\u00e4 <a href=\"https:\/\/vipunen.fi\/fi-fi\" target=\"_blank\" rel=\"noopener noreferrer\">Vipunen-raportointiportaalissa<\/a> (linkki avautuu uuteen v\u00e4lilehteen), joka sis\u00e4lt\u00e4\u00e4 julkaisutietojen ohella muutakin yliopistojen ja ammattikorkeakoulujen toimintaan liittyv\u00e4\u00e4 dataa.<\/p>\n\n\n\n<p><strong>J\u00e4rjest\u00f6jen, organisaatioiden<\/strong> ym. toimijoiden sivustot voivat olla hyv\u00e4 tiedonl\u00e4hde. Niist\u00e4 l\u00f6ytyy my\u00f6s organisaatioiden omia e- julkaisuja tai tietoja niist\u00e4.<\/p>\n\n\n\n<h2 class=\"wp-block-heading\">Esimerkkej\u00e4 aihehakemistoista ja sivustoista (linkit avautuvat uuteen v\u00e4lilehteen):<\/h2>\n\n\n\n<ul class=\"wp-block-list\">\n<li><a href=\"http:\/\/www.makupalat.fi\/\" target=\"_blank\" rel=\"noopener noreferrer\">Makupalat<\/a> &#8211; Yleisten kirjastojen yll\u00e4pit\u00e4m\u00e4 monialainen aihehakemisto, josta l\u00f6ytyy runsaasti my\u00f6s kasvatustieteen ja opetuksen tiedonl\u00e4hteit\u00e4. Painotus on arkitiedossa, ei tieteellisess\u00e4. Aihealueet menev\u00e4t yleisten kirjastojen hyllyluokituksen mukaan: mm. Ty\u00f6 ja koulu, Taiteet, Musiikki, Vapaa-aika (-&gt; k\u00e4sity\u00f6 ym. ), Koti (ruokakulttuuri, kuluttaja-asiat), Oppimateriaalit, jne.<\/li>\n\n\n\n<li><a href=\"https:\/\/www.oph.fi\/fi\" target=\"_blank\" rel=\"noopener\">Opetushallitus&nbsp;<\/a> &#8211; sis\u00e4lt\u00e4\u00e4 my\u00f6s opetushallituksen julkaisuja, tilastoja ja oppimateriaaleja<\/li>\n\n\n\n<li><a href=\"https:\/\/eperusteet.opintopolku.fi\/#\/fi\/\" target=\"_blank\" rel=\"noreferrer noopener\">ePerusteet-palvelusta<\/a> l\u00f6ytyv\u00e4t kaikki valtakunnalliset opetussuunnitelmien, tutkintojen ja koulutusten perusteet<\/li>\n<\/ul>\n\n\n\n<ul class=\"wp-block-list\">\n<li><a href=\"http:\/\/www.kasvatus.net\/\" target=\"_blank\" rel=\"noopener noreferrer\">Suomen kasvatustieteellinen seura<\/a><\/li>\n\n\n\n<li>Euroopan komissio: <a href=\"https:\/\/education.ec.europa.eu\/\" target=\"_blank\" rel=\"noopener\">European Education Area EEA.<\/a> Kieli on vaihdettavissa suomeksi.<br>Euroopan komission kautta mm. \n<ul class=\"wp-block-list\">\n<li>&nbsp;<a href=\"https:\/\/op.europa.eu\/en\/browse-by-subject?p_p_id=eu_europa_publications_portlet_subject_filter_SubjectFilterPortlet_INSTANCE_it9t7q31ik5d&amp;p_p_lifecycle=1&amp;p_p_state=normal&amp;p_p_mode=view&amp;p_p_col_id=maintop&amp;p_p_col_count=1&amp;_eu_europa_publications_portlet_subject_filter_SubjectFilterPortlet_INSTANCE_it9t7q31ik5d_javax.portlet.action=subject&amp;userLocale=en&amp;elementType=1&amp;SEARCH_TYPE=BROWSE_BY_SUBJECT&amp;selectedSubjectId=3206&amp;facet.eurovoc.domain=32&amp;facet.eurovoc.subdomain=3206\" target=\"_blank\" rel=\"noopener\">EU:n julkaisuja kasvatuksen alalla<\/a><\/li>\n\n\n\n<li>Erasmus+<a href=\"https:\/\/www.schooleducationgateway.eu\/en\/pub\/resources.htm\"> <\/a><a href=\"https:\/\/www.erasmustrainingcourses.com\/school-education-gateway.html\" target=\"_blank\" rel=\"noreferrer noopener\">School Education Gateway &#8211; Resources<\/a><\/li>\n<\/ul>\n<\/li>\n<\/ul>\n\n\n\n<div class=\"links-block\">\n\n            <h3>Siirry seuraavaan osioon<\/h3>\n    \n    <ul class=\"link-list\">\n        \n            \n            <li class=\"link-list-item\">\n                <a href=\"https:\/\/sites.uef.fi\/tiedonhaku-kasvatus\/mista-tiedan-onko-julkaisu-tieteellinen\/\" class=\"link-reset link hover-scale-down\">\n                    <svg\n        width=\"43\" height=\"25\"\n        viewBox=\"0 0 43 25\"\n        xmlns=\"http:\/\/www.w3.org\/2000\/svg\">\n    <path\n        d=\"M30.027 0 43 12.5 30.027 25 27 22.083 34.351 15H0v-5h34.351L27 2.917z\"\n        fill=\"currentColor\"\n        fill-rule=\"evenodd\"\/>\n<\/svg>                    <div>Vertaisarviointi &#8211; Mist\u00e4 tied\u00e4n, onko julkaisu tieteellinen?<\/div>\n                <\/a>\n                <div class=\"link-info\">\n                                    <\/div>\n            <\/li>\n\n                <\/ul>\n<\/div>","protected":false},"excerpt":{"rendered":"<p>Hakukoneet, kuten Google, Yahoo tai Bing, ovat erinomaisia yksitt\u00e4isen faktatiedon hakemisessa. Katso osiosta Google ja Google Scholar, miten&nbsp; voit parantaa hakutulosta hakukoneilla. Aihehakemistojen ja portaalien sivustoilta l\u00f6ytyy valikoituja ja usein my\u00f6s sis\u00e4ll\u00f6lt\u00e4\u00e4n analysoituja ja arvioituja aineistoja. Niiden kautta p\u00e4\u00e4see luotettavien tiedontuottajien sivuille. Tutkimusrekistereihin on koottuna tieteenalojen tutkimus- ja kehitt\u00e4misty\u00f6t\u00e4. It\u00e4-Suomen yliopiston tutkimustietokanta on UEF-SoleCRIS (linkki [&hellip;]<\/p>\n","protected":false},"author":171,"featured_media":0,"parent":0,"menu_order":0,"comment_status":"closed","ping_status":"closed","template":"","meta":{"_acf_changed":false,"_monsterinsights_skip_tracking":false,"_monsterinsights_sitenote_active":false,"_monsterinsights_sitenote_note":"","_monsterinsights_sitenote_category":0,"footnotes":""},"class_list":["post-201","page","type-page","status-publish","hentry"],"acf":[],"yoast_head":"<!-- This site is optimized with the Yoast SEO plugin v27.1.1 - https:\/\/yoast.com\/product\/yoast-seo-wordpress\/ -->\n<title>Internetin tiedonl\u00e4hteet - Kasvatustieteiden tiedonhaku \/\/ UEF-kirjasto<\/title>\n<meta name=\"robots\" content=\"index, follow, max-snippet:-1, max-image-preview:large, max-video-preview:-1\" \/>\n<link rel=\"canonical\" href=\"https:\/\/sites.uef.fi\/tiedonhaku-kasvatus\/internetin-tiedonlahteet\/\" \/>\n<meta property=\"og:locale\" content=\"fi_FI\" \/>\n<meta property=\"og:type\" content=\"article\" \/>\n<meta property=\"og:title\" content=\"Internetin tiedonl\u00e4hteet - Kasvatustieteiden tiedonhaku \/\/ UEF-kirjasto\" \/>\n<meta property=\"og:description\" content=\"Hakukoneet, kuten Google, Yahoo tai Bing, ovat erinomaisia yksitt\u00e4isen faktatiedon hakemisessa. Katso osiosta Google ja Google Scholar, miten&nbsp; voit parantaa hakutulosta hakukoneilla. Aihehakemistojen ja portaalien sivustoilta l\u00f6ytyy valikoituja ja usein my\u00f6s sis\u00e4ll\u00f6lt\u00e4\u00e4n analysoituja ja arvioituja aineistoja. Niiden kautta p\u00e4\u00e4see luotettavien tiedontuottajien sivuille. Tutkimusrekistereihin on koottuna tieteenalojen tutkimus- ja kehitt\u00e4misty\u00f6t\u00e4. It\u00e4-Suomen yliopiston tutkimustietokanta on UEF-SoleCRIS (linkki [&hellip;]\" \/>\n<meta property=\"og:url\" content=\"https:\/\/sites.uef.fi\/tiedonhaku-kasvatus\/internetin-tiedonlahteet\/\" \/>\n<meta property=\"og:site_name\" content=\"Kasvatustieteiden tiedonhaku \/\/ UEF-kirjasto\" \/>\n<meta property=\"article:modified_time\" content=\"2025-07-09T09:30:25+00:00\" \/>\n<meta name=\"twitter:card\" content=\"summary_large_image\" \/>\n<meta name=\"twitter:label1\" content=\"Arvioitu lukuaika\" \/>\n\t<meta name=\"twitter:data1\" content=\"2 minuuttia\" \/>\n<script type=\"application\/ld+json\" class=\"yoast-schema-graph\">{\"@context\":\"https:\/\/schema.org\",\"@graph\":[{\"@type\":\"WebPage\",\"@id\":\"https:\/\/sites.uef.fi\/tiedonhaku-kasvatus\/internetin-tiedonlahteet\/\",\"url\":\"https:\/\/sites.uef.fi\/tiedonhaku-kasvatus\/internetin-tiedonlahteet\/\",\"name\":\"Internetin tiedonl\u00e4hteet - Kasvatustieteiden tiedonhaku \/\/ UEF-kirjasto\",\"isPartOf\":{\"@id\":\"https:\/\/sites.uef.fi\/tiedonhaku-kasvatus\/#website\"},\"datePublished\":\"2020-06-23T12:30:38+00:00\",\"dateModified\":\"2025-07-09T09:30:25+00:00\",\"breadcrumb\":{\"@id\":\"https:\/\/sites.uef.fi\/tiedonhaku-kasvatus\/internetin-tiedonlahteet\/#breadcrumb\"},\"inLanguage\":\"fi\",\"potentialAction\":[{\"@type\":\"ReadAction\",\"target\":[\"https:\/\/sites.uef.fi\/tiedonhaku-kasvatus\/internetin-tiedonlahteet\/\"]}]},{\"@type\":\"BreadcrumbList\",\"@id\":\"https:\/\/sites.uef.fi\/tiedonhaku-kasvatus\/internetin-tiedonlahteet\/#breadcrumb\",\"itemListElement\":[{\"@type\":\"ListItem\",\"position\":1,\"name\":\"Home\",\"item\":\"https:\/\/sites.uef.fi\/tiedonhaku-kasvatus\/\"},{\"@type\":\"ListItem\",\"position\":2,\"name\":\"Internetin tiedonl\u00e4hteet\"}]},{\"@type\":\"WebSite\",\"@id\":\"https:\/\/sites.uef.fi\/tiedonhaku-kasvatus\/#website\",\"url\":\"https:\/\/sites.uef.fi\/tiedonhaku-kasvatus\/\",\"name\":\"Kasvatustieteiden tiedonhaku \/\/ UEF-kirjasto\",\"description\":\"\",\"potentialAction\":[{\"@type\":\"SearchAction\",\"target\":{\"@type\":\"EntryPoint\",\"urlTemplate\":\"https:\/\/sites.uef.fi\/tiedonhaku-kasvatus\/?s={search_term_string}\"},\"query-input\":{\"@type\":\"PropertyValueSpecification\",\"valueRequired\":true,\"valueName\":\"search_term_string\"}}],\"inLanguage\":\"fi\"}]}<\/script>\n<!-- \/ Yoast SEO plugin. -->","yoast_head_json":{"title":"Internetin tiedonl\u00e4hteet - Kasvatustieteiden tiedonhaku \/\/ UEF-kirjasto","robots":{"index":"index","follow":"follow","max-snippet":"max-snippet:-1","max-image-preview":"max-image-preview:large","max-video-preview":"max-video-preview:-1"},"canonical":"https:\/\/sites.uef.fi\/tiedonhaku-kasvatus\/internetin-tiedonlahteet\/","og_locale":"fi_FI","og_type":"article","og_title":"Internetin tiedonl\u00e4hteet - Kasvatustieteiden tiedonhaku \/\/ UEF-kirjasto","og_description":"Hakukoneet, kuten Google, Yahoo tai Bing, ovat erinomaisia yksitt\u00e4isen faktatiedon hakemisessa. Katso osiosta Google ja Google Scholar, miten&nbsp; voit parantaa hakutulosta hakukoneilla. Aihehakemistojen ja portaalien sivustoilta l\u00f6ytyy valikoituja ja usein my\u00f6s sis\u00e4ll\u00f6lt\u00e4\u00e4n analysoituja ja arvioituja aineistoja. Niiden kautta p\u00e4\u00e4see luotettavien tiedontuottajien sivuille. Tutkimusrekistereihin on koottuna tieteenalojen tutkimus- ja kehitt\u00e4misty\u00f6t\u00e4. It\u00e4-Suomen yliopiston tutkimustietokanta on UEF-SoleCRIS (linkki [&hellip;]","og_url":"https:\/\/sites.uef.fi\/tiedonhaku-kasvatus\/internetin-tiedonlahteet\/","og_site_name":"Kasvatustieteiden tiedonhaku \/\/ UEF-kirjasto","article_modified_time":"2025-07-09T09:30:25+00:00","twitter_card":"summary_large_image","twitter_misc":{"Arvioitu lukuaika":"2 minuuttia"},"schema":{"@context":"https:\/\/schema.org","@graph":[{"@type":"WebPage","@id":"https:\/\/sites.uef.fi\/tiedonhaku-kasvatus\/internetin-tiedonlahteet\/","url":"https:\/\/sites.uef.fi\/tiedonhaku-kasvatus\/internetin-tiedonlahteet\/","name":"Internetin tiedonl\u00e4hteet - Kasvatustieteiden tiedonhaku \/\/ UEF-kirjasto","isPartOf":{"@id":"https:\/\/sites.uef.fi\/tiedonhaku-kasvatus\/#website"},"datePublished":"2020-06-23T12:30:38+00:00","dateModified":"2025-07-09T09:30:25+00:00","breadcrumb":{"@id":"https:\/\/sites.uef.fi\/tiedonhaku-kasvatus\/internetin-tiedonlahteet\/#breadcrumb"},"inLanguage":"fi","potentialAction":[{"@type":"ReadAction","target":["https:\/\/sites.uef.fi\/tiedonhaku-kasvatus\/internetin-tiedonlahteet\/"]}]},{"@type":"BreadcrumbList","@id":"https:\/\/sites.uef.fi\/tiedonhaku-kasvatus\/internetin-tiedonlahteet\/#breadcrumb","itemListElement":[{"@type":"ListItem","position":1,"name":"Home","item":"https:\/\/sites.uef.fi\/tiedonhaku-kasvatus\/"},{"@type":"ListItem","position":2,"name":"Internetin tiedonl\u00e4hteet"}]},{"@type":"WebSite","@id":"https:\/\/sites.uef.fi\/tiedonhaku-kasvatus\/#website","url":"https:\/\/sites.uef.fi\/tiedonhaku-kasvatus\/","name":"Kasvatustieteiden tiedonhaku \/\/ UEF-kirjasto","description":"","potentialAction":[{"@type":"SearchAction","target":{"@type":"EntryPoint","urlTemplate":"https:\/\/sites.uef.fi\/tiedonhaku-kasvatus\/?s={search_term_string}"},"query-input":{"@type":"PropertyValueSpecification","valueRequired":true,"valueName":"search_term_string"}}],"inLanguage":"fi"}]}},"_links":{"self":[{"href":"https:\/\/sites.uef.fi\/tiedonhaku-kasvatus\/wp-json\/wp\/v2\/pages\/201","targetHints":{"allow":["GET"]}}],"collection":[{"href":"https:\/\/sites.uef.fi\/tiedonhaku-kasvatus\/wp-json\/wp\/v2\/pages"}],"about":[{"href":"https:\/\/sites.uef.fi\/tiedonhaku-kasvatus\/wp-json\/wp\/v2\/types\/page"}],"author":[{"embeddable":true,"href":"https:\/\/sites.uef.fi\/tiedonhaku-kasvatus\/wp-json\/wp\/v2\/users\/171"}],"replies":[{"embeddable":true,"href":"https:\/\/sites.uef.fi\/tiedonhaku-kasvatus\/wp-json\/wp\/v2\/comments?post=201"}],"version-history":[{"count":1,"href":"https:\/\/sites.uef.fi\/tiedonhaku-kasvatus\/wp-json\/wp\/v2\/pages\/201\/revisions"}],"predecessor-version":[{"id":5288,"href":"https:\/\/sites.uef.fi\/tiedonhaku-kasvatus\/wp-json\/wp\/v2\/pages\/201\/revisions\/5288"}],"wp:attachment":[{"href":"https:\/\/sites.uef.fi\/tiedonhaku-kasvatus\/wp-json\/wp\/v2\/media?parent=201"}],"curies":[{"name":"wp","href":"https:\/\/api.w.org\/{rel}","templated":true}]}}