{"id":219,"date":"2020-06-23T15:32:06","date_gmt":"2020-06-23T12:32:06","guid":{"rendered":"https:\/\/sites.uef.fi\/tiedonhaku-kasvatus\/?page_id=219"},"modified":"2025-06-19T12:59:30","modified_gmt":"2025-06-19T09:59:30","slug":"avoin-tiede-ja-julkaiseminen","status":"publish","type":"page","link":"https:\/\/sites.uef.fi\/tiedonhaku-kasvatus\/avoin-tiede-ja-julkaiseminen\/","title":{"rendered":"Avoin tiede, avoin julkaiseminen ja tutkimus &#8211; Open Access ja Open Science"},"content":{"rendered":"\n<figure class=\"wp-block-image size-large is-resized\"><img loading=\"lazy\" decoding=\"async\" width=\"1024\" height=\"738\" src=\"https:\/\/sites.uef.fi\/tiedonhaku-kasvatus\/wp-content\/uploads\/sites\/80\/2021\/06\/Auringonvarjo3-1024x738.jpg\" alt=\"Valkoinen auringonvarjo, taustalla sininen taivas, j\u00e4rvi ja puita.\" class=\"wp-image-1937\" style=\"width:810px;height:583px\" srcset=\"https:\/\/sites.uef.fi\/tiedonhaku-kasvatus\/wp-content\/uploads\/sites\/80\/2021\/06\/Auringonvarjo3-1024x738.jpg 1024w, https:\/\/sites.uef.fi\/tiedonhaku-kasvatus\/wp-content\/uploads\/sites\/80\/2021\/06\/Auringonvarjo3-300x216.jpg 300w, https:\/\/sites.uef.fi\/tiedonhaku-kasvatus\/wp-content\/uploads\/sites\/80\/2021\/06\/Auringonvarjo3-768x554.jpg 768w, https:\/\/sites.uef.fi\/tiedonhaku-kasvatus\/wp-content\/uploads\/sites\/80\/2021\/06\/Auringonvarjo3-1536x1107.jpg 1536w, https:\/\/sites.uef.fi\/tiedonhaku-kasvatus\/wp-content\/uploads\/sites\/80\/2021\/06\/Auringonvarjo3-2048x1476.jpg 2048w\" sizes=\"auto, (max-width: 1024px) 100vw, 1024px\" \/><\/figure>\n\n\n\n<h2 class=\"wp-block-heading\"><strong>Mit\u00e4 on avoin tiede<\/strong><\/h2>\n\n\n\n<p>Avoin tiede ja tutkimus on noussut kansainv\u00e4lisesti merkitt\u00e4v\u00e4ksi tavaksi edist\u00e4\u00e4 tieteen n\u00e4kyvyytt\u00e4 ja vaikuttavuutta yhteiskunnassa. Tutkimuksen avoimuus tarkoittaa <strong>avoimien julkaisujen<\/strong> (open access, OA) lis\u00e4ksi <strong>tutkimusaineistojen ja -menetelmien avaamista<\/strong>. Uusimat tulokkaat ovat <strong>oppimisen<\/strong> ja <strong>oppimateriaalien<\/strong> avoimuus. Avoimen tieteen periaatteena on, ett\u00e4 tieteellisest\u00e4 tietoa ja kaikkia tutkimuksen tuotoksia tulisi jakaa mahdollisimman aikaisin ja laajasti. Menetelmien, aineistojen ja tulosten tulisi olla l\u00e4pin\u00e4kyvi\u00e4 ja mahdollisimman helposti l\u00f6ydett\u00e4viss\u00e4 ja hy\u00f6dynnett\u00e4viss\u00e4. Lains\u00e4\u00e4d\u00e4nt\u00f6 ja etiikka tai esimerkiksi patentointiaikeet rajoittavat joskus avoimuuden toteuttamista, mutta l\u00e4ht\u00f6kohtaisesti ajatuksen on, ett\u00e4 yhteiskunta, tiede ja tutkija itse hy\u00f6tyv\u00e4t avoimista toimintatavoista joko suoraan tai v\u00e4lillisesti.<br><\/p>\n\n\n\n<p>Avoin oppiminen periaatteena laajentaa oppimaan p\u00e4\u00e4sy\u00e4 ja osallistumista kaikille. Oppimisen saavutettavuus, esteett\u00f6myys, tarjonta ja oppijakeskeisyys lis\u00e4\u00e4ntyv\u00e4t. Avoimilla oppimateriaaleilla tarkoitetaan kaikenlaisia opetus-, oppi- ja tutkimusmateriaaleja, jotka on<\/p>\n\n\n\n<ul class=\"wp-block-list\">\n<li>vapautettu yleiseen k\u00e4ytt\u00f6\u00f6n (Public Domain) tai<\/li>\n\n\n\n<li>lisensoitu avoimella lisenssill\u00e4, joka antaa muille oikeuden p\u00e4\u00e4st\u00e4 materiaaliin k\u00e4siksi maksutta, k\u00e4ytt\u00e4\u00e4 ja soveltaa sit\u00e4 uusissa yhteyksiss\u00e4, muokata sit\u00e4 ja jakaa eteenp\u00e4in.<\/li>\n<\/ul>\n\n\n\n<p>Avoin tiede sis\u00e4lt\u00e4\u00e4 k\u00e4yt\u00e4nt\u00f6j\u00e4, kuten tutkimusjulkaisujen avoimen saatavuuden (open access) edist\u00e4minen, tutkimusaineistojen avoin julkaiseminen, avoimen l\u00e4hdekoodin ja avoimien standardien hy\u00f6dynt\u00e4minen, sek\u00e4 tutkimusprosessin julkinen dokumentointi esimerkiksi niin kutsutun avoimen muistikirjan menetelm\u00e4ll\u00e4.<\/p>\n\n\n\n<p>Avoin tiede<\/p>\n\n\n\n<ul class=\"wp-block-list\">\n<li>parantaa tutkimustulosten saavutettavuutta ja tutkimuksen l\u00e4pin\u00e4kyvyytt\u00e4<\/li>\n\n\n\n<li>vauhdittaa innovaatioita, yritystoimintaa ja yhteisty\u00f6t\u00e4<\/li>\n\n\n\n<li>s\u00e4\u00e4st\u00e4\u00e4 resursseja<\/li>\n\n\n\n<li>edist\u00e4\u00e4 tasa-arvoa<\/li>\n\n\n\n<li>mahdollistaa uusien tutkimuskysymysten nousun<\/li>\n\n\n\n<li>auttaa kehitt\u00e4m\u00e4\u00e4n kriittist\u00e4 ajattelua ja tieteenlukutaitoa yhteiskunnassa<\/li>\n<\/ul>\n\n\n\n<h2 class=\"wp-block-heading\"><strong>Open Access -julkaiseminen<\/strong><\/h2>\n\n\n\n<p>Tutkimusjulkaisujen (artikkelien, raporttien, monografioiden) open access -julkaisemisella tarkoitetaan yksinkertaisimmillaan julkaisun saattamista tietoverkkoon ja oikeutta lukea, kopioida, tulostaa ja linkitt\u00e4\u00e4 kokonaisia tieteellisi\u00e4 julkaisuja. Open access -julkaisemisella tarkoitetaan siis <strong>tieteellisen tiedon vapaata levityst\u00e4<\/strong>. Tieteellinen julkaisu on avoimesti saatavissa, kun se on sek\u00e4 tiedeyhteis\u00f6n ett\u00e4 suuren yleis\u00f6n luettavissa verkossa maksutta ja esteett\u00f6m\u00e4sti.<\/p>\n\n\n\n<p>Artikkeleita kannattaa esimerkiksi <strong>rinnakkaistallentaa<\/strong> julkaisuarkistoon, jotta ne ovat helposti saatavilla. Rinnakkaistallentamisen mahdollisuuksiin ja aikatauluun vaikuttavat kustantajien ehdot, mik\u00e4li julkaiset jossakin lehdess\u00e4 tai muuten teet sopimuksen kustantajan kanssa.\u00a0 Er\u00e4\u00e4t kustantajat tarjoavat avointa julkaisemista (ns. kultainen tie). T\u00e4ll\u00f6in t\u00e4h\u00e4n usein liittyy <a href=\"http:\/\/www.uef.fi\/web\/open-uef\/kirjoittajamaksut\" target=\"_blank\" rel=\"noreferrer noopener\">kirjoittajamaksu<\/a> (linkki avautuu uuteen v\u00e4lilehteen). Vapaa julkaiseminen tarjoaa vaihtoehdon my\u00f6s pohdittaessa julkisten varojen j\u00e4rkev\u00e4\u00e4 k\u00e4ytt\u00f6\u00e4: ostavatko kirjastot tutkijoiden ty\u00f6n tulokset takaisin heid\u00e4n k\u00e4ytt\u00f6\u00f6ns\u00e4 kaupallisilta kustantajilta vai panostetaanko sama resurssi tiedon vapaaseen jakeluun verkossa.<\/p>\n\n\n\n<p>Monet tutkimusrahoittajat (esim. Suomen Akatemia, Business Finland, Euroopan komissio) vaativat, ett\u00e4 julkaisu julkaistaan avoimesti. Ne suosittelevat usein noudattamaan&nbsp; laajemmin avoimen tieteen periaatteita, kuten avaamaan tutkimusaineistot.<\/p>\n\n\n\n<h2 class=\"wp-block-heading\"><strong>Open Access -periaatteita<\/strong><\/h2>\n\n\n\n<ul class=\"wp-block-list\">\n<li>OA-julkaisut ovat maksuttomasti Internetin v\u00e4lityksell\u00e4 kaikkien saatavilla<\/li>\n\n\n\n<li>OA-lehdiss\u00e4 julkaistessaan kirjoittajat s\u00e4ilytt\u00e4v\u00e4t tekij\u00e4noikeudet ty\u00f6h\u00f6ns\u00e4<\/li>\n\n\n\n<li>OA-lehdiss\u00e4 on nopea vertaisarviointi (peer review) ja julkaisuprosessi, joka korostaa tutkimuksen ja tiedon ajankohtaisuutta<\/li>\n\n\n\n<li>OA-lehtien laaja levikki lis\u00e4\u00e4 lukijakuntaa, kirjoittajan n\u00e4kyvyytt\u00e4 ja tunnettuutta sek\u00e4 artikkeleiden luettavuutta ja k\u00e4ytt\u00f6\u00e4<\/li>\n<\/ul>\n\n\n\n<p><strong>Kultainen tie<\/strong> &#8211; julkaistaan open access -lehdiss\u00e4, maksetaan kustantajille tarvittavat julkaisumaksut. Puhutaan APC-maksuista (article\/author processing charges).<\/p>\n\n\n\n<p><strong>Vihre\u00e4 tie<\/strong> &#8211; artikkelit julkaistaan tilausmaksullisissa julkaisuissa ja lis\u00e4ksi <strong>rinnakkaistallennetaan<\/strong> erilaisiin julkaisuarkistoihin, kuten esimerkiksi UEF:n eRepoon.<\/p>\n\n\n\n<p><strong>Hybridijulkaiseminen<\/strong> &#8211; artikkeli julkaistaan tilausmaksullisessa julkaisussa. Yksitt\u00e4inen artikkeli ostetaan avoimeksi. T\u00e4t\u00e4 ei pidet\u00e4 suositeltavana OA-julkaisemisena. Kustantaja rahastaa samasta artikkelista kahdesti (double dipping).<\/p>\n\n\n\n<ul class=\"wp-block-list\">\n<li><a href=\"https:\/\/primo.uef.fi\/permalink\/358FIN_UOEF\/mhajq\/alma9911699533705966\" target=\"_blank\" rel=\"noreferrer noopener\">DOAJ Directory of Open Access Journals<\/a> (linkki avautuu uuteen v\u00e4lilehteen) on monitieteinen ja -kielinen vapaasti verkosta saatavien lehtien tietokanta. Kasvatuksen elektronisia lehti\u00e4 palvelusta l\u00f6ytyy yli 1700 (katsottu 26.8.2022).<\/li>\n\n\n\n<li><a href=\"https:\/\/primo.uef.fi\/permalink\/358FIN_UOEF\/mhajq\/alma9911701003705966\" target=\"_blank\" rel=\"noreferrer noopener\">DOAB Directory of Open Access Books<\/a> (linkki avautuu uuteen v\u00e4lilehteen) on hakupalvelu, johon on ker\u00e4tty jo kymmeni\u00e4tuhansia <strong>vertaisarvioituja tieteellisi\u00e4 kirjoja<\/strong>, jotka on julkaistu vapaasti saataville.<\/li>\n<\/ul>\n\n\n\n<p>L\u00f6yd\u00e4t kirjaston <a href=\"https:\/\/www3.uef.fi\/fi\/web\/kirjasto\/oatiedonhaku\">Avoimen tiedon hakuoppaasta<\/a>&nbsp; OA-aineistoihin keskittyneit\u00e4 hakukoneita ja -palveluita. Ne pystyv\u00e4t hy\u00f6dynt\u00e4m\u00e4\u00e4n tehokkaasti my\u00f6s n\u00e4kym\u00e4tt\u00f6m\u00e4n verkon (deep web) aineistoja, joihin tavalliset hakukoneet, kuten Google, ei p\u00e4\u00e4se. Deep webin sis\u00e4lt\u00f6j\u00e4 ovat mm. lisensioimista ja\/tai rekister\u00f6itymist\u00e4 vaativat palvelut, esim. monet maksulliset tieteelliset tietokannat.<\/p>\n\n\n\n<p>Avoimen tieteen kehitt\u00e4mist\u00e4 kansallisesti koordinoi Tieteellisten seurain valtuuskunta.<\/p>\n\n\n\n<h2 class=\"wp-block-heading\">L\u00e4hteet ja lis\u00e4tietoa (linkit avautuvat uuteen v\u00e4lilehteen):<\/h2>\n\n\n    <div class=\"funders grid\">\n                        <a href=\"https:\/\/www.uef.fi\/fi\/avoin-tiede\" class=\"funders__link grid__item hover-scale-down\" title=\"Avoin tiede UEF:n sivuilla\">\n                            <div class=\"funders__image\">\n                    <img decoding=\"async\" src=\"https:\/\/sites.uef.fi\/tiedonhaku-kasvatus\/wp-content\/uploads\/sites\/80\/2020\/09\/Lemmikit2.jpg\" alt=\"Luhtalemmikkej\u00e4\" \/>\n                <\/div>\n                                    <p class=\"funders__description\">Avoin tiede UEF:n sivuilla<\/p>\n                                                    <div class=\"funders__arrow\">\n                    <svg xmlns=\"http:\/\/www.w3.org\/2000\/svg\" height=\"25px\" viewBox=\"0 -960 960 960\" width=\"24px\" ><path fill=\"currentColor\" d=\"M200-120q-33 0-56.5-23.5T120-200v-560q0-33 23.5-56.5T200-840h280v80H200v560h560v-280h80v280q0 33-23.5 56.5T760-120H200Zm188-212-56-56 372-372H560v-80h280v280h-80v-144L388-332Z\"\/><\/svg>                    <\/div>\n                <\/a>\n                            \n                        <a href=\"https:\/\/avointiede.fi\/fi\" class=\"funders__link grid__item hover-scale-down\" title=\"Tieteellisten seurain valtuuskunta - koordinoi avoimen tieteen kehitt\u00e4mist\u00e4\">\n                            <div class=\"funders__image\">\n                    <img decoding=\"async\" src=\"https:\/\/sites.uef.fi\/tiedonhaku-kasvatus\/wp-content\/uploads\/sites\/80\/2020\/09\/cropped-Pioni-1.jpg\" alt=\"Lyhty ja pionin kukka\" \/>\n                <\/div>\n                                    <p class=\"funders__description\">Tieteellisten seurain valtuuskunta &#8211; koordinoi avoimen tieteen kehitt\u00e4mist\u00e4<\/p>\n                                                    <div class=\"funders__arrow\">\n                    <svg xmlns=\"http:\/\/www.w3.org\/2000\/svg\" height=\"25px\" viewBox=\"0 -960 960 960\" width=\"24px\" ><path fill=\"currentColor\" d=\"M200-120q-33 0-56.5-23.5T120-200v-560q0-33 23.5-56.5T200-840h280v80H200v560h560v-280h80v280q0 33-23.5 56.5T760-120H200Zm188-212-56-56 372-372H560v-80h280v280h-80v-144L388-332Z\"\/><\/svg>                    <\/div>\n                <\/a>\n                            \n                        <a href=\"https:\/\/www3.uef.fi\/fi\/web\/kirjasto\/oatiedonhaku\" class=\"funders__link grid__item hover-scale-down\" title=\"Avoimen tiedon hakuopas \/\/ UEF Kirjasto\">\n                            <div class=\"funders__image\">\n                    <img decoding=\"async\" src=\"https:\/\/sites.uef.fi\/tiedonhaku-kasvatus\/wp-content\/uploads\/sites\/80\/2021\/07\/Kapy.jpg\" alt=\"M\u00e4nnynk\u00e4py\" \/>\n                <\/div>\n                                    <p class=\"funders__description\">Avoimen tiedon hakuopas \/\/ UEF Kirjasto<\/p>\n                                                    <div class=\"funders__arrow\">\n                    <svg xmlns=\"http:\/\/www.w3.org\/2000\/svg\" height=\"25px\" viewBox=\"0 -960 960 960\" width=\"24px\" ><path fill=\"currentColor\" d=\"M200-120q-33 0-56.5-23.5T120-200v-560q0-33 23.5-56.5T200-840h280v80H200v560h560v-280h80v280q0 33-23.5 56.5T760-120H200Zm188-212-56-56 372-372H560v-80h280v280h-80v-144L388-332Z\"\/><\/svg>                    <\/div>\n                <\/a>\n                            \n            <\/div>\n\n\n\n<div class=\"links-block\">\n\n            <h3>Siirry seuraavaan aiheeseen:<\/h3>\n    \n    <ul class=\"link-list\">\n        \n            \n            <li class=\"link-list-item\">\n                <a href=\"https:\/\/sites.uef.fi\/tiedonhaku-kasvatus\/tiedonlahteet-ja-tietokannat\/\" class=\"link-reset link hover-scale-down\">\n                    <svg\n        width=\"43\" height=\"25\"\n        viewBox=\"0 0 43 25\"\n        xmlns=\"http:\/\/www.w3.org\/2000\/svg\">\n    <path\n        d=\"M30.027 0 43 12.5 30.027 25 27 22.083 34.351 15H0v-5h34.351L27 2.917z\"\n        fill=\"currentColor\"\n        fill-rule=\"evenodd\"\/>\n<\/svg>                    <div>Tiedonl\u00e4hteet ja tietokannat<\/div>\n                <\/a>\n                <div class=\"link-info\">\n                                    <\/div>\n            <\/li>\n\n                <\/ul>\n<\/div>","protected":false},"excerpt":{"rendered":"<p>Mit\u00e4 on avoin tiede Avoin tiede ja tutkimus on noussut kansainv\u00e4lisesti merkitt\u00e4v\u00e4ksi tavaksi edist\u00e4\u00e4 tieteen n\u00e4kyvyytt\u00e4 ja vaikuttavuutta yhteiskunnassa. Tutkimuksen avoimuus tarkoittaa avoimien julkaisujen (open access, OA) lis\u00e4ksi tutkimusaineistojen ja -menetelmien avaamista. Uusimat tulokkaat ovat oppimisen ja oppimateriaalien avoimuus. Avoimen tieteen periaatteena on, ett\u00e4 tieteellisest\u00e4 tietoa ja kaikkia tutkimuksen tuotoksia tulisi jakaa mahdollisimman aikaisin ja [&hellip;]<\/p>\n","protected":false},"author":171,"featured_media":0,"parent":0,"menu_order":0,"comment_status":"closed","ping_status":"closed","template":"","meta":{"_acf_changed":false,"_monsterinsights_skip_tracking":false,"_monsterinsights_sitenote_active":false,"_monsterinsights_sitenote_note":"","_monsterinsights_sitenote_category":0,"footnotes":""},"class_list":["post-219","page","type-page","status-publish","hentry"],"acf":[],"yoast_head":"<!-- This site is optimized with the Yoast SEO plugin v27.3 - https:\/\/yoast.com\/product\/yoast-seo-wordpress\/ -->\n<title>Avoin tiede, avoin julkaiseminen ja tutkimus - Open Access ja Open Science - Kasvatustieteiden tiedonhaku \/\/ UEF-kirjasto<\/title>\n<meta name=\"robots\" content=\"index, follow, max-snippet:-1, max-image-preview:large, max-video-preview:-1\" \/>\n<link rel=\"canonical\" href=\"https:\/\/sites.uef.fi\/tiedonhaku-kasvatus\/avoin-tiede-ja-julkaiseminen\/\" \/>\n<meta property=\"og:locale\" content=\"fi_FI\" \/>\n<meta property=\"og:type\" content=\"article\" \/>\n<meta property=\"og:title\" content=\"Avoin tiede, avoin julkaiseminen ja tutkimus - Open Access ja Open Science - Kasvatustieteiden tiedonhaku \/\/ UEF-kirjasto\" \/>\n<meta property=\"og:description\" content=\"Mit\u00e4 on avoin tiede Avoin tiede ja tutkimus on noussut kansainv\u00e4lisesti merkitt\u00e4v\u00e4ksi tavaksi edist\u00e4\u00e4 tieteen n\u00e4kyvyytt\u00e4 ja vaikuttavuutta yhteiskunnassa. Tutkimuksen avoimuus tarkoittaa avoimien julkaisujen (open access, OA) lis\u00e4ksi tutkimusaineistojen ja -menetelmien avaamista. Uusimat tulokkaat ovat oppimisen ja oppimateriaalien avoimuus. Avoimen tieteen periaatteena on, ett\u00e4 tieteellisest\u00e4 tietoa ja kaikkia tutkimuksen tuotoksia tulisi jakaa mahdollisimman aikaisin ja [&hellip;]\" \/>\n<meta property=\"og:url\" content=\"https:\/\/sites.uef.fi\/tiedonhaku-kasvatus\/avoin-tiede-ja-julkaiseminen\/\" \/>\n<meta property=\"og:site_name\" content=\"Kasvatustieteiden tiedonhaku \/\/ UEF-kirjasto\" \/>\n<meta property=\"article:modified_time\" content=\"2025-06-19T09:59:30+00:00\" \/>\n<meta property=\"og:image\" content=\"https:\/\/sites.uef.fi\/tiedonhaku-kasvatus\/wp-content\/uploads\/sites\/80\/2021\/06\/Auringonvarjo3-scaled.jpg\" \/>\n\t<meta property=\"og:image:width\" content=\"2560\" \/>\n\t<meta property=\"og:image:height\" content=\"1846\" \/>\n\t<meta property=\"og:image:type\" content=\"image\/jpeg\" \/>\n<meta name=\"twitter:card\" content=\"summary_large_image\" \/>\n<meta name=\"twitter:label1\" content=\"Arvioitu lukuaika\" \/>\n\t<meta name=\"twitter:data1\" content=\"4 minuuttia\" \/>\n<script type=\"application\/ld+json\" class=\"yoast-schema-graph\">{\"@context\":\"https:\\\/\\\/schema.org\",\"@graph\":[{\"@type\":\"WebPage\",\"@id\":\"https:\\\/\\\/sites.uef.fi\\\/tiedonhaku-kasvatus\\\/avoin-tiede-ja-julkaiseminen\\\/\",\"url\":\"https:\\\/\\\/sites.uef.fi\\\/tiedonhaku-kasvatus\\\/avoin-tiede-ja-julkaiseminen\\\/\",\"name\":\"Avoin tiede, avoin julkaiseminen ja tutkimus - Open Access ja Open Science - Kasvatustieteiden tiedonhaku \\\/\\\/ UEF-kirjasto\",\"isPartOf\":{\"@id\":\"https:\\\/\\\/sites.uef.fi\\\/tiedonhaku-kasvatus\\\/#website\"},\"primaryImageOfPage\":{\"@id\":\"https:\\\/\\\/sites.uef.fi\\\/tiedonhaku-kasvatus\\\/avoin-tiede-ja-julkaiseminen\\\/#primaryimage\"},\"image\":{\"@id\":\"https:\\\/\\\/sites.uef.fi\\\/tiedonhaku-kasvatus\\\/avoin-tiede-ja-julkaiseminen\\\/#primaryimage\"},\"thumbnailUrl\":\"https:\\\/\\\/sites.uef.fi\\\/tiedonhaku-kasvatus\\\/wp-content\\\/uploads\\\/sites\\\/80\\\/2021\\\/06\\\/Auringonvarjo3-1024x738.jpg\",\"datePublished\":\"2020-06-23T12:32:06+00:00\",\"dateModified\":\"2025-06-19T09:59:30+00:00\",\"breadcrumb\":{\"@id\":\"https:\\\/\\\/sites.uef.fi\\\/tiedonhaku-kasvatus\\\/avoin-tiede-ja-julkaiseminen\\\/#breadcrumb\"},\"inLanguage\":\"fi\",\"potentialAction\":[{\"@type\":\"ReadAction\",\"target\":[\"https:\\\/\\\/sites.uef.fi\\\/tiedonhaku-kasvatus\\\/avoin-tiede-ja-julkaiseminen\\\/\"]}]},{\"@type\":\"ImageObject\",\"inLanguage\":\"fi\",\"@id\":\"https:\\\/\\\/sites.uef.fi\\\/tiedonhaku-kasvatus\\\/avoin-tiede-ja-julkaiseminen\\\/#primaryimage\",\"url\":\"https:\\\/\\\/sites.uef.fi\\\/tiedonhaku-kasvatus\\\/wp-content\\\/uploads\\\/sites\\\/80\\\/2021\\\/06\\\/Auringonvarjo3-scaled.jpg\",\"contentUrl\":\"https:\\\/\\\/sites.uef.fi\\\/tiedonhaku-kasvatus\\\/wp-content\\\/uploads\\\/sites\\\/80\\\/2021\\\/06\\\/Auringonvarjo3-scaled.jpg\",\"width\":2560,\"height\":1846,\"caption\":\"Valkoinen auringonvarjo, taustalla sininen taivas, j\u00e4rvi ja puita.\"},{\"@type\":\"BreadcrumbList\",\"@id\":\"https:\\\/\\\/sites.uef.fi\\\/tiedonhaku-kasvatus\\\/avoin-tiede-ja-julkaiseminen\\\/#breadcrumb\",\"itemListElement\":[{\"@type\":\"ListItem\",\"position\":1,\"name\":\"Home\",\"item\":\"https:\\\/\\\/sites.uef.fi\\\/tiedonhaku-kasvatus\\\/\"},{\"@type\":\"ListItem\",\"position\":2,\"name\":\"Avoin tiede, avoin julkaiseminen ja tutkimus &#8211; Open Access ja Open Science\"}]},{\"@type\":\"WebSite\",\"@id\":\"https:\\\/\\\/sites.uef.fi\\\/tiedonhaku-kasvatus\\\/#website\",\"url\":\"https:\\\/\\\/sites.uef.fi\\\/tiedonhaku-kasvatus\\\/\",\"name\":\"Kasvatustieteiden tiedonhaku \\\/\\\/ UEF-kirjasto\",\"description\":\"\",\"potentialAction\":[{\"@type\":\"SearchAction\",\"target\":{\"@type\":\"EntryPoint\",\"urlTemplate\":\"https:\\\/\\\/sites.uef.fi\\\/tiedonhaku-kasvatus\\\/?s={search_term_string}\"},\"query-input\":{\"@type\":\"PropertyValueSpecification\",\"valueRequired\":true,\"valueName\":\"search_term_string\"}}],\"inLanguage\":\"fi\"}]}<\/script>\n<!-- \/ Yoast SEO plugin. -->","yoast_head_json":{"title":"Avoin tiede, avoin julkaiseminen ja tutkimus - Open Access ja Open Science - Kasvatustieteiden tiedonhaku \/\/ UEF-kirjasto","robots":{"index":"index","follow":"follow","max-snippet":"max-snippet:-1","max-image-preview":"max-image-preview:large","max-video-preview":"max-video-preview:-1"},"canonical":"https:\/\/sites.uef.fi\/tiedonhaku-kasvatus\/avoin-tiede-ja-julkaiseminen\/","og_locale":"fi_FI","og_type":"article","og_title":"Avoin tiede, avoin julkaiseminen ja tutkimus - Open Access ja Open Science - Kasvatustieteiden tiedonhaku \/\/ UEF-kirjasto","og_description":"Mit\u00e4 on avoin tiede Avoin tiede ja tutkimus on noussut kansainv\u00e4lisesti merkitt\u00e4v\u00e4ksi tavaksi edist\u00e4\u00e4 tieteen n\u00e4kyvyytt\u00e4 ja vaikuttavuutta yhteiskunnassa. Tutkimuksen avoimuus tarkoittaa avoimien julkaisujen (open access, OA) lis\u00e4ksi tutkimusaineistojen ja -menetelmien avaamista. Uusimat tulokkaat ovat oppimisen ja oppimateriaalien avoimuus. Avoimen tieteen periaatteena on, ett\u00e4 tieteellisest\u00e4 tietoa ja kaikkia tutkimuksen tuotoksia tulisi jakaa mahdollisimman aikaisin ja [&hellip;]","og_url":"https:\/\/sites.uef.fi\/tiedonhaku-kasvatus\/avoin-tiede-ja-julkaiseminen\/","og_site_name":"Kasvatustieteiden tiedonhaku \/\/ UEF-kirjasto","article_modified_time":"2025-06-19T09:59:30+00:00","og_image":[{"width":2560,"height":1846,"url":"https:\/\/sites.uef.fi\/tiedonhaku-kasvatus\/wp-content\/uploads\/sites\/80\/2021\/06\/Auringonvarjo3-scaled.jpg","type":"image\/jpeg"}],"twitter_card":"summary_large_image","twitter_misc":{"Arvioitu lukuaika":"4 minuuttia"},"schema":{"@context":"https:\/\/schema.org","@graph":[{"@type":"WebPage","@id":"https:\/\/sites.uef.fi\/tiedonhaku-kasvatus\/avoin-tiede-ja-julkaiseminen\/","url":"https:\/\/sites.uef.fi\/tiedonhaku-kasvatus\/avoin-tiede-ja-julkaiseminen\/","name":"Avoin tiede, avoin julkaiseminen ja tutkimus - Open Access ja Open Science - Kasvatustieteiden tiedonhaku \/\/ UEF-kirjasto","isPartOf":{"@id":"https:\/\/sites.uef.fi\/tiedonhaku-kasvatus\/#website"},"primaryImageOfPage":{"@id":"https:\/\/sites.uef.fi\/tiedonhaku-kasvatus\/avoin-tiede-ja-julkaiseminen\/#primaryimage"},"image":{"@id":"https:\/\/sites.uef.fi\/tiedonhaku-kasvatus\/avoin-tiede-ja-julkaiseminen\/#primaryimage"},"thumbnailUrl":"https:\/\/sites.uef.fi\/tiedonhaku-kasvatus\/wp-content\/uploads\/sites\/80\/2021\/06\/Auringonvarjo3-1024x738.jpg","datePublished":"2020-06-23T12:32:06+00:00","dateModified":"2025-06-19T09:59:30+00:00","breadcrumb":{"@id":"https:\/\/sites.uef.fi\/tiedonhaku-kasvatus\/avoin-tiede-ja-julkaiseminen\/#breadcrumb"},"inLanguage":"fi","potentialAction":[{"@type":"ReadAction","target":["https:\/\/sites.uef.fi\/tiedonhaku-kasvatus\/avoin-tiede-ja-julkaiseminen\/"]}]},{"@type":"ImageObject","inLanguage":"fi","@id":"https:\/\/sites.uef.fi\/tiedonhaku-kasvatus\/avoin-tiede-ja-julkaiseminen\/#primaryimage","url":"https:\/\/sites.uef.fi\/tiedonhaku-kasvatus\/wp-content\/uploads\/sites\/80\/2021\/06\/Auringonvarjo3-scaled.jpg","contentUrl":"https:\/\/sites.uef.fi\/tiedonhaku-kasvatus\/wp-content\/uploads\/sites\/80\/2021\/06\/Auringonvarjo3-scaled.jpg","width":2560,"height":1846,"caption":"Valkoinen auringonvarjo, taustalla sininen taivas, j\u00e4rvi ja puita."},{"@type":"BreadcrumbList","@id":"https:\/\/sites.uef.fi\/tiedonhaku-kasvatus\/avoin-tiede-ja-julkaiseminen\/#breadcrumb","itemListElement":[{"@type":"ListItem","position":1,"name":"Home","item":"https:\/\/sites.uef.fi\/tiedonhaku-kasvatus\/"},{"@type":"ListItem","position":2,"name":"Avoin tiede, avoin julkaiseminen ja tutkimus &#8211; Open Access ja Open Science"}]},{"@type":"WebSite","@id":"https:\/\/sites.uef.fi\/tiedonhaku-kasvatus\/#website","url":"https:\/\/sites.uef.fi\/tiedonhaku-kasvatus\/","name":"Kasvatustieteiden tiedonhaku \/\/ UEF-kirjasto","description":"","potentialAction":[{"@type":"SearchAction","target":{"@type":"EntryPoint","urlTemplate":"https:\/\/sites.uef.fi\/tiedonhaku-kasvatus\/?s={search_term_string}"},"query-input":{"@type":"PropertyValueSpecification","valueRequired":true,"valueName":"search_term_string"}}],"inLanguage":"fi"}]}},"_links":{"self":[{"href":"https:\/\/sites.uef.fi\/tiedonhaku-kasvatus\/wp-json\/wp\/v2\/pages\/219","targetHints":{"allow":["GET"]}}],"collection":[{"href":"https:\/\/sites.uef.fi\/tiedonhaku-kasvatus\/wp-json\/wp\/v2\/pages"}],"about":[{"href":"https:\/\/sites.uef.fi\/tiedonhaku-kasvatus\/wp-json\/wp\/v2\/types\/page"}],"author":[{"embeddable":true,"href":"https:\/\/sites.uef.fi\/tiedonhaku-kasvatus\/wp-json\/wp\/v2\/users\/171"}],"replies":[{"embeddable":true,"href":"https:\/\/sites.uef.fi\/tiedonhaku-kasvatus\/wp-json\/wp\/v2\/comments?post=219"}],"version-history":[{"count":1,"href":"https:\/\/sites.uef.fi\/tiedonhaku-kasvatus\/wp-json\/wp\/v2\/pages\/219\/revisions"}],"predecessor-version":[{"id":4986,"href":"https:\/\/sites.uef.fi\/tiedonhaku-kasvatus\/wp-json\/wp\/v2\/pages\/219\/revisions\/4986"}],"wp:attachment":[{"href":"https:\/\/sites.uef.fi\/tiedonhaku-kasvatus\/wp-json\/wp\/v2\/media?parent=219"}],"curies":[{"name":"wp","href":"https:\/\/api.w.org\/{rel}","templated":true}]}}