{"id":263,"date":"2020-06-24T09:16:02","date_gmt":"2020-06-24T06:16:02","guid":{"rendered":"https:\/\/sites.uef.fi\/tiedonhaku-kasvatus\/?page_id=263"},"modified":"2025-07-09T11:49:51","modified_gmt":"2025-07-09T08:49:51","slug":"uef-primo-portti-aineistoihin","status":"publish","type":"page","link":"https:\/\/sites.uef.fi\/tiedonhaku-kasvatus\/uef-primo-portti-aineistoihin\/","title":{"rendered":"UEF-Primo &#8211; portti aineistoihin"},"content":{"rendered":"\n<h1 class=\"wp-block-heading\">UEF-Primo on hakupalvelu ja portti aineistoihin<\/h1>\n\n\n\n<p><a href=\"https:\/\/primo.uef.fi\/discovery\/search?vid=358FIN_UOEF:VU1&amp;lang=fi\" target=\"_blank\" rel=\"noopener noreferrer\">UEF\/\/Primo<\/a> (linkki avautuu uuteen v\u00e4lilehteen) on It\u00e4-Suomen yliopiston kirjaston painettujen ja s\u00e4hk\u00f6isten aineistojen hakupalvelu. Haut kohdistuvat oletusarvoisesti kirjaston kokoelmiin eli kirjoihin ja lehtiin, mutta haun kohteena voi olla kansainv\u00e4liset artikkelit, elektroniset aineistot tai kaikki tarjolla oleva aineisto.<\/p>\n\n\n\n<p>Kun haet kirjoja, lehti\u00e4, kansainv\u00e4lisi\u00e4 artikkeleita tai tietokantoja, ota UEF-Primo l\u00e4ht\u00f6kohdaksi. Olet oikeutettu k\u00e4ytt\u00e4m\u00e4\u00e4n maksullisia lisensioituja e-aineistoja my\u00f6s yliopiston sis\u00e4isen verkon ulkopuolelta <strong>UEF-k\u00e4ytt\u00e4j\u00e4tunnuksilla<\/strong>. K\u00e4yt\u00e4 linkki\u00e4 &#8217;Saatavilla verkossa&#8217; &#8211; &#8217;Kokotekstin saatavuus&#8217;. Tunnukset kysyt\u00e4\u00e4n, kun aukaiset aineistoa eli artikkelia tai e-kirjaa. Vaihtoehtoisesti voit ensin sis\u00e4\u00e4nkirjautua UEF-Primoon tunnuksillasi. UEF-Primo-tunnuksen voi luoda, kun olet ensin <a href=\"https:\/\/www.uef.fi\/fi\/kirjasto\/asiakkaana\" target=\"_blank\" rel=\"noreferrer noopener\">rekister\u00f6itynyt kirjaston asiakkaaksi<\/a> (linkki avautuu uuteen v\u00e4lilehteen).<\/p>\n\n\n\n<figure class=\"wp-block-image alignleft size-full wp-image-2917\"><img loading=\"lazy\" decoding=\"async\" width=\"1280\" height=\"720\" src=\"https:\/\/sites.uef.fi\/tiedonhaku-kasvatus\/wp-content\/uploads\/sites\/80\/2022\/08\/UEFPrimo_aloistussivu.png\" alt=\"UEF-Primon aloitussivu, jolla on joitakin linkkej\u00e4 ohjeisiin. Se toimii my\u00f6s perushaun sivuna.\" class=\"wp-image-2917\" srcset=\"https:\/\/sites.uef.fi\/tiedonhaku-kasvatus\/wp-content\/uploads\/sites\/80\/2022\/08\/UEFPrimo_aloistussivu.png 1280w, https:\/\/sites.uef.fi\/tiedonhaku-kasvatus\/wp-content\/uploads\/sites\/80\/2022\/08\/UEFPrimo_aloistussivu-300x169.png 300w, https:\/\/sites.uef.fi\/tiedonhaku-kasvatus\/wp-content\/uploads\/sites\/80\/2022\/08\/UEFPrimo_aloistussivu-1024x576.png 1024w, https:\/\/sites.uef.fi\/tiedonhaku-kasvatus\/wp-content\/uploads\/sites\/80\/2022\/08\/UEFPrimo_aloistussivu-768x432.png 768w\" sizes=\"auto, (max-width: 1280px) 100vw, 1280px\" \/><figcaption class=\"wp-element-caption\">UEF-Primon aloitussivu on samalla perushaun sivu.<\/figcaption><\/figure>\n\n\n\n<p>Kirjaston sivuilt\u00e4 l\u00f6yd\u00e4t hyv\u00e4n ohjeen <a href=\"https:\/\/www.uef.fi\/fi\/kirjasto\/elektronisten-aineistojen-etakaytto\" target=\"_blank\" rel=\"noreferrer noopener\">elektronisten aineistojen et\u00e4k\u00e4ytt\u00f6\u00f6n<\/a> (linkki avautuu uuteen v\u00e4lilehteen).<\/p>\n\n\n\n<h2 class=\"wp-block-heading\">Kirjaudu UEF-Primoon, kun haluat:<\/h2>\n\n\n\n<ul class=\"wp-block-list\">\n<li>uusia lainojasi tai tehd\u00e4 varauksia<\/li>\n\n\n\n<li>tallentaa omia suosikkejasi tai hakuja<\/li>\n\n\n\n<li>siirt\u00e4\u00e4 viitteit\u00e4 esim. Zoteroon tai Endnote Webiin<\/li>\n\n\n\n<li>olla varma, ett\u00e4 saat t\u00e4ydelliset tulokset. Tulosm\u00e4\u00e4r\u00e4 voi olla pienempi, kun et kirjaudu.<\/li>\n<\/ul>\n\n\n\n<h2 class=\"wp-block-heading\">UEF-Primon aineistot:<\/h2>\n\n\n\n<ul class=\"wp-block-list\">\n<li>It\u00e4-Suomen yliopiston kirjaston lehdet ja kirjat, sek\u00e4 painetut ett\u00e4 s\u00e4hk\u00f6iset<\/li>\n\n\n\n<li>UEF Electronic Publications &#8211; It\u00e4-Suomen yliopiston elektroniset julkaisut<\/li>\n\n\n\n<li>E-lehdet ja tietokannat<\/li>\n\n\n\n<li>Kansainv\u00e4lisi\u00e4 e-aineistoja, l\u00e4hinn\u00e4 artikkeleita (Primo Central Index)<\/li>\n<\/ul>\n\n\n\n<p>Primon aloitussivulta l\u00f6yd\u00e4t kattavan <a href=\"https:\/\/www.uef.fi\/fi\/kirjasto\/uef-primon-kayttoohjeet\" target=\"_blank\" rel=\"noreferrer noopener\">UEF-Primon k\u00e4ytt\u00f6ohjeet<\/a> (linkki avautuu uuteen v\u00e4lilehteen).<\/p>\n\n\n\n<p><strong>Kotimaisia artikkeleita<\/strong> l\u00f6ytyy rajatusti UEF-Primon Elektroniset aineistot -haulla, mutta jos haluat hakea niit\u00e4 kattavasti, on parhain l\u00e4ht\u00f6paikka <a href=\"https:\/\/finna.fi\/\" target=\"_blank\" rel=\"noreferrer noopener\">Kansallinen Finna<\/a> (linkki avautuu uuteen v\u00e4lilehteen). Finna sis\u00e4lt\u00e4\u00e4 mm. ARTO-tietokannan, journal.fi -palvelun artikkeleita ja kirjastojen, museoiden ja arkistoiden aineistoja ymp\u00e4ri Suomea sek\u00e4 Varastokirjaston aineistoja (kirjoja, lehti\u00e4). Kotimaisia terveystieteiden artikkeleita l\u00f6yd\u00e4t parhaiten <a href=\"https:\/\/primo.uef.fi\/discovery\/dbfulldisplay?context=L&amp;vid=358FIN_UOEF:VU1&amp;docid=alma9911699243705966\" target=\"_blank\" rel=\"noreferrer noopener\">Medic-tietokannasta<\/a> (linkki avautuu uuteen v\u00e4lilehteen).<br>N\u00e4iden tietokantojen sis\u00e4lt\u00f6\u00e4 et l\u00f6yd\u00e4 UEF-Primon hakua k\u00e4ytt\u00e4m\u00e4ll\u00e4.<\/p>\n\n\n\n<ul class=\"wp-block-list\">\n<li><a href=\"https:\/\/finna.fi\/Search\/Results?sort=relevance&amp;bool0%5B%5D=AND&amp;lookfor0%5B%5D=&amp;type0%5B%5D=AllFields&amp;lookfor0%5B%5D=&amp;type0%5B%5D=AllFields&amp;join=AND&amp;filter%5B%5D=%7Eformat%3A%220%2FJournal%2F%22&amp;limit=20\" target=\"_blank\" rel=\"noreferrer noopener\">Linkki Kansallisen Finnan hakulomakkeelle<\/a>, johon on valmiiksi tehty aineistorajaus lehtiin ja artikkeleihin (avautuu uuteen v\u00e4lilehteen)<\/li>\n\n\n\n<li><a href=\"https:\/\/finna.fi\/Search\/Results?filter%5B%5D=%7Ebuilding%3A%221%2FNLF%2Farto%2F%22&amp;filter%5B%5D=%7Ebuilding%3A%220%2FJOURNALFI%2F%22&amp;type=AllFields\" target=\"_blank\" rel=\"noopener\">Linkki Kansallisen Finnan hakulomakkeelle<\/a>, johon on valmiiksi tehty organisaatiorajaus Varastokirjasto (avautuu uuteen v\u00e4lilehteen)<\/li>\n<\/ul>\n\n\n\n<div class=\"links-block\">\n\n            <h3>Siirry seuraavaan osioon:<\/h3>\n    \n    <ul class=\"link-list\">\n        \n            \n            <li class=\"link-list-item\">\n                <a href=\"https:\/\/sites.uef.fi\/tiedonhaku-kasvatus\/tiedonlahteet-ja-tietokannat\/tieteellinen-tiedonhankinta\/\" class=\"link-reset link hover-scale-down\">\n                    <svg\n        width=\"43\" height=\"25\"\n        viewBox=\"0 0 43 25\"\n        xmlns=\"http:\/\/www.w3.org\/2000\/svg\">\n    <path\n        d=\"M30.027 0 43 12.5 30.027 25 27 22.083 34.351 15H0v-5h34.351L27 2.917z\"\n        fill=\"currentColor\"\n        fill-rule=\"evenodd\"\/>\n<\/svg>                    <div>Tieteellinen tiedonhankinta<\/div>\n                <\/a>\n                <div class=\"link-info\">\n                                    <\/div>\n            <\/li>\n\n                <\/ul>\n<\/div>","protected":false},"excerpt":{"rendered":"<p>UEF-Primo on hakupalvelu ja portti aineistoihin UEF\/\/Primo (linkki avautuu uuteen v\u00e4lilehteen) on It\u00e4-Suomen yliopiston kirjaston painettujen ja s\u00e4hk\u00f6isten aineistojen hakupalvelu. Haut kohdistuvat oletusarvoisesti kirjaston kokoelmiin eli kirjoihin ja lehtiin, mutta haun kohteena voi olla kansainv\u00e4liset artikkelit, elektroniset aineistot tai kaikki tarjolla oleva aineisto. Kun haet kirjoja, lehti\u00e4, kansainv\u00e4lisi\u00e4 artikkeleita tai tietokantoja, ota UEF-Primo l\u00e4ht\u00f6kohdaksi. Olet [&hellip;]<\/p>\n","protected":false},"author":171,"featured_media":0,"parent":0,"menu_order":0,"comment_status":"closed","ping_status":"closed","template":"","meta":{"_acf_changed":false,"_monsterinsights_skip_tracking":false,"_monsterinsights_sitenote_active":false,"_monsterinsights_sitenote_note":"","_monsterinsights_sitenote_category":0,"footnotes":""},"class_list":["post-263","page","type-page","status-publish","hentry"],"acf":[],"yoast_head":"<!-- This site is optimized with the Yoast SEO plugin v27.1.1 - https:\/\/yoast.com\/product\/yoast-seo-wordpress\/ -->\n<title>UEF-Primo - portti aineistoihin - Kasvatustieteiden tiedonhaku \/\/ UEF-kirjasto<\/title>\n<meta name=\"robots\" content=\"index, follow, max-snippet:-1, max-image-preview:large, max-video-preview:-1\" \/>\n<link rel=\"canonical\" href=\"https:\/\/sites.uef.fi\/tiedonhaku-kasvatus\/uef-primo-portti-aineistoihin\/\" \/>\n<meta property=\"og:locale\" content=\"fi_FI\" \/>\n<meta property=\"og:type\" content=\"article\" \/>\n<meta property=\"og:title\" content=\"UEF-Primo - portti aineistoihin - Kasvatustieteiden tiedonhaku \/\/ UEF-kirjasto\" \/>\n<meta property=\"og:description\" content=\"UEF-Primo on hakupalvelu ja portti aineistoihin UEF\/\/Primo (linkki avautuu uuteen v\u00e4lilehteen) on It\u00e4-Suomen yliopiston kirjaston painettujen ja s\u00e4hk\u00f6isten aineistojen hakupalvelu. Haut kohdistuvat oletusarvoisesti kirjaston kokoelmiin eli kirjoihin ja lehtiin, mutta haun kohteena voi olla kansainv\u00e4liset artikkelit, elektroniset aineistot tai kaikki tarjolla oleva aineisto. Kun haet kirjoja, lehti\u00e4, kansainv\u00e4lisi\u00e4 artikkeleita tai tietokantoja, ota UEF-Primo l\u00e4ht\u00f6kohdaksi. Olet [&hellip;]\" \/>\n<meta property=\"og:url\" content=\"https:\/\/sites.uef.fi\/tiedonhaku-kasvatus\/uef-primo-portti-aineistoihin\/\" \/>\n<meta property=\"og:site_name\" content=\"Kasvatustieteiden tiedonhaku \/\/ UEF-kirjasto\" \/>\n<meta property=\"article:modified_time\" content=\"2025-07-09T08:49:51+00:00\" \/>\n<meta property=\"og:image\" content=\"https:\/\/sites.uef.fi\/tiedonhaku-kasvatus\/wp-content\/uploads\/sites\/80\/2022\/08\/UEFPrimo_aloistussivu.png\" \/>\n\t<meta property=\"og:image:width\" content=\"1280\" \/>\n\t<meta property=\"og:image:height\" content=\"720\" \/>\n\t<meta property=\"og:image:type\" content=\"image\/png\" \/>\n<meta name=\"twitter:card\" content=\"summary_large_image\" \/>\n<meta name=\"twitter:label1\" content=\"Arvioitu lukuaika\" \/>\n\t<meta name=\"twitter:data1\" content=\"2 minuuttia\" \/>\n<script type=\"application\/ld+json\" class=\"yoast-schema-graph\">{\"@context\":\"https:\/\/schema.org\",\"@graph\":[{\"@type\":\"WebPage\",\"@id\":\"https:\/\/sites.uef.fi\/tiedonhaku-kasvatus\/uef-primo-portti-aineistoihin\/\",\"url\":\"https:\/\/sites.uef.fi\/tiedonhaku-kasvatus\/uef-primo-portti-aineistoihin\/\",\"name\":\"UEF-Primo - portti aineistoihin - Kasvatustieteiden tiedonhaku \/\/ UEF-kirjasto\",\"isPartOf\":{\"@id\":\"https:\/\/sites.uef.fi\/tiedonhaku-kasvatus\/#website\"},\"primaryImageOfPage\":{\"@id\":\"https:\/\/sites.uef.fi\/tiedonhaku-kasvatus\/uef-primo-portti-aineistoihin\/#primaryimage\"},\"image\":{\"@id\":\"https:\/\/sites.uef.fi\/tiedonhaku-kasvatus\/uef-primo-portti-aineistoihin\/#primaryimage\"},\"thumbnailUrl\":\"https:\/\/sites.uef.fi\/tiedonhaku-kasvatus\/wp-content\/uploads\/sites\/80\/2022\/08\/UEFPrimo_aloistussivu.png\",\"datePublished\":\"2020-06-24T06:16:02+00:00\",\"dateModified\":\"2025-07-09T08:49:51+00:00\",\"breadcrumb\":{\"@id\":\"https:\/\/sites.uef.fi\/tiedonhaku-kasvatus\/uef-primo-portti-aineistoihin\/#breadcrumb\"},\"inLanguage\":\"fi\",\"potentialAction\":[{\"@type\":\"ReadAction\",\"target\":[\"https:\/\/sites.uef.fi\/tiedonhaku-kasvatus\/uef-primo-portti-aineistoihin\/\"]}]},{\"@type\":\"ImageObject\",\"inLanguage\":\"fi\",\"@id\":\"https:\/\/sites.uef.fi\/tiedonhaku-kasvatus\/uef-primo-portti-aineistoihin\/#primaryimage\",\"url\":\"https:\/\/sites.uef.fi\/tiedonhaku-kasvatus\/wp-content\/uploads\/sites\/80\/2022\/08\/UEFPrimo_aloistussivu.png\",\"contentUrl\":\"https:\/\/sites.uef.fi\/tiedonhaku-kasvatus\/wp-content\/uploads\/sites\/80\/2022\/08\/UEFPrimo_aloistussivu.png\",\"width\":1280,\"height\":720,\"caption\":\"UEF-Primon aloitussivu on samalla perushaun sivu.\"},{\"@type\":\"BreadcrumbList\",\"@id\":\"https:\/\/sites.uef.fi\/tiedonhaku-kasvatus\/uef-primo-portti-aineistoihin\/#breadcrumb\",\"itemListElement\":[{\"@type\":\"ListItem\",\"position\":1,\"name\":\"Home\",\"item\":\"https:\/\/sites.uef.fi\/tiedonhaku-kasvatus\/\"},{\"@type\":\"ListItem\",\"position\":2,\"name\":\"UEF-Primo &#8211; portti aineistoihin\"}]},{\"@type\":\"WebSite\",\"@id\":\"https:\/\/sites.uef.fi\/tiedonhaku-kasvatus\/#website\",\"url\":\"https:\/\/sites.uef.fi\/tiedonhaku-kasvatus\/\",\"name\":\"Kasvatustieteiden tiedonhaku \/\/ UEF-kirjasto\",\"description\":\"\",\"potentialAction\":[{\"@type\":\"SearchAction\",\"target\":{\"@type\":\"EntryPoint\",\"urlTemplate\":\"https:\/\/sites.uef.fi\/tiedonhaku-kasvatus\/?s={search_term_string}\"},\"query-input\":{\"@type\":\"PropertyValueSpecification\",\"valueRequired\":true,\"valueName\":\"search_term_string\"}}],\"inLanguage\":\"fi\"}]}<\/script>\n<!-- \/ Yoast SEO plugin. -->","yoast_head_json":{"title":"UEF-Primo - portti aineistoihin - Kasvatustieteiden tiedonhaku \/\/ UEF-kirjasto","robots":{"index":"index","follow":"follow","max-snippet":"max-snippet:-1","max-image-preview":"max-image-preview:large","max-video-preview":"max-video-preview:-1"},"canonical":"https:\/\/sites.uef.fi\/tiedonhaku-kasvatus\/uef-primo-portti-aineistoihin\/","og_locale":"fi_FI","og_type":"article","og_title":"UEF-Primo - portti aineistoihin - Kasvatustieteiden tiedonhaku \/\/ UEF-kirjasto","og_description":"UEF-Primo on hakupalvelu ja portti aineistoihin UEF\/\/Primo (linkki avautuu uuteen v\u00e4lilehteen) on It\u00e4-Suomen yliopiston kirjaston painettujen ja s\u00e4hk\u00f6isten aineistojen hakupalvelu. Haut kohdistuvat oletusarvoisesti kirjaston kokoelmiin eli kirjoihin ja lehtiin, mutta haun kohteena voi olla kansainv\u00e4liset artikkelit, elektroniset aineistot tai kaikki tarjolla oleva aineisto. Kun haet kirjoja, lehti\u00e4, kansainv\u00e4lisi\u00e4 artikkeleita tai tietokantoja, ota UEF-Primo l\u00e4ht\u00f6kohdaksi. Olet [&hellip;]","og_url":"https:\/\/sites.uef.fi\/tiedonhaku-kasvatus\/uef-primo-portti-aineistoihin\/","og_site_name":"Kasvatustieteiden tiedonhaku \/\/ UEF-kirjasto","article_modified_time":"2025-07-09T08:49:51+00:00","og_image":[{"width":1280,"height":720,"url":"https:\/\/sites.uef.fi\/tiedonhaku-kasvatus\/wp-content\/uploads\/sites\/80\/2022\/08\/UEFPrimo_aloistussivu.png","type":"image\/png"}],"twitter_card":"summary_large_image","twitter_misc":{"Arvioitu lukuaika":"2 minuuttia"},"schema":{"@context":"https:\/\/schema.org","@graph":[{"@type":"WebPage","@id":"https:\/\/sites.uef.fi\/tiedonhaku-kasvatus\/uef-primo-portti-aineistoihin\/","url":"https:\/\/sites.uef.fi\/tiedonhaku-kasvatus\/uef-primo-portti-aineistoihin\/","name":"UEF-Primo - portti aineistoihin - Kasvatustieteiden tiedonhaku \/\/ UEF-kirjasto","isPartOf":{"@id":"https:\/\/sites.uef.fi\/tiedonhaku-kasvatus\/#website"},"primaryImageOfPage":{"@id":"https:\/\/sites.uef.fi\/tiedonhaku-kasvatus\/uef-primo-portti-aineistoihin\/#primaryimage"},"image":{"@id":"https:\/\/sites.uef.fi\/tiedonhaku-kasvatus\/uef-primo-portti-aineistoihin\/#primaryimage"},"thumbnailUrl":"https:\/\/sites.uef.fi\/tiedonhaku-kasvatus\/wp-content\/uploads\/sites\/80\/2022\/08\/UEFPrimo_aloistussivu.png","datePublished":"2020-06-24T06:16:02+00:00","dateModified":"2025-07-09T08:49:51+00:00","breadcrumb":{"@id":"https:\/\/sites.uef.fi\/tiedonhaku-kasvatus\/uef-primo-portti-aineistoihin\/#breadcrumb"},"inLanguage":"fi","potentialAction":[{"@type":"ReadAction","target":["https:\/\/sites.uef.fi\/tiedonhaku-kasvatus\/uef-primo-portti-aineistoihin\/"]}]},{"@type":"ImageObject","inLanguage":"fi","@id":"https:\/\/sites.uef.fi\/tiedonhaku-kasvatus\/uef-primo-portti-aineistoihin\/#primaryimage","url":"https:\/\/sites.uef.fi\/tiedonhaku-kasvatus\/wp-content\/uploads\/sites\/80\/2022\/08\/UEFPrimo_aloistussivu.png","contentUrl":"https:\/\/sites.uef.fi\/tiedonhaku-kasvatus\/wp-content\/uploads\/sites\/80\/2022\/08\/UEFPrimo_aloistussivu.png","width":1280,"height":720,"caption":"UEF-Primon aloitussivu on samalla perushaun sivu."},{"@type":"BreadcrumbList","@id":"https:\/\/sites.uef.fi\/tiedonhaku-kasvatus\/uef-primo-portti-aineistoihin\/#breadcrumb","itemListElement":[{"@type":"ListItem","position":1,"name":"Home","item":"https:\/\/sites.uef.fi\/tiedonhaku-kasvatus\/"},{"@type":"ListItem","position":2,"name":"UEF-Primo &#8211; portti aineistoihin"}]},{"@type":"WebSite","@id":"https:\/\/sites.uef.fi\/tiedonhaku-kasvatus\/#website","url":"https:\/\/sites.uef.fi\/tiedonhaku-kasvatus\/","name":"Kasvatustieteiden tiedonhaku \/\/ UEF-kirjasto","description":"","potentialAction":[{"@type":"SearchAction","target":{"@type":"EntryPoint","urlTemplate":"https:\/\/sites.uef.fi\/tiedonhaku-kasvatus\/?s={search_term_string}"},"query-input":{"@type":"PropertyValueSpecification","valueRequired":true,"valueName":"search_term_string"}}],"inLanguage":"fi"}]}},"_links":{"self":[{"href":"https:\/\/sites.uef.fi\/tiedonhaku-kasvatus\/wp-json\/wp\/v2\/pages\/263","targetHints":{"allow":["GET"]}}],"collection":[{"href":"https:\/\/sites.uef.fi\/tiedonhaku-kasvatus\/wp-json\/wp\/v2\/pages"}],"about":[{"href":"https:\/\/sites.uef.fi\/tiedonhaku-kasvatus\/wp-json\/wp\/v2\/types\/page"}],"author":[{"embeddable":true,"href":"https:\/\/sites.uef.fi\/tiedonhaku-kasvatus\/wp-json\/wp\/v2\/users\/171"}],"replies":[{"embeddable":true,"href":"https:\/\/sites.uef.fi\/tiedonhaku-kasvatus\/wp-json\/wp\/v2\/comments?post=263"}],"version-history":[{"count":1,"href":"https:\/\/sites.uef.fi\/tiedonhaku-kasvatus\/wp-json\/wp\/v2\/pages\/263\/revisions"}],"predecessor-version":[{"id":5282,"href":"https:\/\/sites.uef.fi\/tiedonhaku-kasvatus\/wp-json\/wp\/v2\/pages\/263\/revisions\/5282"}],"wp:attachment":[{"href":"https:\/\/sites.uef.fi\/tiedonhaku-kasvatus\/wp-json\/wp\/v2\/media?parent=263"}],"curies":[{"name":"wp","href":"https:\/\/api.w.org\/{rel}","templated":true}]}}