{"id":282,"date":"2020-06-24T13:39:48","date_gmt":"2020-06-24T10:39:48","guid":{"rendered":"https:\/\/sites.uef.fi\/tiedonhaku-kasvatus\/?page_id=282"},"modified":"2025-06-23T11:50:40","modified_gmt":"2025-06-23T08:50:40","slug":"tieteellinen-tiedonhankinta","status":"publish","type":"page","link":"https:\/\/sites.uef.fi\/tiedonhaku-kasvatus\/tiedonlahteet-ja-tietokannat\/tieteellinen-tiedonhankinta\/","title":{"rendered":"Tieteellinen tiedonhankinta on osa tieteellisen kirjoittamisen prosessia"},"content":{"rendered":"\n<p>Tieteellisen tiedon hankinta ja hakeminen on osa tieteellisen kirjoittamisen prosessia. Tieteelliseen kirjoittamiseen ja tutkimukseen kuuluu olennaisena l\u00e4hteiden k\u00e4ytt\u00f6 ja niihin viittaaminen. L\u00e4hteiden avulla perustelet ja suhteutat oman tutkimuksesi muuhun tutkimukseen.<\/p>\n\n\n\n<p>Tiedontarpeesi m\u00e4\u00e4r\u00e4\u00e4, miten ja mist\u00e4 sek\u00e4 kuinka systemaattisesti hankit tietoa.<\/p>\n\n\n\n<h2 class=\"wp-block-heading\">Alkuper\u00e4isl\u00e4hteet (primaarit l\u00e4hteet) ja apuneuvoja niiden l\u00f6yt\u00e4miseksi<\/h2>\n\n\n\n<p>Hyv\u00e4n tutkimusetiikan mukaista on k\u00e4ytt\u00e4\u00e4 <strong>primaari- eli alkuper\u00e4isl\u00e4hteit\u00e4<\/strong>. Sekundaaril\u00e4hde sis\u00e4lt\u00e4\u00e4 tietoa, jonka joku toinen on jo suodattanut. Alkuper\u00e4isl\u00e4hteit\u00e4 ovat esim. aikakauslehtiartikkelit, tutkimusraportit, v\u00e4it\u00f6skirjat ja muut erillisteokset, joissa tutkimustuloksia on alun perin julkaistu.<\/p>\n\n\n\n<p>Alkuper\u00e4isen tutkimustiedon l\u00f6yt\u00e4miseksi tarvitaan apuneuvoja, jotka kertovat primaaril\u00e4hteiden olemassaolosta.<\/p>\n\n\n\n<ul class=\"wp-block-list\">\n<li><strong>Tietokannat<\/strong> ovat syntyneet yleens\u00e4 tietyn tieteenalan tarpeesta seurata alalla julkaistua tietoa.<\/li>\n\n\n\n<li>Tietokantoihin seurataan tietyn alan, aiheen tai kohteen aikakauslehti\u00e4 ja\/tai muita julkaisuja.<\/li>\n\n\n\n<li>Kaikki tieto ei l\u00f6ydy yhdest\u00e4 ja samasta paikasta. Esim. kirjatietoja ja aikakauslehtiartikkeleiden tietoja joudutaan yleens\u00e4 hakemaan eri tietokannoista.<\/li>\n\n\n\n<li>Eri tieteenaloilla on omat t\u00e4rke\u00e4t tieteellisen tiedon tietokantansa.<\/li>\n\n\n\n<li>Tietokannat ovat sekund\u00e4\u00e4ril\u00e4hteit\u00e4. Ne ohjaavat prim\u00e4\u00e4ril\u00e4hteisiin.<\/li>\n<\/ul>\n\n\n\n<p>Yh\u00e4 useammin tietokannoista l\u00f6ytyy julkaisun teksti kokonaisena tai linkki siihen (<strong>kokoteksti- eli full text -tietokanta<\/strong>). Artikkelit ovat saatavissa joko kokonaisuudessaan (full text) tai pelkkin\u00e4 viittein\u00e4 tietokannasta riippuen. Suurin osa tietokannoista on n\u00e4iden sekamuotoja. Ota huomioon, ett\u00e4 kaikkea ei ole saatavissa s\u00e4hk\u00f6isen\u00e4 kokotekstin\u00e4. Osa aineistosta on edelleen vain painettuna.<\/p>\n\n\n\n<figure class=\"wp-block-image alignleft\"><img loading=\"lazy\" decoding=\"async\" width=\"70\" height=\"27\" src=\"https:\/\/sites.uef.fi\/tiedonhaku-kasvatus\/wp-content\/uploads\/sites\/80\/2020\/07\/Find_it_linkitys.png\" alt=\"Kuvakaappaus. Kuva Find it -linkist\u00e4, joka linkitt\u00e4\u00e4 aineistoja UEF-Primon tietokantojen v\u00e4lill\u00e4. \" class=\"wp-image-931\" \/><\/figure>\n\n\n\n<p>Kun tietokanta sis\u00e4lt\u00e4\u00e4 &#8221;pelkki\u00e4&#8221; viitteit\u00e4 = tietoja julkaisuista, niiden tekij\u00f6ist\u00e4, otsikoista, ilmestymispaikoista ja -tavoista, puhutaan <strong>viitetietokannoista<\/strong>. Tietokannasta saa tiedon julkaisujen olemassaolosta, mutta itse julkaisujen k\u00e4siin saamista joutuu usein selvitt\u00e4m\u00e4\u00e4n. Aina julkaisun koko teksti ei ole elektronisesti saatavissa, tai se l\u00f6ytyy muualta kuin tietokannan sis\u00e4lt\u00e4. UEF-Primon kautta k\u00e4ytett\u00e4viss\u00e4 tietokannoissa on usein linkitys, joka tarkistaa, onko kyseinen julkaisu saatavana s\u00e4hk\u00f6isen\u00e4 toisessa palvelussa.&nbsp; UEF-Primon hakupalvelu taas tarjoaa suoran mahdollisuuden ladata PDF tai p\u00e4\u00e4syn lehden sis\u00e4lt\u00f6ihin.<\/p>\n\n\n\n<figure class=\"wp-block-image aligncenter size-full wp-image-1985\"><img loading=\"lazy\" decoding=\"async\" width=\"971\" height=\"445\" src=\"https:\/\/sites.uef.fi\/tiedonhaku-kasvatus\/wp-content\/uploads\/sites\/80\/2021\/06\/Julkaisun_jaljittaminen.png\" alt=\"Kuvakaappaus UEF-Primosta. Kansainv\u00e4lisen artikkelin tiedoissa on linkit Lataa PDF-tiedosto ja N\u00e4yt\u00e4 lehden sis\u00e4lt\u00f6.\" class=\"wp-image-1985\" srcset=\"https:\/\/sites.uef.fi\/tiedonhaku-kasvatus\/wp-content\/uploads\/sites\/80\/2021\/06\/Julkaisun_jaljittaminen.png 971w, https:\/\/sites.uef.fi\/tiedonhaku-kasvatus\/wp-content\/uploads\/sites\/80\/2021\/06\/Julkaisun_jaljittaminen-300x137.png 300w, https:\/\/sites.uef.fi\/tiedonhaku-kasvatus\/wp-content\/uploads\/sites\/80\/2021\/06\/Julkaisun_jaljittaminen-768x352.png 768w\" sizes=\"auto, (max-width: 971px) 100vw, 971px\" \/><figcaption class=\"wp-element-caption\">UEF-Primosta on suora p\u00e4\u00e4sy artikkeleihin ja lehden sis\u00e4lt\u00f6\u00f6n.<\/figcaption><\/figure>\n\n\n\n<p>Saatavuudesta ja julkaisun j\u00e4ljit\u00e4misest\u00e4 l\u00f6yd\u00e4t lis\u00e4\u00e4 osiossa <a href=\"https:\/\/sites.uef.fi\/tiedonhaku-kasvatus\/miten-saan-julkaisun-kayttooni\/\">Miten saan julkaisun k\u00e4ytt\u00f6\u00f6ni<\/a>.<\/p>\n\n\n\n<div class=\"links-block\">\n\n            <h3>Siirry seuraavaan osioon:<\/h3>\n    \n    <ul class=\"link-list\">\n        \n            \n            <li class=\"link-list-item\">\n                <a href=\"https:\/\/sites.uef.fi\/tiedonhaku-kasvatus\/tiedonlahteet-ja-tietokannat\/kirjojen-haku\/\" class=\"link-reset link hover-scale-down\">\n                    <svg\n        width=\"43\" height=\"25\"\n        viewBox=\"0 0 43 25\"\n        xmlns=\"http:\/\/www.w3.org\/2000\/svg\">\n    <path\n        d=\"M30.027 0 43 12.5 30.027 25 27 22.083 34.351 15H0v-5h34.351L27 2.917z\"\n        fill=\"currentColor\"\n        fill-rule=\"evenodd\"\/>\n<\/svg>                    <div>Kirjojen haku<\/div>\n                <\/a>\n                <div class=\"link-info\">\n                                    <\/div>\n            <\/li>\n\n                <\/ul>\n<\/div>","protected":false},"excerpt":{"rendered":"<p>Tieteellisen tiedon hankinta ja hakeminen on osa tieteellisen kirjoittamisen prosessia. Tieteelliseen kirjoittamiseen ja tutkimukseen kuuluu olennaisena l\u00e4hteiden k\u00e4ytt\u00f6 ja niihin viittaaminen. L\u00e4hteiden avulla perustelet ja suhteutat oman tutkimuksesi muuhun tutkimukseen. Tiedontarpeesi m\u00e4\u00e4r\u00e4\u00e4, miten ja mist\u00e4 sek\u00e4 kuinka systemaattisesti hankit tietoa. Alkuper\u00e4isl\u00e4hteet (primaarit l\u00e4hteet) ja apuneuvoja niiden l\u00f6yt\u00e4miseksi Hyv\u00e4n tutkimusetiikan mukaista on k\u00e4ytt\u00e4\u00e4 primaari- eli alkuper\u00e4isl\u00e4hteit\u00e4. [&hellip;]<\/p>\n","protected":false},"author":171,"featured_media":0,"parent":100,"menu_order":0,"comment_status":"closed","ping_status":"closed","template":"","meta":{"_acf_changed":false,"_monsterinsights_skip_tracking":false,"_monsterinsights_sitenote_active":false,"_monsterinsights_sitenote_note":"","_monsterinsights_sitenote_category":0,"footnotes":""},"class_list":["post-282","page","type-page","status-publish","hentry"],"acf":[],"yoast_head":"<!-- This site is optimized with the Yoast SEO plugin v27.3 - https:\/\/yoast.com\/product\/yoast-seo-wordpress\/ -->\n<title>Tieteellinen tiedonhankinta on osa tieteellisen kirjoittamisen prosessia - Kasvatustieteiden tiedonhaku \/\/ UEF-kirjasto<\/title>\n<meta name=\"robots\" content=\"index, follow, max-snippet:-1, max-image-preview:large, max-video-preview:-1\" \/>\n<link rel=\"canonical\" href=\"https:\/\/sites.uef.fi\/tiedonhaku-kasvatus\/tiedonlahteet-ja-tietokannat\/tieteellinen-tiedonhankinta\/\" \/>\n<meta property=\"og:locale\" content=\"fi_FI\" \/>\n<meta property=\"og:type\" content=\"article\" \/>\n<meta property=\"og:title\" content=\"Tieteellinen tiedonhankinta on osa tieteellisen kirjoittamisen prosessia - Kasvatustieteiden tiedonhaku \/\/ UEF-kirjasto\" \/>\n<meta property=\"og:description\" content=\"Tieteellisen tiedon hankinta ja hakeminen on osa tieteellisen kirjoittamisen prosessia. Tieteelliseen kirjoittamiseen ja tutkimukseen kuuluu olennaisena l\u00e4hteiden k\u00e4ytt\u00f6 ja niihin viittaaminen. L\u00e4hteiden avulla perustelet ja suhteutat oman tutkimuksesi muuhun tutkimukseen. Tiedontarpeesi m\u00e4\u00e4r\u00e4\u00e4, miten ja mist\u00e4 sek\u00e4 kuinka systemaattisesti hankit tietoa. Alkuper\u00e4isl\u00e4hteet (primaarit l\u00e4hteet) ja apuneuvoja niiden l\u00f6yt\u00e4miseksi Hyv\u00e4n tutkimusetiikan mukaista on k\u00e4ytt\u00e4\u00e4 primaari- eli alkuper\u00e4isl\u00e4hteit\u00e4. [&hellip;]\" \/>\n<meta property=\"og:url\" content=\"https:\/\/sites.uef.fi\/tiedonhaku-kasvatus\/tiedonlahteet-ja-tietokannat\/tieteellinen-tiedonhankinta\/\" \/>\n<meta property=\"og:site_name\" content=\"Kasvatustieteiden tiedonhaku \/\/ UEF-kirjasto\" \/>\n<meta property=\"article:modified_time\" content=\"2025-06-23T08:50:40+00:00\" \/>\n<meta property=\"og:image\" content=\"https:\/\/sites.uef.fi\/tiedonhaku-kasvatus\/wp-content\/uploads\/sites\/80\/2020\/07\/Find_it_linkitys.png\" \/>\n\t<meta property=\"og:image:width\" content=\"70\" \/>\n\t<meta property=\"og:image:height\" content=\"27\" \/>\n\t<meta property=\"og:image:type\" content=\"image\/png\" \/>\n<meta name=\"twitter:card\" content=\"summary_large_image\" \/>\n<meta name=\"twitter:label1\" content=\"Arvioitu lukuaika\" \/>\n\t<meta name=\"twitter:data1\" content=\"3 minuuttia\" \/>\n<script type=\"application\/ld+json\" class=\"yoast-schema-graph\">{\"@context\":\"https:\\\/\\\/schema.org\",\"@graph\":[{\"@type\":\"WebPage\",\"@id\":\"https:\\\/\\\/sites.uef.fi\\\/tiedonhaku-kasvatus\\\/tiedonlahteet-ja-tietokannat\\\/tieteellinen-tiedonhankinta\\\/\",\"url\":\"https:\\\/\\\/sites.uef.fi\\\/tiedonhaku-kasvatus\\\/tiedonlahteet-ja-tietokannat\\\/tieteellinen-tiedonhankinta\\\/\",\"name\":\"Tieteellinen tiedonhankinta on osa tieteellisen kirjoittamisen prosessia - Kasvatustieteiden tiedonhaku \\\/\\\/ UEF-kirjasto\",\"isPartOf\":{\"@id\":\"https:\\\/\\\/sites.uef.fi\\\/tiedonhaku-kasvatus\\\/#website\"},\"primaryImageOfPage\":{\"@id\":\"https:\\\/\\\/sites.uef.fi\\\/tiedonhaku-kasvatus\\\/tiedonlahteet-ja-tietokannat\\\/tieteellinen-tiedonhankinta\\\/#primaryimage\"},\"image\":{\"@id\":\"https:\\\/\\\/sites.uef.fi\\\/tiedonhaku-kasvatus\\\/tiedonlahteet-ja-tietokannat\\\/tieteellinen-tiedonhankinta\\\/#primaryimage\"},\"thumbnailUrl\":\"https:\\\/\\\/sites.uef.fi\\\/tiedonhaku-kasvatus\\\/wp-content\\\/uploads\\\/sites\\\/80\\\/2020\\\/07\\\/Find_it_linkitys.png\",\"datePublished\":\"2020-06-24T10:39:48+00:00\",\"dateModified\":\"2025-06-23T08:50:40+00:00\",\"breadcrumb\":{\"@id\":\"https:\\\/\\\/sites.uef.fi\\\/tiedonhaku-kasvatus\\\/tiedonlahteet-ja-tietokannat\\\/tieteellinen-tiedonhankinta\\\/#breadcrumb\"},\"inLanguage\":\"fi\",\"potentialAction\":[{\"@type\":\"ReadAction\",\"target\":[\"https:\\\/\\\/sites.uef.fi\\\/tiedonhaku-kasvatus\\\/tiedonlahteet-ja-tietokannat\\\/tieteellinen-tiedonhankinta\\\/\"]}]},{\"@type\":\"ImageObject\",\"inLanguage\":\"fi\",\"@id\":\"https:\\\/\\\/sites.uef.fi\\\/tiedonhaku-kasvatus\\\/tiedonlahteet-ja-tietokannat\\\/tieteellinen-tiedonhankinta\\\/#primaryimage\",\"url\":\"https:\\\/\\\/sites.uef.fi\\\/tiedonhaku-kasvatus\\\/wp-content\\\/uploads\\\/sites\\\/80\\\/2020\\\/07\\\/Find_it_linkitys.png\",\"contentUrl\":\"https:\\\/\\\/sites.uef.fi\\\/tiedonhaku-kasvatus\\\/wp-content\\\/uploads\\\/sites\\\/80\\\/2020\\\/07\\\/Find_it_linkitys.png\",\"width\":70,\"height\":27,\"caption\":\"Kuvakaappaus. Kuva Find it -linkist\u00e4, joka linkitt\u00e4\u00e4 aineistoja UEF-Primon tietokantojen v\u00e4lill\u00e4.\"},{\"@type\":\"BreadcrumbList\",\"@id\":\"https:\\\/\\\/sites.uef.fi\\\/tiedonhaku-kasvatus\\\/tiedonlahteet-ja-tietokannat\\\/tieteellinen-tiedonhankinta\\\/#breadcrumb\",\"itemListElement\":[{\"@type\":\"ListItem\",\"position\":1,\"name\":\"Home\",\"item\":\"https:\\\/\\\/sites.uef.fi\\\/tiedonhaku-kasvatus\\\/\"},{\"@type\":\"ListItem\",\"position\":2,\"name\":\"Tiedonl\u00e4hteet ja tietokannat\",\"item\":\"https:\\\/\\\/sites.uef.fi\\\/tiedonhaku-kasvatus\\\/tiedonlahteet-ja-tietokannat\\\/\"},{\"@type\":\"ListItem\",\"position\":3,\"name\":\"Tieteellinen tiedonhankinta on osa tieteellisen kirjoittamisen prosessia\"}]},{\"@type\":\"WebSite\",\"@id\":\"https:\\\/\\\/sites.uef.fi\\\/tiedonhaku-kasvatus\\\/#website\",\"url\":\"https:\\\/\\\/sites.uef.fi\\\/tiedonhaku-kasvatus\\\/\",\"name\":\"Kasvatustieteiden tiedonhaku \\\/\\\/ UEF-kirjasto\",\"description\":\"\",\"potentialAction\":[{\"@type\":\"SearchAction\",\"target\":{\"@type\":\"EntryPoint\",\"urlTemplate\":\"https:\\\/\\\/sites.uef.fi\\\/tiedonhaku-kasvatus\\\/?s={search_term_string}\"},\"query-input\":{\"@type\":\"PropertyValueSpecification\",\"valueRequired\":true,\"valueName\":\"search_term_string\"}}],\"inLanguage\":\"fi\"}]}<\/script>\n<!-- \/ Yoast SEO plugin. -->","yoast_head_json":{"title":"Tieteellinen tiedonhankinta on osa tieteellisen kirjoittamisen prosessia - Kasvatustieteiden tiedonhaku \/\/ UEF-kirjasto","robots":{"index":"index","follow":"follow","max-snippet":"max-snippet:-1","max-image-preview":"max-image-preview:large","max-video-preview":"max-video-preview:-1"},"canonical":"https:\/\/sites.uef.fi\/tiedonhaku-kasvatus\/tiedonlahteet-ja-tietokannat\/tieteellinen-tiedonhankinta\/","og_locale":"fi_FI","og_type":"article","og_title":"Tieteellinen tiedonhankinta on osa tieteellisen kirjoittamisen prosessia - Kasvatustieteiden tiedonhaku \/\/ UEF-kirjasto","og_description":"Tieteellisen tiedon hankinta ja hakeminen on osa tieteellisen kirjoittamisen prosessia. Tieteelliseen kirjoittamiseen ja tutkimukseen kuuluu olennaisena l\u00e4hteiden k\u00e4ytt\u00f6 ja niihin viittaaminen. L\u00e4hteiden avulla perustelet ja suhteutat oman tutkimuksesi muuhun tutkimukseen. Tiedontarpeesi m\u00e4\u00e4r\u00e4\u00e4, miten ja mist\u00e4 sek\u00e4 kuinka systemaattisesti hankit tietoa. Alkuper\u00e4isl\u00e4hteet (primaarit l\u00e4hteet) ja apuneuvoja niiden l\u00f6yt\u00e4miseksi Hyv\u00e4n tutkimusetiikan mukaista on k\u00e4ytt\u00e4\u00e4 primaari- eli alkuper\u00e4isl\u00e4hteit\u00e4. [&hellip;]","og_url":"https:\/\/sites.uef.fi\/tiedonhaku-kasvatus\/tiedonlahteet-ja-tietokannat\/tieteellinen-tiedonhankinta\/","og_site_name":"Kasvatustieteiden tiedonhaku \/\/ UEF-kirjasto","article_modified_time":"2025-06-23T08:50:40+00:00","og_image":[{"width":70,"height":27,"url":"https:\/\/sites.uef.fi\/tiedonhaku-kasvatus\/wp-content\/uploads\/sites\/80\/2020\/07\/Find_it_linkitys.png","type":"image\/png"}],"twitter_card":"summary_large_image","twitter_misc":{"Arvioitu lukuaika":"3 minuuttia"},"schema":{"@context":"https:\/\/schema.org","@graph":[{"@type":"WebPage","@id":"https:\/\/sites.uef.fi\/tiedonhaku-kasvatus\/tiedonlahteet-ja-tietokannat\/tieteellinen-tiedonhankinta\/","url":"https:\/\/sites.uef.fi\/tiedonhaku-kasvatus\/tiedonlahteet-ja-tietokannat\/tieteellinen-tiedonhankinta\/","name":"Tieteellinen tiedonhankinta on osa tieteellisen kirjoittamisen prosessia - Kasvatustieteiden tiedonhaku \/\/ UEF-kirjasto","isPartOf":{"@id":"https:\/\/sites.uef.fi\/tiedonhaku-kasvatus\/#website"},"primaryImageOfPage":{"@id":"https:\/\/sites.uef.fi\/tiedonhaku-kasvatus\/tiedonlahteet-ja-tietokannat\/tieteellinen-tiedonhankinta\/#primaryimage"},"image":{"@id":"https:\/\/sites.uef.fi\/tiedonhaku-kasvatus\/tiedonlahteet-ja-tietokannat\/tieteellinen-tiedonhankinta\/#primaryimage"},"thumbnailUrl":"https:\/\/sites.uef.fi\/tiedonhaku-kasvatus\/wp-content\/uploads\/sites\/80\/2020\/07\/Find_it_linkitys.png","datePublished":"2020-06-24T10:39:48+00:00","dateModified":"2025-06-23T08:50:40+00:00","breadcrumb":{"@id":"https:\/\/sites.uef.fi\/tiedonhaku-kasvatus\/tiedonlahteet-ja-tietokannat\/tieteellinen-tiedonhankinta\/#breadcrumb"},"inLanguage":"fi","potentialAction":[{"@type":"ReadAction","target":["https:\/\/sites.uef.fi\/tiedonhaku-kasvatus\/tiedonlahteet-ja-tietokannat\/tieteellinen-tiedonhankinta\/"]}]},{"@type":"ImageObject","inLanguage":"fi","@id":"https:\/\/sites.uef.fi\/tiedonhaku-kasvatus\/tiedonlahteet-ja-tietokannat\/tieteellinen-tiedonhankinta\/#primaryimage","url":"https:\/\/sites.uef.fi\/tiedonhaku-kasvatus\/wp-content\/uploads\/sites\/80\/2020\/07\/Find_it_linkitys.png","contentUrl":"https:\/\/sites.uef.fi\/tiedonhaku-kasvatus\/wp-content\/uploads\/sites\/80\/2020\/07\/Find_it_linkitys.png","width":70,"height":27,"caption":"Kuvakaappaus. Kuva Find it -linkist\u00e4, joka linkitt\u00e4\u00e4 aineistoja UEF-Primon tietokantojen v\u00e4lill\u00e4."},{"@type":"BreadcrumbList","@id":"https:\/\/sites.uef.fi\/tiedonhaku-kasvatus\/tiedonlahteet-ja-tietokannat\/tieteellinen-tiedonhankinta\/#breadcrumb","itemListElement":[{"@type":"ListItem","position":1,"name":"Home","item":"https:\/\/sites.uef.fi\/tiedonhaku-kasvatus\/"},{"@type":"ListItem","position":2,"name":"Tiedonl\u00e4hteet ja tietokannat","item":"https:\/\/sites.uef.fi\/tiedonhaku-kasvatus\/tiedonlahteet-ja-tietokannat\/"},{"@type":"ListItem","position":3,"name":"Tieteellinen tiedonhankinta on osa tieteellisen kirjoittamisen prosessia"}]},{"@type":"WebSite","@id":"https:\/\/sites.uef.fi\/tiedonhaku-kasvatus\/#website","url":"https:\/\/sites.uef.fi\/tiedonhaku-kasvatus\/","name":"Kasvatustieteiden tiedonhaku \/\/ UEF-kirjasto","description":"","potentialAction":[{"@type":"SearchAction","target":{"@type":"EntryPoint","urlTemplate":"https:\/\/sites.uef.fi\/tiedonhaku-kasvatus\/?s={search_term_string}"},"query-input":{"@type":"PropertyValueSpecification","valueRequired":true,"valueName":"search_term_string"}}],"inLanguage":"fi"}]}},"_links":{"self":[{"href":"https:\/\/sites.uef.fi\/tiedonhaku-kasvatus\/wp-json\/wp\/v2\/pages\/282","targetHints":{"allow":["GET"]}}],"collection":[{"href":"https:\/\/sites.uef.fi\/tiedonhaku-kasvatus\/wp-json\/wp\/v2\/pages"}],"about":[{"href":"https:\/\/sites.uef.fi\/tiedonhaku-kasvatus\/wp-json\/wp\/v2\/types\/page"}],"author":[{"embeddable":true,"href":"https:\/\/sites.uef.fi\/tiedonhaku-kasvatus\/wp-json\/wp\/v2\/users\/171"}],"replies":[{"embeddable":true,"href":"https:\/\/sites.uef.fi\/tiedonhaku-kasvatus\/wp-json\/wp\/v2\/comments?post=282"}],"version-history":[{"count":2,"href":"https:\/\/sites.uef.fi\/tiedonhaku-kasvatus\/wp-json\/wp\/v2\/pages\/282\/revisions"}],"predecessor-version":[{"id":5270,"href":"https:\/\/sites.uef.fi\/tiedonhaku-kasvatus\/wp-json\/wp\/v2\/pages\/282\/revisions\/5270"}],"up":[{"embeddable":true,"href":"https:\/\/sites.uef.fi\/tiedonhaku-kasvatus\/wp-json\/wp\/v2\/pages\/100"}],"wp:attachment":[{"href":"https:\/\/sites.uef.fi\/tiedonhaku-kasvatus\/wp-json\/wp\/v2\/media?parent=282"}],"curies":[{"name":"wp","href":"https:\/\/api.w.org\/{rel}","templated":true}]}}