{"id":288,"date":"2020-06-24T13:40:17","date_gmt":"2020-06-24T10:40:17","guid":{"rendered":"https:\/\/sites.uef.fi\/tiedonhaku-kasvatus\/?page_id=288"},"modified":"2025-08-11T14:03:05","modified_gmt":"2025-08-11T11:03:05","slug":"kirjojen-haku","status":"publish","type":"page","link":"https:\/\/sites.uef.fi\/tiedonhaku-kasvatus\/tiedonlahteet-ja-tietokannat\/kirjojen-haku\/","title":{"rendered":"Kirjojen haku"},"content":{"rendered":"\n<p>Kirjoista saa vakiintuneen ja yleisesti hyv\u00e4ksytyn kokonaiskuvan ja taustatietoa aiheestaan. Vaikka tietokirjat vanhenevat nopeasti, kullakin alalla on my\u00f6s klassikkonsa, joihin aina viitataan.<\/p>\n\n\n\n<p>Kirjoja kannattaa yleens\u00e4 hakea hieman <strong>omaa aihettaan laajemmin<\/strong>. Kirjassa voi olla asiaa aiheestasi, mutta kokoelmatietokantoihin on harvoin tallennettu edes sis\u00e4llysluetteloita. Kansainv\u00e4lisiss\u00e4 s\u00e4hk\u00f6isten kirjojen tietokannoissa voit hakea my\u00f6s kirjojen tekstist\u00e4. N\u00e4ist\u00e4 esimerkkin\u00e4&nbsp; <a href=\"https:\/\/primo.uef.fi\/permalink\/358FIN_UOEF\/mhajq\/alma9911697663705966\" target=\"_blank\" rel=\"noreferrer noopener\">Ebook Central<\/a> (linkki avautuu uuteen v\u00e4lilehteen) &#8211; tai <a href=\"https:\/\/primo.uef.fi\/permalink\/358FIN_UOEF\/mhajq\/alma9911701123705966\" target=\"_blank\" rel=\"noreferrer noopener\">EBSCO Ebook Collection<\/a> (linkki avautuu uuteen v\u00e4lilehteen).<\/p>\n\n\n\n<p>Jokaisella <strong>kirjastolla<\/strong> on oma <strong>kokoelmatietokantansa. <\/strong>UEF-Primossa se on k\u00e4yt\u00e4nn\u00f6ss\u00e4 Kirjaston kokoelmat -hakutyyppi. J\u00e4rjestelm\u00e4st\u00e4 riippuen l\u00f6ytyy tietoja my\u00f6s:<\/p>\n\n\n\n<ul class=\"wp-block-list\">\n<li>&nbsp;julkaisusarjoissa ilmestyneit\u00e4 tutkimusraporteista ja selvityksist\u00e4 yms.<\/li>\n\n\n\n<li>v\u00e4it\u00f6skirjoista ja muista opinn\u00e4ytet\u00f6ist\u00e4, my\u00f6s pro gradu -tutkielmista. Huomaa, ett\u00e4 UEF:n gradut on julkaistu 2012 l\u00e4htien verkossa.&nbsp; Ne l\u00f6ytyv\u00e4t <a href=\"https:\/\/erepo.uef.fi\/\">UEF eRepository<\/a> &#8211; julkaisuarkistosta, mutta on ladattu my\u00f6s UEF-Primoon. Vanhemmat gradut&nbsp; l\u00f6ytyv\u00e4t vain UEF-Primosta.<\/li>\n\n\n\n<li>elektronisista kirjoista<\/li>\n\n\n\n<li>painetuista ja s\u00e4hk\u00f6isist\u00e4 lehdist\u00e4 (haetaan lehden nimell\u00e4)<\/li>\n<\/ul>\n\n\n\n<p>Kirjastojen kokoelmatietokannoista ei l\u00f6ydy tietoa lehtiartikkeleista tai kokoomateoksiin sis\u00e4ltyvist\u00e4 artikkeleista, vaan n\u00e4it\u00e4 varten on omat artikkelitietokantansa. UEF-Primo on hakupalvelu, jonka kautta voit hakea sek\u00e4 kirjastoaineistoa ett\u00e4 kansainv\u00e4lisi\u00e4 artikkeleita.<\/p>\n\n\n\t<div id=\"accordion-block_61fbd4670d741aaa51d9472b6994c1a7\" class=\"accordions\">\n\t\t\t\t\t<div class=\"accordion accordion-js\">\n\t\t\t\t<button class=\"accordion__button\" aria-controls=\"content-1177\" aria-expanded=\"false\" id=\"accordion-control-1177\">\n\t\t\t\t\t<h3 class=\"accordion__heading\" >\n\t\t\t\t\t\tPainettuja kirjoja\t\t\t\t\t<\/h3>\n\t\t\t\t<\/button>\n\t\t\t\t<div class=\"accordion__content\" role=\"region\" aria-labelledby=\"accordion-control-1177\" aria-hidden=\"true\" id=\"content-1177\">\n\t\t\t\t\t<p><a href=\"https:\/\/primo.uef.fi\/discovery\/search?vid=358FIN_UOEF:VU1&amp;lang=fi\" target=\"_blank\" rel=\"noopener\">UEF-Primo<\/a> (linkki avautuu uuteen v\u00e4lilehteen)<\/p>\n<ul>\n<li>painetut ja s\u00e4hk\u00f6iset kirjat ja lehdet.<\/li>\n<li>Valitse haku <strong>Kirjaston kokoelma<\/strong><\/li>\n<\/ul>\n<p><a href=\"https:\/\/www.finna.fi\/\" target=\"_blank\" rel=\"noopener\">Kansallinen Finna<\/a> (linkki avautuu uuteen v\u00e4lilehteen) \u2013 suomalaisten kirjastojen, arkistojen ja museoiden yhteinen hakupalvelu<\/p>\n<ul>\n<li>tiedot mm. Suomen yliopistokirjastojen kokoelmiin sis\u00e4ltyvist\u00e4 aineistoista, tietoja my\u00f6s avoimista elektronisista aineistoista (siis ei maksullisista)<\/li>\n<li>kun haluat l\u00f6yt\u00e4\u00e4 aiheeseesi mahdollisimman kattavasti Suomessa olevaa kirja-aineistoa<\/li>\n<li>kun haluat l\u00f6yt\u00e4\u00e4 tutkimuksia, v\u00e4it\u00f6skirjoja tai muita opinn\u00e4ytteit\u00e4, kuten graduja<\/li>\n<li>kun haluat tarkistaa l\u00f6ytyyk\u00f6 etsim\u00e4si teos, kirja tai lehti muualta Suomesta<\/li>\n<li>kun haet suomalaisia artikkeleita<\/li>\n<\/ul>\n\t\t\t\t<\/div>\n\t\t\t<\/div>\n\t\t\t\t\t<div class=\"accordion accordion-js\">\n\t\t\t\t<button class=\"accordion__button\" aria-controls=\"content-4240\" aria-expanded=\"false\" id=\"accordion-control-4240\">\n\t\t\t\t\t<h3 class=\"accordion__heading\" >\n\t\t\t\t\t\tElektronisia kirjoja\t\t\t\t\t<\/h3>\n\t\t\t\t<\/button>\n\t\t\t\t<div class=\"accordion__content\" role=\"region\" aria-labelledby=\"accordion-control-4240\" aria-hidden=\"true\" id=\"content-4240\">\n\t\t\t\t\t<ul>\n<li><a href=\"https:\/\/primo.uef.fi\/permalink\/358FIN_UOEF\/mhajq\/alma9911697663705966\" target=\"_blank\" rel=\"noopener\">Ebook Central <\/a>(linkki avautuu uuteen v\u00e4lilehteen) \u2013 Monitieteinen, jatkuvasti t\u00e4ydentyv\u00e4. Aineistoa sadoilta kustantajalta, my\u00f6s karttoja.<\/li>\n<li><a href=\"https:\/\/primo.uef.fi\/permalink\/358FIN_UOEF\/mhajq\/alma9911701123705966\" target=\"_blank\" rel=\"noopener\">EBSCO eBook Collection<\/a> (linkki avautuu uuteen v\u00e4lilehteen) \u2013 Monitieteinen jatkuvasti karttuva paketti johtavilta akateemisilta kustantajilta<\/li>\n<li><a href=\"https:\/\/primo.uef.fi\/permalink\/358FIN_UOEF\/mhajq\/alma9911697683705966\" target=\"_blank\" rel=\"noopener\">Ellibs <\/a>(linkki avautuu uuteen v\u00e4lilehteen) \u2013 Kotimaisia s\u00e4hk\u00f6kirjoja, my\u00f6s kurssikirjoja.\u00a0 Varaus mahdollinen, jos kaikki kappaleet ovat k\u00e4yt\u00f6ss\u00e4. Hyv\u00e4t ohjeet sivustolla (mene edell\u00e4 olevan Primo-linkin kautta Ellibs-palvelun sivulle).<\/li>\n<li>My\u00f6s muita e-kirjapalveluita on, tarkempia <a href=\"https:\/\/www3.uef.fi\/fi\/web\/kirjasto\/kokoelmat\/e-kirjat\" target=\"_blank\" rel=\"noopener\">tietoja ja ohjeita kirjaston sivuilla <\/a>(linkki avautuu uuteen v\u00e4lilehteen)<\/li>\n<\/ul>\n\t\t\t\t<\/div>\n\t\t\t<\/div>\n\t\t\t\t\t<div class=\"accordion accordion-js\">\n\t\t\t\t<button class=\"accordion__button\" aria-controls=\"content-3453\" aria-expanded=\"false\" id=\"accordion-control-3453\">\n\t\t\t\t\t<h3 class=\"accordion__heading\" >\n\t\t\t\t\t\tHakuteoksia\t\t\t\t\t<\/h3>\n\t\t\t\t<\/button>\n\t\t\t\t<div class=\"accordion__content\" role=\"region\" aria-labelledby=\"accordion-control-3453\" aria-hidden=\"true\" id=\"content-3453\">\n\t\t\t\t\t<p><a href=\"https:\/\/primo.uef.fi\/permalink\/358FIN_UOEF\/mhajq\/alma9911700733705966\"><img loading=\"lazy\" decoding=\"async\" class=\"size-full wp-image-970 alignleft\" src=\"https:\/\/sites.uef.fi\/tiedonhaku-kasvatus\/wp-content\/uploads\/sites\/80\/2020\/07\/International_ency_edu.png\" alt=\"International Encyclopedia of Education -hakuteoksen kansi. Vihre\u00e4ll\u00e4 nurmikolla on kirjakasa. Taustalla sininen taivas poutapilvineen.\" width=\"122\" height=\"163\" \/><\/a><\/p>\n<ul>\n<li><a href=\"https:\/\/primo.uef.fi\/permalink\/358FIN_UOEF\/mhajq\/alma9911700733705966\" target=\"_blank\" rel=\"noopener\">International Encyclopedia of Education (Elsevier, Third Edition 2010)<\/a>\u00a0 (linkki avautuu uuteen v\u00e4lilehteen) \u2013 Laaja-alainen kasvatuksen, opetuksen ja tutkimuksen hakuteos. Sis\u00e4lt\u00e4\u00e4 926 artikkelia, aihehakemiston ja sanahakemiston.<\/li>\n<li><a href=\"https:\/\/primo.uef.fi\/permalink\/358FIN_UOEF\/mhajq\/alma9911699013705966\" target=\"_blank\" rel=\"noopener\">Encyclopedia of education (Gale Ebooks, 2nd edition 2003)<\/a>\u00a0(linkki avautuu uuteen v\u00e4lilehteen) \u2013 Kasvatustieteelliset teoriat, menetelm\u00e4t, k\u00e4sitteet, organisaatiot, merkitt\u00e4v\u00e4t henkil\u00f6t, oppilaitokset.<\/li>\n<li><a href=\"https:\/\/primo.uef.fi\/permalink\/358FIN_UOEF\/mhajq\/alma9911698923705966\" target=\"_blank\" rel=\"noopener\">International Encyclopedia of the Social and Behavioral Sciences<\/a>\u00a0(linkki avautuu uuteen v\u00e4lilehteen) \u2013 Yhteiskunta- ja k\u00e4ytt\u00e4ytymistieteiden laaja hakuteos, sis\u00e4lt\u00e4\u00e4 n. 4000 katsausartikkelia kokotekstein\u00e4 ja viitetietoina. Hakuteos tarjoaa kattavan kuvauksen tieteenalojensa historiaan, metodeihin ja nykytilaan.<\/li>\n<li><a href=\"https:\/\/primo.uef.fi\/permalink\/358FIN_UOEF\/10iob6c\/alma997472863705966\" target=\"_blank\" rel=\"noopener\">Laadullisen tutkimuksen k\u00e4sikirja \/ toim. Jari Mets\u00e4muuronen. Helsinki : International Methelp, 2011. 1. uudistettu laitos, e-kirja 1. p.<\/a>\u00a0(linkki avautuu uuteen v\u00e4lilehteen)<\/li>\n<li><a href=\"https:\/\/primo.uef.fi\/permalink\/358FIN_UOEF\/mhajq\/alma9911700543705966\" target=\"_blank\" rel=\"noopener\">SAGE Research Methods<\/a> (linkki avautuu uuteen v\u00e4lilehteen) \u2013 Tutkimusmenetelm\u00e4kirjallisuutta kokonaisen tietokannan verran: yli 1000 nimekett\u00e4 (mm. sarja Quantitative Applications in the Social Sciences QASS eli Little Green Book), 6 sanakirjaa, 11 hakuteosta sek\u00e4 lehtiartikkeleita ja ohjevideoita.<\/li>\n<li><a href=\"https:\/\/primo.uef.fi\/permalink\/358FIN_UOEF\/mhajq\/alma9911700483705966\" target=\"_blank\" rel=\"noopener\">Sage Knowledge Books and Reference<\/a>\u00a0(linkki avautuu uuteen v\u00e4lilehteen) \u2013 yli 170 englanninkielist\u00e4 hakuteosta p\u00e4\u00e4osin yhteiskunta-, k\u00e4ytt\u00e4ytymis- ja taloustieteist\u00e4. Hakuteokset on viety my\u00f6s UEF-Primon kirjastotietokantaan.<\/li>\n<\/ul>\n<p><a href=\"https:\/\/primo.uef.fi\/discovery\/search?query=sub,contains,k%C3%A4sikirjat%20OR%20handbooks,AND&amp;query=any,contains,kasvatu*%20OR%20education*,AND&amp;tab=LibraryCatalog&amp;search_scope=MyInstitution&amp;vid=358FIN_UOEF:VU1&amp;mode=advanced&amp;offset=0\" target=\"_blank\" rel=\"noopener\">Lis\u00e4\u00e4 k\u00e4sikirjoja UEF-Primossa<\/a> (linkki avautuu uuteen v\u00e4lilehteen).<\/p>\n\t\t\t\t<\/div>\n\t\t\t<\/div>\n\t\t\t\t\t<div class=\"accordion accordion-js\">\n\t\t\t\t<button class=\"accordion__button\" aria-controls=\"content-2128\" aria-expanded=\"false\" id=\"accordion-control-2128\">\n\t\t\t\t\t<h3 class=\"accordion__heading\" >\n\t\t\t\t\t\tMenetelm\u00e4oppaita\t\t\t\t\t<\/h3>\n\t\t\t\t<\/button>\n\t\t\t\t<div class=\"accordion__content\" role=\"region\" aria-labelledby=\"accordion-control-2128\" aria-hidden=\"true\" id=\"content-2128\">\n\t\t\t\t\t<div id=\"accordion-20330-def\" class=\"accordion-def expanded\">\n<div class=\"field_content field_type_entity_reference_revisions\">\n<div>\n<div class=\"text-and-links text-and-links--no-title text-and-links--text-paragraph\">\n<div class=\"grid\">\n<div class=\"text-and-links__text\">\n<div class=\"text-and-links__summary\">\n<ul>\n<li><a href=\"https:\/\/primo.uef.fi\/permalink\/358FIN_UOEF\/mhajq\/alma9911700543705966\" target=\"_blank\" rel=\"noopener\">SAGE Reseach Methods<\/a> (linkki avautuu uuteen v\u00e4lilehteen) &#8211; sis\u00e4lt\u00e4\u00e4 yli 1000 nimekett\u00e4 (kirjoja, hakuteoksia, lehtiartikkeleita ja videoita) tutkimusmenetelmien aihealueelta.<\/li>\n<li><a href=\"https:\/\/www.fsd.tuni.fi\/fi\/palvelut\/menetelmaopetus\/#gsc.tab=0\" target=\"_blank\" rel=\"noopener\">Tutkimusmenetelmien verkkok\u00e4sikirja<\/a> (linkki avautuu uuteen v\u00e4lilehteen) &#8211; Tietoarkiston yll\u00e4pit\u00e4m\u00e4 verkko-oppikirja ja oppimisymp\u00e4rist\u00f6, sislt\u00e4\u00e4 sek\u00e4 kvantitatiivisen ett\u00e4 laadullisen tutkimuksen k\u00e4sikirjat<\/li>\n<li><a href=\"https:\/\/primo.uef.fi\/permalink\/358FIN_UOEF\/1aabkvo\/alma9911698923705966\" target=\"_blank\" rel=\"noopener\">International Encyclopedia of the Social and Behavioral Sciences<\/a> (linkki avautuu uuteen v\u00e4lilehteen) \u2013 hae kirjoja ja lehti\u00e4 tutkimusmenetelmist\u00e4 esimerkiksi termeill\u00e4 &#8217;research methods education&#8217;<\/li>\n<\/ul>\n<p>L\u00f6yd\u00e4t UEF-Primosta tutkimusmenetelm\u00e4kirjallisuutta esim. hakusanoilla &#8217;tutkimusmenetelm\u00e4t kasvatus*&#8217; tai &#8217;research methods education&#8217;.<\/p>\n<\/div>\n<\/div>\n<\/div>\n<\/div>\n<\/div>\n<\/div>\n<\/div>\n\t\t\t\t<\/div>\n\t\t\t<\/div>\n\t\t\t\t\t<div class=\"accordion accordion-js\">\n\t\t\t\t<button class=\"accordion__button\" aria-controls=\"content-638\" aria-expanded=\"false\" id=\"accordion-control-638\">\n\t\t\t\t\t<h3 class=\"accordion__heading\" >\n\t\t\t\t\t\tApuneuvoja (esim. sanakirjoja, sanastoja)\t\t\t\t\t<\/h3>\n\t\t\t\t<\/button>\n\t\t\t\t<div class=\"accordion__content\" role=\"region\" aria-labelledby=\"accordion-control-638\" aria-hidden=\"true\" id=\"content-638\">\n\t\t\t\t\t<div id=\"accordion-20332-def\" class=\"accordion-def expanded\">\n<div class=\"field_content field_type_entity_reference_revisions\">\n<div>\n<div class=\"text-and-links text-and-links--no-title text-and-links--text-paragraph\">\n<div class=\"grid\">\n<div class=\"text-and-links__text\">\n<div class=\"text-and-links__summary\">\n<ul>\n<li><a href=\"http:\/\/finto.fi\/fi\/\" target=\"_blank\" rel=\"noopener\">Finto \u2013 suomalainen ontologia- ja sanastopalvelu<\/a> (linkki avautuu uuteen v\u00e4lilehteen) \u2013 avuksi hakusanojen miettimiseen. Kts. erityisesti <a href=\"http:\/\/finto.fi\/yso\/fi\/\" target=\"_blank\" rel=\"noopener\">YSO<\/a> (linkki avautuu uuteen v\u00e4lilehteen) eli Yleinen Suomalainen Ontologia. Kielet suomi, ruotsi, englanti ja pohjoissaame.<\/li>\n<li><a href=\"https:\/\/primo.uef.fi\/permalink\/358FIN_UOEF\/mhajq\/alma9914866433805966\" target=\"_blank\" rel=\"noopener\">MOT-kielipalvelu<\/a> (linkki avautuu uuteen v\u00e4lilehteen) \u2013 sanakirjoja sek\u00e4 apuv\u00e4lineit\u00e4 k\u00e4\u00e4nt\u00e4miseen ja kielenhuoltoon<\/li>\n<li><a href=\"http:\/\/www.tsk.fi\/tepa\/fi\/\" target=\"_blank\" rel=\"noopener\">TEPA-termipankki<\/a> (linkki avautuu uuteen v\u00e4lilehteen) &#8211; Sanastokeskus ry: erikoisalojen sanastojen ja sanakirjojen kokoelma<\/li>\n<li>Zotero ja Mendeley \u2013 ty\u00f6v\u00e4lineit\u00e4 <a href=\"https:\/\/www.uef.fi\/fi\/kirjasto\/lahdeviitteet#paragraph-13100\" target=\"_blank\" rel=\"noopener\">viitteidenhallintaan<\/a> (linkki avautuu uuteen v\u00e4lilehteen)<\/li>\n<li><a href=\"https:\/\/www.tsv.fi\/julkaisufoorumi\/haku.php?lang=fi\" target=\"_blank\" rel=\"noopener\">Julkaisufoorumi<\/a> (JUFO) (linkki avautuu uuteen v\u00e4lilehteen) &#8211; tieteellisten lehtien ja kustantajien tasoluokitus<\/li>\n<li><a href=\"https:\/\/primo.uef.fi\/permalink\/358FIN_UOEF\/10iob6c\/alma9914895930205966\" target=\"_blank\" rel=\"noopener\">Covidence<\/a> (linkki avautuu uuteen v\u00e4lilehteen) &#8211; ty\u00f6v\u00e4line systemaattisten katsaustenen tekemiseen. Kts. kirjaston <a href=\"https:\/\/www.uef.fi\/fi\/kirjasto\/tietoa-tutkimusmenetelmien-valinnasta#accordion-24920\" target=\"_blank\" rel=\"noopener\">Covidence-ohjeistus<\/a> (linkki avautuu uuteen v\u00e4lilehteen)<\/li>\n<li><a href=\"https:\/\/www.uef.fi\/fi\/kirjasto\/avoimen-tiedon-hakuopas\" target=\"_blank\" rel=\"noopener\">Avoimen tiedon hakuopas<\/a> (linkki avautuu uuteen v\u00e4lilehteen) &#8211; valikoituja <a href=\"https:\/\/www.uef.fi\/fi\/kirjasto\/tekoaly-tiedonhaussa\" target=\"_blank\" rel=\"noopener\">apuv\u00e4lineit\u00e4 avointen julkaisujen hakuun<\/a><\/li>\n<li>Teko\u00e4ly tiedonhaussa (UEF Kirjasto): Opas teko\u00e4lyn k\u00e4ytt\u00f6\u00f6n tiedonhaussa, esimerkkej\u00e4 ja sovelluksia (linkki avautuu uuteen v\u00e4lilehteen)<\/li>\n<li><a href=\"https:\/\/www.uef.fi\/fi\/kirjasto\/tiedonhaku-ja-koulutus#paragraph-986312\" target=\"_blank\" rel=\"noopener\">UEF-kirjaston ohjeet oppaat<\/a> (linkki avautuu uuteen v\u00e4lilehteen)<\/li>\n<\/ul>\n<\/div>\n<\/div>\n<\/div>\n<\/div>\n<\/div>\n<\/div>\n<\/div>\n\t\t\t\t<\/div>\n\t\t\t<\/div>\n\t\t\t<\/div>\n\t\n\n\n<div class=\"links-block\">\n\n            <h3>Siirry seuraavaan osioon:<\/h3>\n    \n    <ul class=\"link-list\">\n        \n            \n            <li class=\"link-list-item\">\n                <a href=\"https:\/\/sites.uef.fi\/tiedonhaku-kasvatus\/tiedonlahteet-ja-tietokannat\/kansainvalisten-artikkeleiden-haku\/\" class=\"link-reset link hover-scale-down\">\n                    <svg\n        width=\"43\" height=\"25\"\n        viewBox=\"0 0 43 25\"\n        xmlns=\"http:\/\/www.w3.org\/2000\/svg\">\n    <path\n        d=\"M30.027 0 43 12.5 30.027 25 27 22.083 34.351 15H0v-5h34.351L27 2.917z\"\n        fill=\"currentColor\"\n        fill-rule=\"evenodd\"\/>\n<\/svg>                    <div>Kansainv\u00e4listen artikkeleiden haku<\/div>\n                <\/a>\n                <div class=\"link-info\">\n                                    <\/div>\n            <\/li>\n\n                <\/ul>\n<\/div>","protected":false},"excerpt":{"rendered":"<p>Kirjoista saa vakiintuneen ja yleisesti hyv\u00e4ksytyn kokonaiskuvan ja taustatietoa aiheestaan. Vaikka tietokirjat vanhenevat nopeasti, kullakin alalla on my\u00f6s klassikkonsa, joihin aina viitataan. Kirjoja kannattaa yleens\u00e4 hakea hieman omaa aihettaan laajemmin. Kirjassa voi olla asiaa aiheestasi, mutta kokoelmatietokantoihin on harvoin tallennettu edes sis\u00e4llysluetteloita. Kansainv\u00e4lisiss\u00e4 s\u00e4hk\u00f6isten kirjojen tietokannoissa voit hakea my\u00f6s kirjojen tekstist\u00e4. N\u00e4ist\u00e4 esimerkkin\u00e4&nbsp; Ebook Central [&hellip;]<\/p>\n","protected":false},"author":171,"featured_media":0,"parent":100,"menu_order":0,"comment_status":"closed","ping_status":"closed","template":"","meta":{"_acf_changed":false,"_monsterinsights_skip_tracking":false,"_monsterinsights_sitenote_active":false,"_monsterinsights_sitenote_note":"","_monsterinsights_sitenote_category":0,"footnotes":""},"class_list":["post-288","page","type-page","status-publish","hentry"],"acf":[],"yoast_head":"<!-- This site is optimized with the Yoast SEO plugin v27.3 - https:\/\/yoast.com\/product\/yoast-seo-wordpress\/ -->\n<title>Kirjojen haku - Kasvatustieteiden tiedonhaku \/\/ UEF-kirjasto<\/title>\n<meta name=\"robots\" content=\"index, follow, max-snippet:-1, max-image-preview:large, max-video-preview:-1\" \/>\n<link rel=\"canonical\" href=\"https:\/\/sites.uef.fi\/tiedonhaku-kasvatus\/tiedonlahteet-ja-tietokannat\/kirjojen-haku\/\" \/>\n<meta property=\"og:locale\" content=\"fi_FI\" \/>\n<meta property=\"og:type\" content=\"article\" \/>\n<meta property=\"og:title\" content=\"Kirjojen haku - Kasvatustieteiden tiedonhaku \/\/ UEF-kirjasto\" \/>\n<meta property=\"og:description\" content=\"Kirjoista saa vakiintuneen ja yleisesti hyv\u00e4ksytyn kokonaiskuvan ja taustatietoa aiheestaan. Vaikka tietokirjat vanhenevat nopeasti, kullakin alalla on my\u00f6s klassikkonsa, joihin aina viitataan. Kirjoja kannattaa yleens\u00e4 hakea hieman omaa aihettaan laajemmin. Kirjassa voi olla asiaa aiheestasi, mutta kokoelmatietokantoihin on harvoin tallennettu edes sis\u00e4llysluetteloita. Kansainv\u00e4lisiss\u00e4 s\u00e4hk\u00f6isten kirjojen tietokannoissa voit hakea my\u00f6s kirjojen tekstist\u00e4. N\u00e4ist\u00e4 esimerkkin\u00e4&nbsp; Ebook Central [&hellip;]\" \/>\n<meta property=\"og:url\" content=\"https:\/\/sites.uef.fi\/tiedonhaku-kasvatus\/tiedonlahteet-ja-tietokannat\/kirjojen-haku\/\" \/>\n<meta property=\"og:site_name\" content=\"Kasvatustieteiden tiedonhaku \/\/ UEF-kirjasto\" \/>\n<meta property=\"article:modified_time\" content=\"2025-08-11T11:03:05+00:00\" \/>\n<meta name=\"twitter:card\" content=\"summary_large_image\" \/>\n<meta name=\"twitter:label1\" content=\"Arvioitu lukuaika\" \/>\n\t<meta name=\"twitter:data1\" content=\"1 minuutti\" \/>\n<script type=\"application\/ld+json\" class=\"yoast-schema-graph\">{\"@context\":\"https:\\\/\\\/schema.org\",\"@graph\":[{\"@type\":\"WebPage\",\"@id\":\"https:\\\/\\\/sites.uef.fi\\\/tiedonhaku-kasvatus\\\/tiedonlahteet-ja-tietokannat\\\/kirjojen-haku\\\/\",\"url\":\"https:\\\/\\\/sites.uef.fi\\\/tiedonhaku-kasvatus\\\/tiedonlahteet-ja-tietokannat\\\/kirjojen-haku\\\/\",\"name\":\"Kirjojen haku - Kasvatustieteiden tiedonhaku \\\/\\\/ UEF-kirjasto\",\"isPartOf\":{\"@id\":\"https:\\\/\\\/sites.uef.fi\\\/tiedonhaku-kasvatus\\\/#website\"},\"datePublished\":\"2020-06-24T10:40:17+00:00\",\"dateModified\":\"2025-08-11T11:03:05+00:00\",\"breadcrumb\":{\"@id\":\"https:\\\/\\\/sites.uef.fi\\\/tiedonhaku-kasvatus\\\/tiedonlahteet-ja-tietokannat\\\/kirjojen-haku\\\/#breadcrumb\"},\"inLanguage\":\"fi\",\"potentialAction\":[{\"@type\":\"ReadAction\",\"target\":[\"https:\\\/\\\/sites.uef.fi\\\/tiedonhaku-kasvatus\\\/tiedonlahteet-ja-tietokannat\\\/kirjojen-haku\\\/\"]}]},{\"@type\":\"BreadcrumbList\",\"@id\":\"https:\\\/\\\/sites.uef.fi\\\/tiedonhaku-kasvatus\\\/tiedonlahteet-ja-tietokannat\\\/kirjojen-haku\\\/#breadcrumb\",\"itemListElement\":[{\"@type\":\"ListItem\",\"position\":1,\"name\":\"Home\",\"item\":\"https:\\\/\\\/sites.uef.fi\\\/tiedonhaku-kasvatus\\\/\"},{\"@type\":\"ListItem\",\"position\":2,\"name\":\"Tiedonl\u00e4hteet ja tietokannat\",\"item\":\"https:\\\/\\\/sites.uef.fi\\\/tiedonhaku-kasvatus\\\/tiedonlahteet-ja-tietokannat\\\/\"},{\"@type\":\"ListItem\",\"position\":3,\"name\":\"Kirjojen haku\"}]},{\"@type\":\"WebSite\",\"@id\":\"https:\\\/\\\/sites.uef.fi\\\/tiedonhaku-kasvatus\\\/#website\",\"url\":\"https:\\\/\\\/sites.uef.fi\\\/tiedonhaku-kasvatus\\\/\",\"name\":\"Kasvatustieteiden tiedonhaku \\\/\\\/ UEF-kirjasto\",\"description\":\"\",\"potentialAction\":[{\"@type\":\"SearchAction\",\"target\":{\"@type\":\"EntryPoint\",\"urlTemplate\":\"https:\\\/\\\/sites.uef.fi\\\/tiedonhaku-kasvatus\\\/?s={search_term_string}\"},\"query-input\":{\"@type\":\"PropertyValueSpecification\",\"valueRequired\":true,\"valueName\":\"search_term_string\"}}],\"inLanguage\":\"fi\"}]}<\/script>\n<!-- \/ Yoast SEO plugin. -->","yoast_head_json":{"title":"Kirjojen haku - Kasvatustieteiden tiedonhaku \/\/ UEF-kirjasto","robots":{"index":"index","follow":"follow","max-snippet":"max-snippet:-1","max-image-preview":"max-image-preview:large","max-video-preview":"max-video-preview:-1"},"canonical":"https:\/\/sites.uef.fi\/tiedonhaku-kasvatus\/tiedonlahteet-ja-tietokannat\/kirjojen-haku\/","og_locale":"fi_FI","og_type":"article","og_title":"Kirjojen haku - Kasvatustieteiden tiedonhaku \/\/ UEF-kirjasto","og_description":"Kirjoista saa vakiintuneen ja yleisesti hyv\u00e4ksytyn kokonaiskuvan ja taustatietoa aiheestaan. Vaikka tietokirjat vanhenevat nopeasti, kullakin alalla on my\u00f6s klassikkonsa, joihin aina viitataan. Kirjoja kannattaa yleens\u00e4 hakea hieman omaa aihettaan laajemmin. Kirjassa voi olla asiaa aiheestasi, mutta kokoelmatietokantoihin on harvoin tallennettu edes sis\u00e4llysluetteloita. Kansainv\u00e4lisiss\u00e4 s\u00e4hk\u00f6isten kirjojen tietokannoissa voit hakea my\u00f6s kirjojen tekstist\u00e4. N\u00e4ist\u00e4 esimerkkin\u00e4&nbsp; Ebook Central [&hellip;]","og_url":"https:\/\/sites.uef.fi\/tiedonhaku-kasvatus\/tiedonlahteet-ja-tietokannat\/kirjojen-haku\/","og_site_name":"Kasvatustieteiden tiedonhaku \/\/ UEF-kirjasto","article_modified_time":"2025-08-11T11:03:05+00:00","twitter_card":"summary_large_image","twitter_misc":{"Arvioitu lukuaika":"1 minuutti"},"schema":{"@context":"https:\/\/schema.org","@graph":[{"@type":"WebPage","@id":"https:\/\/sites.uef.fi\/tiedonhaku-kasvatus\/tiedonlahteet-ja-tietokannat\/kirjojen-haku\/","url":"https:\/\/sites.uef.fi\/tiedonhaku-kasvatus\/tiedonlahteet-ja-tietokannat\/kirjojen-haku\/","name":"Kirjojen haku - Kasvatustieteiden tiedonhaku \/\/ UEF-kirjasto","isPartOf":{"@id":"https:\/\/sites.uef.fi\/tiedonhaku-kasvatus\/#website"},"datePublished":"2020-06-24T10:40:17+00:00","dateModified":"2025-08-11T11:03:05+00:00","breadcrumb":{"@id":"https:\/\/sites.uef.fi\/tiedonhaku-kasvatus\/tiedonlahteet-ja-tietokannat\/kirjojen-haku\/#breadcrumb"},"inLanguage":"fi","potentialAction":[{"@type":"ReadAction","target":["https:\/\/sites.uef.fi\/tiedonhaku-kasvatus\/tiedonlahteet-ja-tietokannat\/kirjojen-haku\/"]}]},{"@type":"BreadcrumbList","@id":"https:\/\/sites.uef.fi\/tiedonhaku-kasvatus\/tiedonlahteet-ja-tietokannat\/kirjojen-haku\/#breadcrumb","itemListElement":[{"@type":"ListItem","position":1,"name":"Home","item":"https:\/\/sites.uef.fi\/tiedonhaku-kasvatus\/"},{"@type":"ListItem","position":2,"name":"Tiedonl\u00e4hteet ja tietokannat","item":"https:\/\/sites.uef.fi\/tiedonhaku-kasvatus\/tiedonlahteet-ja-tietokannat\/"},{"@type":"ListItem","position":3,"name":"Kirjojen haku"}]},{"@type":"WebSite","@id":"https:\/\/sites.uef.fi\/tiedonhaku-kasvatus\/#website","url":"https:\/\/sites.uef.fi\/tiedonhaku-kasvatus\/","name":"Kasvatustieteiden tiedonhaku \/\/ UEF-kirjasto","description":"","potentialAction":[{"@type":"SearchAction","target":{"@type":"EntryPoint","urlTemplate":"https:\/\/sites.uef.fi\/tiedonhaku-kasvatus\/?s={search_term_string}"},"query-input":{"@type":"PropertyValueSpecification","valueRequired":true,"valueName":"search_term_string"}}],"inLanguage":"fi"}]}},"_links":{"self":[{"href":"https:\/\/sites.uef.fi\/tiedonhaku-kasvatus\/wp-json\/wp\/v2\/pages\/288","targetHints":{"allow":["GET"]}}],"collection":[{"href":"https:\/\/sites.uef.fi\/tiedonhaku-kasvatus\/wp-json\/wp\/v2\/pages"}],"about":[{"href":"https:\/\/sites.uef.fi\/tiedonhaku-kasvatus\/wp-json\/wp\/v2\/types\/page"}],"author":[{"embeddable":true,"href":"https:\/\/sites.uef.fi\/tiedonhaku-kasvatus\/wp-json\/wp\/v2\/users\/171"}],"replies":[{"embeddable":true,"href":"https:\/\/sites.uef.fi\/tiedonhaku-kasvatus\/wp-json\/wp\/v2\/comments?post=288"}],"version-history":[{"count":1,"href":"https:\/\/sites.uef.fi\/tiedonhaku-kasvatus\/wp-json\/wp\/v2\/pages\/288\/revisions"}],"predecessor-version":[{"id":5317,"href":"https:\/\/sites.uef.fi\/tiedonhaku-kasvatus\/wp-json\/wp\/v2\/pages\/288\/revisions\/5317"}],"up":[{"embeddable":true,"href":"https:\/\/sites.uef.fi\/tiedonhaku-kasvatus\/wp-json\/wp\/v2\/pages\/100"}],"wp:attachment":[{"href":"https:\/\/sites.uef.fi\/tiedonhaku-kasvatus\/wp-json\/wp\/v2\/media?parent=288"}],"curies":[{"name":"wp","href":"https:\/\/api.w.org\/{rel}","templated":true}]}}