{"id":294,"date":"2020-06-24T13:40:48","date_gmt":"2020-06-24T10:40:48","guid":{"rendered":"https:\/\/sites.uef.fi\/tiedonhaku-kasvatus\/?page_id=294"},"modified":"2025-06-19T14:57:10","modified_gmt":"2025-06-19T11:57:10","slug":"kansainvalisten-artikkeleiden-haku","status":"publish","type":"page","link":"https:\/\/sites.uef.fi\/tiedonhaku-kasvatus\/tiedonlahteet-ja-tietokannat\/kansainvalisten-artikkeleiden-haku\/","title":{"rendered":"Kansainv\u00e4listen artikkeleiden haku"},"content":{"rendered":"\n<p>Artikkelit kansainv\u00e4lisiss\u00e4 tieteellisiss\u00e4 aikakauslehdiss\u00e4 ovat t\u00e4rke\u00e4\u00e4 tutkimuskirjallisuutta. Kansainv\u00e4listen viitetietokantojen avulla saat k\u00e4sityksen, mit\u00e4 etsim\u00e4st\u00e4si aiheesta ylip\u00e4\u00e4ns\u00e4 on kirjoitettu. Tietokannoissa on usein lehtiartikkelitietojen lis\u00e4ksi tietoja my\u00f6s kirja-aineistosta ja konferenssijulkaisuista. Huomaa, ett\u00e4 my\u00f6s &#8221;suomalaisista aiheista&#8221; tutkijat raportoivat tutkimuksensa yh\u00e4 useammin kansainv\u00e4lisiss\u00e4 julkaisuissa.<\/p>\n\n\n\n<h2 class=\"wp-block-heading\">UEF-Primon haku kansainv\u00e4lisist\u00e4 artikkeleista<\/h2>\n\n\n\n<p><strong>UEF-Primon haku kansainv\u00e4lisist\u00e4 artikkeleista<\/strong> tavoittaa yhdell\u00e4 haulla useita tietokantoja, mutta haku ei ole kaikenkattava. N\u00e4in voit l\u00f6yt\u00e4\u00e4 tarvitsemasi, mutta usein haku vaatii reippaita rajauksia viitem\u00e4\u00e4r\u00e4n saamiseksi kohtuullisen relevantiksi ja hallittavaksi. Hakua ei voi rajata haluamiinsa tietokantoihin. Kun teet hakusi yksitt\u00e4isess\u00e4 tiedokannassa, sinun on helpompi muokata ja hallinnoida tulosta. Vaativammat haut esimerkiksi systemaattisesti koottua kirjallisuuskatsausta varten kannattaa tehd\u00e4 yksitt\u00e4isiss\u00e4 tietokannoissa.<\/p>\n\n\n\n<p>UEF-Primossa haet kansainv\u00e4liset artikkelit kohdistamalla haun kansainv\u00e4lisiin artikkeleihin. Voit valita my\u00f6s haun Elektroniset aineistot tai Kaikki. Kotimaisten artikkeleiden hausta kerrotaan seuraavassa osiossa: <a href=\"https:\/\/sites.uef.fi\/tiedonhaku-kasvatus\/tiedonlahteet-ja-tietokannat\/kotimaisten-artikkeleiden-haku\/\">Kotimaisten artikkeleiden haku<\/a>.<\/p>\n\n\n\n<figure class=\"wp-block-image size-large\"><img loading=\"lazy\" decoding=\"async\" width=\"1024\" height=\"586\" src=\"https:\/\/sites.uef.fi\/tiedonhaku-kasvatus\/wp-content\/uploads\/sites\/80\/2021\/06\/Kv-haku_humour-1024x586.png\" alt=\"Kuvakaappaus UEF-Primon kansainv\u00e4listen artikkelien hausta tarkennetussa haussa. Yl\u00e4valikosta on valittava joko Kansainv\u00e4liset artikkelit, elektroniset aineistot tai Kaikki.\" class=\"wp-image-2081\" srcset=\"https:\/\/sites.uef.fi\/tiedonhaku-kasvatus\/wp-content\/uploads\/sites\/80\/2021\/06\/Kv-haku_humour-1024x586.png 1024w, https:\/\/sites.uef.fi\/tiedonhaku-kasvatus\/wp-content\/uploads\/sites\/80\/2021\/06\/Kv-haku_humour-300x172.png 300w, https:\/\/sites.uef.fi\/tiedonhaku-kasvatus\/wp-content\/uploads\/sites\/80\/2021\/06\/Kv-haku_humour-768x439.png 768w, https:\/\/sites.uef.fi\/tiedonhaku-kasvatus\/wp-content\/uploads\/sites\/80\/2021\/06\/Kv-haku_humour.png 1108w\" sizes=\"auto, (max-width: 1024px) 100vw, 1024px\" \/><figcaption class=\"wp-element-caption\">Kuva: Tarkennettu haku UEF-Primossa. Valitse ylh\u00e4\u00e4ll\u00e4 valintanapista, mihin aineistoihin kohdistat hakusi.<\/figcaption><\/figure>\n\n\n\n<figure class=\"wp-block-image size-large\"><img loading=\"lazy\" decoding=\"async\" width=\"1024\" height=\"576\" src=\"https:\/\/sites.uef.fi\/tiedonhaku-kasvatus\/wp-content\/uploads\/sites\/80\/2022\/09\/Primo_kv-haku_artikkelilinkit-1024x576.png\" alt=\"Kuvakaappaus UEF-Primon kansainv\u00e4listen artikkeleiden hausta\" class=\"wp-image-2943\" srcset=\"https:\/\/sites.uef.fi\/tiedonhaku-kasvatus\/wp-content\/uploads\/sites\/80\/2022\/09\/Primo_kv-haku_artikkelilinkit-1024x576.png 1024w, https:\/\/sites.uef.fi\/tiedonhaku-kasvatus\/wp-content\/uploads\/sites\/80\/2022\/09\/Primo_kv-haku_artikkelilinkit-300x169.png 300w, https:\/\/sites.uef.fi\/tiedonhaku-kasvatus\/wp-content\/uploads\/sites\/80\/2022\/09\/Primo_kv-haku_artikkelilinkit-768x432.png 768w, https:\/\/sites.uef.fi\/tiedonhaku-kasvatus\/wp-content\/uploads\/sites\/80\/2022\/09\/Primo_kv-haku_artikkelilinkit.png 1280w\" sizes=\"auto, (max-width: 1024px) 100vw, 1024px\" \/><figcaption class=\"wp-element-caption\">Kuva: UEF-Primosta on suora p\u00e4\u00e4sy artikkeleihin ja lehden sis\u00e4lt\u00f6\u00f6n. N\u00e4et my\u00f6s, onko lehti vertaisarvioitu.<\/figcaption><\/figure>\n\n\n\n<ul class=\"wp-block-list\">\n<li>UEF-Primossa nopein p\u00e4\u00e4sy PDF-tiedostoon tai lehden sis\u00e4llysluetteloihin ovat linkit tietueen alla (N\u00e4yt\u00e4 PDF\/View PDF tai N\u00e4yt\u00e4 lehti\/View issue, kts. kuva yll\u00e4).<\/li>\n\n\n\n<li>Klikkaa artikkelin otsikkoa tai Saatavilla verkossa -linkki\u00e4, jos haluat n\u00e4hd\u00e4 lis\u00e4tietoja julkaisusta.<\/li>\n<\/ul>\n\n\n\n<h2 class=\"wp-block-heading\">Haku kansainv\u00e4lisist\u00e4 tietokannoista (erilliset tietokannat)<\/h2>\n\n\n\n<p>Hae kansainv\u00e4liset tietokannat UEF-Primon kautta, jotta l\u00f6yd\u00e4t oikean k\u00e4ytt\u00f6liittym\u00e4n ja saat my\u00f6s lisensoidut eli kirjaston hankkimat maksulliset julkaisut auki. <\/p>\n\n\n\n<p>UEF-Primon <strong>tietokantahaku<\/strong> l\u00f6ytyy haun aloitussivun yl\u00e4valikosta. Aiheittain tai tieteenaloittain j\u00e4rjesteltyn\u00e4 l\u00f6yd\u00e4t ne tietokantahaun sivulla vasemmalla olevasta valikosta<a href=\"https:\/\/primo.uef.fi\/discovery\/dbsearch?query=contains,dbcategory,&amp;tab=jsearch_slot&amp;sortby=title&amp;vid=358FIN_UOEF:VU1&amp;databases=category,behavioural_sciences%E2%94%80education\" target=\"_blank\" rel=\"noreferrer noopener\"> Tietokannat aiheittain<\/a> (linkki avautuu uuteen v\u00e4lilehteen ja n\u00e4ytt\u00e4\u00e4 kasvatustieteiden kategorian).<\/p>\n\n\n\n<figure class=\"wp-block-image size-large is-resized\"><img loading=\"lazy\" decoding=\"async\" width=\"1024\" height=\"576\" src=\"https:\/\/sites.uef.fi\/tiedonhaku-kasvatus\/wp-content\/uploads\/sites\/80\/2022\/09\/Primon_tietokantahaku-1024x576.png\" alt=\"Kuvakaappaus UEF-Primosta: tietokantahaku\" class=\"wp-image-2946\" style=\"width:851px;height:478px\" srcset=\"https:\/\/sites.uef.fi\/tiedonhaku-kasvatus\/wp-content\/uploads\/sites\/80\/2022\/09\/Primon_tietokantahaku-1024x576.png 1024w, https:\/\/sites.uef.fi\/tiedonhaku-kasvatus\/wp-content\/uploads\/sites\/80\/2022\/09\/Primon_tietokantahaku-300x169.png 300w, https:\/\/sites.uef.fi\/tiedonhaku-kasvatus\/wp-content\/uploads\/sites\/80\/2022\/09\/Primon_tietokantahaku-768x432.png 768w, https:\/\/sites.uef.fi\/tiedonhaku-kasvatus\/wp-content\/uploads\/sites\/80\/2022\/09\/Primon_tietokantahaku.png 1280w\" sizes=\"auto, (max-width: 1024px) 100vw, 1024px\" \/><figcaption class=\"wp-element-caption\">Kuva: Tietokantahaku l\u00f6ytyy Primon yl\u00e4valikosta<\/figcaption><\/figure>\n\n\n\n<p>T\u00e4rkeimpi\u00e4 alakohtaisia tietokantoja on listattu <a href=\"https:\/\/www.uef.fi\/fi\/kirjasto\/tiedonhaku-ja-koulutus#paragraph-20253\" target=\"_blank\" rel=\"noreferrer noopener\">UEF-kirjaston tiedonhaun ja koulutuksen verkkosivuille<\/a>. L\u00f6yd\u00e4t sielt\u00e4 <a href=\"https:\/\/www.uef.fi\/fi\/kirjasto\/kasvatustieteen-tiedonlahteet\" target=\"_blank\" rel=\"noreferrer noopener\">suositukset kasvatuksen ja opettajankoulutuksen tiedonl\u00e4hteist\u00e4<\/a> (linkit avautuvat uuteen v\u00e4lilehteen). <\/p>\n\n\n\n<p>Artikkelit ovat saatavissa joko <strong>kokonaisuudessaan (full text)<\/strong> tai pelkkin\u00e4 <strong>viittein\u00e4<\/strong> tietokannasta riippuen. Erillisiss\u00e4 tietokannoissa voi usein <strong>j\u00e4ljitt\u00e4\u00e4<\/strong> artikkelin kokonaisuudessaan muista kirjaston hankkimista tietokannoista: klikkaa vain Find it -linkki\u00e4&nbsp; <img loading=\"lazy\" decoding=\"async\" src=\"https:\/\/sites.uef.fi\/tiedonhaku-kasvatus\/wp-content\/uploads\/sites\/80\/2020\/07\/Find_it_linkitys.png\" alt=\"Kuvakaappaus. Kuva Find it -linkist\u00e4, joka linkitt\u00e4\u00e4 aineistoja UEF-Primon tietokantojen v\u00e4lill\u00e4.\" width=\"70\" height=\"27\"><\/p>\n\n\n\n<p>Tietokannoissa on paljon p\u00e4\u00e4llekk\u00e4isyytt\u00e4, mutta systemaattinen tiedonhakija k\u00e4y tutkimassa useampia tietokantoja. Osittain tietokannan valintaan vaikuttaa my\u00f6s aihe, josta olet tietoa etsim\u00e4ss\u00e4. Jos aiheesi on tieteidenv\u00e4linen tai monitieteinen, tutustu my\u00f6s muiden alojen tietokantoihin. <\/p>\n\n\n\n<p>T\u00e4ss\u00e4 on esimerkki aiheenmukaisesta tiedonhausta ERIC (ProQuest) -tietokannassa:<\/p>\n\n\n\n<figure class=\"wp-block-image size-large is-resized\"><img loading=\"lazy\" decoding=\"async\" width=\"1024\" height=\"861\" src=\"https:\/\/sites.uef.fi\/tiedonhaku-kasvatus\/wp-content\/uploads\/sites\/80\/2020\/07\/ERIC-hakuesimerkki-1024x861.png\" alt=\"Kuvakaappaus ERIC (ProQuest) -tietokannan hausta. Kuvaa klikkaamalla p\u00e4\u00e4see tiedostoon, jonka yhteydess\u00e4 on kuvan selostus.\" class=\"wp-image-1021\" style=\"width:934px;height:785px\" srcset=\"https:\/\/sites.uef.fi\/tiedonhaku-kasvatus\/wp-content\/uploads\/sites\/80\/2020\/07\/ERIC-hakuesimerkki-1024x861.png 1024w, https:\/\/sites.uef.fi\/tiedonhaku-kasvatus\/wp-content\/uploads\/sites\/80\/2020\/07\/ERIC-hakuesimerkki-300x252.png 300w, https:\/\/sites.uef.fi\/tiedonhaku-kasvatus\/wp-content\/uploads\/sites\/80\/2020\/07\/ERIC-hakuesimerkki-768x646.png 768w, https:\/\/sites.uef.fi\/tiedonhaku-kasvatus\/wp-content\/uploads\/sites\/80\/2020\/07\/ERIC-hakuesimerkki.png 1042w\" sizes=\"auto, (max-width: 1024px) 100vw, 1024px\" \/><\/figure>\n\n\n\t<div id=\"accordion-block_f916e52ebf5ef69819812d1120d9f471\" class=\"accordions\">\n\t\t\t\t\t<div class=\"accordion accordion-js\">\n\t\t\t\t<button class=\"accordion__button\" aria-controls=\"content-4019\" aria-expanded=\"false\" id=\"accordion-control-4019\">\n\t\t\t\t\t<h3 class=\"accordion__heading\" >\n\t\t\t\t\t\tT\u00e4st\u00e4 voit lukea ERIC-haun sanallisen selostuksen\t\t\t\t\t<\/h3>\n\t\t\t\t<\/button>\n\t\t\t\t<div class=\"accordion__content\" role=\"region\" aria-labelledby=\"accordion-control-4019\" aria-hidden=\"true\" id=\"content-4019\">\n\t\t\t\t\t<p>Hakulause on (&#8221;distance learning&#8221; OR &#8221;online courses&#8221; OR &#8221;virtual classrooms&#8221; OR &#8221;educational technology&#8221;) AND (&#8221;primary education&#8221; OR &#8221;primary school*&#8221;) Se on kirjoitettu <strong>tarkennetun haun<\/strong> lomakkeelle. <strong>OR-kytkenn\u00e4t<\/strong> eli vaihtoehtoiset hakusanat on kirjoitettu omaan hakulaatikkoonsa omina ryhmin\u00e4\u00e4n. OR-ryhm\u00e4t on yhdistetty <strong>AND-operaattorilla<\/strong>. <strong>Lainausmerkit<\/strong> tarkoittavat, ett\u00e4 sanaliitto haetaan <strong>fraasina<\/strong> eli sanat t\u00e4ss\u00e4 j\u00e4rjestyksess\u00e4 yhteen kytkettyin\u00e4.<\/p>\n<p>Hakutulos on 115 viitett\u00e4. Haku on rajattu <strong>vertaisarvioituihin<\/strong> (peer reviewed) aineistoihin. Rajaus <strong>julkaisuvuoden<\/strong> mukaan on tehty vuosille 2018-2020. Rajausmahdollisuudet n\u00e4kyv\u00e4t tuloslistauksen vasemmalla puolella.<\/p>\n<p>Tuloslistauksessa n\u00e4kyy artikkelien <strong>saatavuustieto<\/strong>. <strong>Get full text<\/strong> -linkin kautta p\u00e4\u00e4see suoraan kokoteksteihin. ERIC-tietokanta on ns.viitetietokanta, mutta se sis\u00e4lt\u00e4\u00e4 jonkin verran my\u00f6s kokotekstej\u00e4. <strong>Find it -painike<\/strong> tarkistaa saatavuuden UEF-Primosta. S\u00e4hk\u00f6isten lehtien kohdalla se antaa tietokantaan linkin, josta painamalla p\u00e4\u00e4see yleens\u00e4 suoraan artikkeliin. Jos lehti tai sen vuosikerta on kirjastossa vain painettuna, UEF-Primo n\u00e4ytt\u00e4\u00e4 lehden varastotiedot. Ota huomioon, ett\u00e4 kaikkia ERIC-tietokannan lehti\u00e4 tai vuosikertoja ei ole saatavissa kirjastossa painettuna eik\u00e4 s\u00e4hk\u00f6isen\u00e4.<\/p>\n\t\t\t\t<\/div>\n\t\t\t<\/div>\n\t\t\t<\/div>\n\t\n\n\n<p>Lue\u00a0 lis\u00e4\u00e4 hakemisesta <a href=\"https:\/\/www.uef.fi\/fi\/kirjasto\/uef-primon-kayttoohjeet\" target=\"_blank\" rel=\"noreferrer noopener\">UEF-Primon k\u00e4ytt\u00f6ohjeesta<\/a> (linkki avautuu uuteen v\u00e4lilehteen).<\/p>\n\n\n\n<div class=\"links-block\">\n\n            <h3>Siirry seuraavaan osioon:<\/h3>\n    \n    <ul class=\"link-list\">\n        \n            \n            <li class=\"link-list-item\">\n                <a href=\"https:\/\/sites.uef.fi\/tiedonhaku-kasvatus\/tiedonlahteet-ja-tietokannat\/kotimaisten-artikkeleiden-haku\/\" class=\"link-reset link hover-scale-down\">\n                    <svg\n        width=\"43\" height=\"25\"\n        viewBox=\"0 0 43 25\"\n        xmlns=\"http:\/\/www.w3.org\/2000\/svg\">\n    <path\n        d=\"M30.027 0 43 12.5 30.027 25 27 22.083 34.351 15H0v-5h34.351L27 2.917z\"\n        fill=\"currentColor\"\n        fill-rule=\"evenodd\"\/>\n<\/svg>                    <div>Kotimaisten artikkeleiden haku<\/div>\n                <\/a>\n                <div class=\"link-info\">\n                                    <\/div>\n            <\/li>\n\n                <\/ul>\n<\/div>","protected":false},"excerpt":{"rendered":"<p>Artikkelit kansainv\u00e4lisiss\u00e4 tieteellisiss\u00e4 aikakauslehdiss\u00e4 ovat t\u00e4rke\u00e4\u00e4 tutkimuskirjallisuutta. Kansainv\u00e4listen viitetietokantojen avulla saat k\u00e4sityksen, mit\u00e4 etsim\u00e4st\u00e4si aiheesta ylip\u00e4\u00e4ns\u00e4 on kirjoitettu. Tietokannoissa on usein lehtiartikkelitietojen lis\u00e4ksi tietoja my\u00f6s kirja-aineistosta ja konferenssijulkaisuista. Huomaa, ett\u00e4 my\u00f6s &#8221;suomalaisista aiheista&#8221; tutkijat raportoivat tutkimuksensa yh\u00e4 useammin kansainv\u00e4lisiss\u00e4 julkaisuissa. UEF-Primon haku kansainv\u00e4lisist\u00e4 artikkeleista UEF-Primon haku kansainv\u00e4lisist\u00e4 artikkeleista tavoittaa yhdell\u00e4 haulla useita tietokantoja, mutta haku [&hellip;]<\/p>\n","protected":false},"author":171,"featured_media":0,"parent":100,"menu_order":0,"comment_status":"closed","ping_status":"closed","template":"","meta":{"_acf_changed":false,"_monsterinsights_skip_tracking":false,"_monsterinsights_sitenote_active":false,"_monsterinsights_sitenote_note":"","_monsterinsights_sitenote_category":0,"footnotes":""},"class_list":["post-294","page","type-page","status-publish","hentry"],"acf":[],"yoast_head":"<!-- This site is optimized with the Yoast SEO plugin v27.3 - https:\/\/yoast.com\/product\/yoast-seo-wordpress\/ -->\n<title>Kansainv\u00e4listen artikkeleiden haku - Kasvatustieteiden tiedonhaku \/\/ UEF-kirjasto<\/title>\n<meta name=\"robots\" content=\"index, follow, max-snippet:-1, max-image-preview:large, max-video-preview:-1\" \/>\n<link rel=\"canonical\" href=\"https:\/\/sites.uef.fi\/tiedonhaku-kasvatus\/tiedonlahteet-ja-tietokannat\/kansainvalisten-artikkeleiden-haku\/\" \/>\n<meta property=\"og:locale\" content=\"fi_FI\" \/>\n<meta property=\"og:type\" content=\"article\" \/>\n<meta property=\"og:title\" content=\"Kansainv\u00e4listen artikkeleiden haku - Kasvatustieteiden tiedonhaku \/\/ UEF-kirjasto\" \/>\n<meta property=\"og:description\" content=\"Artikkelit kansainv\u00e4lisiss\u00e4 tieteellisiss\u00e4 aikakauslehdiss\u00e4 ovat t\u00e4rke\u00e4\u00e4 tutkimuskirjallisuutta. Kansainv\u00e4listen viitetietokantojen avulla saat k\u00e4sityksen, mit\u00e4 etsim\u00e4st\u00e4si aiheesta ylip\u00e4\u00e4ns\u00e4 on kirjoitettu. Tietokannoissa on usein lehtiartikkelitietojen lis\u00e4ksi tietoja my\u00f6s kirja-aineistosta ja konferenssijulkaisuista. Huomaa, ett\u00e4 my\u00f6s &#8221;suomalaisista aiheista&#8221; tutkijat raportoivat tutkimuksensa yh\u00e4 useammin kansainv\u00e4lisiss\u00e4 julkaisuissa. UEF-Primon haku kansainv\u00e4lisist\u00e4 artikkeleista UEF-Primon haku kansainv\u00e4lisist\u00e4 artikkeleista tavoittaa yhdell\u00e4 haulla useita tietokantoja, mutta haku [&hellip;]\" \/>\n<meta property=\"og:url\" content=\"https:\/\/sites.uef.fi\/tiedonhaku-kasvatus\/tiedonlahteet-ja-tietokannat\/kansainvalisten-artikkeleiden-haku\/\" \/>\n<meta property=\"og:site_name\" content=\"Kasvatustieteiden tiedonhaku \/\/ UEF-kirjasto\" \/>\n<meta property=\"article:modified_time\" content=\"2025-06-19T11:57:10+00:00\" \/>\n<meta property=\"og:image\" content=\"https:\/\/sites.uef.fi\/tiedonhaku-kasvatus\/wp-content\/uploads\/sites\/80\/2021\/06\/Kv-haku_humour.png\" \/>\n\t<meta property=\"og:image:width\" content=\"1108\" \/>\n\t<meta property=\"og:image:height\" content=\"634\" \/>\n\t<meta property=\"og:image:type\" content=\"image\/png\" \/>\n<meta name=\"twitter:card\" content=\"summary_large_image\" \/>\n<meta name=\"twitter:label1\" content=\"Arvioitu lukuaika\" \/>\n\t<meta name=\"twitter:data1\" content=\"4 minuuttia\" \/>\n<script type=\"application\/ld+json\" class=\"yoast-schema-graph\">{\"@context\":\"https:\\\/\\\/schema.org\",\"@graph\":[{\"@type\":\"WebPage\",\"@id\":\"https:\\\/\\\/sites.uef.fi\\\/tiedonhaku-kasvatus\\\/tiedonlahteet-ja-tietokannat\\\/kansainvalisten-artikkeleiden-haku\\\/\",\"url\":\"https:\\\/\\\/sites.uef.fi\\\/tiedonhaku-kasvatus\\\/tiedonlahteet-ja-tietokannat\\\/kansainvalisten-artikkeleiden-haku\\\/\",\"name\":\"Kansainv\u00e4listen artikkeleiden haku - Kasvatustieteiden tiedonhaku \\\/\\\/ UEF-kirjasto\",\"isPartOf\":{\"@id\":\"https:\\\/\\\/sites.uef.fi\\\/tiedonhaku-kasvatus\\\/#website\"},\"primaryImageOfPage\":{\"@id\":\"https:\\\/\\\/sites.uef.fi\\\/tiedonhaku-kasvatus\\\/tiedonlahteet-ja-tietokannat\\\/kansainvalisten-artikkeleiden-haku\\\/#primaryimage\"},\"image\":{\"@id\":\"https:\\\/\\\/sites.uef.fi\\\/tiedonhaku-kasvatus\\\/tiedonlahteet-ja-tietokannat\\\/kansainvalisten-artikkeleiden-haku\\\/#primaryimage\"},\"thumbnailUrl\":\"https:\\\/\\\/sites.uef.fi\\\/tiedonhaku-kasvatus\\\/wp-content\\\/uploads\\\/sites\\\/80\\\/2021\\\/06\\\/Kv-haku_humour-1024x586.png\",\"datePublished\":\"2020-06-24T10:40:48+00:00\",\"dateModified\":\"2025-06-19T11:57:10+00:00\",\"breadcrumb\":{\"@id\":\"https:\\\/\\\/sites.uef.fi\\\/tiedonhaku-kasvatus\\\/tiedonlahteet-ja-tietokannat\\\/kansainvalisten-artikkeleiden-haku\\\/#breadcrumb\"},\"inLanguage\":\"fi\",\"potentialAction\":[{\"@type\":\"ReadAction\",\"target\":[\"https:\\\/\\\/sites.uef.fi\\\/tiedonhaku-kasvatus\\\/tiedonlahteet-ja-tietokannat\\\/kansainvalisten-artikkeleiden-haku\\\/\"]}]},{\"@type\":\"ImageObject\",\"inLanguage\":\"fi\",\"@id\":\"https:\\\/\\\/sites.uef.fi\\\/tiedonhaku-kasvatus\\\/tiedonlahteet-ja-tietokannat\\\/kansainvalisten-artikkeleiden-haku\\\/#primaryimage\",\"url\":\"https:\\\/\\\/sites.uef.fi\\\/tiedonhaku-kasvatus\\\/wp-content\\\/uploads\\\/sites\\\/80\\\/2021\\\/06\\\/Kv-haku_humour.png\",\"contentUrl\":\"https:\\\/\\\/sites.uef.fi\\\/tiedonhaku-kasvatus\\\/wp-content\\\/uploads\\\/sites\\\/80\\\/2021\\\/06\\\/Kv-haku_humour.png\",\"width\":1108,\"height\":634,\"caption\":\"Tarkennettu haku UEF-Primossa. Valitse ylh\u00e4\u00e4ll\u00e4, mihin aineistoihin kohdistat hakusi.\"},{\"@type\":\"BreadcrumbList\",\"@id\":\"https:\\\/\\\/sites.uef.fi\\\/tiedonhaku-kasvatus\\\/tiedonlahteet-ja-tietokannat\\\/kansainvalisten-artikkeleiden-haku\\\/#breadcrumb\",\"itemListElement\":[{\"@type\":\"ListItem\",\"position\":1,\"name\":\"Home\",\"item\":\"https:\\\/\\\/sites.uef.fi\\\/tiedonhaku-kasvatus\\\/\"},{\"@type\":\"ListItem\",\"position\":2,\"name\":\"Tiedonl\u00e4hteet ja tietokannat\",\"item\":\"https:\\\/\\\/sites.uef.fi\\\/tiedonhaku-kasvatus\\\/tiedonlahteet-ja-tietokannat\\\/\"},{\"@type\":\"ListItem\",\"position\":3,\"name\":\"Kansainv\u00e4listen artikkeleiden haku\"}]},{\"@type\":\"WebSite\",\"@id\":\"https:\\\/\\\/sites.uef.fi\\\/tiedonhaku-kasvatus\\\/#website\",\"url\":\"https:\\\/\\\/sites.uef.fi\\\/tiedonhaku-kasvatus\\\/\",\"name\":\"Kasvatustieteiden tiedonhaku \\\/\\\/ UEF-kirjasto\",\"description\":\"\",\"potentialAction\":[{\"@type\":\"SearchAction\",\"target\":{\"@type\":\"EntryPoint\",\"urlTemplate\":\"https:\\\/\\\/sites.uef.fi\\\/tiedonhaku-kasvatus\\\/?s={search_term_string}\"},\"query-input\":{\"@type\":\"PropertyValueSpecification\",\"valueRequired\":true,\"valueName\":\"search_term_string\"}}],\"inLanguage\":\"fi\"}]}<\/script>\n<!-- \/ Yoast SEO plugin. -->","yoast_head_json":{"title":"Kansainv\u00e4listen artikkeleiden haku - Kasvatustieteiden tiedonhaku \/\/ UEF-kirjasto","robots":{"index":"index","follow":"follow","max-snippet":"max-snippet:-1","max-image-preview":"max-image-preview:large","max-video-preview":"max-video-preview:-1"},"canonical":"https:\/\/sites.uef.fi\/tiedonhaku-kasvatus\/tiedonlahteet-ja-tietokannat\/kansainvalisten-artikkeleiden-haku\/","og_locale":"fi_FI","og_type":"article","og_title":"Kansainv\u00e4listen artikkeleiden haku - Kasvatustieteiden tiedonhaku \/\/ UEF-kirjasto","og_description":"Artikkelit kansainv\u00e4lisiss\u00e4 tieteellisiss\u00e4 aikakauslehdiss\u00e4 ovat t\u00e4rke\u00e4\u00e4 tutkimuskirjallisuutta. Kansainv\u00e4listen viitetietokantojen avulla saat k\u00e4sityksen, mit\u00e4 etsim\u00e4st\u00e4si aiheesta ylip\u00e4\u00e4ns\u00e4 on kirjoitettu. Tietokannoissa on usein lehtiartikkelitietojen lis\u00e4ksi tietoja my\u00f6s kirja-aineistosta ja konferenssijulkaisuista. Huomaa, ett\u00e4 my\u00f6s &#8221;suomalaisista aiheista&#8221; tutkijat raportoivat tutkimuksensa yh\u00e4 useammin kansainv\u00e4lisiss\u00e4 julkaisuissa. UEF-Primon haku kansainv\u00e4lisist\u00e4 artikkeleista UEF-Primon haku kansainv\u00e4lisist\u00e4 artikkeleista tavoittaa yhdell\u00e4 haulla useita tietokantoja, mutta haku [&hellip;]","og_url":"https:\/\/sites.uef.fi\/tiedonhaku-kasvatus\/tiedonlahteet-ja-tietokannat\/kansainvalisten-artikkeleiden-haku\/","og_site_name":"Kasvatustieteiden tiedonhaku \/\/ UEF-kirjasto","article_modified_time":"2025-06-19T11:57:10+00:00","og_image":[{"width":1108,"height":634,"url":"https:\/\/sites.uef.fi\/tiedonhaku-kasvatus\/wp-content\/uploads\/sites\/80\/2021\/06\/Kv-haku_humour.png","type":"image\/png"}],"twitter_card":"summary_large_image","twitter_misc":{"Arvioitu lukuaika":"4 minuuttia"},"schema":{"@context":"https:\/\/schema.org","@graph":[{"@type":"WebPage","@id":"https:\/\/sites.uef.fi\/tiedonhaku-kasvatus\/tiedonlahteet-ja-tietokannat\/kansainvalisten-artikkeleiden-haku\/","url":"https:\/\/sites.uef.fi\/tiedonhaku-kasvatus\/tiedonlahteet-ja-tietokannat\/kansainvalisten-artikkeleiden-haku\/","name":"Kansainv\u00e4listen artikkeleiden haku - Kasvatustieteiden tiedonhaku \/\/ UEF-kirjasto","isPartOf":{"@id":"https:\/\/sites.uef.fi\/tiedonhaku-kasvatus\/#website"},"primaryImageOfPage":{"@id":"https:\/\/sites.uef.fi\/tiedonhaku-kasvatus\/tiedonlahteet-ja-tietokannat\/kansainvalisten-artikkeleiden-haku\/#primaryimage"},"image":{"@id":"https:\/\/sites.uef.fi\/tiedonhaku-kasvatus\/tiedonlahteet-ja-tietokannat\/kansainvalisten-artikkeleiden-haku\/#primaryimage"},"thumbnailUrl":"https:\/\/sites.uef.fi\/tiedonhaku-kasvatus\/wp-content\/uploads\/sites\/80\/2021\/06\/Kv-haku_humour-1024x586.png","datePublished":"2020-06-24T10:40:48+00:00","dateModified":"2025-06-19T11:57:10+00:00","breadcrumb":{"@id":"https:\/\/sites.uef.fi\/tiedonhaku-kasvatus\/tiedonlahteet-ja-tietokannat\/kansainvalisten-artikkeleiden-haku\/#breadcrumb"},"inLanguage":"fi","potentialAction":[{"@type":"ReadAction","target":["https:\/\/sites.uef.fi\/tiedonhaku-kasvatus\/tiedonlahteet-ja-tietokannat\/kansainvalisten-artikkeleiden-haku\/"]}]},{"@type":"ImageObject","inLanguage":"fi","@id":"https:\/\/sites.uef.fi\/tiedonhaku-kasvatus\/tiedonlahteet-ja-tietokannat\/kansainvalisten-artikkeleiden-haku\/#primaryimage","url":"https:\/\/sites.uef.fi\/tiedonhaku-kasvatus\/wp-content\/uploads\/sites\/80\/2021\/06\/Kv-haku_humour.png","contentUrl":"https:\/\/sites.uef.fi\/tiedonhaku-kasvatus\/wp-content\/uploads\/sites\/80\/2021\/06\/Kv-haku_humour.png","width":1108,"height":634,"caption":"Tarkennettu haku UEF-Primossa. Valitse ylh\u00e4\u00e4ll\u00e4, mihin aineistoihin kohdistat hakusi."},{"@type":"BreadcrumbList","@id":"https:\/\/sites.uef.fi\/tiedonhaku-kasvatus\/tiedonlahteet-ja-tietokannat\/kansainvalisten-artikkeleiden-haku\/#breadcrumb","itemListElement":[{"@type":"ListItem","position":1,"name":"Home","item":"https:\/\/sites.uef.fi\/tiedonhaku-kasvatus\/"},{"@type":"ListItem","position":2,"name":"Tiedonl\u00e4hteet ja tietokannat","item":"https:\/\/sites.uef.fi\/tiedonhaku-kasvatus\/tiedonlahteet-ja-tietokannat\/"},{"@type":"ListItem","position":3,"name":"Kansainv\u00e4listen artikkeleiden haku"}]},{"@type":"WebSite","@id":"https:\/\/sites.uef.fi\/tiedonhaku-kasvatus\/#website","url":"https:\/\/sites.uef.fi\/tiedonhaku-kasvatus\/","name":"Kasvatustieteiden tiedonhaku \/\/ UEF-kirjasto","description":"","potentialAction":[{"@type":"SearchAction","target":{"@type":"EntryPoint","urlTemplate":"https:\/\/sites.uef.fi\/tiedonhaku-kasvatus\/?s={search_term_string}"},"query-input":{"@type":"PropertyValueSpecification","valueRequired":true,"valueName":"search_term_string"}}],"inLanguage":"fi"}]}},"_links":{"self":[{"href":"https:\/\/sites.uef.fi\/tiedonhaku-kasvatus\/wp-json\/wp\/v2\/pages\/294","targetHints":{"allow":["GET"]}}],"collection":[{"href":"https:\/\/sites.uef.fi\/tiedonhaku-kasvatus\/wp-json\/wp\/v2\/pages"}],"about":[{"href":"https:\/\/sites.uef.fi\/tiedonhaku-kasvatus\/wp-json\/wp\/v2\/types\/page"}],"author":[{"embeddable":true,"href":"https:\/\/sites.uef.fi\/tiedonhaku-kasvatus\/wp-json\/wp\/v2\/users\/171"}],"replies":[{"embeddable":true,"href":"https:\/\/sites.uef.fi\/tiedonhaku-kasvatus\/wp-json\/wp\/v2\/comments?post=294"}],"version-history":[{"count":3,"href":"https:\/\/sites.uef.fi\/tiedonhaku-kasvatus\/wp-json\/wp\/v2\/pages\/294\/revisions"}],"predecessor-version":[{"id":5267,"href":"https:\/\/sites.uef.fi\/tiedonhaku-kasvatus\/wp-json\/wp\/v2\/pages\/294\/revisions\/5267"}],"up":[{"embeddable":true,"href":"https:\/\/sites.uef.fi\/tiedonhaku-kasvatus\/wp-json\/wp\/v2\/pages\/100"}],"wp:attachment":[{"href":"https:\/\/sites.uef.fi\/tiedonhaku-kasvatus\/wp-json\/wp\/v2\/media?parent=294"}],"curies":[{"name":"wp","href":"https:\/\/api.w.org\/{rel}","templated":true}]}}