{"id":306,"date":"2020-06-24T13:41:59","date_gmt":"2020-06-24T10:41:59","guid":{"rendered":"https:\/\/sites.uef.fi\/tiedonhaku-kasvatus\/?page_id=306"},"modified":"2024-06-26T12:01:12","modified_gmt":"2024-06-26T09:01:12","slug":"opinnaytteiden-haku","status":"publish","type":"page","link":"https:\/\/sites.uef.fi\/tiedonhaku-kasvatus\/tiedonlahteet-ja-tietokannat\/opinnaytteiden-haku\/","title":{"rendered":"V\u00e4it\u00f6skirjojen ja muiden opinn\u00e4ytteiden haku"},"content":{"rendered":"\n<p>V\u00e4it\u00f6skirjaa pidet\u00e4\u00e4n ensimm\u00e4isen\u00e4 tutkijan itsen\u00e4isen\u00e4 tutkimuksena ja lisensiaatintutkimusta ensimm\u00e4isen\u00e4 siteerauksen kest\u00e4v\u00e4n\u00e4 tutkimuksena, eli l\u00e4hteeksikin soveltuvana. Nykyisin lisensiaatint\u00f6it\u00e4 julkaistaan melko v\u00e4h\u00e4n, koska v\u00e4it\u00f6skirjoja tehd\u00e4\u00e4n suoraan maisterintutkinnon j\u00e4lkeen. <\/p>\n\n\n\n<p><strong>Pro gradu<\/strong> \u2013tutkielmat ovat opiskelijoiden harjoitust\u00f6it\u00e4, joten niit\u00e4 k\u00e4ytet\u00e4\u00e4n tieteellisen ty\u00f6n l\u00e4htein\u00e4 vain poikkeustapauksissa. Tarkista suhtautuminen opettajalta tai ohjaajalta. Kuitenkin hyv\u00e4tasoisten pro gradu -t\u00f6iden l\u00e4hdeluetteloista voi olla hy\u00f6ty\u00e4 ja voit katsoa niist\u00e4 mallia muotoseikkoihin.<\/p>\n\n\n\n<p>Kirjasto s\u00e4ilytt\u00e4\u00e4 UEFin v\u00e4it\u00f6skirjat, lisensiaatinty\u00f6t ja pro gradut. Kandidaatintutkielmia ei kirjastossa ole. <\/p>\n\n\n\n<p>Tiedot opinn\u00e4ytet\u00f6ist\u00e4 l\u00f6ytyv\u00e4t yleens\u00e4 <strong>yliopistokirjastojen kokoelmatietokannoista<\/strong>. Opinn\u00e4ytteet ja muut julkaisut julkaistaan nykyisin tavallisesti verkossa elektronisessa muodossa. Vanhemmista v\u00e4it\u00f6skirjoista suuri osa on pelk\u00e4st\u00e4\u00e4n painettuja ja usein julkaistu jossain julkaisusarjassa. <\/p>\n\n\n\n<p>It\u00e4-Suomen yliopiston <strong>kasvatustieteiden v\u00e4it\u00f6skirjat<\/strong> julkaistaan nyky\u00e4\u00e4n elektronisessa muodossa, mutta useimmiten ne l\u00f6ytyv\u00e4t my\u00f6s painettuina. Kasvatustieteiden v\u00e4it\u00f6skirjat l\u00f6ytyv\u00e4t sarjasta Publications of the University of Eastern Finland. Dissertations in Education, Humanities, and Theology.<\/p>\n\n\n\n<p>It\u00e4-Suomen yliopistossa valmistuneet elektronisina julkaistut v\u00e4it\u00f6skirjat l\u00f6ytyv\u00e4t UEF-eRepository-palvelusta, pro gradu -ty\u00f6t elektronisina noin 2012 alkaen . Ne voi ladata my\u00f6s my\u00f6s UEF-Primosta. Kaikki pro gradut eiv\u00e4t ole avoimesti k\u00e4ytett\u00e4viss\u00e4. Jos tekij\u00e4lt\u00e4 ei ole lupaa avoimeen julkaisuun, sit\u00e4 voi lukea vain kampuskirjaston p\u00e4\u00e4tteelt\u00e4. <\/p>\n\n\n\n<p>Hae v\u00e4it\u00f6skirjoja my\u00f6s englannin- ja ruotsinkielisill\u00e4 hakusanoilla, koska v\u00e4it\u00f6skirjoissa voi olla niukasti suomenkielisi\u00e4 kuvailusanoja. <\/p>\n\n\n\n<p>Google Scholar l\u00f6yt\u00e4\u00e4 yksitt\u00e4isi\u00e4 s\u00e4hk\u00f6isi\u00e4 opinn\u00e4ytteit\u00e4 melko tehokkaasti &#8211; varsinkin kun jo tied\u00e4t, mit\u00e4 olet etsim\u00e4ss\u00e4. Voit lis\u00e4t\u00e4 hakusanaksi esimerkiksi &#8217;gradu&#8217;, &#8217;opinn\u00e4ytety\u00f6&#8217; tai &#8217;dissertation&#8217;. <\/p>\n\n\n\n<h2 class=\"wp-block-heading\">Mist\u00e4 haet opinn\u00e4ytteit\u00e4<\/h2>\n\n\n\t<div id=\"accordion-block_c9bb30d1043bff721746455594517366\" class=\"accordions\">\n\t\t\t\t\t<div class=\"accordion accordion-js\">\n\t\t\t\t<button class=\"accordion__button\" aria-controls=\"content-5898\" aria-expanded=\"false\" id=\"accordion-control-5898\">\n\t\t\t\t\t<h3 class=\"accordion__heading\" >\n\t\t\t\t\t\tUEF-Primo\t\t\t\t\t<\/h3>\n\t\t\t\t<\/button>\n\t\t\t\t<div class=\"accordion__content\" role=\"region\" aria-labelledby=\"accordion-control-5898\" aria-hidden=\"true\" id=\"content-5898\">\n\t\t\t\t\t<p><a href=\"https:\/\/primo.uef.fi\/\" target=\"_blank\" rel=\"noopener\"><strong>UEF-Primo<\/strong><\/a> (linkki aukeaa uuteen v\u00e4lilehteen) \u2013 It\u00e4-Suomen yliopiston kirjaston kokoelmissa olevien v\u00e4it\u00f6skirjojen ja muiden opinn\u00e4ytet\u00f6iden tiedot, satunnaisesti muiden yliopistojen v\u00e4it\u00f6skirjoja.<\/p>\n<p>Hae opinn\u00e4ytett\u00e4 kuten kirjaa:<\/p>\n<ul>\n<li>kirjoita UEF-Finnan hakuun otsikko ja\/tai tekij\u00e4<\/li>\n<li>hae aiheenmukaisesti, kuten yll\u00e4. Rajaa tulosta aineistotyypin mukaan. (UEF-Primosta puuttuu toistaiseksi rajaus graduihin. Ne l\u00f6ytyv\u00e4t opinn\u00e4ytteet-rajauksen alta \ud83d\ude09).<\/li>\n<\/ul>\n\t\t\t\t<\/div>\n\t\t\t<\/div>\n\t\t\t\t\t<div class=\"accordion accordion-js\">\n\t\t\t\t<button class=\"accordion__button\" aria-controls=\"content-951\" aria-expanded=\"false\" id=\"accordion-control-951\">\n\t\t\t\t\t<h3 class=\"accordion__heading\" >\n\t\t\t\t\t\tUEF eRepository\t\t\t\t\t<\/h3>\n\t\t\t\t<\/button>\n\t\t\t\t<div class=\"accordion__content\" role=\"region\" aria-labelledby=\"accordion-control-951\" aria-hidden=\"true\" id=\"content-951\">\n\t\t\t\t\t<p><a href=\"https:\/\/erepo.uef.fi\/\" target=\"_blank\" rel=\"noopener\"><strong>UEF eRepository<\/strong><\/a> (linkki aukeaa uuteen v\u00e4lilehteen)\u2013 It\u00e4-Suomen yliopiston avoimien aineistojen eRepo-julkaisuarkisto sis\u00e4lt\u00e4\u00e4 yliopiston opinn\u00e4ytety\u00f6t sek\u00e4 sarjajulkaisut, rinnakkaistallennetut artikkelit sek\u00e4 tietoa tutkimusaineistoista. Huomaa, ett\u00e4 palvelusta l\u00f6ytyv\u00e4t pro gradut vasta vuodesta 2012 l\u00e4htien.<\/p>\n<p>UEF-eRepository -palvelussa valitse ensin kohdan Aineistotyypit eRepossa alta Opinn\u00e4ytteet, sen j\u00e4lkeen valitse selauskriteeri tai tee sanahaku.<\/p>\n\t\t\t\t<\/div>\n\t\t\t<\/div>\n\t\t\t\t\t<div class=\"accordion accordion-js\">\n\t\t\t\t<button class=\"accordion__button\" aria-controls=\"content-5990\" aria-expanded=\"false\" id=\"accordion-control-5990\">\n\t\t\t\t\t<h3 class=\"accordion__heading\" >\n\t\t\t\t\t\tFinna.fi\t\t\t\t\t<\/h3>\n\t\t\t\t<\/button>\n\t\t\t\t<div class=\"accordion__content\" role=\"region\" aria-labelledby=\"accordion-control-5990\" aria-hidden=\"true\" id=\"content-5990\">\n\t\t\t\t\t<p><a href=\"https:\/\/www.finna.fi\/\" target=\"_blank\" rel=\"noopener\"><strong>Finna.fi<\/strong><\/a> (linkki aukeaa uuteen v\u00e4lilehteen) \u2013 Suomalaisten yliopistojen ja ammattikorkeakoulujen opinn\u00e4ytet\u00f6it\u00e4. Voit hakea t\u00e4\u00e4lt\u00e4 my\u00f6s vanhempia graduja. Rajaa tulos aineistotyypin mukaan.<\/p>\n<div id=\"attachment_1066\" style=\"width: 1077px\" class=\"wp-caption aligncenter\"><img loading=\"lazy\" decoding=\"async\" aria-describedby=\"caption-attachment-1066\" class=\"size-full wp-image-1066\" src=\"https:\/\/sites.uef.fi\/tiedonhaku-kasvatus\/wp-content\/uploads\/sites\/80\/2020\/07\/Finnan_opinn\u00e4ytehaku.png\" alt=\"Kuvakaappaus Kansallisesta Finnasta. Haun tulos on rajattu opinn\u00e4ytteisiin. Tarkempi rajaus voi ola esimerkiksi pro gradu tai v\u00e4it\u00f6skirja.\" width=\"1067\" height=\"642\" srcset=\"https:\/\/sites.uef.fi\/tiedonhaku-kasvatus\/wp-content\/uploads\/sites\/80\/2020\/07\/Finnan_opinn\u00e4ytehaku.png 1067w, https:\/\/sites.uef.fi\/tiedonhaku-kasvatus\/wp-content\/uploads\/sites\/80\/2020\/07\/Finnan_opinn\u00e4ytehaku-300x181.png 300w, https:\/\/sites.uef.fi\/tiedonhaku-kasvatus\/wp-content\/uploads\/sites\/80\/2020\/07\/Finnan_opinn\u00e4ytehaku-1024x616.png 1024w, https:\/\/sites.uef.fi\/tiedonhaku-kasvatus\/wp-content\/uploads\/sites\/80\/2020\/07\/Finnan_opinn\u00e4ytehaku-768x462.png 768w\" sizes=\"auto, (max-width: 1067px) 100vw, 1067px\" \/><p id=\"caption-attachment-1066\" class=\"wp-caption-text\">Kansallisen Finnan haun rajaus opinn\u00e4ytteisiin<\/p><\/div>\n\t\t\t\t<\/div>\n\t\t\t<\/div>\n\t\t\t\t\t<div class=\"accordion accordion-js\">\n\t\t\t\t<button class=\"accordion__button\" aria-controls=\"content-6847\" aria-expanded=\"false\" id=\"accordion-control-6847\">\n\t\t\t\t\t<h3 class=\"accordion__heading\" >\n\t\t\t\t\t\tMuita l\u00e4hteit\u00e4\t\t\t\t\t<\/h3>\n\t\t\t\t<\/button>\n\t\t\t\t<div class=\"accordion__content\" role=\"region\" aria-labelledby=\"accordion-control-6847\" aria-hidden=\"true\" id=\"content-6847\">\n\t\t\t\t\t<p>Yliopistoilla on yleens\u00e4 oma s\u00e4hk\u00f6inen <strong>julkaisuarkistonsa<\/strong>, tiedot yleens\u00e4 avoimia. Esimerkiksi <a href=\"https:\/\/primo.uef.fi\/permalink\/358FIN_UOEF\/6aj5s5\/alma9911698253705966\" target=\"_blank\" rel=\"noopener\">OpenDOAR \u2013 Directory of OA Repositories<\/a>\u00a0(linkki aukeaa uuteen v\u00e4lilehteen) on monitieteinen kokoelma avoimia, tieteellisi\u00e4 julkaisuarkistoja ymp\u00e4ri maailman.<\/p>\n<p><a href=\"https:\/\/tiedejatutkimus.fi\/fi\/results\/publications?size=10\" target=\"_blank\" rel=\"noopener\">Tiedejatutkimus.fi<\/a> (linkki avautuu uuteen v\u00e4lilehteen)<\/p>\n<ul>\n<li>Voit hakea Suomessa tehtyj\u00e4 v\u00e4it\u00f6skirjoja<\/li>\n<li>valitse Julkaisut, rajaa julkaisutyypiksi G Opinn\u00e4ytteet<\/li>\n<li>voit rajata esim. organisaation, tieteenalan ja julkaisuvuoden<\/li>\n<\/ul>\n<p>Google Scholar l\u00f6yt\u00e4\u00e4 yksitt\u00e4isi\u00e4 s\u00e4hk\u00f6isi\u00e4 opinn\u00e4ytteit\u00e4 melko tehokkaasti &#8211; varsinkin kun jo tied\u00e4t, mit\u00e4 olet etsim\u00e4ss\u00e4. Voit lis\u00e4t\u00e4 hakusanaksi esimerkiksi &#8217;gradu&#8217;, &#8217;opinn\u00e4ytety\u00f6&#8217; tai &#8217;dissertation&#8217;.<\/p>\n\t\t\t\t<\/div>\n\t\t\t<\/div>\n\t\t\t<\/div>\n\t\n\n\n<div class=\"links-block\">\n\n            <h3>Siirry seuraavaan osioon:<\/h3>\n    \n    <ul class=\"link-list\">\n        \n            \n            <li class=\"link-list-item\">\n                <a href=\"https:\/\/sites.uef.fi\/tiedonhaku-kasvatus\/tiedonlahteet-ja-tietokannat\/tilastot-lainsaadanto-ja-virallistieto\/\" class=\"link-reset link hover-scale-down\">\n                    <svg\n        width=\"43\" height=\"25\"\n        viewBox=\"0 0 43 25\"\n        xmlns=\"http:\/\/www.w3.org\/2000\/svg\">\n    <path\n        d=\"M30.027 0 43 12.5 30.027 25 27 22.083 34.351 15H0v-5h34.351L27 2.917z\"\n        fill=\"currentColor\"\n        fill-rule=\"evenodd\"\/>\n<\/svg>                    <div>Tilastot, lains\u00e4\u00e4d\u00e4nt\u00f6 ja virallistieto<\/div>\n                <\/a>\n                <div class=\"link-info\">\n                                    <\/div>\n            <\/li>\n\n                <\/ul>\n<\/div>","protected":false},"excerpt":{"rendered":"<p>V\u00e4it\u00f6skirjaa pidet\u00e4\u00e4n ensimm\u00e4isen\u00e4 tutkijan itsen\u00e4isen\u00e4 tutkimuksena ja lisensiaatintutkimusta ensimm\u00e4isen\u00e4 siteerauksen kest\u00e4v\u00e4n\u00e4 tutkimuksena, eli l\u00e4hteeksikin soveltuvana. Nykyisin lisensiaatint\u00f6it\u00e4 julkaistaan melko v\u00e4h\u00e4n, koska v\u00e4it\u00f6skirjoja tehd\u00e4\u00e4n suoraan maisterintutkinnon j\u00e4lkeen. Pro gradu \u2013tutkielmat ovat opiskelijoiden harjoitust\u00f6it\u00e4, joten niit\u00e4 k\u00e4ytet\u00e4\u00e4n tieteellisen ty\u00f6n l\u00e4htein\u00e4 vain poikkeustapauksissa. Tarkista suhtautuminen opettajalta tai ohjaajalta. Kuitenkin hyv\u00e4tasoisten pro gradu -t\u00f6iden l\u00e4hdeluetteloista voi olla hy\u00f6ty\u00e4 ja [&hellip;]<\/p>\n","protected":false},"author":171,"featured_media":0,"parent":100,"menu_order":0,"comment_status":"closed","ping_status":"closed","template":"","meta":{"_acf_changed":false,"_monsterinsights_skip_tracking":false,"_monsterinsights_sitenote_active":false,"_monsterinsights_sitenote_note":"","_monsterinsights_sitenote_category":0,"footnotes":""},"class_list":["post-306","page","type-page","status-publish","hentry"],"acf":[],"yoast_head":"<!-- This site is optimized with the Yoast SEO plugin v27.1.1 - https:\/\/yoast.com\/product\/yoast-seo-wordpress\/ -->\n<title>V\u00e4it\u00f6skirjojen ja muiden opinn\u00e4ytteiden haku - Kasvatustieteiden tiedonhaku \/\/ UEF-kirjasto<\/title>\n<meta name=\"robots\" content=\"index, follow, max-snippet:-1, max-image-preview:large, max-video-preview:-1\" \/>\n<link rel=\"canonical\" href=\"https:\/\/sites.uef.fi\/tiedonhaku-kasvatus\/tiedonlahteet-ja-tietokannat\/opinnaytteiden-haku\/\" \/>\n<meta property=\"og:locale\" content=\"fi_FI\" \/>\n<meta property=\"og:type\" content=\"article\" \/>\n<meta property=\"og:title\" content=\"V\u00e4it\u00f6skirjojen ja muiden opinn\u00e4ytteiden haku - Kasvatustieteiden tiedonhaku \/\/ UEF-kirjasto\" \/>\n<meta property=\"og:description\" content=\"V\u00e4it\u00f6skirjaa pidet\u00e4\u00e4n ensimm\u00e4isen\u00e4 tutkijan itsen\u00e4isen\u00e4 tutkimuksena ja lisensiaatintutkimusta ensimm\u00e4isen\u00e4 siteerauksen kest\u00e4v\u00e4n\u00e4 tutkimuksena, eli l\u00e4hteeksikin soveltuvana. Nykyisin lisensiaatint\u00f6it\u00e4 julkaistaan melko v\u00e4h\u00e4n, koska v\u00e4it\u00f6skirjoja tehd\u00e4\u00e4n suoraan maisterintutkinnon j\u00e4lkeen. Pro gradu \u2013tutkielmat ovat opiskelijoiden harjoitust\u00f6it\u00e4, joten niit\u00e4 k\u00e4ytet\u00e4\u00e4n tieteellisen ty\u00f6n l\u00e4htein\u00e4 vain poikkeustapauksissa. Tarkista suhtautuminen opettajalta tai ohjaajalta. Kuitenkin hyv\u00e4tasoisten pro gradu -t\u00f6iden l\u00e4hdeluetteloista voi olla hy\u00f6ty\u00e4 ja [&hellip;]\" \/>\n<meta property=\"og:url\" content=\"https:\/\/sites.uef.fi\/tiedonhaku-kasvatus\/tiedonlahteet-ja-tietokannat\/opinnaytteiden-haku\/\" \/>\n<meta property=\"og:site_name\" content=\"Kasvatustieteiden tiedonhaku \/\/ UEF-kirjasto\" \/>\n<meta property=\"article:modified_time\" content=\"2024-06-26T09:01:12+00:00\" \/>\n<meta name=\"twitter:card\" content=\"summary_large_image\" \/>\n<meta name=\"twitter:label1\" content=\"Arvioitu lukuaika\" \/>\n\t<meta name=\"twitter:data1\" content=\"2 minuuttia\" \/>\n<script type=\"application\/ld+json\" class=\"yoast-schema-graph\">{\"@context\":\"https:\/\/schema.org\",\"@graph\":[{\"@type\":\"WebPage\",\"@id\":\"https:\/\/sites.uef.fi\/tiedonhaku-kasvatus\/tiedonlahteet-ja-tietokannat\/opinnaytteiden-haku\/\",\"url\":\"https:\/\/sites.uef.fi\/tiedonhaku-kasvatus\/tiedonlahteet-ja-tietokannat\/opinnaytteiden-haku\/\",\"name\":\"V\u00e4it\u00f6skirjojen ja muiden opinn\u00e4ytteiden haku - Kasvatustieteiden tiedonhaku \/\/ UEF-kirjasto\",\"isPartOf\":{\"@id\":\"https:\/\/sites.uef.fi\/tiedonhaku-kasvatus\/#website\"},\"datePublished\":\"2020-06-24T10:41:59+00:00\",\"dateModified\":\"2024-06-26T09:01:12+00:00\",\"breadcrumb\":{\"@id\":\"https:\/\/sites.uef.fi\/tiedonhaku-kasvatus\/tiedonlahteet-ja-tietokannat\/opinnaytteiden-haku\/#breadcrumb\"},\"inLanguage\":\"fi\",\"potentialAction\":[{\"@type\":\"ReadAction\",\"target\":[\"https:\/\/sites.uef.fi\/tiedonhaku-kasvatus\/tiedonlahteet-ja-tietokannat\/opinnaytteiden-haku\/\"]}]},{\"@type\":\"BreadcrumbList\",\"@id\":\"https:\/\/sites.uef.fi\/tiedonhaku-kasvatus\/tiedonlahteet-ja-tietokannat\/opinnaytteiden-haku\/#breadcrumb\",\"itemListElement\":[{\"@type\":\"ListItem\",\"position\":1,\"name\":\"Home\",\"item\":\"https:\/\/sites.uef.fi\/tiedonhaku-kasvatus\/\"},{\"@type\":\"ListItem\",\"position\":2,\"name\":\"Tiedonl\u00e4hteet ja tietokannat\",\"item\":\"https:\/\/sites.uef.fi\/tiedonhaku-kasvatus\/tiedonlahteet-ja-tietokannat\/\"},{\"@type\":\"ListItem\",\"position\":3,\"name\":\"V\u00e4it\u00f6skirjojen ja muiden opinn\u00e4ytteiden haku\"}]},{\"@type\":\"WebSite\",\"@id\":\"https:\/\/sites.uef.fi\/tiedonhaku-kasvatus\/#website\",\"url\":\"https:\/\/sites.uef.fi\/tiedonhaku-kasvatus\/\",\"name\":\"Kasvatustieteiden tiedonhaku \/\/ UEF-kirjasto\",\"description\":\"\",\"potentialAction\":[{\"@type\":\"SearchAction\",\"target\":{\"@type\":\"EntryPoint\",\"urlTemplate\":\"https:\/\/sites.uef.fi\/tiedonhaku-kasvatus\/?s={search_term_string}\"},\"query-input\":{\"@type\":\"PropertyValueSpecification\",\"valueRequired\":true,\"valueName\":\"search_term_string\"}}],\"inLanguage\":\"fi\"}]}<\/script>\n<!-- \/ Yoast SEO plugin. -->","yoast_head_json":{"title":"V\u00e4it\u00f6skirjojen ja muiden opinn\u00e4ytteiden haku - Kasvatustieteiden tiedonhaku \/\/ UEF-kirjasto","robots":{"index":"index","follow":"follow","max-snippet":"max-snippet:-1","max-image-preview":"max-image-preview:large","max-video-preview":"max-video-preview:-1"},"canonical":"https:\/\/sites.uef.fi\/tiedonhaku-kasvatus\/tiedonlahteet-ja-tietokannat\/opinnaytteiden-haku\/","og_locale":"fi_FI","og_type":"article","og_title":"V\u00e4it\u00f6skirjojen ja muiden opinn\u00e4ytteiden haku - Kasvatustieteiden tiedonhaku \/\/ UEF-kirjasto","og_description":"V\u00e4it\u00f6skirjaa pidet\u00e4\u00e4n ensimm\u00e4isen\u00e4 tutkijan itsen\u00e4isen\u00e4 tutkimuksena ja lisensiaatintutkimusta ensimm\u00e4isen\u00e4 siteerauksen kest\u00e4v\u00e4n\u00e4 tutkimuksena, eli l\u00e4hteeksikin soveltuvana. Nykyisin lisensiaatint\u00f6it\u00e4 julkaistaan melko v\u00e4h\u00e4n, koska v\u00e4it\u00f6skirjoja tehd\u00e4\u00e4n suoraan maisterintutkinnon j\u00e4lkeen. Pro gradu \u2013tutkielmat ovat opiskelijoiden harjoitust\u00f6it\u00e4, joten niit\u00e4 k\u00e4ytet\u00e4\u00e4n tieteellisen ty\u00f6n l\u00e4htein\u00e4 vain poikkeustapauksissa. Tarkista suhtautuminen opettajalta tai ohjaajalta. Kuitenkin hyv\u00e4tasoisten pro gradu -t\u00f6iden l\u00e4hdeluetteloista voi olla hy\u00f6ty\u00e4 ja [&hellip;]","og_url":"https:\/\/sites.uef.fi\/tiedonhaku-kasvatus\/tiedonlahteet-ja-tietokannat\/opinnaytteiden-haku\/","og_site_name":"Kasvatustieteiden tiedonhaku \/\/ UEF-kirjasto","article_modified_time":"2024-06-26T09:01:12+00:00","twitter_card":"summary_large_image","twitter_misc":{"Arvioitu lukuaika":"2 minuuttia"},"schema":{"@context":"https:\/\/schema.org","@graph":[{"@type":"WebPage","@id":"https:\/\/sites.uef.fi\/tiedonhaku-kasvatus\/tiedonlahteet-ja-tietokannat\/opinnaytteiden-haku\/","url":"https:\/\/sites.uef.fi\/tiedonhaku-kasvatus\/tiedonlahteet-ja-tietokannat\/opinnaytteiden-haku\/","name":"V\u00e4it\u00f6skirjojen ja muiden opinn\u00e4ytteiden haku - Kasvatustieteiden tiedonhaku \/\/ UEF-kirjasto","isPartOf":{"@id":"https:\/\/sites.uef.fi\/tiedonhaku-kasvatus\/#website"},"datePublished":"2020-06-24T10:41:59+00:00","dateModified":"2024-06-26T09:01:12+00:00","breadcrumb":{"@id":"https:\/\/sites.uef.fi\/tiedonhaku-kasvatus\/tiedonlahteet-ja-tietokannat\/opinnaytteiden-haku\/#breadcrumb"},"inLanguage":"fi","potentialAction":[{"@type":"ReadAction","target":["https:\/\/sites.uef.fi\/tiedonhaku-kasvatus\/tiedonlahteet-ja-tietokannat\/opinnaytteiden-haku\/"]}]},{"@type":"BreadcrumbList","@id":"https:\/\/sites.uef.fi\/tiedonhaku-kasvatus\/tiedonlahteet-ja-tietokannat\/opinnaytteiden-haku\/#breadcrumb","itemListElement":[{"@type":"ListItem","position":1,"name":"Home","item":"https:\/\/sites.uef.fi\/tiedonhaku-kasvatus\/"},{"@type":"ListItem","position":2,"name":"Tiedonl\u00e4hteet ja tietokannat","item":"https:\/\/sites.uef.fi\/tiedonhaku-kasvatus\/tiedonlahteet-ja-tietokannat\/"},{"@type":"ListItem","position":3,"name":"V\u00e4it\u00f6skirjojen ja muiden opinn\u00e4ytteiden haku"}]},{"@type":"WebSite","@id":"https:\/\/sites.uef.fi\/tiedonhaku-kasvatus\/#website","url":"https:\/\/sites.uef.fi\/tiedonhaku-kasvatus\/","name":"Kasvatustieteiden tiedonhaku \/\/ UEF-kirjasto","description":"","potentialAction":[{"@type":"SearchAction","target":{"@type":"EntryPoint","urlTemplate":"https:\/\/sites.uef.fi\/tiedonhaku-kasvatus\/?s={search_term_string}"},"query-input":{"@type":"PropertyValueSpecification","valueRequired":true,"valueName":"search_term_string"}}],"inLanguage":"fi"}]}},"_links":{"self":[{"href":"https:\/\/sites.uef.fi\/tiedonhaku-kasvatus\/wp-json\/wp\/v2\/pages\/306","targetHints":{"allow":["GET"]}}],"collection":[{"href":"https:\/\/sites.uef.fi\/tiedonhaku-kasvatus\/wp-json\/wp\/v2\/pages"}],"about":[{"href":"https:\/\/sites.uef.fi\/tiedonhaku-kasvatus\/wp-json\/wp\/v2\/types\/page"}],"author":[{"embeddable":true,"href":"https:\/\/sites.uef.fi\/tiedonhaku-kasvatus\/wp-json\/wp\/v2\/users\/171"}],"replies":[{"embeddable":true,"href":"https:\/\/sites.uef.fi\/tiedonhaku-kasvatus\/wp-json\/wp\/v2\/comments?post=306"}],"version-history":[{"count":2,"href":"https:\/\/sites.uef.fi\/tiedonhaku-kasvatus\/wp-json\/wp\/v2\/pages\/306\/revisions"}],"predecessor-version":[{"id":5077,"href":"https:\/\/sites.uef.fi\/tiedonhaku-kasvatus\/wp-json\/wp\/v2\/pages\/306\/revisions\/5077"}],"up":[{"embeddable":true,"href":"https:\/\/sites.uef.fi\/tiedonhaku-kasvatus\/wp-json\/wp\/v2\/pages\/100"}],"wp:attachment":[{"href":"https:\/\/sites.uef.fi\/tiedonhaku-kasvatus\/wp-json\/wp\/v2\/media?parent=306"}],"curies":[{"name":"wp","href":"https:\/\/api.w.org\/{rel}","templated":true}]}}