{"id":324,"date":"2020-06-24T13:57:48","date_gmt":"2020-06-24T10:57:48","guid":{"rendered":"https:\/\/sites.uef.fi\/tiedonhaku-kasvatus\/?page_id=324"},"modified":"2024-06-26T12:48:53","modified_gmt":"2024-06-26T09:48:53","slug":"google-ja-google-scholar","status":"publish","type":"page","link":"https:\/\/sites.uef.fi\/tiedonhaku-kasvatus\/tiedonlahteet-ja-tietokannat\/google-ja-google-scholar\/","title":{"rendered":"Google ja Google Scholar"},"content":{"rendered":"\n<h2 class=\"wp-block-heading\">Google, Google Scholar ja tieteelliset tietokannat<\/h2>\n\n\n\n<p>Google ei ole tietokanta, vaan yksi monista hakukoneista. Se on k\u00e4ytt\u00f6kelpoinen etenkin arkitiedon haussa. Google Scholar on tieteellisen tiedon hakuun erikoistunut hakukone, mutta sill\u00e4 ei ole p\u00e4\u00e4sy\u00e4 moniin tieteellisiin tai kirjastojen tietokantoihin.<\/p>\n\n\n\n<p>Verkosta l\u00f6ytyv\u00e4n aineiston suhteen on aina oltava kriittinen ja arvioitava sen oikeellisuus ja tieteellinen arvo. Vastuu on siirretty kokonaan sinulle!<\/p>\n\n\n\n<p>Tieteellisten tietokantojen aineiston universumi on stabiilimpi kuin vapaasti verkosta l\u00f6ytyv\u00e4.&nbsp; J\u00e4rjestetty rakenne, l\u00e4pin\u00e4kyvyys, valikoitu sis\u00e4lt\u00f6 ja monipuoliset hakumahdollisuudet takaavat, ett\u00e4 tulokset tieteellisist\u00e4 tietokannoista&nbsp; ovat luotettavia. Verkkohakukoneita voi k\u00e4ytt\u00e4\u00e4 rinnalla.<\/p>\n\n\n\n<p>Internetist\u00e4 l\u00f6ytyv\u00e4 materiaali ei ole vapaasti kaikkien kopioitavissa ja k\u00e4ytett\u00e4viss\u00e4. Tekij\u00e4noikeuslaki p\u00e4tee my\u00f6s netiss\u00e4. My\u00f6s internet-l\u00e4hteet on merkitt\u00e4v\u00e4 l\u00e4hdeluetteloon.<\/p>\n\n\n\n<h2 class=\"wp-block-heading\">Miksi Google ei riit\u00e4?<\/h2>\n\n\n\n<p>Internet ja elektronisen julkaisemisen lis\u00e4\u00e4ntyminen ovat parantaneet tiedon ja julkaisujen saatavuutta. Avoin julkaiseminen on lis\u00e4\u00e4ntynyt, ja Google Scholar on hyv\u00e4 v\u00e4line tietokantojen k\u00e4yt\u00f6n rinnalla avoimen tiedon hakemiseen. Haasteita verkosta hakemisessa on:<\/p>\n\n\n\n<ul class=\"wp-block-list\">\n<li>Tiedon laatu ja taso vaihtelevat.<\/li>\n\n\n\n<li>Kuka tahansa voi julkaista verkkoon melkein mit\u00e4 tahansa, joten tarvitaan kriittisyytt\u00e4 ja arviointia.<\/li>\n\n\n\n<li>Tiedon suuri m\u00e4\u00e4r\u00e4 ja monimuotoisuus hankaloittavat tiedon l\u00f6ytymist\u00e4.<\/li>\n\n\n\n<li>Tieto ei ole pysyv\u00e4\u00e4.<\/li>\n\n\n\n<li>Tieto on hajallaan pienin\u00e4 palasina, eik\u00e4 sit\u00e4 ole j\u00e4rjestetty kattavasti.<\/li>\n\n\n\n<li>Hakutulos on satunnainen. Se ei ole kattava aiheeseen. My\u00f6s ajallinen ja eri aineistotyyppien kattavuus on vajavaista.<\/li>\n\n\n\n<li>Hakutulos on usein suuri ja sis\u00e4lt\u00e4\u00e4 my\u00f6s irrelevanttia tai sopimatonta aineistoa.<\/li>\n\n\n\n<li>Relevanssilajittelu on <strong>vain<\/strong> koneen relevanssia. Hyv\u00e4 l\u00e4hde ei v\u00e4ltt\u00e4m\u00e4tt\u00e4 ole ensimm\u00e4isill\u00e4 sivuilla.<\/li>\n<\/ul>\n\n\n\n<h2 class=\"wp-block-heading\">Verkosta l\u00f6ytyy kaikki?<\/h2>\n\n\n\n<p><strong>Tieteellisen tiedon<\/strong> hakuun tarvitaan yleens\u00e4 <strong>systemaattinen ja kattava tiedonhaku<\/strong>. Tieteellisen tiedon hakuun pelkk\u00e4 Google ei riit\u00e4 hakutuloksen satunnaisuuden ja sattumanvaraisuuden takia. My\u00f6s Googlen hakutulosten luotettavuus ja tieteellisyys ovat satunnaisia. Tieteelliseen ty\u00f6h\u00f6n tarvitaan kattavia, luotettavia ja tieteellisi\u00e4 hakutuloksia ja l\u00e4hteit\u00e4.<\/p>\n\n\n\n<ul class=\"wp-block-list\">\n<li><strong>Kaikki tieto ei ole Internetiss\u00e4.<\/strong> Tietoa julkaistaan edelleen my\u00f6s painettuna.<\/li>\n\n\n\n<li>Vanhemmat julkaisut l\u00f6ytyv\u00e4t usein vain painettuna<\/li>\n\n\n\n<li><strong>Kaikki tieto ei ole maksutta Internetiss\u00e4.<\/strong> Yliopiston opiskelijana&nbsp; kuitenkin p\u00e4\u00e4set kirjaston hankkimiin elektronisiin l\u00e4hteisiin (e-kirjoihin, e-lehtiin ja tietokantoihin) my\u00f6s kotikoneella <strong>UEF-Primon kautta<\/strong>.<\/li>\n\n\n\n<li><strong>Kaikki tieto ei l\u00f6ydy hakukoneilla.<\/strong> Esimerkiksi tieteenalakohtaisten tietokantojen sis\u00e4lt\u00e4m\u00e4\u00e4n tietoon hakukone ei ulotu.<\/li>\n<\/ul>\n\n\n\n<h2 class=\"wp-block-heading\">Onko julkaisu vapaasti netiss\u00e4 saatavissa?<\/h2>\n\n\n\n<p>Saatavuuden tarkistamiseen Google tai Google Scholar on tehokas v\u00e4line. Esimerkiksi kirjaston kokoelmatietokannoista voi l\u00f6yty\u00e4 tieto: &#8221;My\u00f6s verkkojulkaisuna&#8221;, mutta siihen ei ole linkki\u00e4. Kirjoita silloin julkaisun nimi ja mahdollisesti tekij\u00e4n sukunimi Googlen hakukentt\u00e4\u00e4n.<\/p>\n\n\n\n<p>Joskus voi k\u00e4yd\u00e4 my\u00f6s toisin p\u00e4in. Et saakaan Googlella l\u00f6yt\u00e4m\u00e4si artikkelin teksti\u00e4 auki (ilman visa-kortin numeron naputtelua). Silloin kannattaa tarkistaa artikkelin saatavuus kirjaston UEF-Primosta. Perushaussa voit valita hakutyypiksi kansainv\u00e4liset artikkelit, elektroniset aineistot tai kaikki.<\/p>\n\n\n\n<figure class=\"wp-block-image size-full\"><img loading=\"lazy\" decoding=\"async\" width=\"957\" height=\"484\" src=\"https:\/\/sites.uef.fi\/tiedonhaku-kasvatus\/wp-content\/uploads\/sites\/80\/2020\/07\/Artikkelin_saatavuus-3.png\" alt=\"Kuvakaappaus UEF-Primosta. Artikkelin nimell\u00e4 voi hakea hakutyypil\u00e4 Kansainvliset artikkelit, Elektroniset aineistot tai Kaikki.\" class=\"wp-image-1108\" srcset=\"https:\/\/sites.uef.fi\/tiedonhaku-kasvatus\/wp-content\/uploads\/sites\/80\/2020\/07\/Artikkelin_saatavuus-3.png 957w, https:\/\/sites.uef.fi\/tiedonhaku-kasvatus\/wp-content\/uploads\/sites\/80\/2020\/07\/Artikkelin_saatavuus-3-300x152.png 300w, https:\/\/sites.uef.fi\/tiedonhaku-kasvatus\/wp-content\/uploads\/sites\/80\/2020\/07\/Artikkelin_saatavuus-3-768x388.png 768w\" sizes=\"auto, (max-width: 957px) 100vw, 957px\" \/><figcaption class=\"wp-element-caption\">Kuva: Artikkelin haku UEF-Primosta<\/figcaption><\/figure>\n\n\n\n<h2 class=\"wp-block-heading\">Vinkkej\u00e4 parempaan hakutulokseen<\/h2>\n\n\n\n<p>L\u00e4hde liikkeelle, kuten tiedonhaussa muutenkin. Mieti hetki aihettasi ja mahdollisia hakusanojasi ennen kuin ryhdyt tekem\u00e4\u00e4n hakuja. Mill\u00e4 erilaisilla sanoilla aihetta on voitu kuvata? Mieti my\u00f6s synonyymej\u00e4. Tarkista sanojen kirjoitusmuoto, esim. kirjoitetaanko sanat yhteen vai erikseen. Googlella hakiessa on hyv\u00e4 my\u00f6s mietti\u00e4 erikseen yksikk\u00f6j\u00e4 ja monikkoja yms. sanamuotoja. Mill\u00e4 tahansa sanalla voi silti kokeilla ja alkaa hahmotella aihettaan.<\/p>\n\n\n\n<ul class=\"wp-block-list\">\n<li>Lue ohjeita (esim. <a href=\"https:\/\/support.google.com\/websearch\/#topic=3036132\" target=\"_blank\" rel=\"noreferrer noopener\">Googlen verkkohakuohjeet,<\/a> linkki aukeaa uuteen v\u00e4lilehteen) tehostaaksesi hakua<\/li>\n\n\n\n<li>K\u00e4yt\u00e4 tarkennusmahdollisuuksia (my\u00f6s Googlessa on ohjeita perus- ja edistyneemp\u00e4\u00e4n hakuun)<\/li>\n\n\n\n<li>Voit k\u00e4ytt\u00e4\u00e4 fraasihakua, AND- ja OR-operaattoreita.<\/li>\n\n\n\n<li>Kokeile eri hakukoneita! Eri hakuv\u00e4lineill\u00e4 saa erilaisen tuloksen. L\u00f6yd\u00e4t linkkej\u00e4 vaihtoehtoisiin hakukoneisiin esimerkiksi <a href=\"https:\/\/blogit.metropolia.fi\/tiedon-janoa\/2021\/05\/10\/google-ei-ole-ainoa-kokeile-muitakin\/\" target=\"_blank\" rel=\"noreferrer noopener\">Metropolian kirjaston blogista<\/a> (linkki aukeaa uuteen v\u00e4lilehteen)<\/li>\n\n\n\n<li>Muista varsinkin tieteellisen tiedon hakuun erikoistunut hakukone <a href=\"http:\/\/scholar.google.fi\/\" target=\"_blank\" rel=\"noreferrer noopener\">Google Scholar<\/a> (linkki aukeaa uuteen v\u00e4lilehteen)<\/li>\n<\/ul>\n\n\n\n<h2 class=\"wp-block-heading\">Internet-l\u00e4hteen arviointi<\/h2>\n\n\n\n<p>T\u00e4rkeint\u00e4 luotettavuuden arvioinnissa on selvitt\u00e4\u00e4<\/p>\n\n\n\n<ul class=\"wp-block-list\">\n<li>Tekij\u00e4(t) eli henkil\u00f6(t) tai yhteis\u00f6\/organisaatio<\/li>\n\n\n\n<li>Julkaisija (tekij\u00e4n taustaorganisaatio)<\/li>\n<\/ul>\n\n\n\n<p>N\u00e4ist\u00e4 voi usein p\u00e4\u00e4tell\u00e4 muita luotettavuuden kriteereit\u00e4. Luotettavia internet-l\u00e4hteit\u00e4 voivat olla:<\/p>\n\n\n\n<ul class=\"wp-block-list\">\n<li>Tunnetut organisaatiot (aineisto on tuotettu osana organisaation teht\u00e4v\u00e4aluetta)<\/li>\n\n\n\n<li>Asiantuntijaorganisaatiot<\/li>\n\n\n\n<li>Alalla maineikas ja luottamusta nauttiva tutkimusinstituutti tai yritys<\/li>\n\n\n\n<li>Tieteellisen asiantuntijatarkastuksen (peer review, referee) l\u00e4pik\u00e4yneet aineistot, esim. tieteelliset verkkolehdet<\/li>\n\n\n\n<li>Asiantuntijoiden sivut<\/li>\n<\/ul>\n\n\n\n<p>N\u00e4it\u00e4 asioita voi tarkastella arvioidessasi Internet-l\u00e4hdett\u00e4:<\/p>\n\n\n\t<div id=\"accordion-block_bcfadf96547b22ee2a6e89e4d86a09ac\" class=\"accordions\">\n\t\t\t\t\t<div class=\"accordion accordion-js\">\n\t\t\t\t<button class=\"accordion__button\" aria-controls=\"content-6645\" aria-expanded=\"false\" id=\"accordion-control-6645\">\n\t\t\t\t\t<h3 class=\"accordion__heading\" >\n\t\t\t\t\t\tTekijyyden ja luotettavuuden tarkistaminen\t\t\t\t\t<\/h3>\n\t\t\t\t<\/button>\n\t\t\t\t<div class=\"accordion__content\" role=\"region\" aria-labelledby=\"accordion-control-6645\" aria-hidden=\"true\" id=\"content-6645\">\n\t\t\t\t\t<p>Voit tarkastella seuraavia kysymyksi\u00e4 julkaisun tekijyyden ja luotettavuuden tarkistamiseksi:<\/p>\n<ul>\n<li>Onko julkaisija tunnettu organisaatio tai asiantuntija?<\/li>\n<li>Kuka on tekstin tekij\u00e4? Onko tekstin tekij\u00e4 mainittu?<\/li>\n<li>L\u00f6ytyyk\u00f6 tieto tekij\u00e4n taustayhteis\u00f6st\u00e4? Mik\u00e4 on tekij\u00e4n taustaorganisaatio?<\/li>\n<li>L\u00f6ytyyk\u00f6 sivustolta tekij\u00e4n tai organisaation yhteystietoja? Ovatko yhteystiedot aitoja?<\/li>\n<li>Onko tekij\u00e4 alansa asiantuntija?<\/li>\n<li>Annetaanko tekij\u00e4n p\u00e4tevyydest\u00e4 tietoa?<\/li>\n<li>Mit\u00e4 muuta h\u00e4n on kirjoittanut, julkaissut (esim. tunnetuissa ammatillisissa tai tieteellisiss\u00e4 lehdiss\u00e4)?<\/li>\n<li>Kuinka tunnettu ja arvostettu tekij\u00e4 on ao. asiassa? N\u00e4kyyk\u00f6 h\u00e4n toisten teosten l\u00e4hdeviittauksissa?<\/li>\n<\/ul>\n\t\t\t\t<\/div>\n\t\t\t<\/div>\n\t\t\t\t\t<div class=\"accordion accordion-js\">\n\t\t\t\t<button class=\"accordion__button\" aria-controls=\"content-3439\" aria-expanded=\"false\" id=\"accordion-control-3439\">\n\t\t\t\t\t<h3 class=\"accordion__heading\" >\n\t\t\t\t\t\tLuotettavuus ja objektiivisuus\t\t\t\t\t<\/h3>\n\t\t\t\t<\/button>\n\t\t\t\t<div class=\"accordion__content\" role=\"region\" aria-labelledby=\"accordion-control-3439\" aria-hidden=\"true\" id=\"content-3439\">\n\t\t\t\t\t<p>N\u00e4it\u00e4 kysymyksi\u00e4 voit mietti\u00e4 julkaisun luotettavuuden ja objektiivisuuden arvioimiseen:<\/p>\n<ul>\n<li>Kuinka luotettavaa ja virheet\u00f6nt\u00e4 esitetty informaatio on? (l\u00f6ytyyk\u00f6 muualta tietoa tukevaa materiaalia, esim. kurssikirjoista, k\u00e4sikirjoista, lehdist\u00e4?)<\/li>\n<li>Onko aineisto toimitettua ja arvioitua?<\/li>\n<li>Onko sivulla mainittu l\u00e4hteit\u00e4, joihin esitetty tieto perustuu?<\/li>\n<li>Miksi sivu on julkaistu? Onko tarkoitus myyd\u00e4, viihdytt\u00e4\u00e4, vaikuttaa?<\/li>\n<li>Onko esitetty informaatio puolueetonta ja v\u00e4\u00e4ristelem\u00e4t\u00f6nt\u00e4? (vai propagandaa ja tarkoitus vaikuttaa mielipiteisiin?)<\/li>\n<li>Miten on tieteellisyyden laita? Onko aineisto k\u00e4ynyt l\u00e4pi peer review -prosessin?<\/li>\n<\/ul>\n\t\t\t\t<\/div>\n\t\t\t<\/div>\n\t\t\t\t\t<div class=\"accordion accordion-js\">\n\t\t\t\t<button class=\"accordion__button\" aria-controls=\"content-4818\" aria-expanded=\"false\" id=\"accordion-control-4818\">\n\t\t\t\t\t<h3 class=\"accordion__heading\" >\n\t\t\t\t\t\tAjantasaisuus ja pysyvyys\t\t\t\t\t<\/h3>\n\t\t\t\t<\/button>\n\t\t\t\t<div class=\"accordion__content\" role=\"region\" aria-labelledby=\"accordion-control-4818\" aria-hidden=\"true\" id=\"content-4818\">\n\t\t\t\t\t<p>Onko aineisto ajantasaista, onko se pysyv\u00e4\u00e4?<\/p>\n<ul>\n<li>Onko julkaisun sis\u00e4lt\u00f6 ajantasaista?<\/li>\n<li>L\u00f6ytyyk\u00f6 aineistosta julkaisup\u00e4iv\u00e4m\u00e4\u00e4r\u00e4\u00e4 tai viimeist\u00e4 p\u00e4ivitysp\u00e4iv\u00e4m\u00e4\u00e4r\u00e4\u00e4?<\/li>\n<li>Onko www-palvelun aineisto pysyv\u00e4\u00e4 vai muuttuvaa?<\/li>\n<li>Toimivatko sivulla olevat linkit?<\/li>\n<\/ul>\n\t\t\t\t<\/div>\n\t\t\t<\/div>\n\t\t\t\t\t<div class=\"accordion accordion-js\">\n\t\t\t\t<button class=\"accordion__button\" aria-controls=\"content-9781\" aria-expanded=\"false\" id=\"accordion-control-9781\">\n\t\t\t\t\t<h3 class=\"accordion__heading\" >\n\t\t\t\t\t\tLis\u00e4tietoja\t\t\t\t\t<\/h3>\n\t\t\t\t<\/button>\n\t\t\t\t<div class=\"accordion__content\" role=\"region\" aria-labelledby=\"accordion-control-9781\" aria-hidden=\"true\" id=\"content-9781\">\n\t\t\t\t\t<p>T\u00e4ss\u00e4 on muutama linkki, jos haluat selvitt\u00e4\u00e4 itsellesi aiheesta lis\u00e4\u00e4:<\/p>\n<ul>\n<li>Tritonia-kirjaston <a href=\"https:\/\/uva.libguides.com\/tiedonhaku\/verkkosivujenarviointi\" target=\"_blank\" rel=\"noopener\">internet-aineiston arviointikriteerej\u00e4<\/a> (linkki avautuu uuteen v\u00e4lilehteen)<\/li>\n<li>Aikuisille suunnattu <a href=\"https:\/\/mediaguide.fi\/mediaguide\/home\/\" target=\"_blank\" rel=\"noopener\">mediaopassivusto<\/a> englanniksi ja arabiaksi (linkki avautuu uuteen v\u00e4lilehteen). Toteuttaja Kansanvalistusseura (KVS)<\/li>\n<li><a href=\"http:\/\/www.lib.berkeley.edu\/TeachingLib\/Guides\/Internet\/evaluation_checklist_2009_spring.rtf\" target=\"_blank\" rel=\"noopener noreferrer\">Web Page Evaluation Check List (Teaching Library, UC Berkeley,<\/a> linkki avautuu uuteen v\u00e4lilehteen)<\/li>\n<li>Marja-Leena Harjuniemen (JY, Avoimen tiedon keskus 14.11.2011) blogikirjoitus <a href=\"http:\/\/kirjasto.blog.jyu.fi\/2011\/12\/tiesitko-taman-googlesta.html\" target=\"_blank\" rel=\"noopener noreferrer\">Tiesitk\u00f6 t\u00e4m\u00e4n Googlesta?<\/a> (linkki avautuu uuteen v\u00e4lilehteen). Kirjoitus sis\u00e4lt\u00e4\u00e4 linkin Googlen tehok\u00e4ytt\u00f6ohjeisiin.<\/li>\n<\/ul>\n\t\t\t\t<\/div>\n\t\t\t<\/div>\n\t\t\t<\/div>\n\t\n\n\n<div class=\"links-block\">\n\n            <h3>Siirry seuraavaan osioon:<\/h3>\n    \n    <ul class=\"link-list\">\n        \n            \n            <li class=\"link-list-item\">\n                <a href=\"https:\/\/sites.uef.fi\/tiedonhaku-kasvatus\/miten-saan-julkaisun-kayttooni\/\" class=\"link-reset link hover-scale-down\">\n                    <svg\n        width=\"43\" height=\"25\"\n        viewBox=\"0 0 43 25\"\n        xmlns=\"http:\/\/www.w3.org\/2000\/svg\">\n    <path\n        d=\"M30.027 0 43 12.5 30.027 25 27 22.083 34.351 15H0v-5h34.351L27 2.917z\"\n        fill=\"currentColor\"\n        fill-rule=\"evenodd\"\/>\n<\/svg>                    <div>Miten saan julkaisun k\u00e4ytt\u00f6\u00f6ni<\/div>\n                <\/a>\n                <div class=\"link-info\">\n                                    <\/div>\n            <\/li>\n\n                <\/ul>\n<\/div>","protected":false},"excerpt":{"rendered":"<p>Google, Google Scholar ja tieteelliset tietokannat Google ei ole tietokanta, vaan yksi monista hakukoneista. Se on k\u00e4ytt\u00f6kelpoinen etenkin arkitiedon haussa. Google Scholar on tieteellisen tiedon hakuun erikoistunut hakukone, mutta sill\u00e4 ei ole p\u00e4\u00e4sy\u00e4 moniin tieteellisiin tai kirjastojen tietokantoihin. Verkosta l\u00f6ytyv\u00e4n aineiston suhteen on aina oltava kriittinen ja arvioitava sen oikeellisuus ja tieteellinen arvo. Vastuu on [&hellip;]<\/p>\n","protected":false},"author":171,"featured_media":0,"parent":100,"menu_order":0,"comment_status":"closed","ping_status":"closed","template":"","meta":{"_acf_changed":false,"_monsterinsights_skip_tracking":false,"_monsterinsights_sitenote_active":false,"_monsterinsights_sitenote_note":"","_monsterinsights_sitenote_category":0,"footnotes":""},"class_list":["post-324","page","type-page","status-publish","hentry"],"acf":[],"yoast_head":"<!-- This site is optimized with the Yoast SEO plugin v27.1.1 - https:\/\/yoast.com\/product\/yoast-seo-wordpress\/ -->\n<title>Google ja Google Scholar - Kasvatustieteiden tiedonhaku \/\/ UEF-kirjasto<\/title>\n<meta name=\"robots\" content=\"index, follow, max-snippet:-1, max-image-preview:large, max-video-preview:-1\" \/>\n<link rel=\"canonical\" href=\"https:\/\/sites.uef.fi\/tiedonhaku-kasvatus\/tiedonlahteet-ja-tietokannat\/google-ja-google-scholar\/\" \/>\n<meta property=\"og:locale\" content=\"fi_FI\" \/>\n<meta property=\"og:type\" content=\"article\" \/>\n<meta property=\"og:title\" content=\"Google ja Google Scholar - Kasvatustieteiden tiedonhaku \/\/ UEF-kirjasto\" \/>\n<meta property=\"og:description\" content=\"Google, Google Scholar ja tieteelliset tietokannat Google ei ole tietokanta, vaan yksi monista hakukoneista. Se on k\u00e4ytt\u00f6kelpoinen etenkin arkitiedon haussa. Google Scholar on tieteellisen tiedon hakuun erikoistunut hakukone, mutta sill\u00e4 ei ole p\u00e4\u00e4sy\u00e4 moniin tieteellisiin tai kirjastojen tietokantoihin. Verkosta l\u00f6ytyv\u00e4n aineiston suhteen on aina oltava kriittinen ja arvioitava sen oikeellisuus ja tieteellinen arvo. Vastuu on [&hellip;]\" \/>\n<meta property=\"og:url\" content=\"https:\/\/sites.uef.fi\/tiedonhaku-kasvatus\/tiedonlahteet-ja-tietokannat\/google-ja-google-scholar\/\" \/>\n<meta property=\"og:site_name\" content=\"Kasvatustieteiden tiedonhaku \/\/ UEF-kirjasto\" \/>\n<meta property=\"article:modified_time\" content=\"2024-06-26T09:48:53+00:00\" \/>\n<meta property=\"og:image\" content=\"https:\/\/sites.uef.fi\/tiedonhaku-kasvatus\/wp-content\/uploads\/sites\/80\/2020\/07\/Artikkelin_saatavuus-3.png\" \/>\n<meta name=\"twitter:card\" content=\"summary_large_image\" \/>\n<meta name=\"twitter:label1\" content=\"Arvioitu lukuaika\" \/>\n\t<meta name=\"twitter:data1\" content=\"4 minuuttia\" \/>\n<script type=\"application\/ld+json\" class=\"yoast-schema-graph\">{\"@context\":\"https:\/\/schema.org\",\"@graph\":[{\"@type\":\"WebPage\",\"@id\":\"https:\/\/sites.uef.fi\/tiedonhaku-kasvatus\/tiedonlahteet-ja-tietokannat\/google-ja-google-scholar\/\",\"url\":\"https:\/\/sites.uef.fi\/tiedonhaku-kasvatus\/tiedonlahteet-ja-tietokannat\/google-ja-google-scholar\/\",\"name\":\"Google ja Google Scholar - Kasvatustieteiden tiedonhaku \/\/ UEF-kirjasto\",\"isPartOf\":{\"@id\":\"https:\/\/sites.uef.fi\/tiedonhaku-kasvatus\/#website\"},\"primaryImageOfPage\":{\"@id\":\"https:\/\/sites.uef.fi\/tiedonhaku-kasvatus\/tiedonlahteet-ja-tietokannat\/google-ja-google-scholar\/#primaryimage\"},\"image\":{\"@id\":\"https:\/\/sites.uef.fi\/tiedonhaku-kasvatus\/tiedonlahteet-ja-tietokannat\/google-ja-google-scholar\/#primaryimage\"},\"thumbnailUrl\":\"https:\/\/sites.uef.fi\/tiedonhaku-kasvatus\/wp-content\/uploads\/sites\/80\/2020\/07\/Artikkelin_saatavuus-3.png\",\"datePublished\":\"2020-06-24T10:57:48+00:00\",\"dateModified\":\"2024-06-26T09:48:53+00:00\",\"breadcrumb\":{\"@id\":\"https:\/\/sites.uef.fi\/tiedonhaku-kasvatus\/tiedonlahteet-ja-tietokannat\/google-ja-google-scholar\/#breadcrumb\"},\"inLanguage\":\"fi\",\"potentialAction\":[{\"@type\":\"ReadAction\",\"target\":[\"https:\/\/sites.uef.fi\/tiedonhaku-kasvatus\/tiedonlahteet-ja-tietokannat\/google-ja-google-scholar\/\"]}]},{\"@type\":\"ImageObject\",\"inLanguage\":\"fi\",\"@id\":\"https:\/\/sites.uef.fi\/tiedonhaku-kasvatus\/tiedonlahteet-ja-tietokannat\/google-ja-google-scholar\/#primaryimage\",\"url\":\"https:\/\/sites.uef.fi\/tiedonhaku-kasvatus\/wp-content\/uploads\/sites\/80\/2020\/07\/Artikkelin_saatavuus-3.png\",\"contentUrl\":\"https:\/\/sites.uef.fi\/tiedonhaku-kasvatus\/wp-content\/uploads\/sites\/80\/2020\/07\/Artikkelin_saatavuus-3.png\",\"width\":957,\"height\":484,\"caption\":\"Artikkelin haku UEF-Primosta\"},{\"@type\":\"BreadcrumbList\",\"@id\":\"https:\/\/sites.uef.fi\/tiedonhaku-kasvatus\/tiedonlahteet-ja-tietokannat\/google-ja-google-scholar\/#breadcrumb\",\"itemListElement\":[{\"@type\":\"ListItem\",\"position\":1,\"name\":\"Home\",\"item\":\"https:\/\/sites.uef.fi\/tiedonhaku-kasvatus\/\"},{\"@type\":\"ListItem\",\"position\":2,\"name\":\"Tiedonl\u00e4hteet ja tietokannat\",\"item\":\"https:\/\/sites.uef.fi\/tiedonhaku-kasvatus\/tiedonlahteet-ja-tietokannat\/\"},{\"@type\":\"ListItem\",\"position\":3,\"name\":\"Google ja Google Scholar\"}]},{\"@type\":\"WebSite\",\"@id\":\"https:\/\/sites.uef.fi\/tiedonhaku-kasvatus\/#website\",\"url\":\"https:\/\/sites.uef.fi\/tiedonhaku-kasvatus\/\",\"name\":\"Kasvatustieteiden tiedonhaku \/\/ UEF-kirjasto\",\"description\":\"\",\"potentialAction\":[{\"@type\":\"SearchAction\",\"target\":{\"@type\":\"EntryPoint\",\"urlTemplate\":\"https:\/\/sites.uef.fi\/tiedonhaku-kasvatus\/?s={search_term_string}\"},\"query-input\":{\"@type\":\"PropertyValueSpecification\",\"valueRequired\":true,\"valueName\":\"search_term_string\"}}],\"inLanguage\":\"fi\"}]}<\/script>\n<!-- \/ Yoast SEO plugin. -->","yoast_head_json":{"title":"Google ja Google Scholar - Kasvatustieteiden tiedonhaku \/\/ UEF-kirjasto","robots":{"index":"index","follow":"follow","max-snippet":"max-snippet:-1","max-image-preview":"max-image-preview:large","max-video-preview":"max-video-preview:-1"},"canonical":"https:\/\/sites.uef.fi\/tiedonhaku-kasvatus\/tiedonlahteet-ja-tietokannat\/google-ja-google-scholar\/","og_locale":"fi_FI","og_type":"article","og_title":"Google ja Google Scholar - Kasvatustieteiden tiedonhaku \/\/ UEF-kirjasto","og_description":"Google, Google Scholar ja tieteelliset tietokannat Google ei ole tietokanta, vaan yksi monista hakukoneista. Se on k\u00e4ytt\u00f6kelpoinen etenkin arkitiedon haussa. Google Scholar on tieteellisen tiedon hakuun erikoistunut hakukone, mutta sill\u00e4 ei ole p\u00e4\u00e4sy\u00e4 moniin tieteellisiin tai kirjastojen tietokantoihin. Verkosta l\u00f6ytyv\u00e4n aineiston suhteen on aina oltava kriittinen ja arvioitava sen oikeellisuus ja tieteellinen arvo. Vastuu on [&hellip;]","og_url":"https:\/\/sites.uef.fi\/tiedonhaku-kasvatus\/tiedonlahteet-ja-tietokannat\/google-ja-google-scholar\/","og_site_name":"Kasvatustieteiden tiedonhaku \/\/ UEF-kirjasto","article_modified_time":"2024-06-26T09:48:53+00:00","og_image":[{"url":"https:\/\/sites.uef.fi\/tiedonhaku-kasvatus\/wp-content\/uploads\/sites\/80\/2020\/07\/Artikkelin_saatavuus-3.png","type":"","width":"","height":""}],"twitter_card":"summary_large_image","twitter_misc":{"Arvioitu lukuaika":"4 minuuttia"},"schema":{"@context":"https:\/\/schema.org","@graph":[{"@type":"WebPage","@id":"https:\/\/sites.uef.fi\/tiedonhaku-kasvatus\/tiedonlahteet-ja-tietokannat\/google-ja-google-scholar\/","url":"https:\/\/sites.uef.fi\/tiedonhaku-kasvatus\/tiedonlahteet-ja-tietokannat\/google-ja-google-scholar\/","name":"Google ja Google Scholar - Kasvatustieteiden tiedonhaku \/\/ UEF-kirjasto","isPartOf":{"@id":"https:\/\/sites.uef.fi\/tiedonhaku-kasvatus\/#website"},"primaryImageOfPage":{"@id":"https:\/\/sites.uef.fi\/tiedonhaku-kasvatus\/tiedonlahteet-ja-tietokannat\/google-ja-google-scholar\/#primaryimage"},"image":{"@id":"https:\/\/sites.uef.fi\/tiedonhaku-kasvatus\/tiedonlahteet-ja-tietokannat\/google-ja-google-scholar\/#primaryimage"},"thumbnailUrl":"https:\/\/sites.uef.fi\/tiedonhaku-kasvatus\/wp-content\/uploads\/sites\/80\/2020\/07\/Artikkelin_saatavuus-3.png","datePublished":"2020-06-24T10:57:48+00:00","dateModified":"2024-06-26T09:48:53+00:00","breadcrumb":{"@id":"https:\/\/sites.uef.fi\/tiedonhaku-kasvatus\/tiedonlahteet-ja-tietokannat\/google-ja-google-scholar\/#breadcrumb"},"inLanguage":"fi","potentialAction":[{"@type":"ReadAction","target":["https:\/\/sites.uef.fi\/tiedonhaku-kasvatus\/tiedonlahteet-ja-tietokannat\/google-ja-google-scholar\/"]}]},{"@type":"ImageObject","inLanguage":"fi","@id":"https:\/\/sites.uef.fi\/tiedonhaku-kasvatus\/tiedonlahteet-ja-tietokannat\/google-ja-google-scholar\/#primaryimage","url":"https:\/\/sites.uef.fi\/tiedonhaku-kasvatus\/wp-content\/uploads\/sites\/80\/2020\/07\/Artikkelin_saatavuus-3.png","contentUrl":"https:\/\/sites.uef.fi\/tiedonhaku-kasvatus\/wp-content\/uploads\/sites\/80\/2020\/07\/Artikkelin_saatavuus-3.png","width":957,"height":484,"caption":"Artikkelin haku UEF-Primosta"},{"@type":"BreadcrumbList","@id":"https:\/\/sites.uef.fi\/tiedonhaku-kasvatus\/tiedonlahteet-ja-tietokannat\/google-ja-google-scholar\/#breadcrumb","itemListElement":[{"@type":"ListItem","position":1,"name":"Home","item":"https:\/\/sites.uef.fi\/tiedonhaku-kasvatus\/"},{"@type":"ListItem","position":2,"name":"Tiedonl\u00e4hteet ja tietokannat","item":"https:\/\/sites.uef.fi\/tiedonhaku-kasvatus\/tiedonlahteet-ja-tietokannat\/"},{"@type":"ListItem","position":3,"name":"Google ja Google Scholar"}]},{"@type":"WebSite","@id":"https:\/\/sites.uef.fi\/tiedonhaku-kasvatus\/#website","url":"https:\/\/sites.uef.fi\/tiedonhaku-kasvatus\/","name":"Kasvatustieteiden tiedonhaku \/\/ UEF-kirjasto","description":"","potentialAction":[{"@type":"SearchAction","target":{"@type":"EntryPoint","urlTemplate":"https:\/\/sites.uef.fi\/tiedonhaku-kasvatus\/?s={search_term_string}"},"query-input":{"@type":"PropertyValueSpecification","valueRequired":true,"valueName":"search_term_string"}}],"inLanguage":"fi"}]}},"_links":{"self":[{"href":"https:\/\/sites.uef.fi\/tiedonhaku-kasvatus\/wp-json\/wp\/v2\/pages\/324","targetHints":{"allow":["GET"]}}],"collection":[{"href":"https:\/\/sites.uef.fi\/tiedonhaku-kasvatus\/wp-json\/wp\/v2\/pages"}],"about":[{"href":"https:\/\/sites.uef.fi\/tiedonhaku-kasvatus\/wp-json\/wp\/v2\/types\/page"}],"author":[{"embeddable":true,"href":"https:\/\/sites.uef.fi\/tiedonhaku-kasvatus\/wp-json\/wp\/v2\/users\/171"}],"replies":[{"embeddable":true,"href":"https:\/\/sites.uef.fi\/tiedonhaku-kasvatus\/wp-json\/wp\/v2\/comments?post=324"}],"version-history":[{"count":1,"href":"https:\/\/sites.uef.fi\/tiedonhaku-kasvatus\/wp-json\/wp\/v2\/pages\/324\/revisions"}],"predecessor-version":[{"id":5107,"href":"https:\/\/sites.uef.fi\/tiedonhaku-kasvatus\/wp-json\/wp\/v2\/pages\/324\/revisions\/5107"}],"up":[{"embeddable":true,"href":"https:\/\/sites.uef.fi\/tiedonhaku-kasvatus\/wp-json\/wp\/v2\/pages\/100"}],"wp:attachment":[{"href":"https:\/\/sites.uef.fi\/tiedonhaku-kasvatus\/wp-json\/wp\/v2\/media?parent=324"}],"curies":[{"name":"wp","href":"https:\/\/api.w.org\/{rel}","templated":true}]}}