{"id":3929,"date":"2023-07-24T16:06:54","date_gmt":"2023-07-24T13:06:54","guid":{"rendered":"https:\/\/sites.uef.fi\/tiedonhaku-kasvatus\/?page_id=3929"},"modified":"2024-06-26T13:42:16","modified_gmt":"2024-06-26T10:42:16","slug":"aiheen-analysointi-ja-hakusanat-luonnos","status":"publish","type":"page","link":"https:\/\/sites.uef.fi\/tiedonhaku-kasvatus\/aiheen-analysointi-ja-hakusanat-luonnos\/","title":{"rendered":"Aiheesta hakukysymykseksi"},"content":{"rendered":"\n<p>T\u00e4ss\u00e4 osiossa kerrotaan<\/p>\n\n\n\n<ul class=\"wp-block-list\">\n<li>Miten tiedonhaun prosessi etenee<\/li>\n\n\n\n<li>Miten teet k\u00e4siteanalyysin, m\u00e4\u00e4rittelet ja rajaat aiheen<\/li>\n<\/ul>\n\n\n\n<h2 class=\"wp-block-heading\"><strong>Tiedonhaun prosessi<\/strong><\/h2>\n\n\n\n<p>Tiedonhaun prosessi on k\u00e4ynniss\u00e4 koko ajan ty\u00f6si, kuten opinn\u00e4ytety\u00f6n, edistyess\u00e4, tiedon lis\u00e4\u00e4ntyess\u00e4 ja kenties n\u00e4k\u00f6kulmien muuttuessa.<\/p>\n\n\n\n<p>Tiedonhaku ei yleens\u00e4 hoidu kerralla, vaan joudut muokkaamaan hakujasi ja palaamaan edellisiin vaiheisiin:<\/p>\n\n\n\n<ol class=\"wp-block-list\">\n<li>aiheesta k\u00e4sitteiksi<\/li>\n\n\n\n<li>k\u00e4sitteist\u00e4 hakusanoiksi<\/li>\n\n\n\n<li>hakusanojen muoto (katkaisu, fraasi) ja yhdist\u00e4minen (AND\/OR\/NOT)<\/li>\n\n\n\n<li>aihepiiriin ja aineistotyyppiin sopivan tietokannan ja muun hakuv\u00e4lineen valinta<\/li>\n\n\n\n<li>hakusanojen testaus koehauilla<\/li>\n\n\n\n<li>haut eri hakuv\u00e4lineill\u00e4<\/li>\n\n\n\n<li>tulosten m\u00e4\u00e4r\u00e4n ja osuvuuden arviointi (ja mahdollinen hakujen muokkaus)<\/li>\n\n\n\n<li>l\u00e4hteiden saatavuus ja paikantaminen<\/li>\n\n\n\n<li>tiedon k\u00e4ytt\u00f6 ja arviointi<\/li>\n<\/ol>\n\n\n\n<p>Hakuaihe m\u00e4\u00e4r\u00e4ytyy tiedontarpeesta, kuten esimerkiksi opinn\u00e4ytety\u00f6n tutkimuskysymyksest\u00e4. Hakukysymys voi puolestaan olla jokin rajattu osa tutkimuskysymyksest\u00e4. Erityisesti laajemmissa opinn\u00e4ytet\u00f6iss\u00e4 tiedonhakuprosessi helpottuu, jos tutkimuskysymyst\u00e4 voi pilkkoa pienempiin osiin hakukysymysten avulla.<\/p>\n\n\n\n<p>Hakua suuntaa my\u00f6s <strong>tarkoitus<\/strong>, johon tietoa ollaan hakemassa:<\/p>\n\n\n\n<ul class=\"wp-block-list\">\n<li>Mihin tarkoitukseen tietoa ollaan hakemassa?<\/li>\n\n\n\n<li>Kuinka laajasta teht\u00e4v\u00e4st\u00e4 on kyse?<\/li>\n\n\n\n<li>Kuinka paljon ja millaisia l\u00e4hteit\u00e4 tarvitaan? Tarvitaanko tieteellist\u00e4 tietoa, vai riitt\u00e4\u00e4k\u00f6 yleistieto?<\/li>\n\n\n\n<li>Mink\u00e4 ik\u00e4ist\u00e4 tietoa tarvitaan?<\/li>\n<\/ul>\n\n\n\n<h2 class=\"wp-block-heading\"><strong>Aiheen m\u00e4\u00e4rittely ja rajaaminen<\/strong> &#8211; tee k\u00e4siteanalyysi<\/h2>\n\n\n\n<p>Tunnista ensimm\u00e4iseksi omasta tutkimusaiheesta tiedonhakuongelman kannalta <strong>keskeiset k\u00e4sitteet<\/strong>. N\u00e4ille k\u00e4sitteille etsit\u00e4\u00e4n sitten sopivia sanallisia ilmaisuja.<\/p>\n\n\n\n<p><strong>Vinkki:<\/strong> K\u00e4sitteet kannattaa m\u00e4\u00e4ritell\u00e4 aluksi hyvin pelkistettyin\u00e4. T\u00e4ll\u00f6in niiden yhdistely ja monipuolinen k\u00e4ytt\u00f6 on hakuvaiheessa helpompaa.<\/p>\n\n\n\n<p>Seuraavien seikkojen pohtiminen voi helpottaa aiheen m\u00e4\u00e4rittely\u00e4, j\u00e4sentely\u00e4 ja rajaamista:<\/p>\n\n\n\n<ul class=\"wp-block-list\">\n<li>Mik\u00e4 on aiheeni\/teht\u00e4v\u00e4ni otsikko?<\/li>\n\n\n\n<li>Mit\u00e4 aiheesta on kirjoitettu, miten sit\u00e4 on tutkittu?<\/li>\n\n\n\n<li>Mik\u00e4 on aiheen kannalta oleellista tai t\u00e4rke\u00e4\u00e4?<\/li>\n\n\n\n<li>Aiheen p\u00e4\u00e4kysymykset, alakysymykset<\/li>\n\n\n\n<li>Millaisilla sanoilla aihetta on voitu kuvailla?<\/li>\n\n\n\n<li>Mihin laajempaan viitekehykseen aihe kuuluu?<\/li>\n\n\n\n<li>Mit\u00e4 suppeampia asiakokonaisuuksia aihe pit\u00e4\u00e4 sis\u00e4ll\u00e4\u00e4n?<\/li>\n\n\n\n<li>Mik\u00e4 n\u00e4k\u00f6kulma sinua kiinnostaa? Eri teorial\u00e4ht\u00f6kohtien ja koulukuntien lis\u00e4ksi my\u00f6s muilla tieteenaloilla on voitu tarkastella samaa aihetta<\/li>\n<\/ul>\n\n\n\n<p>Vinkki: <strong>Visualisoi<\/strong> tutkimusongelmasi laatimalla <strong>k\u00e4sitekartta<\/strong> tai <strong>miellekartta<\/strong> eli mindmap. Ker\u00e4\u00e4 siihen olennaiset k\u00e4sitteet ja n\u00e4k\u00f6kulmat, niille l\u00e4heiset tai rinnakkaisk\u00e4sitteet. <\/p>\n\n\n\n<p><strong>Kirjoita alusta l\u00e4htien muistiin<\/strong>, mit\u00e4 hakusanoja olet k\u00e4ytt\u00e4nyt ja l\u00f6yt\u00e4nyt, millaisia hakusanayhdistelmi\u00e4 ja rajauksia, miss\u00e4 tietokannassa! Voit my\u00f6s tallentaa hakujasi, kun olet luonut tietokantaan oman tilin. Apuna visualisointiin voit k\u00e4ytt\u00e4\u00e4 esimerkiksi seuraavia (linkit aukeavat uuteen v\u00e4lilehteen Wikipediaan):<\/p>\n\n\n\n<ul class=\"wp-block-list\">\n<li><a href=\"https:\/\/fi.wikipedia.org\/wiki\/K%C3%A4sitekartta\" target=\"_blank\" rel=\"noreferrer noopener\">k\u00e4sitekartta<\/a><\/li>\n\n\n\n<li><a href=\"https:\/\/fi.wikipedia.org\/wiki\/Miellekartta\" target=\"_blank\" rel=\"noreferrer noopener\">miellekartta<\/a> eli ajatuskartta tai mind map<\/li>\n\n\n\n<li>lista<\/li>\n\n\n\n<li>taulukko<\/li>\n<\/ul>\n\n\n\t<div id=\"accordion-block_46e73b738e1c11b8da518ff28c86cfaf\" class=\"accordions\">\n\t\t\t\t\t<div class=\"accordion accordion-js\">\n\t\t\t\t<button class=\"accordion__button\" aria-controls=\"content-3860\" aria-expanded=\"false\" id=\"accordion-control-3860\">\n\t\t\t\t\t<h3 class=\"accordion__heading\" >\n\t\t\t\t\t\tEsimerkki: Ty\u00f6tt\u00f6myyden merkitys nuoren el\u00e4m\u00e4nkulussa\t\t\t\t\t<\/h3>\n\t\t\t\t<\/button>\n\t\t\t\t<div class=\"accordion__content\" role=\"region\" aria-labelledby=\"accordion-control-3860\" aria-hidden=\"true\" id=\"content-3860\">\n\t\t\t\t\t<p><!-- wp:paragraph --><\/p>\n<p><strong>Tutkimuksen aihe:<\/strong> Ty\u00f6tt\u00f6myysjaksojen merkitys el\u00e4m\u00e4nkulussa pohjoiskarjalaisten nuorten kokemana.<\/p>\n<p><!-- \/wp:paragraph --> <!-- wp:paragraph --><\/p>\n<p><strong>Hakukysymys:<\/strong> Mik\u00e4 on <strong>ty\u00f6tt\u00f6myyden<\/strong> merkitys <strong>nuoren<\/strong> <strong>el\u00e4m\u00e4nkulussa<\/strong>?<\/p>\n<p><!-- \/wp:paragraph --> <!-- wp:paragraph --><\/p>\n<p><img loading=\"lazy\" decoding=\"async\" class=\"aligncenter size-full wp-image-3965\" src=\"https:\/\/sites.uef.fi\/tiedonhaku-kasvatus\/wp-content\/uploads\/sites\/80\/2023\/07\/Hakukysymys_Tyottomyyden_merkitys.png\" alt=\"Havainnollistetaan hakukysymys ja haetaa ydink\u00e4sitteet: Mik\u00e4 on ty\u00f6tt\u00f6myyden merkitys nuorten el\u00e4m\u00e4nkulussa. Ydink\u00e4sitteet ovat nuoret, ty\u00f6tt\u00f6myys, el\u00e4m\u00e4nkulku\" width=\"1280\" height=\"720\" srcset=\"https:\/\/sites.uef.fi\/tiedonhaku-kasvatus\/wp-content\/uploads\/sites\/80\/2023\/07\/Hakukysymys_Tyottomyyden_merkitys.png 1280w, https:\/\/sites.uef.fi\/tiedonhaku-kasvatus\/wp-content\/uploads\/sites\/80\/2023\/07\/Hakukysymys_Tyottomyyden_merkitys-300x169.png 300w, https:\/\/sites.uef.fi\/tiedonhaku-kasvatus\/wp-content\/uploads\/sites\/80\/2023\/07\/Hakukysymys_Tyottomyyden_merkitys-1024x576.png 1024w, https:\/\/sites.uef.fi\/tiedonhaku-kasvatus\/wp-content\/uploads\/sites\/80\/2023\/07\/Hakukysymys_Tyottomyyden_merkitys-768x432.png 768w, https:\/\/sites.uef.fi\/tiedonhaku-kasvatus\/wp-content\/uploads\/sites\/80\/2023\/07\/Hakukysymys_Tyottomyyden_merkitys-992x558.png 992w\" sizes=\"auto, (max-width: 1280px) 100vw, 1280px\" \/><\/p>\n<p>&nbsp;<\/p>\n<p><!-- wp:paragraph --><\/p>\n<p>&nbsp;<\/p>\n<p><!-- \/wp:paragraph --><\/p>\n<p><!-- \/wp:paragraph --><\/p>\n\t\t\t\t<\/div>\n\t\t\t<\/div>\n\t\t\t\t\t<div class=\"accordion accordion-js\">\n\t\t\t\t<button class=\"accordion__button\" aria-controls=\"content-1452\" aria-expanded=\"false\" id=\"accordion-control-1452\">\n\t\t\t\t\t<h3 class=\"accordion__heading\" >\n\t\t\t\t\t\tEsimerkki: Koulutuksen merkitys maahanmuuttajien kotoutumisessa\t\t\t\t\t<\/h3>\n\t\t\t\t<\/button>\n\t\t\t\t<div class=\"accordion__content\" role=\"region\" aria-labelledby=\"accordion-control-1452\" aria-hidden=\"true\" id=\"content-1452\">\n\t\t\t\t\t<p>Tutkimuksen aihe: Voiko koulutus edist\u00e4\u00e4 maahanmuuttajien kotoutumista ja sopeutumista?<\/p>\n<p>Hakukysymys: Mik\u00e4 on <strong>koulutuksen<\/strong> merkitys <strong>maahanmuuttajien<\/strong> <strong>kotoutumisessa<\/strong>?<\/p>\n<p><img loading=\"lazy\" decoding=\"async\" class=\"aligncenter size-full wp-image-3986\" src=\"https:\/\/sites.uef.fi\/tiedonhaku-kasvatus\/wp-content\/uploads\/sites\/80\/2023\/07\/Hakukysymys_maahanmuuttajien_kotoutuminen.png\" alt=\"Havainnollistetaan hakukysymys ja haetaa ydink\u00e4sitteet: Mik\u00e4 on koulutuksen merkitys maahanmuutajien kotoutummisessa. Ydink\u00e4sitteet ovat maahanmuuttajat, koulutus, integraatio\" width=\"1280\" height=\"720\" srcset=\"https:\/\/sites.uef.fi\/tiedonhaku-kasvatus\/wp-content\/uploads\/sites\/80\/2023\/07\/Hakukysymys_maahanmuuttajien_kotoutuminen.png 1280w, https:\/\/sites.uef.fi\/tiedonhaku-kasvatus\/wp-content\/uploads\/sites\/80\/2023\/07\/Hakukysymys_maahanmuuttajien_kotoutuminen-300x169.png 300w, https:\/\/sites.uef.fi\/tiedonhaku-kasvatus\/wp-content\/uploads\/sites\/80\/2023\/07\/Hakukysymys_maahanmuuttajien_kotoutuminen-1024x576.png 1024w, https:\/\/sites.uef.fi\/tiedonhaku-kasvatus\/wp-content\/uploads\/sites\/80\/2023\/07\/Hakukysymys_maahanmuuttajien_kotoutuminen-768x432.png 768w, https:\/\/sites.uef.fi\/tiedonhaku-kasvatus\/wp-content\/uploads\/sites\/80\/2023\/07\/Hakukysymys_maahanmuuttajien_kotoutuminen-992x558.png 992w\" sizes=\"auto, (max-width: 1280px) 100vw, 1280px\" \/><\/p>\n\t\t\t\t<\/div>\n\t\t\t<\/div>\n\t\t\t\t\t<div class=\"accordion accordion-js\">\n\t\t\t\t<button class=\"accordion__button\" aria-controls=\"content-9085\" aria-expanded=\"false\" id=\"accordion-control-9085\">\n\t\t\t\t\t<h3 class=\"accordion__heading\" >\n\t\t\t\t\t\tEsimerkki: Tablettien k\u00e4ytt\u00f6 osana esikouluik\u00e4isten mediakasvatusta\t\t\t\t\t<\/h3>\n\t\t\t\t<\/button>\n\t\t\t\t<div class=\"accordion__content\" role=\"region\" aria-labelledby=\"accordion-control-9085\" aria-hidden=\"true\" id=\"content-9085\">\n\t\t\t\t\t<p><span style=\"color: #168dab\"><strong>Tutkimuksen aihe:<\/strong><\/span> Miten tabletteja tai muita mobiililaitteita voi k\u00e4ytt\u00e4\u00e4 esikoulun mediakasvatuksessa?<\/p>\n<p><strong><span style=\"color: #168dab\">Hakukysymys:<\/span><\/strong> Miten tabletteja k\u00e4ytet\u00e4\u00e4n osana esikouluik\u00e4isten mediakasvatusta?<img loading=\"lazy\" decoding=\"async\" class=\"aligncenter size-full wp-image-4001\" src=\"https:\/\/sites.uef.fi\/tiedonhaku-kasvatus\/wp-content\/uploads\/sites\/80\/2023\/07\/Hakukysymys_Tabletit_esikoulun_mediakasvatuksessa.png\" alt=\"Perusk\u00e4sitteet ja niille vaihtoehtoisia sanoja aiheesta Tablettien k\u00e4ytt\u00f6 esikouluik\u00e4isten mediakasvatuksessa\" width=\"1280\" height=\"720\" srcset=\"https:\/\/sites.uef.fi\/tiedonhaku-kasvatus\/wp-content\/uploads\/sites\/80\/2023\/07\/Hakukysymys_Tabletit_esikoulun_mediakasvatuksessa.png 1280w, https:\/\/sites.uef.fi\/tiedonhaku-kasvatus\/wp-content\/uploads\/sites\/80\/2023\/07\/Hakukysymys_Tabletit_esikoulun_mediakasvatuksessa-300x169.png 300w, https:\/\/sites.uef.fi\/tiedonhaku-kasvatus\/wp-content\/uploads\/sites\/80\/2023\/07\/Hakukysymys_Tabletit_esikoulun_mediakasvatuksessa-1024x576.png 1024w, https:\/\/sites.uef.fi\/tiedonhaku-kasvatus\/wp-content\/uploads\/sites\/80\/2023\/07\/Hakukysymys_Tabletit_esikoulun_mediakasvatuksessa-768x432.png 768w, https:\/\/sites.uef.fi\/tiedonhaku-kasvatus\/wp-content\/uploads\/sites\/80\/2023\/07\/Hakukysymys_Tabletit_esikoulun_mediakasvatuksessa-992x558.png 992w\" sizes=\"auto, (max-width: 1280px) 100vw, 1280px\" \/><\/p>\n<p>Tabletit: mobiililaitteet, taulutietokoneet, ipad, tablets, handheld devices, mobile devices<br \/>\nEsikouluik\u00e4iset: esikoulu, esikoulukasvatus, esikouluopetus, preschool, preschoolers, infants<br \/>\nMediakasvatus: medialukutaito, mediataidot, viestint\u00e4kasvatus, media education, media literacy<\/p>\n<p>&nbsp;<\/p>\n<p>&nbsp;<\/p>\n<p>&nbsp;<\/p>\n<p>&nbsp;<\/p>\n\t\t\t\t<\/div>\n\t\t\t<\/div>\n\t\t\t<\/div>\n\t\n\n\n<figure class=\"wp-block-image size-large\"><img loading=\"lazy\" decoding=\"async\" width=\"1024\" height=\"576\" src=\"https:\/\/sites.uef.fi\/tiedonhaku-kasvatus\/wp-content\/uploads\/sites\/80\/2023\/06\/Kirjastotuutori_JyvaskylanOSC-1024x576.png\" alt=\"Jyv\u00e4skyl\u00e4n yliopiston avoimen tieteen keskuksen tiedonhankinnan itseopiskelusivuston kuvaus. Kuvio kuvaa suunnitelmallisen tiedonhaun eri vaiheita.\" class=\"wp-image-3753\" srcset=\"https:\/\/sites.uef.fi\/tiedonhaku-kasvatus\/wp-content\/uploads\/sites\/80\/2023\/06\/Kirjastotuutori_JyvaskylanOSC-1024x576.png 1024w, https:\/\/sites.uef.fi\/tiedonhaku-kasvatus\/wp-content\/uploads\/sites\/80\/2023\/06\/Kirjastotuutori_JyvaskylanOSC-300x169.png 300w, https:\/\/sites.uef.fi\/tiedonhaku-kasvatus\/wp-content\/uploads\/sites\/80\/2023\/06\/Kirjastotuutori_JyvaskylanOSC-768x432.png 768w, https:\/\/sites.uef.fi\/tiedonhaku-kasvatus\/wp-content\/uploads\/sites\/80\/2023\/06\/Kirjastotuutori_JyvaskylanOSC-992x558.png 992w, https:\/\/sites.uef.fi\/tiedonhaku-kasvatus\/wp-content\/uploads\/sites\/80\/2023\/06\/Kirjastotuutori_JyvaskylanOSC.png 1280w\" sizes=\"auto, (max-width: 1024px) 100vw, 1024px\" \/><\/figure>\n\n\n\n<p>Lis\u00e4\u00e4 tiedonhausta l\u00f6yd\u00e4t muiden korkeakoulujen kirjastoista. T\u00e4ss\u00e4 Jyv\u00e4skyl\u00e4n yliopiston Avoimen tiedon keskus (2023) Kirjastotuutori. (linkki avautuu uuteen v\u00e4lilehteen). <\/p>\n\n\n\n<p><a href=\"http:\/\/creativecommons.org\/licenses\/by-sa\/4.0\/\"><\/a><br><a href=\"http:\/\/creativecommons.org\/licenses\/by-sa\/4.0\/\">Kirjastotuutori on lisensoitu Creative Commons Attribution-ShareAlike 4.0 International lisenssill\u00e4.<br>(Creative Commons BY-SA)<\/a><\/p>\n\n\n\n<div class=\"links-block\">\n\n            <h3>Siirry seuraavaan osioon:<\/h3>\n    \n    <ul class=\"link-list\">\n        \n            \n            <li class=\"link-list-item\">\n                <a href=\"https:\/\/sites.uef.fi\/tiedonhaku-kasvatus\/miten-loydan-toimivat-hakusanat\/\" class=\"link-reset link hover-scale-down\">\n                    <svg\n        width=\"43\" height=\"25\"\n        viewBox=\"0 0 43 25\"\n        xmlns=\"http:\/\/www.w3.org\/2000\/svg\">\n    <path\n        d=\"M30.027 0 43 12.5 30.027 25 27 22.083 34.351 15H0v-5h34.351L27 2.917z\"\n        fill=\"currentColor\"\n        fill-rule=\"evenodd\"\/>\n<\/svg>                    <div>Miten l\u00f6yd\u00e4n toimivat hakusanat<\/div>\n                <\/a>\n                <div class=\"link-info\">\n                                    <\/div>\n            <\/li>\n\n                <\/ul>\n<\/div>","protected":false},"excerpt":{"rendered":"<p>T\u00e4ss\u00e4 osiossa kerrotaan Tiedonhaun prosessi Tiedonhaun prosessi on k\u00e4ynniss\u00e4 koko ajan ty\u00f6si, kuten opinn\u00e4ytety\u00f6n, edistyess\u00e4, tiedon lis\u00e4\u00e4ntyess\u00e4 ja kenties n\u00e4k\u00f6kulmien muuttuessa. Tiedonhaku ei yleens\u00e4 hoidu kerralla, vaan joudut muokkaamaan hakujasi ja palaamaan edellisiin vaiheisiin: Hakuaihe m\u00e4\u00e4r\u00e4ytyy tiedontarpeesta, kuten esimerkiksi opinn\u00e4ytety\u00f6n tutkimuskysymyksest\u00e4. Hakukysymys voi puolestaan olla jokin rajattu osa tutkimuskysymyksest\u00e4. Erityisesti laajemmissa opinn\u00e4ytet\u00f6iss\u00e4 tiedonhakuprosessi helpottuu, jos [&hellip;]<\/p>\n","protected":false},"author":171,"featured_media":0,"parent":0,"menu_order":0,"comment_status":"closed","ping_status":"closed","template":"","meta":{"_acf_changed":false,"_monsterinsights_skip_tracking":false,"_monsterinsights_sitenote_active":false,"_monsterinsights_sitenote_note":"","_monsterinsights_sitenote_category":0,"footnotes":""},"class_list":["post-3929","page","type-page","status-publish","hentry"],"acf":[],"yoast_head":"<!-- This site is optimized with the Yoast SEO plugin v27.3 - https:\/\/yoast.com\/product\/yoast-seo-wordpress\/ -->\n<title>Aiheesta hakukysymykseksi - Kasvatustieteiden tiedonhaku \/\/ UEF-kirjasto<\/title>\n<meta name=\"robots\" content=\"index, follow, max-snippet:-1, max-image-preview:large, max-video-preview:-1\" \/>\n<link rel=\"canonical\" href=\"https:\/\/sites.uef.fi\/tiedonhaku-kasvatus\/aiheen-analysointi-ja-hakusanat-luonnos\/\" \/>\n<meta property=\"og:locale\" content=\"fi_FI\" \/>\n<meta property=\"og:type\" content=\"article\" \/>\n<meta property=\"og:title\" content=\"Aiheesta hakukysymykseksi - Kasvatustieteiden tiedonhaku \/\/ UEF-kirjasto\" \/>\n<meta property=\"og:description\" content=\"T\u00e4ss\u00e4 osiossa kerrotaan Tiedonhaun prosessi Tiedonhaun prosessi on k\u00e4ynniss\u00e4 koko ajan ty\u00f6si, kuten opinn\u00e4ytety\u00f6n, edistyess\u00e4, tiedon lis\u00e4\u00e4ntyess\u00e4 ja kenties n\u00e4k\u00f6kulmien muuttuessa. Tiedonhaku ei yleens\u00e4 hoidu kerralla, vaan joudut muokkaamaan hakujasi ja palaamaan edellisiin vaiheisiin: Hakuaihe m\u00e4\u00e4r\u00e4ytyy tiedontarpeesta, kuten esimerkiksi opinn\u00e4ytety\u00f6n tutkimuskysymyksest\u00e4. Hakukysymys voi puolestaan olla jokin rajattu osa tutkimuskysymyksest\u00e4. Erityisesti laajemmissa opinn\u00e4ytet\u00f6iss\u00e4 tiedonhakuprosessi helpottuu, jos [&hellip;]\" \/>\n<meta property=\"og:url\" content=\"https:\/\/sites.uef.fi\/tiedonhaku-kasvatus\/aiheen-analysointi-ja-hakusanat-luonnos\/\" \/>\n<meta property=\"og:site_name\" content=\"Kasvatustieteiden tiedonhaku \/\/ UEF-kirjasto\" \/>\n<meta property=\"article:modified_time\" content=\"2024-06-26T10:42:16+00:00\" \/>\n<meta property=\"og:image\" content=\"https:\/\/sites.uef.fi\/tiedonhaku-kasvatus\/wp-content\/uploads\/sites\/80\/2023\/06\/Kirjastotuutori_JyvaskylanOSC-1024x576.png\" \/>\n<meta name=\"twitter:card\" content=\"summary_large_image\" \/>\n<meta name=\"twitter:label1\" content=\"Arvioitu lukuaika\" \/>\n\t<meta name=\"twitter:data1\" content=\"3 minuuttia\" \/>\n<script type=\"application\/ld+json\" class=\"yoast-schema-graph\">{\"@context\":\"https:\\\/\\\/schema.org\",\"@graph\":[{\"@type\":\"WebPage\",\"@id\":\"https:\\\/\\\/sites.uef.fi\\\/tiedonhaku-kasvatus\\\/aiheen-analysointi-ja-hakusanat-luonnos\\\/\",\"url\":\"https:\\\/\\\/sites.uef.fi\\\/tiedonhaku-kasvatus\\\/aiheen-analysointi-ja-hakusanat-luonnos\\\/\",\"name\":\"Aiheesta hakukysymykseksi - Kasvatustieteiden tiedonhaku \\\/\\\/ UEF-kirjasto\",\"isPartOf\":{\"@id\":\"https:\\\/\\\/sites.uef.fi\\\/tiedonhaku-kasvatus\\\/#website\"},\"primaryImageOfPage\":{\"@id\":\"https:\\\/\\\/sites.uef.fi\\\/tiedonhaku-kasvatus\\\/aiheen-analysointi-ja-hakusanat-luonnos\\\/#primaryimage\"},\"image\":{\"@id\":\"https:\\\/\\\/sites.uef.fi\\\/tiedonhaku-kasvatus\\\/aiheen-analysointi-ja-hakusanat-luonnos\\\/#primaryimage\"},\"thumbnailUrl\":\"https:\\\/\\\/sites.uef.fi\\\/tiedonhaku-kasvatus\\\/wp-content\\\/uploads\\\/sites\\\/80\\\/2023\\\/06\\\/Kirjastotuutori_JyvaskylanOSC-1024x576.png\",\"datePublished\":\"2023-07-24T13:06:54+00:00\",\"dateModified\":\"2024-06-26T10:42:16+00:00\",\"breadcrumb\":{\"@id\":\"https:\\\/\\\/sites.uef.fi\\\/tiedonhaku-kasvatus\\\/aiheen-analysointi-ja-hakusanat-luonnos\\\/#breadcrumb\"},\"inLanguage\":\"fi\",\"potentialAction\":[{\"@type\":\"ReadAction\",\"target\":[\"https:\\\/\\\/sites.uef.fi\\\/tiedonhaku-kasvatus\\\/aiheen-analysointi-ja-hakusanat-luonnos\\\/\"]}]},{\"@type\":\"ImageObject\",\"inLanguage\":\"fi\",\"@id\":\"https:\\\/\\\/sites.uef.fi\\\/tiedonhaku-kasvatus\\\/aiheen-analysointi-ja-hakusanat-luonnos\\\/#primaryimage\",\"url\":\"https:\\\/\\\/sites.uef.fi\\\/tiedonhaku-kasvatus\\\/wp-content\\\/uploads\\\/sites\\\/80\\\/2023\\\/06\\\/Kirjastotuutori_JyvaskylanOSC.png\",\"contentUrl\":\"https:\\\/\\\/sites.uef.fi\\\/tiedonhaku-kasvatus\\\/wp-content\\\/uploads\\\/sites\\\/80\\\/2023\\\/06\\\/Kirjastotuutori_JyvaskylanOSC.png\",\"width\":1280,\"height\":720,\"caption\":\"Jyv\u00e4skyl\u00e4n yliopiston avoimen tieteen keskuksen tiedonhankinnan itseopiskelusivuston kuvaus. Kuvio kuvaa suunnitelmallisen tiedonhaun eri vaiheita.\"},{\"@type\":\"BreadcrumbList\",\"@id\":\"https:\\\/\\\/sites.uef.fi\\\/tiedonhaku-kasvatus\\\/aiheen-analysointi-ja-hakusanat-luonnos\\\/#breadcrumb\",\"itemListElement\":[{\"@type\":\"ListItem\",\"position\":1,\"name\":\"Home\",\"item\":\"https:\\\/\\\/sites.uef.fi\\\/tiedonhaku-kasvatus\\\/\"},{\"@type\":\"ListItem\",\"position\":2,\"name\":\"Aiheesta hakukysymykseksi\"}]},{\"@type\":\"WebSite\",\"@id\":\"https:\\\/\\\/sites.uef.fi\\\/tiedonhaku-kasvatus\\\/#website\",\"url\":\"https:\\\/\\\/sites.uef.fi\\\/tiedonhaku-kasvatus\\\/\",\"name\":\"Kasvatustieteiden tiedonhaku \\\/\\\/ UEF-kirjasto\",\"description\":\"\",\"potentialAction\":[{\"@type\":\"SearchAction\",\"target\":{\"@type\":\"EntryPoint\",\"urlTemplate\":\"https:\\\/\\\/sites.uef.fi\\\/tiedonhaku-kasvatus\\\/?s={search_term_string}\"},\"query-input\":{\"@type\":\"PropertyValueSpecification\",\"valueRequired\":true,\"valueName\":\"search_term_string\"}}],\"inLanguage\":\"fi\"}]}<\/script>\n<!-- \/ Yoast SEO plugin. -->","yoast_head_json":{"title":"Aiheesta hakukysymykseksi - Kasvatustieteiden tiedonhaku \/\/ UEF-kirjasto","robots":{"index":"index","follow":"follow","max-snippet":"max-snippet:-1","max-image-preview":"max-image-preview:large","max-video-preview":"max-video-preview:-1"},"canonical":"https:\/\/sites.uef.fi\/tiedonhaku-kasvatus\/aiheen-analysointi-ja-hakusanat-luonnos\/","og_locale":"fi_FI","og_type":"article","og_title":"Aiheesta hakukysymykseksi - Kasvatustieteiden tiedonhaku \/\/ UEF-kirjasto","og_description":"T\u00e4ss\u00e4 osiossa kerrotaan Tiedonhaun prosessi Tiedonhaun prosessi on k\u00e4ynniss\u00e4 koko ajan ty\u00f6si, kuten opinn\u00e4ytety\u00f6n, edistyess\u00e4, tiedon lis\u00e4\u00e4ntyess\u00e4 ja kenties n\u00e4k\u00f6kulmien muuttuessa. Tiedonhaku ei yleens\u00e4 hoidu kerralla, vaan joudut muokkaamaan hakujasi ja palaamaan edellisiin vaiheisiin: Hakuaihe m\u00e4\u00e4r\u00e4ytyy tiedontarpeesta, kuten esimerkiksi opinn\u00e4ytety\u00f6n tutkimuskysymyksest\u00e4. Hakukysymys voi puolestaan olla jokin rajattu osa tutkimuskysymyksest\u00e4. Erityisesti laajemmissa opinn\u00e4ytet\u00f6iss\u00e4 tiedonhakuprosessi helpottuu, jos [&hellip;]","og_url":"https:\/\/sites.uef.fi\/tiedonhaku-kasvatus\/aiheen-analysointi-ja-hakusanat-luonnos\/","og_site_name":"Kasvatustieteiden tiedonhaku \/\/ UEF-kirjasto","article_modified_time":"2024-06-26T10:42:16+00:00","og_image":[{"url":"https:\/\/sites.uef.fi\/tiedonhaku-kasvatus\/wp-content\/uploads\/sites\/80\/2023\/06\/Kirjastotuutori_JyvaskylanOSC-1024x576.png","type":"","width":"","height":""}],"twitter_card":"summary_large_image","twitter_misc":{"Arvioitu lukuaika":"3 minuuttia"},"schema":{"@context":"https:\/\/schema.org","@graph":[{"@type":"WebPage","@id":"https:\/\/sites.uef.fi\/tiedonhaku-kasvatus\/aiheen-analysointi-ja-hakusanat-luonnos\/","url":"https:\/\/sites.uef.fi\/tiedonhaku-kasvatus\/aiheen-analysointi-ja-hakusanat-luonnos\/","name":"Aiheesta hakukysymykseksi - Kasvatustieteiden tiedonhaku \/\/ UEF-kirjasto","isPartOf":{"@id":"https:\/\/sites.uef.fi\/tiedonhaku-kasvatus\/#website"},"primaryImageOfPage":{"@id":"https:\/\/sites.uef.fi\/tiedonhaku-kasvatus\/aiheen-analysointi-ja-hakusanat-luonnos\/#primaryimage"},"image":{"@id":"https:\/\/sites.uef.fi\/tiedonhaku-kasvatus\/aiheen-analysointi-ja-hakusanat-luonnos\/#primaryimage"},"thumbnailUrl":"https:\/\/sites.uef.fi\/tiedonhaku-kasvatus\/wp-content\/uploads\/sites\/80\/2023\/06\/Kirjastotuutori_JyvaskylanOSC-1024x576.png","datePublished":"2023-07-24T13:06:54+00:00","dateModified":"2024-06-26T10:42:16+00:00","breadcrumb":{"@id":"https:\/\/sites.uef.fi\/tiedonhaku-kasvatus\/aiheen-analysointi-ja-hakusanat-luonnos\/#breadcrumb"},"inLanguage":"fi","potentialAction":[{"@type":"ReadAction","target":["https:\/\/sites.uef.fi\/tiedonhaku-kasvatus\/aiheen-analysointi-ja-hakusanat-luonnos\/"]}]},{"@type":"ImageObject","inLanguage":"fi","@id":"https:\/\/sites.uef.fi\/tiedonhaku-kasvatus\/aiheen-analysointi-ja-hakusanat-luonnos\/#primaryimage","url":"https:\/\/sites.uef.fi\/tiedonhaku-kasvatus\/wp-content\/uploads\/sites\/80\/2023\/06\/Kirjastotuutori_JyvaskylanOSC.png","contentUrl":"https:\/\/sites.uef.fi\/tiedonhaku-kasvatus\/wp-content\/uploads\/sites\/80\/2023\/06\/Kirjastotuutori_JyvaskylanOSC.png","width":1280,"height":720,"caption":"Jyv\u00e4skyl\u00e4n yliopiston avoimen tieteen keskuksen tiedonhankinnan itseopiskelusivuston kuvaus. Kuvio kuvaa suunnitelmallisen tiedonhaun eri vaiheita."},{"@type":"BreadcrumbList","@id":"https:\/\/sites.uef.fi\/tiedonhaku-kasvatus\/aiheen-analysointi-ja-hakusanat-luonnos\/#breadcrumb","itemListElement":[{"@type":"ListItem","position":1,"name":"Home","item":"https:\/\/sites.uef.fi\/tiedonhaku-kasvatus\/"},{"@type":"ListItem","position":2,"name":"Aiheesta hakukysymykseksi"}]},{"@type":"WebSite","@id":"https:\/\/sites.uef.fi\/tiedonhaku-kasvatus\/#website","url":"https:\/\/sites.uef.fi\/tiedonhaku-kasvatus\/","name":"Kasvatustieteiden tiedonhaku \/\/ UEF-kirjasto","description":"","potentialAction":[{"@type":"SearchAction","target":{"@type":"EntryPoint","urlTemplate":"https:\/\/sites.uef.fi\/tiedonhaku-kasvatus\/?s={search_term_string}"},"query-input":{"@type":"PropertyValueSpecification","valueRequired":true,"valueName":"search_term_string"}}],"inLanguage":"fi"}]}},"_links":{"self":[{"href":"https:\/\/sites.uef.fi\/tiedonhaku-kasvatus\/wp-json\/wp\/v2\/pages\/3929","targetHints":{"allow":["GET"]}}],"collection":[{"href":"https:\/\/sites.uef.fi\/tiedonhaku-kasvatus\/wp-json\/wp\/v2\/pages"}],"about":[{"href":"https:\/\/sites.uef.fi\/tiedonhaku-kasvatus\/wp-json\/wp\/v2\/types\/page"}],"author":[{"embeddable":true,"href":"https:\/\/sites.uef.fi\/tiedonhaku-kasvatus\/wp-json\/wp\/v2\/users\/171"}],"replies":[{"embeddable":true,"href":"https:\/\/sites.uef.fi\/tiedonhaku-kasvatus\/wp-json\/wp\/v2\/comments?post=3929"}],"version-history":[{"count":2,"href":"https:\/\/sites.uef.fi\/tiedonhaku-kasvatus\/wp-json\/wp\/v2\/pages\/3929\/revisions"}],"predecessor-version":[{"id":5280,"href":"https:\/\/sites.uef.fi\/tiedonhaku-kasvatus\/wp-json\/wp\/v2\/pages\/3929\/revisions\/5280"}],"wp:attachment":[{"href":"https:\/\/sites.uef.fi\/tiedonhaku-kasvatus\/wp-json\/wp\/v2\/media?parent=3929"}],"curies":[{"name":"wp","href":"https:\/\/api.w.org\/{rel}","templated":true}]}}