{"id":4059,"date":"2023-07-24T16:08:14","date_gmt":"2023-07-24T13:08:14","guid":{"rendered":"https:\/\/sites.uef.fi\/tiedonhaku-kasvatus\/?page_id=4059"},"modified":"2024-08-27T10:22:24","modified_gmt":"2024-08-27T07:22:24","slug":"miten-loydan-toimivat-hakusanat","status":"publish","type":"page","link":"https:\/\/sites.uef.fi\/tiedonhaku-kasvatus\/miten-loydan-toimivat-hakusanat\/","title":{"rendered":"Miten l\u00f6yd\u00e4n toimivat hakusanat"},"content":{"rendered":"\n<p>T\u00e4m\u00e4 osio k\u00e4sittelee sit\u00e4<\/p>\n\n\n\n<ul class=\"wp-block-list\">\n<li>kuinka k\u00e4siteanalyysissa l\u00f6ydetyist\u00e4 k\u00e4sitteist\u00e4 johdetaan hakusanoja<\/li>\n\n\n\n<li>mit\u00e4 apuv\u00e4lineit\u00e4 l\u00f6ytyy hakusanojen miettimiseen<\/li>\n<\/ul>\n\n\n\n<p><a href=\"https:\/\/sites.uef.fi\/tiedonhaku-kasvatus\/wp-admin\/edit.php?post_type=page\"><\/a><\/p>\n\n\n\n<h2 class=\"wp-block-heading\"><strong>K\u00e4sitteist\u00e4 hakusanoiksi<\/strong><\/h2>\n\n\n\n<p>Tiedonhaun aihe puretaan osakokonaisuuksiksi ja niit\u00e4 kuvaaviksi k\u00e4sitteiksi, hakusanoiksi ja -termeiksi. Tutustu aiheeseesi ja mieti, mill\u00e4 kaikilla termeill\u00e4 aihetta on voitu kuvata. <\/p>\n\n\n\n<p>Suomenkieliset hakusanat eiv\u00e4t v\u00e4ltt\u00e4m\u00e4tt\u00e4 tuo riitt\u00e4v\u00e4\u00e4 tulosta. Kansainv\u00e4lisi\u00e4 tietokantoja varten voi mietti\u00e4 hakusanoja jo my\u00f6s <strong>englanniksi<\/strong>, tarvittaessa muillakin kielill\u00e4.<\/p>\n\n\n\n<ul class=\"wp-block-list\">\n<li>Synonyymit (esim. young, youth, adolescents, juvenile, teenagers, teens)<\/li>\n\n\n\n<li>Rinnakkaiset eli assosioivat k\u00e4sitteet (esim. ryhm\u00e4ty\u00f6 \u2013 parity\u00f6 \u2013 tiimity\u00f6; oppimistulokset \u2013 koulusaavutukset \u2013 oppimistavoitteet \u2013 opetustavoitteet)<\/li>\n\n\n\n<li>Lyhenteet ja t\u00e4ydelliset k\u00e4sitteet vaihtoehtoina (esim. ADD \u2013 Attention Deficit Disorder)<\/li>\n\n\n\n<li>Laajemmat ja suppeammat k\u00e4sitteet (esim. itsearviointi, vertaisarviointi \u2013 arviointi)<\/li>\n\n\n\n<li>Vastakkaiset tai eri n\u00e4k\u00f6kulmaa edustavat k\u00e4sitteet: opiskelu &#8211; oppiminen<\/li>\n<\/ul>\n\n\n\n<h2 class=\"wp-block-heading\"><strong>Mist\u00e4 keksin hakusanoja:<\/strong><\/h2>\n\n\n\n<p>Taustatietoa ja alan k\u00e4sitteist\u00f6st\u00e4 l\u00f6ytyy <strong>alan oppikirjoista, tietosanakirjoista (ensyklopedioista) ja muista hakuteoksista<\/strong>. Ne auttavat keskeisten k\u00e4sitteiden ja niiden synonyymien pohtimisessa. Samalla on hyv\u00e4 selvitt\u00e4\u00e4 termien laajemmat ja suppeammat k\u00e4sitteet sek\u00e4 vaihtoehtoiset ilmaisut.<\/p>\n\n\n\n<p>Sanoja ei sin\u00e4ns\u00e4 \u201dkeksit\u00e4\u201d, vaan l\u00e4ht\u00f6kohtana on tieto tieteenalan k\u00e4ytt\u00e4m\u00e4st\u00e4 sanastosta. Tietoa l\u00f6yd\u00e4t lukemalla alan kirjallisuutta, syvent\u00e4m\u00e4ll\u00e4 tietojasi alastasi.  Apuv\u00e4linein\u00e4 voi olla:<\/p>\n\n\n\n<ul class=\"wp-block-list\">\n<li>Sanakirjat, k\u00e4sikirjat, hakuteokset<\/li>\n\n\n\n<li>Alan oppikirjat<\/li>\n\n\n\n<li>Alan lehdet (alan tai aihepiirin keskeisten lehtien selaaminen; e-lehdet)<\/li>\n\n\n\n<li>Jo l\u00f6ytyneiden julkaisujen sis\u00e4llysluettelot ja l\u00e4hdeluettelot, tietokannan viitetiedoista niille annetut kuvailutermit (asiasanat, keywords)<\/li>\n\n\n\n<li>Asiasanastot<\/li>\n\n\n\n<li>Kokeilevat haut Internetist\u00e4 tai tietokannoista; \u201dselaileva\u201d tiedonhaku<\/li>\n<\/ul>\n\n\n\n<p>Voit hakea k\u00e4sikirjoja ja hakuteoksia UEF-Primon perushaulla, esimerkiksi t\u00e4h\u00e4n tapaan:<\/p>\n\n\n\n<figure class=\"wp-block-image\"><img loading=\"lazy\" decoding=\"async\" width=\"970\" height=\"151\" src=\"https:\/\/sites.uef.fi\/tiedonhaku-kasvatus\/wp-content\/uploads\/sites\/80\/2020\/07\/Kasikirjojen_haku.png\" alt=\"Kuvakaappaus UEF-Primosta. K\u00e4sikirjoja haetaan haulla (handbook* OR encyclop*) AND &quot;inclusive education&quot;.\" class=\"wp-image-1174\" srcset=\"https:\/\/sites.uef.fi\/tiedonhaku-kasvatus\/wp-content\/uploads\/sites\/80\/2020\/07\/Kasikirjojen_haku.png 970w, https:\/\/sites.uef.fi\/tiedonhaku-kasvatus\/wp-content\/uploads\/sites\/80\/2020\/07\/Kasikirjojen_haku-300x47.png 300w, https:\/\/sites.uef.fi\/tiedonhaku-kasvatus\/wp-content\/uploads\/sites\/80\/2020\/07\/Kasikirjojen_haku-768x120.png 768w\" sizes=\"auto, (max-width: 970px) 100vw, 970px\" \/><figcaption class=\"wp-element-caption\">Kuva: K\u00e4sikirjojen haku UEF-Primosta<\/figcaption><\/figure>\n\n\n\n<p>Muita hakuesimerkkej\u00e4:<br>(handbook* OR encyclop*) AND education AND counseling<br>(handbook* OR encyclop*) AND food<br>(handbook* OR encyclop*) AND crafts<\/p>\n\n\n\t<div id=\"accordion-block_0c8280aac397d7e2533de70eb4396914\" class=\"accordions\">\n\t\t\t\t\t<div class=\"accordion accordion-js\">\n\t\t\t\t<button class=\"accordion__button\" aria-controls=\"content-8683\" aria-expanded=\"false\" id=\"accordion-control-8683\">\n\t\t\t\t\t<h3 class=\"accordion__heading\" >\n\t\t\t\t\t\tHakuteoksia ja sanastoja\t\t\t\t\t<\/h3>\n\t\t\t\t<\/button>\n\t\t\t\t<div class=\"accordion__content\" role=\"region\" aria-labelledby=\"accordion-control-8683\" aria-hidden=\"true\" id=\"content-8683\">\n\t\t\t\t\t<p>Alla on joitakin esimerkkej\u00e4 hakuteoksista. Linkit avautuvat uuteen v\u00e4lilehteen ja vaativat UEF-tunnuksen valtioneuvoston sanastoa lukuunottamatta:<\/p>\n<ul>\n<li><a href=\"https:\/\/primo.uef.fi\/permalink\/358FIN_UOEF\/sp0qa1\/alma9911698833705966\" target=\"_blank\" rel=\"noopener noreferrer\">Encyclop\u00e6dia Britannica Online<\/a><\/li>\n<li><a href=\"https:\/\/primo.uef.fi\/permalink\/358FIN_UOEF\/sp0qa1\/alma993938533705966\" target=\"_blank\" rel=\"noopener noreferrer\">Encyclopedia of Education<\/a> (Gale virtual reference library)<\/li>\n<li><a href=\"https:\/\/primo.uef.fi\/permalink\/358FIN_UOEF\/sp0qa1\/alma998712633705966\" target=\"_blank\" rel=\"noopener noreferrer\">Encyclopedia of School Health<\/a><\/li>\n<li><a href=\"https:\/\/primo.uef.fi\/permalink\/358FIN_UOEF\/sp0qa1\/alma9911698923705966\" target=\"_blank\" rel=\"noopener noreferrer\">International Encyclopedia of the Social &amp; Behavioral Sciences<\/a><\/li>\n<li><a href=\"https:\/\/primo.uef.fi\/permalink\/358FIN_UOEF\/sp0qa1\/alma9911700733705966\" target=\"_blank\" rel=\"noopener noreferrer\">International Encyclopedia of Education<\/a> (Elsevier)<\/li>\n<li><a href=\"https:\/\/primo.uef.fi\/permalink\/358FIN_UOEF\/sp0qa1\/alma9911700483705966\" target=\"_blank\" rel=\"noopener noreferrer\">Sage Reference online<\/a> \u2013 162 englanninkielist\u00e4 hakuteosta eri tieteenaloilta, p\u00e4\u00e4osin yhteiskunta-, k\u00e4ytt\u00e4ytymis- ja taloustieteist\u00e4; Education: 28 hakuteosta)<\/li>\n<li><a href=\"https:\/\/primo.uef.fi\/permalink\/358FIN_UOEF\/sp0qa1\/alma998506693705966\" target=\"_blank\" rel=\"noopener noreferrer\">Encyclopedia of Autism Spectrum Disorders<\/a><\/li>\n<li><a href=\"https:\/\/vnk.fi\/kaannos-ja-kielipalvelut\/muita-sanastoja\" target=\"_blank\" rel=\"noopener noreferrer\">Valtioneuvoston kanslian s\u00e4hk\u00f6isi\u00e4 sanastoja<\/a> (mm. opetus- ja koulutussanasto OKSA, kielin\u00e4 suomi, ruotsi ja englanti), eri alojen sanastoja, Tepa-termipankki, Tieteen termipankki<\/li>\n<li><a href=\"https:\/\/primo.uef.fi\/discovery\/dbfulldisplay?context=L&amp;vid=358FIN_UOEF:VU1&amp;docid=alma9914866433805966\" target=\"_blank\" rel=\"noopener\">MOT Kielipalvelu <\/a>\u2013 perus- ja erikoissanakirjoja. Kielenk\u00e4\u00e4nt\u00e4j\u00e4 40 kielen v\u00e4lill\u00e4, englannin, ruotsin, suomen, saksan ja ranskan kielten kielenhuolto (proofing, joka tekee\u00a0 tekstin kieliasun tarkistuksen)<\/li>\n<\/ul>\n\t\t\t\t<\/div>\n\t\t\t<\/div>\n\t\t\t<\/div>\n\t\n\n\n<h2 class=\"wp-block-heading\">Tee ensin kokeilevia hakuja, kartoita aluetta<\/h2>\n\n\n\n<p>Tee ensin <strong>kokeilevia hakuja<\/strong> yleisill\u00e4, laajoilla hakusanoilla, ja ker\u00e4\u00e4 samalla aiheeseesi sopivia termej\u00e4. Voit k\u00e4ytt\u00e4\u00e4 esimerkiksi Google Scholaria, jopa yleist\u00e4 Googlea tai muita hakukoneita, kuten Bing, Yahoo, Ecosia, DuckDuckGo jne. <\/p>\n\n\n\n<p><strong>Teko\u00e4lysovellukset <\/strong>voivat my\u00f6s auttaa hahmottamaan aihettasi ja k\u00e4sitteit\u00e4. Sovelluksia on paljonkin k\u00e4yt\u00f6ss\u00e4 ja kehitteill\u00e4, mutta ole niiden k\u00e4yt\u00f6ss\u00e4 erityisen kriittinen! Ne, kuten ChatGPT, eiv\u00e4t ole hakukoneita, vaan kielimalleja, joiden vastaukset voivat olla ep\u00e4tarkkoja tai suorastaan t\u00e4ysin keksitty\u00e4. Ota my\u00f6s selv\u00e4\u00e4, mit\u00e4 ohjeita omassa oppiaineessasi annetaan teko\u00e4lyn k\u00e4yt\u00f6st\u00e4. <\/p>\n\n\n\n<p><a href=\"https:\/\/kamu.uef.fi\/tietopankki\/opiskelijan-oikeudet-ja-velvollisuudet\/tekoalyn-kayttaminen-opetuksessa-ja-tutkimuksessa\/\" target=\"_blank\" rel=\"noreferrer noopener\">Tutustu UEF:n ohjeistukseen teko\u00e4lyn k\u00e4yt\u00f6st\u00e4 opetuksessa ja tutkimuksessa<\/a> (linkki avautuu uudessa v\u00e4lilehdess\u00e4 Kamuun).<\/p>\n\n\n\n<p>Aiheen m\u00e4\u00e4rittelyn ja hakusanojen listaamisen j\u00e4lkeen jatketaan miettim\u00e4ll\u00e4, miten sanat taipuvat ja miten hakusanoja yhdistell\u00e4\u00e4n hakulauseksi, miten haluat rajata hakuasi. T\u00e4st\u00e4 lis\u00e4\u00e4 osiossa <a href=\"https:\/\/sites.uef.fi\/tiedonhaku-kasvatus\/hakutekniikka\/\" target=\"_blank\" rel=\"noreferrer noopener\">Hakutekniikka<\/a>. <\/p>\n\n\n\n<p>Apuna voit k\u00e4ytt\u00e4\u00e4 my\u00f6s asiasanastoja, joista seuraavassa osiossa.<\/p>\n\n\n\n<div class=\"links-block\">\n\n            <h3>Siirry seuraavaan osioon:<\/h3>\n    \n    <ul class=\"link-list\">\n        \n            \n            <li class=\"link-list-item\">\n                <a href=\"https:\/\/sites.uef.fi\/tiedonhaku-kasvatus\/asiasanat-ja-asiasanastot-apuna\/\" class=\"link-reset link hover-scale-down\">\n                    <svg\n        width=\"43\" height=\"25\"\n        viewBox=\"0 0 43 25\"\n        xmlns=\"http:\/\/www.w3.org\/2000\/svg\">\n    <path\n        d=\"M30.027 0 43 12.5 30.027 25 27 22.083 34.351 15H0v-5h34.351L27 2.917z\"\n        fill=\"currentColor\"\n        fill-rule=\"evenodd\"\/>\n<\/svg>                    <div>Asiasanat ja asiasanastot apuna<\/div>\n                <\/a>\n                <div class=\"link-info\">\n                                    <\/div>\n            <\/li>\n\n                <\/ul>\n<\/div>","protected":false},"excerpt":{"rendered":"<p>T\u00e4m\u00e4 osio k\u00e4sittelee sit\u00e4 K\u00e4sitteist\u00e4 hakusanoiksi Tiedonhaun aihe puretaan osakokonaisuuksiksi ja niit\u00e4 kuvaaviksi k\u00e4sitteiksi, hakusanoiksi ja -termeiksi. Tutustu aiheeseesi ja mieti, mill\u00e4 kaikilla termeill\u00e4 aihetta on voitu kuvata. Suomenkieliset hakusanat eiv\u00e4t v\u00e4ltt\u00e4m\u00e4tt\u00e4 tuo riitt\u00e4v\u00e4\u00e4 tulosta. Kansainv\u00e4lisi\u00e4 tietokantoja varten voi mietti\u00e4 hakusanoja jo my\u00f6s englanniksi, tarvittaessa muillakin kielill\u00e4. Mist\u00e4 keksin hakusanoja: Taustatietoa ja alan k\u00e4sitteist\u00f6st\u00e4 l\u00f6ytyy [&hellip;]<\/p>\n","protected":false},"author":171,"featured_media":0,"parent":0,"menu_order":0,"comment_status":"closed","ping_status":"closed","template":"","meta":{"_acf_changed":false,"_monsterinsights_skip_tracking":false,"_monsterinsights_sitenote_active":false,"_monsterinsights_sitenote_note":"","_monsterinsights_sitenote_category":0,"footnotes":""},"class_list":["post-4059","page","type-page","status-publish","hentry"],"acf":[],"yoast_head":"<!-- This site is optimized with the Yoast SEO plugin v27.1.1 - https:\/\/yoast.com\/product\/yoast-seo-wordpress\/ -->\n<title>Miten l\u00f6yd\u00e4n toimivat hakusanat - Kasvatustieteiden tiedonhaku \/\/ UEF-kirjasto<\/title>\n<meta name=\"robots\" content=\"index, follow, max-snippet:-1, max-image-preview:large, max-video-preview:-1\" \/>\n<link rel=\"canonical\" href=\"https:\/\/sites.uef.fi\/tiedonhaku-kasvatus\/miten-loydan-toimivat-hakusanat\/\" \/>\n<meta property=\"og:locale\" content=\"fi_FI\" \/>\n<meta property=\"og:type\" content=\"article\" \/>\n<meta property=\"og:title\" content=\"Miten l\u00f6yd\u00e4n toimivat hakusanat - Kasvatustieteiden tiedonhaku \/\/ UEF-kirjasto\" \/>\n<meta property=\"og:description\" content=\"T\u00e4m\u00e4 osio k\u00e4sittelee sit\u00e4 K\u00e4sitteist\u00e4 hakusanoiksi Tiedonhaun aihe puretaan osakokonaisuuksiksi ja niit\u00e4 kuvaaviksi k\u00e4sitteiksi, hakusanoiksi ja -termeiksi. Tutustu aiheeseesi ja mieti, mill\u00e4 kaikilla termeill\u00e4 aihetta on voitu kuvata. Suomenkieliset hakusanat eiv\u00e4t v\u00e4ltt\u00e4m\u00e4tt\u00e4 tuo riitt\u00e4v\u00e4\u00e4 tulosta. Kansainv\u00e4lisi\u00e4 tietokantoja varten voi mietti\u00e4 hakusanoja jo my\u00f6s englanniksi, tarvittaessa muillakin kielill\u00e4. Mist\u00e4 keksin hakusanoja: Taustatietoa ja alan k\u00e4sitteist\u00f6st\u00e4 l\u00f6ytyy [&hellip;]\" \/>\n<meta property=\"og:url\" content=\"https:\/\/sites.uef.fi\/tiedonhaku-kasvatus\/miten-loydan-toimivat-hakusanat\/\" \/>\n<meta property=\"og:site_name\" content=\"Kasvatustieteiden tiedonhaku \/\/ UEF-kirjasto\" \/>\n<meta property=\"article:modified_time\" content=\"2024-08-27T07:22:24+00:00\" \/>\n<meta property=\"og:image\" content=\"https:\/\/sites.uef.fi\/tiedonhaku-kasvatus\/wp-content\/uploads\/sites\/80\/2020\/07\/Kasikirjojen_haku.png\" \/>\n<meta name=\"twitter:card\" content=\"summary_large_image\" \/>\n<meta name=\"twitter:label1\" content=\"Arvioitu lukuaika\" \/>\n\t<meta name=\"twitter:data1\" content=\"3 minuuttia\" \/>\n<script type=\"application\/ld+json\" class=\"yoast-schema-graph\">{\"@context\":\"https:\/\/schema.org\",\"@graph\":[{\"@type\":\"WebPage\",\"@id\":\"https:\/\/sites.uef.fi\/tiedonhaku-kasvatus\/miten-loydan-toimivat-hakusanat\/\",\"url\":\"https:\/\/sites.uef.fi\/tiedonhaku-kasvatus\/miten-loydan-toimivat-hakusanat\/\",\"name\":\"Miten l\u00f6yd\u00e4n toimivat hakusanat - Kasvatustieteiden tiedonhaku \/\/ UEF-kirjasto\",\"isPartOf\":{\"@id\":\"https:\/\/sites.uef.fi\/tiedonhaku-kasvatus\/#website\"},\"primaryImageOfPage\":{\"@id\":\"https:\/\/sites.uef.fi\/tiedonhaku-kasvatus\/miten-loydan-toimivat-hakusanat\/#primaryimage\"},\"image\":{\"@id\":\"https:\/\/sites.uef.fi\/tiedonhaku-kasvatus\/miten-loydan-toimivat-hakusanat\/#primaryimage\"},\"thumbnailUrl\":\"https:\/\/sites.uef.fi\/tiedonhaku-kasvatus\/wp-content\/uploads\/sites\/80\/2020\/07\/Kasikirjojen_haku.png\",\"datePublished\":\"2023-07-24T13:08:14+00:00\",\"dateModified\":\"2024-08-27T07:22:24+00:00\",\"breadcrumb\":{\"@id\":\"https:\/\/sites.uef.fi\/tiedonhaku-kasvatus\/miten-loydan-toimivat-hakusanat\/#breadcrumb\"},\"inLanguage\":\"fi\",\"potentialAction\":[{\"@type\":\"ReadAction\",\"target\":[\"https:\/\/sites.uef.fi\/tiedonhaku-kasvatus\/miten-loydan-toimivat-hakusanat\/\"]}]},{\"@type\":\"ImageObject\",\"inLanguage\":\"fi\",\"@id\":\"https:\/\/sites.uef.fi\/tiedonhaku-kasvatus\/miten-loydan-toimivat-hakusanat\/#primaryimage\",\"url\":\"https:\/\/sites.uef.fi\/tiedonhaku-kasvatus\/wp-content\/uploads\/sites\/80\/2020\/07\/Kasikirjojen_haku.png\",\"contentUrl\":\"https:\/\/sites.uef.fi\/tiedonhaku-kasvatus\/wp-content\/uploads\/sites\/80\/2020\/07\/Kasikirjojen_haku.png\",\"width\":970,\"height\":151,\"caption\":\"K\u00e4sikirjojen hakua UEF-Primosta\"},{\"@type\":\"BreadcrumbList\",\"@id\":\"https:\/\/sites.uef.fi\/tiedonhaku-kasvatus\/miten-loydan-toimivat-hakusanat\/#breadcrumb\",\"itemListElement\":[{\"@type\":\"ListItem\",\"position\":1,\"name\":\"Home\",\"item\":\"https:\/\/sites.uef.fi\/tiedonhaku-kasvatus\/\"},{\"@type\":\"ListItem\",\"position\":2,\"name\":\"Miten l\u00f6yd\u00e4n toimivat hakusanat\"}]},{\"@type\":\"WebSite\",\"@id\":\"https:\/\/sites.uef.fi\/tiedonhaku-kasvatus\/#website\",\"url\":\"https:\/\/sites.uef.fi\/tiedonhaku-kasvatus\/\",\"name\":\"Kasvatustieteiden tiedonhaku \/\/ UEF-kirjasto\",\"description\":\"\",\"potentialAction\":[{\"@type\":\"SearchAction\",\"target\":{\"@type\":\"EntryPoint\",\"urlTemplate\":\"https:\/\/sites.uef.fi\/tiedonhaku-kasvatus\/?s={search_term_string}\"},\"query-input\":{\"@type\":\"PropertyValueSpecification\",\"valueRequired\":true,\"valueName\":\"search_term_string\"}}],\"inLanguage\":\"fi\"}]}<\/script>\n<!-- \/ Yoast SEO plugin. -->","yoast_head_json":{"title":"Miten l\u00f6yd\u00e4n toimivat hakusanat - Kasvatustieteiden tiedonhaku \/\/ UEF-kirjasto","robots":{"index":"index","follow":"follow","max-snippet":"max-snippet:-1","max-image-preview":"max-image-preview:large","max-video-preview":"max-video-preview:-1"},"canonical":"https:\/\/sites.uef.fi\/tiedonhaku-kasvatus\/miten-loydan-toimivat-hakusanat\/","og_locale":"fi_FI","og_type":"article","og_title":"Miten l\u00f6yd\u00e4n toimivat hakusanat - Kasvatustieteiden tiedonhaku \/\/ UEF-kirjasto","og_description":"T\u00e4m\u00e4 osio k\u00e4sittelee sit\u00e4 K\u00e4sitteist\u00e4 hakusanoiksi Tiedonhaun aihe puretaan osakokonaisuuksiksi ja niit\u00e4 kuvaaviksi k\u00e4sitteiksi, hakusanoiksi ja -termeiksi. Tutustu aiheeseesi ja mieti, mill\u00e4 kaikilla termeill\u00e4 aihetta on voitu kuvata. Suomenkieliset hakusanat eiv\u00e4t v\u00e4ltt\u00e4m\u00e4tt\u00e4 tuo riitt\u00e4v\u00e4\u00e4 tulosta. Kansainv\u00e4lisi\u00e4 tietokantoja varten voi mietti\u00e4 hakusanoja jo my\u00f6s englanniksi, tarvittaessa muillakin kielill\u00e4. Mist\u00e4 keksin hakusanoja: Taustatietoa ja alan k\u00e4sitteist\u00f6st\u00e4 l\u00f6ytyy [&hellip;]","og_url":"https:\/\/sites.uef.fi\/tiedonhaku-kasvatus\/miten-loydan-toimivat-hakusanat\/","og_site_name":"Kasvatustieteiden tiedonhaku \/\/ UEF-kirjasto","article_modified_time":"2024-08-27T07:22:24+00:00","og_image":[{"url":"https:\/\/sites.uef.fi\/tiedonhaku-kasvatus\/wp-content\/uploads\/sites\/80\/2020\/07\/Kasikirjojen_haku.png","type":"","width":"","height":""}],"twitter_card":"summary_large_image","twitter_misc":{"Arvioitu lukuaika":"3 minuuttia"},"schema":{"@context":"https:\/\/schema.org","@graph":[{"@type":"WebPage","@id":"https:\/\/sites.uef.fi\/tiedonhaku-kasvatus\/miten-loydan-toimivat-hakusanat\/","url":"https:\/\/sites.uef.fi\/tiedonhaku-kasvatus\/miten-loydan-toimivat-hakusanat\/","name":"Miten l\u00f6yd\u00e4n toimivat hakusanat - Kasvatustieteiden tiedonhaku \/\/ UEF-kirjasto","isPartOf":{"@id":"https:\/\/sites.uef.fi\/tiedonhaku-kasvatus\/#website"},"primaryImageOfPage":{"@id":"https:\/\/sites.uef.fi\/tiedonhaku-kasvatus\/miten-loydan-toimivat-hakusanat\/#primaryimage"},"image":{"@id":"https:\/\/sites.uef.fi\/tiedonhaku-kasvatus\/miten-loydan-toimivat-hakusanat\/#primaryimage"},"thumbnailUrl":"https:\/\/sites.uef.fi\/tiedonhaku-kasvatus\/wp-content\/uploads\/sites\/80\/2020\/07\/Kasikirjojen_haku.png","datePublished":"2023-07-24T13:08:14+00:00","dateModified":"2024-08-27T07:22:24+00:00","breadcrumb":{"@id":"https:\/\/sites.uef.fi\/tiedonhaku-kasvatus\/miten-loydan-toimivat-hakusanat\/#breadcrumb"},"inLanguage":"fi","potentialAction":[{"@type":"ReadAction","target":["https:\/\/sites.uef.fi\/tiedonhaku-kasvatus\/miten-loydan-toimivat-hakusanat\/"]}]},{"@type":"ImageObject","inLanguage":"fi","@id":"https:\/\/sites.uef.fi\/tiedonhaku-kasvatus\/miten-loydan-toimivat-hakusanat\/#primaryimage","url":"https:\/\/sites.uef.fi\/tiedonhaku-kasvatus\/wp-content\/uploads\/sites\/80\/2020\/07\/Kasikirjojen_haku.png","contentUrl":"https:\/\/sites.uef.fi\/tiedonhaku-kasvatus\/wp-content\/uploads\/sites\/80\/2020\/07\/Kasikirjojen_haku.png","width":970,"height":151,"caption":"K\u00e4sikirjojen hakua UEF-Primosta"},{"@type":"BreadcrumbList","@id":"https:\/\/sites.uef.fi\/tiedonhaku-kasvatus\/miten-loydan-toimivat-hakusanat\/#breadcrumb","itemListElement":[{"@type":"ListItem","position":1,"name":"Home","item":"https:\/\/sites.uef.fi\/tiedonhaku-kasvatus\/"},{"@type":"ListItem","position":2,"name":"Miten l\u00f6yd\u00e4n toimivat hakusanat"}]},{"@type":"WebSite","@id":"https:\/\/sites.uef.fi\/tiedonhaku-kasvatus\/#website","url":"https:\/\/sites.uef.fi\/tiedonhaku-kasvatus\/","name":"Kasvatustieteiden tiedonhaku \/\/ UEF-kirjasto","description":"","potentialAction":[{"@type":"SearchAction","target":{"@type":"EntryPoint","urlTemplate":"https:\/\/sites.uef.fi\/tiedonhaku-kasvatus\/?s={search_term_string}"},"query-input":{"@type":"PropertyValueSpecification","valueRequired":true,"valueName":"search_term_string"}}],"inLanguage":"fi"}]}},"_links":{"self":[{"href":"https:\/\/sites.uef.fi\/tiedonhaku-kasvatus\/wp-json\/wp\/v2\/pages\/4059","targetHints":{"allow":["GET"]}}],"collection":[{"href":"https:\/\/sites.uef.fi\/tiedonhaku-kasvatus\/wp-json\/wp\/v2\/pages"}],"about":[{"href":"https:\/\/sites.uef.fi\/tiedonhaku-kasvatus\/wp-json\/wp\/v2\/types\/page"}],"author":[{"embeddable":true,"href":"https:\/\/sites.uef.fi\/tiedonhaku-kasvatus\/wp-json\/wp\/v2\/users\/171"}],"replies":[{"embeddable":true,"href":"https:\/\/sites.uef.fi\/tiedonhaku-kasvatus\/wp-json\/wp\/v2\/comments?post=4059"}],"version-history":[{"count":2,"href":"https:\/\/sites.uef.fi\/tiedonhaku-kasvatus\/wp-json\/wp\/v2\/pages\/4059\/revisions"}],"predecessor-version":[{"id":5216,"href":"https:\/\/sites.uef.fi\/tiedonhaku-kasvatus\/wp-json\/wp\/v2\/pages\/4059\/revisions\/5216"}],"wp:attachment":[{"href":"https:\/\/sites.uef.fi\/tiedonhaku-kasvatus\/wp-json\/wp\/v2\/media?parent=4059"}],"curies":[{"name":"wp","href":"https:\/\/api.w.org\/{rel}","templated":true}]}}