{"id":4104,"date":"2023-07-24T16:12:08","date_gmt":"2023-07-24T13:12:08","guid":{"rendered":"https:\/\/sites.uef.fi\/tiedonhaku-kasvatus\/?page_id=4104"},"modified":"2023-07-25T12:49:22","modified_gmt":"2023-07-25T09:49:22","slug":"aiheen-analysointi-ja-hakusanat","status":"publish","type":"page","link":"https:\/\/sites.uef.fi\/tiedonhaku-kasvatus\/aiheen-analysointi-ja-hakusanat\/","title":{"rendered":"Aiheen analysointi ja hakusanat"},"content":{"rendered":"\n<p>T\u00e4ss\u00e4 osiossa tutustut siihen, kuinka voit t\u00e4sment\u00e4\u00e4 hakuasi. Ensin opit, kuinka jaat tutkimuksesi aiheen pienempiin osiin hakuaiheen, hakukysymysten ja aihetta kuvaavien k\u00e4sitteiden avulla. Seuraavaksi perehdyt siihen, mit\u00e4 yhteist\u00e4 on k\u00e4sitteill\u00e4, asiasanoilla ja asiasanastoilla, ja kuinka voit hy\u00f6dynt\u00e4\u00e4 niit\u00e4 etsiess\u00e4si oman tutkielmasi aiheisiin liittyv\u00e4\u00e4 kirjallisuutta tietokannoista.<\/p>\n\n\n\n<ul class=\"wp-block-list\">\n<li><a href=\"https:\/\/sites.uef.fi\/tiedonhaku-kasvatus\/aiheen-analysointi-ja-hakusanat-luonnos\/\">Aiheesta hakukysymykseksi<\/a><\/li>\n\n\n\n<li><a href=\"https:\/\/sites.uef.fi\/tiedonhaku-kasvatus\/miten-loydan-toimivat-hakusanat\/\">Miten l\u00f6yd\u00e4n toimivat hakusanat<\/a><\/li>\n\n\n\n<li><a href=\"https:\/\/sites.uef.fi\/tiedonhaku-kasvatus\/asiasanat-ja-asiasanastot-apuna\/\">Asiasanat ja asiasanastot apuna<\/a><\/li>\n<\/ul>\n","protected":false},"excerpt":{"rendered":"<p>T\u00e4ss\u00e4 osiossa tutustut siihen, kuinka voit t\u00e4sment\u00e4\u00e4 hakuasi. Ensin opit, kuinka jaat tutkimuksesi aiheen pienempiin osiin hakuaiheen, hakukysymysten ja aihetta kuvaavien k\u00e4sitteiden avulla. Seuraavaksi perehdyt siihen, mit\u00e4 yhteist\u00e4 on k\u00e4sitteill\u00e4, asiasanoilla ja asiasanastoilla, ja kuinka voit hy\u00f6dynt\u00e4\u00e4 niit\u00e4 etsiess\u00e4si oman tutkielmasi aiheisiin liittyv\u00e4\u00e4 kirjallisuutta tietokannoista.<\/p>\n","protected":false},"author":171,"featured_media":0,"parent":0,"menu_order":0,"comment_status":"closed","ping_status":"closed","template":"","meta":{"_acf_changed":false,"_monsterinsights_skip_tracking":false,"_monsterinsights_sitenote_active":false,"_monsterinsights_sitenote_note":"","_monsterinsights_sitenote_category":0,"footnotes":""},"class_list":["post-4104","page","type-page","status-publish","hentry"],"acf":[],"yoast_head":"<!-- This site is optimized with the Yoast SEO plugin v27.3 - https:\/\/yoast.com\/product\/yoast-seo-wordpress\/ -->\n<title>Aiheen analysointi ja hakusanat - Kasvatustieteiden tiedonhaku \/\/ UEF-kirjasto<\/title>\n<meta name=\"robots\" content=\"index, follow, max-snippet:-1, max-image-preview:large, max-video-preview:-1\" \/>\n<link rel=\"canonical\" href=\"https:\/\/sites.uef.fi\/tiedonhaku-kasvatus\/aiheen-analysointi-ja-hakusanat\/\" \/>\n<meta property=\"og:locale\" content=\"fi_FI\" \/>\n<meta property=\"og:type\" content=\"article\" \/>\n<meta property=\"og:title\" content=\"Aiheen analysointi ja hakusanat - Kasvatustieteiden tiedonhaku \/\/ UEF-kirjasto\" \/>\n<meta property=\"og:description\" content=\"T\u00e4ss\u00e4 osiossa tutustut siihen, kuinka voit t\u00e4sment\u00e4\u00e4 hakuasi. Ensin opit, kuinka jaat tutkimuksesi aiheen pienempiin osiin hakuaiheen, hakukysymysten ja aihetta kuvaavien k\u00e4sitteiden avulla. Seuraavaksi perehdyt siihen, mit\u00e4 yhteist\u00e4 on k\u00e4sitteill\u00e4, asiasanoilla ja asiasanastoilla, ja kuinka voit hy\u00f6dynt\u00e4\u00e4 niit\u00e4 etsiess\u00e4si oman tutkielmasi aiheisiin liittyv\u00e4\u00e4 kirjallisuutta tietokannoista.\" \/>\n<meta property=\"og:url\" content=\"https:\/\/sites.uef.fi\/tiedonhaku-kasvatus\/aiheen-analysointi-ja-hakusanat\/\" \/>\n<meta property=\"og:site_name\" content=\"Kasvatustieteiden tiedonhaku \/\/ UEF-kirjasto\" \/>\n<meta property=\"article:modified_time\" content=\"2023-07-25T09:49:22+00:00\" \/>\n<meta name=\"twitter:card\" content=\"summary_large_image\" \/>\n<meta name=\"twitter:label1\" content=\"Arvioitu lukuaika\" \/>\n\t<meta name=\"twitter:data1\" content=\"1 minuutti\" \/>\n<script type=\"application\/ld+json\" class=\"yoast-schema-graph\">{\"@context\":\"https:\\\/\\\/schema.org\",\"@graph\":[{\"@type\":\"WebPage\",\"@id\":\"https:\\\/\\\/sites.uef.fi\\\/tiedonhaku-kasvatus\\\/aiheen-analysointi-ja-hakusanat\\\/\",\"url\":\"https:\\\/\\\/sites.uef.fi\\\/tiedonhaku-kasvatus\\\/aiheen-analysointi-ja-hakusanat\\\/\",\"name\":\"Aiheen analysointi ja hakusanat - Kasvatustieteiden tiedonhaku \\\/\\\/ UEF-kirjasto\",\"isPartOf\":{\"@id\":\"https:\\\/\\\/sites.uef.fi\\\/tiedonhaku-kasvatus\\\/#website\"},\"datePublished\":\"2023-07-24T13:12:08+00:00\",\"dateModified\":\"2023-07-25T09:49:22+00:00\",\"breadcrumb\":{\"@id\":\"https:\\\/\\\/sites.uef.fi\\\/tiedonhaku-kasvatus\\\/aiheen-analysointi-ja-hakusanat\\\/#breadcrumb\"},\"inLanguage\":\"fi\",\"potentialAction\":[{\"@type\":\"ReadAction\",\"target\":[\"https:\\\/\\\/sites.uef.fi\\\/tiedonhaku-kasvatus\\\/aiheen-analysointi-ja-hakusanat\\\/\"]}]},{\"@type\":\"BreadcrumbList\",\"@id\":\"https:\\\/\\\/sites.uef.fi\\\/tiedonhaku-kasvatus\\\/aiheen-analysointi-ja-hakusanat\\\/#breadcrumb\",\"itemListElement\":[{\"@type\":\"ListItem\",\"position\":1,\"name\":\"Home\",\"item\":\"https:\\\/\\\/sites.uef.fi\\\/tiedonhaku-kasvatus\\\/\"},{\"@type\":\"ListItem\",\"position\":2,\"name\":\"Aiheen analysointi ja hakusanat\"}]},{\"@type\":\"WebSite\",\"@id\":\"https:\\\/\\\/sites.uef.fi\\\/tiedonhaku-kasvatus\\\/#website\",\"url\":\"https:\\\/\\\/sites.uef.fi\\\/tiedonhaku-kasvatus\\\/\",\"name\":\"Kasvatustieteiden tiedonhaku \\\/\\\/ UEF-kirjasto\",\"description\":\"\",\"potentialAction\":[{\"@type\":\"SearchAction\",\"target\":{\"@type\":\"EntryPoint\",\"urlTemplate\":\"https:\\\/\\\/sites.uef.fi\\\/tiedonhaku-kasvatus\\\/?s={search_term_string}\"},\"query-input\":{\"@type\":\"PropertyValueSpecification\",\"valueRequired\":true,\"valueName\":\"search_term_string\"}}],\"inLanguage\":\"fi\"}]}<\/script>\n<!-- \/ Yoast SEO plugin. -->","yoast_head_json":{"title":"Aiheen analysointi ja hakusanat - Kasvatustieteiden tiedonhaku \/\/ UEF-kirjasto","robots":{"index":"index","follow":"follow","max-snippet":"max-snippet:-1","max-image-preview":"max-image-preview:large","max-video-preview":"max-video-preview:-1"},"canonical":"https:\/\/sites.uef.fi\/tiedonhaku-kasvatus\/aiheen-analysointi-ja-hakusanat\/","og_locale":"fi_FI","og_type":"article","og_title":"Aiheen analysointi ja hakusanat - Kasvatustieteiden tiedonhaku \/\/ UEF-kirjasto","og_description":"T\u00e4ss\u00e4 osiossa tutustut siihen, kuinka voit t\u00e4sment\u00e4\u00e4 hakuasi. Ensin opit, kuinka jaat tutkimuksesi aiheen pienempiin osiin hakuaiheen, hakukysymysten ja aihetta kuvaavien k\u00e4sitteiden avulla. Seuraavaksi perehdyt siihen, mit\u00e4 yhteist\u00e4 on k\u00e4sitteill\u00e4, asiasanoilla ja asiasanastoilla, ja kuinka voit hy\u00f6dynt\u00e4\u00e4 niit\u00e4 etsiess\u00e4si oman tutkielmasi aiheisiin liittyv\u00e4\u00e4 kirjallisuutta tietokannoista.","og_url":"https:\/\/sites.uef.fi\/tiedonhaku-kasvatus\/aiheen-analysointi-ja-hakusanat\/","og_site_name":"Kasvatustieteiden tiedonhaku \/\/ UEF-kirjasto","article_modified_time":"2023-07-25T09:49:22+00:00","twitter_card":"summary_large_image","twitter_misc":{"Arvioitu lukuaika":"1 minuutti"},"schema":{"@context":"https:\/\/schema.org","@graph":[{"@type":"WebPage","@id":"https:\/\/sites.uef.fi\/tiedonhaku-kasvatus\/aiheen-analysointi-ja-hakusanat\/","url":"https:\/\/sites.uef.fi\/tiedonhaku-kasvatus\/aiheen-analysointi-ja-hakusanat\/","name":"Aiheen analysointi ja hakusanat - Kasvatustieteiden tiedonhaku \/\/ UEF-kirjasto","isPartOf":{"@id":"https:\/\/sites.uef.fi\/tiedonhaku-kasvatus\/#website"},"datePublished":"2023-07-24T13:12:08+00:00","dateModified":"2023-07-25T09:49:22+00:00","breadcrumb":{"@id":"https:\/\/sites.uef.fi\/tiedonhaku-kasvatus\/aiheen-analysointi-ja-hakusanat\/#breadcrumb"},"inLanguage":"fi","potentialAction":[{"@type":"ReadAction","target":["https:\/\/sites.uef.fi\/tiedonhaku-kasvatus\/aiheen-analysointi-ja-hakusanat\/"]}]},{"@type":"BreadcrumbList","@id":"https:\/\/sites.uef.fi\/tiedonhaku-kasvatus\/aiheen-analysointi-ja-hakusanat\/#breadcrumb","itemListElement":[{"@type":"ListItem","position":1,"name":"Home","item":"https:\/\/sites.uef.fi\/tiedonhaku-kasvatus\/"},{"@type":"ListItem","position":2,"name":"Aiheen analysointi ja hakusanat"}]},{"@type":"WebSite","@id":"https:\/\/sites.uef.fi\/tiedonhaku-kasvatus\/#website","url":"https:\/\/sites.uef.fi\/tiedonhaku-kasvatus\/","name":"Kasvatustieteiden tiedonhaku \/\/ UEF-kirjasto","description":"","potentialAction":[{"@type":"SearchAction","target":{"@type":"EntryPoint","urlTemplate":"https:\/\/sites.uef.fi\/tiedonhaku-kasvatus\/?s={search_term_string}"},"query-input":{"@type":"PropertyValueSpecification","valueRequired":true,"valueName":"search_term_string"}}],"inLanguage":"fi"}]}},"_links":{"self":[{"href":"https:\/\/sites.uef.fi\/tiedonhaku-kasvatus\/wp-json\/wp\/v2\/pages\/4104","targetHints":{"allow":["GET"]}}],"collection":[{"href":"https:\/\/sites.uef.fi\/tiedonhaku-kasvatus\/wp-json\/wp\/v2\/pages"}],"about":[{"href":"https:\/\/sites.uef.fi\/tiedonhaku-kasvatus\/wp-json\/wp\/v2\/types\/page"}],"author":[{"embeddable":true,"href":"https:\/\/sites.uef.fi\/tiedonhaku-kasvatus\/wp-json\/wp\/v2\/users\/171"}],"replies":[{"embeddable":true,"href":"https:\/\/sites.uef.fi\/tiedonhaku-kasvatus\/wp-json\/wp\/v2\/comments?post=4104"}],"version-history":[{"count":2,"href":"https:\/\/sites.uef.fi\/tiedonhaku-kasvatus\/wp-json\/wp\/v2\/pages\/4104\/revisions"}],"predecessor-version":[{"id":4202,"href":"https:\/\/sites.uef.fi\/tiedonhaku-kasvatus\/wp-json\/wp\/v2\/pages\/4104\/revisions\/4202"}],"wp:attachment":[{"href":"https:\/\/sites.uef.fi\/tiedonhaku-kasvatus\/wp-json\/wp\/v2\/media?parent=4104"}],"curies":[{"name":"wp","href":"https:\/\/api.w.org\/{rel}","templated":true}]}}