{"id":4137,"date":"2023-07-25T12:13:49","date_gmt":"2023-07-25T09:13:49","guid":{"rendered":"https:\/\/sites.uef.fi\/tiedonhaku-kasvatus\/?page_id=4137"},"modified":"2025-07-09T15:13:51","modified_gmt":"2025-07-09T12:13:51","slug":"hakukentat","status":"publish","type":"page","link":"https:\/\/sites.uef.fi\/tiedonhaku-kasvatus\/hakukentat\/","title":{"rendered":"Hakukent\u00e4t"},"content":{"rendered":"\n<p>Tietokannassa yksitt\u00e4inen, julkaisun sis\u00e4lt\u00f6\u00e4 kuvaava tietue koostuu kentist\u00e4. Julkaisutietokantoihin tallennetaan tietoja sek\u00e4 julkaisun aiheesta, ett\u00e4 siit\u00e4, miss\u00e4 ja milloin julkaisu on ilmestynyt. Haettavat kent\u00e4t ovat erilaisia eri tietokannoissa tai hakukoneissa. Tutuimpia ovat julkaisun otsikko, avainsanat tai asiasanat, tiivistelm\u00e4\/abstrakti, kirjoittajat ja julkaisuajankohta. <\/p>\n\n\n\n<p>Sanahaku tai vapaasanahaku kohdistuu kaikkiin haettaviin kenttiin yht\u00e4 aikaa. Se on hyv\u00e4 tapa aloittaa ja muokata ja rajata hakua tarvittaessa sen j\u00e4lkeen, jos tulos vaikuttaa liian suurelta tai ep\u00e4relevantilta. <\/p>\n\n\n\n<figure class=\"wp-block-image size-large is-resized\"><img loading=\"lazy\" decoding=\"async\" width=\"1024\" height=\"576\" src=\"https:\/\/sites.uef.fi\/tiedonhaku-kasvatus\/wp-content\/uploads\/sites\/80\/2023\/07\/UEF-Primo_kentat-1024x576.png\" alt=\"Kuvakaappaus UEF-Primosta. Julkaisun tarkempien tietojen n\u00e4kym\u00e4ss\u00e4 kuvailukent\u00e4t.\" class=\"wp-image-4142\" style=\"width:808px;height:454px\" srcset=\"https:\/\/sites.uef.fi\/tiedonhaku-kasvatus\/wp-content\/uploads\/sites\/80\/2023\/07\/UEF-Primo_kentat-1024x576.png 1024w, https:\/\/sites.uef.fi\/tiedonhaku-kasvatus\/wp-content\/uploads\/sites\/80\/2023\/07\/UEF-Primo_kentat-300x169.png 300w, https:\/\/sites.uef.fi\/tiedonhaku-kasvatus\/wp-content\/uploads\/sites\/80\/2023\/07\/UEF-Primo_kentat-768x432.png 768w, https:\/\/sites.uef.fi\/tiedonhaku-kasvatus\/wp-content\/uploads\/sites\/80\/2023\/07\/UEF-Primo_kentat-992x558.png 992w, https:\/\/sites.uef.fi\/tiedonhaku-kasvatus\/wp-content\/uploads\/sites\/80\/2023\/07\/UEF-Primo_kentat.png 1280w\" sizes=\"auto, (max-width: 1024px) 100vw, 1024px\" \/><figcaption class=\"wp-element-caption\">Kuva: UEF-Primon kentt\u00e4t sis\u00e4lt\u00f6ineen n\u00e4kyv\u00e4t julkaisun tarkemmissa tiedoissa<\/figcaption><\/figure>\n\n\n\n<h2 class=\"wp-block-heading\">Otsikko- ja asiasanakentist\u00e4 saadaan tarkimmat hakutulokset<\/h2>\n\n\n\n<p>Otsikko- ja asiasanakentist\u00e4 (Title &amp; subject) hakeminen aiheenmukaisessa haussa antaa kaikista tarkimman tuloksen. Kumpikin kentt\u00e4 sis\u00e4lt\u00e4\u00e4 sanoja, jotka ovat keskeisi\u00e4 my\u00f6s julkaisun sis\u00e4ll\u00f6ss\u00e4. Huomaa, ett\u00e4 kaikkia, esimerkiksi tuoreimpia julkaisuja ei v\u00e4ltt\u00e4m\u00e4tt\u00e4 ole viel\u00e4 kuvailtu asiasanoilla.<\/p>\n\n\n\n<p>Hakusanojen kohdistaminen otsikko- ja asiasanakenttiin on erityisen hy\u00f6dyllist\u00e4 silloin, kun haussa muutoin tulee paljon ja\/tai ep\u00e4tarkkoja tuloksia. Joitakin k\u00e4ytt\u00f6kelpoisiakin julkaisuja voi toisaalta j\u00e4\u00e4d\u00e4 l\u00f6ytym\u00e4tt\u00e4, otsikkoon rajaaminen voi tuoda turhan suppean hakutuloksen. <\/p>\n\n\n\n<p>Erilaisia hakukent\u00e4n rajausvaihtoehtoja kannattaa kokeilla ja siten etsi\u00e4 omaan hakuaiheeseen parhaiten soveltuva rajaus. <\/p>\n\n\n\n<p>Hakusanoina voi k\u00e4ytt\u00e4\u00e4 mit\u00e4 tahansa sanoja, jotka kuvaavat aihetta. Hakua voi tarkentaa k\u00e4ytt\u00e4m\u00e4ll\u00e4 asiasanoja.<\/p>\n\n\n\n<p>Asiasana:<\/p>\n\n\n\n<ul class=\"wp-block-list\">\n<li>kertoo lyhyesti julkaisun sis\u00e4ll\u00f6st\u00e4<\/li>\n\n\n\n<li>on aina samanmuotoinen<\/li>\n\n\n\n<li>kattaa useita vaihtoehtoisia, samaa tarkoittavia sanoja<\/li>\n<\/ul>\n\n\n\n<p>Rajaus asiasanaan eli asiasanahaku kohdentaa hakua, parantaa usein relevanssia ja aiheen osuvuutta, mutta pienent\u00e4\u00e4 sekin hakutulosta.<\/p>\n\n\n\n<h2 class=\"wp-block-heading\">Tiivistelmist\u00e4 hakeminen voi vaatia haun tarkentamista<\/h2>\n\n\n\n<p>Tiivistelm\u00e4ss\u00e4 (Abstract) on paljon sanoja, joten tiivistelm\u00e4ss\u00e4 esiintyv\u00e4 hakusana voi olla keskeinen koko sis\u00e4ll\u00f6n kannalta tai sitten ei \u2013 paljon riippuu hakuaiheesta. Sopivan kirjallisuuden l\u00f6yt\u00e4minen voi toisinaan vaatia useita, hakua tarkentavia hakusanoja. Joskus taas haku nappaa yhdell\u00e4 spesifill\u00e4 hakusanalla hyv\u00e4n julkaisun kiinni abstraktista.&nbsp;<\/p>\n\n\n\n<h2 class=\"wp-block-heading\">Kokotekstist\u00e4 hakeminen sopii harvinaisempiin hakuaiheisiin<\/h2>\n\n\n\n<p>Kokotekstist\u00e4 tai julkaisun kaikista tiedoista (FullText tai All Fields) hakeminen on tarpeellista ainakin silloin, kun hakuaihe (ja hakusana) on hyvin harvinainen. Jos harvinaisella hakusanalla ei l\u00f6ydy aineistoa esimerkiksi otsikko- ja asiasanakenttiin rajatulla haulla, samaa hakua voi kokeilla laajentaa kokotekstiin. <\/p>\n\n\n\n<figure class=\"wp-block-image size-full\"><img loading=\"lazy\" decoding=\"async\" width=\"1280\" height=\"720\" src=\"https:\/\/sites.uef.fi\/tiedonhaku-kasvatus\/wp-content\/uploads\/sites\/80\/2023\/07\/ERIC_hakukentat.png\" alt=\"Kuvakaappaus ERIC (ProQuest) -tietokannasta. Hakukent\u00e4n voi valita oikeanpuoleisesta alasvetovalikosta.\" class=\"wp-image-4151\" srcset=\"https:\/\/sites.uef.fi\/tiedonhaku-kasvatus\/wp-content\/uploads\/sites\/80\/2023\/07\/ERIC_hakukentat.png 1280w, https:\/\/sites.uef.fi\/tiedonhaku-kasvatus\/wp-content\/uploads\/sites\/80\/2023\/07\/ERIC_hakukentat-300x169.png 300w, https:\/\/sites.uef.fi\/tiedonhaku-kasvatus\/wp-content\/uploads\/sites\/80\/2023\/07\/ERIC_hakukentat-1024x576.png 1024w, https:\/\/sites.uef.fi\/tiedonhaku-kasvatus\/wp-content\/uploads\/sites\/80\/2023\/07\/ERIC_hakukentat-768x432.png 768w, https:\/\/sites.uef.fi\/tiedonhaku-kasvatus\/wp-content\/uploads\/sites\/80\/2023\/07\/ERIC_hakukentat-992x558.png 992w\" sizes=\"auto, (max-width: 1280px) 100vw, 1280px\" \/><figcaption class=\"wp-element-caption\">Kuva: ERIC-tietokannassa (ProQuestin hakuliittym\u00e4) on valinnanvaraa hakukentiss\u00e4<\/figcaption><\/figure>\n\n\n\n<div class=\"links-block\">\n\n            <h3>Siirry seuraavaan osioon:<\/h3>\n    \n    <ul class=\"link-list\">\n        \n            \n            <li class=\"link-list-item\">\n                <a href=\"https:\/\/sites.uef.fi\/tiedonhaku-kasvatus\/hakutekniikka\/tiedonhaun-arviointi\/\" class=\"link-reset link hover-scale-down\">\n                    <svg\n        width=\"43\" height=\"25\"\n        viewBox=\"0 0 43 25\"\n        xmlns=\"http:\/\/www.w3.org\/2000\/svg\">\n    <path\n        d=\"M30.027 0 43 12.5 30.027 25 27 22.083 34.351 15H0v-5h34.351L27 2.917z\"\n        fill=\"currentColor\"\n        fill-rule=\"evenodd\"\/>\n<\/svg>                    <div>Tiedonhaun arviointi<\/div>\n                <\/a>\n                <div class=\"link-info\">\n                                    <\/div>\n            <\/li>\n\n                <\/ul>\n<\/div>","protected":false},"excerpt":{"rendered":"<p>Tietokannassa yksitt\u00e4inen, julkaisun sis\u00e4lt\u00f6\u00e4 kuvaava tietue koostuu kentist\u00e4. Julkaisutietokantoihin tallennetaan tietoja sek\u00e4 julkaisun aiheesta, ett\u00e4 siit\u00e4, miss\u00e4 ja milloin julkaisu on ilmestynyt. Haettavat kent\u00e4t ovat erilaisia eri tietokannoissa tai hakukoneissa. Tutuimpia ovat julkaisun otsikko, avainsanat tai asiasanat, tiivistelm\u00e4\/abstrakti, kirjoittajat ja julkaisuajankohta. Sanahaku tai vapaasanahaku kohdistuu kaikkiin haettaviin kenttiin yht\u00e4 aikaa. Se on hyv\u00e4 tapa aloittaa [&hellip;]<\/p>\n","protected":false},"author":171,"featured_media":0,"parent":0,"menu_order":0,"comment_status":"closed","ping_status":"closed","template":"","meta":{"_acf_changed":false,"_monsterinsights_skip_tracking":false,"_monsterinsights_sitenote_active":false,"_monsterinsights_sitenote_note":"","_monsterinsights_sitenote_category":0,"footnotes":""},"class_list":["post-4137","page","type-page","status-publish","hentry"],"acf":[],"yoast_head":"<!-- This site is optimized with the Yoast SEO plugin v27.3 - https:\/\/yoast.com\/product\/yoast-seo-wordpress\/ -->\n<title>Hakukent\u00e4t - Kasvatustieteiden tiedonhaku \/\/ UEF-kirjasto<\/title>\n<meta name=\"robots\" content=\"index, follow, max-snippet:-1, max-image-preview:large, max-video-preview:-1\" \/>\n<link rel=\"canonical\" href=\"https:\/\/sites.uef.fi\/tiedonhaku-kasvatus\/hakukentat\/\" \/>\n<meta property=\"og:locale\" content=\"fi_FI\" \/>\n<meta property=\"og:type\" content=\"article\" \/>\n<meta property=\"og:title\" content=\"Hakukent\u00e4t - Kasvatustieteiden tiedonhaku \/\/ UEF-kirjasto\" \/>\n<meta property=\"og:description\" content=\"Tietokannassa yksitt\u00e4inen, julkaisun sis\u00e4lt\u00f6\u00e4 kuvaava tietue koostuu kentist\u00e4. Julkaisutietokantoihin tallennetaan tietoja sek\u00e4 julkaisun aiheesta, ett\u00e4 siit\u00e4, miss\u00e4 ja milloin julkaisu on ilmestynyt. Haettavat kent\u00e4t ovat erilaisia eri tietokannoissa tai hakukoneissa. Tutuimpia ovat julkaisun otsikko, avainsanat tai asiasanat, tiivistelm\u00e4\/abstrakti, kirjoittajat ja julkaisuajankohta. Sanahaku tai vapaasanahaku kohdistuu kaikkiin haettaviin kenttiin yht\u00e4 aikaa. Se on hyv\u00e4 tapa aloittaa [&hellip;]\" \/>\n<meta property=\"og:url\" content=\"https:\/\/sites.uef.fi\/tiedonhaku-kasvatus\/hakukentat\/\" \/>\n<meta property=\"og:site_name\" content=\"Kasvatustieteiden tiedonhaku \/\/ UEF-kirjasto\" \/>\n<meta property=\"article:modified_time\" content=\"2025-07-09T12:13:51+00:00\" \/>\n<meta property=\"og:image\" content=\"https:\/\/sites.uef.fi\/tiedonhaku-kasvatus\/wp-content\/uploads\/sites\/80\/2023\/07\/UEF-Primo_kentat.png\" \/>\n\t<meta property=\"og:image:width\" content=\"1280\" \/>\n\t<meta property=\"og:image:height\" content=\"720\" \/>\n\t<meta property=\"og:image:type\" content=\"image\/png\" \/>\n<meta name=\"twitter:card\" content=\"summary_large_image\" \/>\n<meta name=\"twitter:label1\" content=\"Arvioitu lukuaika\" \/>\n\t<meta name=\"twitter:data1\" content=\"3 minuuttia\" \/>\n<script type=\"application\/ld+json\" class=\"yoast-schema-graph\">{\"@context\":\"https:\\\/\\\/schema.org\",\"@graph\":[{\"@type\":\"WebPage\",\"@id\":\"https:\\\/\\\/sites.uef.fi\\\/tiedonhaku-kasvatus\\\/hakukentat\\\/\",\"url\":\"https:\\\/\\\/sites.uef.fi\\\/tiedonhaku-kasvatus\\\/hakukentat\\\/\",\"name\":\"Hakukent\u00e4t - Kasvatustieteiden tiedonhaku \\\/\\\/ UEF-kirjasto\",\"isPartOf\":{\"@id\":\"https:\\\/\\\/sites.uef.fi\\\/tiedonhaku-kasvatus\\\/#website\"},\"primaryImageOfPage\":{\"@id\":\"https:\\\/\\\/sites.uef.fi\\\/tiedonhaku-kasvatus\\\/hakukentat\\\/#primaryimage\"},\"image\":{\"@id\":\"https:\\\/\\\/sites.uef.fi\\\/tiedonhaku-kasvatus\\\/hakukentat\\\/#primaryimage\"},\"thumbnailUrl\":\"https:\\\/\\\/sites.uef.fi\\\/tiedonhaku-kasvatus\\\/wp-content\\\/uploads\\\/sites\\\/80\\\/2023\\\/07\\\/UEF-Primo_kentat-1024x576.png\",\"datePublished\":\"2023-07-25T09:13:49+00:00\",\"dateModified\":\"2025-07-09T12:13:51+00:00\",\"breadcrumb\":{\"@id\":\"https:\\\/\\\/sites.uef.fi\\\/tiedonhaku-kasvatus\\\/hakukentat\\\/#breadcrumb\"},\"inLanguage\":\"fi\",\"potentialAction\":[{\"@type\":\"ReadAction\",\"target\":[\"https:\\\/\\\/sites.uef.fi\\\/tiedonhaku-kasvatus\\\/hakukentat\\\/\"]}]},{\"@type\":\"ImageObject\",\"inLanguage\":\"fi\",\"@id\":\"https:\\\/\\\/sites.uef.fi\\\/tiedonhaku-kasvatus\\\/hakukentat\\\/#primaryimage\",\"url\":\"https:\\\/\\\/sites.uef.fi\\\/tiedonhaku-kasvatus\\\/wp-content\\\/uploads\\\/sites\\\/80\\\/2023\\\/07\\\/UEF-Primo_kentat.png\",\"contentUrl\":\"https:\\\/\\\/sites.uef.fi\\\/tiedonhaku-kasvatus\\\/wp-content\\\/uploads\\\/sites\\\/80\\\/2023\\\/07\\\/UEF-Primo_kentat.png\",\"width\":1280,\"height\":720},{\"@type\":\"BreadcrumbList\",\"@id\":\"https:\\\/\\\/sites.uef.fi\\\/tiedonhaku-kasvatus\\\/hakukentat\\\/#breadcrumb\",\"itemListElement\":[{\"@type\":\"ListItem\",\"position\":1,\"name\":\"Home\",\"item\":\"https:\\\/\\\/sites.uef.fi\\\/tiedonhaku-kasvatus\\\/\"},{\"@type\":\"ListItem\",\"position\":2,\"name\":\"Hakukent\u00e4t\"}]},{\"@type\":\"WebSite\",\"@id\":\"https:\\\/\\\/sites.uef.fi\\\/tiedonhaku-kasvatus\\\/#website\",\"url\":\"https:\\\/\\\/sites.uef.fi\\\/tiedonhaku-kasvatus\\\/\",\"name\":\"Kasvatustieteiden tiedonhaku \\\/\\\/ UEF-kirjasto\",\"description\":\"\",\"potentialAction\":[{\"@type\":\"SearchAction\",\"target\":{\"@type\":\"EntryPoint\",\"urlTemplate\":\"https:\\\/\\\/sites.uef.fi\\\/tiedonhaku-kasvatus\\\/?s={search_term_string}\"},\"query-input\":{\"@type\":\"PropertyValueSpecification\",\"valueRequired\":true,\"valueName\":\"search_term_string\"}}],\"inLanguage\":\"fi\"}]}<\/script>\n<!-- \/ Yoast SEO plugin. -->","yoast_head_json":{"title":"Hakukent\u00e4t - Kasvatustieteiden tiedonhaku \/\/ UEF-kirjasto","robots":{"index":"index","follow":"follow","max-snippet":"max-snippet:-1","max-image-preview":"max-image-preview:large","max-video-preview":"max-video-preview:-1"},"canonical":"https:\/\/sites.uef.fi\/tiedonhaku-kasvatus\/hakukentat\/","og_locale":"fi_FI","og_type":"article","og_title":"Hakukent\u00e4t - Kasvatustieteiden tiedonhaku \/\/ UEF-kirjasto","og_description":"Tietokannassa yksitt\u00e4inen, julkaisun sis\u00e4lt\u00f6\u00e4 kuvaava tietue koostuu kentist\u00e4. Julkaisutietokantoihin tallennetaan tietoja sek\u00e4 julkaisun aiheesta, ett\u00e4 siit\u00e4, miss\u00e4 ja milloin julkaisu on ilmestynyt. Haettavat kent\u00e4t ovat erilaisia eri tietokannoissa tai hakukoneissa. Tutuimpia ovat julkaisun otsikko, avainsanat tai asiasanat, tiivistelm\u00e4\/abstrakti, kirjoittajat ja julkaisuajankohta. Sanahaku tai vapaasanahaku kohdistuu kaikkiin haettaviin kenttiin yht\u00e4 aikaa. Se on hyv\u00e4 tapa aloittaa [&hellip;]","og_url":"https:\/\/sites.uef.fi\/tiedonhaku-kasvatus\/hakukentat\/","og_site_name":"Kasvatustieteiden tiedonhaku \/\/ UEF-kirjasto","article_modified_time":"2025-07-09T12:13:51+00:00","og_image":[{"width":1280,"height":720,"url":"https:\/\/sites.uef.fi\/tiedonhaku-kasvatus\/wp-content\/uploads\/sites\/80\/2023\/07\/UEF-Primo_kentat.png","type":"image\/png"}],"twitter_card":"summary_large_image","twitter_misc":{"Arvioitu lukuaika":"3 minuuttia"},"schema":{"@context":"https:\/\/schema.org","@graph":[{"@type":"WebPage","@id":"https:\/\/sites.uef.fi\/tiedonhaku-kasvatus\/hakukentat\/","url":"https:\/\/sites.uef.fi\/tiedonhaku-kasvatus\/hakukentat\/","name":"Hakukent\u00e4t - Kasvatustieteiden tiedonhaku \/\/ UEF-kirjasto","isPartOf":{"@id":"https:\/\/sites.uef.fi\/tiedonhaku-kasvatus\/#website"},"primaryImageOfPage":{"@id":"https:\/\/sites.uef.fi\/tiedonhaku-kasvatus\/hakukentat\/#primaryimage"},"image":{"@id":"https:\/\/sites.uef.fi\/tiedonhaku-kasvatus\/hakukentat\/#primaryimage"},"thumbnailUrl":"https:\/\/sites.uef.fi\/tiedonhaku-kasvatus\/wp-content\/uploads\/sites\/80\/2023\/07\/UEF-Primo_kentat-1024x576.png","datePublished":"2023-07-25T09:13:49+00:00","dateModified":"2025-07-09T12:13:51+00:00","breadcrumb":{"@id":"https:\/\/sites.uef.fi\/tiedonhaku-kasvatus\/hakukentat\/#breadcrumb"},"inLanguage":"fi","potentialAction":[{"@type":"ReadAction","target":["https:\/\/sites.uef.fi\/tiedonhaku-kasvatus\/hakukentat\/"]}]},{"@type":"ImageObject","inLanguage":"fi","@id":"https:\/\/sites.uef.fi\/tiedonhaku-kasvatus\/hakukentat\/#primaryimage","url":"https:\/\/sites.uef.fi\/tiedonhaku-kasvatus\/wp-content\/uploads\/sites\/80\/2023\/07\/UEF-Primo_kentat.png","contentUrl":"https:\/\/sites.uef.fi\/tiedonhaku-kasvatus\/wp-content\/uploads\/sites\/80\/2023\/07\/UEF-Primo_kentat.png","width":1280,"height":720},{"@type":"BreadcrumbList","@id":"https:\/\/sites.uef.fi\/tiedonhaku-kasvatus\/hakukentat\/#breadcrumb","itemListElement":[{"@type":"ListItem","position":1,"name":"Home","item":"https:\/\/sites.uef.fi\/tiedonhaku-kasvatus\/"},{"@type":"ListItem","position":2,"name":"Hakukent\u00e4t"}]},{"@type":"WebSite","@id":"https:\/\/sites.uef.fi\/tiedonhaku-kasvatus\/#website","url":"https:\/\/sites.uef.fi\/tiedonhaku-kasvatus\/","name":"Kasvatustieteiden tiedonhaku \/\/ UEF-kirjasto","description":"","potentialAction":[{"@type":"SearchAction","target":{"@type":"EntryPoint","urlTemplate":"https:\/\/sites.uef.fi\/tiedonhaku-kasvatus\/?s={search_term_string}"},"query-input":{"@type":"PropertyValueSpecification","valueRequired":true,"valueName":"search_term_string"}}],"inLanguage":"fi"}]}},"_links":{"self":[{"href":"https:\/\/sites.uef.fi\/tiedonhaku-kasvatus\/wp-json\/wp\/v2\/pages\/4137","targetHints":{"allow":["GET"]}}],"collection":[{"href":"https:\/\/sites.uef.fi\/tiedonhaku-kasvatus\/wp-json\/wp\/v2\/pages"}],"about":[{"href":"https:\/\/sites.uef.fi\/tiedonhaku-kasvatus\/wp-json\/wp\/v2\/types\/page"}],"author":[{"embeddable":true,"href":"https:\/\/sites.uef.fi\/tiedonhaku-kasvatus\/wp-json\/wp\/v2\/users\/171"}],"replies":[{"embeddable":true,"href":"https:\/\/sites.uef.fi\/tiedonhaku-kasvatus\/wp-json\/wp\/v2\/comments?post=4137"}],"version-history":[{"count":2,"href":"https:\/\/sites.uef.fi\/tiedonhaku-kasvatus\/wp-json\/wp\/v2\/pages\/4137\/revisions"}],"predecessor-version":[{"id":5298,"href":"https:\/\/sites.uef.fi\/tiedonhaku-kasvatus\/wp-json\/wp\/v2\/pages\/4137\/revisions\/5298"}],"wp:attachment":[{"href":"https:\/\/sites.uef.fi\/tiedonhaku-kasvatus\/wp-json\/wp\/v2\/media?parent=4137"}],"curies":[{"name":"wp","href":"https:\/\/api.w.org\/{rel}","templated":true}]}}