{"id":449,"date":"2020-06-29T15:47:33","date_gmt":"2020-06-29T12:47:33","guid":{"rendered":"https:\/\/sites.uef.fi\/tiedonhaku-kasvatus\/?page_id=449"},"modified":"2025-07-09T17:41:49","modified_gmt":"2025-07-09T14:41:49","slug":"tiedonhaun-eri-tapoja","status":"publish","type":"page","link":"https:\/\/sites.uef.fi\/tiedonhaku-kasvatus\/tiedonhaun-eri-tapoja\/","title":{"rendered":"Tiedonhaun eri tapoja"},"content":{"rendered":"\n<p>T\u00e4ll\u00e4 sivulla kerrotaan erilaisista l\u00e4hestymistavoista tiedonhakuun. <\/p>\n\n\n\n<ul class=\"wp-block-list\">\n<li>Millaisia tiedonhakustrategioita on olemassa<\/li>\n\n\n\n<li>Miksi huolellinen tiedonhaku on aina systemaattinen<\/li>\n\n\n\n<li>Mik\u00e4 on systemaattinen kirjallisuuskatsaus<\/li>\n<\/ul>\n\n\n\n<h2 class=\"wp-block-heading\">Selaileva, ideoiva, hahmotteleva tiedonhaku<\/h2>\n\n\n\n<p>Tietokantahakuja ja niiden tuloksia kannattaa k\u00e4ytt\u00e4\u00e4 hyv\u00e4ksi jo suunnittelu-, valmistelu- ja ideointivaiheessa. Se auttaa aiheen k\u00e4sitteiden ja hakusanojen hahmottelussa ja ker\u00e4\u00e4misess\u00e4. T\u00e4ss\u00e4 vaiheessa ei kannata uppoutua kovin syv\u00e4lle tuloksiin. Valmisteluvaiheeseen menee jonkin verran aikaa, mutta samalla se t\u00e4sment\u00e4\u00e4 sek\u00e4 aihettasi ett\u00e4 systemaattisempaa tiedonhakuasi.<\/p>\n\n\n\n<p>Tiedonhakuaan ja aihettaan voi l\u00e4hesty\u00e4 eri tavoin. Haku kannattaa aloittaa l\u00e4helt\u00e4 ja helposti saavutettavista l\u00e4hteist\u00e4.<\/p>\n\n\n\n<ul class=\"wp-block-list\">\n<li>Tutusta tuntemattomaan<\/li>\n\n\n\n<li>Kotimaisesta ulkomaiseen<\/li>\n\n\n\n<li>L\u00e4helt\u00e4 kauemmas<\/li>\n\n\n\n<li>Yleisest\u00e4 erityiseen<\/li>\n<\/ul>\n\n\n\n<figure class=\"wp-block-image\"><img loading=\"lazy\" decoding=\"async\" width=\"225\" height=\"300\" src=\"https:\/\/sites.uef.fi\/tiedonhaku-kasvatus\/wp-content\/uploads\/sites\/80\/2021\/07\/Mustikat-225x300.jpg\" alt=\"Mustikoita on ker\u00e4tty valkoiseen astiaan. Se on asetettu varpujen keskelle.\" class=\"wp-image-2257\" srcset=\"https:\/\/sites.uef.fi\/tiedonhaku-kasvatus\/wp-content\/uploads\/sites\/80\/2021\/07\/Mustikat-225x300.jpg 225w, https:\/\/sites.uef.fi\/tiedonhaku-kasvatus\/wp-content\/uploads\/sites\/80\/2021\/07\/Mustikat-768x1024.jpg 768w, https:\/\/sites.uef.fi\/tiedonhaku-kasvatus\/wp-content\/uploads\/sites\/80\/2021\/07\/Mustikat-1152x1536.jpg 1152w, https:\/\/sites.uef.fi\/tiedonhaku-kasvatus\/wp-content\/uploads\/sites\/80\/2021\/07\/Mustikat-1536x2048.jpg 1536w, https:\/\/sites.uef.fi\/tiedonhaku-kasvatus\/wp-content\/uploads\/sites\/80\/2021\/07\/Mustikat-scaled.jpg 1920w\" sizes=\"auto, (max-width: 225px) 100vw, 225px\" \/><\/figure>\n\n\n\n<h3 class=\"wp-block-heading\">&#8221;Quick and dirty&#8221; (tai tylsemmin Quick and simple)<\/h3>\n\n\n\n<p>Joskus riitt\u00e4\u00e4 pikaisempi haku, jolla saadaan k\u00e4siin edes jotakin aiheesta. Haetaan mill\u00e4 tahansa omasta p\u00e4\u00e4st\u00e4 keksityll\u00e4 hakusanalla tai parilla, jotta saadaan \u00e4kki\u00e4 jotakin, mist\u00e4 p\u00e4\u00e4st\u00e4 eteenp\u00e4in.<\/p>\n\n\n\n<h3 class=\"wp-block-heading\">Laajemmasta suppeampaan<\/h3>\n\n\n\n<p>Aluksi valitaan tarpeeksi suuri aihealue, ja aletaan rajata sit\u00e4 tarkentavilla ja rajaavilla k\u00e4sitteill\u00e4 tai esimerkiksi kielell\u00e4, julkaisuvuodella, aineistotyypill\u00e4 yms.<\/p>\n\n\n\n<h3 class=\"wp-block-heading\">Suppeammasta laajempaan<\/h3>\n\n\n\n<p>Ellei tarkka hakutermi anna tulosta, mietit\u00e4\u00e4n, mihin laajempaan aihealueeseen ongelma kuuluu tai muutoin muutetaan hakutermi\u00e4.<\/p>\n\n\n\n<h3 class=\"wp-block-heading\">&#8221;Helmenkasvatus&#8221; eli j\u00e4ljityshaku<\/h3>\n\n\n\n<p>L\u00e4hdet\u00e4\u00e4n liikkeelle niukoista tiedoista ja t\u00e4ydennet\u00e4\u00e4n hakua ja hakutermej\u00e4 haun aikana saatujen tulosten perusteella. Seurataan aineiston tarjoamia johtolankoja uusiin relevantteihin l\u00e4hteisiin. Tuloksesta saadaan vihjeit\u00e4 uusiksi hakusanoiksi, tiedonl\u00e4hteiksi, tekij\u00f6iksi, alan julkaisusarjan tai organisaation l\u00f6yt\u00e4miseksi tai omien ideoiden t\u00e4sment\u00e4miseksi.<\/p>\n\n\n\n<ul class=\"wp-block-list\">\n<li>Hyv\u00e4n kirjan tai artikkelin l\u00f6ydytty\u00e4 haetaan saman kirjoittajan muita julkaisuja, tai katsotaan l\u00e4hteen sis\u00e4lt\u00f6\u00e4 kuvaavia asiasanoja ja haetaan niill\u00e4 lis\u00e4\u00e4 aineistoa.<\/li>\n\n\n\n<li>Mielenkiintoisen julkaisun l\u00e4hdeluettelo johtaa uusiin julkaisuihin, samoin Internetist\u00e4 l\u00f6ytyneen dokumentin tarjoama linkkikokoelma.<\/li>\n<\/ul>\n\n\n\n<h3 class=\"wp-block-heading\">Selailu eli browsing<\/h3>\n\n\n\n<p>My\u00f6s tietokannoissa voidaan selailla, esim. tietyn lehden artikkeleita.<\/p>\n\n\n\n<ul class=\"wp-block-list\">\n<li>Seuraa varsinkin <strong>asiasanoja<\/strong>, sis\u00e4ll\u00f6n aiheita kuvailevia termej\u00e4<\/li>\n\n\n\n<li>Suomalaisistakin tietokannoista voi saada vinkkej\u00e4 englanninkielisiksi hakusanoiksi<\/li>\n\n\n\n<li>Kentt\u00e4rajauksilla voi &#8221;leikki\u00e4&#8221;. Hakusanan etsiminen vain <strong>otsikoista<\/strong> (nimeke, title) tai <strong>aiheista<\/strong> (subject,&nbsp; keyword) voi olla aiheen hahmotteluvaiheessa hy\u00f6dyllist\u00e4.<\/li>\n\n\n\n<li><strong>Asiasanastojen<\/strong> hierarkiasta voi saada vihjeit\u00e4 laajemmista tai suppeammista k\u00e4sitteist\u00e4. T\u00e4st\u00e4 lis\u00e4\u00e4 luvussa <a href=\"https:\/\/sites.uef.fi\/tiedonhaku-kasvatus\/hakutekniikka\/asiasanat\/\">Asiasanat<\/a>.<\/li>\n<\/ul>\n\n\n\n<h2 class=\"wp-block-heading\">Systemaattinen tiedonhaku &#8211; ja kattava, takautuva, j\u00e4rjestelm\u00e4llinen kirjallisuuskatsaus tai -selvitys<\/h2>\n\n\n\n<p>Huolellinen tiedonhaku on aina systemaattinen. Kattava systemaattinen kirjallisuuskatsaus&nbsp; vaatii kattavan ja systemaattisen tiedonhaun. Tieteellisen ty\u00f6n (esim. opinn\u00e4ytety\u00f6n) pohjaksi selvitet\u00e4\u00e4n systemaattisella aiheenmukaisella haulla mahdollisimman tarkkaan, mit\u00e4 aiheesta on julkaistu ja saatavilla.<\/p>\n\n\n\n<p>Mit\u00e4 tarkemmin pystyt rajaamaan aiheesi, sit\u00e4 helpompaa on kattava haku. Laajat, j\u00e4sentym\u00e4tt\u00f6m\u00e4t aiheet ovat hankalia haettavia. Aiheen rajaukseen, kypsyttelyyn, hakusanojen ideointiin ja muuhun tiedonhaun valmisteluun ja suunnitteluun kannattaa k\u00e4ytt\u00e4\u00e4 my\u00f6s tietokantahakuja avuksi (kts. selaileva tiedonhaku).<\/p>\n\n\n\n<p>Tee <strong>hakusuunnitelma<\/strong>: Laadi aiheestasi hakulauseita ja valitse sopivat tietokannat.<\/p>\n\n\n\n<p>Systemaattinen tiedonhaku kattaa:<\/p>\n\n\n\n<ul class=\"wp-block-list\">\n<li>Kotimaiset ja ulkomaiset tiedonl\u00e4hteet<\/li>\n\n\n\n<li>Eri tyyppiset tiedonl\u00e4hteet (kirjat, v\u00e4it\u00f6skirjat, tutkimusraportit, artikkelit&#8230;.)<\/li>\n\n\n\n<li>Tietokannat ja muut tiedonhaun apuneuvot<\/li>\n\n\n\n<li>Aihetta kuvaavat kattavat hakusanat ja niiden yhdistelm\u00e4t<\/li>\n<\/ul>\n\n\n\n<p>Eri tietokantoihin tallennetaan tietoja erilaisista prim\u00e4\u00e4ril\u00e4hteist\u00e4. Aineistot ovat vain osin p\u00e4\u00e4llekk\u00e4isi\u00e4.&nbsp; Harvoin haku vain yhdest\u00e4 tietokannasta on riitt\u00e4v\u00e4. Mik\u00e4li aiheesi on monialainen tai tieteidenv\u00e4linen, tee hakusi tarvittavien alojen tietokannoista.<\/p>\n\n\n\n<p>Vinkki: Tallenna itsellesi tekemiesi hakujen <strong>hakuhistoriat<\/strong>. Silloin pystyt j\u00e4lkeenp\u00e4in palaamaan asiaan, mist\u00e4 ja miten olet tietoa hakenut.<\/p>\n\n\n\n<h2 class=\"wp-block-heading\">Systemaattinen kirjallisuuskatsaus<\/h2>\n\n\n\n<p>Kirjallisuuskatsauksen tyyppej\u00e4 on erilaisia, joista jokaisessa k\u00e4ytet\u00e4\u00e4n enemm\u00e4n tai v\u00e4hemm\u00e4n erilaisia menetelmi\u00e4; terminologia voi olla h\u00e4mment\u00e4v\u00e4\u00e4. Vuonna 2009 julkaistussa artikkelissa Grant &amp; Booth kuvasi 14 katsaustyyppi\u00e4. Systemaattinen kirjallisuuskatsaus on er\u00e4\u00e4nlainen empiirinen tutkimusmetodi.<\/p>\n\n\n\n<p>Systemaattisessa katsauksessa on nelj\u00e4 olennaista kriteeri\u00e4:<\/p>\n\n\n\n<ul class=\"wp-block-list\">\n<li>Sen pit\u00e4isi olla tyhjent\u00e4v\u00e4<\/li>\n\n\n\n<li>Metodologiaa on noudatettava tiukasti (sis\u00e4llytt\u00e4miskriteerit, hakujen suunnittelu ja toteuttaminen, sis\u00e4llytt\u00e4miskriteeritt\u00e4ytt\u00e4vien t\u00f6iden analysoiminen analyysikehikon avulla ) . Koko prosessi on my\u00f6s dokumentoitava perusteellisesti.<\/li>\n\n\n\n<li>Ainakin kahden ihmisen tulisi olla mukana, erityisesti artikkeleiden seulonnassa ja tietojen ker\u00e4\u00e4misess\u00e4.<\/li>\n\n\n\n<li>Tarvitaan paljon aikaa, mutta mahdollisesti my\u00f6s muiden asiantuntijoiden apua &#8211; esimerkiksi tiedonhaussa &#8211; sek\u00e4 ty\u00f6kalujen ja ohjelmistojen hy\u00f6dynt\u00e4misess\u00e4.<\/li>\n<\/ul>\n\n\n\n<p>Perusopiskelijalla on harvoin mahdollisuutta tehd\u00e4 aidosti systemaattista kirjallisuuskatsausta. Sen sijaan strukturoitu kirjallisuuskatsaus sis\u00e4lt\u00e4\u00e4 elementtej\u00e4 systemaattisesta kirjallisuuskatsauksen tekemisest\u00e4. Esimerkiksi tiedonhaun ei tarvitse olla yht\u00e4 kattava.<\/p>\n\n\n\n<p>Miten systemaattinen kirjallisuuskatsaus eroaa tavallisesta kirjallisuuskatsauksesta? <a href=\"http:\/\/guides.library.cmu.edu\/c.php?g=586398&amp;p=4050791\" target=\"_blank\" rel=\"noopener noreferrer\">Esimerkiksi Carnegie Mellon University Libraryn sivulla (linkki avautuu uuteen v\u00e4lilehteen) <\/a> selvitet\u00e4\u00e4n sit\u00e4 taulukon muodossa ja ohjataan sen tekemiseen.<\/p>\n\n\n\n<p>Karoliinisen instituutin (Karolinska institutet) kirjaston <a href=\"https:\/\/kib.ki.se\/en\/search-evaluate\/systematic-reviews\/structured-literature-reviews-guide-students\" target=\"_blank\" rel=\"noopener\">Opas opiskelijoille strukturoidun kirjallisuuskatsauksen tekemiseen<\/a> (englanniksi, linkki avautuu uuteen v\u00e4lilehteen). Strukturoitu kirjallisuuskatsaus sis\u00e4lt\u00e4\u00e4 elementtej\u00e4 systemaattisesta kirjallisuuskatsauksen tekemisest\u00e4.<\/p>\n\n\n\n<p><a href=\"https:\/\/www.uef.fi\/fi\/kirjasto\/tietoa-tutkimusmenetelmien-valinnasta#accordion-24920\" target=\"_blank\" rel=\"noopener\">Covidence&nbsp;<\/a><a href=\"http:\/\/Covidence. (n.d.).\" target=\"_blank\" rel=\"noopener\" data-wplink-url-error=\"true\">(<\/a>linkki avautuu uuteen v\u00e4lilehteen) on selainpohjainen ty\u00f6kalu systemaattisten katsausten tekemiseen. Covidenceen voi ladata viitteit\u00e4 tietokannoista ja ohjelma auttaa muun muassa viitteiden l\u00e4pik\u00e4ynniss\u00e4 ja tuplatarkastuksessa. Ty\u00f6kalu vaatii syv\u00e4\u00e4 paneutumista metodiin.<\/p>\n\n\n\n<div class=\"links-block\">\n\n            <h3>Siirry seuraavaan osioon:<\/h3>\n    \n    <ul class=\"link-list\">\n        \n            \n            <li class=\"link-list-item\">\n                <a href=\"https:\/\/sites.uef.fi\/tiedonhaku-kasvatus\/hakutekniikka\/sanankatkaisu-ja-fraasihaku\/\" class=\"link-reset link hover-scale-down\">\n                    <svg\n        width=\"43\" height=\"25\"\n        viewBox=\"0 0 43 25\"\n        xmlns=\"http:\/\/www.w3.org\/2000\/svg\">\n    <path\n        d=\"M30.027 0 43 12.5 30.027 25 27 22.083 34.351 15H0v-5h34.351L27 2.917z\"\n        fill=\"currentColor\"\n        fill-rule=\"evenodd\"\/>\n<\/svg>                    <div>Sanankatkaisu, korvausmerkit ja fraasihaku<\/div>\n                <\/a>\n                <div class=\"link-info\">\n                                    <\/div>\n            <\/li>\n\n                <\/ul>\n<\/div>","protected":false},"excerpt":{"rendered":"<p>T\u00e4ll\u00e4 sivulla kerrotaan erilaisista l\u00e4hestymistavoista tiedonhakuun. Selaileva, ideoiva, hahmotteleva tiedonhaku Tietokantahakuja ja niiden tuloksia kannattaa k\u00e4ytt\u00e4\u00e4 hyv\u00e4ksi jo suunnittelu-, valmistelu- ja ideointivaiheessa. Se auttaa aiheen k\u00e4sitteiden ja hakusanojen hahmottelussa ja ker\u00e4\u00e4misess\u00e4. T\u00e4ss\u00e4 vaiheessa ei kannata uppoutua kovin syv\u00e4lle tuloksiin. Valmisteluvaiheeseen menee jonkin verran aikaa, mutta samalla se t\u00e4sment\u00e4\u00e4 sek\u00e4 aihettasi ett\u00e4 systemaattisempaa tiedonhakuasi. Tiedonhakuaan ja [&hellip;]<\/p>\n","protected":false},"author":171,"featured_media":0,"parent":0,"menu_order":0,"comment_status":"closed","ping_status":"closed","template":"","meta":{"_acf_changed":false,"_monsterinsights_skip_tracking":false,"_monsterinsights_sitenote_active":false,"_monsterinsights_sitenote_note":"","_monsterinsights_sitenote_category":0,"footnotes":""},"class_list":["post-449","page","type-page","status-publish","hentry"],"acf":[],"yoast_head":"<!-- This site is optimized with the Yoast SEO plugin v27.3 - https:\/\/yoast.com\/product\/yoast-seo-wordpress\/ -->\n<title>Tiedonhaun eri tapoja - Kasvatustieteiden tiedonhaku \/\/ UEF-kirjasto<\/title>\n<meta name=\"robots\" content=\"index, follow, max-snippet:-1, max-image-preview:large, max-video-preview:-1\" \/>\n<link rel=\"canonical\" href=\"https:\/\/sites.uef.fi\/tiedonhaku-kasvatus\/tiedonhaun-eri-tapoja\/\" \/>\n<meta property=\"og:locale\" content=\"fi_FI\" \/>\n<meta property=\"og:type\" content=\"article\" \/>\n<meta property=\"og:title\" content=\"Tiedonhaun eri tapoja - Kasvatustieteiden tiedonhaku \/\/ UEF-kirjasto\" \/>\n<meta property=\"og:description\" content=\"T\u00e4ll\u00e4 sivulla kerrotaan erilaisista l\u00e4hestymistavoista tiedonhakuun. Selaileva, ideoiva, hahmotteleva tiedonhaku Tietokantahakuja ja niiden tuloksia kannattaa k\u00e4ytt\u00e4\u00e4 hyv\u00e4ksi jo suunnittelu-, valmistelu- ja ideointivaiheessa. Se auttaa aiheen k\u00e4sitteiden ja hakusanojen hahmottelussa ja ker\u00e4\u00e4misess\u00e4. T\u00e4ss\u00e4 vaiheessa ei kannata uppoutua kovin syv\u00e4lle tuloksiin. Valmisteluvaiheeseen menee jonkin verran aikaa, mutta samalla se t\u00e4sment\u00e4\u00e4 sek\u00e4 aihettasi ett\u00e4 systemaattisempaa tiedonhakuasi. Tiedonhakuaan ja [&hellip;]\" \/>\n<meta property=\"og:url\" content=\"https:\/\/sites.uef.fi\/tiedonhaku-kasvatus\/tiedonhaun-eri-tapoja\/\" \/>\n<meta property=\"og:site_name\" content=\"Kasvatustieteiden tiedonhaku \/\/ UEF-kirjasto\" \/>\n<meta property=\"article:modified_time\" content=\"2025-07-09T14:41:49+00:00\" \/>\n<meta property=\"og:image\" content=\"https:\/\/sites.uef.fi\/tiedonhaku-kasvatus\/wp-content\/uploads\/sites\/80\/2021\/07\/Mustikat-scaled.jpg\" \/>\n\t<meta property=\"og:image:width\" content=\"1920\" \/>\n\t<meta property=\"og:image:height\" content=\"2560\" \/>\n\t<meta property=\"og:image:type\" content=\"image\/jpeg\" \/>\n<meta name=\"twitter:card\" content=\"summary_large_image\" \/>\n<meta name=\"twitter:label1\" content=\"Arvioitu lukuaika\" \/>\n\t<meta name=\"twitter:data1\" content=\"5 minuuttia\" \/>\n<script type=\"application\/ld+json\" class=\"yoast-schema-graph\">{\"@context\":\"https:\\\/\\\/schema.org\",\"@graph\":[{\"@type\":\"WebPage\",\"@id\":\"https:\\\/\\\/sites.uef.fi\\\/tiedonhaku-kasvatus\\\/tiedonhaun-eri-tapoja\\\/\",\"url\":\"https:\\\/\\\/sites.uef.fi\\\/tiedonhaku-kasvatus\\\/tiedonhaun-eri-tapoja\\\/\",\"name\":\"Tiedonhaun eri tapoja - Kasvatustieteiden tiedonhaku \\\/\\\/ UEF-kirjasto\",\"isPartOf\":{\"@id\":\"https:\\\/\\\/sites.uef.fi\\\/tiedonhaku-kasvatus\\\/#website\"},\"primaryImageOfPage\":{\"@id\":\"https:\\\/\\\/sites.uef.fi\\\/tiedonhaku-kasvatus\\\/tiedonhaun-eri-tapoja\\\/#primaryimage\"},\"image\":{\"@id\":\"https:\\\/\\\/sites.uef.fi\\\/tiedonhaku-kasvatus\\\/tiedonhaun-eri-tapoja\\\/#primaryimage\"},\"thumbnailUrl\":\"https:\\\/\\\/sites.uef.fi\\\/tiedonhaku-kasvatus\\\/wp-content\\\/uploads\\\/sites\\\/80\\\/2021\\\/07\\\/Mustikat-225x300.jpg\",\"datePublished\":\"2020-06-29T12:47:33+00:00\",\"dateModified\":\"2025-07-09T14:41:49+00:00\",\"breadcrumb\":{\"@id\":\"https:\\\/\\\/sites.uef.fi\\\/tiedonhaku-kasvatus\\\/tiedonhaun-eri-tapoja\\\/#breadcrumb\"},\"inLanguage\":\"fi\",\"potentialAction\":[{\"@type\":\"ReadAction\",\"target\":[\"https:\\\/\\\/sites.uef.fi\\\/tiedonhaku-kasvatus\\\/tiedonhaun-eri-tapoja\\\/\"]}]},{\"@type\":\"ImageObject\",\"inLanguage\":\"fi\",\"@id\":\"https:\\\/\\\/sites.uef.fi\\\/tiedonhaku-kasvatus\\\/tiedonhaun-eri-tapoja\\\/#primaryimage\",\"url\":\"https:\\\/\\\/sites.uef.fi\\\/tiedonhaku-kasvatus\\\/wp-content\\\/uploads\\\/sites\\\/80\\\/2021\\\/07\\\/Mustikat-scaled.jpg\",\"contentUrl\":\"https:\\\/\\\/sites.uef.fi\\\/tiedonhaku-kasvatus\\\/wp-content\\\/uploads\\\/sites\\\/80\\\/2021\\\/07\\\/Mustikat-scaled.jpg\",\"width\":1920,\"height\":2560,\"caption\":\"Mustikoita on ker\u00e4tty valkoiseen astiaan. Se on asetettu varpujen keskelle.\"},{\"@type\":\"BreadcrumbList\",\"@id\":\"https:\\\/\\\/sites.uef.fi\\\/tiedonhaku-kasvatus\\\/tiedonhaun-eri-tapoja\\\/#breadcrumb\",\"itemListElement\":[{\"@type\":\"ListItem\",\"position\":1,\"name\":\"Home\",\"item\":\"https:\\\/\\\/sites.uef.fi\\\/tiedonhaku-kasvatus\\\/\"},{\"@type\":\"ListItem\",\"position\":2,\"name\":\"Tiedonhaun eri tapoja\"}]},{\"@type\":\"WebSite\",\"@id\":\"https:\\\/\\\/sites.uef.fi\\\/tiedonhaku-kasvatus\\\/#website\",\"url\":\"https:\\\/\\\/sites.uef.fi\\\/tiedonhaku-kasvatus\\\/\",\"name\":\"Kasvatustieteiden tiedonhaku \\\/\\\/ UEF-kirjasto\",\"description\":\"\",\"potentialAction\":[{\"@type\":\"SearchAction\",\"target\":{\"@type\":\"EntryPoint\",\"urlTemplate\":\"https:\\\/\\\/sites.uef.fi\\\/tiedonhaku-kasvatus\\\/?s={search_term_string}\"},\"query-input\":{\"@type\":\"PropertyValueSpecification\",\"valueRequired\":true,\"valueName\":\"search_term_string\"}}],\"inLanguage\":\"fi\"}]}<\/script>\n<!-- \/ Yoast SEO plugin. -->","yoast_head_json":{"title":"Tiedonhaun eri tapoja - Kasvatustieteiden tiedonhaku \/\/ UEF-kirjasto","robots":{"index":"index","follow":"follow","max-snippet":"max-snippet:-1","max-image-preview":"max-image-preview:large","max-video-preview":"max-video-preview:-1"},"canonical":"https:\/\/sites.uef.fi\/tiedonhaku-kasvatus\/tiedonhaun-eri-tapoja\/","og_locale":"fi_FI","og_type":"article","og_title":"Tiedonhaun eri tapoja - Kasvatustieteiden tiedonhaku \/\/ UEF-kirjasto","og_description":"T\u00e4ll\u00e4 sivulla kerrotaan erilaisista l\u00e4hestymistavoista tiedonhakuun. Selaileva, ideoiva, hahmotteleva tiedonhaku Tietokantahakuja ja niiden tuloksia kannattaa k\u00e4ytt\u00e4\u00e4 hyv\u00e4ksi jo suunnittelu-, valmistelu- ja ideointivaiheessa. Se auttaa aiheen k\u00e4sitteiden ja hakusanojen hahmottelussa ja ker\u00e4\u00e4misess\u00e4. T\u00e4ss\u00e4 vaiheessa ei kannata uppoutua kovin syv\u00e4lle tuloksiin. Valmisteluvaiheeseen menee jonkin verran aikaa, mutta samalla se t\u00e4sment\u00e4\u00e4 sek\u00e4 aihettasi ett\u00e4 systemaattisempaa tiedonhakuasi. Tiedonhakuaan ja [&hellip;]","og_url":"https:\/\/sites.uef.fi\/tiedonhaku-kasvatus\/tiedonhaun-eri-tapoja\/","og_site_name":"Kasvatustieteiden tiedonhaku \/\/ UEF-kirjasto","article_modified_time":"2025-07-09T14:41:49+00:00","og_image":[{"width":1920,"height":2560,"url":"https:\/\/sites.uef.fi\/tiedonhaku-kasvatus\/wp-content\/uploads\/sites\/80\/2021\/07\/Mustikat-scaled.jpg","type":"image\/jpeg"}],"twitter_card":"summary_large_image","twitter_misc":{"Arvioitu lukuaika":"5 minuuttia"},"schema":{"@context":"https:\/\/schema.org","@graph":[{"@type":"WebPage","@id":"https:\/\/sites.uef.fi\/tiedonhaku-kasvatus\/tiedonhaun-eri-tapoja\/","url":"https:\/\/sites.uef.fi\/tiedonhaku-kasvatus\/tiedonhaun-eri-tapoja\/","name":"Tiedonhaun eri tapoja - Kasvatustieteiden tiedonhaku \/\/ UEF-kirjasto","isPartOf":{"@id":"https:\/\/sites.uef.fi\/tiedonhaku-kasvatus\/#website"},"primaryImageOfPage":{"@id":"https:\/\/sites.uef.fi\/tiedonhaku-kasvatus\/tiedonhaun-eri-tapoja\/#primaryimage"},"image":{"@id":"https:\/\/sites.uef.fi\/tiedonhaku-kasvatus\/tiedonhaun-eri-tapoja\/#primaryimage"},"thumbnailUrl":"https:\/\/sites.uef.fi\/tiedonhaku-kasvatus\/wp-content\/uploads\/sites\/80\/2021\/07\/Mustikat-225x300.jpg","datePublished":"2020-06-29T12:47:33+00:00","dateModified":"2025-07-09T14:41:49+00:00","breadcrumb":{"@id":"https:\/\/sites.uef.fi\/tiedonhaku-kasvatus\/tiedonhaun-eri-tapoja\/#breadcrumb"},"inLanguage":"fi","potentialAction":[{"@type":"ReadAction","target":["https:\/\/sites.uef.fi\/tiedonhaku-kasvatus\/tiedonhaun-eri-tapoja\/"]}]},{"@type":"ImageObject","inLanguage":"fi","@id":"https:\/\/sites.uef.fi\/tiedonhaku-kasvatus\/tiedonhaun-eri-tapoja\/#primaryimage","url":"https:\/\/sites.uef.fi\/tiedonhaku-kasvatus\/wp-content\/uploads\/sites\/80\/2021\/07\/Mustikat-scaled.jpg","contentUrl":"https:\/\/sites.uef.fi\/tiedonhaku-kasvatus\/wp-content\/uploads\/sites\/80\/2021\/07\/Mustikat-scaled.jpg","width":1920,"height":2560,"caption":"Mustikoita on ker\u00e4tty valkoiseen astiaan. Se on asetettu varpujen keskelle."},{"@type":"BreadcrumbList","@id":"https:\/\/sites.uef.fi\/tiedonhaku-kasvatus\/tiedonhaun-eri-tapoja\/#breadcrumb","itemListElement":[{"@type":"ListItem","position":1,"name":"Home","item":"https:\/\/sites.uef.fi\/tiedonhaku-kasvatus\/"},{"@type":"ListItem","position":2,"name":"Tiedonhaun eri tapoja"}]},{"@type":"WebSite","@id":"https:\/\/sites.uef.fi\/tiedonhaku-kasvatus\/#website","url":"https:\/\/sites.uef.fi\/tiedonhaku-kasvatus\/","name":"Kasvatustieteiden tiedonhaku \/\/ UEF-kirjasto","description":"","potentialAction":[{"@type":"SearchAction","target":{"@type":"EntryPoint","urlTemplate":"https:\/\/sites.uef.fi\/tiedonhaku-kasvatus\/?s={search_term_string}"},"query-input":{"@type":"PropertyValueSpecification","valueRequired":true,"valueName":"search_term_string"}}],"inLanguage":"fi"}]}},"_links":{"self":[{"href":"https:\/\/sites.uef.fi\/tiedonhaku-kasvatus\/wp-json\/wp\/v2\/pages\/449","targetHints":{"allow":["GET"]}}],"collection":[{"href":"https:\/\/sites.uef.fi\/tiedonhaku-kasvatus\/wp-json\/wp\/v2\/pages"}],"about":[{"href":"https:\/\/sites.uef.fi\/tiedonhaku-kasvatus\/wp-json\/wp\/v2\/types\/page"}],"author":[{"embeddable":true,"href":"https:\/\/sites.uef.fi\/tiedonhaku-kasvatus\/wp-json\/wp\/v2\/users\/171"}],"replies":[{"embeddable":true,"href":"https:\/\/sites.uef.fi\/tiedonhaku-kasvatus\/wp-json\/wp\/v2\/comments?post=449"}],"version-history":[{"count":2,"href":"https:\/\/sites.uef.fi\/tiedonhaku-kasvatus\/wp-json\/wp\/v2\/pages\/449\/revisions"}],"predecessor-version":[{"id":5318,"href":"https:\/\/sites.uef.fi\/tiedonhaku-kasvatus\/wp-json\/wp\/v2\/pages\/449\/revisions\/5318"}],"wp:attachment":[{"href":"https:\/\/sites.uef.fi\/tiedonhaku-kasvatus\/wp-json\/wp\/v2\/media?parent=449"}],"curies":[{"name":"wp","href":"https:\/\/api.w.org\/{rel}","templated":true}]}}