{"id":482,"date":"2020-06-29T16:08:03","date_gmt":"2020-06-29T13:08:03","guid":{"rendered":"https:\/\/sites.uef.fi\/tiedonhaku-kasvatus\/?page_id=482"},"modified":"2025-07-09T14:55:54","modified_gmt":"2025-07-09T11:55:54","slug":"boolen-operaattorit-and-or-not","status":"publish","type":"page","link":"https:\/\/sites.uef.fi\/tiedonhaku-kasvatus\/hakutekniikka\/boolen-operaattorit-and-or-not\/","title":{"rendered":"Boolen operaattorit AND OR NOT"},"content":{"rendered":"\n<p>Kun tiedonhaun aihetta ei pysty kuvailemaan t\u00e4sm\u00e4llisesti yhdell\u00e4 sanalla ja yhdistet\u00e4\u00e4n useampia hakusanoja, tarvitaan <strong>Boolen operaattoreita<\/strong> (AND, OR ja NOT). Muitakin operaattoreita tietokannoissa k\u00e4ytet\u00e4\u00e4n. Niist\u00e4 l\u00f6yd\u00e4t lis\u00e4tietoa kunkin tietokannan ohjeista. Operaattoreiden avulla yhdistet\u00e4\u00e4n hakusanoja toisiinsa.<\/p>\n\n\n\n<p>Boolen logiikkaa k\u00e4ytet\u00e4\u00e4n l\u00e4hes kaikissa tietokannoissa, joten sen osaaminen on yksi tiedonhaun perustaidoista.<\/p>\n\n\n\n<figure class=\"wp-block-image\"><img loading=\"lazy\" decoding=\"async\" width=\"300\" height=\"229\" src=\"https:\/\/sites.uef.fi\/tiedonhaku-kasvatus\/wp-content\/uploads\/sites\/80\/2020\/07\/AND-logiikka-300x229.png\" alt=\"AND-logiikkaa kuvataan kahdella pallokuviolla, jotka leikkaavat toisensa. Hakutulokseksi saadaan vain ne viitteet, jotka ovat yhteisen leikkauksen kohdalla, eli miss\u00e4 kaikissa mainitaan hakusanat maahanmuuttajat, min\u00e4kuva ja koulu.\" class=\"wp-image-1213\" srcset=\"https:\/\/sites.uef.fi\/tiedonhaku-kasvatus\/wp-content\/uploads\/sites\/80\/2020\/07\/AND-logiikka-300x229.png 300w, https:\/\/sites.uef.fi\/tiedonhaku-kasvatus\/wp-content\/uploads\/sites\/80\/2020\/07\/AND-logiikka.png 715w\" sizes=\"auto, (max-width: 300px) 100vw, 300px\" \/><\/figure>\n\n\n\n<p><strong>AND<\/strong>: Kun haluat, ett\u00e4 kaikki hakutermit (sek\u00e4 ett\u00e4) esiintyv\u00e4t hakutuloksessa (all of the words)<br>maahanmuutt* AND min\u00e4kuv* AND koulu*<br>AND-operaattori<strong> rajaa ja supistaa<\/strong> hakua. Mit\u00e4 enemm\u00e4n haussasi on AND-yhdistelmi\u00e4, sit\u00e4 pienempi on hakutulos. AND on yleisimmin tarvittu operaattori.<\/p>\n\n\n\n<figure class=\"wp-block-image\"><img loading=\"lazy\" decoding=\"async\" width=\"300\" height=\"214\" src=\"https:\/\/sites.uef.fi\/tiedonhaku-kasvatus\/wp-content\/uploads\/sites\/80\/2020\/07\/OR-logiikka-300x214.png\" alt=\"OR-logiikkaa kuvataan kolmella pallukalla, jotka leikkaavat toisensa. Kaikki termit tulevat haussa mukaan: self-efficacy, self-esteem ja self image\" class=\"wp-image-1216\" srcset=\"https:\/\/sites.uef.fi\/tiedonhaku-kasvatus\/wp-content\/uploads\/sites\/80\/2020\/07\/OR-logiikka-300x214.png 300w, https:\/\/sites.uef.fi\/tiedonhaku-kasvatus\/wp-content\/uploads\/sites\/80\/2020\/07\/OR-logiikka.png 607w\" sizes=\"auto, (max-width: 300px) 100vw, 300px\" \/><\/figure>\n\n\n\n<p><strong>OR<\/strong>: Kun haluat, ett\u00e4 jompikumpi (joku) hakutermeist\u00e4 esiintyy hakutuloksessa (any of the words)<br>self-efficacy OR self-esteem OR self image<br>OR-operaattori <strong>laajentaa<\/strong> hakua. Mit\u00e4 enemm\u00e4n haussasi on OR-yhdistelmi\u00e4, sit\u00e4 suurempi on hakutulos. OR-operaattorilla yhdistet\u00e4\u00e4n synonyymit ja rinnakkaistermit.<\/p>\n\n\n\n<figure class=\"wp-block-image\"><img loading=\"lazy\" decoding=\"async\" width=\"300\" height=\"282\" src=\"https:\/\/sites.uef.fi\/tiedonhaku-kasvatus\/wp-content\/uploads\/sites\/80\/2020\/07\/NOT-logiikka-300x282.png\" alt=\"Kaksi pallokuviota leikkaavat toisensa. Kuvataan NOT-logiikkaa haussa koulutus NOT lapset, jossa hakutulokseksi tulee vain ne viitteet koulutuksesta, joiden tiedoissa ei ole sanaa lapset.\" class=\"wp-image-1219\" srcset=\"https:\/\/sites.uef.fi\/tiedonhaku-kasvatus\/wp-content\/uploads\/sites\/80\/2020\/07\/NOT-logiikka-300x282.png 300w, https:\/\/sites.uef.fi\/tiedonhaku-kasvatus\/wp-content\/uploads\/sites\/80\/2020\/07\/NOT-logiikka.png 589w\" sizes=\"auto, (max-width: 300px) 100vw, 300px\" \/><\/figure>\n\n\n\n<p><strong>NOT<\/strong>: Kun haluat <strong>sulkea termin pois<\/strong> kaikista hakutuloksista.<br>koulutus NOT lapset<\/p>\n\n\n\n<p>NOT-operaattorin k\u00e4yt\u00f6ss\u00e4 pit\u00e4\u00e4 olla varovainen, ettei rajaa vahingossa pois k\u00e4ytt\u00f6kelpoista aineistoa. Mieti, onko kuitenkin parempi hakea koulutus AND aikuiset?<\/p>\n\n\n\n<p>Usein tarvitset on yht\u00e4 aikaa ainakin kaksi operaattoria, AND ja OR. OR-kytkettyjen hakusanojen ymp\u00e4rille kirjoitetaan sulkumerkit. Sulkeita k\u00e4ytet\u00e4\u00e4n <strong>perushaku\/basic search -haussa tai komentohaussa<\/strong>.<\/p>\n\n\n\n<p>Esim. 1: koulutu*&nbsp; AND (maahanmuutt* OR pakolai*) AND (integr* OR kotout*)<\/p>\n\n\n\n<p>Esim. 2: (occupational OR vocational OR career) AND choice AND (&#8221;parent* influence*&#8221; OR &#8221;parental participation&#8221;)<\/p>\n\n\n\n<p><strong>Tarkennetussa haussa (advanced search -haussa)<\/strong> hakusanat voi j\u00e4rjest\u00e4\u00e4 visuaalisesti selke\u00e4mmin. Silloin termit sijoitetaan hakulaatikoihin ja valitaan sopiva(t) operaattori(t) niit\u00e4 yhdist\u00e4m\u00e4\u00e4n.<\/p>\n\n\n\n<p>Alla on esimerkki 1 UEF-Primon tarkennetussa haussa. Lis\u00e4\u00e4 kuvahakuesimerkkej\u00e4 l\u00f6yd\u00e4t <a href=\"https:\/\/www.thinglink.com\/scene\/1948014402087158437\" target=\"_blank\" rel=\"noreferrer noopener\">EBSCOhost Academic Search <\/a>-tietokannasta ja<a href=\"https:\/\/www.thinglink.com\/view\/scene\/1997216396123046756\" target=\"_blank\" rel=\"noreferrer noopener\"> ERIC<\/a>-tietokannasta (avautuvat uuteen v\u00e4lilehteen). Esimerkkej\u00e4 l\u00f6yd\u00e4t my\u00f6s osiosta <a href=\"https:\/\/sites.uef.fi\/tiedonhaku-kasvatus\/tiedonlahteet-ja-tietokannat\/kansainvalisten-artikkeleiden-haku\/\">Kansainv\u00e4listen artikkeleiden haku<\/a>. Huomaa siell\u00e4 ERIC-esimerkki sivun lopussa.<\/p>\n\n\n\n<p>Hakusanaryhm\u00e4t, jotka koostuvat rinnakkaisista termeist\u00e4, yhdistet\u00e4\u00e4n OR-operaattorilla. Alekkaiset hakusanaryhm\u00e4t yhdistyv\u00e4t AND-logiikalla.<\/p>\n\n\n\n<p>Alla esimerkki 1: tarkennettu haku UEF-Primossa:<\/p>\n\n\n\n<figure class=\"wp-block-image aligncenter size-full wp-image-1192\"><img loading=\"lazy\" decoding=\"async\" width=\"959\" height=\"514\" src=\"https:\/\/sites.uef.fi\/tiedonhaku-kasvatus\/wp-content\/uploads\/sites\/80\/2020\/07\/UEF-Primon-tarkennettu-haku.png\" alt=\"Kuvakaappaus UEF-Primon tarkennetusta hausta.\" class=\"wp-image-1192\" srcset=\"https:\/\/sites.uef.fi\/tiedonhaku-kasvatus\/wp-content\/uploads\/sites\/80\/2020\/07\/UEF-Primon-tarkennettu-haku.png 959w, https:\/\/sites.uef.fi\/tiedonhaku-kasvatus\/wp-content\/uploads\/sites\/80\/2020\/07\/UEF-Primon-tarkennettu-haku-300x161.png 300w, https:\/\/sites.uef.fi\/tiedonhaku-kasvatus\/wp-content\/uploads\/sites\/80\/2020\/07\/UEF-Primon-tarkennettu-haku-768x412.png 768w\" sizes=\"auto, (max-width: 959px) 100vw, 959px\" \/><figcaption class=\"wp-element-caption\">Kuva: UEF-Primon tarkennettu haku<\/figcaption><\/figure>\n\n\n\n<p><\/p>\n\n\n\n<p>EBSCOhost-tietokantojen ohjevideo tarkennetun haun (Advanced search) k\u00e4yt\u00f6st\u00e4 (englanniksi, pituus 2:36):<\/p>\n\n\n<div class=\"embed-container\">\n    <a href=\"https:\/\/www.youtube.com\/watch?v=SHZplcvwq8E&#038;pp=ygUKZWJzY28gaG9zdA%3D%3D\">https:\/\/www.youtube.com\/watch?v=SHZplcvwq8E&amp;pp=ygUKZWJzY28gaG9zdA%3D%3D<\/a><\/div>\n\n\n<p><a href=\"https:\/\/primo.uef.fi\/permalink\/358FIN_UOEF\/mhajq\/alma9911700183705966\">Scopus-tietokannan<\/a> haku ja perustoiminnot (englanniksi, kesto 3:52). Video sis\u00e4lt\u00e4\u00e4 muutenkin yleisp\u00e4tevi\u00e4 ohjeita haun rakentamiseen:<\/p>\n\n\n\n<figure class=\"wp-block-embed is-type-video is-provider-youtube wp-block-embed-youtube wp-embed-aspect-16-9 wp-has-aspect-ratio\"><div class=\"wp-block-embed__wrapper\">\n<iframe loading=\"lazy\" title=\"Searching with keywords in Scopus (2021)\" width=\"500\" height=\"281\" src=\"https:\/\/www.youtube.com\/embed\/hXeph3fNIrs?feature=oembed\" frameborder=\"0\" allow=\"accelerometer; autoplay; clipboard-write; encrypted-media; gyroscope; picture-in-picture; web-share\" referrerpolicy=\"strict-origin-when-cross-origin\" allowfullscreen><\/iframe>\n<\/div><\/figure>\n\n\n\n<p>Katso video Boolen operaattoreista YouTubessa (University of Auckland Library, englanniksi, kesto 4:49):<\/p>\n\n\n\n<figure class=\"wp-block-embed is-type-video is-provider-youtube wp-block-embed-youtube wp-embed-aspect-4-3 wp-has-aspect-ratio\"><div class=\"wp-block-embed__wrapper\">\n<iframe loading=\"lazy\" title=\"boolean operators\" width=\"500\" height=\"375\" src=\"https:\/\/www.youtube.com\/embed\/7tm-sDKCnO4?start=8&#038;feature=oembed\" frameborder=\"0\" allow=\"accelerometer; autoplay; clipboard-write; encrypted-media; gyroscope; picture-in-picture; web-share\" referrerpolicy=\"strict-origin-when-cross-origin\" allowfullscreen><\/iframe>\n<\/div><\/figure>\n\n\n\n<p>Ihmissuhteiden monimutkaisuuden matemaattinen ulottuvuus \ud83d\ude09 (Paul and Storm \u2013 Boolean Love Song, kesto 1:41):<\/p>\n\n\n\n<figure class=\"wp-block-embed is-type-video is-provider-youtube wp-block-embed-youtube wp-embed-aspect-4-3 wp-has-aspect-ratio\"><div class=\"wp-block-embed__wrapper\">\n<iframe loading=\"lazy\" title=\"Paul and Storm - Boolean Love Song\" width=\"500\" height=\"375\" src=\"https:\/\/www.youtube.com\/embed\/pSzxqwrgOWY?feature=oembed\" frameborder=\"0\" allow=\"accelerometer; autoplay; clipboard-write; encrypted-media; gyroscope; picture-in-picture; web-share\" referrerpolicy=\"strict-origin-when-cross-origin\" allowfullscreen><\/iframe>\n<\/div><\/figure>\n\n\n\n<div class=\"links-block\">\n\n            <h3>Siirry seuraavaan osioon:<\/h3>\n    \n    <ul class=\"link-list\">\n        \n            \n            <li class=\"link-list-item\">\n                <a href=\"https:\/\/sites.uef.fi\/tiedonhaku-kasvatus\/hakutekniikka\/rajaaminen\/\" class=\"link-reset link hover-scale-down\">\n                    <svg\n        width=\"43\" height=\"25\"\n        viewBox=\"0 0 43 25\"\n        xmlns=\"http:\/\/www.w3.org\/2000\/svg\">\n    <path\n        d=\"M30.027 0 43 12.5 30.027 25 27 22.083 34.351 15H0v-5h34.351L27 2.917z\"\n        fill=\"currentColor\"\n        fill-rule=\"evenodd\"\/>\n<\/svg>                    <div>Rajaaminen<\/div>\n                <\/a>\n                <div class=\"link-info\">\n                                    <\/div>\n            <\/li>\n\n                <\/ul>\n<\/div>\n\n\n<p><br><\/p>\n","protected":false},"excerpt":{"rendered":"<p>Kun tiedonhaun aihetta ei pysty kuvailemaan t\u00e4sm\u00e4llisesti yhdell\u00e4 sanalla ja yhdistet\u00e4\u00e4n useampia hakusanoja, tarvitaan Boolen operaattoreita (AND, OR ja NOT). Muitakin operaattoreita tietokannoissa k\u00e4ytet\u00e4\u00e4n. Niist\u00e4 l\u00f6yd\u00e4t lis\u00e4tietoa kunkin tietokannan ohjeista. Operaattoreiden avulla yhdistet\u00e4\u00e4n hakusanoja toisiinsa. Boolen logiikkaa k\u00e4ytet\u00e4\u00e4n l\u00e4hes kaikissa tietokannoissa, joten sen osaaminen on yksi tiedonhaun perustaidoista. AND: Kun haluat, ett\u00e4 kaikki hakutermit (sek\u00e4 [&hellip;]<\/p>\n","protected":false},"author":171,"featured_media":0,"parent":106,"menu_order":0,"comment_status":"closed","ping_status":"closed","template":"","meta":{"_acf_changed":false,"_monsterinsights_skip_tracking":false,"_monsterinsights_sitenote_active":false,"_monsterinsights_sitenote_note":"","_monsterinsights_sitenote_category":0,"footnotes":""},"class_list":["post-482","page","type-page","status-publish","hentry"],"acf":[],"yoast_head":"<!-- This site is optimized with the Yoast SEO plugin v27.3 - https:\/\/yoast.com\/product\/yoast-seo-wordpress\/ -->\n<title>Boolen operaattorit AND OR NOT - Kasvatustieteiden tiedonhaku \/\/ UEF-kirjasto<\/title>\n<meta name=\"robots\" content=\"index, follow, max-snippet:-1, max-image-preview:large, max-video-preview:-1\" \/>\n<link rel=\"canonical\" href=\"https:\/\/sites.uef.fi\/tiedonhaku-kasvatus\/hakutekniikka\/boolen-operaattorit-and-or-not\/\" \/>\n<meta property=\"og:locale\" content=\"fi_FI\" \/>\n<meta property=\"og:type\" content=\"article\" \/>\n<meta property=\"og:title\" content=\"Boolen operaattorit AND OR NOT - Kasvatustieteiden tiedonhaku \/\/ UEF-kirjasto\" \/>\n<meta property=\"og:description\" content=\"Kun tiedonhaun aihetta ei pysty kuvailemaan t\u00e4sm\u00e4llisesti yhdell\u00e4 sanalla ja yhdistet\u00e4\u00e4n useampia hakusanoja, tarvitaan Boolen operaattoreita (AND, OR ja NOT). Muitakin operaattoreita tietokannoissa k\u00e4ytet\u00e4\u00e4n. Niist\u00e4 l\u00f6yd\u00e4t lis\u00e4tietoa kunkin tietokannan ohjeista. Operaattoreiden avulla yhdistet\u00e4\u00e4n hakusanoja toisiinsa. Boolen logiikkaa k\u00e4ytet\u00e4\u00e4n l\u00e4hes kaikissa tietokannoissa, joten sen osaaminen on yksi tiedonhaun perustaidoista. AND: Kun haluat, ett\u00e4 kaikki hakutermit (sek\u00e4 [&hellip;]\" \/>\n<meta property=\"og:url\" content=\"https:\/\/sites.uef.fi\/tiedonhaku-kasvatus\/hakutekniikka\/boolen-operaattorit-and-or-not\/\" \/>\n<meta property=\"og:site_name\" content=\"Kasvatustieteiden tiedonhaku \/\/ UEF-kirjasto\" \/>\n<meta property=\"article:modified_time\" content=\"2025-07-09T11:55:54+00:00\" \/>\n<meta property=\"og:image\" content=\"https:\/\/sites.uef.fi\/tiedonhaku-kasvatus\/wp-content\/uploads\/sites\/80\/2020\/07\/AND-logiikka.png\" \/>\n\t<meta property=\"og:image:width\" content=\"715\" \/>\n\t<meta property=\"og:image:height\" content=\"546\" \/>\n\t<meta property=\"og:image:type\" content=\"image\/png\" \/>\n<meta name=\"twitter:card\" content=\"summary_large_image\" \/>\n<meta name=\"twitter:label1\" content=\"Arvioitu lukuaika\" \/>\n\t<meta name=\"twitter:data1\" content=\"3 minuuttia\" \/>\n<script type=\"application\/ld+json\" class=\"yoast-schema-graph\">{\"@context\":\"https:\\\/\\\/schema.org\",\"@graph\":[{\"@type\":\"WebPage\",\"@id\":\"https:\\\/\\\/sites.uef.fi\\\/tiedonhaku-kasvatus\\\/hakutekniikka\\\/boolen-operaattorit-and-or-not\\\/\",\"url\":\"https:\\\/\\\/sites.uef.fi\\\/tiedonhaku-kasvatus\\\/hakutekniikka\\\/boolen-operaattorit-and-or-not\\\/\",\"name\":\"Boolen operaattorit AND OR NOT - Kasvatustieteiden tiedonhaku \\\/\\\/ UEF-kirjasto\",\"isPartOf\":{\"@id\":\"https:\\\/\\\/sites.uef.fi\\\/tiedonhaku-kasvatus\\\/#website\"},\"primaryImageOfPage\":{\"@id\":\"https:\\\/\\\/sites.uef.fi\\\/tiedonhaku-kasvatus\\\/hakutekniikka\\\/boolen-operaattorit-and-or-not\\\/#primaryimage\"},\"image\":{\"@id\":\"https:\\\/\\\/sites.uef.fi\\\/tiedonhaku-kasvatus\\\/hakutekniikka\\\/boolen-operaattorit-and-or-not\\\/#primaryimage\"},\"thumbnailUrl\":\"https:\\\/\\\/sites.uef.fi\\\/tiedonhaku-kasvatus\\\/wp-content\\\/uploads\\\/sites\\\/80\\\/2020\\\/07\\\/AND-logiikka-300x229.png\",\"datePublished\":\"2020-06-29T13:08:03+00:00\",\"dateModified\":\"2025-07-09T11:55:54+00:00\",\"breadcrumb\":{\"@id\":\"https:\\\/\\\/sites.uef.fi\\\/tiedonhaku-kasvatus\\\/hakutekniikka\\\/boolen-operaattorit-and-or-not\\\/#breadcrumb\"},\"inLanguage\":\"fi\",\"potentialAction\":[{\"@type\":\"ReadAction\",\"target\":[\"https:\\\/\\\/sites.uef.fi\\\/tiedonhaku-kasvatus\\\/hakutekniikka\\\/boolen-operaattorit-and-or-not\\\/\"]}]},{\"@type\":\"ImageObject\",\"inLanguage\":\"fi\",\"@id\":\"https:\\\/\\\/sites.uef.fi\\\/tiedonhaku-kasvatus\\\/hakutekniikka\\\/boolen-operaattorit-and-or-not\\\/#primaryimage\",\"url\":\"https:\\\/\\\/sites.uef.fi\\\/tiedonhaku-kasvatus\\\/wp-content\\\/uploads\\\/sites\\\/80\\\/2020\\\/07\\\/AND-logiikka.png\",\"contentUrl\":\"https:\\\/\\\/sites.uef.fi\\\/tiedonhaku-kasvatus\\\/wp-content\\\/uploads\\\/sites\\\/80\\\/2020\\\/07\\\/AND-logiikka.png\",\"width\":715,\"height\":546,\"caption\":\"AND-logiikkaa kuvataan kahdella pallokuviolla, jotka leikkaavat toisensa. Hakutulokseksi saadaan vain ne viitteet, jotka ovat yhteisen leikkauksen kohdalla, eli miss\u00e4 kaikissa mainitaan hakusanat maahanmuuttajat, min\u00e4kuva ja koulu.\"},{\"@type\":\"BreadcrumbList\",\"@id\":\"https:\\\/\\\/sites.uef.fi\\\/tiedonhaku-kasvatus\\\/hakutekniikka\\\/boolen-operaattorit-and-or-not\\\/#breadcrumb\",\"itemListElement\":[{\"@type\":\"ListItem\",\"position\":1,\"name\":\"Home\",\"item\":\"https:\\\/\\\/sites.uef.fi\\\/tiedonhaku-kasvatus\\\/\"},{\"@type\":\"ListItem\",\"position\":2,\"name\":\"Hakutekniikka\",\"item\":\"https:\\\/\\\/sites.uef.fi\\\/tiedonhaku-kasvatus\\\/hakutekniikka\\\/\"},{\"@type\":\"ListItem\",\"position\":3,\"name\":\"Boolen operaattorit AND OR NOT\"}]},{\"@type\":\"WebSite\",\"@id\":\"https:\\\/\\\/sites.uef.fi\\\/tiedonhaku-kasvatus\\\/#website\",\"url\":\"https:\\\/\\\/sites.uef.fi\\\/tiedonhaku-kasvatus\\\/\",\"name\":\"Kasvatustieteiden tiedonhaku \\\/\\\/ UEF-kirjasto\",\"description\":\"\",\"potentialAction\":[{\"@type\":\"SearchAction\",\"target\":{\"@type\":\"EntryPoint\",\"urlTemplate\":\"https:\\\/\\\/sites.uef.fi\\\/tiedonhaku-kasvatus\\\/?s={search_term_string}\"},\"query-input\":{\"@type\":\"PropertyValueSpecification\",\"valueRequired\":true,\"valueName\":\"search_term_string\"}}],\"inLanguage\":\"fi\"}]}<\/script>\n<!-- \/ Yoast SEO plugin. -->","yoast_head_json":{"title":"Boolen operaattorit AND OR NOT - Kasvatustieteiden tiedonhaku \/\/ UEF-kirjasto","robots":{"index":"index","follow":"follow","max-snippet":"max-snippet:-1","max-image-preview":"max-image-preview:large","max-video-preview":"max-video-preview:-1"},"canonical":"https:\/\/sites.uef.fi\/tiedonhaku-kasvatus\/hakutekniikka\/boolen-operaattorit-and-or-not\/","og_locale":"fi_FI","og_type":"article","og_title":"Boolen operaattorit AND OR NOT - Kasvatustieteiden tiedonhaku \/\/ UEF-kirjasto","og_description":"Kun tiedonhaun aihetta ei pysty kuvailemaan t\u00e4sm\u00e4llisesti yhdell\u00e4 sanalla ja yhdistet\u00e4\u00e4n useampia hakusanoja, tarvitaan Boolen operaattoreita (AND, OR ja NOT). Muitakin operaattoreita tietokannoissa k\u00e4ytet\u00e4\u00e4n. Niist\u00e4 l\u00f6yd\u00e4t lis\u00e4tietoa kunkin tietokannan ohjeista. Operaattoreiden avulla yhdistet\u00e4\u00e4n hakusanoja toisiinsa. Boolen logiikkaa k\u00e4ytet\u00e4\u00e4n l\u00e4hes kaikissa tietokannoissa, joten sen osaaminen on yksi tiedonhaun perustaidoista. AND: Kun haluat, ett\u00e4 kaikki hakutermit (sek\u00e4 [&hellip;]","og_url":"https:\/\/sites.uef.fi\/tiedonhaku-kasvatus\/hakutekniikka\/boolen-operaattorit-and-or-not\/","og_site_name":"Kasvatustieteiden tiedonhaku \/\/ UEF-kirjasto","article_modified_time":"2025-07-09T11:55:54+00:00","og_image":[{"width":715,"height":546,"url":"https:\/\/sites.uef.fi\/tiedonhaku-kasvatus\/wp-content\/uploads\/sites\/80\/2020\/07\/AND-logiikka.png","type":"image\/png"}],"twitter_card":"summary_large_image","twitter_misc":{"Arvioitu lukuaika":"3 minuuttia"},"schema":{"@context":"https:\/\/schema.org","@graph":[{"@type":"WebPage","@id":"https:\/\/sites.uef.fi\/tiedonhaku-kasvatus\/hakutekniikka\/boolen-operaattorit-and-or-not\/","url":"https:\/\/sites.uef.fi\/tiedonhaku-kasvatus\/hakutekniikka\/boolen-operaattorit-and-or-not\/","name":"Boolen operaattorit AND OR NOT - Kasvatustieteiden tiedonhaku \/\/ UEF-kirjasto","isPartOf":{"@id":"https:\/\/sites.uef.fi\/tiedonhaku-kasvatus\/#website"},"primaryImageOfPage":{"@id":"https:\/\/sites.uef.fi\/tiedonhaku-kasvatus\/hakutekniikka\/boolen-operaattorit-and-or-not\/#primaryimage"},"image":{"@id":"https:\/\/sites.uef.fi\/tiedonhaku-kasvatus\/hakutekniikka\/boolen-operaattorit-and-or-not\/#primaryimage"},"thumbnailUrl":"https:\/\/sites.uef.fi\/tiedonhaku-kasvatus\/wp-content\/uploads\/sites\/80\/2020\/07\/AND-logiikka-300x229.png","datePublished":"2020-06-29T13:08:03+00:00","dateModified":"2025-07-09T11:55:54+00:00","breadcrumb":{"@id":"https:\/\/sites.uef.fi\/tiedonhaku-kasvatus\/hakutekniikka\/boolen-operaattorit-and-or-not\/#breadcrumb"},"inLanguage":"fi","potentialAction":[{"@type":"ReadAction","target":["https:\/\/sites.uef.fi\/tiedonhaku-kasvatus\/hakutekniikka\/boolen-operaattorit-and-or-not\/"]}]},{"@type":"ImageObject","inLanguage":"fi","@id":"https:\/\/sites.uef.fi\/tiedonhaku-kasvatus\/hakutekniikka\/boolen-operaattorit-and-or-not\/#primaryimage","url":"https:\/\/sites.uef.fi\/tiedonhaku-kasvatus\/wp-content\/uploads\/sites\/80\/2020\/07\/AND-logiikka.png","contentUrl":"https:\/\/sites.uef.fi\/tiedonhaku-kasvatus\/wp-content\/uploads\/sites\/80\/2020\/07\/AND-logiikka.png","width":715,"height":546,"caption":"AND-logiikkaa kuvataan kahdella pallokuviolla, jotka leikkaavat toisensa. Hakutulokseksi saadaan vain ne viitteet, jotka ovat yhteisen leikkauksen kohdalla, eli miss\u00e4 kaikissa mainitaan hakusanat maahanmuuttajat, min\u00e4kuva ja koulu."},{"@type":"BreadcrumbList","@id":"https:\/\/sites.uef.fi\/tiedonhaku-kasvatus\/hakutekniikka\/boolen-operaattorit-and-or-not\/#breadcrumb","itemListElement":[{"@type":"ListItem","position":1,"name":"Home","item":"https:\/\/sites.uef.fi\/tiedonhaku-kasvatus\/"},{"@type":"ListItem","position":2,"name":"Hakutekniikka","item":"https:\/\/sites.uef.fi\/tiedonhaku-kasvatus\/hakutekniikka\/"},{"@type":"ListItem","position":3,"name":"Boolen operaattorit AND OR NOT"}]},{"@type":"WebSite","@id":"https:\/\/sites.uef.fi\/tiedonhaku-kasvatus\/#website","url":"https:\/\/sites.uef.fi\/tiedonhaku-kasvatus\/","name":"Kasvatustieteiden tiedonhaku \/\/ UEF-kirjasto","description":"","potentialAction":[{"@type":"SearchAction","target":{"@type":"EntryPoint","urlTemplate":"https:\/\/sites.uef.fi\/tiedonhaku-kasvatus\/?s={search_term_string}"},"query-input":{"@type":"PropertyValueSpecification","valueRequired":true,"valueName":"search_term_string"}}],"inLanguage":"fi"}]}},"_links":{"self":[{"href":"https:\/\/sites.uef.fi\/tiedonhaku-kasvatus\/wp-json\/wp\/v2\/pages\/482","targetHints":{"allow":["GET"]}}],"collection":[{"href":"https:\/\/sites.uef.fi\/tiedonhaku-kasvatus\/wp-json\/wp\/v2\/pages"}],"about":[{"href":"https:\/\/sites.uef.fi\/tiedonhaku-kasvatus\/wp-json\/wp\/v2\/types\/page"}],"author":[{"embeddable":true,"href":"https:\/\/sites.uef.fi\/tiedonhaku-kasvatus\/wp-json\/wp\/v2\/users\/171"}],"replies":[{"embeddable":true,"href":"https:\/\/sites.uef.fi\/tiedonhaku-kasvatus\/wp-json\/wp\/v2\/comments?post=482"}],"version-history":[{"count":3,"href":"https:\/\/sites.uef.fi\/tiedonhaku-kasvatus\/wp-json\/wp\/v2\/pages\/482\/revisions"}],"predecessor-version":[{"id":5296,"href":"https:\/\/sites.uef.fi\/tiedonhaku-kasvatus\/wp-json\/wp\/v2\/pages\/482\/revisions\/5296"}],"up":[{"embeddable":true,"href":"https:\/\/sites.uef.fi\/tiedonhaku-kasvatus\/wp-json\/wp\/v2\/pages\/106"}],"wp:attachment":[{"href":"https:\/\/sites.uef.fi\/tiedonhaku-kasvatus\/wp-json\/wp\/v2\/media?parent=482"}],"curies":[{"name":"wp","href":"https:\/\/api.w.org\/{rel}","templated":true}]}}