{"id":500,"date":"2020-06-29T16:16:47","date_gmt":"2020-06-29T13:16:47","guid":{"rendered":"https:\/\/sites.uef.fi\/tiedonhaku-kasvatus\/?page_id=500"},"modified":"2024-06-27T09:53:46","modified_gmt":"2024-06-27T06:53:46","slug":"rajaaminen","status":"publish","type":"page","link":"https:\/\/sites.uef.fi\/tiedonhaku-kasvatus\/hakutekniikka\/rajaaminen\/","title":{"rendered":"Rajaaminen"},"content":{"rendered":"\n<h1 class=\"wp-block-heading\">Haun rajaus<\/h1>\n\n\n\n<p>Tarkenna hakutuloksesi ensin hakusanoilla ja niiden yhdistelmill\u00e4 niin, ett\u00e4 aihe on mahdollisimman kohdallaan. K\u00e4yt\u00e4 vasta sitten julkaisutyyppi- ja kielirajauksia.<\/p>\n\n\n\n<p>Rajausmahdollisuudet vaihtelevat tietokannoittain. Yleisimpi\u00e4 tietokannoissa k\u00e4ytettyj\u00e4 rajaustoimintoja ovat:<\/p>\n\n\n\n<ul class=\"wp-block-list\">\n<li>Aika: julkaisuvuosi, jossain jopa kuukausi- ja p\u00e4iv\u00e4kohtainen rajaus mahdollinen<\/li>\n\n\n\n<li>Kieli: alkuper\u00e4inen julkaisukieli<\/li>\n\n\n\n<li>Aineistotyyppi: artikkeli, kirja, konferenssijulkaisu, arvostelu, opinn\u00e4yte (v\u00e4it\u00f6skirja), jne.<\/li>\n\n\n\n<li>Dokumenttityyppi: artikkeli, kirjan luku, tutkimusraportti, testi, jne.<\/li>\n<\/ul>\n\n\n\n<p>Useissa kansainv\u00e4lisiss\u00e4 tietokannoissa ja UEF-Primon kansainv\u00e4listen artikkeleiden haussa voi tehd\u00e4 rajauksen <strong>tieteellisten lehtien artikkeleihin \/ vertaisarvioituihin artikkeleihin (scholarly \/ peer reviewed)<\/strong>. T\u00e4m\u00e4 on t\u00e4rke\u00e4 rajaus!<\/p>\n\n\n\n<p>Hyv\u00e4 l\u00e4ht\u00f6kohta voi olla suurikin viitejoukko, jota l\u00e4hdet j\u00e4lkik\u00e4teen rajaamaan. Joissakin tietokannoissa (esim. UEF-Primo, ERIC) kannattaa vertaisarviointi- ja aikarajaus tehd\u00e4 heti alkuun, jos haluaa niiden pysyv\u00e4n voimassa seuraavissakin hauissa. <\/p>\n\n\n\n<p>T\u00e4ss\u00e4 on UEF-Primon rajausvalikko kansainv\u00e4listen artikkeleiden hausta. Kirjastoaineistojen (kirjat, lehtinimekkeet) haussa valikko on hieman erilainen. <\/p>\n\n\n\n<figure class=\"wp-block-image size-full\"><img loading=\"lazy\" decoding=\"async\" width=\"242\" height=\"522\" src=\"https:\/\/sites.uef.fi\/tiedonhaku-kasvatus\/wp-content\/uploads\/sites\/80\/2023\/08\/UEF-Primo_kv-artikkelin_rajaaminen.jpg\" alt=\"UEF-Primon kansainv\u00e4lisen haun rajausvalikosta l\u00f6ytyy esimerkiksi rajausvaihtoehdot lajitteluun, saatavuuteen, aineistotyyppiin, aiheeseen, vuosirajaukseen, kieleen, kokoelmiin, lehtiin ja tekij\u00e4\u00e4n liittyen. \" class=\"wp-image-4494\" srcset=\"https:\/\/sites.uef.fi\/tiedonhaku-kasvatus\/wp-content\/uploads\/sites\/80\/2023\/08\/UEF-Primo_kv-artikkelin_rajaaminen.jpg 242w, https:\/\/sites.uef.fi\/tiedonhaku-kasvatus\/wp-content\/uploads\/sites\/80\/2023\/08\/UEF-Primo_kv-artikkelin_rajaaminen-139x300.jpg 139w\" sizes=\"auto, (max-width: 242px) 100vw, 242px\" \/><figcaption class=\"wp-element-caption\">Kuva: UEF-Primon kansainv\u00e4lisen artikkelihaun rajausvalikko.<\/figcaption><\/figure>\n\n\n\n<p><\/p>\n\n\n\n<p>Monissa tietokannoissa haun voi rajata koskemaan vain <strong>kokotekstiartikkeleita (full text)<\/strong>. Hakutulos ei silloin ole likimainkaan kattava, mutta saat artikkelit kokonaisuudessaan luettavaksesi. Muista kuitenkin, ett\u00e4 j\u00e4ljityslinkki\u00e4  seuraamalla voit usein saada artikkelin luettavaksesi toisen tietokantapalvelun kautta! <\/p>\n\n\n\n<figure class=\"wp-block-image size-large is-resized\"><img loading=\"lazy\" decoding=\"async\" width=\"70\" height=\"27\" src=\"https:\/\/sites.uef.fi\/tiedonhaku-kasvatus\/wp-content\/uploads\/sites\/80\/2020\/07\/Find_it_linkitys.png\" alt=\"Kuvakaappaus. Kuva Find it -linkist\u00e4, joka linkitt\u00e4\u00e4 aineistoja UEF-Primon tietokantojen v\u00e4lill\u00e4.\" class=\"wp-image-931\" style=\"width:101px;height:39px\" \/><\/figure>\n\n\n\n<p>Katso my\u00f6s vinkkej\u00e4 seuraavasta osiosta: <a href=\"https:\/\/sites.uef.fi\/tiedonhaku-kasvatus\/hakutekniikka\/tiedonhaun-arviointi\/\">Tiedonhaun arviointi: Onnistuiko hakusi<\/a>!<\/p>\n\n\n\n<div class=\"links-block\">\n\n            <h3>Siirry seuraavaan osioon:<\/h3>\n    \n    <ul class=\"link-list\">\n        \n            \n            <li class=\"link-list-item\">\n                <a href=\"https:\/\/sites.uef.fi\/tiedonhaku-kasvatus\/hakukentat\/\" class=\"link-reset link hover-scale-down\">\n                    <svg\n        width=\"43\" height=\"25\"\n        viewBox=\"0 0 43 25\"\n        xmlns=\"http:\/\/www.w3.org\/2000\/svg\">\n    <path\n        d=\"M30.027 0 43 12.5 30.027 25 27 22.083 34.351 15H0v-5h34.351L27 2.917z\"\n        fill=\"currentColor\"\n        fill-rule=\"evenodd\"\/>\n<\/svg>                    <div>Hakukent\u00e4t<\/div>\n                <\/a>\n                <div class=\"link-info\">\n                                    <\/div>\n            <\/li>\n\n                <\/ul>\n<\/div>","protected":false},"excerpt":{"rendered":"<p>Haun rajaus Tarkenna hakutuloksesi ensin hakusanoilla ja niiden yhdistelmill\u00e4 niin, ett\u00e4 aihe on mahdollisimman kohdallaan. K\u00e4yt\u00e4 vasta sitten julkaisutyyppi- ja kielirajauksia. Rajausmahdollisuudet vaihtelevat tietokannoittain. Yleisimpi\u00e4 tietokannoissa k\u00e4ytettyj\u00e4 rajaustoimintoja ovat: Useissa kansainv\u00e4lisiss\u00e4 tietokannoissa ja UEF-Primon kansainv\u00e4listen artikkeleiden haussa voi tehd\u00e4 rajauksen tieteellisten lehtien artikkeleihin \/ vertaisarvioituihin artikkeleihin (scholarly \/ peer reviewed). T\u00e4m\u00e4 on t\u00e4rke\u00e4 rajaus! Hyv\u00e4 [&hellip;]<\/p>\n","protected":false},"author":171,"featured_media":0,"parent":106,"menu_order":0,"comment_status":"closed","ping_status":"closed","template":"","meta":{"_acf_changed":false,"_monsterinsights_skip_tracking":false,"_monsterinsights_sitenote_active":false,"_monsterinsights_sitenote_note":"","_monsterinsights_sitenote_category":0,"footnotes":""},"class_list":["post-500","page","type-page","status-publish","hentry"],"acf":[],"yoast_head":"<!-- This site is optimized with the Yoast SEO plugin v27.1.1 - https:\/\/yoast.com\/product\/yoast-seo-wordpress\/ -->\n<title>Rajaaminen - Kasvatustieteiden tiedonhaku \/\/ UEF-kirjasto<\/title>\n<meta name=\"robots\" content=\"index, follow, max-snippet:-1, max-image-preview:large, max-video-preview:-1\" \/>\n<link rel=\"canonical\" href=\"https:\/\/sites.uef.fi\/tiedonhaku-kasvatus\/hakutekniikka\/rajaaminen\/\" \/>\n<meta property=\"og:locale\" content=\"fi_FI\" \/>\n<meta property=\"og:type\" content=\"article\" \/>\n<meta property=\"og:title\" content=\"Rajaaminen - Kasvatustieteiden tiedonhaku \/\/ UEF-kirjasto\" \/>\n<meta property=\"og:description\" content=\"Haun rajaus Tarkenna hakutuloksesi ensin hakusanoilla ja niiden yhdistelmill\u00e4 niin, ett\u00e4 aihe on mahdollisimman kohdallaan. K\u00e4yt\u00e4 vasta sitten julkaisutyyppi- ja kielirajauksia. Rajausmahdollisuudet vaihtelevat tietokannoittain. Yleisimpi\u00e4 tietokannoissa k\u00e4ytettyj\u00e4 rajaustoimintoja ovat: Useissa kansainv\u00e4lisiss\u00e4 tietokannoissa ja UEF-Primon kansainv\u00e4listen artikkeleiden haussa voi tehd\u00e4 rajauksen tieteellisten lehtien artikkeleihin \/ vertaisarvioituihin artikkeleihin (scholarly \/ peer reviewed). T\u00e4m\u00e4 on t\u00e4rke\u00e4 rajaus! Hyv\u00e4 [&hellip;]\" \/>\n<meta property=\"og:url\" content=\"https:\/\/sites.uef.fi\/tiedonhaku-kasvatus\/hakutekniikka\/rajaaminen\/\" \/>\n<meta property=\"og:site_name\" content=\"Kasvatustieteiden tiedonhaku \/\/ UEF-kirjasto\" \/>\n<meta property=\"article:modified_time\" content=\"2024-06-27T06:53:46+00:00\" \/>\n<meta property=\"og:image\" content=\"https:\/\/sites.uef.fi\/tiedonhaku-kasvatus\/wp-content\/uploads\/sites\/80\/2023\/08\/UEF-Primo_kv-artikkelin_rajaaminen.jpg\" \/>\n<meta name=\"twitter:card\" content=\"summary_large_image\" \/>\n<meta name=\"twitter:label1\" content=\"Arvioitu lukuaika\" \/>\n\t<meta name=\"twitter:data1\" content=\"2 minuuttia\" \/>\n<script type=\"application\/ld+json\" class=\"yoast-schema-graph\">{\"@context\":\"https:\/\/schema.org\",\"@graph\":[{\"@type\":\"WebPage\",\"@id\":\"https:\/\/sites.uef.fi\/tiedonhaku-kasvatus\/hakutekniikka\/rajaaminen\/\",\"url\":\"https:\/\/sites.uef.fi\/tiedonhaku-kasvatus\/hakutekniikka\/rajaaminen\/\",\"name\":\"Rajaaminen - Kasvatustieteiden tiedonhaku \/\/ UEF-kirjasto\",\"isPartOf\":{\"@id\":\"https:\/\/sites.uef.fi\/tiedonhaku-kasvatus\/#website\"},\"primaryImageOfPage\":{\"@id\":\"https:\/\/sites.uef.fi\/tiedonhaku-kasvatus\/hakutekniikka\/rajaaminen\/#primaryimage\"},\"image\":{\"@id\":\"https:\/\/sites.uef.fi\/tiedonhaku-kasvatus\/hakutekniikka\/rajaaminen\/#primaryimage\"},\"thumbnailUrl\":\"https:\/\/sites.uef.fi\/tiedonhaku-kasvatus\/wp-content\/uploads\/sites\/80\/2023\/08\/UEF-Primo_kv-artikkelin_rajaaminen.jpg\",\"datePublished\":\"2020-06-29T13:16:47+00:00\",\"dateModified\":\"2024-06-27T06:53:46+00:00\",\"breadcrumb\":{\"@id\":\"https:\/\/sites.uef.fi\/tiedonhaku-kasvatus\/hakutekniikka\/rajaaminen\/#breadcrumb\"},\"inLanguage\":\"fi\",\"potentialAction\":[{\"@type\":\"ReadAction\",\"target\":[\"https:\/\/sites.uef.fi\/tiedonhaku-kasvatus\/hakutekniikka\/rajaaminen\/\"]}]},{\"@type\":\"ImageObject\",\"inLanguage\":\"fi\",\"@id\":\"https:\/\/sites.uef.fi\/tiedonhaku-kasvatus\/hakutekniikka\/rajaaminen\/#primaryimage\",\"url\":\"https:\/\/sites.uef.fi\/tiedonhaku-kasvatus\/wp-content\/uploads\/sites\/80\/2023\/08\/UEF-Primo_kv-artikkelin_rajaaminen.jpg\",\"contentUrl\":\"https:\/\/sites.uef.fi\/tiedonhaku-kasvatus\/wp-content\/uploads\/sites\/80\/2023\/08\/UEF-Primo_kv-artikkelin_rajaaminen.jpg\",\"width\":242,\"height\":522},{\"@type\":\"BreadcrumbList\",\"@id\":\"https:\/\/sites.uef.fi\/tiedonhaku-kasvatus\/hakutekniikka\/rajaaminen\/#breadcrumb\",\"itemListElement\":[{\"@type\":\"ListItem\",\"position\":1,\"name\":\"Home\",\"item\":\"https:\/\/sites.uef.fi\/tiedonhaku-kasvatus\/\"},{\"@type\":\"ListItem\",\"position\":2,\"name\":\"Hakutekniikka\",\"item\":\"https:\/\/sites.uef.fi\/tiedonhaku-kasvatus\/hakutekniikka\/\"},{\"@type\":\"ListItem\",\"position\":3,\"name\":\"Rajaaminen\"}]},{\"@type\":\"WebSite\",\"@id\":\"https:\/\/sites.uef.fi\/tiedonhaku-kasvatus\/#website\",\"url\":\"https:\/\/sites.uef.fi\/tiedonhaku-kasvatus\/\",\"name\":\"Kasvatustieteiden tiedonhaku \/\/ UEF-kirjasto\",\"description\":\"\",\"potentialAction\":[{\"@type\":\"SearchAction\",\"target\":{\"@type\":\"EntryPoint\",\"urlTemplate\":\"https:\/\/sites.uef.fi\/tiedonhaku-kasvatus\/?s={search_term_string}\"},\"query-input\":{\"@type\":\"PropertyValueSpecification\",\"valueRequired\":true,\"valueName\":\"search_term_string\"}}],\"inLanguage\":\"fi\"}]}<\/script>\n<!-- \/ Yoast SEO plugin. -->","yoast_head_json":{"title":"Rajaaminen - Kasvatustieteiden tiedonhaku \/\/ UEF-kirjasto","robots":{"index":"index","follow":"follow","max-snippet":"max-snippet:-1","max-image-preview":"max-image-preview:large","max-video-preview":"max-video-preview:-1"},"canonical":"https:\/\/sites.uef.fi\/tiedonhaku-kasvatus\/hakutekniikka\/rajaaminen\/","og_locale":"fi_FI","og_type":"article","og_title":"Rajaaminen - Kasvatustieteiden tiedonhaku \/\/ UEF-kirjasto","og_description":"Haun rajaus Tarkenna hakutuloksesi ensin hakusanoilla ja niiden yhdistelmill\u00e4 niin, ett\u00e4 aihe on mahdollisimman kohdallaan. K\u00e4yt\u00e4 vasta sitten julkaisutyyppi- ja kielirajauksia. Rajausmahdollisuudet vaihtelevat tietokannoittain. Yleisimpi\u00e4 tietokannoissa k\u00e4ytettyj\u00e4 rajaustoimintoja ovat: Useissa kansainv\u00e4lisiss\u00e4 tietokannoissa ja UEF-Primon kansainv\u00e4listen artikkeleiden haussa voi tehd\u00e4 rajauksen tieteellisten lehtien artikkeleihin \/ vertaisarvioituihin artikkeleihin (scholarly \/ peer reviewed). T\u00e4m\u00e4 on t\u00e4rke\u00e4 rajaus! Hyv\u00e4 [&hellip;]","og_url":"https:\/\/sites.uef.fi\/tiedonhaku-kasvatus\/hakutekniikka\/rajaaminen\/","og_site_name":"Kasvatustieteiden tiedonhaku \/\/ UEF-kirjasto","article_modified_time":"2024-06-27T06:53:46+00:00","og_image":[{"url":"https:\/\/sites.uef.fi\/tiedonhaku-kasvatus\/wp-content\/uploads\/sites\/80\/2023\/08\/UEF-Primo_kv-artikkelin_rajaaminen.jpg","type":"","width":"","height":""}],"twitter_card":"summary_large_image","twitter_misc":{"Arvioitu lukuaika":"2 minuuttia"},"schema":{"@context":"https:\/\/schema.org","@graph":[{"@type":"WebPage","@id":"https:\/\/sites.uef.fi\/tiedonhaku-kasvatus\/hakutekniikka\/rajaaminen\/","url":"https:\/\/sites.uef.fi\/tiedonhaku-kasvatus\/hakutekniikka\/rajaaminen\/","name":"Rajaaminen - Kasvatustieteiden tiedonhaku \/\/ UEF-kirjasto","isPartOf":{"@id":"https:\/\/sites.uef.fi\/tiedonhaku-kasvatus\/#website"},"primaryImageOfPage":{"@id":"https:\/\/sites.uef.fi\/tiedonhaku-kasvatus\/hakutekniikka\/rajaaminen\/#primaryimage"},"image":{"@id":"https:\/\/sites.uef.fi\/tiedonhaku-kasvatus\/hakutekniikka\/rajaaminen\/#primaryimage"},"thumbnailUrl":"https:\/\/sites.uef.fi\/tiedonhaku-kasvatus\/wp-content\/uploads\/sites\/80\/2023\/08\/UEF-Primo_kv-artikkelin_rajaaminen.jpg","datePublished":"2020-06-29T13:16:47+00:00","dateModified":"2024-06-27T06:53:46+00:00","breadcrumb":{"@id":"https:\/\/sites.uef.fi\/tiedonhaku-kasvatus\/hakutekniikka\/rajaaminen\/#breadcrumb"},"inLanguage":"fi","potentialAction":[{"@type":"ReadAction","target":["https:\/\/sites.uef.fi\/tiedonhaku-kasvatus\/hakutekniikka\/rajaaminen\/"]}]},{"@type":"ImageObject","inLanguage":"fi","@id":"https:\/\/sites.uef.fi\/tiedonhaku-kasvatus\/hakutekniikka\/rajaaminen\/#primaryimage","url":"https:\/\/sites.uef.fi\/tiedonhaku-kasvatus\/wp-content\/uploads\/sites\/80\/2023\/08\/UEF-Primo_kv-artikkelin_rajaaminen.jpg","contentUrl":"https:\/\/sites.uef.fi\/tiedonhaku-kasvatus\/wp-content\/uploads\/sites\/80\/2023\/08\/UEF-Primo_kv-artikkelin_rajaaminen.jpg","width":242,"height":522},{"@type":"BreadcrumbList","@id":"https:\/\/sites.uef.fi\/tiedonhaku-kasvatus\/hakutekniikka\/rajaaminen\/#breadcrumb","itemListElement":[{"@type":"ListItem","position":1,"name":"Home","item":"https:\/\/sites.uef.fi\/tiedonhaku-kasvatus\/"},{"@type":"ListItem","position":2,"name":"Hakutekniikka","item":"https:\/\/sites.uef.fi\/tiedonhaku-kasvatus\/hakutekniikka\/"},{"@type":"ListItem","position":3,"name":"Rajaaminen"}]},{"@type":"WebSite","@id":"https:\/\/sites.uef.fi\/tiedonhaku-kasvatus\/#website","url":"https:\/\/sites.uef.fi\/tiedonhaku-kasvatus\/","name":"Kasvatustieteiden tiedonhaku \/\/ UEF-kirjasto","description":"","potentialAction":[{"@type":"SearchAction","target":{"@type":"EntryPoint","urlTemplate":"https:\/\/sites.uef.fi\/tiedonhaku-kasvatus\/?s={search_term_string}"},"query-input":{"@type":"PropertyValueSpecification","valueRequired":true,"valueName":"search_term_string"}}],"inLanguage":"fi"}]}},"_links":{"self":[{"href":"https:\/\/sites.uef.fi\/tiedonhaku-kasvatus\/wp-json\/wp\/v2\/pages\/500","targetHints":{"allow":["GET"]}}],"collection":[{"href":"https:\/\/sites.uef.fi\/tiedonhaku-kasvatus\/wp-json\/wp\/v2\/pages"}],"about":[{"href":"https:\/\/sites.uef.fi\/tiedonhaku-kasvatus\/wp-json\/wp\/v2\/types\/page"}],"author":[{"embeddable":true,"href":"https:\/\/sites.uef.fi\/tiedonhaku-kasvatus\/wp-json\/wp\/v2\/users\/171"}],"replies":[{"embeddable":true,"href":"https:\/\/sites.uef.fi\/tiedonhaku-kasvatus\/wp-json\/wp\/v2\/comments?post=500"}],"version-history":[{"count":1,"href":"https:\/\/sites.uef.fi\/tiedonhaku-kasvatus\/wp-json\/wp\/v2\/pages\/500\/revisions"}],"predecessor-version":[{"id":5195,"href":"https:\/\/sites.uef.fi\/tiedonhaku-kasvatus\/wp-json\/wp\/v2\/pages\/500\/revisions\/5195"}],"up":[{"embeddable":true,"href":"https:\/\/sites.uef.fi\/tiedonhaku-kasvatus\/wp-json\/wp\/v2\/pages\/106"}],"wp:attachment":[{"href":"https:\/\/sites.uef.fi\/tiedonhaku-kasvatus\/wp-json\/wp\/v2\/media?parent=500"}],"curies":[{"name":"wp","href":"https:\/\/api.w.org\/{rel}","templated":true}]}}