{"id":530,"date":"2020-06-30T10:43:34","date_gmt":"2020-06-30T07:43:34","guid":{"rendered":"https:\/\/sites.uef.fi\/tiedonhaku-kasvatus\/?page_id=530"},"modified":"2023-08-03T15:38:08","modified_gmt":"2023-08-03T12:38:08","slug":"tiedonhaun-arviointi","status":"publish","type":"page","link":"https:\/\/sites.uef.fi\/tiedonhaku-kasvatus\/hakutekniikka\/tiedonhaun-arviointi\/","title":{"rendered":"Tiedonhaun arviointi"},"content":{"rendered":"\n<h2 class=\"wp-block-heading\">Onnistuiko tiedonhakusi? &#8211; Haun arviointi<\/h2>\n\n\n\n<p>Onnittelen, jos olet saanut hakutulokseksi sopivan m\u00e4\u00e4r\u00e4n relevantteja tiedonl\u00e4hteit\u00e4. Hyv\u00e4! Sitten vain lukemaan ja ty\u00f6st\u00e4m\u00e4\u00e4n asiaa eteenp\u00e4in!<\/p>\n\n\n\n<p>Kun k\u00e4ytett\u00e4viss\u00e4 on useita eri l\u00e4hteit\u00e4, kokonaiskuva aiheesta hahmottuu tarkemmin ja luotettavammin. Voit verrata kesken\u00e4\u00e4n ristiriitaisia tietoja, etsi\u00e4 erilaisia ratkaisumalleja ja havaita ongelmakohtia, joihin on aikaisemmin t\u00f6rm\u00e4tty.<br>Yhdist\u00e4m\u00e4ll\u00e4 eri l\u00e4hteist\u00e4 tulevaa tietoa voit kehitell\u00e4 kokonaan uusia ajatuksia.<\/p>\n\n\n\n<p>Siksi ei yleens\u00e4 kannata tyyty\u00e4 ensimm\u00e4iseen hakutulokseen, vaan hakulausetta muunnellaan ja muokataan, jotta saadaan esille kaikki tarvittavat ja keskeisimm\u00e4t julkaisut.<\/p>\n\n\n\n<p>Muokkaa hakuasi haluttuun suuntaan:<\/p>\n\n\n\n<ul class=\"wp-block-list\">\n<li>s\u00e4\u00e4tele k\u00e4sitteiden m\u00e4\u00e4r\u00e4\u00e4 hakulauseessa<\/li>\n\n\n\n<li>varioi ja&nbsp; yhdistele uudelleen k\u00e4sitteit\u00e4 kuvaavia hakusanoja<\/li>\n\n\n\n<li>kohdista haku tietueen eri kenttiin (otsikko, aihe ym.)<\/li>\n\n\n\n<li>mieti, k\u00e4yt\u00e4tk\u00f6 sanankatkaisua vai ei<\/li>\n\n\n\n<li>k\u00e4yt\u00e4 rajauksia<\/li>\n<\/ul>\n\n\n\n<h2 class=\"wp-block-heading\">Liian paljon viitteit\u00e4?<\/h2>\n\n\n\n<ul class=\"wp-block-list\">\n<li>ovatko hakusanasi liian yleisi\u00e4?<br>Kokeile suppeampia, aihettasi t\u00e4sm\u00e4llisemmin kuvaavia hakusanoja ja poista monimerkityksiset yleistermit<\/li>\n\n\n\n<li>lis\u00e4\u00e4 hakuun rajoittavia sanoja eli AND-kytkettyj\u00e4 hakusanoja<\/li>\n\n\n\n<li>k\u00e4yt\u00e4 fraasin\/sanaliiton ymp\u00e4rill\u00e4 lainausmerkkej\u00e4 &#8221; &#8221; (tai muuta tapaa, jolla sanat pysyv\u00e4t yhdess\u00e4)<\/li>\n\n\n\n<li>v\u00e4henn\u00e4 synonyymej\u00e4 ja rinnakkaistermej\u00e4 eli OR-kytkettyj\u00e4 hakusanoja (mutta \u00e4l\u00e4 muuta OR:ia AND:iksi, sill\u00e4 silloin hakulogiikka muuttuu virheelliseksi)<\/li>\n\n\n\n<li>kokeile sulkea joitakin sanoja hakutuloksen ulkopuolelle NOT-operaattorilla<\/li>\n\n\n\n<li>rajaa hakua asiasanakentt\u00e4\u00e4n, mik\u00e4li mahdollista &#8211; tarkista oikea termi sanastosta (katso osio <a href=\"https:\/\/sites.uef.fi\/tiedonhaku-kasvatus\/hakutekniikka\/asiasanat\/\">Asiasanat<\/a>)<\/li>\n\n\n\n<li>rajaa hakua esim. julkaisuvuodella, -kielell\u00e4 tai -tyypill\u00e4 (esim. peer review\/scholarly-lehtiin)<\/li>\n<\/ul>\n\n\n\n<h2 class=\"wp-block-heading\">Liian v\u00e4h\u00e4n viitteit\u00e4?<\/h2>\n\n\n\n<ul class=\"wp-block-list\">\n<li>tarkista, onko k\u00e4ytt\u00e4m\u00e4si tietokanta aiheesi kannalta oikea<\/li>\n\n\n\n<li>mieti k\u00e4ytt\u00e4mi\u00e4si hakusanoja: oletko hakenut liian suppealla termill\u00e4<\/li>\n\n\n\n<li>mieti mihin laajempaan aihealueeseen ongelmasi kuuluu ja k\u00e4yt\u00e4 laajempaa hakutermi\u00e4<\/li>\n\n\n\n<li>etsi hakusanoillesi synonyymeja ja rinnakkaistermej\u00e4 (lis\u00e4t\u00e4\u00e4n OR-kytkettyj\u00e4 sanoja)<\/li>\n\n\n\n<li>v\u00e4henn\u00e4 hakulausekkeesta AND-operaattorilla yhdistettyj\u00e4, rajaavia hakusanoja<\/li>\n\n\n\n<li>k\u00e4yt\u00e4 vapaasanahakua, jos olet k\u00e4ytt\u00e4nyt asiasanahakua (tai muuta kentt\u00e4rajausta)<\/li>\n\n\n\n<li>katkaise hakusana saadaksesi esim. eri taivutusmuodot mukaan (katso osio <a href=\"https:\/\/sites.uef.fi\/tiedonhaku-kasvatus\/hakutekniikka\/sanankatkaisu-ja-fraasihaku\/\">Sanankatkaisu ja fraasihaku<\/a>)<\/li>\n\n\n\n<li>poista vuosi- ym. rajaukset<\/li>\n\n\n\n<li>tarkista oikeinkirjoitus ja sanan kirjoitusmuodot (yhteen vai erikseen, lyhenteet yms.)<\/li>\n<\/ul>\n\n\n\n<h2 class=\"wp-block-heading\">V\u00e4\u00e4ri\u00e4 tuloksia?<\/h2>\n\n\n\n<ul class=\"wp-block-list\">\n<li>kokeile toista tietokantaa<\/li>\n\n\n\n<li>tarkista k\u00e4ytt\u00e4m\u00e4si hakusanat ja mieti l\u00f6ytyisik\u00f6 parempia<\/li>\n\n\n\n<li>k\u00e4yt\u00e4 asiasanahakua (tarkista hakusana sanastosta)<\/li>\n\n\n\n<li>varmista, ett\u00e4 olet yhdist\u00e4nyt hakusanasi loogisesti oikein (AND- ja OR-operaattorit oikeissa paikoissa)!<\/li>\n<\/ul>\n\n\n\n<p>Ettet yhdist\u00e4nyt AND-operaatiolla kahta toisilleen rinnakkaista hakusanaa, kun pit\u00e4isi olla OR?<\/p>\n\n\n\n<p>Mik\u00e4li hakutulosten joukosta l\u00f6ytyy edes yksi t\u00e4ysosuma eli hyvin relevantti viite, kannattaa t\u00e4m\u00e4n viitteen <strong>asiasanoista&nbsp; (eli aiheista,&nbsp; kuvailevien termien kent\u00e4st\u00e4)<\/strong> poimia siin\u00e4 k\u00e4ytetyt asiasanat ja suunnata hakua niiden avulla uudelleen. Hyv\u00e4n artikkelin tai muun julkaisun <strong>l\u00e4hdeluettelosta<\/strong> l\u00f6yd\u00e4t mahdollisesti lis\u00e4\u00e4 sopivaa kirjallisuutta hakemastasi aiheesta.<\/p>\n\n\n\n<p>Tiedonhaku on vain harvoin kerralla valmis. Ei ole my\u00f6sk\u00e4\u00e4n olemassa yht\u00e4 ainoaa oikeaa tapaa hakea. Erityisesti tutkimusprosessille on tyypillist\u00e4, ett\u00e4 tietoa haetaan koko prosessin ajan ja tutkimuksen edetess\u00e4 tiedontarpeet muuttuvat ja niit\u00e4 tulee lis\u00e4\u00e4.<\/p>\n\n\n\n<p>Alla on esimerkki UEF-Primosta l\u00f6ytyneest\u00e4 artikkelitietueesta. N\u00e4yt\u00f6lt\u00e4 l\u00f6ytyy useampi tapa saada artikkeli k\u00e4ytt\u00f6\u00f6ns\u00e4.&nbsp; Lataa PDF -linkki on nopein tie avata artikkeli. Lehden sis\u00e4lt\u00f6j\u00e4 p\u00e4\u00e4see selaamaan linkist\u00e4 N\u00e4yt\u00e4 lehden sis\u00e4lt\u00f6.<\/p>\n\n\n\n<figure class=\"wp-block-image aligncenter size-full wp-image-2520\"><img loading=\"lazy\" decoding=\"async\" width=\"882\" height=\"198\" src=\"https:\/\/sites.uef.fi\/tiedonhaku-kasvatus\/wp-content\/uploads\/sites\/80\/2021\/07\/Artikkelin_jaljjittaminen.png\" alt=\"Kuvakaappaus artikkelin tiedoista viitteiden selausn\u00e4yt\u00f6ll\u00e4. Tarkempiin tietoihin p\u00e4\u00e4see klikkaamalla otsikkoa tai Saatavilla verkkossa -linkki\u00e4. Lataa PDF -linkki on nopein tie avata artikkeli. Lehden sis\u00e4lt\u00f6j\u00e4 p\u00e4\u00e4see selaamaan linkist\u00e4 N\u00e4yt\u00e4 lehden sis\u00e4lt\u00f6.\" class=\"wp-image-2520\" srcset=\"https:\/\/sites.uef.fi\/tiedonhaku-kasvatus\/wp-content\/uploads\/sites\/80\/2021\/07\/Artikkelin_jaljjittaminen.png 882w, https:\/\/sites.uef.fi\/tiedonhaku-kasvatus\/wp-content\/uploads\/sites\/80\/2021\/07\/Artikkelin_jaljjittaminen-300x67.png 300w, https:\/\/sites.uef.fi\/tiedonhaku-kasvatus\/wp-content\/uploads\/sites\/80\/2021\/07\/Artikkelin_jaljjittaminen-768x172.png 768w\" sizes=\"auto, (max-width: 882px) 100vw, 882px\" \/><figcaption class=\"wp-element-caption\">UEF-Primon artikkelin selausn\u00e4yt\u00f6lt\u00e4 l\u00f6ytyy useampi tapa saada artikkeli k\u00e4ytt\u00f6\u00f6ns\u00e4.<\/figcaption><\/figure>\n\n\n\n<p>Jos et halua heti ladata artikkelia, klikkaamalla otsikkoa tai Saatavilla verkossa -linkki\u00e4 saat n\u00e4kyville julkaisun perustiedot, aiheet (asiasanat) ja abstraktin (kuvaus):<\/p>\n\n\n\n<figure class=\"wp-block-image aligncenter wp-image-2517 size-full\"><img loading=\"lazy\" decoding=\"async\" width=\"881\" height=\"735\" src=\"https:\/\/sites.uef.fi\/tiedonhaku-kasvatus\/wp-content\/uploads\/sites\/80\/2021\/07\/Artikkelitietue_UEF-Primov3_2021.png\" alt=\"Kuvakaappaus artikkelin koko tiedoista UEF-Primossa. Sielt\u00e4 l\u00f6ytyv\u00e4t mm. kaikki tekij\u00e4tiedot, julkaisun viitetiedot, aiheet eli kuvailevat asiasanat sek\u00e4 kuvaus eli abstrakti.\" class=\"wp-image-2517\" srcset=\"https:\/\/sites.uef.fi\/tiedonhaku-kasvatus\/wp-content\/uploads\/sites\/80\/2021\/07\/Artikkelitietue_UEF-Primov3_2021.png 881w, https:\/\/sites.uef.fi\/tiedonhaku-kasvatus\/wp-content\/uploads\/sites\/80\/2021\/07\/Artikkelitietue_UEF-Primov3_2021-300x250.png 300w, https:\/\/sites.uef.fi\/tiedonhaku-kasvatus\/wp-content\/uploads\/sites\/80\/2021\/07\/Artikkelitietue_UEF-Primov3_2021-768x641.png 768w\" sizes=\"auto, (max-width: 881px) 100vw, 881px\" \/><figcaption class=\"wp-element-caption\">Artikkelin tarkemmat tiedot n\u00e4ytt\u00e4v\u00e4t julkaisutietojen lis\u00e4ksi aiheet eli asiasanat ja kuvauksen eli abstraktin tai tiivistelm\u00e4n.<\/figcaption><\/figure>\n\n\n\n<div class=\"links-block\">\n\n            <h3>Siirry seuraavaan aiheeseen:<\/h3>\n    \n    <ul class=\"link-list\">\n        \n            \n            <li class=\"link-list-item\">\n                <a href=\"https:\/\/sites.uef.fi\/tiedonhaku-kasvatus\/tiedon-arviointi-ja-kaytto\/\" class=\"link-reset link hover-scale-down\">\n                    <svg\n        width=\"43\" height=\"25\"\n        viewBox=\"0 0 43 25\"\n        xmlns=\"http:\/\/www.w3.org\/2000\/svg\">\n    <path\n        d=\"M30.027 0 43 12.5 30.027 25 27 22.083 34.351 15H0v-5h34.351L27 2.917z\"\n        fill=\"currentColor\"\n        fill-rule=\"evenodd\"\/>\n<\/svg>                    <div>Tiedon arviointi ja k\u00e4ytt\u00f6:<\/div>\n                <\/a>\n                <div class=\"link-info\">\n                                    <\/div>\n            <\/li>\n\n                <\/ul>\n<\/div>","protected":false},"excerpt":{"rendered":"<p>Onnistuiko tiedonhakusi? &#8211; Haun arviointi Onnittelen, jos olet saanut hakutulokseksi sopivan m\u00e4\u00e4r\u00e4n relevantteja tiedonl\u00e4hteit\u00e4. Hyv\u00e4! Sitten vain lukemaan ja ty\u00f6st\u00e4m\u00e4\u00e4n asiaa eteenp\u00e4in! Kun k\u00e4ytett\u00e4viss\u00e4 on useita eri l\u00e4hteit\u00e4, kokonaiskuva aiheesta hahmottuu tarkemmin ja luotettavammin. Voit verrata kesken\u00e4\u00e4n ristiriitaisia tietoja, etsi\u00e4 erilaisia ratkaisumalleja ja havaita ongelmakohtia, joihin on aikaisemmin t\u00f6rm\u00e4tty.Yhdist\u00e4m\u00e4ll\u00e4 eri l\u00e4hteist\u00e4 tulevaa tietoa voit kehitell\u00e4 [&hellip;]<\/p>\n","protected":false},"author":171,"featured_media":0,"parent":106,"menu_order":0,"comment_status":"closed","ping_status":"closed","template":"","meta":{"_acf_changed":false,"_monsterinsights_skip_tracking":false,"_monsterinsights_sitenote_active":false,"_monsterinsights_sitenote_note":"","_monsterinsights_sitenote_category":0,"footnotes":""},"class_list":["post-530","page","type-page","status-publish","hentry"],"acf":[],"yoast_head":"<!-- This site is optimized with the Yoast SEO plugin v27.3 - https:\/\/yoast.com\/product\/yoast-seo-wordpress\/ -->\n<title>Tiedonhaun arviointi - Kasvatustieteiden tiedonhaku \/\/ UEF-kirjasto<\/title>\n<meta name=\"robots\" content=\"index, follow, max-snippet:-1, max-image-preview:large, max-video-preview:-1\" \/>\n<link rel=\"canonical\" href=\"https:\/\/sites.uef.fi\/tiedonhaku-kasvatus\/hakutekniikka\/tiedonhaun-arviointi\/\" \/>\n<meta property=\"og:locale\" content=\"fi_FI\" \/>\n<meta property=\"og:type\" content=\"article\" \/>\n<meta property=\"og:title\" content=\"Tiedonhaun arviointi - Kasvatustieteiden tiedonhaku \/\/ UEF-kirjasto\" \/>\n<meta property=\"og:description\" content=\"Onnistuiko tiedonhakusi? &#8211; Haun arviointi Onnittelen, jos olet saanut hakutulokseksi sopivan m\u00e4\u00e4r\u00e4n relevantteja tiedonl\u00e4hteit\u00e4. Hyv\u00e4! Sitten vain lukemaan ja ty\u00f6st\u00e4m\u00e4\u00e4n asiaa eteenp\u00e4in! Kun k\u00e4ytett\u00e4viss\u00e4 on useita eri l\u00e4hteit\u00e4, kokonaiskuva aiheesta hahmottuu tarkemmin ja luotettavammin. Voit verrata kesken\u00e4\u00e4n ristiriitaisia tietoja, etsi\u00e4 erilaisia ratkaisumalleja ja havaita ongelmakohtia, joihin on aikaisemmin t\u00f6rm\u00e4tty.Yhdist\u00e4m\u00e4ll\u00e4 eri l\u00e4hteist\u00e4 tulevaa tietoa voit kehitell\u00e4 [&hellip;]\" \/>\n<meta property=\"og:url\" content=\"https:\/\/sites.uef.fi\/tiedonhaku-kasvatus\/hakutekniikka\/tiedonhaun-arviointi\/\" \/>\n<meta property=\"og:site_name\" content=\"Kasvatustieteiden tiedonhaku \/\/ UEF-kirjasto\" \/>\n<meta property=\"article:modified_time\" content=\"2023-08-03T12:38:08+00:00\" \/>\n<meta property=\"og:image\" content=\"https:\/\/sites.uef.fi\/tiedonhaku-kasvatus\/wp-content\/uploads\/sites\/80\/2021\/07\/Artikkelin_jaljjittaminen.png\" \/>\n<meta name=\"twitter:card\" content=\"summary_large_image\" \/>\n<meta name=\"twitter:label1\" content=\"Arvioitu lukuaika\" \/>\n\t<meta name=\"twitter:data1\" content=\"4 minuuttia\" \/>\n<script type=\"application\/ld+json\" class=\"yoast-schema-graph\">{\"@context\":\"https:\\\/\\\/schema.org\",\"@graph\":[{\"@type\":\"WebPage\",\"@id\":\"https:\\\/\\\/sites.uef.fi\\\/tiedonhaku-kasvatus\\\/hakutekniikka\\\/tiedonhaun-arviointi\\\/\",\"url\":\"https:\\\/\\\/sites.uef.fi\\\/tiedonhaku-kasvatus\\\/hakutekniikka\\\/tiedonhaun-arviointi\\\/\",\"name\":\"Tiedonhaun arviointi - Kasvatustieteiden tiedonhaku \\\/\\\/ UEF-kirjasto\",\"isPartOf\":{\"@id\":\"https:\\\/\\\/sites.uef.fi\\\/tiedonhaku-kasvatus\\\/#website\"},\"primaryImageOfPage\":{\"@id\":\"https:\\\/\\\/sites.uef.fi\\\/tiedonhaku-kasvatus\\\/hakutekniikka\\\/tiedonhaun-arviointi\\\/#primaryimage\"},\"image\":{\"@id\":\"https:\\\/\\\/sites.uef.fi\\\/tiedonhaku-kasvatus\\\/hakutekniikka\\\/tiedonhaun-arviointi\\\/#primaryimage\"},\"thumbnailUrl\":\"https:\\\/\\\/sites.uef.fi\\\/tiedonhaku-kasvatus\\\/wp-content\\\/uploads\\\/sites\\\/80\\\/2021\\\/07\\\/Artikkelin_jaljjittaminen.png\",\"datePublished\":\"2020-06-30T07:43:34+00:00\",\"dateModified\":\"2023-08-03T12:38:08+00:00\",\"breadcrumb\":{\"@id\":\"https:\\\/\\\/sites.uef.fi\\\/tiedonhaku-kasvatus\\\/hakutekniikka\\\/tiedonhaun-arviointi\\\/#breadcrumb\"},\"inLanguage\":\"fi\",\"potentialAction\":[{\"@type\":\"ReadAction\",\"target\":[\"https:\\\/\\\/sites.uef.fi\\\/tiedonhaku-kasvatus\\\/hakutekniikka\\\/tiedonhaun-arviointi\\\/\"]}]},{\"@type\":\"ImageObject\",\"inLanguage\":\"fi\",\"@id\":\"https:\\\/\\\/sites.uef.fi\\\/tiedonhaku-kasvatus\\\/hakutekniikka\\\/tiedonhaun-arviointi\\\/#primaryimage\",\"url\":\"https:\\\/\\\/sites.uef.fi\\\/tiedonhaku-kasvatus\\\/wp-content\\\/uploads\\\/sites\\\/80\\\/2021\\\/07\\\/Artikkelin_jaljjittaminen.png\",\"contentUrl\":\"https:\\\/\\\/sites.uef.fi\\\/tiedonhaku-kasvatus\\\/wp-content\\\/uploads\\\/sites\\\/80\\\/2021\\\/07\\\/Artikkelin_jaljjittaminen.png\",\"width\":882,\"height\":198,\"caption\":\"UEF-Primon artikkelin selausn\u00e4yt\u00f6lt\u00e4 l\u00f6ytyy useampi tapa saada artikkeli k\u00e4ytt\u00f6\u00f6ns\u00e4.\"},{\"@type\":\"BreadcrumbList\",\"@id\":\"https:\\\/\\\/sites.uef.fi\\\/tiedonhaku-kasvatus\\\/hakutekniikka\\\/tiedonhaun-arviointi\\\/#breadcrumb\",\"itemListElement\":[{\"@type\":\"ListItem\",\"position\":1,\"name\":\"Home\",\"item\":\"https:\\\/\\\/sites.uef.fi\\\/tiedonhaku-kasvatus\\\/\"},{\"@type\":\"ListItem\",\"position\":2,\"name\":\"Hakutekniikka\",\"item\":\"https:\\\/\\\/sites.uef.fi\\\/tiedonhaku-kasvatus\\\/hakutekniikka\\\/\"},{\"@type\":\"ListItem\",\"position\":3,\"name\":\"Tiedonhaun arviointi\"}]},{\"@type\":\"WebSite\",\"@id\":\"https:\\\/\\\/sites.uef.fi\\\/tiedonhaku-kasvatus\\\/#website\",\"url\":\"https:\\\/\\\/sites.uef.fi\\\/tiedonhaku-kasvatus\\\/\",\"name\":\"Kasvatustieteiden tiedonhaku \\\/\\\/ UEF-kirjasto\",\"description\":\"\",\"potentialAction\":[{\"@type\":\"SearchAction\",\"target\":{\"@type\":\"EntryPoint\",\"urlTemplate\":\"https:\\\/\\\/sites.uef.fi\\\/tiedonhaku-kasvatus\\\/?s={search_term_string}\"},\"query-input\":{\"@type\":\"PropertyValueSpecification\",\"valueRequired\":true,\"valueName\":\"search_term_string\"}}],\"inLanguage\":\"fi\"}]}<\/script>\n<!-- \/ Yoast SEO plugin. -->","yoast_head_json":{"title":"Tiedonhaun arviointi - Kasvatustieteiden tiedonhaku \/\/ UEF-kirjasto","robots":{"index":"index","follow":"follow","max-snippet":"max-snippet:-1","max-image-preview":"max-image-preview:large","max-video-preview":"max-video-preview:-1"},"canonical":"https:\/\/sites.uef.fi\/tiedonhaku-kasvatus\/hakutekniikka\/tiedonhaun-arviointi\/","og_locale":"fi_FI","og_type":"article","og_title":"Tiedonhaun arviointi - Kasvatustieteiden tiedonhaku \/\/ UEF-kirjasto","og_description":"Onnistuiko tiedonhakusi? &#8211; Haun arviointi Onnittelen, jos olet saanut hakutulokseksi sopivan m\u00e4\u00e4r\u00e4n relevantteja tiedonl\u00e4hteit\u00e4. Hyv\u00e4! Sitten vain lukemaan ja ty\u00f6st\u00e4m\u00e4\u00e4n asiaa eteenp\u00e4in! Kun k\u00e4ytett\u00e4viss\u00e4 on useita eri l\u00e4hteit\u00e4, kokonaiskuva aiheesta hahmottuu tarkemmin ja luotettavammin. Voit verrata kesken\u00e4\u00e4n ristiriitaisia tietoja, etsi\u00e4 erilaisia ratkaisumalleja ja havaita ongelmakohtia, joihin on aikaisemmin t\u00f6rm\u00e4tty.Yhdist\u00e4m\u00e4ll\u00e4 eri l\u00e4hteist\u00e4 tulevaa tietoa voit kehitell\u00e4 [&hellip;]","og_url":"https:\/\/sites.uef.fi\/tiedonhaku-kasvatus\/hakutekniikka\/tiedonhaun-arviointi\/","og_site_name":"Kasvatustieteiden tiedonhaku \/\/ UEF-kirjasto","article_modified_time":"2023-08-03T12:38:08+00:00","og_image":[{"url":"https:\/\/sites.uef.fi\/tiedonhaku-kasvatus\/wp-content\/uploads\/sites\/80\/2021\/07\/Artikkelin_jaljjittaminen.png","type":"","width":"","height":""}],"twitter_card":"summary_large_image","twitter_misc":{"Arvioitu lukuaika":"4 minuuttia"},"schema":{"@context":"https:\/\/schema.org","@graph":[{"@type":"WebPage","@id":"https:\/\/sites.uef.fi\/tiedonhaku-kasvatus\/hakutekniikka\/tiedonhaun-arviointi\/","url":"https:\/\/sites.uef.fi\/tiedonhaku-kasvatus\/hakutekniikka\/tiedonhaun-arviointi\/","name":"Tiedonhaun arviointi - Kasvatustieteiden tiedonhaku \/\/ UEF-kirjasto","isPartOf":{"@id":"https:\/\/sites.uef.fi\/tiedonhaku-kasvatus\/#website"},"primaryImageOfPage":{"@id":"https:\/\/sites.uef.fi\/tiedonhaku-kasvatus\/hakutekniikka\/tiedonhaun-arviointi\/#primaryimage"},"image":{"@id":"https:\/\/sites.uef.fi\/tiedonhaku-kasvatus\/hakutekniikka\/tiedonhaun-arviointi\/#primaryimage"},"thumbnailUrl":"https:\/\/sites.uef.fi\/tiedonhaku-kasvatus\/wp-content\/uploads\/sites\/80\/2021\/07\/Artikkelin_jaljjittaminen.png","datePublished":"2020-06-30T07:43:34+00:00","dateModified":"2023-08-03T12:38:08+00:00","breadcrumb":{"@id":"https:\/\/sites.uef.fi\/tiedonhaku-kasvatus\/hakutekniikka\/tiedonhaun-arviointi\/#breadcrumb"},"inLanguage":"fi","potentialAction":[{"@type":"ReadAction","target":["https:\/\/sites.uef.fi\/tiedonhaku-kasvatus\/hakutekniikka\/tiedonhaun-arviointi\/"]}]},{"@type":"ImageObject","inLanguage":"fi","@id":"https:\/\/sites.uef.fi\/tiedonhaku-kasvatus\/hakutekniikka\/tiedonhaun-arviointi\/#primaryimage","url":"https:\/\/sites.uef.fi\/tiedonhaku-kasvatus\/wp-content\/uploads\/sites\/80\/2021\/07\/Artikkelin_jaljjittaminen.png","contentUrl":"https:\/\/sites.uef.fi\/tiedonhaku-kasvatus\/wp-content\/uploads\/sites\/80\/2021\/07\/Artikkelin_jaljjittaminen.png","width":882,"height":198,"caption":"UEF-Primon artikkelin selausn\u00e4yt\u00f6lt\u00e4 l\u00f6ytyy useampi tapa saada artikkeli k\u00e4ytt\u00f6\u00f6ns\u00e4."},{"@type":"BreadcrumbList","@id":"https:\/\/sites.uef.fi\/tiedonhaku-kasvatus\/hakutekniikka\/tiedonhaun-arviointi\/#breadcrumb","itemListElement":[{"@type":"ListItem","position":1,"name":"Home","item":"https:\/\/sites.uef.fi\/tiedonhaku-kasvatus\/"},{"@type":"ListItem","position":2,"name":"Hakutekniikka","item":"https:\/\/sites.uef.fi\/tiedonhaku-kasvatus\/hakutekniikka\/"},{"@type":"ListItem","position":3,"name":"Tiedonhaun arviointi"}]},{"@type":"WebSite","@id":"https:\/\/sites.uef.fi\/tiedonhaku-kasvatus\/#website","url":"https:\/\/sites.uef.fi\/tiedonhaku-kasvatus\/","name":"Kasvatustieteiden tiedonhaku \/\/ UEF-kirjasto","description":"","potentialAction":[{"@type":"SearchAction","target":{"@type":"EntryPoint","urlTemplate":"https:\/\/sites.uef.fi\/tiedonhaku-kasvatus\/?s={search_term_string}"},"query-input":{"@type":"PropertyValueSpecification","valueRequired":true,"valueName":"search_term_string"}}],"inLanguage":"fi"}]}},"_links":{"self":[{"href":"https:\/\/sites.uef.fi\/tiedonhaku-kasvatus\/wp-json\/wp\/v2\/pages\/530","targetHints":{"allow":["GET"]}}],"collection":[{"href":"https:\/\/sites.uef.fi\/tiedonhaku-kasvatus\/wp-json\/wp\/v2\/pages"}],"about":[{"href":"https:\/\/sites.uef.fi\/tiedonhaku-kasvatus\/wp-json\/wp\/v2\/types\/page"}],"author":[{"embeddable":true,"href":"https:\/\/sites.uef.fi\/tiedonhaku-kasvatus\/wp-json\/wp\/v2\/users\/171"}],"replies":[{"embeddable":true,"href":"https:\/\/sites.uef.fi\/tiedonhaku-kasvatus\/wp-json\/wp\/v2\/comments?post=530"}],"version-history":[{"count":2,"href":"https:\/\/sites.uef.fi\/tiedonhaku-kasvatus\/wp-json\/wp\/v2\/pages\/530\/revisions"}],"predecessor-version":[{"id":4455,"href":"https:\/\/sites.uef.fi\/tiedonhaku-kasvatus\/wp-json\/wp\/v2\/pages\/530\/revisions\/4455"}],"up":[{"embeddable":true,"href":"https:\/\/sites.uef.fi\/tiedonhaku-kasvatus\/wp-json\/wp\/v2\/pages\/106"}],"wp:attachment":[{"href":"https:\/\/sites.uef.fi\/tiedonhaku-kasvatus\/wp-json\/wp\/v2\/media?parent=530"}],"curies":[{"name":"wp","href":"https:\/\/api.w.org\/{rel}","templated":true}]}}