{"id":545,"date":"2020-06-30T10:53:06","date_gmt":"2020-06-30T07:53:06","guid":{"rendered":"https:\/\/sites.uef.fi\/tiedonhaku-kasvatus\/?page_id=545"},"modified":"2025-08-26T15:22:10","modified_gmt":"2025-08-26T12:22:10","slug":"viittaaminen-ja-lahdeluettelot","status":"publish","type":"page","link":"https:\/\/sites.uef.fi\/tiedonhaku-kasvatus\/tiedon-arviointi-ja-kaytto\/viittaaminen-ja-lahdeluettelot\/","title":{"rendered":"Miten viittaan oikein? L\u00e4hteiden merkitseminen"},"content":{"rendered":"\n<p>Viittaamalla l\u00e4hteisiin kirjoittaja osoittaa, mit\u00e4 aiempia teorioita, metodeja ja tuloksia h\u00e4nell\u00e4 on ollut tiedossaan ja miten h\u00e4n suhteuttaa omat tuloksensa toisten tulkintoihin. Viitteess\u00e4 ja l\u00e4hdeluettelossa annetaan lukijalle riitt\u00e4v\u00e4t tiedot tunnistaa ja l\u00f6yt\u00e4\u00e4 julkaisu, johon kirjoituksessa viitataan. N\u00e4in esim. tutkielman tarkastaja voi tarkistaa esitetyn paikkansapit\u00e4vyyden. Lis\u00e4ksi viitteill\u00e4 annetaan tunnustus sille, jolle tunnustus kuuluu.<\/p>\n\n\n\n<p>Lainaaminen ja viittaaminen ovat v\u00e4ltt\u00e4m\u00e4tt\u00f6mi\u00e4 ja tarpeellisia tieteellisess\u00e4 kirjoittamisessa. K\u00e4ytetyt l\u00e4hteet mainitaan niin, ett\u00e4 lainaukset ja viittaukset ovat selke\u00e4sti tunnistettavissa ja l\u00f6ydett\u00e4viss\u00e4 my\u00f6hemmin. Jos l\u00e4hdett\u00e4 ei mainita, ja lainaus tai laajempi toisen henkil\u00f6n tekem\u00e4 materiaali esitet\u00e4\u00e4n ik\u00e4\u00e4n kuin se olisi itse tehty\u00e4, syyllistyt\u00e4\u00e4n plagiointiin, vaikka se ei olisikaan tahallista. <\/p>\n\n\n\n<ul class=\"wp-block-list\">\n<li><strong>Viittaus<\/strong> = toisen tekij\u00e4n ajatusten ilmaiseminen omin sanoin<\/li>\n\n\n\n<li><strong>Lainaus<\/strong> = suorasanainen ote, joka pit\u00e4\u00e4 erottaa lainausmerkeill\u00e4 (&#8221;sitaatti&#8221;)<\/li>\n\n\n\n<li><strong>Plagiointi<\/strong> = &#8221;toisen henkil\u00f6n ty\u00f6n j\u00e4ljent\u00e4minen ja esitt\u00e4minen omanaan, henkisen omaisuuden varastaminen&#8221; (l\u00e4hde: Nurmi T.: Suomen kielen sanakirja, Jyv\u00e4skyl\u00e4: Gummerus, 1992).<\/li>\n<\/ul>\n\n\n\n<figure class=\"wp-block-image size-full\"><img decoding=\"async\" src=\"https:\/\/sites.uef.fi\/tiedonhaku-kasvatus\/wp-content\/uploads\/sites\/80\/2021\/07\/Viittaaja_Roomassa-e1687349705903.jpg\" alt=\"K\u00e4dell\u00e4\u00e4n yl\u00f6sp\u00e4in viittaavan keisarin patsas Roomassa. Taustalla n\u00e4kyy kaivauksissa esiin otettuja kivimuureja.\" class=\"wp-image-2570\" \/><\/figure>\n\n\n\n<h2 class=\"wp-block-heading\">L\u00e4hteisiin viittaaminen muodostuu kahdesta osasta<\/h2>\n\n\n\n<p>L\u00e4hdeviitteet muodostuvat kahdesta osasta:<\/p>\n\n\n\n<ul class=\"wp-block-list\">\n<li>l\u00e4hdeviitteest\u00e4 (tekstiviitteest\u00e4)<\/li>\n\n\n\n<li>l\u00e4hdeluettelosta (kirjallisuusluettelosta)<\/li>\n<\/ul>\n\n\n\n<p>L\u00e4hdeviite ohjaa julkaisun lopussa olevaan l\u00e4hdeluetteloon, jonka tulee sis\u00e4lt\u00e4\u00e4 tarkat tiedot k\u00e4ytetyist\u00e4 l\u00e4hteist\u00e4. Sen avulla lukija halutessaan l\u00f6yt\u00e4\u00e4 l\u00e4hteet. L\u00e4hdeluetteloon merkit\u00e4\u00e4n kaikki ne l\u00e4hteet, joihin ty\u00f6ss\u00e4 on viitattu. L\u00e4hdeviitteen ja l\u00e4hdeluettelon tietojen t\u00e4ytyy vastata tarkasti toisiaan, jotta tekstiss\u00e4 mainittu l\u00e4hde l\u00f6ytyy l\u00e4hdeluettelosta helposti.<\/p>\n\n\n\n<p><strong>L\u00e4hdeviitteiden merkitsemistapa vaihtelee tieteenaloittain, laitoksittain ja julkaisuittain.<\/strong> Kirjoittajan on aina tarkistettava, ett\u00e4 l\u00e4hdeviitteet ja l\u00e4hdeluettelo noudattavat sen yhteis\u00f6n tai julkaisun k\u00e4yt\u00e4nteit\u00e4, jolle kirjoitus on aiottu. Ohjeistusta voi tarkistaa omasta oppiaineesta tai esimerkiksi ty\u00f6n ohjaajalta.<\/p>\n\n\n\n<p>UEF-kirjaston<a href=\"https:\/\/www.uef.fi\/fi\/kirjasto\/lahdeviitteet\" target=\"_blank\" rel=\"noreferrer noopener\"> L\u00e4hdeviitteet-verkkosivulta<\/a> (linkki avautuu uuteen v\u00e4lilehteen) l\u00f6yd\u00e4t lis\u00e4tietoa ja linkkej\u00e4 viittaamisesta. Sivulla on tietoa my\u00f6s <strong>l\u00e4hdeviitteiden hallintaohjelmista<\/strong>. Esimerkiksi <strong>Zotero<\/strong> tai <strong>Mendeley<\/strong> ovat ohjelmia, joiden avulla voit tallentaa viitteit\u00e4 ja hakutuloksia suoraan eri tietokannoista. Ohjelmien avulla lis\u00e4\u00e4t helposti tallennettuja viitteit\u00e4 omaan tekstiisi kirjoitusty\u00f6n aikana.<\/p>\n\n\n\n<p>UEF:n Kasvatustieteiden ja psykologian osaston opintoyhteis\u00f6n sivuilla on professori P\u00e4ivi Atjosen koostama Akateemisen tutkielman raportointiopas erityisesti kasvatustieteellisen alan opiskelijoita varten (<a href=\"https:\/\/studentuef.sharepoint.com\/sites\/kapsyn_opintoyhteiso\/SiteAssets\/Forms\/AllItems.aspx?id=%2Fsites%2Fkapsyn%5Fopintoyhteiso%2FSiteAssets%2FSitePages%2Fkandidaatintutkielma%2FAkateemisen%2Dtutkielman%2Draportointiopas%2D%2Dsyyskuu%2D2021%2D%2Epdf&amp;parent=%2Fsites%2Fkapsyn%5Fopintoyhteiso%2FSiteAssets%2FSitePages%2Fkandidaatintutkielma\" target=\"_blank\" rel=\"noreferrer noopener\">Atjonen, Akateemisen tutkielman raportointiopas erityisesti kasvatustieteellisen alan opiskelijoita varten.<\/a> It\u00e4-Suomen yliopisto, filosofinen tiedekunta, uudistettu 5. versio. Otettu k\u00e4ytt\u00f6\u00f6n 1.9.2021. Linkki avautuu uuteen v\u00e4lilehteen). Se sis\u00e4lt\u00e4\u00e4 tietoa my\u00f6s mm.&nbsp; referoinnista, plagioinnista ja l\u00e4hdeviitteiden merkitsemisest\u00e4.<\/p>\n\n\n\n<figure class=\"wp-block-image size-large is-resized\"><img loading=\"lazy\" decoding=\"async\" width=\"1024\" height=\"1024\" src=\"https:\/\/sites.uef.fi\/tiedonhaku-kasvatus\/wp-content\/uploads\/sites\/80\/2021\/07\/Viitat_Komperonristeys-1024x1024.jpg\" alt=\"Risteyksess\u00e4 on kuluneet tienviitat Komperoon, Kontkalaan ja Viinij\u00e4rvelle. Helteinen s\u00e4\u00e4, maitohorsmia ja muita kasveja. Kuvaajan varjo osoittaa viittojen keskelle.\" class=\"wp-image-2564\" style=\"width:481px;height:481px\" \/><\/figure>\n\n\n\n<h2 class=\"wp-block-heading\">Mist\u00e4 l\u00f6yd\u00e4n k\u00e4yt\u00e4nn\u00f6n ohjeita?<\/h2>\n\n\n\n<p>Oppiaineilla voi olla vaihtelevia k\u00e4yt\u00e4nt\u00f6j\u00e4. K\u00e4yt\u00e4nn\u00f6t vaihtelevat my\u00f6s julkaisuittain. Julkaisuilla voi olla omat ohjeensa l\u00e4hteiden merkitsemiseen. Melko yleinen kasvatustieteiss\u00e4 on APA-tyyli (Apa 7th &#8211; American Psychological association), jota noudattaa mm. Kasvatus-lehti. <\/p>\n\n\n\n<p>Jos mietit, kuinka viittaisit esimerkiksi artikkeliin, e-kirjaan tai verkkosivuun, l\u00f6yd\u00e4t ohjeita esimerkkeineen UEF-kirjaston sivulta <a href=\"https:\/\/www.uef.fi\/fi\/kirjasto\/viitetietiedot-ja-viittaaminen-johdanto\" target=\"_blank\" rel=\"noreferrer noopener\">Viitetiedot ja viittaaminen<\/a> (avautuu uuteen v\u00e4lilehteen). <\/p>\n\n\n\t<div id=\"accordion-block_9031915519db18ea9964bdd6a9c13d80\" class=\"accordions\">\n\t\t\t\t\t<div class=\"accordion accordion-js\">\n\t\t\t\t<button class=\"accordion__button\" aria-controls=\"content-8421\" aria-expanded=\"false\" id=\"accordion-control-8421\">\n\t\t\t\t\t<h3 class=\"accordion__heading\" >\n\t\t\t\t\t\tL\u00e4hteit\u00e4  ja lis\u00e4lukemista viittamisesta ja plagiarismista\t\t\t\t\t<\/h3>\n\t\t\t\t<\/button>\n\t\t\t\t<div class=\"accordion__content\" role=\"region\" aria-labelledby=\"accordion-control-8421\" aria-hidden=\"true\" id=\"content-8421\">\n\t\t\t\t\t<p>&#8221;Tuomas K. Pernu UEF:n Puheenvuoroja-blogissa 3.10.2022: <a href=\"https:\/\/blogs.uef.fi\/puheenvuoroja\/2022\/10\/03\/mita-on-plagiointi-ja-miksi-se-on-vaarin-huomioita-tiede-ja-tietokirjoittamisen-etiikasta\/\" target=\"_blank\" rel=\"noopener\">Mit\u00e4 on plagiointi, ja miksi se on v\u00e4\u00e4rin? Huomioita tieto- ja tiedekirjoittamisen etiikasta<\/a><\/p>\n<ul>\n<li>sis\u00e4lt\u00e4\u00e4 viitteit\u00e4 aiheesta<\/li>\n<\/ul>\n<p><a href=\"http:\/\/www1.uwe.ac.uk\/students\/studysupport\/studyskills\/readingandwriting\/plagiarism.aspx\" target=\"_blank\" rel=\"noopener\">University of the West of England (UWE): iSkill Zone: Plagiarism<\/a> (linkki avautuu uuteen v\u00e4lilehteen)<\/p>\n<ul>\n<li>materiaalista l\u00f6ytyy my\u00f6s testi<\/li>\n<\/ul>\n<ul>\n<li style=\"list-style-type: none\"><\/li>\n<\/ul>\n<p><a href=\"https:\/\/library.acadiau.ca\/research\/tutorials\/you-quote-it-you-note-it-2.html\" target=\"_blank\" rel=\"noopener\">Vaughan memorial library: You quote it, you note it!<\/a> (kokonainen tutoriaali, arvioitu l\u00e4pik\u00e4yntiaika\u00a0 10 minuuttia; linkki avautuu uuteen v\u00e4lilehteen).<\/p>\n<ul>\n<li>&#8221;The difference between paraphrasing and quoting, and how to do both properly.&#8221;<\/li>\n<li>Sivulta linkki my\u00f6s mm. kirjaston\u00a0 APA-tyyliohjeisiin (englanniksi)<\/li>\n<\/ul>\n<ul>\n<li style=\"list-style-type: none\"><\/li>\n<\/ul>\n\t\t\t\t<\/div>\n\t\t\t<\/div>\n\t\t\t<\/div>\n\t\n\n\n<div class=\"links-block\">\n\n            <h3>Siirry seuraavaan osioon:<\/h3>\n    \n    <ul class=\"link-list\">\n        \n            \n            <li class=\"link-list-item\">\n                <a href=\"https:\/\/sites.uef.fi\/tiedonhaku-kasvatus\/tiedon-arviointi-ja-kaytto\/tekijanoikeus-ja-tutkimusetiikka\/\" class=\"link-reset link hover-scale-down\">\n                    <svg\n        width=\"43\" height=\"25\"\n        viewBox=\"0 0 43 25\"\n        xmlns=\"http:\/\/www.w3.org\/2000\/svg\">\n    <path\n        d=\"M30.027 0 43 12.5 30.027 25 27 22.083 34.351 15H0v-5h34.351L27 2.917z\"\n        fill=\"currentColor\"\n        fill-rule=\"evenodd\"\/>\n<\/svg>                    <div>Tekij\u00e4noikeus ja tutkimusetiikka<\/div>\n                <\/a>\n                <div class=\"link-info\">\n                                    <\/div>\n            <\/li>\n\n                <\/ul>\n<\/div>","protected":false},"excerpt":{"rendered":"<p>Viittaamalla l\u00e4hteisiin kirjoittaja osoittaa, mit\u00e4 aiempia teorioita, metodeja ja tuloksia h\u00e4nell\u00e4 on ollut tiedossaan ja miten h\u00e4n suhteuttaa omat tuloksensa toisten tulkintoihin. Viitteess\u00e4 ja l\u00e4hdeluettelossa annetaan lukijalle riitt\u00e4v\u00e4t tiedot tunnistaa ja l\u00f6yt\u00e4\u00e4 julkaisu, johon kirjoituksessa viitataan. N\u00e4in esim. tutkielman tarkastaja voi tarkistaa esitetyn paikkansapit\u00e4vyyden. Lis\u00e4ksi viitteill\u00e4 annetaan tunnustus sille, jolle tunnustus kuuluu. Lainaaminen ja viittaaminen [&hellip;]<\/p>\n","protected":false},"author":171,"featured_media":0,"parent":156,"menu_order":0,"comment_status":"closed","ping_status":"closed","template":"","meta":{"_acf_changed":false,"_monsterinsights_skip_tracking":false,"_monsterinsights_sitenote_active":false,"_monsterinsights_sitenote_note":"","_monsterinsights_sitenote_category":0,"footnotes":""},"class_list":["post-545","page","type-page","status-publish","hentry"],"acf":[],"yoast_head":"<!-- This site is optimized with the Yoast SEO plugin v27.3 - https:\/\/yoast.com\/product\/yoast-seo-wordpress\/ -->\n<title>Miten viittaan oikein? L\u00e4hteiden merkitseminen - Kasvatustieteiden tiedonhaku \/\/ UEF-kirjasto<\/title>\n<meta name=\"robots\" content=\"index, follow, max-snippet:-1, max-image-preview:large, max-video-preview:-1\" \/>\n<link rel=\"canonical\" href=\"https:\/\/sites.uef.fi\/tiedonhaku-kasvatus\/tiedon-arviointi-ja-kaytto\/viittaaminen-ja-lahdeluettelot\/\" \/>\n<meta property=\"og:locale\" content=\"fi_FI\" \/>\n<meta property=\"og:type\" content=\"article\" \/>\n<meta property=\"og:title\" content=\"Miten viittaan oikein? L\u00e4hteiden merkitseminen - Kasvatustieteiden tiedonhaku \/\/ UEF-kirjasto\" \/>\n<meta property=\"og:description\" content=\"Viittaamalla l\u00e4hteisiin kirjoittaja osoittaa, mit\u00e4 aiempia teorioita, metodeja ja tuloksia h\u00e4nell\u00e4 on ollut tiedossaan ja miten h\u00e4n suhteuttaa omat tuloksensa toisten tulkintoihin. Viitteess\u00e4 ja l\u00e4hdeluettelossa annetaan lukijalle riitt\u00e4v\u00e4t tiedot tunnistaa ja l\u00f6yt\u00e4\u00e4 julkaisu, johon kirjoituksessa viitataan. N\u00e4in esim. tutkielman tarkastaja voi tarkistaa esitetyn paikkansapit\u00e4vyyden. Lis\u00e4ksi viitteill\u00e4 annetaan tunnustus sille, jolle tunnustus kuuluu. Lainaaminen ja viittaaminen [&hellip;]\" \/>\n<meta property=\"og:url\" content=\"https:\/\/sites.uef.fi\/tiedonhaku-kasvatus\/tiedon-arviointi-ja-kaytto\/viittaaminen-ja-lahdeluettelot\/\" \/>\n<meta property=\"og:site_name\" content=\"Kasvatustieteiden tiedonhaku \/\/ UEF-kirjasto\" \/>\n<meta property=\"article:modified_time\" content=\"2025-08-26T12:22:10+00:00\" \/>\n<meta property=\"og:image\" content=\"https:\/\/sites.uef.fi\/tiedonhaku-kasvatus\/wp-content\/uploads\/sites\/80\/2021\/07\/Viittaaja_Roomassa-e1687350278128.jpg\" \/>\n\t<meta property=\"og:image:width\" content=\"413\" \/>\n\t<meta property=\"og:image:height\" content=\"550\" \/>\n\t<meta property=\"og:image:type\" content=\"image\/jpeg\" \/>\n<meta name=\"twitter:card\" content=\"summary_large_image\" \/>\n<meta name=\"twitter:label1\" content=\"Arvioitu lukuaika\" \/>\n\t<meta name=\"twitter:data1\" content=\"3 minuuttia\" \/>\n<script type=\"application\/ld+json\" class=\"yoast-schema-graph\">{\"@context\":\"https:\\\/\\\/schema.org\",\"@graph\":[{\"@type\":\"WebPage\",\"@id\":\"https:\\\/\\\/sites.uef.fi\\\/tiedonhaku-kasvatus\\\/tiedon-arviointi-ja-kaytto\\\/viittaaminen-ja-lahdeluettelot\\\/\",\"url\":\"https:\\\/\\\/sites.uef.fi\\\/tiedonhaku-kasvatus\\\/tiedon-arviointi-ja-kaytto\\\/viittaaminen-ja-lahdeluettelot\\\/\",\"name\":\"Miten viittaan oikein? L\u00e4hteiden merkitseminen - Kasvatustieteiden tiedonhaku \\\/\\\/ UEF-kirjasto\",\"isPartOf\":{\"@id\":\"https:\\\/\\\/sites.uef.fi\\\/tiedonhaku-kasvatus\\\/#website\"},\"primaryImageOfPage\":{\"@id\":\"https:\\\/\\\/sites.uef.fi\\\/tiedonhaku-kasvatus\\\/tiedon-arviointi-ja-kaytto\\\/viittaaminen-ja-lahdeluettelot\\\/#primaryimage\"},\"image\":{\"@id\":\"https:\\\/\\\/sites.uef.fi\\\/tiedonhaku-kasvatus\\\/tiedon-arviointi-ja-kaytto\\\/viittaaminen-ja-lahdeluettelot\\\/#primaryimage\"},\"thumbnailUrl\":\"https:\\\/\\\/sites.uef.fi\\\/tiedonhaku-kasvatus\\\/wp-content\\\/uploads\\\/sites\\\/80\\\/2021\\\/07\\\/Viittaaja_Roomassa-e1687349705903.jpg\",\"datePublished\":\"2020-06-30T07:53:06+00:00\",\"dateModified\":\"2025-08-26T12:22:10+00:00\",\"breadcrumb\":{\"@id\":\"https:\\\/\\\/sites.uef.fi\\\/tiedonhaku-kasvatus\\\/tiedon-arviointi-ja-kaytto\\\/viittaaminen-ja-lahdeluettelot\\\/#breadcrumb\"},\"inLanguage\":\"fi\",\"potentialAction\":[{\"@type\":\"ReadAction\",\"target\":[\"https:\\\/\\\/sites.uef.fi\\\/tiedonhaku-kasvatus\\\/tiedon-arviointi-ja-kaytto\\\/viittaaminen-ja-lahdeluettelot\\\/\"]}]},{\"@type\":\"ImageObject\",\"inLanguage\":\"fi\",\"@id\":\"https:\\\/\\\/sites.uef.fi\\\/tiedonhaku-kasvatus\\\/tiedon-arviointi-ja-kaytto\\\/viittaaminen-ja-lahdeluettelot\\\/#primaryimage\",\"url\":\"https:\\\/\\\/sites.uef.fi\\\/tiedonhaku-kasvatus\\\/wp-content\\\/uploads\\\/sites\\\/80\\\/2021\\\/07\\\/Viittaaja_Roomassa-e1687349705903.jpg\",\"contentUrl\":\"https:\\\/\\\/sites.uef.fi\\\/tiedonhaku-kasvatus\\\/wp-content\\\/uploads\\\/sites\\\/80\\\/2021\\\/07\\\/Viittaaja_Roomassa-e1687349705903.jpg\"},{\"@type\":\"BreadcrumbList\",\"@id\":\"https:\\\/\\\/sites.uef.fi\\\/tiedonhaku-kasvatus\\\/tiedon-arviointi-ja-kaytto\\\/viittaaminen-ja-lahdeluettelot\\\/#breadcrumb\",\"itemListElement\":[{\"@type\":\"ListItem\",\"position\":1,\"name\":\"Home\",\"item\":\"https:\\\/\\\/sites.uef.fi\\\/tiedonhaku-kasvatus\\\/\"},{\"@type\":\"ListItem\",\"position\":2,\"name\":\"Tiedon arviointi ja k\u00e4ytt\u00f6\",\"item\":\"https:\\\/\\\/sites.uef.fi\\\/tiedonhaku-kasvatus\\\/tiedon-arviointi-ja-kaytto\\\/\"},{\"@type\":\"ListItem\",\"position\":3,\"name\":\"Miten viittaan oikein? L\u00e4hteiden merkitseminen\"}]},{\"@type\":\"WebSite\",\"@id\":\"https:\\\/\\\/sites.uef.fi\\\/tiedonhaku-kasvatus\\\/#website\",\"url\":\"https:\\\/\\\/sites.uef.fi\\\/tiedonhaku-kasvatus\\\/\",\"name\":\"Kasvatustieteiden tiedonhaku \\\/\\\/ UEF-kirjasto\",\"description\":\"\",\"potentialAction\":[{\"@type\":\"SearchAction\",\"target\":{\"@type\":\"EntryPoint\",\"urlTemplate\":\"https:\\\/\\\/sites.uef.fi\\\/tiedonhaku-kasvatus\\\/?s={search_term_string}\"},\"query-input\":{\"@type\":\"PropertyValueSpecification\",\"valueRequired\":true,\"valueName\":\"search_term_string\"}}],\"inLanguage\":\"fi\"}]}<\/script>\n<!-- \/ Yoast SEO plugin. -->","yoast_head_json":{"title":"Miten viittaan oikein? L\u00e4hteiden merkitseminen - Kasvatustieteiden tiedonhaku \/\/ UEF-kirjasto","robots":{"index":"index","follow":"follow","max-snippet":"max-snippet:-1","max-image-preview":"max-image-preview:large","max-video-preview":"max-video-preview:-1"},"canonical":"https:\/\/sites.uef.fi\/tiedonhaku-kasvatus\/tiedon-arviointi-ja-kaytto\/viittaaminen-ja-lahdeluettelot\/","og_locale":"fi_FI","og_type":"article","og_title":"Miten viittaan oikein? L\u00e4hteiden merkitseminen - Kasvatustieteiden tiedonhaku \/\/ UEF-kirjasto","og_description":"Viittaamalla l\u00e4hteisiin kirjoittaja osoittaa, mit\u00e4 aiempia teorioita, metodeja ja tuloksia h\u00e4nell\u00e4 on ollut tiedossaan ja miten h\u00e4n suhteuttaa omat tuloksensa toisten tulkintoihin. Viitteess\u00e4 ja l\u00e4hdeluettelossa annetaan lukijalle riitt\u00e4v\u00e4t tiedot tunnistaa ja l\u00f6yt\u00e4\u00e4 julkaisu, johon kirjoituksessa viitataan. N\u00e4in esim. tutkielman tarkastaja voi tarkistaa esitetyn paikkansapit\u00e4vyyden. Lis\u00e4ksi viitteill\u00e4 annetaan tunnustus sille, jolle tunnustus kuuluu. Lainaaminen ja viittaaminen [&hellip;]","og_url":"https:\/\/sites.uef.fi\/tiedonhaku-kasvatus\/tiedon-arviointi-ja-kaytto\/viittaaminen-ja-lahdeluettelot\/","og_site_name":"Kasvatustieteiden tiedonhaku \/\/ UEF-kirjasto","article_modified_time":"2025-08-26T12:22:10+00:00","og_image":[{"width":413,"height":550,"url":"https:\/\/sites.uef.fi\/tiedonhaku-kasvatus\/wp-content\/uploads\/sites\/80\/2021\/07\/Viittaaja_Roomassa-e1687350278128.jpg","type":"image\/jpeg"}],"twitter_card":"summary_large_image","twitter_misc":{"Arvioitu lukuaika":"3 minuuttia"},"schema":{"@context":"https:\/\/schema.org","@graph":[{"@type":"WebPage","@id":"https:\/\/sites.uef.fi\/tiedonhaku-kasvatus\/tiedon-arviointi-ja-kaytto\/viittaaminen-ja-lahdeluettelot\/","url":"https:\/\/sites.uef.fi\/tiedonhaku-kasvatus\/tiedon-arviointi-ja-kaytto\/viittaaminen-ja-lahdeluettelot\/","name":"Miten viittaan oikein? L\u00e4hteiden merkitseminen - Kasvatustieteiden tiedonhaku \/\/ UEF-kirjasto","isPartOf":{"@id":"https:\/\/sites.uef.fi\/tiedonhaku-kasvatus\/#website"},"primaryImageOfPage":{"@id":"https:\/\/sites.uef.fi\/tiedonhaku-kasvatus\/tiedon-arviointi-ja-kaytto\/viittaaminen-ja-lahdeluettelot\/#primaryimage"},"image":{"@id":"https:\/\/sites.uef.fi\/tiedonhaku-kasvatus\/tiedon-arviointi-ja-kaytto\/viittaaminen-ja-lahdeluettelot\/#primaryimage"},"thumbnailUrl":"https:\/\/sites.uef.fi\/tiedonhaku-kasvatus\/wp-content\/uploads\/sites\/80\/2021\/07\/Viittaaja_Roomassa-e1687349705903.jpg","datePublished":"2020-06-30T07:53:06+00:00","dateModified":"2025-08-26T12:22:10+00:00","breadcrumb":{"@id":"https:\/\/sites.uef.fi\/tiedonhaku-kasvatus\/tiedon-arviointi-ja-kaytto\/viittaaminen-ja-lahdeluettelot\/#breadcrumb"},"inLanguage":"fi","potentialAction":[{"@type":"ReadAction","target":["https:\/\/sites.uef.fi\/tiedonhaku-kasvatus\/tiedon-arviointi-ja-kaytto\/viittaaminen-ja-lahdeluettelot\/"]}]},{"@type":"ImageObject","inLanguage":"fi","@id":"https:\/\/sites.uef.fi\/tiedonhaku-kasvatus\/tiedon-arviointi-ja-kaytto\/viittaaminen-ja-lahdeluettelot\/#primaryimage","url":"https:\/\/sites.uef.fi\/tiedonhaku-kasvatus\/wp-content\/uploads\/sites\/80\/2021\/07\/Viittaaja_Roomassa-e1687349705903.jpg","contentUrl":"https:\/\/sites.uef.fi\/tiedonhaku-kasvatus\/wp-content\/uploads\/sites\/80\/2021\/07\/Viittaaja_Roomassa-e1687349705903.jpg"},{"@type":"BreadcrumbList","@id":"https:\/\/sites.uef.fi\/tiedonhaku-kasvatus\/tiedon-arviointi-ja-kaytto\/viittaaminen-ja-lahdeluettelot\/#breadcrumb","itemListElement":[{"@type":"ListItem","position":1,"name":"Home","item":"https:\/\/sites.uef.fi\/tiedonhaku-kasvatus\/"},{"@type":"ListItem","position":2,"name":"Tiedon arviointi ja k\u00e4ytt\u00f6","item":"https:\/\/sites.uef.fi\/tiedonhaku-kasvatus\/tiedon-arviointi-ja-kaytto\/"},{"@type":"ListItem","position":3,"name":"Miten viittaan oikein? L\u00e4hteiden merkitseminen"}]},{"@type":"WebSite","@id":"https:\/\/sites.uef.fi\/tiedonhaku-kasvatus\/#website","url":"https:\/\/sites.uef.fi\/tiedonhaku-kasvatus\/","name":"Kasvatustieteiden tiedonhaku \/\/ UEF-kirjasto","description":"","potentialAction":[{"@type":"SearchAction","target":{"@type":"EntryPoint","urlTemplate":"https:\/\/sites.uef.fi\/tiedonhaku-kasvatus\/?s={search_term_string}"},"query-input":{"@type":"PropertyValueSpecification","valueRequired":true,"valueName":"search_term_string"}}],"inLanguage":"fi"}]}},"_links":{"self":[{"href":"https:\/\/sites.uef.fi\/tiedonhaku-kasvatus\/wp-json\/wp\/v2\/pages\/545","targetHints":{"allow":["GET"]}}],"collection":[{"href":"https:\/\/sites.uef.fi\/tiedonhaku-kasvatus\/wp-json\/wp\/v2\/pages"}],"about":[{"href":"https:\/\/sites.uef.fi\/tiedonhaku-kasvatus\/wp-json\/wp\/v2\/types\/page"}],"author":[{"embeddable":true,"href":"https:\/\/sites.uef.fi\/tiedonhaku-kasvatus\/wp-json\/wp\/v2\/users\/171"}],"replies":[{"embeddable":true,"href":"https:\/\/sites.uef.fi\/tiedonhaku-kasvatus\/wp-json\/wp\/v2\/comments?post=545"}],"version-history":[{"count":1,"href":"https:\/\/sites.uef.fi\/tiedonhaku-kasvatus\/wp-json\/wp\/v2\/pages\/545\/revisions"}],"predecessor-version":[{"id":5321,"href":"https:\/\/sites.uef.fi\/tiedonhaku-kasvatus\/wp-json\/wp\/v2\/pages\/545\/revisions\/5321"}],"up":[{"embeddable":true,"href":"https:\/\/sites.uef.fi\/tiedonhaku-kasvatus\/wp-json\/wp\/v2\/pages\/156"}],"wp:attachment":[{"href":"https:\/\/sites.uef.fi\/tiedonhaku-kasvatus\/wp-json\/wp\/v2\/media?parent=545"}],"curies":[{"name":"wp","href":"https:\/\/api.w.org\/{rel}","templated":true}]}}