{"id":554,"date":"2020-06-30T10:56:42","date_gmt":"2020-06-30T07:56:42","guid":{"rendered":"https:\/\/sites.uef.fi\/tiedonhaku-kasvatus\/?page_id=554"},"modified":"2025-07-09T16:02:53","modified_gmt":"2025-07-09T13:02:53","slug":"tekijanoikeus-ja-tutkimusetiikka","status":"publish","type":"page","link":"https:\/\/sites.uef.fi\/tiedonhaku-kasvatus\/tiedon-arviointi-ja-kaytto\/tekijanoikeus-ja-tutkimusetiikka\/","title":{"rendered":"Tekij\u00e4noikeus ja tutkimusetiikka"},"content":{"rendered":"\n<h2 class=\"wp-block-heading\"><strong>Mit\u00e4 julkaisulle tai julkaisulla saa tehd\u00e4 <\/strong>&#8211;<strong> mit\u00e4 ei?<\/strong><\/h2>\n\n\n\n<p>Tekij\u00e4noikeus tarkoittaa tekij\u00e4n oikeutta p\u00e4\u00e4tt\u00e4\u00e4 teoksensa k\u00e4yt\u00f6st\u00e4, jolloin muilla ei ole oikeutta k\u00e4ytt\u00e4\u00e4 teosta ilman tekij\u00e4n lupaa. T\u00e4st\u00e4 on kuitenkin lailla s\u00e4\u00e4dettyj\u00e4 poikkeuksia, jotka sallivat esimerkiksi kopioimisen yksityiseen k\u00e4ytt\u00f6\u00f6n ja siteerauksen.<\/p>\n\n\n\n<p><a href=\"http:\/\/www.finlex.fi\/fi\/laki\/ajantasa\/1961\/19610404\" target=\"_blank\" rel=\"noreferrer noopener\">Tekij\u00e4noikeuslaki (1961\/404)&nbsp;<\/a>(linkki avautuu uuteen v\u00e4lilehteen) ja -asetus s\u00e4\u00e4telev\u00e4t julkaisujen (julkaistujen teosten) k\u00e4ytt\u00f6\u00e4. Tekij\u00e4noikeuteen liittyv\u00e4t asiat eiv\u00e4t ole aivan yksinkertaisia, joten niihin on hyv\u00e4 perehty\u00e4.<\/p>\n\n\n\n<p>My\u00f6s elektroninen aineisto on tekij\u00e4noikeuslain suojaamaa. Kuitenkin esimerkiksi lainatusta kirjasta saa tehd\u00e4 kopion yksityiseen k\u00e4ytt\u00f6\u00f6n (Tekij\u00e4noikeuslaki 12\u00a7). <\/p>\n\n\n\n<p><strong>Sitaattioikeus <\/strong>tarkoittaa, ett\u00e4 \u201dJulkistetusta teoksesta on lupa hyv\u00e4n tavan mukaisesti ottaa lainauksia tarkoituksen edellytt\u00e4m\u00e4ss\u00e4 laajuudessa.\u201d (Tekij\u00e4noikeuslaki 22 \u00a7). Hyv\u00e4n tavan mukaisuudella tarkoitetaan sit\u00e4, ett\u00e4 lainauksella on oltava asiallinen yhteys ty\u00f6h\u00f6n, jossa lainausta k\u00e4ytet\u00e4\u00e4n, ja siteerattaessa l\u00e4hde on aina mainittava.<\/p>\n\n\n\n<p>Jos kopioi toisen tuottamaa teksti\u00e4 omaan ty\u00f6h\u00f6ns\u00e4 ilman asianmukaista l\u00e4hdeviitett\u00e4, syyllistyy plagiointiin. Lue kohdasta <a href=\"https:\/\/sites.uef.fi\/tiedonhaku-kasvatus\/tiedon-arviointi-ja-kaytto\/viittaaminen-ja-lahdeluettelot\/\">Viittaaminen ja l\u00e4hdeluettelo<\/a>, mik\u00e4 on viittaamisen ja plagioinnin ero.<\/p>\n\n\n\n<h2 class=\"wp-block-heading\"><strong>Saako teoksia ladata omaan k\u00e4ytt\u00f6\u00f6n Internetist\u00e4?<\/strong><\/h2>\n\n\n\n<p>Teoksia saa ladata omaan k\u00e4ytt\u00f6\u00f6n Internetist\u00e4, jos ne on siell\u00e4 saatettu yleis\u00f6n saataviin laillisesti.<\/p>\n\n\n\n<p>Omaan k\u00e4ytt\u00f6\u00f6n voi siis kopioida ja ladata, mutta esimerkiksi omalle web-sivulle ei. Linkin toisen teokseen saa tehd\u00e4.<\/p>\n\n\n\n<p>Kuitenkin esim. kirjaston hankkimat elektroniset kirjat ovat erillisten sopimusten alaista aineistoa ja niit\u00e4 ei voi ladata pysyv\u00e4sti omalle koneelleen. E-kirjoista voit tallentaa tai tulostaa mahdollisesti yksitt\u00e4isi\u00e4 lukuja.<\/p>\n\n\n\n<p>Kirjaston hankkimien elektronisen julkaisujen (e-kirjojen, e-lehtien, hakuteoksien, sanakirjojen) ja tietokantojen k\u00e4ytt\u00f6\u00e4 s\u00e4\u00e4telev\u00e4t erilliset sopimusehdot. <strong>K\u00e4ytt\u00f6ehdot poikkeavat aineistoittain.<\/strong> Aineistokohtaiset <a href=\"https:\/\/www.kiwi.fi\/pages\/viewpage.action?pageId=197329679\" target=\"_blank\" rel=\"noreferrer noopener\">FinELib-aineistojen k\u00e4ytt\u00f6ehdot (linkki avautuu uuteen v\u00e4lile<\/a><a href=\"https:\/\/www.kiwi.fi\/pages\/viewpage.action?pageId=43451158\" target=\"_blank\" rel=\"noreferrer noopener\">hteen)<\/a> l\u00f6ytyv\u00e4t Kansalliskirjaston sivuilta tai UEF-Primosta k.o. tietokannan tarkemmissa tiedoissa kohdasta Huomautus k\u00e4ytt\u00f6ehdoista.<\/p>\n\n\n\n<h2 class=\"wp-block-heading\"><strong>Mit\u00e4 saa tehd\u00e4 (yleens\u00e4)? Mit\u00e4 ei saa tehd\u00e4 (yleens\u00e4)?<\/strong><\/h2>\n\n\n\n<p><strong>P\u00e4\u00e4s\u00e4\u00e4nt\u00f6isesti sallittua on:<\/strong><\/p>\n\n\n\n<ul class=\"wp-block-list\">\n<li>selailla ja tehd\u00e4 tiedonhakuja<\/li>\n\n\n\n<li>katsella aineistoja rajoittamattomasti n\u00e4ytt\u00f6ruudulta<\/li>\n\n\n\n<li>kohtuullisessa m\u00e4\u00e4rin tulostaa paperille tai tallentaa hakujen tuloksia <strong>omaan opiskelu- tai tutkimusk\u00e4ytt\u00f6\u00f6n (ei-kaupalliseen<\/strong> tarkoitukseen)<\/li>\n\n\n\n<li>l\u00e4hett\u00e4\u00e4 s\u00e4hk\u00f6postitse tai paperikopioina yksitt\u00e4isi\u00e4 artikkeleita toiselle henkil\u00f6lle henkil\u00f6kohtaiseen k\u00e4ytt\u00f6\u00f6n <strong>tieteellisen kommunikoinnin<\/strong> nimiss\u00e4<\/li>\n\n\n\n<li>jos teet oppimisymp\u00e4rist\u00f6\u00f6n tai www-sivulle (tai muuhun julkiseen palveluun) linkin elektroniseen artikkeliin, e-kirjan kappaleeseen tms.,&nbsp; aineiston k\u00e4ytt\u00e4j\u00e4n k\u00e4ytt\u00f6oikeus on erikseen tarkistettava!<\/li>\n<\/ul>\n\n\n\n<p><strong>P\u00e4\u00e4s\u00e4\u00e4nt\u00f6isesti sallittua ei ole:<\/strong><\/p>\n\n\n\n<ul class=\"wp-block-list\">\n<li>k\u00e4ytt\u00e4\u00e4 aineistoa tai osaa siit\u00e4 kaupallisiin tarkoituksiin<\/li>\n\n\n\n<li>levitt\u00e4\u00e4, myyd\u00e4 tai muokata aineistoa tai tehd\u00e4 siit\u00e4 johdannaisteoksia tai antaa aineistoa muille kuin sen k\u00e4ytt\u00f6\u00f6n oikeutetuille henkil\u00f6ille<\/li>\n\n\n\n<li>poistaa tai muuttaa aineistossa olevia tekij\u00f6iden nimi\u00e4 tai kustantajan tekij\u00e4noikeusmerkint\u00f6j\u00e4 tai muita tunnistetietoja tai kieltoja<\/li>\n\n\n\n<li>k\u00e4ytt\u00e4\u00e4 ohjelmistoja, jotka automaattisesti haravoivat aineistoja<\/li>\n\n\n\n<li>j\u00e4rjestelm\u00e4llisesti kopioida tai tulostaa aineistoa paperille tai julkaista aineistoa uudelleen muussa muodossa<\/li>\n\n\n\n<li>tallentaa omalle laitteelle suuria m\u00e4\u00e4ri\u00e4 j\u00e4rjestelm\u00e4llisesti (esim. lehtien kokonaisia numeroita tai vuosikertoja) tai laittaa esimerkiksi omalle nettisivulle tai muuhun julkiseen palveluun<\/li>\n<\/ul>\n\n\n\n<p><a href=\"https:\/\/www.uef.fi\/fi\/kirjasto\/e-aineistojen-kaytto\" target=\"_blank\" rel=\"noreferrer noopener\">Lis\u00e4tietoja e-aineistojen k\u00e4yt\u00f6st\u00e4<\/a> l\u00f6yd\u00e4t kirjaston kotisivuilta (linkki avautuu uuteen v\u00e4lilehteen).<\/p>\n\n\n\n<h2 class=\"wp-block-heading\"><strong>Kuka saa k\u00e4ytt\u00e4\u00e4 kirjaston s\u00e4hk\u00f6isi\u00e4 aineistoja?<\/strong><\/h2>\n\n\n\n<p><strong>Lisensioidut elektroniset aineistot<\/strong> ovat It\u00e4-Suomen yliopiston perus- ja jatko-opiskelijoiden, avoimen yliopiston opiskelijoilla sek\u00e4 yliopiston ja KYSin henkil\u00f6kunnan k\u00e4ytett\u00e4viss\u00e4 yliopiston ja KYSin verkoissa sek\u00e4 et\u00e4yhteydell\u00e4 kotimikroilla, Lis\u00e4ksi k\u00e4ytt\u00f6oikeus on joillakin tarkoin m\u00e4\u00e4ritellyill\u00e4 erillis- tai erikoistumiskoulutusryhmill\u00e4. <\/p>\n\n\n\n<p>Ulkopuoliset asiakkaat saavat k\u00e4ytt\u00e4\u00e4 aineistoja yliopiston verkossa ja kampuskirjastoissa.<\/p>\n\n\n\n<h2 class=\"wp-block-heading\"><strong>Tutkimusetiikka<\/strong><\/h2>\n\n\n\n<p>Yliopisto noudattaa tutkimustoiminnassaan hyv\u00e4\u00e4 tieteellist\u00e4 k\u00e4yt\u00e4nt\u00f6\u00e4 ja Tutkimuseettisen neuvottelukunnan laatimia tutkimuseettisi\u00e4 ohjeita. Lis\u00e4tietoa l\u00f6yd\u00e4t <a href=\"https:\/\/www.uef.fi\/fi\/tutkimusetiikka\" target=\"_blank\" rel=\"noreferrer noopener\">UEF:n tutkimusetiikan sivuilta (linkki avautuu uuteen v\u00e4lilehteen)<\/a>.<\/p>\n\n\n\n<p>Kamun Opiskelijan k\u00e4sikirjassa, kerrotaan It\u00e4-Suomen yliopiston <a href=\"https:\/\/kamu.uef.fi\/student-book\/opetuksen-ja-opiskelun-eettiset-ohjeet\/\" target=\"_blank\" rel=\"noreferrer noopener\">Opetuksen ja opiskelun eettiset ohjeet<\/a> (linkki avautuu uuteen v\u00e4lilehteen), jotka ohjaavat opiskelun, opetuksen ja tutkimuksen etiikkaa ja hyv\u00e4\u00e4 tieteellist\u00e4 k\u00e4yt\u00e4nt\u00f6\u00e4.<\/p>\n\n\n\n<p>Tutkimusetiikan periaatteet koskevat niin tutkijoita, opettajia kuin opiskelijoita. It\u00e4\u2010Suomen yliopisto on sitoutunut noudattamaan <a href=\"https:\/\/www.tenk.fi\/fi\" target=\"_blank\" rel=\"noreferrer noopener\">Tutkimuseettisen neuvottelukunnan (TENK)<\/a> (linkki avautuu uuteen v\u00e4lilehteen) ohjeita hyv\u00e4st\u00e4 tieteellisest\u00e4 k\u00e4yt\u00e4nn\u00f6st\u00e4. Hyv\u00e4\u00e4n tieteelliseen k\u00e4yt\u00e4nt\u00f6\u00f6n kuuluu:<\/p>\n\n\n\n<ul class=\"wp-block-list\">\n<li>Toimintatapoina rehellisyys, huolellisuus ja tarkkuus tutkimuksessa, tulosten tallentamisessa ja esitt\u00e4misess\u00e4 sek\u00e4 tutkimusten ja niiden tulosten arvioinnissa<\/li>\n\n\n\n<li>Eettisesti kest\u00e4v\u00e4t tiedonhankinta-, tutkimus- ja arviointimenetelm\u00e4t sek\u00e4 avoimuus tulosten julkaisussa<\/li>\n\n\n\n<li>Muiden tutkijoiden ty\u00f6n ja saavutusten asianmukainen huomioon ottaminen<\/li>\n\n\n\n<li>Tutkimuksen suunnittelu, toteutus ja raportointi tieteelliselle tiedolle asettettujen vaatimusten mukaan<\/li>\n\n\n\n<li>Tutkimusryhm\u00e4n j\u00e4senten asema, oikeudet, osuus tekijyydest\u00e4, vastuut ja velvollisuudet sek\u00e4 aineistojen s\u00e4ilytt\u00e4minen ja k\u00e4ytt\u00f6oikeudet on m\u00e4\u00e4ritelty ennen tutkimuksen alkamista tai tutkijan rekrytointia<\/li>\n\n\n\n<li>Tarvittavat tutkimusluvat on hankittu ja tietyill\u00e4 aloilla vaadittava eettinen ennakkoarviointi on tehty<\/li>\n\n\n\n<li>Rahoitusl\u00e4hteiden ja sidonnaisuuksien ilmoittaminen<\/li>\n\n\n\n<li>Hyv\u00e4 hallintok\u00e4yt\u00e4nt\u00f6 sek\u00e4 henkil\u00f6st\u00f6- ja taloushallinto<\/li>\n<\/ul>\n\n\n\t<div id=\"accordion-block_27627f127a71a282aa01a91789f30ffc\" class=\"accordions\">\n\t\t\t\t\t<div class=\"accordion accordion-js\">\n\t\t\t\t<button class=\"accordion__button\" aria-controls=\"content-4088\" aria-expanded=\"false\" id=\"accordion-control-4088\">\n\t\t\t\t\t<h3 class=\"accordion__heading\" >\n\t\t\t\t\t\tL\u00e4hteit\u00e4 ja lis\u00e4lukemista\t\t\t\t\t<\/h3>\n\t\t\t\t<\/button>\n\t\t\t\t<div class=\"accordion__content\" role=\"region\" aria-labelledby=\"accordion-control-4088\" aria-hidden=\"true\" id=\"content-4088\">\n\t\t\t\t\t<p>L\u00e4hteit\u00e4 tutkimusetiikasta (linkit avautuvat uuteen v\u00e4lilehteen)<\/p>\n<ul>\n<li><a href=\"https:\/\/www.uef.fi\/tutkimusetiikka\" target=\"_blank\" rel=\"noopener noreferrer\">It\u00e4-Suomen yliopiston tutkimusetiikan sivusto<\/a><\/li>\n<li><span class=\"text-334\" lang=\"fi\">\u00a0<\/span><span class=\"text-334\" lang=\"fi\"><span class=\"text-334\" lang=\"fi\">Aiotko haastatella tai muuten tarkastella eri-ik\u00e4isi\u00e4 ihmisi\u00e4 tieteen nimiss\u00e4? Tutkimuseettinen neuvottelukunnan <a href=\"https:\/\/www.youtube.com\/watch?v=r36SZE5OyBg\" target=\"_blank\" rel=\"noopener\">TENKin tekem\u00e4 animaatiovideo.<\/a><\/span><\/span><span class=\"text-334\" lang=\"fi\"><span class=\"text-334\" lang=\"fi\"><br \/>\n<\/span><\/span><\/p>\n<p><span class=\"text-334\" lang=\"fi\">(julkaistu 20.4.2020, CC-BY 4.0, kesto 2:25, L\u00e4hde: Tutkimuseettinen neuvottelukunta (TENK) ja Linda Saukko-Rauta\/Redanredan. Videot on lisensoitu <a href=\"https:\/\/creativecommons.org\/licenses\/by\/4.0\/\">CC BY 4.0 -lisenssill\u00e4<\/a>.). Lis\u00e4tietoa l\u00f6ytyy neuvottelukunnan sivuilta. <\/span><\/li>\n<\/ul>\n<p>L\u00e4hteit\u00e4 tekij\u00e4noikeudesta (linkit avautuvat uuteen v\u00e4lilehteen):<\/p>\n<ul>\n<li><a href=\"https:\/\/operight.fi\/\" target=\"_blank\" rel=\"noopener noreferrer\">Operight<\/a> &#8211; tekij\u00e4noikeus opetusty\u00f6ss\u00e4. Mukana opetusmateriaaliksi soveltuvaa aineistoa.<\/li>\n<li><a href=\"https:\/\/minedu.fi\/tekijanoikeus\" target=\"_blank\" rel=\"noopener noreferrer\">Opetus- ja kulttuuriministeri\u00f6n tekij\u00e4noikeussivusto <\/a> &#8211; Opetus- ja kulttuuriministeri\u00f6 valmistelee tekij\u00e4noikeuteen liittyv\u00e4t lakiehdotukset eduskunnan p\u00e4\u00e4tett\u00e4v\u00e4ksi ja neuvottelee alan kansainv\u00e4lisist\u00e4 sopimuksista.<\/li>\n<li><a href=\"https:\/\/tekijanoikeus.fi\/\" target=\"_blank\" rel=\"noopener\">tekijanoikeus.fi<\/a> Oppilaitoksille ja kaikille kansalaisille kattavaa ja helppolukuista tietoa tekij\u00e4noikeudesta, Suomen tekij\u00e4noikeusj\u00e4rjest\u00f6ist\u00e4 ja saatavilla olevasta opetusmateriaalista. Oppimateriaaliksi soveltuvaa aineistoa.<\/li>\n<li><a href=\"https:\/\/kopiraittila.fi\/\" target=\"_blank\" rel=\"noopener noreferrer\">Kopiraittila<\/a> &#8211; Kopioston tuottamaa pelillist\u00e4 materiaalia tekij\u00e4noikeuksien oppimiseen ja opettamiseen ja tekij\u00e4noikeusopas<\/li>\n<li><a href=\"http:\/\/kuvasto.fi\/kuvaoikeuksien-abc\/\" target=\"_blank\" rel=\"noopener\">Kuvasto &#8211; kuvaoikeuksien ABC<\/a>: Tekij\u00e4noikeudet kuvataiteen teoksissa. Mitk\u00e4 ovat rajoitukset ja k\u00e4ytt\u00f6mahdollisuudet (valokuvateos tai muu kuvataiteen teos, rakennustaiteen, taidek\u00e4sity\u00f6n tai taideteollisuuden teos, kartta, selitt\u00e4v\u00e4 piirustus, graafinen tai plastillinen teos, tietokoneohjelma tai muu teos).<\/li>\n<\/ul>\n\t\t\t\t<\/div>\n\t\t\t<\/div>\n\t\t\t\t\t<div class=\"accordion accordion-js\">\n\t\t\t\t<button class=\"accordion__button\" aria-controls=\"content-7833\" aria-expanded=\"false\" id=\"accordion-control-7833\">\n\t\t\t\t\t<h3 class=\"accordion__heading\" >\n\t\t\t\t\t\tAvoimet oppimateriaalit\t\t\t\t\t<\/h3>\n\t\t\t\t<\/button>\n\t\t\t\t<div class=\"accordion__content\" role=\"region\" aria-labelledby=\"accordion-control-7833\" aria-hidden=\"true\" id=\"content-7833\">\n\t\t\t\t\t<p><strong>Avoimet oppimateriaalit<\/strong> (OER, open educational resources) ovat vapaasti hy\u00f6dynnett\u00e4vi\u00e4 materiaaleja, esimerkiksi tekstit, kuvat, videot, podcastit, data, tutkimusjulkaisut, kokonaiset kurssit tai muu materiaali. Avoimia oppimateriaaleja voi k\u00e4ytt\u00e4\u00e4 oppimiseen ja opetukseen, kunhan ottaa huomioon mahdolliset <strong>lisenssiehdot<\/strong>. Tai oletko kiinnostunut avaamaan oman oppimateriaalisi?<\/p>\n<p>Avoimia oppimateriaaleja voi hakea <a href=\"https:\/\/aoe.fi\/#\/etusivu\" target=\"_blank\" rel=\"noopener\">kansallisesta avointen oppimateriaalien palvelusta, (aoe.fi, linkki avautuu uuteen v\u00e4lilehteen)<\/a> kaikille koulutusasteille. Sinne kannattaa my\u00f6s tallentaa tiedot omasta avoimesta oppimateriaalista. Aoe:n materiaaleja voi hakea my\u00f6s museoiden, kirjastojen ja arkistojen aineistoja kokoavasta <a href=\"https:\/\/finna.fi\/\">Finna.fi<\/a>:st\u00e4 (linkki avautuu uuteen v\u00e4lilehteen).<\/p>\n<p>Kun k\u00e4yt\u00e4t avointa oppimateriaalia, huomioi sen k\u00e4ytt\u00f6-\/lisenssiehdot. Avoimelle oppimateriaalille suositellaan<strong> Creative Commons lisenssej\u00e4<\/strong>. CC-lisensoitujen materiaalien k\u00e4ytt\u00f6ehdot ovat helposti ymm\u00e4rrett\u00e4v\u00e4ss\u00e4 muodossa ja niit\u00e4 on turvallista k\u00e4ytt\u00e4\u00e4 opetuksessa. UEF Heimosta l\u00f6yd\u00e4t \u200b\u200b\u200b\u200b\u200b\u200b\u200b\u200b\u200b\u200b\u200b\u200b\u200b\u200b\u200b<a href=\"https:\/\/studentuef.sharepoint.com\/sites\/heimo_fi\/palvelut\/creative-commons-cc-lisenssi\/Sivut\/CC-lisensoituja-aineistoja.aspx\" target=\"_blank\" rel=\"noopener\">CC-lisensoituja aineistoj\u200ba<\/a> sek\u00e4 ohjeet <a href=\"https:\/\/studentuef.sharepoint.com\/sites\/heimo_fi\/palvelut\/creative-commons-cc-lisenssi\/Sivut\/etusivu.aspx\" target=\"_blank\" rel=\"noopener\">CC-lisenssien k\u00e4ytt\u00f6\u00f6n<\/a> (linkki avautuu uuteen v\u00e4lilehteen).<\/p>\n<p>Muiden laatimien opetusmateriaalien tai muiden teosten opetusk\u00e4yt\u00f6n on perustuttava:<\/p>\n<ul>\n<li>tekij\u00e4noikeuden haltijan suostumukseen \/ tekij\u00e4n kanssa solmittuun sopimukseen<\/li>\n<li>k\u00e4yt\u00f6n sallivaan lisenssiin (esim. <a href=\"https:\/\/creativecommons.org\/about\/cclicenses\/\" target=\"_blank\" rel=\"noopener\">CC-lisenssit<\/a>) tai<\/li>\n<li><a href=\"https:\/\/kopiraittila.fi\/tekijanoikeustietoa\/opettajan-tekijanoikeus\/\" target=\"_blank\" rel=\"noopener\">Kopioston sopimukseen opetusk\u00e4yt\u00f6st\u00e4<\/a>.<\/li>\n<\/ul>\n<p>Lue lis\u00e4\u00e4 kiinnostavaa tietoa avoimesta oppimisesta, avoimien oppimateriaalien hy\u00f6dynt\u00e4misest\u00e4 ja oman materiaalin avaamisesta <a href=\"https:\/\/www.uef.fi\/fi\/avoin-oppiminen#paragraph-17393\" target=\"_blank\" rel=\"noopener\">UEF:n Avoin oppiminen -sivustolla<\/a> (linkki avautuu uudessa v\u00e4lilehdess\u00e4)<\/p>\n\t\t\t\t<\/div>\n\t\t\t<\/div>\n\t\t\t<\/div>\n\t","protected":false},"excerpt":{"rendered":"<p>Mit\u00e4 julkaisulle tai julkaisulla saa tehd\u00e4 &#8211; mit\u00e4 ei? Tekij\u00e4noikeus tarkoittaa tekij\u00e4n oikeutta p\u00e4\u00e4tt\u00e4\u00e4 teoksensa k\u00e4yt\u00f6st\u00e4, jolloin muilla ei ole oikeutta k\u00e4ytt\u00e4\u00e4 teosta ilman tekij\u00e4n lupaa. T\u00e4st\u00e4 on kuitenkin lailla s\u00e4\u00e4dettyj\u00e4 poikkeuksia, jotka sallivat esimerkiksi kopioimisen yksityiseen k\u00e4ytt\u00f6\u00f6n ja siteerauksen. Tekij\u00e4noikeuslaki (1961\/404)&nbsp;(linkki avautuu uuteen v\u00e4lilehteen) ja -asetus s\u00e4\u00e4telev\u00e4t julkaisujen (julkaistujen teosten) k\u00e4ytt\u00f6\u00e4. Tekij\u00e4noikeuteen liittyv\u00e4t asiat [&hellip;]<\/p>\n","protected":false},"author":171,"featured_media":0,"parent":156,"menu_order":0,"comment_status":"closed","ping_status":"closed","template":"","meta":{"_acf_changed":false,"_monsterinsights_skip_tracking":false,"_monsterinsights_sitenote_active":false,"_monsterinsights_sitenote_note":"","_monsterinsights_sitenote_category":0,"footnotes":""},"class_list":["post-554","page","type-page","status-publish","hentry"],"acf":[],"yoast_head":"<!-- This site is optimized with the Yoast SEO plugin v27.3 - https:\/\/yoast.com\/product\/yoast-seo-wordpress\/ -->\n<title>Tekij\u00e4noikeus ja tutkimusetiikka - Kasvatustieteiden tiedonhaku \/\/ UEF-kirjasto<\/title>\n<meta name=\"robots\" content=\"index, follow, max-snippet:-1, max-image-preview:large, max-video-preview:-1\" \/>\n<link rel=\"canonical\" href=\"https:\/\/sites.uef.fi\/tiedonhaku-kasvatus\/tiedon-arviointi-ja-kaytto\/tekijanoikeus-ja-tutkimusetiikka\/\" \/>\n<meta property=\"og:locale\" content=\"fi_FI\" \/>\n<meta property=\"og:type\" content=\"article\" \/>\n<meta property=\"og:title\" content=\"Tekij\u00e4noikeus ja tutkimusetiikka - Kasvatustieteiden tiedonhaku \/\/ UEF-kirjasto\" \/>\n<meta property=\"og:description\" content=\"Mit\u00e4 julkaisulle tai julkaisulla saa tehd\u00e4 &#8211; mit\u00e4 ei? Tekij\u00e4noikeus tarkoittaa tekij\u00e4n oikeutta p\u00e4\u00e4tt\u00e4\u00e4 teoksensa k\u00e4yt\u00f6st\u00e4, jolloin muilla ei ole oikeutta k\u00e4ytt\u00e4\u00e4 teosta ilman tekij\u00e4n lupaa. T\u00e4st\u00e4 on kuitenkin lailla s\u00e4\u00e4dettyj\u00e4 poikkeuksia, jotka sallivat esimerkiksi kopioimisen yksityiseen k\u00e4ytt\u00f6\u00f6n ja siteerauksen. Tekij\u00e4noikeuslaki (1961\/404)&nbsp;(linkki avautuu uuteen v\u00e4lilehteen) ja -asetus s\u00e4\u00e4telev\u00e4t julkaisujen (julkaistujen teosten) k\u00e4ytt\u00f6\u00e4. Tekij\u00e4noikeuteen liittyv\u00e4t asiat [&hellip;]\" \/>\n<meta property=\"og:url\" content=\"https:\/\/sites.uef.fi\/tiedonhaku-kasvatus\/tiedon-arviointi-ja-kaytto\/tekijanoikeus-ja-tutkimusetiikka\/\" \/>\n<meta property=\"og:site_name\" content=\"Kasvatustieteiden tiedonhaku \/\/ UEF-kirjasto\" \/>\n<meta property=\"article:modified_time\" content=\"2025-07-09T13:02:53+00:00\" \/>\n<meta name=\"twitter:card\" content=\"summary_large_image\" \/>\n<meta name=\"twitter:label1\" content=\"Arvioitu lukuaika\" \/>\n\t<meta name=\"twitter:data1\" content=\"4 minuuttia\" \/>\n<script type=\"application\/ld+json\" class=\"yoast-schema-graph\">{\"@context\":\"https:\\\/\\\/schema.org\",\"@graph\":[{\"@type\":\"WebPage\",\"@id\":\"https:\\\/\\\/sites.uef.fi\\\/tiedonhaku-kasvatus\\\/tiedon-arviointi-ja-kaytto\\\/tekijanoikeus-ja-tutkimusetiikka\\\/\",\"url\":\"https:\\\/\\\/sites.uef.fi\\\/tiedonhaku-kasvatus\\\/tiedon-arviointi-ja-kaytto\\\/tekijanoikeus-ja-tutkimusetiikka\\\/\",\"name\":\"Tekij\u00e4noikeus ja tutkimusetiikka - Kasvatustieteiden tiedonhaku \\\/\\\/ UEF-kirjasto\",\"isPartOf\":{\"@id\":\"https:\\\/\\\/sites.uef.fi\\\/tiedonhaku-kasvatus\\\/#website\"},\"datePublished\":\"2020-06-30T07:56:42+00:00\",\"dateModified\":\"2025-07-09T13:02:53+00:00\",\"breadcrumb\":{\"@id\":\"https:\\\/\\\/sites.uef.fi\\\/tiedonhaku-kasvatus\\\/tiedon-arviointi-ja-kaytto\\\/tekijanoikeus-ja-tutkimusetiikka\\\/#breadcrumb\"},\"inLanguage\":\"fi\",\"potentialAction\":[{\"@type\":\"ReadAction\",\"target\":[\"https:\\\/\\\/sites.uef.fi\\\/tiedonhaku-kasvatus\\\/tiedon-arviointi-ja-kaytto\\\/tekijanoikeus-ja-tutkimusetiikka\\\/\"]}]},{\"@type\":\"BreadcrumbList\",\"@id\":\"https:\\\/\\\/sites.uef.fi\\\/tiedonhaku-kasvatus\\\/tiedon-arviointi-ja-kaytto\\\/tekijanoikeus-ja-tutkimusetiikka\\\/#breadcrumb\",\"itemListElement\":[{\"@type\":\"ListItem\",\"position\":1,\"name\":\"Home\",\"item\":\"https:\\\/\\\/sites.uef.fi\\\/tiedonhaku-kasvatus\\\/\"},{\"@type\":\"ListItem\",\"position\":2,\"name\":\"Tiedon arviointi ja k\u00e4ytt\u00f6\",\"item\":\"https:\\\/\\\/sites.uef.fi\\\/tiedonhaku-kasvatus\\\/tiedon-arviointi-ja-kaytto\\\/\"},{\"@type\":\"ListItem\",\"position\":3,\"name\":\"Tekij\u00e4noikeus ja tutkimusetiikka\"}]},{\"@type\":\"WebSite\",\"@id\":\"https:\\\/\\\/sites.uef.fi\\\/tiedonhaku-kasvatus\\\/#website\",\"url\":\"https:\\\/\\\/sites.uef.fi\\\/tiedonhaku-kasvatus\\\/\",\"name\":\"Kasvatustieteiden tiedonhaku \\\/\\\/ UEF-kirjasto\",\"description\":\"\",\"potentialAction\":[{\"@type\":\"SearchAction\",\"target\":{\"@type\":\"EntryPoint\",\"urlTemplate\":\"https:\\\/\\\/sites.uef.fi\\\/tiedonhaku-kasvatus\\\/?s={search_term_string}\"},\"query-input\":{\"@type\":\"PropertyValueSpecification\",\"valueRequired\":true,\"valueName\":\"search_term_string\"}}],\"inLanguage\":\"fi\"}]}<\/script>\n<!-- \/ Yoast SEO plugin. -->","yoast_head_json":{"title":"Tekij\u00e4noikeus ja tutkimusetiikka - Kasvatustieteiden tiedonhaku \/\/ UEF-kirjasto","robots":{"index":"index","follow":"follow","max-snippet":"max-snippet:-1","max-image-preview":"max-image-preview:large","max-video-preview":"max-video-preview:-1"},"canonical":"https:\/\/sites.uef.fi\/tiedonhaku-kasvatus\/tiedon-arviointi-ja-kaytto\/tekijanoikeus-ja-tutkimusetiikka\/","og_locale":"fi_FI","og_type":"article","og_title":"Tekij\u00e4noikeus ja tutkimusetiikka - Kasvatustieteiden tiedonhaku \/\/ UEF-kirjasto","og_description":"Mit\u00e4 julkaisulle tai julkaisulla saa tehd\u00e4 &#8211; mit\u00e4 ei? Tekij\u00e4noikeus tarkoittaa tekij\u00e4n oikeutta p\u00e4\u00e4tt\u00e4\u00e4 teoksensa k\u00e4yt\u00f6st\u00e4, jolloin muilla ei ole oikeutta k\u00e4ytt\u00e4\u00e4 teosta ilman tekij\u00e4n lupaa. T\u00e4st\u00e4 on kuitenkin lailla s\u00e4\u00e4dettyj\u00e4 poikkeuksia, jotka sallivat esimerkiksi kopioimisen yksityiseen k\u00e4ytt\u00f6\u00f6n ja siteerauksen. Tekij\u00e4noikeuslaki (1961\/404)&nbsp;(linkki avautuu uuteen v\u00e4lilehteen) ja -asetus s\u00e4\u00e4telev\u00e4t julkaisujen (julkaistujen teosten) k\u00e4ytt\u00f6\u00e4. Tekij\u00e4noikeuteen liittyv\u00e4t asiat [&hellip;]","og_url":"https:\/\/sites.uef.fi\/tiedonhaku-kasvatus\/tiedon-arviointi-ja-kaytto\/tekijanoikeus-ja-tutkimusetiikka\/","og_site_name":"Kasvatustieteiden tiedonhaku \/\/ UEF-kirjasto","article_modified_time":"2025-07-09T13:02:53+00:00","twitter_card":"summary_large_image","twitter_misc":{"Arvioitu lukuaika":"4 minuuttia"},"schema":{"@context":"https:\/\/schema.org","@graph":[{"@type":"WebPage","@id":"https:\/\/sites.uef.fi\/tiedonhaku-kasvatus\/tiedon-arviointi-ja-kaytto\/tekijanoikeus-ja-tutkimusetiikka\/","url":"https:\/\/sites.uef.fi\/tiedonhaku-kasvatus\/tiedon-arviointi-ja-kaytto\/tekijanoikeus-ja-tutkimusetiikka\/","name":"Tekij\u00e4noikeus ja tutkimusetiikka - Kasvatustieteiden tiedonhaku \/\/ UEF-kirjasto","isPartOf":{"@id":"https:\/\/sites.uef.fi\/tiedonhaku-kasvatus\/#website"},"datePublished":"2020-06-30T07:56:42+00:00","dateModified":"2025-07-09T13:02:53+00:00","breadcrumb":{"@id":"https:\/\/sites.uef.fi\/tiedonhaku-kasvatus\/tiedon-arviointi-ja-kaytto\/tekijanoikeus-ja-tutkimusetiikka\/#breadcrumb"},"inLanguage":"fi","potentialAction":[{"@type":"ReadAction","target":["https:\/\/sites.uef.fi\/tiedonhaku-kasvatus\/tiedon-arviointi-ja-kaytto\/tekijanoikeus-ja-tutkimusetiikka\/"]}]},{"@type":"BreadcrumbList","@id":"https:\/\/sites.uef.fi\/tiedonhaku-kasvatus\/tiedon-arviointi-ja-kaytto\/tekijanoikeus-ja-tutkimusetiikka\/#breadcrumb","itemListElement":[{"@type":"ListItem","position":1,"name":"Home","item":"https:\/\/sites.uef.fi\/tiedonhaku-kasvatus\/"},{"@type":"ListItem","position":2,"name":"Tiedon arviointi ja k\u00e4ytt\u00f6","item":"https:\/\/sites.uef.fi\/tiedonhaku-kasvatus\/tiedon-arviointi-ja-kaytto\/"},{"@type":"ListItem","position":3,"name":"Tekij\u00e4noikeus ja tutkimusetiikka"}]},{"@type":"WebSite","@id":"https:\/\/sites.uef.fi\/tiedonhaku-kasvatus\/#website","url":"https:\/\/sites.uef.fi\/tiedonhaku-kasvatus\/","name":"Kasvatustieteiden tiedonhaku \/\/ UEF-kirjasto","description":"","potentialAction":[{"@type":"SearchAction","target":{"@type":"EntryPoint","urlTemplate":"https:\/\/sites.uef.fi\/tiedonhaku-kasvatus\/?s={search_term_string}"},"query-input":{"@type":"PropertyValueSpecification","valueRequired":true,"valueName":"search_term_string"}}],"inLanguage":"fi"}]}},"_links":{"self":[{"href":"https:\/\/sites.uef.fi\/tiedonhaku-kasvatus\/wp-json\/wp\/v2\/pages\/554","targetHints":{"allow":["GET"]}}],"collection":[{"href":"https:\/\/sites.uef.fi\/tiedonhaku-kasvatus\/wp-json\/wp\/v2\/pages"}],"about":[{"href":"https:\/\/sites.uef.fi\/tiedonhaku-kasvatus\/wp-json\/wp\/v2\/types\/page"}],"author":[{"embeddable":true,"href":"https:\/\/sites.uef.fi\/tiedonhaku-kasvatus\/wp-json\/wp\/v2\/users\/171"}],"replies":[{"embeddable":true,"href":"https:\/\/sites.uef.fi\/tiedonhaku-kasvatus\/wp-json\/wp\/v2\/comments?post=554"}],"version-history":[{"count":1,"href":"https:\/\/sites.uef.fi\/tiedonhaku-kasvatus\/wp-json\/wp\/v2\/pages\/554\/revisions"}],"predecessor-version":[{"id":5306,"href":"https:\/\/sites.uef.fi\/tiedonhaku-kasvatus\/wp-json\/wp\/v2\/pages\/554\/revisions\/5306"}],"up":[{"embeddable":true,"href":"https:\/\/sites.uef.fi\/tiedonhaku-kasvatus\/wp-json\/wp\/v2\/pages\/156"}],"wp:attachment":[{"href":"https:\/\/sites.uef.fi\/tiedonhaku-kasvatus\/wp-json\/wp\/v2\/media?parent=554"}],"curies":[{"name":"wp","href":"https:\/\/api.w.org\/{rel}","templated":true}]}}