{"id":703,"date":"2020-07-01T16:32:59","date_gmt":"2020-07-01T13:32:59","guid":{"rendered":"https:\/\/sites.uef.fi\/tiedonhaku-kasvatus\/?page_id=703"},"modified":"2025-06-23T13:05:55","modified_gmt":"2025-06-23T10:05:55","slug":"tilastot-lainsaadanto-ja-virallistieto","status":"publish","type":"page","link":"https:\/\/sites.uef.fi\/tiedonhaku-kasvatus\/tiedonlahteet-ja-tietokannat\/tilastot-lainsaadanto-ja-virallistieto\/","title":{"rendered":"Tilastot, lains\u00e4\u00e4d\u00e4nt\u00f6 ja virallistieto"},"content":{"rendered":"\n<p>T\u00e4h\u00e4n on koottu valikoituja linkkej\u00e4 tilastoihin, lains\u00e4\u00e4d\u00e4nt\u00f6\u00f6n ja virallistietoon. <\/p>\n\n\n\n<h2 class=\"wp-block-heading\">Lains\u00e4\u00e4d\u00e4nn\u00f6n ja virallistiedon haku<\/h2>\n\n\n\n<p><a href=\"https:\/\/primo.uef.fi\/permalink\/358FIN_UOEF\/6aj5s5\/alma9911698913705966\" target=\"_blank\" rel=\"noreferrer noopener\">FINLEX (open access)<\/a> (linkki aukeaa uuteen v\u00e4lilehteen)<\/p>\n\n\n\n<ul class=\"wp-block-list\">\n<li>Suomen s\u00e4\u00e4d\u00f6skokoelma (lait, asetukset, p\u00e4\u00e4t\u00f6kset), valtiosopimukset, s\u00e4\u00e4d\u00f6sk\u00e4\u00e4nn\u00f6kset sek\u00e4 korkeimman oikeuden ja korkeimman hallinto-oikeuden ennakkop\u00e4\u00e4t\u00f6kset. FINLEX on <strong>julkinen ja kaikille avoin<\/strong>.<\/li>\n<\/ul>\n\n\n\n<p><a href=\"https:\/\/primo.uef.fi\/permalink\/358FIN_UOEF\/6aj5s5\/alma9911698823705966\" target=\"_blank\" rel=\"noreferrer noopener\">EDILEX<\/a> (linkki aukeaa uuteen v\u00e4lilehteen)<\/p>\n\n\n\n<ul class=\"wp-block-list\">\n<li>Lains\u00e4\u00e4d\u00e4nn\u00f6n tietopalvelu, p\u00e4\u00e4llekk\u00e4isyytt\u00e4 Finlexin kanssa, mutta sis\u00e4lt\u00e4\u00e4 my\u00f6s esim. asiantuntijoiden artikkeleita ja oikeudellisia lehti\u00e4 sek\u00e4 Lakikielen sanakirjan.Tietokantoja suomen- ja ruotsinkielisest\u00e4 lains\u00e4\u00e4d\u00e4nn\u00f6st\u00e4, valtiosopimuksista, EY-lains\u00e4\u00e4d\u00e4nn\u00f6st\u00e4, oikeusk\u00e4yt\u00e4nn\u00f6ist\u00e4 jne. Mm. vuosikirjoja, opinn\u00e4ytteit\u00e4, juridiset lehdet s\u00e4hk\u00f6isin\u00e4: Defensor Legis, JFT, Lakimies, Liikeoikeusjuridiikka, Oikeus, Oikeustieto, Verotus-lehti, Ymp\u00e4rist\u00f6juridiikka.<\/li>\n<\/ul>\n\n\n\n<p>Keskeisi\u00e4 opetus- ja koulutusalan lakeja on koottuna <a href=\"https:\/\/www.oph.fi\/fi\/koulutus-ja-tutkinnot\/lainsaadanto-ja-opetussuunnitelmien-perusteet\" target=\"_blank\" rel=\"noreferrer noopener\">Opetushallituksen sivuille<\/a> (linkki aukeaa uuteen v\u00e4lilehteen)<\/p>\n\n\n\n<h2 class=\"wp-block-heading\">Tilastotiedon haku<\/h2>\n\n\n\n<p><a href=\"https:\/\/stat.fi\/tup\/opi-tilastoista\/index.html\" target=\"_blank\" rel=\"noreferrer noopener\"><strong>Opi tilastoista<\/strong> <\/a>(linkki aukeaa uuteen v\u00e4lilehteen) <\/p>\n\n\n\n<p>Opi tilastoista -sivusto kokoaa tilastoaiheista materiaalia itsen\u00e4iseen opiskeluun tilasto-oppaina, videoina ja podcasteina kaikille tilastoista kiinnostuneille. Oppimateriaaleista saat tietoa my\u00f6s tilastollisesta tutkimuksesta sek\u00e4 tilastollisen aineiston k\u00e4ytt\u00f6mahdollisuuksista oman ty\u00f6si tai opiskelujesi tueksi.<\/p>\n\n\n\n<p><strong><a href=\"http:\/\/www.stat.fi\/org\/yhteystiedot\/index.html\" target=\"_blank\" rel=\"noreferrer noopener\">Tilastokeskuksen tietopalvelu<\/a><\/strong> (linkki aukeaa uuteen v\u00e4lilehteen)<\/p>\n\n\n\n<p>auttaa tilastotiedon ja -asiantuntijan l\u00f6yt\u00e4misess\u00e4, vastaa tilastoihin liittyviin kysymyksiin ja tarjoaa neuvontaa Tilastokeskuksen palveluista. My\u00f6s nopea chat-palvelu!<\/p>\n\n\n\t<div id=\"accordion-block_6594072030f2a8a1df0f1b4bd67dac5e\" class=\"accordions\">\n\t\t\t\t\t<div class=\"accordion accordion-js\">\n\t\t\t\t<button class=\"accordion__button\" aria-controls=\"content-3012\" aria-expanded=\"false\" id=\"accordion-control-3012\">\n\t\t\t\t\t<h3 class=\"accordion__heading\" >\n\t\t\t\t\t\tLis\u00e4\u00e4 tilastolinkkej\u00e4\t\t\t\t\t<\/h3>\n\t\t\t\t<\/button>\n\t\t\t\t<div class=\"accordion__content\" role=\"region\" aria-labelledby=\"accordion-control-3012\" aria-hidden=\"true\" id=\"content-3012\">\n\t\t\t\t\t<ul>\n<li><a href=\"http:\/\/www.vipunen.fi\" target=\"_blank\" rel=\"noopener\">Vipunen<\/a> (linkki aukeaa uuteen v\u00e4lilehteen) on opetushallinnon tilastopalvelu, jonka sis\u00e4ll\u00f6st\u00e4 vastaavat yhdess\u00e4 opetus- ja kulttuuriministeri\u00f6 ja Opetushallitus.<\/li>\n<li><a href=\"https:\/\/primo.uef.fi\/permalink\/358FIN_UOEF\/6aj5s5\/alma9911697873705966\" target=\"_blank\" rel=\"noopener\">Suomen tilastollinen vuosikirja<\/a> (linkki aukeaa uuteen v\u00e4lilehteen) &#8211;\u00a0 Perustilastotietoja<\/li>\n<li><a href=\"https:\/\/primo.uef.fi\/permalink\/358FIN_UOEF\/6aj5s5\/alma9911699853705966\" target=\"_blank\" rel=\"noopener\">StatFin-tilastopalvelu<\/a> (linkki aukeaa uuteen v\u00e4lilehteen) \u2013 Tilastokeskuksen kokoama ja yll\u00e4pit\u00e4m\u00e4 maksuton Suomea koskevien tilastotietojen tietokanta, josta saa tilastotietoja taulukkomuodossa<\/li>\n<li><a href=\"https:\/\/ec.europa.eu\/eurostat\/web\/main\" target=\"_blank\" rel=\"noopener\">EuroStat<\/a> (linkki aukeaa uuteen v\u00e4lilehteen) &#8211; Euroopan Unionin viralliset tilastot \u2013 Tilastotietoa aiheittain jaoteltuna, tilastotiedotteita ja tilastojulkaisuja. Tilastotiedot ovat osin pdf-muodossa.<\/li>\n<li><a href=\"https:\/\/primo.uef.fi\/permalink\/358FIN_UOEF\/4a13qh\/alma9911699873705966\" target=\"_blank\" rel=\"noopener\">UNESCO Statistics<\/a> (linkki aukeaa uuteen v\u00e4lilehteen) \u2013\u00a0 Kansainv\u00e4lisesti vertailtavia tilastoja mm. koulutuksesta, tieteest\u00e4 ja kulttuurista.<\/li>\n<\/ul>\n<p>&nbsp;<\/p>\n\t\t\t\t<\/div>\n\t\t\t<\/div>\n\t\t\t\t\t<div class=\"accordion accordion-js\">\n\t\t\t\t<button class=\"accordion__button\" aria-controls=\"content-3948\" aria-expanded=\"false\" id=\"accordion-control-3948\">\n\t\t\t\t\t<h3 class=\"accordion__heading\" >\n\t\t\t\t\t\tHae tilastotietokantoja UEF-Primosta\t\t\t\t\t<\/h3>\n\t\t\t\t<\/button>\n\t\t\t\t<div class=\"accordion__content\" role=\"region\" aria-labelledby=\"accordion-control-3948\" aria-hidden=\"true\" id=\"content-3948\">\n\t\t\t\t\t<p>Klikkaa kuvaa, niin saat auki linkkilistan UEF-Primon tilastotietokannoista. Linkki avautuu uuteen v\u00e4lilehteen.<\/p>\n<p><a href=\"https:\/\/primo.uef.fi\/discovery\/search?query=any,contains,tilasto*%20OR%20statistic*&amp;tab=LibraryCatalog&amp;search_scope=MyInstitution&amp;vid=358FIN_UOEF:VU1&amp;facet=rtype,include,databases&amp;lang=fi&amp;offset=0\" target=\"_blank\" rel=\"noopener\"><img loading=\"lazy\" decoding=\"async\" class=\"aligncenter size-full wp-image-714\" src=\"https:\/\/sites.uef.fi\/tiedonhaku-kasvatus\/wp-content\/uploads\/sites\/80\/2020\/07\/Tilastotiedon_haku.png\" alt=\"Kuvakaappaus UEF-Primosta, jossa haetaan tilastotietoa haulla tilasto* OR statistic*. Haku rajataan kohdasta Aineistotyyppi tietokantoihin.\" width=\"1077\" height=\"850\" srcset=\"https:\/\/sites.uef.fi\/tiedonhaku-kasvatus\/wp-content\/uploads\/sites\/80\/2020\/07\/Tilastotiedon_haku.png 1077w, https:\/\/sites.uef.fi\/tiedonhaku-kasvatus\/wp-content\/uploads\/sites\/80\/2020\/07\/Tilastotiedon_haku-300x237.png 300w, https:\/\/sites.uef.fi\/tiedonhaku-kasvatus\/wp-content\/uploads\/sites\/80\/2020\/07\/Tilastotiedon_haku-1024x808.png 1024w, https:\/\/sites.uef.fi\/tiedonhaku-kasvatus\/wp-content\/uploads\/sites\/80\/2020\/07\/Tilastotiedon_haku-768x606.png 768w\" sizes=\"auto, (max-width: 1077px) 100vw, 1077px\" \/><\/a><\/p>\n\t\t\t\t<\/div>\n\t\t\t<\/div>\n\t\t\t\t\t<div class=\"accordion accordion-js\">\n\t\t\t\t<button class=\"accordion__button\" aria-controls=\"content-8476\" aria-expanded=\"false\" id=\"accordion-control-8476\">\n\t\t\t\t\t<h3 class=\"accordion__heading\" >\n\t\t\t\t\t\tLis\u00e4\u00e4 virallistietolinkkej\u00e4\t\t\t\t\t<\/h3>\n\t\t\t\t<\/button>\n\t\t\t\t<div class=\"accordion__content\" role=\"region\" aria-labelledby=\"accordion-control-8476\" aria-hidden=\"true\" id=\"content-8476\">\n\t\t\t\t\t<p>Alla lis\u00e4lukemista, hyvi\u00e4 l\u00e4hteit\u00e4 Internetist\u00e4 l\u00f6ytyv\u00e4\u00e4n virallistietoon. Linkit avautuvat uuteen v\u00e4lilehteen:<\/p>\n<p><a href=\"http:\/\/www.uef.fi\/fi\/web\/kirjasto\/tiedonhaku-ja-tiedonhaun-opetus\/alakohtaiset-tiedonhaun-palvelut\/oikeustieteet\" target=\"_blank\" rel=\"noopener\">Oikeustieteiden tiedonhaku ja tiedonhaun opetus<\/a> (linkkej\u00e4 t\u00e4rkeimpiin aineistoihin, It\u00e4-Suomen yliopiston kotisivut)<br \/>\n<a href=\"https:\/\/www.eduskunta.fi\/FI\/naineduskuntatoimii\/kirjasto\/aineistot\/Sivut\/default.aspx\" target=\"_blank\" rel=\"noopener\">Eduskunnan kirjaston aineistot ja aihealueet<\/a> (verkkotietopaketeista, esim. eduskunta, yhteiskunta, politiikka ja historia, EU-oikeus\u2026)<br \/>\n<a href=\"http:\/\/www.eduskunta.fi\/\" target=\"_blank\" rel=\"noopener\">Eduskunta<\/a><br \/>\n<a href=\"http:\/\/www.valtioneuvosto.fi\/\" target=\"_blank\" rel=\"noopener\">Valtioneuvosto<\/a> (ja sen eri <a href=\"https:\/\/valtioneuvosto.fi\/yhteystiedot\/ministeriot\" target=\"_blank\" rel=\"noopener\">ministeri\u00f6t<\/a>)<\/p>\n\t\t\t\t<\/div>\n\t\t\t<\/div>\n\t\t\t<\/div>\n\t\n\n\n<div class=\"links-block\">\n\n            <h3>Siirry seuraavaan osioon:<\/h3>\n    \n    <ul class=\"link-list\">\n        \n            \n            <li class=\"link-list-item\">\n                <a href=\"https:\/\/sites.uef.fi\/tiedonhaku-kasvatus\/tiedonlahteet-ja-tietokannat\/google-ja-google-scholar\/\" class=\"link-reset link hover-scale-down\">\n                    <svg\n        width=\"43\" height=\"25\"\n        viewBox=\"0 0 43 25\"\n        xmlns=\"http:\/\/www.w3.org\/2000\/svg\">\n    <path\n        d=\"M30.027 0 43 12.5 30.027 25 27 22.083 34.351 15H0v-5h34.351L27 2.917z\"\n        fill=\"currentColor\"\n        fill-rule=\"evenodd\"\/>\n<\/svg>                    <div>Google ja Google Scholar<\/div>\n                <\/a>\n                <div class=\"link-info\">\n                                    <\/div>\n            <\/li>\n\n                <\/ul>\n<\/div>","protected":false},"excerpt":{"rendered":"<p>T\u00e4h\u00e4n on koottu valikoituja linkkej\u00e4 tilastoihin, lains\u00e4\u00e4d\u00e4nt\u00f6\u00f6n ja virallistietoon. Lains\u00e4\u00e4d\u00e4nn\u00f6n ja virallistiedon haku FINLEX (open access) (linkki aukeaa uuteen v\u00e4lilehteen) EDILEX (linkki aukeaa uuteen v\u00e4lilehteen) Keskeisi\u00e4 opetus- ja koulutusalan lakeja on koottuna Opetushallituksen sivuille (linkki aukeaa uuteen v\u00e4lilehteen) Tilastotiedon haku Opi tilastoista (linkki aukeaa uuteen v\u00e4lilehteen) Opi tilastoista -sivusto kokoaa tilastoaiheista materiaalia itsen\u00e4iseen opiskeluun tilasto-oppaina, [&hellip;]<\/p>\n","protected":false},"author":171,"featured_media":0,"parent":100,"menu_order":0,"comment_status":"closed","ping_status":"closed","template":"","meta":{"_acf_changed":false,"_monsterinsights_skip_tracking":false,"_monsterinsights_sitenote_active":false,"_monsterinsights_sitenote_note":"","_monsterinsights_sitenote_category":0,"footnotes":""},"class_list":["post-703","page","type-page","status-publish","hentry"],"acf":[],"yoast_head":"<!-- This site is optimized with the Yoast SEO plugin v27.3 - https:\/\/yoast.com\/product\/yoast-seo-wordpress\/ -->\n<title>Tilastot, lains\u00e4\u00e4d\u00e4nt\u00f6 ja virallistieto - Kasvatustieteiden tiedonhaku \/\/ UEF-kirjasto<\/title>\n<meta name=\"robots\" content=\"index, follow, max-snippet:-1, max-image-preview:large, max-video-preview:-1\" \/>\n<link rel=\"canonical\" href=\"https:\/\/sites.uef.fi\/tiedonhaku-kasvatus\/tiedonlahteet-ja-tietokannat\/tilastot-lainsaadanto-ja-virallistieto\/\" \/>\n<meta property=\"og:locale\" content=\"fi_FI\" \/>\n<meta property=\"og:type\" content=\"article\" \/>\n<meta property=\"og:title\" content=\"Tilastot, lains\u00e4\u00e4d\u00e4nt\u00f6 ja virallistieto - Kasvatustieteiden tiedonhaku \/\/ UEF-kirjasto\" \/>\n<meta property=\"og:description\" content=\"T\u00e4h\u00e4n on koottu valikoituja linkkej\u00e4 tilastoihin, lains\u00e4\u00e4d\u00e4nt\u00f6\u00f6n ja virallistietoon. Lains\u00e4\u00e4d\u00e4nn\u00f6n ja virallistiedon haku FINLEX (open access) (linkki aukeaa uuteen v\u00e4lilehteen) EDILEX (linkki aukeaa uuteen v\u00e4lilehteen) Keskeisi\u00e4 opetus- ja koulutusalan lakeja on koottuna Opetushallituksen sivuille (linkki aukeaa uuteen v\u00e4lilehteen) Tilastotiedon haku Opi tilastoista (linkki aukeaa uuteen v\u00e4lilehteen) Opi tilastoista -sivusto kokoaa tilastoaiheista materiaalia itsen\u00e4iseen opiskeluun tilasto-oppaina, [&hellip;]\" \/>\n<meta property=\"og:url\" content=\"https:\/\/sites.uef.fi\/tiedonhaku-kasvatus\/tiedonlahteet-ja-tietokannat\/tilastot-lainsaadanto-ja-virallistieto\/\" \/>\n<meta property=\"og:site_name\" content=\"Kasvatustieteiden tiedonhaku \/\/ UEF-kirjasto\" \/>\n<meta property=\"article:modified_time\" content=\"2025-06-23T10:05:55+00:00\" \/>\n<meta name=\"twitter:card\" content=\"summary_large_image\" \/>\n<meta name=\"twitter:label1\" content=\"Arvioitu lukuaika\" \/>\n\t<meta name=\"twitter:data1\" content=\"1 minuutti\" \/>\n<script type=\"application\/ld+json\" class=\"yoast-schema-graph\">{\"@context\":\"https:\\\/\\\/schema.org\",\"@graph\":[{\"@type\":\"WebPage\",\"@id\":\"https:\\\/\\\/sites.uef.fi\\\/tiedonhaku-kasvatus\\\/tiedonlahteet-ja-tietokannat\\\/tilastot-lainsaadanto-ja-virallistieto\\\/\",\"url\":\"https:\\\/\\\/sites.uef.fi\\\/tiedonhaku-kasvatus\\\/tiedonlahteet-ja-tietokannat\\\/tilastot-lainsaadanto-ja-virallistieto\\\/\",\"name\":\"Tilastot, lains\u00e4\u00e4d\u00e4nt\u00f6 ja virallistieto - Kasvatustieteiden tiedonhaku \\\/\\\/ UEF-kirjasto\",\"isPartOf\":{\"@id\":\"https:\\\/\\\/sites.uef.fi\\\/tiedonhaku-kasvatus\\\/#website\"},\"datePublished\":\"2020-07-01T13:32:59+00:00\",\"dateModified\":\"2025-06-23T10:05:55+00:00\",\"breadcrumb\":{\"@id\":\"https:\\\/\\\/sites.uef.fi\\\/tiedonhaku-kasvatus\\\/tiedonlahteet-ja-tietokannat\\\/tilastot-lainsaadanto-ja-virallistieto\\\/#breadcrumb\"},\"inLanguage\":\"fi\",\"potentialAction\":[{\"@type\":\"ReadAction\",\"target\":[\"https:\\\/\\\/sites.uef.fi\\\/tiedonhaku-kasvatus\\\/tiedonlahteet-ja-tietokannat\\\/tilastot-lainsaadanto-ja-virallistieto\\\/\"]}]},{\"@type\":\"BreadcrumbList\",\"@id\":\"https:\\\/\\\/sites.uef.fi\\\/tiedonhaku-kasvatus\\\/tiedonlahteet-ja-tietokannat\\\/tilastot-lainsaadanto-ja-virallistieto\\\/#breadcrumb\",\"itemListElement\":[{\"@type\":\"ListItem\",\"position\":1,\"name\":\"Home\",\"item\":\"https:\\\/\\\/sites.uef.fi\\\/tiedonhaku-kasvatus\\\/\"},{\"@type\":\"ListItem\",\"position\":2,\"name\":\"Tiedonl\u00e4hteet ja tietokannat\",\"item\":\"https:\\\/\\\/sites.uef.fi\\\/tiedonhaku-kasvatus\\\/tiedonlahteet-ja-tietokannat\\\/\"},{\"@type\":\"ListItem\",\"position\":3,\"name\":\"Tilastot, lains\u00e4\u00e4d\u00e4nt\u00f6 ja virallistieto\"}]},{\"@type\":\"WebSite\",\"@id\":\"https:\\\/\\\/sites.uef.fi\\\/tiedonhaku-kasvatus\\\/#website\",\"url\":\"https:\\\/\\\/sites.uef.fi\\\/tiedonhaku-kasvatus\\\/\",\"name\":\"Kasvatustieteiden tiedonhaku \\\/\\\/ UEF-kirjasto\",\"description\":\"\",\"potentialAction\":[{\"@type\":\"SearchAction\",\"target\":{\"@type\":\"EntryPoint\",\"urlTemplate\":\"https:\\\/\\\/sites.uef.fi\\\/tiedonhaku-kasvatus\\\/?s={search_term_string}\"},\"query-input\":{\"@type\":\"PropertyValueSpecification\",\"valueRequired\":true,\"valueName\":\"search_term_string\"}}],\"inLanguage\":\"fi\"}]}<\/script>\n<!-- \/ Yoast SEO plugin. -->","yoast_head_json":{"title":"Tilastot, lains\u00e4\u00e4d\u00e4nt\u00f6 ja virallistieto - Kasvatustieteiden tiedonhaku \/\/ UEF-kirjasto","robots":{"index":"index","follow":"follow","max-snippet":"max-snippet:-1","max-image-preview":"max-image-preview:large","max-video-preview":"max-video-preview:-1"},"canonical":"https:\/\/sites.uef.fi\/tiedonhaku-kasvatus\/tiedonlahteet-ja-tietokannat\/tilastot-lainsaadanto-ja-virallistieto\/","og_locale":"fi_FI","og_type":"article","og_title":"Tilastot, lains\u00e4\u00e4d\u00e4nt\u00f6 ja virallistieto - Kasvatustieteiden tiedonhaku \/\/ UEF-kirjasto","og_description":"T\u00e4h\u00e4n on koottu valikoituja linkkej\u00e4 tilastoihin, lains\u00e4\u00e4d\u00e4nt\u00f6\u00f6n ja virallistietoon. Lains\u00e4\u00e4d\u00e4nn\u00f6n ja virallistiedon haku FINLEX (open access) (linkki aukeaa uuteen v\u00e4lilehteen) EDILEX (linkki aukeaa uuteen v\u00e4lilehteen) Keskeisi\u00e4 opetus- ja koulutusalan lakeja on koottuna Opetushallituksen sivuille (linkki aukeaa uuteen v\u00e4lilehteen) Tilastotiedon haku Opi tilastoista (linkki aukeaa uuteen v\u00e4lilehteen) Opi tilastoista -sivusto kokoaa tilastoaiheista materiaalia itsen\u00e4iseen opiskeluun tilasto-oppaina, [&hellip;]","og_url":"https:\/\/sites.uef.fi\/tiedonhaku-kasvatus\/tiedonlahteet-ja-tietokannat\/tilastot-lainsaadanto-ja-virallistieto\/","og_site_name":"Kasvatustieteiden tiedonhaku \/\/ UEF-kirjasto","article_modified_time":"2025-06-23T10:05:55+00:00","twitter_card":"summary_large_image","twitter_misc":{"Arvioitu lukuaika":"1 minuutti"},"schema":{"@context":"https:\/\/schema.org","@graph":[{"@type":"WebPage","@id":"https:\/\/sites.uef.fi\/tiedonhaku-kasvatus\/tiedonlahteet-ja-tietokannat\/tilastot-lainsaadanto-ja-virallistieto\/","url":"https:\/\/sites.uef.fi\/tiedonhaku-kasvatus\/tiedonlahteet-ja-tietokannat\/tilastot-lainsaadanto-ja-virallistieto\/","name":"Tilastot, lains\u00e4\u00e4d\u00e4nt\u00f6 ja virallistieto - Kasvatustieteiden tiedonhaku \/\/ UEF-kirjasto","isPartOf":{"@id":"https:\/\/sites.uef.fi\/tiedonhaku-kasvatus\/#website"},"datePublished":"2020-07-01T13:32:59+00:00","dateModified":"2025-06-23T10:05:55+00:00","breadcrumb":{"@id":"https:\/\/sites.uef.fi\/tiedonhaku-kasvatus\/tiedonlahteet-ja-tietokannat\/tilastot-lainsaadanto-ja-virallistieto\/#breadcrumb"},"inLanguage":"fi","potentialAction":[{"@type":"ReadAction","target":["https:\/\/sites.uef.fi\/tiedonhaku-kasvatus\/tiedonlahteet-ja-tietokannat\/tilastot-lainsaadanto-ja-virallistieto\/"]}]},{"@type":"BreadcrumbList","@id":"https:\/\/sites.uef.fi\/tiedonhaku-kasvatus\/tiedonlahteet-ja-tietokannat\/tilastot-lainsaadanto-ja-virallistieto\/#breadcrumb","itemListElement":[{"@type":"ListItem","position":1,"name":"Home","item":"https:\/\/sites.uef.fi\/tiedonhaku-kasvatus\/"},{"@type":"ListItem","position":2,"name":"Tiedonl\u00e4hteet ja tietokannat","item":"https:\/\/sites.uef.fi\/tiedonhaku-kasvatus\/tiedonlahteet-ja-tietokannat\/"},{"@type":"ListItem","position":3,"name":"Tilastot, lains\u00e4\u00e4d\u00e4nt\u00f6 ja virallistieto"}]},{"@type":"WebSite","@id":"https:\/\/sites.uef.fi\/tiedonhaku-kasvatus\/#website","url":"https:\/\/sites.uef.fi\/tiedonhaku-kasvatus\/","name":"Kasvatustieteiden tiedonhaku \/\/ UEF-kirjasto","description":"","potentialAction":[{"@type":"SearchAction","target":{"@type":"EntryPoint","urlTemplate":"https:\/\/sites.uef.fi\/tiedonhaku-kasvatus\/?s={search_term_string}"},"query-input":{"@type":"PropertyValueSpecification","valueRequired":true,"valueName":"search_term_string"}}],"inLanguage":"fi"}]}},"_links":{"self":[{"href":"https:\/\/sites.uef.fi\/tiedonhaku-kasvatus\/wp-json\/wp\/v2\/pages\/703","targetHints":{"allow":["GET"]}}],"collection":[{"href":"https:\/\/sites.uef.fi\/tiedonhaku-kasvatus\/wp-json\/wp\/v2\/pages"}],"about":[{"href":"https:\/\/sites.uef.fi\/tiedonhaku-kasvatus\/wp-json\/wp\/v2\/types\/page"}],"author":[{"embeddable":true,"href":"https:\/\/sites.uef.fi\/tiedonhaku-kasvatus\/wp-json\/wp\/v2\/users\/171"}],"replies":[{"embeddable":true,"href":"https:\/\/sites.uef.fi\/tiedonhaku-kasvatus\/wp-json\/wp\/v2\/comments?post=703"}],"version-history":[{"count":2,"href":"https:\/\/sites.uef.fi\/tiedonhaku-kasvatus\/wp-json\/wp\/v2\/pages\/703\/revisions"}],"predecessor-version":[{"id":5279,"href":"https:\/\/sites.uef.fi\/tiedonhaku-kasvatus\/wp-json\/wp\/v2\/pages\/703\/revisions\/5279"}],"up":[{"embeddable":true,"href":"https:\/\/sites.uef.fi\/tiedonhaku-kasvatus\/wp-json\/wp\/v2\/pages\/100"}],"wp:attachment":[{"href":"https:\/\/sites.uef.fi\/tiedonhaku-kasvatus\/wp-json\/wp\/v2\/media?parent=703"}],"curies":[{"name":"wp","href":"https:\/\/api.w.org\/{rel}","templated":true}]}}