{"id":937,"date":"2020-07-07T16:11:17","date_gmt":"2020-07-07T13:11:17","guid":{"rendered":"https:\/\/sites.uef.fi\/tiedonhaku-kasvatus\/?page_id=937"},"modified":"2024-06-26T13:12:48","modified_gmt":"2024-06-26T10:12:48","slug":"miten-saan-julkaisun-kayttooni","status":"publish","type":"page","link":"https:\/\/sites.uef.fi\/tiedonhaku-kasvatus\/miten-saan-julkaisun-kayttooni\/","title":{"rendered":"Miten saan julkaisun k\u00e4ytt\u00f6\u00f6ni"},"content":{"rendered":"<h2>Saatavuus ja julkaisun j\u00e4ljitt\u00e4minen<\/h2>\n<p>Verkkolehtiin, -artikkeleihin\u00a0 ja \u2013kirjoihin on monta tiet\u00e4:<\/p>\n<ul>\n<li>UEF-Primon <strong>lehtihaulla<\/strong> voi hakea<strong> elektronisia e-lehti\u00e4<\/strong> lehden nimen mukaan tai aihekategorioittain<\/li>\n<li><strong>artikkeleita<\/strong> voit hakea <strong>Kansainv\u00e4liset artikkelit -haulla<\/strong> artikkelin tai sarjan osan nimell\u00e4. Kirjautumalla UEF-Primoon voit saada paremman tuloksen kuin kirjautumatta<\/li>\n<li>UEF-Primon kokotekstitietokannoista voi hakea mm. konferenssijulkaisuja. Valitse silloin sopiva\/todenn\u00e4k\u00f6inen tietokanta tai k\u00e4yt\u00e4 hakutyyppej\u00e4 Elektroniset aineistot tai Kaikki. Rajaa konferenssijulkaisuihin Aineistotyyppi-otsikon alta.<\/li>\n<li>Google Scholarilla kannattaa hakea artikkelin tai sarjan osan nimell\u00e4<\/li>\n<li><strong>e-kirjat<\/strong> haetaan UEF-Primon kirjaston kokoelmahausta kirjan nimell\u00e4<\/li>\n<\/ul>\n<p>Muista, ett\u00e4 kaikki ei ole elektronisesti verkossa, vaan painettuakin aineistoa viel\u00e4 k\u00e4ytet\u00e4\u00e4n. Kaikki ei ole vapaasti ja ilmaiseksi verkossa.<\/p>\n<p>Jos esim. Googlella l\u00f6yt\u00e4m\u00e4si artikkeli ei aukea, tarkista UEF-Primon lehtiluettelon kautta lehden nimell\u00e4 (<a href=\"https:\/\/primo.uef.fi\/discovery\/jsearch?vid=358FIN_UOEF:VU1&amp;lang=fi\" target=\"_blank\" rel=\"noopener noreferrer\">Lehtihaku;<\/a> linkki avautuu uuteen v\u00e4lilehteen). Lehti voi olla kirjaston tilaamien lehtien joukossa. Tarkista viel\u00e4 avaamalla lehden tiedot, mik\u00e4 e-lehden saatavuus meill\u00e4 on:<\/p>\n<div id=\"attachment_1138\" style=\"width: 310px\" class=\"wp-caption alignleft\"><img loading=\"lazy\" decoding=\"async\" aria-describedby=\"caption-attachment-1138\" class=\"wp-image-1138 size-medium\" src=\"https:\/\/sites.uef.fi\/tiedonhaku-kasvatus\/wp-content\/uploads\/sites\/80\/2020\/07\/Lehden_saatavuus-300x103.png\" alt=\"Kuvakaappaus UEF-Primosta. Kokotekstin saatavuus lehdess\u00e4 on merkitty saatavuuslinkin alle.\" width=\"300\" height=\"103\" srcset=\"https:\/\/sites.uef.fi\/tiedonhaku-kasvatus\/wp-content\/uploads\/sites\/80\/2020\/07\/Lehden_saatavuus-300x103.png 300w, https:\/\/sites.uef.fi\/tiedonhaku-kasvatus\/wp-content\/uploads\/sites\/80\/2020\/07\/Lehden_saatavuus.png 369w\" sizes=\"auto, (max-width: 300px) 100vw, 300px\" \/><p id=\"caption-attachment-1138\" class=\"wp-caption-text\">Kokotekstin saatavuus on merkitty linkin alle.<\/p><\/div>\n<p>Kaikissa tietokannasta l\u00f6yt\u00e4miss\u00e4si viitteiss\u00e4 ei ole full text -linkki\u00e4 &#8211; tai linkki ei vie yliopiston k\u00e4yt\u00f6ss\u00e4 oleviin aineistoihin\/l\u00e4hteisiin. Kaikki ei siis ole oman organisaatiosi hankkimaa. Kaukopalvelu v\u00e4litt\u00e4\u00e4 lainoja ja kopioita muualta maksua vastaan.<\/p>\n<h2>Avoimen tiedon hakeminen ja j\u00e4ljitt\u00e4minen<\/h2>\n<p>Yh\u00e4 useampi tieteellinen artikkeli julkaistaan avoimena. Avoimien tieteellisten julkaisujen j\u00e4ljitt\u00e4miseen ja hakemiseen on tarjolla erilaisia palveluita sek\u00e4 apuv\u00e4lineit\u00e4. Avoimia julkaisuja voi l\u00e4hesty\u00e4 kahdella tavalla: joko j\u00e4ljitt\u00e4m\u00e4ll\u00e4 jo l\u00f6ydettyjen julkaisujen avoimia versioita tai k\u00e4ytt\u00e4m\u00e4ll\u00e4 avointen julkaisujen hakemiseen tarkoitettuja hakukoneita\/tietokantoja. Erinomainen tietopaketti l\u00f6ytyy <a href=\"http:\/\/www.uef.fi\/fi\/web\/kirjasto\/oatiedonhaku\" target=\"_blank\" rel=\"noopener noreferrer\">UEF-kirjaston sivuilta<\/a> (linkki avautuu uuteen v\u00e4lilehteen). L\u00f6yd\u00e4t linkit:<\/p>\n<ul>\n<li>avointen julkaisujen hakukoneisiin<\/li>\n<li>avoimiin oppimateriaaleihin<\/li>\n<li>avoimiin kotimaisiin l\u00e4hteisiin<\/li>\n<li>julkaisuarkistoihin<\/li>\n<li>avoimiin aineistoihin UEF-Primossa<\/li>\n<\/ul>\n<p>Sivulta l\u00f6ytyy tietoa my\u00f6s mm. selaimeen asennettavista lis\u00e4osista (add-on, extension), jotka j\u00e4ljitt\u00e4v\u00e4t avoimesti saatavia artikkeleita, sek\u00e4 saalistajalehtist\u00e4.<\/p>\n<h2>Painettuja julkaisuja haetaan kirjastotietokannoista<\/h2>\n<ul>\n<li>julkaisun nimell\u00e4, jos kyseess\u00e4 on kirja tai raportti tms.<\/li>\n<li>lehden nimell\u00e4, jos kyseess\u00e4 on lehtiartikkeli<\/li>\n<li>kokoomateoksen nimell\u00e4, jos kyseess\u00e4 on kirjan luku<\/li>\n<\/ul>\n<p>Tarkista my\u00f6s:<\/p>\n<ul>\n<li>onko julkaisu paikalla vai lainassa? &#8211; Onko se lainattava vai lukusalik\u00e4ytt\u00f6\u00f6n? Pit\u00e4\u00e4k\u00f6 j\u00e4tt\u00e4\u00e4 varaus?<\/li>\n<li>voiko julkaisun ostaa? -&gt; Kustantaja\/julkaisija, verkkokirjakaupat<\/li>\n<li>muut l\u00e4hiseutusi kirjastot, kuten ammattikorkeakoulun kirjasto\u00a0 ja kaupunginkirjasto<\/li>\n<\/ul>\n<h2>Vapaakappaleet: kotimainen kirjallisuus, verkkoaineistot, elektroniset julkaisut ulottuville<\/h2>\n<p>It\u00e4-Suomen yliopiston kirjastolla on k\u00e4yt\u00f6ss\u00e4\u00e4n kaikki Suomessa julkaistava kirjallisuus kulttuuriaineistoja koskevan eli ns. vapaakappalelain perusteella. Oikeus on ollut Joensuun yliopiston, sittemmin It\u00e4-Suomen yliopiston kirjastolla vuodesta 1981 l\u00e4htien. Vuodesta 2008 l\u00e4htien julkaistut vapaakappaleet l\u00f6ytyv\u00e4t UEF-Primosta. Suuri osa t\u00e4st\u00e4 aineistosta ei kuulu kirjaston lainattaviin kokoelmiin, mutta on asiakkaiden saatavilla lukusalik\u00e4ytt\u00f6\u00f6n.<\/p>\n<p>Vanhempaa aineistoa voit pyyt\u00e4\u00e4 s\u00e4hk\u00f6isell\u00e4 <a href=\"http:\/\/www.uef.fi\/fi\/web\/kirjasto\/asiakkaana\/lomakkeet\" target=\"_blank\" rel=\"noopener noreferrer\">vapaakappalepyynt\u00f6lomakkeella<\/a> (linkki avautuu uuteen v\u00e4lilehteen, ks. asiakaspalvelun lomakkeet) Suomen kansallisbibliografiassa Kansalliskirjaston <a href=\"https:\/\/kansalliskirjasto.finna.fi\/Search\/Results?lookfor=&amp;type=AllFields&amp;filter%5B0%5D=building%3A%221\/NLF\/fennica\/%22&amp;sort=relevance&amp;view=list&amp;lng=fi\" target=\"_blank\" rel=\"noopener noreferrer\">Fennica-kokoelmassa<\/a> (linkki avautuu uuteen v\u00e4lilehteen) on tietoja Suomessa julkaistusta kirjallisuudesta. Eri yliopistojen gradut eiv\u00e4t kuulu vapaakappalelain piiriin, joten niit\u00e4 ei kirjastosta l\u00f6ydy.<\/p>\n<p>Laki kulttuuriaineistojen tallentamisesta ja s\u00e4ilytt\u00e4misest\u00e4 toi arkistoinnin piiriin my\u00f6s verkkoaineistoja sek\u00e4 elektronisia julkaisuja, kuten mm. s\u00e4hk\u00f6kirjat. Kirjastossa on erillisill\u00e4 ty\u00f6asemilla k\u00e4ytett\u00e4viss\u00e4 Kansalliskirjaston suomalainen verkkoarkisto vuodesta 2006, radio- ja tv-arkisto vuodesta 2009 sek\u00e4 tekij\u00e4noikeuden alaisia digitoituja aikakauslehti\u00e4 ja sanomalehti\u00e4 vuodesta 1930.<\/p>\n<p><a href=\"http:\/\/www.uef.fi\/fi\/web\/kirjasto\/kokoelmat\/vapaakappaleet\" target=\"_blank\" rel=\"noopener noreferrer\">Vapaakappaleista ja kulttuuriaineistojen ty\u00f6asemista lis\u00e4\u00e4 kirjaston kotisivuilla<\/a> (linkki avautuu uuteen v\u00e4lilehteen).<\/p>\n<h2>Kaukopalvelu : toisten kirjastojen aineistot omaan kirjastoon<\/h2>\n<p>Jos haluttua aineistoa ei l\u00f6ydy omasta kirjastosta, voi harkita kaukolainan tilausta. Kaukopalvelun kautta kirjan voi saada lainaksi tai lukusalik\u00e4ytt\u00f6\u00f6n, lehtiartikkeleista saa kopion. Lehti\u00e4 ei yleens\u00e4 lainata. Palvelu on maksullinen.<\/p>\n<p>Kaukolainojen tilaus hoidetaan kirjaston kaukopalvelun kautta. Siell\u00e4 selvitet\u00e4\u00e4n my\u00f6s, mist\u00e4 julkaisu olisi nopeimmin ja edullisimmin saatavissa. Kaukolaina voidaan tilata tarvittaessa my\u00f6s ulkomailta, jolloin se maksaa enemm\u00e4n \u2013 mieti siis edelt\u00e4 k\u00e4sin, paljonko olet valmis maksamaan ja tarkista kirjaston hinnasto.<\/p>\n<p>Kaukopalvelupyynn\u00f6n voi tehd\u00e4 kirjaston <a href=\"https:\/\/www.uef.fi\/fi\/kirjasto\/lomakkeet\" target=\"_blank\" rel=\"noopener\">e-lomakkeella<\/a> (linkki avautuu uuteen v\u00e4lilehteen, ks. asiakaspalvelun lomakkeet).<\/p>\n\n\n<p><\/p>\n\n\n\n<div class=\"links-block\">\n\n            <h3>Siirry uuteen aiheeseen:<\/h3>\n    \n    <ul class=\"link-list\">\n        \n            \n            <li class=\"link-list-item\">\n                <a href=\"https:\/\/sites.uef.fi\/tiedonhaku-kasvatus\/aiheen-analysointi-ja-hakusanat\/\" class=\"link-reset link hover-scale-down\">\n                    <svg\n        width=\"43\" height=\"25\"\n        viewBox=\"0 0 43 25\"\n        xmlns=\"http:\/\/www.w3.org\/2000\/svg\">\n    <path\n        d=\"M30.027 0 43 12.5 30.027 25 27 22.083 34.351 15H0v-5h34.351L27 2.917z\"\n        fill=\"currentColor\"\n        fill-rule=\"evenodd\"\/>\n<\/svg>                    <div>Aiheen analysointi ja hakusanat<\/div>\n                <\/a>\n                <div class=\"link-info\">\n                                    <\/div>\n            <\/li>\n\n                <\/ul>\n<\/div>","protected":false},"excerpt":{"rendered":"<p>Saatavuus ja julkaisun j\u00e4ljitt\u00e4minen Verkkolehtiin, -artikkeleihin\u00a0 ja \u2013kirjoihin on monta tiet\u00e4: UEF-Primon lehtihaulla voi hakea elektronisia e-lehti\u00e4 lehden nimen mukaan tai aihekategorioittain artikkeleita voit hakea Kansainv\u00e4liset artikkelit -haulla artikkelin tai sarjan osan nimell\u00e4. Kirjautumalla UEF-Primoon voit saada paremman tuloksen kuin kirjautumatta UEF-Primon kokotekstitietokannoista voi hakea mm. konferenssijulkaisuja. Valitse silloin sopiva\/todenn\u00e4k\u00f6inen tietokanta tai k\u00e4yt\u00e4 hakutyyppej\u00e4 Elektroniset [&hellip;]<\/p>\n","protected":false},"author":171,"featured_media":0,"parent":0,"menu_order":0,"comment_status":"closed","ping_status":"closed","template":"","meta":{"_acf_changed":false,"_monsterinsights_skip_tracking":false,"_monsterinsights_sitenote_active":false,"_monsterinsights_sitenote_note":"","_monsterinsights_sitenote_category":0,"footnotes":""},"class_list":["post-937","page","type-page","status-publish","hentry"],"acf":[],"yoast_head":"<!-- This site is optimized with the Yoast SEO plugin v27.3 - https:\/\/yoast.com\/product\/yoast-seo-wordpress\/ -->\n<title>Miten saan julkaisun k\u00e4ytt\u00f6\u00f6ni - Kasvatustieteiden tiedonhaku \/\/ UEF-kirjasto<\/title>\n<meta name=\"robots\" content=\"index, follow, max-snippet:-1, max-image-preview:large, max-video-preview:-1\" \/>\n<link rel=\"canonical\" href=\"https:\/\/sites.uef.fi\/tiedonhaku-kasvatus\/miten-saan-julkaisun-kayttooni\/\" \/>\n<meta property=\"og:locale\" content=\"fi_FI\" \/>\n<meta property=\"og:type\" content=\"article\" \/>\n<meta property=\"og:title\" content=\"Miten saan julkaisun k\u00e4ytt\u00f6\u00f6ni - Kasvatustieteiden tiedonhaku \/\/ UEF-kirjasto\" \/>\n<meta property=\"og:description\" content=\"Saatavuus ja julkaisun j\u00e4ljitt\u00e4minen Verkkolehtiin, -artikkeleihin\u00a0 ja \u2013kirjoihin on monta tiet\u00e4: UEF-Primon lehtihaulla voi hakea elektronisia e-lehti\u00e4 lehden nimen mukaan tai aihekategorioittain artikkeleita voit hakea Kansainv\u00e4liset artikkelit -haulla artikkelin tai sarjan osan nimell\u00e4. Kirjautumalla UEF-Primoon voit saada paremman tuloksen kuin kirjautumatta UEF-Primon kokotekstitietokannoista voi hakea mm. konferenssijulkaisuja. Valitse silloin sopiva\/todenn\u00e4k\u00f6inen tietokanta tai k\u00e4yt\u00e4 hakutyyppej\u00e4 Elektroniset [&hellip;]\" \/>\n<meta property=\"og:url\" content=\"https:\/\/sites.uef.fi\/tiedonhaku-kasvatus\/miten-saan-julkaisun-kayttooni\/\" \/>\n<meta property=\"og:site_name\" content=\"Kasvatustieteiden tiedonhaku \/\/ UEF-kirjasto\" \/>\n<meta property=\"article:modified_time\" content=\"2024-06-26T10:12:48+00:00\" \/>\n<meta property=\"og:image\" content=\"https:\/\/sites.uef.fi\/tiedonhaku-kasvatus\/wp-content\/uploads\/sites\/80\/2020\/07\/Lehden_saatavuus-300x103.png\" \/>\n<meta name=\"twitter:card\" content=\"summary_large_image\" \/>\n<meta name=\"twitter:label1\" content=\"Arvioitu lukuaika\" \/>\n\t<meta name=\"twitter:data1\" content=\"4 minuuttia\" \/>\n<script type=\"application\/ld+json\" class=\"yoast-schema-graph\">{\"@context\":\"https:\\\/\\\/schema.org\",\"@graph\":[{\"@type\":\"WebPage\",\"@id\":\"https:\\\/\\\/sites.uef.fi\\\/tiedonhaku-kasvatus\\\/miten-saan-julkaisun-kayttooni\\\/\",\"url\":\"https:\\\/\\\/sites.uef.fi\\\/tiedonhaku-kasvatus\\\/miten-saan-julkaisun-kayttooni\\\/\",\"name\":\"Miten saan julkaisun k\u00e4ytt\u00f6\u00f6ni - Kasvatustieteiden tiedonhaku \\\/\\\/ UEF-kirjasto\",\"isPartOf\":{\"@id\":\"https:\\\/\\\/sites.uef.fi\\\/tiedonhaku-kasvatus\\\/#website\"},\"primaryImageOfPage\":{\"@id\":\"https:\\\/\\\/sites.uef.fi\\\/tiedonhaku-kasvatus\\\/miten-saan-julkaisun-kayttooni\\\/#primaryimage\"},\"image\":{\"@id\":\"https:\\\/\\\/sites.uef.fi\\\/tiedonhaku-kasvatus\\\/miten-saan-julkaisun-kayttooni\\\/#primaryimage\"},\"thumbnailUrl\":\"https:\\\/\\\/sites.uef.fi\\\/tiedonhaku-kasvatus\\\/wp-content\\\/uploads\\\/sites\\\/80\\\/2020\\\/07\\\/Lehden_saatavuus-300x103.png\",\"datePublished\":\"2020-07-07T13:11:17+00:00\",\"dateModified\":\"2024-06-26T10:12:48+00:00\",\"breadcrumb\":{\"@id\":\"https:\\\/\\\/sites.uef.fi\\\/tiedonhaku-kasvatus\\\/miten-saan-julkaisun-kayttooni\\\/#breadcrumb\"},\"inLanguage\":\"fi\",\"potentialAction\":[{\"@type\":\"ReadAction\",\"target\":[\"https:\\\/\\\/sites.uef.fi\\\/tiedonhaku-kasvatus\\\/miten-saan-julkaisun-kayttooni\\\/\"]}]},{\"@type\":\"ImageObject\",\"inLanguage\":\"fi\",\"@id\":\"https:\\\/\\\/sites.uef.fi\\\/tiedonhaku-kasvatus\\\/miten-saan-julkaisun-kayttooni\\\/#primaryimage\",\"url\":\"https:\\\/\\\/sites.uef.fi\\\/tiedonhaku-kasvatus\\\/wp-content\\\/uploads\\\/sites\\\/80\\\/2020\\\/07\\\/Lehden_saatavuus.png\",\"contentUrl\":\"https:\\\/\\\/sites.uef.fi\\\/tiedonhaku-kasvatus\\\/wp-content\\\/uploads\\\/sites\\\/80\\\/2020\\\/07\\\/Lehden_saatavuus.png\",\"width\":369,\"height\":127,\"caption\":\"Kokotekstin saatavuus on merkitty saatavuuslinkin alle.\"},{\"@type\":\"BreadcrumbList\",\"@id\":\"https:\\\/\\\/sites.uef.fi\\\/tiedonhaku-kasvatus\\\/miten-saan-julkaisun-kayttooni\\\/#breadcrumb\",\"itemListElement\":[{\"@type\":\"ListItem\",\"position\":1,\"name\":\"Home\",\"item\":\"https:\\\/\\\/sites.uef.fi\\\/tiedonhaku-kasvatus\\\/\"},{\"@type\":\"ListItem\",\"position\":2,\"name\":\"Miten saan julkaisun k\u00e4ytt\u00f6\u00f6ni\"}]},{\"@type\":\"WebSite\",\"@id\":\"https:\\\/\\\/sites.uef.fi\\\/tiedonhaku-kasvatus\\\/#website\",\"url\":\"https:\\\/\\\/sites.uef.fi\\\/tiedonhaku-kasvatus\\\/\",\"name\":\"Kasvatustieteiden tiedonhaku \\\/\\\/ UEF-kirjasto\",\"description\":\"\",\"potentialAction\":[{\"@type\":\"SearchAction\",\"target\":{\"@type\":\"EntryPoint\",\"urlTemplate\":\"https:\\\/\\\/sites.uef.fi\\\/tiedonhaku-kasvatus\\\/?s={search_term_string}\"},\"query-input\":{\"@type\":\"PropertyValueSpecification\",\"valueRequired\":true,\"valueName\":\"search_term_string\"}}],\"inLanguage\":\"fi\"}]}<\/script>\n<!-- \/ Yoast SEO plugin. -->","yoast_head_json":{"title":"Miten saan julkaisun k\u00e4ytt\u00f6\u00f6ni - Kasvatustieteiden tiedonhaku \/\/ UEF-kirjasto","robots":{"index":"index","follow":"follow","max-snippet":"max-snippet:-1","max-image-preview":"max-image-preview:large","max-video-preview":"max-video-preview:-1"},"canonical":"https:\/\/sites.uef.fi\/tiedonhaku-kasvatus\/miten-saan-julkaisun-kayttooni\/","og_locale":"fi_FI","og_type":"article","og_title":"Miten saan julkaisun k\u00e4ytt\u00f6\u00f6ni - Kasvatustieteiden tiedonhaku \/\/ UEF-kirjasto","og_description":"Saatavuus ja julkaisun j\u00e4ljitt\u00e4minen Verkkolehtiin, -artikkeleihin\u00a0 ja \u2013kirjoihin on monta tiet\u00e4: UEF-Primon lehtihaulla voi hakea elektronisia e-lehti\u00e4 lehden nimen mukaan tai aihekategorioittain artikkeleita voit hakea Kansainv\u00e4liset artikkelit -haulla artikkelin tai sarjan osan nimell\u00e4. Kirjautumalla UEF-Primoon voit saada paremman tuloksen kuin kirjautumatta UEF-Primon kokotekstitietokannoista voi hakea mm. konferenssijulkaisuja. Valitse silloin sopiva\/todenn\u00e4k\u00f6inen tietokanta tai k\u00e4yt\u00e4 hakutyyppej\u00e4 Elektroniset [&hellip;]","og_url":"https:\/\/sites.uef.fi\/tiedonhaku-kasvatus\/miten-saan-julkaisun-kayttooni\/","og_site_name":"Kasvatustieteiden tiedonhaku \/\/ UEF-kirjasto","article_modified_time":"2024-06-26T10:12:48+00:00","og_image":[{"url":"https:\/\/sites.uef.fi\/tiedonhaku-kasvatus\/wp-content\/uploads\/sites\/80\/2020\/07\/Lehden_saatavuus-300x103.png","type":"","width":"","height":""}],"twitter_card":"summary_large_image","twitter_misc":{"Arvioitu lukuaika":"4 minuuttia"},"schema":{"@context":"https:\/\/schema.org","@graph":[{"@type":"WebPage","@id":"https:\/\/sites.uef.fi\/tiedonhaku-kasvatus\/miten-saan-julkaisun-kayttooni\/","url":"https:\/\/sites.uef.fi\/tiedonhaku-kasvatus\/miten-saan-julkaisun-kayttooni\/","name":"Miten saan julkaisun k\u00e4ytt\u00f6\u00f6ni - Kasvatustieteiden tiedonhaku \/\/ UEF-kirjasto","isPartOf":{"@id":"https:\/\/sites.uef.fi\/tiedonhaku-kasvatus\/#website"},"primaryImageOfPage":{"@id":"https:\/\/sites.uef.fi\/tiedonhaku-kasvatus\/miten-saan-julkaisun-kayttooni\/#primaryimage"},"image":{"@id":"https:\/\/sites.uef.fi\/tiedonhaku-kasvatus\/miten-saan-julkaisun-kayttooni\/#primaryimage"},"thumbnailUrl":"https:\/\/sites.uef.fi\/tiedonhaku-kasvatus\/wp-content\/uploads\/sites\/80\/2020\/07\/Lehden_saatavuus-300x103.png","datePublished":"2020-07-07T13:11:17+00:00","dateModified":"2024-06-26T10:12:48+00:00","breadcrumb":{"@id":"https:\/\/sites.uef.fi\/tiedonhaku-kasvatus\/miten-saan-julkaisun-kayttooni\/#breadcrumb"},"inLanguage":"fi","potentialAction":[{"@type":"ReadAction","target":["https:\/\/sites.uef.fi\/tiedonhaku-kasvatus\/miten-saan-julkaisun-kayttooni\/"]}]},{"@type":"ImageObject","inLanguage":"fi","@id":"https:\/\/sites.uef.fi\/tiedonhaku-kasvatus\/miten-saan-julkaisun-kayttooni\/#primaryimage","url":"https:\/\/sites.uef.fi\/tiedonhaku-kasvatus\/wp-content\/uploads\/sites\/80\/2020\/07\/Lehden_saatavuus.png","contentUrl":"https:\/\/sites.uef.fi\/tiedonhaku-kasvatus\/wp-content\/uploads\/sites\/80\/2020\/07\/Lehden_saatavuus.png","width":369,"height":127,"caption":"Kokotekstin saatavuus on merkitty saatavuuslinkin alle."},{"@type":"BreadcrumbList","@id":"https:\/\/sites.uef.fi\/tiedonhaku-kasvatus\/miten-saan-julkaisun-kayttooni\/#breadcrumb","itemListElement":[{"@type":"ListItem","position":1,"name":"Home","item":"https:\/\/sites.uef.fi\/tiedonhaku-kasvatus\/"},{"@type":"ListItem","position":2,"name":"Miten saan julkaisun k\u00e4ytt\u00f6\u00f6ni"}]},{"@type":"WebSite","@id":"https:\/\/sites.uef.fi\/tiedonhaku-kasvatus\/#website","url":"https:\/\/sites.uef.fi\/tiedonhaku-kasvatus\/","name":"Kasvatustieteiden tiedonhaku \/\/ UEF-kirjasto","description":"","potentialAction":[{"@type":"SearchAction","target":{"@type":"EntryPoint","urlTemplate":"https:\/\/sites.uef.fi\/tiedonhaku-kasvatus\/?s={search_term_string}"},"query-input":{"@type":"PropertyValueSpecification","valueRequired":true,"valueName":"search_term_string"}}],"inLanguage":"fi"}]}},"_links":{"self":[{"href":"https:\/\/sites.uef.fi\/tiedonhaku-kasvatus\/wp-json\/wp\/v2\/pages\/937","targetHints":{"allow":["GET"]}}],"collection":[{"href":"https:\/\/sites.uef.fi\/tiedonhaku-kasvatus\/wp-json\/wp\/v2\/pages"}],"about":[{"href":"https:\/\/sites.uef.fi\/tiedonhaku-kasvatus\/wp-json\/wp\/v2\/types\/page"}],"author":[{"embeddable":true,"href":"https:\/\/sites.uef.fi\/tiedonhaku-kasvatus\/wp-json\/wp\/v2\/users\/171"}],"replies":[{"embeddable":true,"href":"https:\/\/sites.uef.fi\/tiedonhaku-kasvatus\/wp-json\/wp\/v2\/comments?post=937"}],"version-history":[{"count":2,"href":"https:\/\/sites.uef.fi\/tiedonhaku-kasvatus\/wp-json\/wp\/v2\/pages\/937\/revisions"}],"predecessor-version":[{"id":5140,"href":"https:\/\/sites.uef.fi\/tiedonhaku-kasvatus\/wp-json\/wp\/v2\/pages\/937\/revisions\/5140"}],"wp:attachment":[{"href":"https:\/\/sites.uef.fi\/tiedonhaku-kasvatus\/wp-json\/wp\/v2\/media?parent=937"}],"curies":[{"name":"wp","href":"https:\/\/api.w.org\/{rel}","templated":true}]}}