{"id":94,"date":"2020-05-27T14:40:03","date_gmt":"2020-05-27T11:40:03","guid":{"rendered":"https:\/\/sites.uef.fi\/tiedonhaku-kasvatus\/?page_id=94"},"modified":"2023-07-25T12:29:49","modified_gmt":"2023-07-25T09:29:49","slug":"tieteelliset-julkaisut","status":"publish","type":"page","link":"https:\/\/sites.uef.fi\/tiedonhaku-kasvatus\/tieteelliset-julkaisut\/","title":{"rendered":"Tieteelliset julkaisut"},"content":{"rendered":"\n<p>Ennen kuin aloitat opinn\u00e4ytety\u00f6n tai muun tutkielman laatimisen, on t\u00e4rke\u00e4\u00e4 hahmottaa, millaista tieteellinen julkaiseminen ja tieteellinen tieto ylip\u00e4\u00e4t\u00e4\u00e4n on. Tiedonhakijana sinun tulee my\u00f6s tiet\u00e4\u00e4, mist\u00e4 tieteellist\u00e4 tietoa kannattaa hakea.<\/p>\n\n\n\n<p>Tiedonhaun oppaan Tiedonl\u00e4hteet ja arviointi -osion avulla opit, kuinka tieteellinen tieto p\u00e4\u00e4piirteitt\u00e4in rakentuu, ja saat opastusta tieteen erilaisten julkaisukanavien ja julkaisutyyppien tunnistamiseen. Ker\u00e4\u00e4t itsellesi tietoa my\u00f6s siit\u00e4, millaisista l\u00e4hteist\u00e4 tieteellist\u00e4 tietoa kannattaa ylip\u00e4\u00e4t\u00e4\u00e4n etsi\u00e4, ja kuinka tutkielman tekij\u00e4n\u00e4 voit itse arvioida l\u00f6yt\u00e4miesi tiedonl\u00e4hteiden ja julkaisujen tieteellisyytt\u00e4.<\/p>\n\n\n\n<p>T\u00e4m\u00e4n osion alla tutustutaan seuraaviin teemoihin:<\/p>\n\n\n\n<ul class=\"wp-block-list\">\n<li><a href=\"https:\/\/sites.uef.fi\/tiedonhaku-kasvatus\/tieteelliset-julkaisut\/tieteellinen-julkaiseminen-kasvatustieteissa\/\">Tieteellinen julkaiseminen kasvatustieteiss\u00e4<\/a><\/li>\n\n\n\n<li><a href=\"https:\/\/sites.uef.fi\/tiedonhaku-kasvatus\/tieteelliset-julkaisut\/kirjat-sarjat-ja-julkaisuraportit\/\">Kirjat, sarjat ja julkaisuraportit<\/a><\/li>\n\n\n\n<li><a href=\"https:\/\/sites.uef.fi\/tiedonhaku-kasvatus\/lehdet\/\">Lehdet<\/a><\/li>\n\n\n\n<li><a href=\"https:\/\/sites.uef.fi\/tiedonhaku-kasvatus\/internetin-tiedonlahteet\/\">Internetin tiedonl\u00e4hteet<\/a><\/li>\n\n\n\n<li><a href=\"https:\/\/sites.uef.fi\/tiedonhaku-kasvatus\/mista-tiedan-onko-julkaisu-tieteellinen\/\">Vertaisarviointi &#8211; Mist\u00e4 tiedon onko julkaisu tieteellinen?<\/a><\/li>\n\n\n\n<li><a href=\"https:\/\/sites.uef.fi\/tiedonhaku-kasvatus\/avoin-tiede-ja-julkaiseminen\/\">Avoin tiede, julkaiseminen ja tutkimus<\/a><\/li>\n<\/ul>\n","protected":false},"excerpt":{"rendered":"<p>Ennen kuin aloitat opinn\u00e4ytety\u00f6n tai muun tutkielman laatimisen, on t\u00e4rke\u00e4\u00e4 hahmottaa, millaista tieteellinen julkaiseminen ja tieteellinen tieto ylip\u00e4\u00e4t\u00e4\u00e4n on. Tiedonhakijana sinun tulee my\u00f6s tiet\u00e4\u00e4, mist\u00e4 tieteellist\u00e4 tietoa kannattaa hakea. Tiedonhaun oppaan Tiedonl\u00e4hteet ja arviointi -osion avulla opit, kuinka tieteellinen tieto p\u00e4\u00e4piirteitt\u00e4in rakentuu, ja saat opastusta tieteen erilaisten julkaisukanavien ja julkaisutyyppien tunnistamiseen. Ker\u00e4\u00e4t itsellesi tietoa my\u00f6s [&hellip;]<\/p>\n","protected":false},"author":171,"featured_media":0,"parent":0,"menu_order":0,"comment_status":"closed","ping_status":"closed","template":"","meta":{"_acf_changed":false,"_monsterinsights_skip_tracking":false,"_monsterinsights_sitenote_active":false,"_monsterinsights_sitenote_note":"","_monsterinsights_sitenote_category":0,"footnotes":""},"class_list":["post-94","page","type-page","status-publish","hentry"],"acf":[],"yoast_head":"<!-- This site is optimized with the Yoast SEO plugin v27.1.1 - https:\/\/yoast.com\/product\/yoast-seo-wordpress\/ -->\n<title>Tieteelliset julkaisut - Kasvatustieteiden tiedonhaku \/\/ UEF-kirjasto<\/title>\n<meta name=\"robots\" content=\"index, follow, max-snippet:-1, max-image-preview:large, max-video-preview:-1\" \/>\n<link rel=\"canonical\" href=\"https:\/\/sites.uef.fi\/tiedonhaku-kasvatus\/tieteelliset-julkaisut\/\" \/>\n<meta property=\"og:locale\" content=\"fi_FI\" \/>\n<meta property=\"og:type\" content=\"article\" \/>\n<meta property=\"og:title\" content=\"Tieteelliset julkaisut - Kasvatustieteiden tiedonhaku \/\/ UEF-kirjasto\" \/>\n<meta property=\"og:description\" content=\"Ennen kuin aloitat opinn\u00e4ytety\u00f6n tai muun tutkielman laatimisen, on t\u00e4rke\u00e4\u00e4 hahmottaa, millaista tieteellinen julkaiseminen ja tieteellinen tieto ylip\u00e4\u00e4t\u00e4\u00e4n on. Tiedonhakijana sinun tulee my\u00f6s tiet\u00e4\u00e4, mist\u00e4 tieteellist\u00e4 tietoa kannattaa hakea. Tiedonhaun oppaan Tiedonl\u00e4hteet ja arviointi -osion avulla opit, kuinka tieteellinen tieto p\u00e4\u00e4piirteitt\u00e4in rakentuu, ja saat opastusta tieteen erilaisten julkaisukanavien ja julkaisutyyppien tunnistamiseen. Ker\u00e4\u00e4t itsellesi tietoa my\u00f6s [&hellip;]\" \/>\n<meta property=\"og:url\" content=\"https:\/\/sites.uef.fi\/tiedonhaku-kasvatus\/tieteelliset-julkaisut\/\" \/>\n<meta property=\"og:site_name\" content=\"Kasvatustieteiden tiedonhaku \/\/ UEF-kirjasto\" \/>\n<meta property=\"article:modified_time\" content=\"2023-07-25T09:29:49+00:00\" \/>\n<meta name=\"twitter:card\" content=\"summary_large_image\" \/>\n<meta name=\"twitter:label1\" content=\"Arvioitu lukuaika\" \/>\n\t<meta name=\"twitter:data1\" content=\"1 minuutti\" \/>\n<script type=\"application\/ld+json\" class=\"yoast-schema-graph\">{\"@context\":\"https:\/\/schema.org\",\"@graph\":[{\"@type\":\"WebPage\",\"@id\":\"https:\/\/sites.uef.fi\/tiedonhaku-kasvatus\/tieteelliset-julkaisut\/\",\"url\":\"https:\/\/sites.uef.fi\/tiedonhaku-kasvatus\/tieteelliset-julkaisut\/\",\"name\":\"Tieteelliset julkaisut - Kasvatustieteiden tiedonhaku \/\/ UEF-kirjasto\",\"isPartOf\":{\"@id\":\"https:\/\/sites.uef.fi\/tiedonhaku-kasvatus\/#website\"},\"datePublished\":\"2020-05-27T11:40:03+00:00\",\"dateModified\":\"2023-07-25T09:29:49+00:00\",\"breadcrumb\":{\"@id\":\"https:\/\/sites.uef.fi\/tiedonhaku-kasvatus\/tieteelliset-julkaisut\/#breadcrumb\"},\"inLanguage\":\"fi\",\"potentialAction\":[{\"@type\":\"ReadAction\",\"target\":[\"https:\/\/sites.uef.fi\/tiedonhaku-kasvatus\/tieteelliset-julkaisut\/\"]}]},{\"@type\":\"BreadcrumbList\",\"@id\":\"https:\/\/sites.uef.fi\/tiedonhaku-kasvatus\/tieteelliset-julkaisut\/#breadcrumb\",\"itemListElement\":[{\"@type\":\"ListItem\",\"position\":1,\"name\":\"Home\",\"item\":\"https:\/\/sites.uef.fi\/tiedonhaku-kasvatus\/\"},{\"@type\":\"ListItem\",\"position\":2,\"name\":\"Tieteelliset julkaisut\"}]},{\"@type\":\"WebSite\",\"@id\":\"https:\/\/sites.uef.fi\/tiedonhaku-kasvatus\/#website\",\"url\":\"https:\/\/sites.uef.fi\/tiedonhaku-kasvatus\/\",\"name\":\"Kasvatustieteiden tiedonhaku \/\/ UEF-kirjasto\",\"description\":\"\",\"potentialAction\":[{\"@type\":\"SearchAction\",\"target\":{\"@type\":\"EntryPoint\",\"urlTemplate\":\"https:\/\/sites.uef.fi\/tiedonhaku-kasvatus\/?s={search_term_string}\"},\"query-input\":{\"@type\":\"PropertyValueSpecification\",\"valueRequired\":true,\"valueName\":\"search_term_string\"}}],\"inLanguage\":\"fi\"}]}<\/script>\n<!-- \/ Yoast SEO plugin. -->","yoast_head_json":{"title":"Tieteelliset julkaisut - Kasvatustieteiden tiedonhaku \/\/ UEF-kirjasto","robots":{"index":"index","follow":"follow","max-snippet":"max-snippet:-1","max-image-preview":"max-image-preview:large","max-video-preview":"max-video-preview:-1"},"canonical":"https:\/\/sites.uef.fi\/tiedonhaku-kasvatus\/tieteelliset-julkaisut\/","og_locale":"fi_FI","og_type":"article","og_title":"Tieteelliset julkaisut - Kasvatustieteiden tiedonhaku \/\/ UEF-kirjasto","og_description":"Ennen kuin aloitat opinn\u00e4ytety\u00f6n tai muun tutkielman laatimisen, on t\u00e4rke\u00e4\u00e4 hahmottaa, millaista tieteellinen julkaiseminen ja tieteellinen tieto ylip\u00e4\u00e4t\u00e4\u00e4n on. Tiedonhakijana sinun tulee my\u00f6s tiet\u00e4\u00e4, mist\u00e4 tieteellist\u00e4 tietoa kannattaa hakea. Tiedonhaun oppaan Tiedonl\u00e4hteet ja arviointi -osion avulla opit, kuinka tieteellinen tieto p\u00e4\u00e4piirteitt\u00e4in rakentuu, ja saat opastusta tieteen erilaisten julkaisukanavien ja julkaisutyyppien tunnistamiseen. Ker\u00e4\u00e4t itsellesi tietoa my\u00f6s [&hellip;]","og_url":"https:\/\/sites.uef.fi\/tiedonhaku-kasvatus\/tieteelliset-julkaisut\/","og_site_name":"Kasvatustieteiden tiedonhaku \/\/ UEF-kirjasto","article_modified_time":"2023-07-25T09:29:49+00:00","twitter_card":"summary_large_image","twitter_misc":{"Arvioitu lukuaika":"1 minuutti"},"schema":{"@context":"https:\/\/schema.org","@graph":[{"@type":"WebPage","@id":"https:\/\/sites.uef.fi\/tiedonhaku-kasvatus\/tieteelliset-julkaisut\/","url":"https:\/\/sites.uef.fi\/tiedonhaku-kasvatus\/tieteelliset-julkaisut\/","name":"Tieteelliset julkaisut - Kasvatustieteiden tiedonhaku \/\/ UEF-kirjasto","isPartOf":{"@id":"https:\/\/sites.uef.fi\/tiedonhaku-kasvatus\/#website"},"datePublished":"2020-05-27T11:40:03+00:00","dateModified":"2023-07-25T09:29:49+00:00","breadcrumb":{"@id":"https:\/\/sites.uef.fi\/tiedonhaku-kasvatus\/tieteelliset-julkaisut\/#breadcrumb"},"inLanguage":"fi","potentialAction":[{"@type":"ReadAction","target":["https:\/\/sites.uef.fi\/tiedonhaku-kasvatus\/tieteelliset-julkaisut\/"]}]},{"@type":"BreadcrumbList","@id":"https:\/\/sites.uef.fi\/tiedonhaku-kasvatus\/tieteelliset-julkaisut\/#breadcrumb","itemListElement":[{"@type":"ListItem","position":1,"name":"Home","item":"https:\/\/sites.uef.fi\/tiedonhaku-kasvatus\/"},{"@type":"ListItem","position":2,"name":"Tieteelliset julkaisut"}]},{"@type":"WebSite","@id":"https:\/\/sites.uef.fi\/tiedonhaku-kasvatus\/#website","url":"https:\/\/sites.uef.fi\/tiedonhaku-kasvatus\/","name":"Kasvatustieteiden tiedonhaku \/\/ UEF-kirjasto","description":"","potentialAction":[{"@type":"SearchAction","target":{"@type":"EntryPoint","urlTemplate":"https:\/\/sites.uef.fi\/tiedonhaku-kasvatus\/?s={search_term_string}"},"query-input":{"@type":"PropertyValueSpecification","valueRequired":true,"valueName":"search_term_string"}}],"inLanguage":"fi"}]}},"_links":{"self":[{"href":"https:\/\/sites.uef.fi\/tiedonhaku-kasvatus\/wp-json\/wp\/v2\/pages\/94","targetHints":{"allow":["GET"]}}],"collection":[{"href":"https:\/\/sites.uef.fi\/tiedonhaku-kasvatus\/wp-json\/wp\/v2\/pages"}],"about":[{"href":"https:\/\/sites.uef.fi\/tiedonhaku-kasvatus\/wp-json\/wp\/v2\/types\/page"}],"author":[{"embeddable":true,"href":"https:\/\/sites.uef.fi\/tiedonhaku-kasvatus\/wp-json\/wp\/v2\/users\/171"}],"replies":[{"embeddable":true,"href":"https:\/\/sites.uef.fi\/tiedonhaku-kasvatus\/wp-json\/wp\/v2\/comments?post=94"}],"version-history":[{"count":1,"href":"https:\/\/sites.uef.fi\/tiedonhaku-kasvatus\/wp-json\/wp\/v2\/pages\/94\/revisions"}],"predecessor-version":[{"id":4184,"href":"https:\/\/sites.uef.fi\/tiedonhaku-kasvatus\/wp-json\/wp\/v2\/pages\/94\/revisions\/4184"}],"wp:attachment":[{"href":"https:\/\/sites.uef.fi\/tiedonhaku-kasvatus\/wp-json\/wp\/v2\/media?parent=94"}],"curies":[{"name":"wp","href":"https:\/\/api.w.org\/{rel}","templated":true}]}}