{"id":113,"date":"2022-04-19T06:40:05","date_gmt":"2022-04-19T06:40:05","guid":{"rendered":"https:\/\/sites.uef.fi\/tiedonhaku-kirjasto\/?page_id=113"},"modified":"2023-10-09T12:12:13","modified_gmt":"2023-10-09T09:12:13","slug":"hakuaihe-ja-hakusanat","status":"publish","type":"page","link":"https:\/\/sites.uef.fi\/tiedonhaku-kirjasto\/hakuaihe-ja-hakusanat\/","title":{"rendered":"Hakuaihe ja asiasanat"},"content":{"rendered":"<iframe loading=\"lazy\" title=\"Kaaviokuva tiedonhaun prosessista, hakuaihe ja asiasanat korostettuna.\" width=\"930\" height=\"711\" data-original-width=\"930\" data-original-height=\"711\" src=\"https:\/\/www.thinglink.com\/card\/1634885829832736769\" type=\"text\/html\" frameborder=\"0\" webkitallowfullscreen mozallowfullscreen allowfullscreen scrolling=\"no\"><\/iframe><script async src=\"\/\/cdn.thinglink.me\/jse\/responsive.js\"><\/script><br\/><a href=\"https:\/\/app.widgets.thinglink.com\/accessibility\/1634885829832736769\" rel=\"noopener noreferrer\">Siirry t\u00e4st\u00e4 kuvan saavutettavaan versioon.<\/a>\n\n\n\n<p> <\/p>\n\n\n\n<p>Tiedonhaun oppaan edellisess\u00e4 vaiheessa tutustuit tieteelliseen julkaisemiseen ja tiedonl\u00e4hteisiin. Ehk\u00e4 ehdit jo kirjoittaa ty\u00f6si aiheen Googleen ja kokeilit, millaista sis\u00e4lt\u00f6\u00e4 verkossa on saatavana? <\/p>\n\n\n\n<p>Kokeileminen ja aiheen \u201dGooglaaminen\u201d erilaisilla hakusanoilla on aivan sallittua, etenkin alkuvaiheessa. Kattavaan tieteelliseen tiedonhakuun tulee kuitenkin k\u00e4ytt\u00e4\u00e4 muita, t\u00e4sm\u00e4llisempi\u00e4 hakumenetelmi\u00e4 ja tieteellisiin julkaisuihin keskittyvi\u00e4 tiedonl\u00e4hteit\u00e4.<\/p>\n\n\n\n<p>Hakuaihe ja asiasanat -osiossa tutustut siihen, kuinka voit t\u00e4sment\u00e4\u00e4 hakuasi. Ensin opit, kuinka jaat tutkimuksesi aiheen pienempiin osiin hakuaiheen, hakukysymysten ja aihetta kuvaavien k\u00e4sitteiden avulla. Seuraavaksi perehdyt siihen, mit\u00e4 yhteist\u00e4 on k\u00e4sitteill\u00e4, asiasanoilla ja asiasanastoilla, ja kuinka voit hy\u00f6dynt\u00e4\u00e4 niit\u00e4 etsiess\u00e4si oman tutkielmasi aiheisiin liittyv\u00e4\u00e4 kirjallisuutta tietokannoista.<\/p>\n\n\n\n<p>Hakuaiheet ja asiasanat -kokonaisuus sis\u00e4lt\u00e4\u00e4 kolme osiota. Voit siirty\u00e4 niihin suoraan alla olevista linkeist\u00e4:<\/p>\n\n\n\n<div class=\"links-block\">\n\n    \n    <ul class=\"link-list\">\n        \n            \n            <li class=\"link-list-item\">\n                <a href=\"https:\/\/sites.uef.fi\/tiedonhaku-kirjasto\/aiheesta-hakukysymykseksi\/\" class=\"link-reset link hover-scale-down\">\n                    <svg\n        width=\"43\" height=\"25\"\n        viewBox=\"0 0 43 25\"\n        xmlns=\"http:\/\/www.w3.org\/2000\/svg\">\n    <path\n        d=\"M30.027 0 43 12.5 30.027 25 27 22.083 34.351 15H0v-5h34.351L27 2.917z\"\n        fill=\"currentColor\"\n        fill-rule=\"evenodd\"\/>\n<\/svg>                    <div>Aiheesta hakukysymykseksi<\/div>\n                <\/a>\n                <div class=\"link-info\">\n                                    <\/div>\n            <\/li>\n\n        \n            <li class=\"link-list-item\">\n                <a href=\"https:\/\/sites.uef.fi\/tiedonhaku-kirjasto\/miten-loydan-toimivat-hakusanat\/\" class=\"link-reset link hover-scale-down\">\n                    <svg\n        width=\"43\" height=\"25\"\n        viewBox=\"0 0 43 25\"\n        xmlns=\"http:\/\/www.w3.org\/2000\/svg\">\n    <path\n        d=\"M30.027 0 43 12.5 30.027 25 27 22.083 34.351 15H0v-5h34.351L27 2.917z\"\n        fill=\"currentColor\"\n        fill-rule=\"evenodd\"\/>\n<\/svg>                    <div>Miten l\u00f6yd\u00e4n toimivat hakusanat?<\/div>\n                <\/a>\n                <div class=\"link-info\">\n                                    <\/div>\n            <\/li>\n\n        \n            <li class=\"link-list-item\">\n                <a href=\"https:\/\/sites.uef.fi\/tiedonhaku-kirjasto\/asiasanat-ja-asiasanastot\/\" class=\"link-reset link hover-scale-down\">\n                    <svg\n        width=\"43\" height=\"25\"\n        viewBox=\"0 0 43 25\"\n        xmlns=\"http:\/\/www.w3.org\/2000\/svg\">\n    <path\n        d=\"M30.027 0 43 12.5 30.027 25 27 22.083 34.351 15H0v-5h34.351L27 2.917z\"\n        fill=\"currentColor\"\n        fill-rule=\"evenodd\"\/>\n<\/svg>                    <div>Asiasanat ja asiasanastot<\/div>\n                <\/a>\n                <div class=\"link-info\">\n                                    <\/div>\n            <\/li>\n\n                <\/ul>\n<\/div>\n\n\n<div class=\"links-block\">\n\n            <h3>Seuraavaksi<\/h3>\n    \n    <ul class=\"link-list\">\n        \n            \n            <li class=\"link-list-item\">\n                <a href=\"https:\/\/sites.uef.fi\/tiedonhaku-kirjasto\/aiheesta-hakukysymykseksi\/\" class=\"link-reset link hover-scale-down\">\n                    <svg\n        width=\"43\" height=\"25\"\n        viewBox=\"0 0 43 25\"\n        xmlns=\"http:\/\/www.w3.org\/2000\/svg\">\n    <path\n        d=\"M30.027 0 43 12.5 30.027 25 27 22.083 34.351 15H0v-5h34.351L27 2.917z\"\n        fill=\"currentColor\"\n        fill-rule=\"evenodd\"\/>\n<\/svg>                    <div>Aiheesta hakukysymykseksi<\/div>\n                <\/a>\n                <div class=\"link-info\">\n                                    <\/div>\n            <\/li>\n\n                <\/ul>\n<\/div>","protected":false},"excerpt":{"rendered":"<p>Tiedonhaun oppaan edellisess\u00e4 vaiheessa tutustuit tieteelliseen julkaisemiseen ja tiedonl\u00e4hteisiin. Ehk\u00e4 ehdit jo kirjoittaa ty\u00f6si aiheen Googleen ja kokeilit, millaista sis\u00e4lt\u00f6\u00e4 verkossa on saatavana? Kokeileminen ja aiheen \u201dGooglaaminen\u201d erilaisilla hakusanoilla on aivan sallittua, etenkin alkuvaiheessa. Kattavaan tieteelliseen tiedonhakuun tulee kuitenkin k\u00e4ytt\u00e4\u00e4 muita, t\u00e4sm\u00e4llisempi\u00e4 hakumenetelmi\u00e4 ja tieteellisiin julkaisuihin keskittyvi\u00e4 tiedonl\u00e4hteit\u00e4. Hakuaihe ja asiasanat -osiossa tutustut siihen, kuinka [&hellip;]<\/p>\n","protected":false},"author":801,"featured_media":0,"parent":0,"menu_order":0,"comment_status":"closed","ping_status":"closed","template":"","meta":{"_acf_changed":false,"footnotes":""},"class_list":["post-113","page","type-page","status-publish","hentry"],"acf":[],"yoast_head":"<!-- This site is optimized with the Yoast SEO plugin v27.1.1 - https:\/\/yoast.com\/product\/yoast-seo-wordpress\/ -->\n<title>Hakuaihe ja asiasanat - Tiedonhakijan opas \/\/ UEF-kirjasto<\/title>\n<meta name=\"description\" content=\"Sinulla on hakuaihe, mutta miten ideoit toimivia hakusanoja ja muodostat hakulauseita niiden pohjalta? T\u00e4m\u00e4 osio vastaa n\u00e4ihin kysymyksiin.\" \/>\n<meta name=\"robots\" content=\"index, follow, max-snippet:-1, max-image-preview:large, max-video-preview:-1\" \/>\n<link rel=\"canonical\" href=\"https:\/\/sites.uef.fi\/tiedonhaku-kirjasto\/hakuaihe-ja-hakusanat\/\" \/>\n<meta property=\"og:locale\" content=\"fi_FI\" \/>\n<meta property=\"og:type\" content=\"article\" \/>\n<meta property=\"og:title\" content=\"Hakuaihe ja asiasanat - Tiedonhakijan opas \/\/ UEF-kirjasto\" \/>\n<meta property=\"og:description\" content=\"Sinulla on hakuaihe, mutta miten ideoit toimivia hakusanoja ja muodostat hakulauseita niiden pohjalta? T\u00e4m\u00e4 osio vastaa n\u00e4ihin kysymyksiin.\" \/>\n<meta property=\"og:url\" content=\"https:\/\/sites.uef.fi\/tiedonhaku-kirjasto\/hakuaihe-ja-hakusanat\/\" \/>\n<meta property=\"og:site_name\" content=\"Tiedonhakijan opas \/\/ UEF-kirjasto\" \/>\n<meta property=\"article:modified_time\" content=\"2023-10-09T09:12:13+00:00\" \/>\n<meta name=\"twitter:card\" content=\"summary_large_image\" \/>\n<meta name=\"twitter:label1\" content=\"Arvioitu lukuaika\" \/>\n\t<meta name=\"twitter:data1\" content=\"1 minuutti\" \/>\n<script type=\"application\/ld+json\" class=\"yoast-schema-graph\">{\"@context\":\"https:\/\/schema.org\",\"@graph\":[{\"@type\":\"WebPage\",\"@id\":\"https:\/\/sites.uef.fi\/tiedonhaku-kirjasto\/hakuaihe-ja-hakusanat\/\",\"url\":\"https:\/\/sites.uef.fi\/tiedonhaku-kirjasto\/hakuaihe-ja-hakusanat\/\",\"name\":\"Hakuaihe ja asiasanat - Tiedonhakijan opas \/\/ UEF-kirjasto\",\"isPartOf\":{\"@id\":\"https:\/\/sites.uef.fi\/tiedonhaku-kirjasto\/#website\"},\"datePublished\":\"2022-04-19T06:40:05+00:00\",\"dateModified\":\"2023-10-09T09:12:13+00:00\",\"description\":\"Sinulla on hakuaihe, mutta miten ideoit toimivia hakusanoja ja muodostat hakulauseita niiden pohjalta? T\u00e4m\u00e4 osio vastaa n\u00e4ihin kysymyksiin.\",\"breadcrumb\":{\"@id\":\"https:\/\/sites.uef.fi\/tiedonhaku-kirjasto\/hakuaihe-ja-hakusanat\/#breadcrumb\"},\"inLanguage\":\"fi\",\"potentialAction\":[{\"@type\":\"ReadAction\",\"target\":[\"https:\/\/sites.uef.fi\/tiedonhaku-kirjasto\/hakuaihe-ja-hakusanat\/\"]}]},{\"@type\":\"BreadcrumbList\",\"@id\":\"https:\/\/sites.uef.fi\/tiedonhaku-kirjasto\/hakuaihe-ja-hakusanat\/#breadcrumb\",\"itemListElement\":[{\"@type\":\"ListItem\",\"position\":1,\"name\":\"Home\",\"item\":\"https:\/\/sites.uef.fi\/tiedonhaku-kirjasto\/\"},{\"@type\":\"ListItem\",\"position\":2,\"name\":\"Hakuaihe ja asiasanat\"}]},{\"@type\":\"WebSite\",\"@id\":\"https:\/\/sites.uef.fi\/tiedonhaku-kirjasto\/#website\",\"url\":\"https:\/\/sites.uef.fi\/tiedonhaku-kirjasto\/\",\"name\":\"Tiedonhakijan opas \/\/ UEF-kirjasto\",\"description\":\"\",\"potentialAction\":[{\"@type\":\"SearchAction\",\"target\":{\"@type\":\"EntryPoint\",\"urlTemplate\":\"https:\/\/sites.uef.fi\/tiedonhaku-kirjasto\/?s={search_term_string}\"},\"query-input\":{\"@type\":\"PropertyValueSpecification\",\"valueRequired\":true,\"valueName\":\"search_term_string\"}}],\"inLanguage\":\"fi\"}]}<\/script>\n<!-- \/ Yoast SEO plugin. -->","yoast_head_json":{"title":"Hakuaihe ja asiasanat - Tiedonhakijan opas \/\/ UEF-kirjasto","description":"Sinulla on hakuaihe, mutta miten ideoit toimivia hakusanoja ja muodostat hakulauseita niiden pohjalta? T\u00e4m\u00e4 osio vastaa n\u00e4ihin kysymyksiin.","robots":{"index":"index","follow":"follow","max-snippet":"max-snippet:-1","max-image-preview":"max-image-preview:large","max-video-preview":"max-video-preview:-1"},"canonical":"https:\/\/sites.uef.fi\/tiedonhaku-kirjasto\/hakuaihe-ja-hakusanat\/","og_locale":"fi_FI","og_type":"article","og_title":"Hakuaihe ja asiasanat - Tiedonhakijan opas \/\/ UEF-kirjasto","og_description":"Sinulla on hakuaihe, mutta miten ideoit toimivia hakusanoja ja muodostat hakulauseita niiden pohjalta? T\u00e4m\u00e4 osio vastaa n\u00e4ihin kysymyksiin.","og_url":"https:\/\/sites.uef.fi\/tiedonhaku-kirjasto\/hakuaihe-ja-hakusanat\/","og_site_name":"Tiedonhakijan opas \/\/ UEF-kirjasto","article_modified_time":"2023-10-09T09:12:13+00:00","twitter_card":"summary_large_image","twitter_misc":{"Arvioitu lukuaika":"1 minuutti"},"schema":{"@context":"https:\/\/schema.org","@graph":[{"@type":"WebPage","@id":"https:\/\/sites.uef.fi\/tiedonhaku-kirjasto\/hakuaihe-ja-hakusanat\/","url":"https:\/\/sites.uef.fi\/tiedonhaku-kirjasto\/hakuaihe-ja-hakusanat\/","name":"Hakuaihe ja asiasanat - Tiedonhakijan opas \/\/ UEF-kirjasto","isPartOf":{"@id":"https:\/\/sites.uef.fi\/tiedonhaku-kirjasto\/#website"},"datePublished":"2022-04-19T06:40:05+00:00","dateModified":"2023-10-09T09:12:13+00:00","description":"Sinulla on hakuaihe, mutta miten ideoit toimivia hakusanoja ja muodostat hakulauseita niiden pohjalta? T\u00e4m\u00e4 osio vastaa n\u00e4ihin kysymyksiin.","breadcrumb":{"@id":"https:\/\/sites.uef.fi\/tiedonhaku-kirjasto\/hakuaihe-ja-hakusanat\/#breadcrumb"},"inLanguage":"fi","potentialAction":[{"@type":"ReadAction","target":["https:\/\/sites.uef.fi\/tiedonhaku-kirjasto\/hakuaihe-ja-hakusanat\/"]}]},{"@type":"BreadcrumbList","@id":"https:\/\/sites.uef.fi\/tiedonhaku-kirjasto\/hakuaihe-ja-hakusanat\/#breadcrumb","itemListElement":[{"@type":"ListItem","position":1,"name":"Home","item":"https:\/\/sites.uef.fi\/tiedonhaku-kirjasto\/"},{"@type":"ListItem","position":2,"name":"Hakuaihe ja asiasanat"}]},{"@type":"WebSite","@id":"https:\/\/sites.uef.fi\/tiedonhaku-kirjasto\/#website","url":"https:\/\/sites.uef.fi\/tiedonhaku-kirjasto\/","name":"Tiedonhakijan opas \/\/ UEF-kirjasto","description":"","potentialAction":[{"@type":"SearchAction","target":{"@type":"EntryPoint","urlTemplate":"https:\/\/sites.uef.fi\/tiedonhaku-kirjasto\/?s={search_term_string}"},"query-input":{"@type":"PropertyValueSpecification","valueRequired":true,"valueName":"search_term_string"}}],"inLanguage":"fi"}]}},"_links":{"self":[{"href":"https:\/\/sites.uef.fi\/tiedonhaku-kirjasto\/wp-json\/wp\/v2\/pages\/113","targetHints":{"allow":["GET"]}}],"collection":[{"href":"https:\/\/sites.uef.fi\/tiedonhaku-kirjasto\/wp-json\/wp\/v2\/pages"}],"about":[{"href":"https:\/\/sites.uef.fi\/tiedonhaku-kirjasto\/wp-json\/wp\/v2\/types\/page"}],"author":[{"embeddable":true,"href":"https:\/\/sites.uef.fi\/tiedonhaku-kirjasto\/wp-json\/wp\/v2\/users\/801"}],"replies":[{"embeddable":true,"href":"https:\/\/sites.uef.fi\/tiedonhaku-kirjasto\/wp-json\/wp\/v2\/comments?post=113"}],"version-history":[{"count":2,"href":"https:\/\/sites.uef.fi\/tiedonhaku-kirjasto\/wp-json\/wp\/v2\/pages\/113\/revisions"}],"predecessor-version":[{"id":10569,"href":"https:\/\/sites.uef.fi\/tiedonhaku-kirjasto\/wp-json\/wp\/v2\/pages\/113\/revisions\/10569"}],"wp:attachment":[{"href":"https:\/\/sites.uef.fi\/tiedonhaku-kirjasto\/wp-json\/wp\/v2\/media?parent=113"}],"curies":[{"name":"wp","href":"https:\/\/api.w.org\/{rel}","templated":true}]}}