{"id":119,"date":"2022-04-19T06:40:05","date_gmt":"2022-04-19T06:40:05","guid":{"rendered":"https:\/\/sites.uef.fi\/tiedonhaku-kirjasto\/?page_id=119"},"modified":"2023-10-10T08:23:20","modified_gmt":"2023-10-10T05:23:20","slug":"hakutekniikka-ja-hakutavat","status":"publish","type":"page","link":"https:\/\/sites.uef.fi\/tiedonhaku-kirjasto\/hakutekniikka-ja-hakutavat\/","title":{"rendered":"Hakutekniikka ja hakutavat"},"content":{"rendered":"<iframe loading=\"lazy\" title=\"Kaaviokuva tiedonhaun prosessista, hakutekniikka ja hakutavat korostettuna.\" width=\"953\" height=\"715\" data-original-width=\"953\" data-original-height=\"715\" src=\"https:\/\/www.thinglink.com\/card\/1634888159642779649\" type=\"text\/html\" frameborder=\"0\" webkitallowfullscreen mozallowfullscreen allowfullscreen scrolling=\"no\"><\/iframe><script async src=\"\/\/cdn.thinglink.me\/jse\/responsive.js\"><\/script><br\/><a href=\"https:\/\/app.widgets.thinglink.com\/accessibility\/1634888159642779649\" rel=\"noopener noreferrer\">Siirry t\u00e4st\u00e4 kuvan saavutettavaan versioon.<\/a>\n\n\n\n<p> <\/p>\n\n\n\n<p>Nyt tied\u00e4t jo, millaisia tiedonl\u00e4hteit\u00e4 tieteelliseen julkaisemiseen kuuluu, ja kuinka valitset tutkimuksesi aiheeseen sopivia hakusanoja. Hakusanat eiv\u00e4t silti aina sellaisenaan takaa tieteellisess\u00e4 tiedonhaussa riitt\u00e4v\u00e4n kattavia hakutuloksia. Siksi hakusanoja voi ja kannattaa kehitt\u00e4\u00e4 edelleen.<\/p>\n\n\n\n<p>Tiedonhaun oppaan Hakutekniikka ja hakutavat -osiossa opit hakusanalauseen rakentamiseen kuuluvia, tiedonhakua t\u00e4sment\u00e4vi\u00e4 menetelmi\u00e4. Esimerkiksi fraasihaku, sanankatkaisu ja korvausmerkit auttavat sinua hakusanojen kirjoitusasun kanssa, ja vaihtoehtoisilla ja rajaavilla hakusanoilla voit muokata hakusanalausetta ja s\u00e4\u00e4dell\u00e4 tiedonhaun laajuutta. Hakukenttien avulla taas kohdistat tiedonhaun haluamiisi kohteisiin.<\/p>\n\n\n\n<p>Kun hakulauseesi alkaa muotoutua, voit kokeilla erilaisia hakutapoja ja arvioida tiedonhaun onnistumista. \u00c4l\u00e4 huolestu, jos tiedonhaku ei heti onnistu ja tuota toivottuja hakutuloksia \u2013 tiedonhakuun kuuluu, ett\u00e4 eri vaiheiden v\u00e4lill\u00e4 liikutaan toisinaan eteenp\u00e4in ja joskus taas palataan edellisiin vaiheisiin.&nbsp;<\/p>\n\n\n\n<p>Hakutekniikka ja hakutavat -kokonaisuus sis\u00e4lt\u00e4\u00e4 viisi osiota. Voit siirty\u00e4 niihin suoraan alla olevista linkeist\u00e4:<\/p>\n\n\n\n<div class=\"links-block\">\n\n    \n    <ul class=\"link-list\">\n        \n            \n            <li class=\"link-list-item\">\n                <a href=\"https:\/\/sites.uef.fi\/tiedonhaku-kirjasto\/fraasihaku-sanankatkaisu-ja-korvausmerkit\/\" class=\"link-reset link hover-scale-down\">\n                    <svg\n        width=\"43\" height=\"25\"\n        viewBox=\"0 0 43 25\"\n        xmlns=\"http:\/\/www.w3.org\/2000\/svg\">\n    <path\n        d=\"M30.027 0 43 12.5 30.027 25 27 22.083 34.351 15H0v-5h34.351L27 2.917z\"\n        fill=\"currentColor\"\n        fill-rule=\"evenodd\"\/>\n<\/svg>                    <div>Fraasihaku, sanankatkaisu ja korvausmerkit<\/div>\n                <\/a>\n                <div class=\"link-info\">\n                                    <\/div>\n            <\/li>\n\n        \n            <li class=\"link-list-item\">\n                <a href=\"https:\/\/sites.uef.fi\/tiedonhaku-kirjasto\/hakusanojen-yhdistaminen-hakulauseeksi\/\" class=\"link-reset link hover-scale-down\">\n                    <svg\n        width=\"43\" height=\"25\"\n        viewBox=\"0 0 43 25\"\n        xmlns=\"http:\/\/www.w3.org\/2000\/svg\">\n    <path\n        d=\"M30.027 0 43 12.5 30.027 25 27 22.083 34.351 15H0v-5h34.351L27 2.917z\"\n        fill=\"currentColor\"\n        fill-rule=\"evenodd\"\/>\n<\/svg>                    <div>Hakusanojen yhdist\u00e4minen hakulauseeksi<\/div>\n                <\/a>\n                <div class=\"link-info\">\n                                    <\/div>\n            <\/li>\n\n        \n            <li class=\"link-list-item\">\n                <a href=\"https:\/\/sites.uef.fi\/tiedonhaku-kirjasto\/hakukentat\/\" class=\"link-reset link hover-scale-down\">\n                    <svg\n        width=\"43\" height=\"25\"\n        viewBox=\"0 0 43 25\"\n        xmlns=\"http:\/\/www.w3.org\/2000\/svg\">\n    <path\n        d=\"M30.027 0 43 12.5 30.027 25 27 22.083 34.351 15H0v-5h34.351L27 2.917z\"\n        fill=\"currentColor\"\n        fill-rule=\"evenodd\"\/>\n<\/svg>                    <div>Hakukent\u00e4t<\/div>\n                <\/a>\n                <div class=\"link-info\">\n                                    <\/div>\n            <\/li>\n\n        \n            <li class=\"link-list-item\">\n                <a href=\"https:\/\/sites.uef.fi\/tiedonhaku-kirjasto\/hakutavat\/\" class=\"link-reset link hover-scale-down\">\n                    <svg\n        width=\"43\" height=\"25\"\n        viewBox=\"0 0 43 25\"\n        xmlns=\"http:\/\/www.w3.org\/2000\/svg\">\n    <path\n        d=\"M30.027 0 43 12.5 30.027 25 27 22.083 34.351 15H0v-5h34.351L27 2.917z\"\n        fill=\"currentColor\"\n        fill-rule=\"evenodd\"\/>\n<\/svg>                    <div>Hakutavat<\/div>\n                <\/a>\n                <div class=\"link-info\">\n                                    <\/div>\n            <\/li>\n\n        \n            <li class=\"link-list-item\">\n                <a href=\"https:\/\/sites.uef.fi\/tiedonhaku-kirjasto\/onnistuiko-tiedonhaku\/\" class=\"link-reset link hover-scale-down\">\n                    <svg\n        width=\"43\" height=\"25\"\n        viewBox=\"0 0 43 25\"\n        xmlns=\"http:\/\/www.w3.org\/2000\/svg\">\n    <path\n        d=\"M30.027 0 43 12.5 30.027 25 27 22.083 34.351 15H0v-5h34.351L27 2.917z\"\n        fill=\"currentColor\"\n        fill-rule=\"evenodd\"\/>\n<\/svg>                    <div>Onnistuiko tiedonhaku?<\/div>\n                <\/a>\n                <div class=\"link-info\">\n                                    <\/div>\n            <\/li>\n\n                <\/ul>\n<\/div>\n\n\n<div class=\"links-block\">\n\n            <h3>Seuraavaksi<\/h3>\n    \n    <ul class=\"link-list\">\n        \n            \n            <li class=\"link-list-item\">\n                <a href=\"https:\/\/sites.uef.fi\/tiedonhaku-kirjasto\/fraasihaku-sanankatkaisu-ja-korvausmerkit\/\" class=\"link-reset link hover-scale-down\">\n                    <svg\n        width=\"43\" height=\"25\"\n        viewBox=\"0 0 43 25\"\n        xmlns=\"http:\/\/www.w3.org\/2000\/svg\">\n    <path\n        d=\"M30.027 0 43 12.5 30.027 25 27 22.083 34.351 15H0v-5h34.351L27 2.917z\"\n        fill=\"currentColor\"\n        fill-rule=\"evenodd\"\/>\n<\/svg>                    <div>Fraasihaku, sanankatkaisu ja korvausmerkit<\/div>\n                <\/a>\n                <div class=\"link-info\">\n                                    <\/div>\n            <\/li>\n\n                <\/ul>\n<\/div>","protected":false},"excerpt":{"rendered":"<p>Nyt tied\u00e4t jo, millaisia tiedonl\u00e4hteit\u00e4 tieteelliseen julkaisemiseen kuuluu, ja kuinka valitset tutkimuksesi aiheeseen sopivia hakusanoja. Hakusanat eiv\u00e4t silti aina sellaisenaan takaa tieteellisess\u00e4 tiedonhaussa riitt\u00e4v\u00e4n kattavia hakutuloksia. Siksi hakusanoja voi ja kannattaa kehitt\u00e4\u00e4 edelleen. Tiedonhaun oppaan Hakutekniikka ja hakutavat -osiossa opit hakusanalauseen rakentamiseen kuuluvia, tiedonhakua t\u00e4sment\u00e4vi\u00e4 menetelmi\u00e4. Esimerkiksi fraasihaku, sanankatkaisu ja korvausmerkit auttavat sinua hakusanojen kirjoitusasun [&hellip;]<\/p>\n","protected":false},"author":801,"featured_media":0,"parent":0,"menu_order":0,"comment_status":"closed","ping_status":"closed","template":"","meta":{"_acf_changed":false,"footnotes":""},"class_list":["post-119","page","type-page","status-publish","hentry"],"acf":[],"yoast_head":"<!-- This site is optimized with the Yoast SEO plugin v27.1.1 - https:\/\/yoast.com\/product\/yoast-seo-wordpress\/ -->\n<title>Hakutekniikka ja hakutavat - Tiedonhakijan opas \/\/ UEF-kirjasto<\/title>\n<meta name=\"description\" content=\"T\u00e4ss\u00e4\u00a0osiossa opit hakulauseen rakentamiseen kuuluvia t\u00e4sment\u00e4vi\u00e4 menetelmi\u00e4.\" \/>\n<meta name=\"robots\" content=\"index, follow, max-snippet:-1, max-image-preview:large, max-video-preview:-1\" \/>\n<link rel=\"canonical\" href=\"https:\/\/sites.uef.fi\/tiedonhaku-kirjasto\/hakutekniikka-ja-hakutavat\/\" \/>\n<meta property=\"og:locale\" content=\"fi_FI\" \/>\n<meta property=\"og:type\" content=\"article\" \/>\n<meta property=\"og:title\" content=\"Hakutekniikka ja hakutavat - Tiedonhakijan opas \/\/ UEF-kirjasto\" \/>\n<meta property=\"og:description\" content=\"T\u00e4ss\u00e4\u00a0osiossa opit hakulauseen rakentamiseen kuuluvia t\u00e4sment\u00e4vi\u00e4 menetelmi\u00e4.\" \/>\n<meta property=\"og:url\" content=\"https:\/\/sites.uef.fi\/tiedonhaku-kirjasto\/hakutekniikka-ja-hakutavat\/\" \/>\n<meta property=\"og:site_name\" content=\"Tiedonhakijan opas \/\/ UEF-kirjasto\" \/>\n<meta property=\"article:modified_time\" content=\"2023-10-10T05:23:20+00:00\" \/>\n<meta name=\"twitter:card\" content=\"summary_large_image\" \/>\n<meta name=\"twitter:label1\" content=\"Arvioitu lukuaika\" \/>\n\t<meta name=\"twitter:data1\" content=\"1 minuutti\" \/>\n<script type=\"application\/ld+json\" class=\"yoast-schema-graph\">{\"@context\":\"https:\/\/schema.org\",\"@graph\":[{\"@type\":\"WebPage\",\"@id\":\"https:\/\/sites.uef.fi\/tiedonhaku-kirjasto\/hakutekniikka-ja-hakutavat\/\",\"url\":\"https:\/\/sites.uef.fi\/tiedonhaku-kirjasto\/hakutekniikka-ja-hakutavat\/\",\"name\":\"Hakutekniikka ja hakutavat - Tiedonhakijan opas \/\/ UEF-kirjasto\",\"isPartOf\":{\"@id\":\"https:\/\/sites.uef.fi\/tiedonhaku-kirjasto\/#website\"},\"datePublished\":\"2022-04-19T06:40:05+00:00\",\"dateModified\":\"2023-10-10T05:23:20+00:00\",\"description\":\"T\u00e4ss\u00e4\u00a0osiossa opit hakulauseen rakentamiseen kuuluvia t\u00e4sment\u00e4vi\u00e4 menetelmi\u00e4.\",\"breadcrumb\":{\"@id\":\"https:\/\/sites.uef.fi\/tiedonhaku-kirjasto\/hakutekniikka-ja-hakutavat\/#breadcrumb\"},\"inLanguage\":\"fi\",\"potentialAction\":[{\"@type\":\"ReadAction\",\"target\":[\"https:\/\/sites.uef.fi\/tiedonhaku-kirjasto\/hakutekniikka-ja-hakutavat\/\"]}]},{\"@type\":\"BreadcrumbList\",\"@id\":\"https:\/\/sites.uef.fi\/tiedonhaku-kirjasto\/hakutekniikka-ja-hakutavat\/#breadcrumb\",\"itemListElement\":[{\"@type\":\"ListItem\",\"position\":1,\"name\":\"Home\",\"item\":\"https:\/\/sites.uef.fi\/tiedonhaku-kirjasto\/\"},{\"@type\":\"ListItem\",\"position\":2,\"name\":\"Hakutekniikka ja hakutavat\"}]},{\"@type\":\"WebSite\",\"@id\":\"https:\/\/sites.uef.fi\/tiedonhaku-kirjasto\/#website\",\"url\":\"https:\/\/sites.uef.fi\/tiedonhaku-kirjasto\/\",\"name\":\"Tiedonhakijan opas \/\/ UEF-kirjasto\",\"description\":\"\",\"potentialAction\":[{\"@type\":\"SearchAction\",\"target\":{\"@type\":\"EntryPoint\",\"urlTemplate\":\"https:\/\/sites.uef.fi\/tiedonhaku-kirjasto\/?s={search_term_string}\"},\"query-input\":{\"@type\":\"PropertyValueSpecification\",\"valueRequired\":true,\"valueName\":\"search_term_string\"}}],\"inLanguage\":\"fi\"}]}<\/script>\n<!-- \/ Yoast SEO plugin. -->","yoast_head_json":{"title":"Hakutekniikka ja hakutavat - Tiedonhakijan opas \/\/ UEF-kirjasto","description":"T\u00e4ss\u00e4\u00a0osiossa opit hakulauseen rakentamiseen kuuluvia t\u00e4sment\u00e4vi\u00e4 menetelmi\u00e4.","robots":{"index":"index","follow":"follow","max-snippet":"max-snippet:-1","max-image-preview":"max-image-preview:large","max-video-preview":"max-video-preview:-1"},"canonical":"https:\/\/sites.uef.fi\/tiedonhaku-kirjasto\/hakutekniikka-ja-hakutavat\/","og_locale":"fi_FI","og_type":"article","og_title":"Hakutekniikka ja hakutavat - Tiedonhakijan opas \/\/ UEF-kirjasto","og_description":"T\u00e4ss\u00e4\u00a0osiossa opit hakulauseen rakentamiseen kuuluvia t\u00e4sment\u00e4vi\u00e4 menetelmi\u00e4.","og_url":"https:\/\/sites.uef.fi\/tiedonhaku-kirjasto\/hakutekniikka-ja-hakutavat\/","og_site_name":"Tiedonhakijan opas \/\/ UEF-kirjasto","article_modified_time":"2023-10-10T05:23:20+00:00","twitter_card":"summary_large_image","twitter_misc":{"Arvioitu lukuaika":"1 minuutti"},"schema":{"@context":"https:\/\/schema.org","@graph":[{"@type":"WebPage","@id":"https:\/\/sites.uef.fi\/tiedonhaku-kirjasto\/hakutekniikka-ja-hakutavat\/","url":"https:\/\/sites.uef.fi\/tiedonhaku-kirjasto\/hakutekniikka-ja-hakutavat\/","name":"Hakutekniikka ja hakutavat - Tiedonhakijan opas \/\/ UEF-kirjasto","isPartOf":{"@id":"https:\/\/sites.uef.fi\/tiedonhaku-kirjasto\/#website"},"datePublished":"2022-04-19T06:40:05+00:00","dateModified":"2023-10-10T05:23:20+00:00","description":"T\u00e4ss\u00e4\u00a0osiossa opit hakulauseen rakentamiseen kuuluvia t\u00e4sment\u00e4vi\u00e4 menetelmi\u00e4.","breadcrumb":{"@id":"https:\/\/sites.uef.fi\/tiedonhaku-kirjasto\/hakutekniikka-ja-hakutavat\/#breadcrumb"},"inLanguage":"fi","potentialAction":[{"@type":"ReadAction","target":["https:\/\/sites.uef.fi\/tiedonhaku-kirjasto\/hakutekniikka-ja-hakutavat\/"]}]},{"@type":"BreadcrumbList","@id":"https:\/\/sites.uef.fi\/tiedonhaku-kirjasto\/hakutekniikka-ja-hakutavat\/#breadcrumb","itemListElement":[{"@type":"ListItem","position":1,"name":"Home","item":"https:\/\/sites.uef.fi\/tiedonhaku-kirjasto\/"},{"@type":"ListItem","position":2,"name":"Hakutekniikka ja hakutavat"}]},{"@type":"WebSite","@id":"https:\/\/sites.uef.fi\/tiedonhaku-kirjasto\/#website","url":"https:\/\/sites.uef.fi\/tiedonhaku-kirjasto\/","name":"Tiedonhakijan opas \/\/ UEF-kirjasto","description":"","potentialAction":[{"@type":"SearchAction","target":{"@type":"EntryPoint","urlTemplate":"https:\/\/sites.uef.fi\/tiedonhaku-kirjasto\/?s={search_term_string}"},"query-input":{"@type":"PropertyValueSpecification","valueRequired":true,"valueName":"search_term_string"}}],"inLanguage":"fi"}]}},"_links":{"self":[{"href":"https:\/\/sites.uef.fi\/tiedonhaku-kirjasto\/wp-json\/wp\/v2\/pages\/119","targetHints":{"allow":["GET"]}}],"collection":[{"href":"https:\/\/sites.uef.fi\/tiedonhaku-kirjasto\/wp-json\/wp\/v2\/pages"}],"about":[{"href":"https:\/\/sites.uef.fi\/tiedonhaku-kirjasto\/wp-json\/wp\/v2\/types\/page"}],"author":[{"embeddable":true,"href":"https:\/\/sites.uef.fi\/tiedonhaku-kirjasto\/wp-json\/wp\/v2\/users\/801"}],"replies":[{"embeddable":true,"href":"https:\/\/sites.uef.fi\/tiedonhaku-kirjasto\/wp-json\/wp\/v2\/comments?post=119"}],"version-history":[{"count":2,"href":"https:\/\/sites.uef.fi\/tiedonhaku-kirjasto\/wp-json\/wp\/v2\/pages\/119\/revisions"}],"predecessor-version":[{"id":10627,"href":"https:\/\/sites.uef.fi\/tiedonhaku-kirjasto\/wp-json\/wp\/v2\/pages\/119\/revisions\/10627"}],"wp:attachment":[{"href":"https:\/\/sites.uef.fi\/tiedonhaku-kirjasto\/wp-json\/wp\/v2\/media?parent=119"}],"curies":[{"name":"wp","href":"https:\/\/api.w.org\/{rel}","templated":true}]}}