{"id":125,"date":"2022-04-19T06:40:06","date_gmt":"2022-04-19T06:40:06","guid":{"rendered":"https:\/\/sites.uef.fi\/tiedonhaku-kirjasto\/?page_id=125"},"modified":"2023-10-06T09:36:54","modified_gmt":"2023-10-06T06:36:54","slug":"tiedonlahteet-ja-arviointi","status":"publish","type":"page","link":"https:\/\/sites.uef.fi\/tiedonhaku-kirjasto\/tiedonlahteet-ja-arviointi\/","title":{"rendered":"Tiedonl\u00e4hteet ja arviointi"},"content":{"rendered":"<iframe loading=\"lazy\" title=\"Kaaviokuva tiedonhakuprosessista, tiedonl\u00e4hteet korostettuna.\" width=\"960\" height=\"719\" data-original-width=\"962\" data-original-height=\"721\" src=\"https:\/\/www.thinglink.com\/card\/1628396976607330307\" type=\"text\/html\" frameborder=\"0\" webkitallowfullscreen mozallowfullscreen allowfullscreen scrolling=\"no\"><\/iframe><script async src=\"\/\/cdn.thinglink.me\/jse\/responsive.js\"><\/script><br\/><a href=\"https:\/\/app.widgets.thinglink.com\/accessibility\/1628396976607330307\" rel=\"noopener noreferrer\">Siirry t\u00e4st\u00e4 kuvan saavutettavaan versioon.<\/a>\n\n\n\n<p> <\/p>\n\n\n\n<p>Eri l\u00e4hteist\u00e4 saatujen tietojen yhdistely ja vertailu on oleellinen osa tutkimusta. Vastaavasti tieteellisen tiedon ja tiedonl\u00e4hteiden tunnistaminen on hyvin t\u00e4rke\u00e4, ja usein yksi ensimm\u00e4isist\u00e4 vaiheista tiedonhaun taitojen opettelussa. Ennen kuin aloitat opinn\u00e4ytety\u00f6n tai muun tutkielman laatimisen, on t\u00e4rke\u00e4\u00e4 hahmottaa, millaista tieteellinen julkaiseminen ja tieteellinen tieto ylip\u00e4\u00e4t\u00e4\u00e4n on. Tiedonhakijana sinun tulee my\u00f6s tiet\u00e4\u00e4, mist\u00e4 tieteellist\u00e4 tietoa kannattaa hakea. <\/p>\n\n\n\n<p>Tiedonhaun oppaan Tiedonl\u00e4hteet ja arviointi -osion avulla opit, kuinka tieteellinen tieto p\u00e4\u00e4piirteitt\u00e4in rakentuu, ja saat opastusta tieteen erilaisten julkaisukanavien ja julkaisutyyppien tunnistamiseen. Ker\u00e4\u00e4t itsellesi tietoa my\u00f6s siit\u00e4, millaisista l\u00e4hteist\u00e4 tieteellist\u00e4 tietoa kannattaa ylip\u00e4\u00e4t\u00e4\u00e4n etsi\u00e4, ja kuinka tutkielman tekij\u00e4n\u00e4 voit itse arvioida l\u00f6yt\u00e4miesi tiedonl\u00e4hteiden ja julkaisujen tieteellisyytt\u00e4.<\/p>\n\n\n\n<p>Tiedonl\u00e4hteet ja arviointi -kokonaisuus sis\u00e4lt\u00e4\u00e4 kuusi osiota. Voit siirty\u00e4 niihin suoraan alla olevista linkeist\u00e4:<\/p>\n\n\n\n<div class=\"links-block\">\n\n    \n    <ul class=\"link-list\">\n        \n            \n            <li class=\"link-list-item\">\n                <a href=\"https:\/\/sites.uef.fi\/tiedonhaku-kirjasto\/mika-on-tieteellinen-julkaisu\/\" class=\"link-reset link hover-scale-down\">\n                    <svg\n        width=\"43\" height=\"25\"\n        viewBox=\"0 0 43 25\"\n        xmlns=\"http:\/\/www.w3.org\/2000\/svg\">\n    <path\n        d=\"M30.027 0 43 12.5 30.027 25 27 22.083 34.351 15H0v-5h34.351L27 2.917z\"\n        fill=\"currentColor\"\n        fill-rule=\"evenodd\"\/>\n<\/svg>                    <div>Mik\u00e4 on tieteellinen julkaisu?<\/div>\n                <\/a>\n                <div class=\"link-info\">\n                                    <\/div>\n            <\/li>\n\n        \n            <li class=\"link-list-item\">\n                <a href=\"https:\/\/sites.uef.fi\/tiedonhaku-kirjasto\/open-access-eli-avoin-julkaiseminen\/\" class=\"link-reset link hover-scale-down\">\n                    <svg\n        width=\"43\" height=\"25\"\n        viewBox=\"0 0 43 25\"\n        xmlns=\"http:\/\/www.w3.org\/2000\/svg\">\n    <path\n        d=\"M30.027 0 43 12.5 30.027 25 27 22.083 34.351 15H0v-5h34.351L27 2.917z\"\n        fill=\"currentColor\"\n        fill-rule=\"evenodd\"\/>\n<\/svg>                    <div>Open access eli avoin julkaiseminen<\/div>\n                <\/a>\n                <div class=\"link-info\">\n                                    <\/div>\n            <\/li>\n\n        \n            <li class=\"link-list-item\">\n                <a href=\"https:\/\/sites.uef.fi\/tiedonhaku-kirjasto\/tieteelliset-julkaisut-eri-aloilla\/\" class=\"link-reset link hover-scale-down\">\n                    <svg\n        width=\"43\" height=\"25\"\n        viewBox=\"0 0 43 25\"\n        xmlns=\"http:\/\/www.w3.org\/2000\/svg\">\n    <path\n        d=\"M30.027 0 43 12.5 30.027 25 27 22.083 34.351 15H0v-5h34.351L27 2.917z\"\n        fill=\"currentColor\"\n        fill-rule=\"evenodd\"\/>\n<\/svg>                    <div>Tieteelliset julkaisut eri aloilla<\/div>\n                <\/a>\n                <div class=\"link-info\">\n                                    <\/div>\n            <\/li>\n\n        \n            <li class=\"link-list-item\">\n                <a href=\"https:\/\/sites.uef.fi\/tiedonhaku-kirjasto\/hakukoneita-ja-tietokantoja\/\" class=\"link-reset link hover-scale-down\">\n                    <svg\n        width=\"43\" height=\"25\"\n        viewBox=\"0 0 43 25\"\n        xmlns=\"http:\/\/www.w3.org\/2000\/svg\">\n    <path\n        d=\"M30.027 0 43 12.5 30.027 25 27 22.083 34.351 15H0v-5h34.351L27 2.917z\"\n        fill=\"currentColor\"\n        fill-rule=\"evenodd\"\/>\n<\/svg>                    <div>Hakukoneita ja tietokantoja<\/div>\n                <\/a>\n                <div class=\"link-info\">\n                                    <\/div>\n            <\/li>\n\n        \n            <li class=\"link-list-item\">\n                <a href=\"https:\/\/sites.uef.fi\/tiedonhaku-kirjasto\/julkaisun-luotettavuuden-ja-tieteellisen-tason-arviointi\/\" class=\"link-reset link hover-scale-down\">\n                    <svg\n        width=\"43\" height=\"25\"\n        viewBox=\"0 0 43 25\"\n        xmlns=\"http:\/\/www.w3.org\/2000\/svg\">\n    <path\n        d=\"M30.027 0 43 12.5 30.027 25 27 22.083 34.351 15H0v-5h34.351L27 2.917z\"\n        fill=\"currentColor\"\n        fill-rule=\"evenodd\"\/>\n<\/svg>                    <div>Julkaisun luotettavuuden ja tieteellisen tason arviointi<\/div>\n                <\/a>\n                <div class=\"link-info\">\n                                    <\/div>\n            <\/li>\n\n        \n            <li class=\"link-list-item\">\n                <a href=\"https:\/\/sites.uef.fi\/tiedonhaku-kirjasto\/tutkimusaineiston-hallinta\/\" class=\"link-reset link hover-scale-down\">\n                    <svg\n        width=\"43\" height=\"25\"\n        viewBox=\"0 0 43 25\"\n        xmlns=\"http:\/\/www.w3.org\/2000\/svg\">\n    <path\n        d=\"M30.027 0 43 12.5 30.027 25 27 22.083 34.351 15H0v-5h34.351L27 2.917z\"\n        fill=\"currentColor\"\n        fill-rule=\"evenodd\"\/>\n<\/svg>                    <div>Tutkimusaineistonhallinta<\/div>\n                <\/a>\n                <div class=\"link-info\">\n                                    <\/div>\n            <\/li>\n\n                <\/ul>\n<\/div>\n\n\n<div class=\"links-block\">\n\n            <h3>Seuraavaksi<\/h3>\n    \n    <ul class=\"link-list\">\n        \n            \n            <li class=\"link-list-item\">\n                <a href=\"https:\/\/sites.uef.fi\/tiedonhaku-kirjasto\/mika-on-tieteellinen-julkaisu\/\" class=\"link-reset link hover-scale-down\">\n                    <svg\n        width=\"43\" height=\"25\"\n        viewBox=\"0 0 43 25\"\n        xmlns=\"http:\/\/www.w3.org\/2000\/svg\">\n    <path\n        d=\"M30.027 0 43 12.5 30.027 25 27 22.083 34.351 15H0v-5h34.351L27 2.917z\"\n        fill=\"currentColor\"\n        fill-rule=\"evenodd\"\/>\n<\/svg>                    <div>Mik\u00e4 on tieteellinen julkaisu?<\/div>\n                <\/a>\n                <div class=\"link-info\">\n                                    <\/div>\n            <\/li>\n\n                <\/ul>\n<\/div>","protected":false},"excerpt":{"rendered":"<p>Eri l\u00e4hteist\u00e4 saatujen tietojen yhdistely ja vertailu on oleellinen osa tutkimusta. Vastaavasti tieteellisen tiedon ja tiedonl\u00e4hteiden tunnistaminen on hyvin t\u00e4rke\u00e4, ja usein yksi ensimm\u00e4isist\u00e4 vaiheista tiedonhaun taitojen opettelussa. Ennen kuin aloitat opinn\u00e4ytety\u00f6n tai muun tutkielman laatimisen, on t\u00e4rke\u00e4\u00e4 hahmottaa, millaista tieteellinen julkaiseminen ja tieteellinen tieto ylip\u00e4\u00e4t\u00e4\u00e4n on. Tiedonhakijana sinun tulee my\u00f6s tiet\u00e4\u00e4, mist\u00e4 tieteellist\u00e4 tietoa [&hellip;]<\/p>\n","protected":false},"author":801,"featured_media":0,"parent":0,"menu_order":0,"comment_status":"closed","ping_status":"closed","template":"","meta":{"_acf_changed":false,"footnotes":""},"class_list":["post-125","page","type-page","status-publish","hentry"],"acf":[],"yoast_head":"<!-- This site is optimized with the Yoast SEO plugin v27.1.1 - https:\/\/yoast.com\/product\/yoast-seo-wordpress\/ -->\n<title>Tiedonl\u00e4hteet ja arviointi - Tiedonhakijan opas \/\/ UEF-kirjasto<\/title>\n<meta name=\"description\" content=\"Mit\u00e4 tieteellinen tieto on? T\u00e4st\u00e4\u00a0osiosta saat vinkkej\u00e4 ja neuvoja luotettavan tieteellisen tiedon l\u00f6yt\u00e4miseen.\" \/>\n<meta name=\"robots\" content=\"index, follow, max-snippet:-1, max-image-preview:large, max-video-preview:-1\" \/>\n<link rel=\"canonical\" href=\"https:\/\/sites.uef.fi\/tiedonhaku-kirjasto\/tiedonlahteet-ja-arviointi\/\" \/>\n<meta property=\"og:locale\" content=\"fi_FI\" \/>\n<meta property=\"og:type\" content=\"article\" \/>\n<meta property=\"og:title\" content=\"Tiedonl\u00e4hteet ja arviointi - Tiedonhakijan opas \/\/ UEF-kirjasto\" \/>\n<meta property=\"og:description\" content=\"Mit\u00e4 tieteellinen tieto on? T\u00e4st\u00e4\u00a0osiosta saat vinkkej\u00e4 ja neuvoja luotettavan tieteellisen tiedon l\u00f6yt\u00e4miseen.\" \/>\n<meta property=\"og:url\" content=\"https:\/\/sites.uef.fi\/tiedonhaku-kirjasto\/tiedonlahteet-ja-arviointi\/\" \/>\n<meta property=\"og:site_name\" content=\"Tiedonhakijan opas \/\/ UEF-kirjasto\" \/>\n<meta property=\"article:modified_time\" content=\"2023-10-06T06:36:54+00:00\" \/>\n<meta name=\"twitter:card\" content=\"summary_large_image\" \/>\n<meta name=\"twitter:label1\" content=\"Arvioitu lukuaika\" \/>\n\t<meta name=\"twitter:data1\" content=\"1 minuutti\" \/>\n<script type=\"application\/ld+json\" class=\"yoast-schema-graph\">{\"@context\":\"https:\/\/schema.org\",\"@graph\":[{\"@type\":\"WebPage\",\"@id\":\"https:\/\/sites.uef.fi\/tiedonhaku-kirjasto\/tiedonlahteet-ja-arviointi\/\",\"url\":\"https:\/\/sites.uef.fi\/tiedonhaku-kirjasto\/tiedonlahteet-ja-arviointi\/\",\"name\":\"Tiedonl\u00e4hteet ja arviointi - Tiedonhakijan opas \/\/ UEF-kirjasto\",\"isPartOf\":{\"@id\":\"https:\/\/sites.uef.fi\/tiedonhaku-kirjasto\/#website\"},\"datePublished\":\"2022-04-19T06:40:06+00:00\",\"dateModified\":\"2023-10-06T06:36:54+00:00\",\"description\":\"Mit\u00e4 tieteellinen tieto on? T\u00e4st\u00e4\u00a0osiosta saat vinkkej\u00e4 ja neuvoja luotettavan tieteellisen tiedon l\u00f6yt\u00e4miseen.\",\"breadcrumb\":{\"@id\":\"https:\/\/sites.uef.fi\/tiedonhaku-kirjasto\/tiedonlahteet-ja-arviointi\/#breadcrumb\"},\"inLanguage\":\"fi\",\"potentialAction\":[{\"@type\":\"ReadAction\",\"target\":[\"https:\/\/sites.uef.fi\/tiedonhaku-kirjasto\/tiedonlahteet-ja-arviointi\/\"]}]},{\"@type\":\"BreadcrumbList\",\"@id\":\"https:\/\/sites.uef.fi\/tiedonhaku-kirjasto\/tiedonlahteet-ja-arviointi\/#breadcrumb\",\"itemListElement\":[{\"@type\":\"ListItem\",\"position\":1,\"name\":\"Home\",\"item\":\"https:\/\/sites.uef.fi\/tiedonhaku-kirjasto\/\"},{\"@type\":\"ListItem\",\"position\":2,\"name\":\"Tiedonl\u00e4hteet ja arviointi\"}]},{\"@type\":\"WebSite\",\"@id\":\"https:\/\/sites.uef.fi\/tiedonhaku-kirjasto\/#website\",\"url\":\"https:\/\/sites.uef.fi\/tiedonhaku-kirjasto\/\",\"name\":\"Tiedonhakijan opas \/\/ UEF-kirjasto\",\"description\":\"\",\"potentialAction\":[{\"@type\":\"SearchAction\",\"target\":{\"@type\":\"EntryPoint\",\"urlTemplate\":\"https:\/\/sites.uef.fi\/tiedonhaku-kirjasto\/?s={search_term_string}\"},\"query-input\":{\"@type\":\"PropertyValueSpecification\",\"valueRequired\":true,\"valueName\":\"search_term_string\"}}],\"inLanguage\":\"fi\"}]}<\/script>\n<!-- \/ Yoast SEO plugin. -->","yoast_head_json":{"title":"Tiedonl\u00e4hteet ja arviointi - Tiedonhakijan opas \/\/ UEF-kirjasto","description":"Mit\u00e4 tieteellinen tieto on? T\u00e4st\u00e4\u00a0osiosta saat vinkkej\u00e4 ja neuvoja luotettavan tieteellisen tiedon l\u00f6yt\u00e4miseen.","robots":{"index":"index","follow":"follow","max-snippet":"max-snippet:-1","max-image-preview":"max-image-preview:large","max-video-preview":"max-video-preview:-1"},"canonical":"https:\/\/sites.uef.fi\/tiedonhaku-kirjasto\/tiedonlahteet-ja-arviointi\/","og_locale":"fi_FI","og_type":"article","og_title":"Tiedonl\u00e4hteet ja arviointi - Tiedonhakijan opas \/\/ UEF-kirjasto","og_description":"Mit\u00e4 tieteellinen tieto on? T\u00e4st\u00e4\u00a0osiosta saat vinkkej\u00e4 ja neuvoja luotettavan tieteellisen tiedon l\u00f6yt\u00e4miseen.","og_url":"https:\/\/sites.uef.fi\/tiedonhaku-kirjasto\/tiedonlahteet-ja-arviointi\/","og_site_name":"Tiedonhakijan opas \/\/ UEF-kirjasto","article_modified_time":"2023-10-06T06:36:54+00:00","twitter_card":"summary_large_image","twitter_misc":{"Arvioitu lukuaika":"1 minuutti"},"schema":{"@context":"https:\/\/schema.org","@graph":[{"@type":"WebPage","@id":"https:\/\/sites.uef.fi\/tiedonhaku-kirjasto\/tiedonlahteet-ja-arviointi\/","url":"https:\/\/sites.uef.fi\/tiedonhaku-kirjasto\/tiedonlahteet-ja-arviointi\/","name":"Tiedonl\u00e4hteet ja arviointi - Tiedonhakijan opas \/\/ UEF-kirjasto","isPartOf":{"@id":"https:\/\/sites.uef.fi\/tiedonhaku-kirjasto\/#website"},"datePublished":"2022-04-19T06:40:06+00:00","dateModified":"2023-10-06T06:36:54+00:00","description":"Mit\u00e4 tieteellinen tieto on? T\u00e4st\u00e4\u00a0osiosta saat vinkkej\u00e4 ja neuvoja luotettavan tieteellisen tiedon l\u00f6yt\u00e4miseen.","breadcrumb":{"@id":"https:\/\/sites.uef.fi\/tiedonhaku-kirjasto\/tiedonlahteet-ja-arviointi\/#breadcrumb"},"inLanguage":"fi","potentialAction":[{"@type":"ReadAction","target":["https:\/\/sites.uef.fi\/tiedonhaku-kirjasto\/tiedonlahteet-ja-arviointi\/"]}]},{"@type":"BreadcrumbList","@id":"https:\/\/sites.uef.fi\/tiedonhaku-kirjasto\/tiedonlahteet-ja-arviointi\/#breadcrumb","itemListElement":[{"@type":"ListItem","position":1,"name":"Home","item":"https:\/\/sites.uef.fi\/tiedonhaku-kirjasto\/"},{"@type":"ListItem","position":2,"name":"Tiedonl\u00e4hteet ja arviointi"}]},{"@type":"WebSite","@id":"https:\/\/sites.uef.fi\/tiedonhaku-kirjasto\/#website","url":"https:\/\/sites.uef.fi\/tiedonhaku-kirjasto\/","name":"Tiedonhakijan opas \/\/ UEF-kirjasto","description":"","potentialAction":[{"@type":"SearchAction","target":{"@type":"EntryPoint","urlTemplate":"https:\/\/sites.uef.fi\/tiedonhaku-kirjasto\/?s={search_term_string}"},"query-input":{"@type":"PropertyValueSpecification","valueRequired":true,"valueName":"search_term_string"}}],"inLanguage":"fi"}]}},"_links":{"self":[{"href":"https:\/\/sites.uef.fi\/tiedonhaku-kirjasto\/wp-json\/wp\/v2\/pages\/125","targetHints":{"allow":["GET"]}}],"collection":[{"href":"https:\/\/sites.uef.fi\/tiedonhaku-kirjasto\/wp-json\/wp\/v2\/pages"}],"about":[{"href":"https:\/\/sites.uef.fi\/tiedonhaku-kirjasto\/wp-json\/wp\/v2\/types\/page"}],"author":[{"embeddable":true,"href":"https:\/\/sites.uef.fi\/tiedonhaku-kirjasto\/wp-json\/wp\/v2\/users\/801"}],"replies":[{"embeddable":true,"href":"https:\/\/sites.uef.fi\/tiedonhaku-kirjasto\/wp-json\/wp\/v2\/comments?post=125"}],"version-history":[{"count":1,"href":"https:\/\/sites.uef.fi\/tiedonhaku-kirjasto\/wp-json\/wp\/v2\/pages\/125\/revisions"}],"predecessor-version":[{"id":10512,"href":"https:\/\/sites.uef.fi\/tiedonhaku-kirjasto\/wp-json\/wp\/v2\/pages\/125\/revisions\/10512"}],"wp:attachment":[{"href":"https:\/\/sites.uef.fi\/tiedonhaku-kirjasto\/wp-json\/wp\/v2\/media?parent=125"}],"curies":[{"name":"wp","href":"https:\/\/api.w.org\/{rel}","templated":true}]}}