{"id":134,"date":"2022-04-19T06:40:06","date_gmt":"2022-04-19T06:40:06","guid":{"rendered":"https:\/\/sites.uef.fi\/tiedonhaku-kirjasto\/?page_id=134"},"modified":"2023-10-03T14:36:08","modified_gmt":"2023-10-03T11:36:08","slug":"tutkimusaineiston-hallinta","status":"publish","type":"page","link":"https:\/\/sites.uef.fi\/tiedonhaku-kirjasto\/tutkimusaineiston-hallinta\/","title":{"rendered":"Tutkimusaineistonhallinta"},"content":{"rendered":"\n<p>Tutkimusaineisto on tutkimuksen aikana eri menetelmill\u00e4 tuotettua tai hy\u00f6dynnetty\u00e4 aineistoa, johon tutkimustulokset pohjautuvat. Tutkimusaineistoja on monenlaisia; tieteenalasta ja tutkimuksesta riippuu, millaista aineistoa k\u00e4ytet\u00e4\u00e4n. Tutkimusaineistoja ovat esimerkiksi kysely- ja haastatteluaineistot, kuvat, videot, mittaukset, tutkijan tekem\u00e4t muistiinpanot, ohjelmistot ja l\u00e4hdekoodit, n\u00e4ytteet ja j\u00e4rjestetyt kokoelmat.<\/p>\n\n\n\n<h2 class=\"wp-block-heading\">Aineistot voivat olla erilaisissa muodoissa<\/h2>\n\n\n\n<p>Aineisto voi olla digitaalisessa muodossa, jolloin puhutaan tutkimusdatasta, tai aineisto voi olla fyysist\u00e4, kuten paperiaineisto tai esimerkiksi ihmisist\u00e4 tai kasveista ker\u00e4ttyj\u00e4 n\u00e4ytteit\u00e4. Tutkija voi tuottaa itse aineistoa ker\u00e4\u00e4m\u00e4ll\u00e4 sit\u00e4 tarkoitukseen sopivalla menetelm\u00e4ll\u00e4 tai hy\u00f6dynt\u00e4\u00e4 valmista, jonkun muun tuottamaa aineistoa.<\/p>\n\n\n\n<p>Valmista aineistoa ovat esimerkiksi valmiit dokumentit, kuten historialliset tekstit, kaunokirjallisuus, lehtiartikkelit tai jonkun aiemmin tuottama avattu tutkimusaineisto. Avointa tutkimusaineistoa voi etsi\u00e4 datarepositorioista tai -arkistoista. N\u00e4m\u00e4 valmiit aineistot tarjoavat opiskelijoille mahdollisuuksia harjoitella analyysi\u00e4 isommilla aineistoilla kuin opiskelija itse voisi ker\u00e4t\u00e4. Valmiita aineistoja voi my\u00f6s hy\u00f6dynt\u00e4\u00e4 oman aineiston lis\u00e4n\u00e4.<\/p>\n\n\n\n<p>Avoimet tutkimusaineistot ovat aineistoa, joka on avoimesti muidenkin k\u00e4ytett\u00e4viss\u00e4. T\u00e4ysin avoin aineisto on verkosta saatavilla vapaaseen k\u00e4ytt\u00f6\u00f6n. Aineiston k\u00e4ytt\u00f6\u00f6n voi my\u00f6s liitty\u00e4 rajoitteita, jolloin se on k\u00e4ytett\u00e4viss\u00e4 esimerkiksi vain tiettyyn tarkoitukseen, kuten tutkimukseen ja opinn\u00e4ytet\u00f6ihin tai k\u00e4ytt\u00f6\u00f6n saaminen voi edellytt\u00e4\u00e4 rekister\u00f6itymist\u00e4 palveluun.<\/p>\n\n\n\n<h2 class=\"wp-block-heading\">Aineistonhallinnassa tarvitaan dokumentointia<\/h2>\n\n\n\n<p>Aineistoa ker\u00e4tess\u00e4 on t\u00e4rke\u00e4\u00e4 huolehtia aineistonhallinnasta eli siit\u00e4, ett\u00e4 aineistoa k\u00e4sitell\u00e4\u00e4n ja s\u00e4ilytet\u00e4\u00e4n turvallisesti. Kun aineistoa aletaan ker\u00e4t\u00e4, on t\u00e4rke\u00e4\u00e4 pit\u00e4\u00e4 se alusta l\u00e4htien j\u00e4rjestyksess\u00e4 niin, ett\u00e4 sek\u00e4 aineiston ker\u00e4\u00e4j\u00e4 itse, ett\u00e4 mahdolliset muut k\u00e4ytt\u00e4j\u00e4t tiet\u00e4v\u00e4t, miten ja milloin aineisto on ker\u00e4tty, millaisia tietoja se sis\u00e4lt\u00e4\u00e4 ja miten se on l\u00f6ydett\u00e4viss\u00e4. T\u00e4ll\u00f6in tarvitaan aineiston dokumentointia ja metadataa eli kuvailutietoa. Metadata kuvaa aineiston kontekstia, sis\u00e4lt\u00f6\u00e4 ja rakennetta sek\u00e4 niiden hallintaa ja k\u00e4sittely\u00e4. Hyv\u00e4ll\u00e4 ja laadukkaalla metadatan tallennuksella taataan aineiston ja tutkimuksen l\u00f6ydett\u00e4vyys, s\u00e4ilyvyys sek\u00e4 jatkok\u00e4ytett\u00e4vyys.<\/p>\n\n\n\n<p>Lis\u00e4tietoa aineistonhallinnasta saat UEF-kirjaston <a href=\"https:\/\/blogs.uef.fi\/aineistonhallinta-opiskelijoille\/\">Aineistonhallinnan<\/a> ja <a href=\"https:\/\/www.uef.fi\/fi\/kirjasto\/tutkimusaineistonhallinta\">Tutkimusaineistonhallinnan<\/a> sivustoilta.<\/p>\n\n\n\n<div class=\"links-block\">\n\n            <h3>Seuraavaksi<\/h3>\n    \n    <ul class=\"link-list\">\n        \n            \n            <li class=\"link-list-item\">\n                <a href=\"https:\/\/sites.uef.fi\/tiedonhaku-kirjasto\/hakuaihe-ja-hakusanat\/\" class=\"link-reset link hover-scale-down\">\n                    <svg\n        width=\"43\" height=\"25\"\n        viewBox=\"0 0 43 25\"\n        xmlns=\"http:\/\/www.w3.org\/2000\/svg\">\n    <path\n        d=\"M30.027 0 43 12.5 30.027 25 27 22.083 34.351 15H0v-5h34.351L27 2.917z\"\n        fill=\"currentColor\"\n        fill-rule=\"evenodd\"\/>\n<\/svg>                    <div>Hakuaihe ja asiasanat<\/div>\n                <\/a>\n                <div class=\"link-info\">\n                                    <\/div>\n            <\/li>\n\n                <\/ul>\n<\/div>","protected":false},"excerpt":{"rendered":"<p>Tutkimusaineisto on tutkimuksen aikana eri menetelmill\u00e4 tuotettua tai hy\u00f6dynnetty\u00e4 aineistoa, johon tutkimustulokset pohjautuvat. Tutkimusaineistoja on monenlaisia; tieteenalasta ja tutkimuksesta riippuu, millaista aineistoa k\u00e4ytet\u00e4\u00e4n. Tutkimusaineistoja ovat esimerkiksi kysely- ja haastatteluaineistot, kuvat, videot, mittaukset, tutkijan tekem\u00e4t muistiinpanot, ohjelmistot ja l\u00e4hdekoodit, n\u00e4ytteet ja j\u00e4rjestetyt kokoelmat. Aineistot voivat olla erilaisissa muodoissa Aineisto voi olla digitaalisessa muodossa, jolloin puhutaan tutkimusdatasta, [&hellip;]<\/p>\n","protected":false},"author":801,"featured_media":0,"parent":0,"menu_order":0,"comment_status":"closed","ping_status":"closed","template":"","meta":{"_acf_changed":false,"footnotes":""},"class_list":["post-134","page","type-page","status-publish","hentry"],"acf":[],"yoast_head":"<!-- This site is optimized with the Yoast SEO plugin v27.1.1 - https:\/\/yoast.com\/product\/yoast-seo-wordpress\/ -->\n<title>Tutkimusaineistonhallinta - Tiedonhakijan opas \/\/ UEF-kirjasto<\/title>\n<meta name=\"description\" content=\"Katso t\u00e4st\u00e4, miten tutkimuksen aikana tuotettua tai hy\u00f6dynnetty\u00e4, tutkimuksen kohteena olevaa aineistoa k\u00e4sitell\u00e4\u00e4n ja s\u00e4ilytet\u00e4\u00e4n turvallisesti.\" \/>\n<meta name=\"robots\" content=\"index, follow, max-snippet:-1, max-image-preview:large, max-video-preview:-1\" \/>\n<link rel=\"canonical\" href=\"https:\/\/sites.uef.fi\/tiedonhaku-kirjasto\/tutkimusaineiston-hallinta\/\" \/>\n<meta property=\"og:locale\" content=\"fi_FI\" \/>\n<meta property=\"og:type\" content=\"article\" \/>\n<meta property=\"og:title\" content=\"Tutkimusaineistonhallinta - Tiedonhakijan opas \/\/ UEF-kirjasto\" \/>\n<meta property=\"og:description\" content=\"Katso t\u00e4st\u00e4, miten tutkimuksen aikana tuotettua tai hy\u00f6dynnetty\u00e4, tutkimuksen kohteena olevaa aineistoa k\u00e4sitell\u00e4\u00e4n ja s\u00e4ilytet\u00e4\u00e4n turvallisesti.\" \/>\n<meta property=\"og:url\" content=\"https:\/\/sites.uef.fi\/tiedonhaku-kirjasto\/tutkimusaineiston-hallinta\/\" \/>\n<meta property=\"og:site_name\" content=\"Tiedonhakijan opas \/\/ UEF-kirjasto\" \/>\n<meta property=\"article:modified_time\" content=\"2023-10-03T11:36:08+00:00\" \/>\n<meta name=\"twitter:card\" content=\"summary_large_image\" \/>\n<meta name=\"twitter:label1\" content=\"Arvioitu lukuaika\" \/>\n\t<meta name=\"twitter:data1\" content=\"2 minuuttia\" \/>\n<script type=\"application\/ld+json\" class=\"yoast-schema-graph\">{\"@context\":\"https:\/\/schema.org\",\"@graph\":[{\"@type\":\"WebPage\",\"@id\":\"https:\/\/sites.uef.fi\/tiedonhaku-kirjasto\/tutkimusaineiston-hallinta\/\",\"url\":\"https:\/\/sites.uef.fi\/tiedonhaku-kirjasto\/tutkimusaineiston-hallinta\/\",\"name\":\"Tutkimusaineistonhallinta - Tiedonhakijan opas \/\/ UEF-kirjasto\",\"isPartOf\":{\"@id\":\"https:\/\/sites.uef.fi\/tiedonhaku-kirjasto\/#website\"},\"datePublished\":\"2022-04-19T06:40:06+00:00\",\"dateModified\":\"2023-10-03T11:36:08+00:00\",\"description\":\"Katso t\u00e4st\u00e4, miten tutkimuksen aikana tuotettua tai hy\u00f6dynnetty\u00e4, tutkimuksen kohteena olevaa aineistoa k\u00e4sitell\u00e4\u00e4n ja s\u00e4ilytet\u00e4\u00e4n turvallisesti.\",\"breadcrumb\":{\"@id\":\"https:\/\/sites.uef.fi\/tiedonhaku-kirjasto\/tutkimusaineiston-hallinta\/#breadcrumb\"},\"inLanguage\":\"fi\",\"potentialAction\":[{\"@type\":\"ReadAction\",\"target\":[\"https:\/\/sites.uef.fi\/tiedonhaku-kirjasto\/tutkimusaineiston-hallinta\/\"]}]},{\"@type\":\"BreadcrumbList\",\"@id\":\"https:\/\/sites.uef.fi\/tiedonhaku-kirjasto\/tutkimusaineiston-hallinta\/#breadcrumb\",\"itemListElement\":[{\"@type\":\"ListItem\",\"position\":1,\"name\":\"Home\",\"item\":\"https:\/\/sites.uef.fi\/tiedonhaku-kirjasto\/\"},{\"@type\":\"ListItem\",\"position\":2,\"name\":\"Tutkimusaineistonhallinta\"}]},{\"@type\":\"WebSite\",\"@id\":\"https:\/\/sites.uef.fi\/tiedonhaku-kirjasto\/#website\",\"url\":\"https:\/\/sites.uef.fi\/tiedonhaku-kirjasto\/\",\"name\":\"Tiedonhakijan opas \/\/ UEF-kirjasto\",\"description\":\"\",\"potentialAction\":[{\"@type\":\"SearchAction\",\"target\":{\"@type\":\"EntryPoint\",\"urlTemplate\":\"https:\/\/sites.uef.fi\/tiedonhaku-kirjasto\/?s={search_term_string}\"},\"query-input\":{\"@type\":\"PropertyValueSpecification\",\"valueRequired\":true,\"valueName\":\"search_term_string\"}}],\"inLanguage\":\"fi\"}]}<\/script>\n<!-- \/ Yoast SEO plugin. -->","yoast_head_json":{"title":"Tutkimusaineistonhallinta - Tiedonhakijan opas \/\/ UEF-kirjasto","description":"Katso t\u00e4st\u00e4, miten tutkimuksen aikana tuotettua tai hy\u00f6dynnetty\u00e4, tutkimuksen kohteena olevaa aineistoa k\u00e4sitell\u00e4\u00e4n ja s\u00e4ilytet\u00e4\u00e4n turvallisesti.","robots":{"index":"index","follow":"follow","max-snippet":"max-snippet:-1","max-image-preview":"max-image-preview:large","max-video-preview":"max-video-preview:-1"},"canonical":"https:\/\/sites.uef.fi\/tiedonhaku-kirjasto\/tutkimusaineiston-hallinta\/","og_locale":"fi_FI","og_type":"article","og_title":"Tutkimusaineistonhallinta - Tiedonhakijan opas \/\/ UEF-kirjasto","og_description":"Katso t\u00e4st\u00e4, miten tutkimuksen aikana tuotettua tai hy\u00f6dynnetty\u00e4, tutkimuksen kohteena olevaa aineistoa k\u00e4sitell\u00e4\u00e4n ja s\u00e4ilytet\u00e4\u00e4n turvallisesti.","og_url":"https:\/\/sites.uef.fi\/tiedonhaku-kirjasto\/tutkimusaineiston-hallinta\/","og_site_name":"Tiedonhakijan opas \/\/ UEF-kirjasto","article_modified_time":"2023-10-03T11:36:08+00:00","twitter_card":"summary_large_image","twitter_misc":{"Arvioitu lukuaika":"2 minuuttia"},"schema":{"@context":"https:\/\/schema.org","@graph":[{"@type":"WebPage","@id":"https:\/\/sites.uef.fi\/tiedonhaku-kirjasto\/tutkimusaineiston-hallinta\/","url":"https:\/\/sites.uef.fi\/tiedonhaku-kirjasto\/tutkimusaineiston-hallinta\/","name":"Tutkimusaineistonhallinta - Tiedonhakijan opas \/\/ UEF-kirjasto","isPartOf":{"@id":"https:\/\/sites.uef.fi\/tiedonhaku-kirjasto\/#website"},"datePublished":"2022-04-19T06:40:06+00:00","dateModified":"2023-10-03T11:36:08+00:00","description":"Katso t\u00e4st\u00e4, miten tutkimuksen aikana tuotettua tai hy\u00f6dynnetty\u00e4, tutkimuksen kohteena olevaa aineistoa k\u00e4sitell\u00e4\u00e4n ja s\u00e4ilytet\u00e4\u00e4n turvallisesti.","breadcrumb":{"@id":"https:\/\/sites.uef.fi\/tiedonhaku-kirjasto\/tutkimusaineiston-hallinta\/#breadcrumb"},"inLanguage":"fi","potentialAction":[{"@type":"ReadAction","target":["https:\/\/sites.uef.fi\/tiedonhaku-kirjasto\/tutkimusaineiston-hallinta\/"]}]},{"@type":"BreadcrumbList","@id":"https:\/\/sites.uef.fi\/tiedonhaku-kirjasto\/tutkimusaineiston-hallinta\/#breadcrumb","itemListElement":[{"@type":"ListItem","position":1,"name":"Home","item":"https:\/\/sites.uef.fi\/tiedonhaku-kirjasto\/"},{"@type":"ListItem","position":2,"name":"Tutkimusaineistonhallinta"}]},{"@type":"WebSite","@id":"https:\/\/sites.uef.fi\/tiedonhaku-kirjasto\/#website","url":"https:\/\/sites.uef.fi\/tiedonhaku-kirjasto\/","name":"Tiedonhakijan opas \/\/ UEF-kirjasto","description":"","potentialAction":[{"@type":"SearchAction","target":{"@type":"EntryPoint","urlTemplate":"https:\/\/sites.uef.fi\/tiedonhaku-kirjasto\/?s={search_term_string}"},"query-input":{"@type":"PropertyValueSpecification","valueRequired":true,"valueName":"search_term_string"}}],"inLanguage":"fi"}]}},"_links":{"self":[{"href":"https:\/\/sites.uef.fi\/tiedonhaku-kirjasto\/wp-json\/wp\/v2\/pages\/134","targetHints":{"allow":["GET"]}}],"collection":[{"href":"https:\/\/sites.uef.fi\/tiedonhaku-kirjasto\/wp-json\/wp\/v2\/pages"}],"about":[{"href":"https:\/\/sites.uef.fi\/tiedonhaku-kirjasto\/wp-json\/wp\/v2\/types\/page"}],"author":[{"embeddable":true,"href":"https:\/\/sites.uef.fi\/tiedonhaku-kirjasto\/wp-json\/wp\/v2\/users\/801"}],"replies":[{"embeddable":true,"href":"https:\/\/sites.uef.fi\/tiedonhaku-kirjasto\/wp-json\/wp\/v2\/comments?post=134"}],"version-history":[{"count":2,"href":"https:\/\/sites.uef.fi\/tiedonhaku-kirjasto\/wp-json\/wp\/v2\/pages\/134\/revisions"}],"predecessor-version":[{"id":10122,"href":"https:\/\/sites.uef.fi\/tiedonhaku-kirjasto\/wp-json\/wp\/v2\/pages\/134\/revisions\/10122"}],"wp:attachment":[{"href":"https:\/\/sites.uef.fi\/tiedonhaku-kirjasto\/wp-json\/wp\/v2\/media?parent=134"}],"curies":[{"name":"wp","href":"https:\/\/api.w.org\/{rel}","templated":true}]}}