{"id":384,"date":"2022-08-22T12:55:32","date_gmt":"2022-08-22T12:55:32","guid":{"rendered":"https:\/\/sites.uef.fi\/tiedonhaku-kirjasto\/?page_id=384"},"modified":"2023-10-09T12:03:01","modified_gmt":"2023-10-09T09:03:01","slug":"mika-on-tieteellinen-julkaisu","status":"publish","type":"page","link":"https:\/\/sites.uef.fi\/tiedonhaku-kirjasto\/mika-on-tieteellinen-julkaisu\/","title":{"rendered":"Mik\u00e4 on tieteellinen julkaisu?"},"content":{"rendered":"\n<p>Tieteellinen tutkimus ja asiantuntijaty\u00f6 tuottavat valtaisan m\u00e4\u00e4r\u00e4n perusteltua, luotettavaa tutkimustietoa. Erilaisin koej\u00e4rjestelyin, kuten mittaamalla tai haastattelemalla, saadaan tutkimusaineistoa. Tutkimusaineisto jalostuu tutkimustiedoksi, kun l\u00f6yd\u00f6ksi\u00e4 selitet\u00e4\u00e4n kattavasti, kriittisesti ja j\u00e4rjestelm\u00e4llisesti aikaisempiin tutkimuksiin peilaten.<\/p>\n\n\n\n<p>Tieteellisen julkaisemisen tavoitteena on tehd\u00e4 tutkimustulokset n\u00e4kyv\u00e4ksi tiedeyhteis\u00f6lle sek\u00e4 muille kiinnostuneille. Keskeist\u00e4 tieteellisess\u00e4 julkaisemisessa on uuden tiedon tuottaminen sek\u00e4 tiedon arvioiminen tiedeyhteis\u00f6ss\u00e4. Julkaisujen avulla akateeminen yhteis\u00f6 oppii toisiltaan, arvioi ja tarvittaessa kritisoi tutkimusta. Julkaiseminen on my\u00f6s tutkijoille tapa p\u00e4tev\u00f6ity\u00e4 ja ansioitua.<\/p>\n\n\n\n<p>Tutkimustieto julkaistaan tieteelliseen julkaisemiseen erikoistuneissa kanavissa, yleisimmin tieteellisiss\u00e4 lehdiss\u00e4 (journals). Julkaisun tieteellisyyden takeena pidet\u00e4\u00e4n yleisesti julkaistavaksi aiottujen k\u00e4sikirjoitusten vertaisarviointia (refereed tai peer reviewed). Julkaisu voi yht\u00e4 hyvin olla painettu tai elektroninen, julkaisumuoto ei m\u00e4\u00e4r\u00e4\u00e4 t\u00e4rkeytt\u00e4.<\/p>\n\n\n\n<p>Tieteellisten lehtien ohella esimerkiksi yhteiskuntatieteiss\u00e4 ja humanistisissa tieteiss\u00e4 my\u00f6s monografia eli yhden tai useamman tutkijan kirjoittama kirja on t\u00e4rke\u00e4 julkaisumuoto. Joillain toisilla aloilla julkaistaan vastaavasti paljon konferenssiartikkeleja. Siksi tiedonhaussa on t\u00e4rke\u00e4\u00e4 hakea tutkimustietoa useista eri l\u00e4hteist\u00e4 oman alan erityispiirteet huomioiden.<\/p>\n\n\n<iframe loading=\"lazy\" title=\"Infograafi tutkimuksen eri vaiheista ja julkaisutavoista.\" width=\"960\" height=\"508\" data-original-width=\"1079\" data-original-height=\"571\" src=\"https:\/\/www.thinglink.com\/card\/1621867822026063873\" type=\"text\/html\" frameborder=\"0\" webkitallowfullscreen mozallowfullscreen allowfullscreen scrolling=\"no\"><\/iframe><script async src=\"\/\/cdn.thinglink.me\/jse\/responsive.js\"><\/script><br\/><a href=\"https:\/\/app.widgets.thinglink.com\/accessibility\/1621867822026063873\" rel=\"noopener noreferrer\">Siirry t\u00e4st\u00e4 kuvan saavutettavaan versioon.<\/a>\n\n\n\n<h2 class=\"wp-block-heading\">Tietoa jaetaan eri tavoin<\/h2>\n\n\n\n<p>Tieteellisen tiedon julkaiseminen poikkeaa tavanomaisesta tiedon, osaamisen, tiet\u00e4myksen ja ajatusten jakamisesta. Tieteelliseen julkaisemiseen keskittyvi\u00e4 julkaisutyyppej\u00e4 k\u00e4sitell\u00e4\u00e4n tarkemmin oppaan luvussa <a href=\"https:\/\/sites.uef.fi\/tiedonhaku-kirjasto\/tieteelliset-julkaisut-eri-aloilla\/\">Tieteelliset julkaisut eri aloilla<\/a>.<\/p>\n\n\n\n<p>On kuitenkin t\u00e4rke\u00e4\u00e4 ymm\u00e4rt\u00e4\u00e4, ett\u00e4 yleisesti ottaen tiedon jakamista ja julkaisuja tehd\u00e4\u00e4n eri tavoin:<\/p>\n\n\n\n<ul class=\"wp-block-list\">\n<li>Tiedeyhteis\u00f6lle suunnatut julkaisut, kuten vertaisarvioidut tieteelliset artikkelit tieteellisess\u00e4 aikakauslehdess\u00e4, konferenssijulkaisussa tai kirjan\/muun kokoomateoksen osana, tieteelliset kirjat eli tieteelliset erillisteokset (monografiat) tai toimitetut kirjat, kokoomateokset<\/li>\n\n\n\n<li>Ammattiyhteis\u00f6lle suunnatut julkaisut, kuten artikkeli ammattilehdess\u00e4, k\u00e4sikirjassa tai oppikirjassa, kehitt\u00e4mis- tai tutkimusraportti tai -selvitys, oppikirja, ammatillinen k\u00e4si- tai opaskirja tai sanakirja, muu toimitettu ammatillinen teos<\/li>\n\n\n\n<li>Suurelle yleis\u00f6lle suunnatut julkaisut, kuten yleistajuinen artikkeli, sanomalehtiartikkeli, yleistajuinen erillisteos tai toimitettu teos, tv-, radio- ja lehtihaastattelut, podcastit<\/li>\n\n\n\n<li>Eri kohderyhmille suunnatut verkkojulkaisut ja sosiaalinen media, kuten blogitekstit, artikkelit, lyhyet kirjalliset, visuaaliset, nauhoitetut tai videoidut tietoiskut sosiaalisen median kanavissa ja vuorovaikutus yhteis\u00f6iss\u00e4 eri alustoilla<\/li>\n\n\n\n<li>Opinn\u00e4ytteet<\/li>\n<\/ul>\n\n\n\n<h2 class=\"wp-block-heading\">Tieteellisell\u00e4 julkaisulla on tietty rakenne&nbsp;<\/h2>\n\n\n\n<p>Tieteellisell\u00e4 kirjallisella esityksell\u00e4 on vakiintunut muoto, jota noudatetaan tieteellisiin lehtiin kirjoitettaessa. Yksityiskohtien osalta kullakin lehdell\u00e4 on omat tarkat kirjoitusohjeensa, jonka mukaan artikkeli on laadittava. Kirjoitusohjeet l\u00f6ytyv\u00e4t kunkin lehden verkkosivulta.<\/p>\n\n\n\n<p>Tieteellinen artikkeli sis\u00e4lt\u00e4\u00e4 useimmiten seuraavat osat:<\/p>\n\n\n\n<ul class=\"wp-block-list\">\n<li>Otsikko (Title)<\/li>\n\n\n\n<li>Tekij\u00f6iden nimet ja osoitteet (Authors)<\/li>\n\n\n\n<li>Tiivistelm\u00e4 (Abstract)<\/li>\n\n\n\n<li>Johdanto (Introduction)<\/li>\n\n\n\n<li>Menetelm\u00e4t (Methods)<\/li>\n\n\n\n<li>Tulokset (Results)<\/li>\n\n\n\n<li>Tulosten pohdinta (Discussion)<\/li>\n\n\n\n<li>Kiitokset (Acknowledgements) ja mahdolliset sidonnaisuudet<\/li>\n\n\n\n<li>L\u00e4hdeluettelo (References)<\/li>\n<\/ul>\n\n\n\n<p>T\u00e4llaisesta rakenteesta k\u00e4ytet\u00e4\u00e4n usein lyhennett\u00e4 IMRAD (Introduction, Methods, Results And Discussion).<\/p>\n\n\n<iframe loading=\"lazy\" title=\"Esitys, jossa kolme kuvankaappausta - tieteellinen artikkeli julkaisijan verkkosivulla, sama artikkeli UEF Primon hakutuloksissa ja UEF Primon tietueena.\" width=\"881\" height=\"792\" data-original-width=\"881\" data-original-height=\"792\" src=\"https:\/\/www.thinglink.com\/card\/1628696106294575107\" type=\"text\/html\" frameborder=\"0\" webkitallowfullscreen mozallowfullscreen allowfullscreen scrolling=\"no\"><\/iframe><script async src=\"\/\/cdn.thinglink.me\/jse\/responsive.js\"><\/script><br\/><a href=\"https:\/\/app.widgets.thinglink.com\/accessibility\/1628696106294575107\" rel=\"noopener noreferrer\">Siirry t\u00e4st\u00e4 kuvan saavutettavaan versioon.<\/a>\n\n\n\n<p> <\/p>\n\n\n\t<div id=\"accordion-block_53070ed4348f2781e53fc45a2209127e\" class=\"accordions\">\n\t\t\t\t\t<div class=\"accordion accordion-js\">\n\t\t\t\t<button class=\"accordion__button\" aria-controls=\"content-4407\" aria-expanded=\"false\" id=\"accordion-control-4407\">\n\t\t\t\t\t<h3 class=\"accordion__heading\" >\n\t\t\t\t\t\tEnt\u00e4, jos julkaisu ei olekaan tieteellinen?\t\t\t\t\t<\/h3>\n\t\t\t\t<\/button>\n\t\t\t\t<div class=\"accordion__content\" role=\"region\" aria-labelledby=\"accordion-control-4407\" aria-hidden=\"true\" id=\"content-4407\">\n\t\t\t\t\t<p>Tieteellisten julkaisujen lis\u00e4ksi muutkin julkaisut voivat olla k\u00e4ytt\u00f6kelpoisia l\u00e4hdeaineistoja. Useilla aloilla julkaistaan paljon my\u00f6s alan ammattilaisille, yrityksille ja viranomaisille. Tutkimuslaitokset, ministeri\u00f6t, kunnat sek\u00e4 erilaiset j\u00e4rjest\u00f6t, seurat ja liitot julkaisevat selvitys- tai raporttityyppist\u00e4 kirjallisuutta, ja my\u00f6s ammattilehdiss\u00e4 julkaistaan artikkeleita.<\/p>\n<p>T\u00e4rkeint\u00e4 on itse tekstin sis\u00e4lt\u00f6: kuinka luotettavasti ja yksiselitteisesti kohteena oleva asia pystyt\u00e4\u00e4n kuvaamaan, todentamaan ja perustelemaan, ja miten tekstin sis\u00e4lt\u00f6\u00e4 aiotaan tutkielmassa k\u00e4ytt\u00e4\u00e4. Tarkista my\u00f6s oman tieteenalasi k\u00e4yt\u00e4nn\u00f6t, koska l\u00e4hdeaineistojen k\u00e4ytt\u00f6kelpoisuuden arvioinnissa on alakohtaisia eroja.<\/p>\n\t\t\t\t<\/div>\n\t\t\t<\/div>\n\t\t\t<\/div>\n\t\n\n\n<h2 class=\"wp-block-heading\">Vertaisarviointi&nbsp;on yksi tapa varmistaa julkaisun tieteellisyys<\/h2>\n\n\n\n<p>Tieteellisyyden kriteerin\u00e4 yleisesti pidet\u00e4\u00e4n julkaistavaksi aiottujen k\u00e4sikirjoitusten vertaisarviointia eli referee- ja peer review -menettely\u00e4. Vertaisarvioinnissa varmistetaan ulkopuolisten asiantuntijoiden avulla, ett\u00e4 tutkimusartikkeli on kelvollinen julkaistavaksi. Asiantuntijat ovat alan tunnustettuja tutkijoita. Arvioijia on yleens\u00e4 ainakin kaksi. Artikkelin kirjoittaja ei saa tiet\u00e4\u00e4 heid\u00e4n henkil\u00f6llisyytt\u00e4\u00e4n.<\/p>\n\n\n\n<p>Tieteellisen lehden toimituskunta k\u00e4ytt\u00e4\u00e4 tieteenalan asiantuntijoita (refereet, (peer) reviewers) etuk\u00e4teisarvioinnissa. Lehden toimituskunta arvioi lehteen l\u00e4hetetyn kirjoituksen julkaisukelpoisuutta ja relevanssia lehden linjan ja lukijakunnan kannalta. Sen j\u00e4lkeen refereet arvioivat kirjoitusten asiasis\u00e4lt\u00f6\u00e4 ja tieteellist\u00e4 merkitt\u00e4vyytt\u00e4 sek\u00e4 tutkimuksen alkuper\u00e4isyytt\u00e4 ja uutuusarvoa. Arviointiprosessissa tarkistetaan my\u00f6s, ett\u00e4 tekstin rakenne vastaa (alan ja lehden) tieteellisen kirjoittamisen k\u00e4yt\u00e4nt\u00f6j\u00e4. Arvioijat tekev\u00e4t toimituskunnalle suosituksen k\u00e4sikirjoituksen hyv\u00e4ksymisest\u00e4 tai hylk\u00e4\u00e4misest\u00e4 sek\u00e4 korjausehdotuksia kirjoittajille.<\/p>\n\n\n\n<p>Asiantuntijat antavat julkaisuluvan arvioituaan tutkimuksen oikeellisuutta, merkitt\u00e4vyytt\u00e4 ja alkuper\u00e4isyytt\u00e4. Arviointiprosessissa tarkistetaan my\u00f6s, ett\u00e4 tekstin rakenne vastaa alan ja lehden tieteellisen kirjoittamisen k\u00e4yt\u00e4nt\u00f6j\u00e4. On tavallista, ett\u00e4 k\u00e4sikirjoitukseen tehd\u00e4\u00e4n pieni\u00e4 muutoksia arvioijien ehdotusten mukaan.<\/p>\n\n\n\n<p>Vertaisarviointi ei ole t\u00e4ydellisen aukoton systeemi. Julkaistavaksi aiottujen k\u00e4sikirjoitusten m\u00e4\u00e4r\u00e4 on valtava ja aika ajoin puutteellinenkin artikkeli saattaa l\u00e4p\u00e4ist\u00e4 seulan.<\/p>\n\n\n\n<p>Referee tai peer review -menettely\u00e4 ei tule sekoittaa katsausartikkeliin (review) tai joissakin tietokannoissa julkaisutyyppirajauksena olevaan kirja-arvioon (review).<\/p>\n\n\n\n<h3 class=\"wp-block-heading\">Mist\u00e4 tunnistan vertaisarvioidun julkaisun?<\/h3>\n\n\n\n<p>Vertaisarviointitunnus suomalaisilla julkaisuilla:<\/p>\n\n\n\n<ul class=\"wp-block-list\">\n<li>Suomalaisilla vertaisarvioiduilla tiedejulkaisuilla on usein vertaisarviointitunnus, jonka avulla vertaisarvioinnin l\u00e4pik\u00e4yneen julkaisun voi tunnistaa. Lis\u00e4tietoa vertaisarviointitunnuksesta l\u00f6ytyy <a href=\"https:\/\/www.tsv.fi\/fi\/palvelut\/tunnus\">Tieteellisen seurain valtuuskunnan verkkosivuilta<\/a>. Esimerkiksi <a href=\"https:\/\/journal.fi\/aikuiskasvatus\/index\">Aikuiskasvatus -lehden<\/a> tiedeartikkeleilla on vertaisarviointitunnus.&nbsp;&nbsp;&nbsp;<\/li>\n\n\n\n<li>Vertaisarviointitunnus voi olla koko julkaisulla, jolloin esimerkiksi useasta artikkelista koostuvan teoksen jokainen yksitt\u00e4inen artikkeli on vertaisarvioitu. Tunnus voi olla my\u00f6s vain osalla sis\u00e4ll\u00f6st\u00e4, esimerkiksi joillain yksitt\u00e4isill\u00e4 artikkeleilla. Silloin tunnus l\u00f6ytyy yleens\u00e4 suoraan artikkelin yhteydest\u00e4.<\/li>\n<\/ul>\n\n\n\n<p>Ulkomaiset tiedelehdet:<\/p>\n\n\n\n<ul class=\"wp-block-list\">\n<li>Jos artikkelissa on esimerkiksi maininta \u201drevised\u201d, on artikkeli todenn\u00e4k\u00f6isesti vertaisarvioitu. Yksitt\u00e4isten mainintojen lis\u00e4ksi lehden verkkosivuilla on yleens\u00e4 tietoa julkaisijan vertaisarviointik\u00e4yt\u00e4nn\u00f6ist\u00e4 sek\u00e4 siit\u00e4, mitk\u00e4 artikkelityypit ovat vertaisarvioituja.<\/li>\n\n\n\n<li>Tavallisimpia vertaisarvioituja artikkelityyppej\u00e4 ovat alkuper\u00e4is- ja tutkimusartikkelit sek\u00e4 katsausartikkelit. Kokoomateoksista ja konferenssiartikkeleista voi kuitenkin olla vaikeampaa l\u00f6yt\u00e4\u00e4 mainintoja vertaisarvioinnista.<\/li>\n<\/ul>\n\n\n<iframe loading=\"lazy\" title=\"Kuvankaappaus vertaisarviointik\u00e4yt\u00e4nn\u00f6ist\u00e4 tieteellisen lehden verkkosivuilta.\" width=\"960\" height=\"544\" data-original-width=\"1178\" data-original-height=\"668\" src=\"https:\/\/www.thinglink.com\/card\/1633374631312228355\" type=\"text\/html\" frameborder=\"0\" webkitallowfullscreen mozallowfullscreen allowfullscreen scrolling=\"no\"><\/iframe><script async src=\"\/\/cdn.thinglink.me\/jse\/responsive.js\"><\/script><br\/><a href=\"https:\/\/app.widgets.thinglink.com\/accessibility\/1633374631312228355\" rel=\"noopener noreferrer\">Siirry t\u00e4st\u00e4 kuvan saavutettavaan versioon.<\/a>\n\n\n\n<p> <\/p>\n\n\n\t<div id=\"accordion-block_5aac60d3c9501129d4cbe1ff699cf21f\" class=\"accordions\">\n\t\t\t\t\t<div class=\"accordion accordion-js\">\n\t\t\t\t<button class=\"accordion__button\" aria-controls=\"content-538\" aria-expanded=\"false\" id=\"accordion-control-538\">\n\t\t\t\t\t<h3 class=\"accordion__heading\" >\n\t\t\t\t\t\tLis\u00e4\u00e4 vinkkej\u00e4 vertaisarvioinnin tunnistamiseen\t\t\t\t\t<\/h3>\n\t\t\t\t<\/button>\n\t\t\t\t<div class=\"accordion__content\" role=\"region\" aria-labelledby=\"accordion-control-538\" aria-hidden=\"true\" id=\"content-538\">\n\t\t\t\t\t<p>Jos julkaisun vertaisarviointi mietitytt\u00e4\u00e4, voit aina kysy\u00e4 asiasta kirjastosta tai vaikka suoraan kustantajalta.<\/p>\n<p>My\u00f6s tietokannat voivat olla avuksi vertaisarvioitujen julkaisujen l\u00f6yt\u00e4misess\u00e4: rajaa siis hakusi vertaisarvioituihin julkaisuihin. Muista silti tarkastaa, ett\u00e4 tietokannan tieto vertaisarvioinnista pit\u00e4\u00e4 paikkansa!<\/p>\n<p>Lis\u00e4\u00e4 tietoa vertaisarvioidun julkaisun tunnistamisesta ja k\u00e4yt\u00e4nn\u00f6ist\u00e4 l\u00f6yd\u00e4t my\u00f6s oppaan <a href=\"https:\/\/sites.uef.fi\/tiedonhaku-kirjasto\/julkaisun-luotettavuuden-ja-tieteellisen-tason-arviointi\/\">Julkaisun luotettavuuden ja tieteellisen tason arviointi -osiosta<\/a>.<\/p>\n\t\t\t\t<\/div>\n\t\t\t<\/div>\n\t\t\t<\/div>\n\t\n\n\n<div class=\"links-block\">\n\n            <h3>Seuraavaksi<\/h3>\n    \n    <ul class=\"link-list\">\n        \n            \n            <li class=\"link-list-item\">\n                <a href=\"https:\/\/sites.uef.fi\/tiedonhaku-kirjasto\/open-access-eli-avoin-julkaiseminen\/\" class=\"link-reset link hover-scale-down\">\n                    <svg\n        width=\"43\" height=\"25\"\n        viewBox=\"0 0 43 25\"\n        xmlns=\"http:\/\/www.w3.org\/2000\/svg\">\n    <path\n        d=\"M30.027 0 43 12.5 30.027 25 27 22.083 34.351 15H0v-5h34.351L27 2.917z\"\n        fill=\"currentColor\"\n        fill-rule=\"evenodd\"\/>\n<\/svg>                    <div>Open access eli avoin julkaiseminen<\/div>\n                <\/a>\n                <div class=\"link-info\">\n                                    <\/div>\n            <\/li>\n\n                <\/ul>\n<\/div>","protected":false},"excerpt":{"rendered":"<p>Tieteellinen tutkimus ja asiantuntijaty\u00f6 tuottavat valtaisan m\u00e4\u00e4r\u00e4n perusteltua, luotettavaa tutkimustietoa. Erilaisin koej\u00e4rjestelyin, kuten mittaamalla tai haastattelemalla, saadaan tutkimusaineistoa. Tutkimusaineisto jalostuu tutkimustiedoksi, kun l\u00f6yd\u00f6ksi\u00e4 selitet\u00e4\u00e4n kattavasti, kriittisesti ja j\u00e4rjestelm\u00e4llisesti aikaisempiin tutkimuksiin peilaten. Tieteellisen julkaisemisen tavoitteena on tehd\u00e4 tutkimustulokset n\u00e4kyv\u00e4ksi tiedeyhteis\u00f6lle sek\u00e4 muille kiinnostuneille. Keskeist\u00e4 tieteellisess\u00e4 julkaisemisessa on uuden tiedon tuottaminen sek\u00e4 tiedon arvioiminen tiedeyhteis\u00f6ss\u00e4. Julkaisujen avulla [&hellip;]<\/p>\n","protected":false},"author":842,"featured_media":0,"parent":0,"menu_order":0,"comment_status":"closed","ping_status":"closed","template":"","meta":{"_acf_changed":false,"footnotes":""},"class_list":["post-384","page","type-page","status-publish","hentry"],"acf":[],"yoast_head":"<!-- This site is optimized with the Yoast SEO plugin v27.1.1 - https:\/\/yoast.com\/product\/yoast-seo-wordpress\/ -->\n<title>Mik\u00e4 on tieteellinen julkaisu? - Tiedonhakijan opas \/\/ UEF-kirjasto<\/title>\n<meta name=\"description\" content=\"T\u00e4m\u00e4 osio kertoo, kuinka tunnistat julkaisun tieteelliseksi julkaisukanavan ja julkaisun rakenteen perusteella.\" \/>\n<meta name=\"robots\" content=\"index, follow, max-snippet:-1, max-image-preview:large, max-video-preview:-1\" \/>\n<link rel=\"canonical\" href=\"https:\/\/sites.uef.fi\/tiedonhaku-kirjasto\/mika-on-tieteellinen-julkaisu\/\" \/>\n<meta property=\"og:locale\" content=\"fi_FI\" \/>\n<meta property=\"og:type\" content=\"article\" \/>\n<meta property=\"og:title\" content=\"Mik\u00e4 on tieteellinen julkaisu? - Tiedonhakijan opas \/\/ UEF-kirjasto\" \/>\n<meta property=\"og:description\" content=\"T\u00e4m\u00e4 osio kertoo, kuinka tunnistat julkaisun tieteelliseksi julkaisukanavan ja julkaisun rakenteen perusteella.\" \/>\n<meta property=\"og:url\" content=\"https:\/\/sites.uef.fi\/tiedonhaku-kirjasto\/mika-on-tieteellinen-julkaisu\/\" \/>\n<meta property=\"og:site_name\" content=\"Tiedonhakijan opas \/\/ UEF-kirjasto\" \/>\n<meta property=\"article:modified_time\" content=\"2023-10-09T09:03:01+00:00\" \/>\n<meta name=\"twitter:card\" content=\"summary_large_image\" \/>\n<meta name=\"twitter:label1\" content=\"Arvioitu lukuaika\" \/>\n\t<meta name=\"twitter:data1\" content=\"5 minuuttia\" \/>\n<script type=\"application\/ld+json\" class=\"yoast-schema-graph\">{\"@context\":\"https:\/\/schema.org\",\"@graph\":[{\"@type\":\"WebPage\",\"@id\":\"https:\/\/sites.uef.fi\/tiedonhaku-kirjasto\/mika-on-tieteellinen-julkaisu\/\",\"url\":\"https:\/\/sites.uef.fi\/tiedonhaku-kirjasto\/mika-on-tieteellinen-julkaisu\/\",\"name\":\"Mik\u00e4 on tieteellinen julkaisu? - Tiedonhakijan opas \/\/ UEF-kirjasto\",\"isPartOf\":{\"@id\":\"https:\/\/sites.uef.fi\/tiedonhaku-kirjasto\/#website\"},\"datePublished\":\"2022-08-22T12:55:32+00:00\",\"dateModified\":\"2023-10-09T09:03:01+00:00\",\"description\":\"T\u00e4m\u00e4 osio kertoo, kuinka tunnistat julkaisun tieteelliseksi julkaisukanavan ja julkaisun rakenteen perusteella.\",\"breadcrumb\":{\"@id\":\"https:\/\/sites.uef.fi\/tiedonhaku-kirjasto\/mika-on-tieteellinen-julkaisu\/#breadcrumb\"},\"inLanguage\":\"fi\",\"potentialAction\":[{\"@type\":\"ReadAction\",\"target\":[\"https:\/\/sites.uef.fi\/tiedonhaku-kirjasto\/mika-on-tieteellinen-julkaisu\/\"]}]},{\"@type\":\"BreadcrumbList\",\"@id\":\"https:\/\/sites.uef.fi\/tiedonhaku-kirjasto\/mika-on-tieteellinen-julkaisu\/#breadcrumb\",\"itemListElement\":[{\"@type\":\"ListItem\",\"position\":1,\"name\":\"Home\",\"item\":\"https:\/\/sites.uef.fi\/tiedonhaku-kirjasto\/\"},{\"@type\":\"ListItem\",\"position\":2,\"name\":\"Mik\u00e4 on tieteellinen julkaisu?\"}]},{\"@type\":\"WebSite\",\"@id\":\"https:\/\/sites.uef.fi\/tiedonhaku-kirjasto\/#website\",\"url\":\"https:\/\/sites.uef.fi\/tiedonhaku-kirjasto\/\",\"name\":\"Tiedonhakijan opas \/\/ UEF-kirjasto\",\"description\":\"\",\"potentialAction\":[{\"@type\":\"SearchAction\",\"target\":{\"@type\":\"EntryPoint\",\"urlTemplate\":\"https:\/\/sites.uef.fi\/tiedonhaku-kirjasto\/?s={search_term_string}\"},\"query-input\":{\"@type\":\"PropertyValueSpecification\",\"valueRequired\":true,\"valueName\":\"search_term_string\"}}],\"inLanguage\":\"fi\"}]}<\/script>\n<!-- \/ Yoast SEO plugin. -->","yoast_head_json":{"title":"Mik\u00e4 on tieteellinen julkaisu? - Tiedonhakijan opas \/\/ UEF-kirjasto","description":"T\u00e4m\u00e4 osio kertoo, kuinka tunnistat julkaisun tieteelliseksi julkaisukanavan ja julkaisun rakenteen perusteella.","robots":{"index":"index","follow":"follow","max-snippet":"max-snippet:-1","max-image-preview":"max-image-preview:large","max-video-preview":"max-video-preview:-1"},"canonical":"https:\/\/sites.uef.fi\/tiedonhaku-kirjasto\/mika-on-tieteellinen-julkaisu\/","og_locale":"fi_FI","og_type":"article","og_title":"Mik\u00e4 on tieteellinen julkaisu? - Tiedonhakijan opas \/\/ UEF-kirjasto","og_description":"T\u00e4m\u00e4 osio kertoo, kuinka tunnistat julkaisun tieteelliseksi julkaisukanavan ja julkaisun rakenteen perusteella.","og_url":"https:\/\/sites.uef.fi\/tiedonhaku-kirjasto\/mika-on-tieteellinen-julkaisu\/","og_site_name":"Tiedonhakijan opas \/\/ UEF-kirjasto","article_modified_time":"2023-10-09T09:03:01+00:00","twitter_card":"summary_large_image","twitter_misc":{"Arvioitu lukuaika":"5 minuuttia"},"schema":{"@context":"https:\/\/schema.org","@graph":[{"@type":"WebPage","@id":"https:\/\/sites.uef.fi\/tiedonhaku-kirjasto\/mika-on-tieteellinen-julkaisu\/","url":"https:\/\/sites.uef.fi\/tiedonhaku-kirjasto\/mika-on-tieteellinen-julkaisu\/","name":"Mik\u00e4 on tieteellinen julkaisu? - Tiedonhakijan opas \/\/ UEF-kirjasto","isPartOf":{"@id":"https:\/\/sites.uef.fi\/tiedonhaku-kirjasto\/#website"},"datePublished":"2022-08-22T12:55:32+00:00","dateModified":"2023-10-09T09:03:01+00:00","description":"T\u00e4m\u00e4 osio kertoo, kuinka tunnistat julkaisun tieteelliseksi julkaisukanavan ja julkaisun rakenteen perusteella.","breadcrumb":{"@id":"https:\/\/sites.uef.fi\/tiedonhaku-kirjasto\/mika-on-tieteellinen-julkaisu\/#breadcrumb"},"inLanguage":"fi","potentialAction":[{"@type":"ReadAction","target":["https:\/\/sites.uef.fi\/tiedonhaku-kirjasto\/mika-on-tieteellinen-julkaisu\/"]}]},{"@type":"BreadcrumbList","@id":"https:\/\/sites.uef.fi\/tiedonhaku-kirjasto\/mika-on-tieteellinen-julkaisu\/#breadcrumb","itemListElement":[{"@type":"ListItem","position":1,"name":"Home","item":"https:\/\/sites.uef.fi\/tiedonhaku-kirjasto\/"},{"@type":"ListItem","position":2,"name":"Mik\u00e4 on tieteellinen julkaisu?"}]},{"@type":"WebSite","@id":"https:\/\/sites.uef.fi\/tiedonhaku-kirjasto\/#website","url":"https:\/\/sites.uef.fi\/tiedonhaku-kirjasto\/","name":"Tiedonhakijan opas \/\/ UEF-kirjasto","description":"","potentialAction":[{"@type":"SearchAction","target":{"@type":"EntryPoint","urlTemplate":"https:\/\/sites.uef.fi\/tiedonhaku-kirjasto\/?s={search_term_string}"},"query-input":{"@type":"PropertyValueSpecification","valueRequired":true,"valueName":"search_term_string"}}],"inLanguage":"fi"}]}},"_links":{"self":[{"href":"https:\/\/sites.uef.fi\/tiedonhaku-kirjasto\/wp-json\/wp\/v2\/pages\/384","targetHints":{"allow":["GET"]}}],"collection":[{"href":"https:\/\/sites.uef.fi\/tiedonhaku-kirjasto\/wp-json\/wp\/v2\/pages"}],"about":[{"href":"https:\/\/sites.uef.fi\/tiedonhaku-kirjasto\/wp-json\/wp\/v2\/types\/page"}],"author":[{"embeddable":true,"href":"https:\/\/sites.uef.fi\/tiedonhaku-kirjasto\/wp-json\/wp\/v2\/users\/842"}],"replies":[{"embeddable":true,"href":"https:\/\/sites.uef.fi\/tiedonhaku-kirjasto\/wp-json\/wp\/v2\/comments?post=384"}],"version-history":[{"count":2,"href":"https:\/\/sites.uef.fi\/tiedonhaku-kirjasto\/wp-json\/wp\/v2\/pages\/384\/revisions"}],"predecessor-version":[{"id":10565,"href":"https:\/\/sites.uef.fi\/tiedonhaku-kirjasto\/wp-json\/wp\/v2\/pages\/384\/revisions\/10565"}],"wp:attachment":[{"href":"https:\/\/sites.uef.fi\/tiedonhaku-kirjasto\/wp-json\/wp\/v2\/media?parent=384"}],"curies":[{"name":"wp","href":"https:\/\/api.w.org\/{rel}","templated":true}]}}