{"id":393,"date":"2022-08-22T12:58:34","date_gmt":"2022-08-22T12:58:34","guid":{"rendered":"https:\/\/sites.uef.fi\/tiedonhaku-kirjasto\/?page_id=393"},"modified":"2025-05-27T11:52:53","modified_gmt":"2025-05-27T08:52:53","slug":"hakukoneita-ja-tietokantoja","status":"publish","type":"page","link":"https:\/\/sites.uef.fi\/tiedonhaku-kirjasto\/hakukoneita-ja-tietokantoja\/","title":{"rendered":"Hakukoneita ja tietokantoja"},"content":{"rendered":"\n<h2 class=\"wp-block-heading\">Google on useimmille tuttu hakuty\u00f6kalu<\/h2>\n\n\n\n<p>Google on ehk\u00e4 tavallisin tiedonhaun aloitusv\u00e4line. Sen kautta l\u00f6ytyv\u00e4n tiedon laadun ja tason suhteen on kuitenkin oltava kriittinen. Google l\u00f6yt\u00e4\u00e4 monenlaisia aineistoja, joista l\u00e4hesk\u00e4\u00e4n kaikki eiv\u00e4t kelpaa ainakaan tieteellisen ty\u00f6n l\u00e4hteiksi.&nbsp; Sill\u00e4 voi kuitenkin saada aiheesta jonkinlaisen yleiskuvan ja my\u00f6s vinkkej\u00e4 eteenp\u00e4in. <\/p>\n\n\n\t<div id=\"accordion-block_99c4718fc5d4aaa92de7954023374aac\" class=\"accordions\">\n\t\t\t\t\t<div class=\"accordion accordion-js\">\n\t\t\t\t<button class=\"accordion__button\" aria-controls=\"content-2376\" aria-expanded=\"false\" id=\"accordion-control-2376\">\n\t\t\t\t\t<h3 class=\"accordion__heading\" >\n\t\t\t\t\t\tGoogle tiedonhaussa\t\t\t\t\t<\/h3>\n\t\t\t\t<\/button>\n\t\t\t\t<div class=\"accordion__content\" role=\"region\" aria-labelledby=\"accordion-control-2376\" aria-hidden=\"true\" id=\"content-2376\">\n\t\t\t\t\t<p>&#8221;Tavallinen\u201d Google l\u00f6yt\u00e4\u00e4 hyvin muun muassa:<\/p>\n<ul>\n<li>Nopeita vastauksia tarkkoihin faktakysymyksiin<\/li>\n<li>Hallinnon, ministeri\u00f6iden yms. tietoja<\/li>\n<li>Yritysten ja organisaatioiden kotisivuja<\/li>\n<li>Blogeja ja keskustelualueita tutkimusaiheesta<\/li>\n<li>Uutisia (joita seuraamalla voi l\u00f6yt\u00e4\u00e4 alkuper\u00e4isen tutkimusl\u00e4hteenkin)<\/li>\n<li>Vapaita, avoimia julkaisuja, esim. open access -artikkeleita (Googlella on hyv\u00e4 tarkistaa esim. l\u00f6ytyyk\u00f6 artikkeli tai raportti vapaasti verkosta)<\/li>\n<\/ul>\n<p>Googlen tarjoama tulosten relevanssilajittelu (osuvimmat hakutulokset tuloslistan k\u00e4rjess\u00e4) voi helpottaa l\u00f6yt\u00e4m\u00e4\u00e4n t\u00e4rkeimm\u00e4t tulokset. On hyv\u00e4 kuitenkin tiedostaa, ett\u00e4 joskus relevanssilajittelukin hukkaa t\u00e4rke\u00e4t tiedot listan alemmille sijoituksille.<\/p>\n<p>Googlen hakutulosten j\u00e4rjestykseen vaikuttaa monta tekij\u00e4\u00e4, esimerkiksi hakusanojen sijainti ja esiintymistiheys verkkosivulla, sek\u00e4 k\u00e4ytt\u00e4j\u00e4n oma haku- ja selaushistoria. My\u00f6s mainokset sek\u00e4 paljon linkityksi\u00e4, viittauksia ja avauksia saaneet, suositut julkaisut tulevat yleens\u00e4 tuloslistan alkuun.<\/p>\n<h4>Tarkka haku Googlessa<\/h4>\n<p><a href=\"https:\/\/www.google.fi\/advanced_search?hl=fi&amp;fg=1\">Tarkka haku<\/a> on Googlessa asetukset-linkin takana.<\/p>\n<p>Esimerkiksi luotettavien organisaatioiden tuottamat raportit ovat yleens\u00e4 pdf-muodossa. Kun haluat l\u00f6yt\u00e4\u00e4 t\u00e4llaisia, voit \u201dTiedostotyyppi\u201d-kohdasta valita \u201dAdobe Acrobat PDF (.pdf)\u201d.<\/p>\n<p>Voit my\u00f6s mietti\u00e4, mik\u00e4 organisaatio olisi tarvitsemaasi tietoa tuottanut, ja laittaa kyseisen organisaation verkkotunnuksen rajaukseksi kohtaan \u201dHaku sivustosta tai verkkotunnuksesta\u201d.<\/p>\n\t\t\t\t<\/div>\n\t\t\t<\/div>\n\t\t\t\t\t<div class=\"accordion accordion-js\">\n\t\t\t\t<button class=\"accordion__button\" aria-controls=\"content-1895\" aria-expanded=\"false\" id=\"accordion-control-1895\">\n\t\t\t\t\t<h3 class=\"accordion__heading\" >\n\t\t\t\t\t\tGoogle Scholar keskittyy tieteellisiin julkaisuihin\t\t\t\t\t<\/h3>\n\t\t\t\t<\/button>\n\t\t\t\t<div class=\"accordion__content\" role=\"region\" aria-labelledby=\"accordion-control-1895\" aria-hidden=\"true\" id=\"content-1895\">\n\t\t\t\t\t<p>Google Scholaria kannattaa kokeilla, kun tarvitaan tavallista Googlea tieteellisempi\u00e4 l\u00e4hteit\u00e4. <a href=\"https:\/\/scholar.google.com\/\">Google Scholar<\/a> ei hae tavallisia web-sivuja, vaan tieteellisten julkaisijoiden, yliopistojen ja muiden tieteellisiksi katsottujen organisaatioiden raportteja, tutkielmia, opinn\u00e4ytet\u00f6it\u00e4, artikkeleita, kirjoja, ty\u00f6papereita, konferenssijulkaisuja ja muita julkaisutyyppisi\u00e4 l\u00e4hteit\u00e4. Google l\u00f6yt\u00e4\u00e4 monenlaista \u201dharmaatakin kirjallisuutta\u201d, mutta sis\u00e4ll\u00f6n kattavuudesta ei ole tietoa.<\/p>\n<p>Kaikki Google Scholarin tavoittama aineisto ei kuitenkaan t\u00e4yt\u00e4 tieteellisyyden kriteereit\u00e4. Varsinkin suomen kielell\u00e4 haettaessa tuloksiin tulee paljon amk-opinn\u00e4ytet\u00f6it\u00e4 ja pro graduja. Monesti englanninkielinen haku on siksi mielekk\u00e4\u00e4mp\u00e4\u00e4.<\/p>\n<p>Google Scholar on hy\u00f6dyllinen esimerkiksi:<\/p>\n<ul>\n<li>Tutkimuksen aloitukseen. Sen avulla voi l\u00f6yt\u00e4\u00e4 muutaman relevantin artikkelin alkuun p\u00e4\u00e4semiseksi, mutta ei kannata luottaa pelk\u00e4st\u00e4\u00e4n niihin.<\/li>\n<li>Voi auttaa l\u00f6yt\u00e4m\u00e4\u00e4n aiheen \u201cavaintekij\u00e4t\u201d, eniten viitatut kirjoittajat.<\/li>\n<li>Auttaa terminologian ja hakusanojen ideoinnissa.<\/li>\n<li>Viittausten m\u00e4\u00e4r\u00e4 (cited by) ja aiheeseen liittyv\u00e4t artikkelit (related articles) auttavat lis\u00e4l\u00e4hteiden l\u00f6yt\u00e4misess\u00e4 ja ideoinnissa.<\/li>\n<\/ul>\n<p>Google ymm\u00e4rt\u00e4\u00e4 melko hyvin kokonaisia lauseita (esimerkiksi kysymyksi\u00e4, taivutusmuotoja, the-a-artikkeleita, prepositioita sis\u00e4lt\u00e4vi\u00e4) ja hakee automaattisesti asiaan liittyvi\u00e4 termej\u00e4. Googlessa hakusanojen j\u00e4rjestyksell\u00e4 on merkityst\u00e4, joten haun kannalta t\u00e4rkeimm\u00e4t sanat kirjoitetaan hakulauseen alkuun.<\/p>\n<p>Googlessa on mahdollista k\u00e4ytt\u00e4\u00e4 tarkennettua hakua, AND ja OR-operaattoreita sek\u00e4 kohtalaisesti toimivaa fraasihakua. Boolen operaattorit on t\u00e4rke\u00e4\u00e4 kirjoittaa isoilla kirjaimilla.<\/p>\n<p>Huom! Se mik\u00e4 toimii Google-hauissa, ei v\u00e4ltt\u00e4m\u00e4tt\u00e4 toimi varsinaisissa tietokantahauissa.<\/p>\n<p><iframe loading=\"lazy\" width=\"960\" height=\"538\" src=\"https:\/\/www.thinglink.com\/card\/1623275124406878209\" frameborder=\"0\" allowfullscreen><\/iframe><br \/><a href=\"https:\/\/app.widgets.thinglink.com\/accessibility\/1623275124406878209\" rel=\"noopener noreferrer\">Siirry t\u00e4st\u00e4 kuvan saavutettavaan versioon.<\/a><br \/>\n<br \/>\nEllei kokoteksti aukea Googlen kautta, kirjaudu UEF-tunnuksillasi <a href=\"https:\/\/primo.uef.fi\/\">UEF-Primoon<\/a>, hae etsim\u00e4si julkaisu tietokannasta ja tarkista kokotekstin saatavuus. Mahdollinen maksumuuri tulee UEF-tunnuksilla ylitetty\u00e4.<\/p>\n\t\t\t\t<\/div>\n\t\t\t<\/div>\n\t\t\t<\/div>\n\t\n\n\n<h2 class=\"wp-block-heading\">Tieteellisen tiedon tietokannat<\/h2>\n\n\n\n<p>Tutkimustietoa haetaan tietokannoista, jotka ovat jatkuvasti p\u00e4ivittyvi\u00e4 kokoelmia tietoja tietyn alan (suppean tai laajan) tieteellisist\u00e4 julkaisuista. Usein n\u00e4it\u00e4 kutsutaan kirjallisuustietokannoiksi, artikkelitietokannoiksi tai viitetietokannoiksi (bibliographic, reference ja library databases).<\/p>\n\n\n\n<p>Mit\u00e4 kattavampi ja systemaattisempi haun pit\u00e4\u00e4 olla, sit\u00e4 varmemmin julkaisuja pit\u00e4\u00e4 hakea alan artikkeli- tai viitetietokannasta ja tietokannoista erikseen. Esimerkiksi systemaattisiin katsauksiin tarkoitetut tiedonhaut pit\u00e4\u00e4 aina tehd\u00e4 useammasta artikkelitietokannasta.<\/p>\n\n\n\n<p>Tietokannoissa on paremmat rajausmahdollisuudet kuin Googlen eri versioissa. My\u00f6s tieto tietokantaan seurattavista l\u00e4hteist\u00e4 ja niiden valintakriteereist\u00e4 on tiedonhakijan varmistettavissa: tietokannoissa on usein esimerkiksi listattuna ne tieteelliset lehdet, joiden artikkelit on kuvailtu tietokantaan ja julkaisujen valintakriteerit taas voivat liitty\u00e4 tieteenalakohtaisuuteen.<\/p>\n\n\n\t<div id=\"accordion-block_afe9a1d0d0c57ff67379bdb5c1d2ce45\" class=\"accordions\">\n\t\t\t\t\t<div class=\"accordion accordion-js\">\n\t\t\t\t<button class=\"accordion__button\" aria-controls=\"content-7977\" aria-expanded=\"false\" id=\"accordion-control-7977\">\n\t\t\t\t\t<h3 class=\"accordion__heading\" >\n\t\t\t\t\t\tUEF-Primo: kokoelmatietokanta ja portaali UEF:n e-aineistoon\t\t\t\t\t<\/h3>\n\t\t\t\t<\/button>\n\t\t\t\t<div class=\"accordion__content\" role=\"region\" aria-labelledby=\"accordion-control-7977\" aria-hidden=\"true\" id=\"content-7977\">\n\t\t\t\t\t<p><!-- wp:paragraph --><\/p>\n<p><a href=\"https:\/\/primo.uef.fi\/discovery\/search?vid=358FIN_UOEF:VU1&amp;lang=fi\">UEF-Primo<\/a> on It\u00e4-Suomen yliopiston kirjaston painettujen ja s\u00e4hk\u00f6isten aineistojen hakupalvelu, jossa voi my\u00f6s uusi lainoja, tehd\u00e4 varauksia ja tallentaa omia suosikkeja. UEF-Primo kokoaa ja esittelee kaikki kirjaston aineistot, jotka ovat tarjolla verkon v\u00e4lityksell\u00e4: kirjallisuustietokannat, verkkolehdet, elektroniset kirjat, tietokannat ym. verkkoresurssit. Mukana on k\u00e4ytt\u00f6lisenssein hankitun verkkoaineiston lis\u00e4ksi my\u00f6s vapaasti verkosta saatavaa aineistoa.<\/p>\n<p><!-- \/wp:paragraph --> <!-- wp:paragraph --><\/p>\n<p>UEF-Primo sis\u00e4lt\u00e4\u00e4 sek\u00e4 kotimaista ett\u00e4 kansainv\u00e4list\u00e4 aineistoa. Englanninkielisill\u00e4 hakusanoilla kannattaa hakea kirjaston kokoelmista my\u00f6s painettuja kirjoja ja e-kirjoja, koska etenkin e-kirjat tarttuvat silloin paremmin tuloksiin. Toisaalta suomenkielisill\u00e4 hakusanoilla l\u00f6yt\u00e4\u00e4 my\u00f6s englannin- ja muunkielist\u00e4 aineistoa, koska varsinkin painetuissa kirjoissa on useimmiten mukana Yleisen suomalaisen ontologian eli YSO:n asiasanat. YSO:a tarkastellaan enemm\u00e4n oppaan <a href=\"https:\/\/sites.uef.fi\/tiedonhaku-kirjasto\/asiasanat-ja-asiasanastot\/\">Asiasanat ja asiasanastot-osiossa<\/a>.<\/p>\n<p><!-- \/wp:paragraph --> <!-- wp:paragraph --><\/p>\n<p>Voit hakea UEF-Primolla kansainv\u00e4lisi\u00e4 artikkeleita, kun teet kohdistuksen hakurivin pudotusvalikosta: kansainv\u00e4liset artikkelit tai tuloslistan oikean laidan filttereist\u00e4: aineistotyyppi. Kotimaiset lehtiartikkelit taas kannattaa hakea kansallisesta Finnasta, johon tutustutaan seuraavan otsikon alla.<\/p>\n<p><!-- \/wp:paragraph --> <!-- wp:paragraph --><\/p>\n<p>Lue UEF-Primon k\u00e4yt\u00f6st\u00e4 <a href=\"https:\/\/www.uef.fi\/fi\/kirjasto\/uef-primon-kayttoohjeet\">UEF-Primon omista ohjeista.<\/a><\/p>\n<p><!-- \/wp:paragraph --><\/p>\n\t\t\t\t<\/div>\n\t\t\t<\/div>\n\t\t\t<\/div>\n\t\n\n<iframe loading=\"lazy\" title=\"Kuvankaappaus UEF Primosta, muokkaa hakua -toiminnallisuus avattuna.\" width=\"960\" height=\"751\" data-original-width=\"1558\" data-original-height=\"1220\" src=\"https:\/\/www.thinglink.com\/card\/1623282161601740801\" type=\"text\/html\" frameborder=\"0\" webkitallowfullscreen mozallowfullscreen allowfullscreen scrolling=\"no\"><\/iframe><script async src=\"\/\/cdn.thinglink.me\/jse\/responsive.js\"><\/script><br\/><a href=\"https:\/\/app.widgets.thinglink.com\/accessibility\/1623282161601740801\" rel=\"noopener noreferrer\">Siirry t\u00e4st\u00e4 kuvan saavutettavaan versioon.<\/a>\n\n\n\n<p><\/p>\n\n\n\n<p>Etsim\u00e4si tietokannan l\u00f6yd\u00e4t usein my\u00f6s UEF-Primon avulla. Kirjoita UEF-Primon hakuikkunaan tietokannan nimi tai sen osa, ja siirry tietokannan verkkosivustolle Primon tietueesta. Muista kirjautua sis\u00e4\u00e4n UEF-Primoon, niin saat laajemmat lukuoikeudet!<\/p>\n\n\n\t<div id=\"accordion-block_47bafba0813aa4eec8325778a1dbf0ca\" class=\"accordions\">\n\t\t\t\t\t<div class=\"accordion accordion-js\">\n\t\t\t\t<button class=\"accordion__button\" aria-controls=\"content-3771\" aria-expanded=\"false\" id=\"accordion-control-3771\">\n\t\t\t\t\t<h3 class=\"accordion__heading\" >\n\t\t\t\t\t\tMuita kotimaisia tiedonl\u00e4hteit\u00e4\t\t\t\t\t<\/h3>\n\t\t\t\t<\/button>\n\t\t\t\t<div class=\"accordion__content\" role=\"region\" aria-labelledby=\"accordion-control-3771\" aria-hidden=\"true\" id=\"content-3771\">\n\t\t\t\t\t<p><!-- wp:paragraph --><\/p>\n<h4>Finna kokoaa tiedot suomalaisten kirjastojen kokoelmista ja kotimaisista artikkeleista<\/h4>\n<p>Kansallinen <a href=\"https:\/\/sites.uef.fi\/tiedonhaku-kirjasto\/kirjastosanasto\/#finna\">Finna<\/a> sis\u00e4lt\u00e4\u00e4 tiedot kaikkien Suomen kirjastojen kokoelmiin sis\u00e4ltyvist\u00e4 aineistoista. Lis\u00e4ksi Finnassa on tietoja my\u00f6s elektronisista aineistoista.<\/p>\n<p><!-- \/wp:paragraph --> <!-- wp:paragraph --><\/p>\n<p>Finnasta kannattaa hakea, kun aiheeseen halutaan l\u00f6yt\u00e4\u00e4 mahdollisimman kattavasti Suomessa olevaa kirja-aineistoa (my\u00f6s tutkimuksia, v\u00e4it\u00f6skirjoja yms.) tai kun tarkistetaan, l\u00f6ytyyk\u00f6 jokin teos, kirja tai lehti Suomesta.<\/p>\n<p><!-- \/wp:paragraph --> <!-- wp:paragraph --><\/p>\n<p>Kansallisen Finnan hakutuloksiin tulee my\u00f6s kotimaisten lehtiartikkeleiden tietoja. Lehtiartikkelit saa esiin rajaamalla aineistotyypiksi lehti\/artikkeli. Lehti-\/artikkelirajauksella hakutuloksiin tulee mukaan my\u00f6s ammatillisia ja yleistajuisia lehtiartikkeleita, eik\u00e4 niit\u00e4 voi rajata pois tieteellisyyden tai vertaisarvioinnin puuttumisen perusteella. Mielenkiintoisen artikkelin julkaisseen lehden tieteellisyyden voi kuitenkin tarkistaa helposti lehden <a href=\"https:\/\/www.tsv.fi\/julkaisufoorumi\/haku.php\">Julkaisufoorumi-luokituksen<\/a> avulla.<\/p>\n<p><!-- \/wp:paragraph --> <!-- wp:paragraph --><\/p>\n<p>Lue lis\u00e4\u00e4 Finnan k\u00e4yt\u00f6st\u00e4 <a href=\"https:\/\/finna.fi\/Content\/help\">Finnan omista hakuohjeista<\/a>.<\/p>\n<h4>Journal.fi-sivustolla on suomalaisia tiedelehti\u00e4<\/h4>\n<p><a href=\"https:\/\/journal.fi\/\">Journal.fi<\/a>-sivustolla on noin 140 suomalaista tieteellist\u00e4 lehte\u00e4 ja vuosikirjaa. Sis\u00e4lt\u00f6 on p\u00e4\u00e4osin suomenkielist\u00e4, mutta mukana on my\u00f6s englannin- ja ruotsinkielisi\u00e4 lehti\u00e4.<\/p>\n<h4>Tiedejatutkimus.fi-sivustolla voi hakea suomalaista tutkimusta<\/h4>\n<p><a href=\"https:\/\/tiedejatutkimus.fi\/fi\/\">Tiedejatutkimus.fi<\/a>-palvelussa on kootusti tietoa Suomessa teht\u00e4v\u00e4st\u00e4 tutkimuksesta. Tiedonhaussa Tiedejatutkimus.fi-palvelusta on hyv\u00e4 tutustua etenkin <a href=\"https:\/\/tiedejatutkimus.fi\/fi\/results\/publications\">Julkaisut<\/a>-v\u00e4lilehteen ja selata sis\u00e4lt\u00f6\u00e4 hakusanojen sek\u00e4 haun rajaamisen ty\u00f6kaluilla.<\/p>\n<p><!-- \/wp:paragraph --><\/p>\n\t\t\t\t<\/div>\n\t\t\t<\/div>\n\t\t\t<\/div>\n\t\n\n\t<div id=\"accordion-block_8c12a4addc108435e454ce3beed00a4d\" class=\"accordions\">\n\t\t\t\t\t<div class=\"accordion accordion-js\">\n\t\t\t\t<button class=\"accordion__button\" aria-controls=\"content-5695\" aria-expanded=\"false\" id=\"accordion-control-5695\">\n\t\t\t\t\t<h3 class=\"accordion__heading\" >\n\t\t\t\t\t\tKansainv\u00e4liset tietokannat laajentavat tiedonhakua\t\t\t\t\t<\/h3>\n\t\t\t\t<\/button>\n\t\t\t\t<div class=\"accordion__content\" role=\"region\" aria-labelledby=\"accordion-control-5695\" aria-hidden=\"true\" id=\"content-5695\">\n\t\t\t\t\t<p>Hakemalla tietoa kansainv\u00e4lisist\u00e4 tietokannoista saa k\u00e4sityksen siit\u00e4, mit\u00e4 tutkimusaiheesta on yleisesti ottaen kirjoitettu ja julkaistu.<\/p>\n<p>Esimerkiksi tieteellisten lehtien artikkelit ovat t\u00e4rke\u00e4\u00e4, tietokantahauilla l\u00f6ytyv\u00e4\u00e4 tutkimuskirjallisuutta. Lehtiartikkelitietojen lis\u00e4ksi tietokannoissa on tietoja my\u00f6s kirja-aineistosta ja konferenssijulkaisuista. Tietokantojen artikkelit ovat saatavissa joko kokotekstin\u00e4 (full text) tai pelkkin\u00e4 viittein\u00e4, tietokannasta riippuen.<\/p>\n<p>Esimerkkej\u00e4 monitieteisist\u00e4 tietokannoista:<\/p>\n<ul>\n<li>Scopus<\/li>\n<li>EBSCOhost Academic Search Premier<\/li>\n<li>Web of Science<\/li>\n<\/ul>\n<p><!-- wp:paragraph --><\/p>\n<p>Monitieteisten tietokantojen lis\u00e4ksi useilla tieteenaloilla on omia, alakohtaisia tietokantoja. Alakohtaisia tietokantoja voit tarkastella <a href=\"https:\/\/www.uef.fi\/fi\/kirjasto\/tiedonhaku-ja-koulutus\">UEF-kirjaston tiedonhaku ja koulutus -verkkosivun<\/a> kautta.<\/p>\n<p>K\u00e4yt\u00e4nn\u00f6llisi\u00e4 esimerkkej\u00e4 tietokantojen k\u00e4ytt\u00f6\u00f6n l\u00f6yd\u00e4t t\u00e4m\u00e4n oppaan <a href=\"https:\/\/sites.uef.fi\/tiedonhaku-kirjasto\/hakuesimerkkeja\/\">Hakuesimerkkej\u00e4<\/a>-sivulta.<\/p>\n<p><!-- \/wp:paragraph --> <!-- wp:paragraph {\"style\":{\"color\":{\"background\":\"#6db7cc14\"}}} --><\/p>\n<p><!-- \/wp:paragraph --><\/p>\n\t\t\t\t<\/div>\n\t\t\t<\/div>\n\t\t\t<\/div>\n\t\n\n\n<p><\/p>\n\n\n\n<p id=\"tekoaly-mukana-tiedonhaussa\">Katso my\u00f6s <a href=\"https:\/\/sites.uef.fi\/tiedonhaku-kirjasto\/tekoaly-mukana-tiedonhaussa\/\">Teko\u00e4ly mukana tiedonhaussa<\/a>.<\/p>\n\n\n\n<div class=\"links-block\">\n\n            <h3>Seuraavaksi<\/h3>\n    \n    <ul class=\"link-list\">\n        \n            \n            <li class=\"link-list-item\">\n                <a href=\"https:\/\/sites.uef.fi\/tiedonhaku-kirjasto\/julkaisun-luotettavuuden-ja-tieteellisen-tason-arviointi\/\" class=\"link-reset link hover-scale-down\">\n                    <svg\n        width=\"43\" height=\"25\"\n        viewBox=\"0 0 43 25\"\n        xmlns=\"http:\/\/www.w3.org\/2000\/svg\">\n    <path\n        d=\"M30.027 0 43 12.5 30.027 25 27 22.083 34.351 15H0v-5h34.351L27 2.917z\"\n        fill=\"currentColor\"\n        fill-rule=\"evenodd\"\/>\n<\/svg>                    <div>Julkaisun luotettavuuden ja tieteellisen tason arviointi<\/div>\n                <\/a>\n                <div class=\"link-info\">\n                                    <\/div>\n            <\/li>\n\n                <\/ul>\n<\/div>","protected":false},"excerpt":{"rendered":"<p>Google on useimmille tuttu hakuty\u00f6kalu Google on ehk\u00e4 tavallisin tiedonhaun aloitusv\u00e4line. Sen kautta l\u00f6ytyv\u00e4n tiedon laadun ja tason suhteen on kuitenkin oltava kriittinen. Google l\u00f6yt\u00e4\u00e4 monenlaisia aineistoja, joista l\u00e4hesk\u00e4\u00e4n kaikki eiv\u00e4t kelpaa ainakaan tieteellisen ty\u00f6n l\u00e4hteiksi.&nbsp; Sill\u00e4 voi kuitenkin saada aiheesta jonkinlaisen yleiskuvan ja my\u00f6s vinkkej\u00e4 eteenp\u00e4in. Tieteellisen tiedon tietokannat Tutkimustietoa haetaan tietokannoista, jotka ovat [&hellip;]<\/p>\n","protected":false},"author":842,"featured_media":0,"parent":0,"menu_order":0,"comment_status":"closed","ping_status":"closed","template":"","meta":{"_acf_changed":false,"footnotes":""},"class_list":["post-393","page","type-page","status-publish","hentry"],"acf":[],"yoast_head":"<!-- This site is optimized with the Yoast SEO plugin v27.1.1 - https:\/\/yoast.com\/product\/yoast-seo-wordpress\/ -->\n<title>Hakukoneita ja tietokantoja - Tiedonhakijan opas \/\/ UEF-kirjasto<\/title>\n<meta name=\"description\" content=\"Mist\u00e4 hakea tutkittua tietoa? T\u00e4m\u00e4 osio opastaa kotimaisten ja kansainv\u00e4listen tietokantojen k\u00e4ytt\u00f6\u00f6n. Kaikille avoin Google Scholar on my\u00f6s hy\u00f6dyllinen hakuv\u00e4line.\" \/>\n<meta name=\"robots\" content=\"index, follow, max-snippet:-1, max-image-preview:large, max-video-preview:-1\" \/>\n<link rel=\"canonical\" href=\"https:\/\/sites.uef.fi\/tiedonhaku-kirjasto\/hakukoneita-ja-tietokantoja\/\" \/>\n<meta property=\"og:locale\" content=\"fi_FI\" \/>\n<meta property=\"og:type\" content=\"article\" \/>\n<meta property=\"og:title\" content=\"Hakukoneita ja tietokantoja - Tiedonhakijan opas \/\/ UEF-kirjasto\" \/>\n<meta property=\"og:description\" content=\"Mist\u00e4 hakea tutkittua tietoa? T\u00e4m\u00e4 osio opastaa kotimaisten ja kansainv\u00e4listen tietokantojen k\u00e4ytt\u00f6\u00f6n. Kaikille avoin Google Scholar on my\u00f6s hy\u00f6dyllinen hakuv\u00e4line.\" \/>\n<meta property=\"og:url\" content=\"https:\/\/sites.uef.fi\/tiedonhaku-kirjasto\/hakukoneita-ja-tietokantoja\/\" \/>\n<meta property=\"og:site_name\" content=\"Tiedonhakijan opas \/\/ UEF-kirjasto\" \/>\n<meta property=\"article:modified_time\" content=\"2025-05-27T08:52:53+00:00\" \/>\n<meta name=\"twitter:card\" content=\"summary_large_image\" \/>\n<meta name=\"twitter:label1\" content=\"Arvioitu lukuaika\" \/>\n\t<meta name=\"twitter:data1\" content=\"2 minuuttia\" \/>\n<script type=\"application\/ld+json\" class=\"yoast-schema-graph\">{\"@context\":\"https:\/\/schema.org\",\"@graph\":[{\"@type\":\"WebPage\",\"@id\":\"https:\/\/sites.uef.fi\/tiedonhaku-kirjasto\/hakukoneita-ja-tietokantoja\/\",\"url\":\"https:\/\/sites.uef.fi\/tiedonhaku-kirjasto\/hakukoneita-ja-tietokantoja\/\",\"name\":\"Hakukoneita ja tietokantoja - Tiedonhakijan opas \/\/ UEF-kirjasto\",\"isPartOf\":{\"@id\":\"https:\/\/sites.uef.fi\/tiedonhaku-kirjasto\/#website\"},\"datePublished\":\"2022-08-22T12:58:34+00:00\",\"dateModified\":\"2025-05-27T08:52:53+00:00\",\"description\":\"Mist\u00e4 hakea tutkittua tietoa? T\u00e4m\u00e4 osio opastaa kotimaisten ja kansainv\u00e4listen tietokantojen k\u00e4ytt\u00f6\u00f6n. Kaikille avoin Google Scholar on my\u00f6s hy\u00f6dyllinen hakuv\u00e4line.\",\"breadcrumb\":{\"@id\":\"https:\/\/sites.uef.fi\/tiedonhaku-kirjasto\/hakukoneita-ja-tietokantoja\/#breadcrumb\"},\"inLanguage\":\"fi\",\"potentialAction\":[{\"@type\":\"ReadAction\",\"target\":[\"https:\/\/sites.uef.fi\/tiedonhaku-kirjasto\/hakukoneita-ja-tietokantoja\/\"]}]},{\"@type\":\"BreadcrumbList\",\"@id\":\"https:\/\/sites.uef.fi\/tiedonhaku-kirjasto\/hakukoneita-ja-tietokantoja\/#breadcrumb\",\"itemListElement\":[{\"@type\":\"ListItem\",\"position\":1,\"name\":\"Home\",\"item\":\"https:\/\/sites.uef.fi\/tiedonhaku-kirjasto\/\"},{\"@type\":\"ListItem\",\"position\":2,\"name\":\"Hakukoneita ja tietokantoja\"}]},{\"@type\":\"WebSite\",\"@id\":\"https:\/\/sites.uef.fi\/tiedonhaku-kirjasto\/#website\",\"url\":\"https:\/\/sites.uef.fi\/tiedonhaku-kirjasto\/\",\"name\":\"Tiedonhakijan opas \/\/ UEF-kirjasto\",\"description\":\"\",\"potentialAction\":[{\"@type\":\"SearchAction\",\"target\":{\"@type\":\"EntryPoint\",\"urlTemplate\":\"https:\/\/sites.uef.fi\/tiedonhaku-kirjasto\/?s={search_term_string}\"},\"query-input\":{\"@type\":\"PropertyValueSpecification\",\"valueRequired\":true,\"valueName\":\"search_term_string\"}}],\"inLanguage\":\"fi\"}]}<\/script>\n<!-- \/ Yoast SEO plugin. -->","yoast_head_json":{"title":"Hakukoneita ja tietokantoja - Tiedonhakijan opas \/\/ UEF-kirjasto","description":"Mist\u00e4 hakea tutkittua tietoa? T\u00e4m\u00e4 osio opastaa kotimaisten ja kansainv\u00e4listen tietokantojen k\u00e4ytt\u00f6\u00f6n. Kaikille avoin Google Scholar on my\u00f6s hy\u00f6dyllinen hakuv\u00e4line.","robots":{"index":"index","follow":"follow","max-snippet":"max-snippet:-1","max-image-preview":"max-image-preview:large","max-video-preview":"max-video-preview:-1"},"canonical":"https:\/\/sites.uef.fi\/tiedonhaku-kirjasto\/hakukoneita-ja-tietokantoja\/","og_locale":"fi_FI","og_type":"article","og_title":"Hakukoneita ja tietokantoja - Tiedonhakijan opas \/\/ UEF-kirjasto","og_description":"Mist\u00e4 hakea tutkittua tietoa? T\u00e4m\u00e4 osio opastaa kotimaisten ja kansainv\u00e4listen tietokantojen k\u00e4ytt\u00f6\u00f6n. Kaikille avoin Google Scholar on my\u00f6s hy\u00f6dyllinen hakuv\u00e4line.","og_url":"https:\/\/sites.uef.fi\/tiedonhaku-kirjasto\/hakukoneita-ja-tietokantoja\/","og_site_name":"Tiedonhakijan opas \/\/ UEF-kirjasto","article_modified_time":"2025-05-27T08:52:53+00:00","twitter_card":"summary_large_image","twitter_misc":{"Arvioitu lukuaika":"2 minuuttia"},"schema":{"@context":"https:\/\/schema.org","@graph":[{"@type":"WebPage","@id":"https:\/\/sites.uef.fi\/tiedonhaku-kirjasto\/hakukoneita-ja-tietokantoja\/","url":"https:\/\/sites.uef.fi\/tiedonhaku-kirjasto\/hakukoneita-ja-tietokantoja\/","name":"Hakukoneita ja tietokantoja - Tiedonhakijan opas \/\/ UEF-kirjasto","isPartOf":{"@id":"https:\/\/sites.uef.fi\/tiedonhaku-kirjasto\/#website"},"datePublished":"2022-08-22T12:58:34+00:00","dateModified":"2025-05-27T08:52:53+00:00","description":"Mist\u00e4 hakea tutkittua tietoa? T\u00e4m\u00e4 osio opastaa kotimaisten ja kansainv\u00e4listen tietokantojen k\u00e4ytt\u00f6\u00f6n. Kaikille avoin Google Scholar on my\u00f6s hy\u00f6dyllinen hakuv\u00e4line.","breadcrumb":{"@id":"https:\/\/sites.uef.fi\/tiedonhaku-kirjasto\/hakukoneita-ja-tietokantoja\/#breadcrumb"},"inLanguage":"fi","potentialAction":[{"@type":"ReadAction","target":["https:\/\/sites.uef.fi\/tiedonhaku-kirjasto\/hakukoneita-ja-tietokantoja\/"]}]},{"@type":"BreadcrumbList","@id":"https:\/\/sites.uef.fi\/tiedonhaku-kirjasto\/hakukoneita-ja-tietokantoja\/#breadcrumb","itemListElement":[{"@type":"ListItem","position":1,"name":"Home","item":"https:\/\/sites.uef.fi\/tiedonhaku-kirjasto\/"},{"@type":"ListItem","position":2,"name":"Hakukoneita ja tietokantoja"}]},{"@type":"WebSite","@id":"https:\/\/sites.uef.fi\/tiedonhaku-kirjasto\/#website","url":"https:\/\/sites.uef.fi\/tiedonhaku-kirjasto\/","name":"Tiedonhakijan opas \/\/ UEF-kirjasto","description":"","potentialAction":[{"@type":"SearchAction","target":{"@type":"EntryPoint","urlTemplate":"https:\/\/sites.uef.fi\/tiedonhaku-kirjasto\/?s={search_term_string}"},"query-input":{"@type":"PropertyValueSpecification","valueRequired":true,"valueName":"search_term_string"}}],"inLanguage":"fi"}]}},"_links":{"self":[{"href":"https:\/\/sites.uef.fi\/tiedonhaku-kirjasto\/wp-json\/wp\/v2\/pages\/393","targetHints":{"allow":["GET"]}}],"collection":[{"href":"https:\/\/sites.uef.fi\/tiedonhaku-kirjasto\/wp-json\/wp\/v2\/pages"}],"about":[{"href":"https:\/\/sites.uef.fi\/tiedonhaku-kirjasto\/wp-json\/wp\/v2\/types\/page"}],"author":[{"embeddable":true,"href":"https:\/\/sites.uef.fi\/tiedonhaku-kirjasto\/wp-json\/wp\/v2\/users\/842"}],"replies":[{"embeddable":true,"href":"https:\/\/sites.uef.fi\/tiedonhaku-kirjasto\/wp-json\/wp\/v2\/comments?post=393"}],"version-history":[{"count":1,"href":"https:\/\/sites.uef.fi\/tiedonhaku-kirjasto\/wp-json\/wp\/v2\/pages\/393\/revisions"}],"predecessor-version":[{"id":11389,"href":"https:\/\/sites.uef.fi\/tiedonhaku-kirjasto\/wp-json\/wp\/v2\/pages\/393\/revisions\/11389"}],"wp:attachment":[{"href":"https:\/\/sites.uef.fi\/tiedonhaku-kirjasto\/wp-json\/wp\/v2\/media?parent=393"}],"curies":[{"name":"wp","href":"https:\/\/api.w.org\/{rel}","templated":true}]}}