{"id":402,"date":"2022-08-22T13:00:37","date_gmt":"2022-08-22T13:00:37","guid":{"rendered":"https:\/\/sites.uef.fi\/tiedonhaku-kirjasto\/?page_id=402"},"modified":"2023-10-03T14:35:32","modified_gmt":"2023-10-03T11:35:32","slug":"julkaisun-luotettavuuden-ja-tieteellisen-tason-arviointi","status":"publish","type":"page","link":"https:\/\/sites.uef.fi\/tiedonhaku-kirjasto\/julkaisun-luotettavuuden-ja-tieteellisen-tason-arviointi\/","title":{"rendered":"Julkaisun luotettavuuden ja tieteellisen tason arviointi"},"content":{"rendered":"\n<h2 class=\"wp-block-heading\">Verkkol\u00e4hteist\u00e4 arvioidaan esitetty\u00e4 tietoa ja julkaisijaa&nbsp;<\/h2>\n\n\n\n<p>Internet-haku tuottaa hakutuloksia laidasta laitaan. Monetkaan niist\u00e4 eiv\u00e4t ole tieteellisesti luotettavaa aineistoa, vaikka ensi n\u00e4kem\u00e4lt\u00e4 n\u00e4ytt\u00e4isiv\u00e4tkin silt\u00e4.<\/p>\n\n\n\n<p>Luotettavuutta arvioitaessa t\u00e4rkeint\u00e4 on selvitt\u00e4\u00e4:<\/p>\n\n\n\n<ul class=\"wp-block-list\">\n<li>Tekij\u00e4 tai tekij\u00e4t: onko kirjoittaja alallaan arvostettu tutkija tai tekstin tuottanut yhteis\u00f6 tieteellisesti tasokkaana pidetty?<\/li>\n\n\n\n<li>Julkaisija: mik\u00e4 on tekij\u00e4n taustaorganisaatio, mik\u00e4 on julkaisukanavan kuten lehden tieteellinen taso?<\/li>\n\n\n\n<li>Julkaisutyyppi: onko kyseess\u00e4 tieteellisess\u00e4 lehdess\u00e4 julkaistu artikkeli tai tieteellisen kustantamon julkaisema monografia tai kokoomateos?<\/li>\n<\/ul>\n\n\n\n<p>Luotettavia internet-l\u00e4hteit\u00e4 ovat tunnetut asiantuntijaorganisaatiot, alalla maineikkaat ja luottamusta nauttivat instituutit tai yritykset ja tieteellisen asiantuntijatarkastuksen (ks. <a href=\"https:\/\/sites.uef.fi\/tiedonhaku-kirjasto\/kirjastosanasto\/#vertaisarviointi\">Kirjastosanasto: vertaisarviointi<\/a>) l\u00e4pik\u00e4yneet aineistot, kuten tieteelliset verkkolehdet ja niiden artikkelit. <\/p>\n\n\n\n<p>Opinn\u00e4ytteit\u00e4 kuten pro gradu -t\u00f6it\u00e4 ja amk-lopput\u00f6it\u00e4 ei yleens\u00e4 pidet\u00e4 siteerauskelpoisina l\u00e4htein\u00e4, lukuun ottamatta lisensiaatint\u00f6it\u00e4 ja v\u00e4it\u00f6skirjoja. T\u00e4m\u00e4 kuitenkin vaihtelee aloittain \u2014 oman tieteenalan k\u00e4yt\u00e4nn\u00f6t kannattaa varmistaa opinn\u00e4ytety\u00f6n ohjaajalta, tutkimusseminaareista tai erillisist\u00e4 ohjeista, mik\u00e4li sellaisia on saatavana.<\/p>\n\n\n\n<p>Luotettavuus ja objektiivisuus:<\/p>\n\n\n\n<ul class=\"wp-block-list\">\n<li>Kuinka luotettavaa ja virheet\u00f6nt\u00e4 esitetty informaatio on? Tukeeko muualta l\u00f6ytynyt materiaali (kurssikirjat, lehdet) sit\u00e4?<strong><\/strong><\/li>\n\n\n\n<li>Onko aineisto toimitettua ja arvioitua? Onko sivulla mainittu l\u00e4hteit\u00e4, joihin esitetty tieto perustuu?<\/li>\n\n\n\n<li>Mik\u00e4 on sivun julkaisemisen motivaatio? (Kaupalliset, ideologiset tms. vaikutteet)<\/li>\n\n\n\n<li>Onko informaatio puolueetonta vai vaikuttamaan pyrkiv\u00e4\u00e4 propagandaa?<\/li>\n<\/ul>\n\n\n\n<p>Ajantasaisuus ja pysyvyys:<\/p>\n\n\n\n<ul class=\"wp-block-list\">\n<li>Onko julkaisun sis\u00e4lt\u00f6 ajantasaista?<\/li>\n\n\n\n<li>L\u00f6ytyyk\u00f6 aineistosta julkaisup\u00e4iv\u00e4m\u00e4\u00e4r\u00e4\u00e4 tai viimeist\u00e4 p\u00e4ivitysp\u00e4iv\u00e4m\u00e4\u00e4r\u00e4\u00e4?<\/li>\n\n\n\n<li>Onko www-palvelun aineisto pysyv\u00e4\u00e4 vai muuttuvaa?<\/li>\n\n\n\n<li>Toimivatko sivulla olevat linkit?<\/li>\n<\/ul>\n\n\n\n<h2 class=\"wp-block-heading\">Lehtien ja lehtiartikkelien arvioinnissa kiinnitet\u00e4\u00e4n huomiota vertaisarviointiin<\/h2>\n\n\n\n<p>Tiedon lehtien vertaisarvioinnista voi tarkistaa:<\/p>\n\n\n\n<ul class=\"wp-block-list\">\n<li>lehden omalta (julkaisijan) kotisivulta \/ lehdest\u00e4 itsest\u00e4\u00e4n \u2014 tarjolla on tosin runsaasti huijarilehti\u00e4, joiden kotisivuilla annetaan v\u00e4\u00e4r\u00e4\u00e4 tai harhaanjohtavaa tietoa<\/li>\n\n\n\n<li>joissakin tietokannoissa mainitaan, onko lehti \u201dpeer reviewed\u201d tai \u201crefereed\u201d<\/li>\n\n\n\n<li>tietokannoissa on mahdollista rajata hakua vain tieteellisiin lehtiin<\/li>\n\n\n\n<li>onko lehdell\u00e4 Impact Factor -tunnusluku (ks. <a href=\"https:\/\/sites.uef.fi\/tiedonhaku-kirjasto\/kirjastosanasto\/#impact-factor\">Kirjastosanasto: Impact Factor<\/a>) \u2014 lis\u00e4tietoa Impact Factorista ja Journal Citation Reports:ta l\u00f6ytyy esimerkiksi <a href=\"https:\/\/www.uef.fi\/fi\/kirjasto\/tutkimuksen-arviointi\">UEF-kirjaston Tutkimuksen arviointi -verkkosivuilta<\/a><\/li>\n<\/ul>\n\n\n\n<p>Julkaisufoorumi (JUFO) on kaikki tieteenalat kattava tasoluokitus erityyppisille julkaisukanaville (tieteellisille lehdille, konferensseille ja kirjakustantajille). Luokituksessa on kolme tasoa. Jo taso 1 t\u00e4ytt\u00e4\u00e4 vertaisarviointi- \/ tieteellisyyskriteerin. Lehti\u00e4 rankataan my\u00f6s artikkeleiden viittausm\u00e4\u00e4rien mukaan (impact factors). <a href=\"https:\/\/www.tsv.fi\/julkaisufoorumi\/haku.php\">Tutustu Julkaisufoorumin julkaisukanavahakuun.<\/a><\/p>\n\n\n\n<p>Kannattaa kuitenkin muistaa, ett\u00e4 tieteellisiss\u00e4 lehdiss\u00e4 julkaistaan my\u00f6s artikkeleita, joita ei ole vertaisarvioitu. N\u00e4it\u00e4 ovat esim. p\u00e4\u00e4kirjoitukset, uutiset, kirja-arvostelut ja artikkeleita kommentoivat kirjoitukset.<\/p>\n\n\n\n<h2 class=\"wp-block-heading\">Kirjojen arvioinnissa tarkastellaan useita osa-alueita<\/h2>\n\n\n\n<p>Kirjojen laaduntarkkailu on kustantajien, kustannustoimittajien ja n\u00e4iden k\u00e4ytt\u00e4mien asiantuntijoiden vastuulla. Julkaisufoorumista voit hakea my\u00f6s kustantajan\/julkaisijan tieteellisyytt\u00e4. Tieteellisi\u00e4 kustantajia ovat mm. tieteelliset kaupalliset kustantajat, yliopistot, kotimaiset ja ulkomaiset tieteelliset seurat ja tietyt tutkimuslaitokset.<\/p>\n\n\n\n<p>Useilla aloilla julkaistaan paljon my\u00f6s alan ammattilaisille, yrityksille ja viranomaisille. Julkaisut eiv\u00e4t useinkaan t\u00e4yt\u00e4 tieteellisyyden kriteereit\u00e4. Ministeri\u00f6t, kunnat sek\u00e4 erilaiset j\u00e4rjest\u00f6t, seurat ja liitot julkaisevat selvitys- tai raporttityyppist\u00e4 kirjallisuutta ja my\u00f6s ammattilehdiss\u00e4 julkaistaan artikkeleita.<\/p>\n\n\n\n<p>Yleens\u00e4 neuvotaan suhtautumaan kriittisesti ammattilehtiin ja j\u00e4rjest\u00f6jen julkaisuihin, sanomalehtiin, hallinnon selvityksiin, pro gradu -t\u00f6ihin ja amk-opinn\u00e4ytet\u00f6ihin ja kirjallisuuteen, jossa ei ole laadukasta sis\u00e4llysluetteloa.<\/p>\n\n\n\n<div class=\"links-block\">\n\n            <h3>Seuraavaksi<\/h3>\n    \n    <ul class=\"link-list\">\n        \n            \n            <li class=\"link-list-item\">\n                <a href=\"https:\/\/sites.uef.fi\/tiedonhaku-kirjasto\/tutkimusaineiston-hallinta\/\" class=\"link-reset link hover-scale-down\">\n                    <svg\n        width=\"43\" height=\"25\"\n        viewBox=\"0 0 43 25\"\n        xmlns=\"http:\/\/www.w3.org\/2000\/svg\">\n    <path\n        d=\"M30.027 0 43 12.5 30.027 25 27 22.083 34.351 15H0v-5h34.351L27 2.917z\"\n        fill=\"currentColor\"\n        fill-rule=\"evenodd\"\/>\n<\/svg>                    <div>Tutkimusaineistonhallinta<\/div>\n                <\/a>\n                <div class=\"link-info\">\n                                    <\/div>\n            <\/li>\n\n                <\/ul>\n<\/div>","protected":false},"excerpt":{"rendered":"<p>Verkkol\u00e4hteist\u00e4 arvioidaan esitetty\u00e4 tietoa ja julkaisijaa&nbsp; Internet-haku tuottaa hakutuloksia laidasta laitaan. Monetkaan niist\u00e4 eiv\u00e4t ole tieteellisesti luotettavaa aineistoa, vaikka ensi n\u00e4kem\u00e4lt\u00e4 n\u00e4ytt\u00e4isiv\u00e4tkin silt\u00e4. Luotettavuutta arvioitaessa t\u00e4rkeint\u00e4 on selvitt\u00e4\u00e4: Luotettavia internet-l\u00e4hteit\u00e4 ovat tunnetut asiantuntijaorganisaatiot, alalla maineikkaat ja luottamusta nauttivat instituutit tai yritykset ja tieteellisen asiantuntijatarkastuksen (ks. Kirjastosanasto: vertaisarviointi) l\u00e4pik\u00e4yneet aineistot, kuten tieteelliset verkkolehdet ja niiden artikkelit. [&hellip;]<\/p>\n","protected":false},"author":842,"featured_media":0,"parent":0,"menu_order":0,"comment_status":"closed","ping_status":"closed","template":"","meta":{"_acf_changed":false,"footnotes":""},"class_list":["post-402","page","type-page","status-publish","hentry"],"acf":[],"yoast_head":"<!-- This site is optimized with the Yoast SEO plugin v27.1.1 - https:\/\/yoast.com\/product\/yoast-seo-wordpress\/ -->\n<title>Julkaisun luotettavuuden ja tieteellisen tason arviointi - Tiedonhakijan opas \/\/ UEF-kirjasto<\/title>\n<meta name=\"description\" content=\"Internet-haut tuottavat tuloksia laidasta laitaan. T\u00e4st\u00e4 saat ohjeita, miten arvioit l\u00f6yt\u00e4miesi julkaisujen luotettavuutta ja tieteellisyytt\u00e4.\" \/>\n<meta name=\"robots\" content=\"index, follow, max-snippet:-1, max-image-preview:large, max-video-preview:-1\" \/>\n<link rel=\"canonical\" href=\"https:\/\/sites.uef.fi\/tiedonhaku-kirjasto\/julkaisun-luotettavuuden-ja-tieteellisen-tason-arviointi\/\" \/>\n<meta property=\"og:locale\" content=\"fi_FI\" \/>\n<meta property=\"og:type\" content=\"article\" \/>\n<meta property=\"og:title\" content=\"Julkaisun luotettavuuden ja tieteellisen tason arviointi - Tiedonhakijan opas \/\/ UEF-kirjasto\" \/>\n<meta property=\"og:description\" content=\"Internet-haut tuottavat tuloksia laidasta laitaan. T\u00e4st\u00e4 saat ohjeita, miten arvioit l\u00f6yt\u00e4miesi julkaisujen luotettavuutta ja tieteellisyytt\u00e4.\" \/>\n<meta property=\"og:url\" content=\"https:\/\/sites.uef.fi\/tiedonhaku-kirjasto\/julkaisun-luotettavuuden-ja-tieteellisen-tason-arviointi\/\" \/>\n<meta property=\"og:site_name\" content=\"Tiedonhakijan opas \/\/ UEF-kirjasto\" \/>\n<meta property=\"article:modified_time\" content=\"2023-10-03T11:35:32+00:00\" \/>\n<meta name=\"twitter:card\" content=\"summary_large_image\" \/>\n<meta name=\"twitter:label1\" content=\"Arvioitu lukuaika\" \/>\n\t<meta name=\"twitter:data1\" content=\"3 minuuttia\" \/>\n<script type=\"application\/ld+json\" class=\"yoast-schema-graph\">{\"@context\":\"https:\/\/schema.org\",\"@graph\":[{\"@type\":\"WebPage\",\"@id\":\"https:\/\/sites.uef.fi\/tiedonhaku-kirjasto\/julkaisun-luotettavuuden-ja-tieteellisen-tason-arviointi\/\",\"url\":\"https:\/\/sites.uef.fi\/tiedonhaku-kirjasto\/julkaisun-luotettavuuden-ja-tieteellisen-tason-arviointi\/\",\"name\":\"Julkaisun luotettavuuden ja tieteellisen tason arviointi - Tiedonhakijan opas \/\/ UEF-kirjasto\",\"isPartOf\":{\"@id\":\"https:\/\/sites.uef.fi\/tiedonhaku-kirjasto\/#website\"},\"datePublished\":\"2022-08-22T13:00:37+00:00\",\"dateModified\":\"2023-10-03T11:35:32+00:00\",\"description\":\"Internet-haut tuottavat tuloksia laidasta laitaan. T\u00e4st\u00e4 saat ohjeita, miten arvioit l\u00f6yt\u00e4miesi julkaisujen luotettavuutta ja tieteellisyytt\u00e4.\",\"breadcrumb\":{\"@id\":\"https:\/\/sites.uef.fi\/tiedonhaku-kirjasto\/julkaisun-luotettavuuden-ja-tieteellisen-tason-arviointi\/#breadcrumb\"},\"inLanguage\":\"fi\",\"potentialAction\":[{\"@type\":\"ReadAction\",\"target\":[\"https:\/\/sites.uef.fi\/tiedonhaku-kirjasto\/julkaisun-luotettavuuden-ja-tieteellisen-tason-arviointi\/\"]}]},{\"@type\":\"BreadcrumbList\",\"@id\":\"https:\/\/sites.uef.fi\/tiedonhaku-kirjasto\/julkaisun-luotettavuuden-ja-tieteellisen-tason-arviointi\/#breadcrumb\",\"itemListElement\":[{\"@type\":\"ListItem\",\"position\":1,\"name\":\"Home\",\"item\":\"https:\/\/sites.uef.fi\/tiedonhaku-kirjasto\/\"},{\"@type\":\"ListItem\",\"position\":2,\"name\":\"Julkaisun luotettavuuden ja tieteellisen tason arviointi\"}]},{\"@type\":\"WebSite\",\"@id\":\"https:\/\/sites.uef.fi\/tiedonhaku-kirjasto\/#website\",\"url\":\"https:\/\/sites.uef.fi\/tiedonhaku-kirjasto\/\",\"name\":\"Tiedonhakijan opas \/\/ UEF-kirjasto\",\"description\":\"\",\"potentialAction\":[{\"@type\":\"SearchAction\",\"target\":{\"@type\":\"EntryPoint\",\"urlTemplate\":\"https:\/\/sites.uef.fi\/tiedonhaku-kirjasto\/?s={search_term_string}\"},\"query-input\":{\"@type\":\"PropertyValueSpecification\",\"valueRequired\":true,\"valueName\":\"search_term_string\"}}],\"inLanguage\":\"fi\"}]}<\/script>\n<!-- \/ Yoast SEO plugin. -->","yoast_head_json":{"title":"Julkaisun luotettavuuden ja tieteellisen tason arviointi - Tiedonhakijan opas \/\/ UEF-kirjasto","description":"Internet-haut tuottavat tuloksia laidasta laitaan. T\u00e4st\u00e4 saat ohjeita, miten arvioit l\u00f6yt\u00e4miesi julkaisujen luotettavuutta ja tieteellisyytt\u00e4.","robots":{"index":"index","follow":"follow","max-snippet":"max-snippet:-1","max-image-preview":"max-image-preview:large","max-video-preview":"max-video-preview:-1"},"canonical":"https:\/\/sites.uef.fi\/tiedonhaku-kirjasto\/julkaisun-luotettavuuden-ja-tieteellisen-tason-arviointi\/","og_locale":"fi_FI","og_type":"article","og_title":"Julkaisun luotettavuuden ja tieteellisen tason arviointi - Tiedonhakijan opas \/\/ UEF-kirjasto","og_description":"Internet-haut tuottavat tuloksia laidasta laitaan. T\u00e4st\u00e4 saat ohjeita, miten arvioit l\u00f6yt\u00e4miesi julkaisujen luotettavuutta ja tieteellisyytt\u00e4.","og_url":"https:\/\/sites.uef.fi\/tiedonhaku-kirjasto\/julkaisun-luotettavuuden-ja-tieteellisen-tason-arviointi\/","og_site_name":"Tiedonhakijan opas \/\/ UEF-kirjasto","article_modified_time":"2023-10-03T11:35:32+00:00","twitter_card":"summary_large_image","twitter_misc":{"Arvioitu lukuaika":"3 minuuttia"},"schema":{"@context":"https:\/\/schema.org","@graph":[{"@type":"WebPage","@id":"https:\/\/sites.uef.fi\/tiedonhaku-kirjasto\/julkaisun-luotettavuuden-ja-tieteellisen-tason-arviointi\/","url":"https:\/\/sites.uef.fi\/tiedonhaku-kirjasto\/julkaisun-luotettavuuden-ja-tieteellisen-tason-arviointi\/","name":"Julkaisun luotettavuuden ja tieteellisen tason arviointi - Tiedonhakijan opas \/\/ UEF-kirjasto","isPartOf":{"@id":"https:\/\/sites.uef.fi\/tiedonhaku-kirjasto\/#website"},"datePublished":"2022-08-22T13:00:37+00:00","dateModified":"2023-10-03T11:35:32+00:00","description":"Internet-haut tuottavat tuloksia laidasta laitaan. T\u00e4st\u00e4 saat ohjeita, miten arvioit l\u00f6yt\u00e4miesi julkaisujen luotettavuutta ja tieteellisyytt\u00e4.","breadcrumb":{"@id":"https:\/\/sites.uef.fi\/tiedonhaku-kirjasto\/julkaisun-luotettavuuden-ja-tieteellisen-tason-arviointi\/#breadcrumb"},"inLanguage":"fi","potentialAction":[{"@type":"ReadAction","target":["https:\/\/sites.uef.fi\/tiedonhaku-kirjasto\/julkaisun-luotettavuuden-ja-tieteellisen-tason-arviointi\/"]}]},{"@type":"BreadcrumbList","@id":"https:\/\/sites.uef.fi\/tiedonhaku-kirjasto\/julkaisun-luotettavuuden-ja-tieteellisen-tason-arviointi\/#breadcrumb","itemListElement":[{"@type":"ListItem","position":1,"name":"Home","item":"https:\/\/sites.uef.fi\/tiedonhaku-kirjasto\/"},{"@type":"ListItem","position":2,"name":"Julkaisun luotettavuuden ja tieteellisen tason arviointi"}]},{"@type":"WebSite","@id":"https:\/\/sites.uef.fi\/tiedonhaku-kirjasto\/#website","url":"https:\/\/sites.uef.fi\/tiedonhaku-kirjasto\/","name":"Tiedonhakijan opas \/\/ UEF-kirjasto","description":"","potentialAction":[{"@type":"SearchAction","target":{"@type":"EntryPoint","urlTemplate":"https:\/\/sites.uef.fi\/tiedonhaku-kirjasto\/?s={search_term_string}"},"query-input":{"@type":"PropertyValueSpecification","valueRequired":true,"valueName":"search_term_string"}}],"inLanguage":"fi"}]}},"_links":{"self":[{"href":"https:\/\/sites.uef.fi\/tiedonhaku-kirjasto\/wp-json\/wp\/v2\/pages\/402","targetHints":{"allow":["GET"]}}],"collection":[{"href":"https:\/\/sites.uef.fi\/tiedonhaku-kirjasto\/wp-json\/wp\/v2\/pages"}],"about":[{"href":"https:\/\/sites.uef.fi\/tiedonhaku-kirjasto\/wp-json\/wp\/v2\/types\/page"}],"author":[{"embeddable":true,"href":"https:\/\/sites.uef.fi\/tiedonhaku-kirjasto\/wp-json\/wp\/v2\/users\/842"}],"replies":[{"embeddable":true,"href":"https:\/\/sites.uef.fi\/tiedonhaku-kirjasto\/wp-json\/wp\/v2\/comments?post=402"}],"version-history":[{"count":2,"href":"https:\/\/sites.uef.fi\/tiedonhaku-kirjasto\/wp-json\/wp\/v2\/pages\/402\/revisions"}],"predecessor-version":[{"id":10116,"href":"https:\/\/sites.uef.fi\/tiedonhaku-kirjasto\/wp-json\/wp\/v2\/pages\/402\/revisions\/10116"}],"wp:attachment":[{"href":"https:\/\/sites.uef.fi\/tiedonhaku-kirjasto\/wp-json\/wp\/v2\/media?parent=402"}],"curies":[{"name":"wp","href":"https:\/\/api.w.org\/{rel}","templated":true}]}}