{"id":431,"date":"2022-08-23T10:25:41","date_gmt":"2022-08-23T10:25:41","guid":{"rendered":"https:\/\/sites.uef.fi\/tiedonhaku-kirjasto\/?page_id=431"},"modified":"2023-10-09T12:20:21","modified_gmt":"2023-10-09T09:20:21","slug":"aiheesta-hakukysymykseksi","status":"publish","type":"page","link":"https:\/\/sites.uef.fi\/tiedonhaku-kirjasto\/aiheesta-hakukysymykseksi\/","title":{"rendered":"Aiheesta hakukysymykseksi"},"content":{"rendered":"\n<p>Tiedonhaun taustalla on aina jokin tarve tiedolle. Tieteellisen tiedon hakija voi olla kiinnostunut vaikkapa aiemmin tehtyjen julkaisujen tuloksista, menetelmist\u00e4, toteamuksista tai viitteist\u00e4.\u00a0<br><br>Hakuaihe m\u00e4\u00e4r\u00e4ytyy\u00a0tiedontarpeesta, kuten esimerkiksi opinn\u00e4ytety\u00f6n tutkimuskysymyksest\u00e4. Hakukysymys voi puolestaan olla jokin rajattu osa tutkimuskysymyksest\u00e4. Erityisesti laajemmissa opinn\u00e4ytet\u00f6iss\u00e4 tiedonhakuprosessi helpottuu, jos tutkimuskysymyst\u00e4 voi pilkkoa pienempiin osiin hakukysymysten avulla.<br><br>Hakuaiheesta johdetaan hakukysymys ja sen keskeiset k\u00e4sitteet. Hakukysymys on se kysymys tai joukko kysymyksi\u00e4, johon etsit\u00e4\u00e4n vastausta tieteellisist\u00e4 julkaisuista eli kirjallisuudesta. K\u00e4sitteiden m\u00e4\u00e4rittely taas on t\u00e4rke\u00e4\u00e4 tiedonhaku- ja tutkimusprosessin sek\u00e4 kirjoittamisen kannalta.<\/p>\n\n\n\t<div id=\"accordion-block_2e9dc5b749ac8278ce7224ee697d52b1\" class=\"accordions\">\n\t\t\t\t\t<div class=\"accordion accordion-js\">\n\t\t\t\t<button class=\"accordion__button\" aria-controls=\"content-7502\" aria-expanded=\"false\" id=\"accordion-control-7502\">\n\t\t\t\t\t<h3 class=\"accordion__heading\" >\n\t\t\t\t\t\tEsimerkkej\u00e4 hakukysymyksist\u00e4\t\t\t\t\t<\/h3>\n\t\t\t\t<\/button>\n\t\t\t\t<div class=\"accordion__content\" role=\"region\" aria-labelledby=\"accordion-control-7502\" aria-hidden=\"true\" id=\"content-7502\">\n\t\t\t\t\t<p>Aihe: Ty\u00f6tt\u00f6myysjaksojen merkitys el\u00e4m\u00e4nkulussa pohjoiskarjalaisten nuorten kokemana.<\/p>\n<p>Hakukysymyksi\u00e4 kirjallisuuden hankkimista varten:<\/p>\n<ul>\n<li>Millaisia asioita liittyy nuoruuteen el\u00e4m\u00e4nkulussa?<\/li>\n<li>Mist\u00e4 nuorten ty\u00f6tt\u00f6myys johtuu?<\/li>\n<li>Millaisia ovat nuorten ty\u00f6tt\u00f6myysjaksot?<\/li>\n<li>Millaisia ovat ty\u00f6tt\u00f6m\u00e4t nuoret?<\/li>\n<li>Miten ty\u00f6tt\u00f6myysjaksot sijoittuvat nuorten el\u00e4m\u00e4nkulkuun? Ent\u00e4 yleens\u00e4?<\/li>\n<li>Miten nuorten ty\u00f6tt\u00f6myysjaksot vaikuttavat heid\u00e4n tulevaisuuteensa?<\/li>\n<li>Millaisia tunteita (nuoret) kokevat ty\u00f6tt\u00f6myyteen liittyen?<\/li>\n<li>Miten ty\u00f6tt\u00f6myys vaikuttaa toimintakykyyn?<\/li>\n<\/ul>\n\t\t\t\t<\/div>\n\t\t\t<\/div>\n\t\t\t<\/div>\n\t\n\n\n<h2 class=\"wp-block-heading\">K\u00e4sitteit\u00e4 tarvitaan j\u00e4sentelyyn ja luokitteluun<\/h2>\n\n\n\n<p>K\u00e4sitteiden avulla j\u00e4sennet\u00e4\u00e4n ja luokitellaan hakuaihetta.&nbsp;K\u00e4sitteit\u00e4 voi siis olla mukana suunnittelussa, ideoinnissa ja lopulta my\u00f6s hakulauseessa yksi tai useampia.<\/p>\n\n\n\n<p>Hakuaiheesta voidaan esimerkiksi erotella keskeiset k\u00e4sitteet sek\u00e4 niit\u00e4 t\u00e4ydent\u00e4v\u00e4t apuk\u00e4sitteet. Keskeisi\u00e4 k\u00e4sitteit\u00e4 ovat asian ydin, eli olennaisimmat ilmi\u00f6t. T\u00e4ydent\u00e4vill\u00e4 k\u00e4sitteill\u00e4 voidaan rajata ja m\u00e4\u00e4ritell\u00e4 hakuongelmaa tarkemmin. Hakuaiheessa tapahtuvat n\u00e4k\u00f6kulman muutokset voivat nekin tuoda tarpeen lis\u00e4t\u00e4 hakusanoja uudesta teemasta.<\/p>\n\n\n<iframe loading=\"lazy\" title=\"Esimerkinomainen infograafi ydink\u00e4sitteiden hahmottelusta.\" width=\"960\" height=\"481\" data-original-width=\"1008\" data-original-height=\"506\" src=\"https:\/\/www.thinglink.com\/card\/1623634152655945730\" type=\"text\/html\" frameborder=\"0\" webkitallowfullscreen mozallowfullscreen allowfullscreen scrolling=\"no\"><\/iframe><script async src=\"\/\/cdn.thinglink.me\/jse\/responsive.js\"><\/script><br\/><a href=\"https:\/\/app.widgets.thinglink.com\/accessibility\/1623634152655945730\" rel=\"noopener noreferrer\">Siirry t\u00e4st\u00e4 kuvan saavutettavaan versioon.<\/a>\n\n\n\n<p> <\/p>\n\n\n\n<p>K\u00e4sitteet kannattaa m\u00e4\u00e4ritell\u00e4 aluksi hyvin pelkistettyin\u00e4. T\u00e4ll\u00f6in niiden yhdistely ja monipuolinen k\u00e4ytt\u00f6 on hakuvaiheessa helpompaa.<\/p>\n\n\n\n<div class=\"links-block\">\n\n            <h3>Seuraavaksi<\/h3>\n    \n    <ul class=\"link-list\">\n        \n            \n            <li class=\"link-list-item\">\n                <a href=\"https:\/\/sites.uef.fi\/tiedonhaku-kirjasto\/miten-loydan-toimivat-hakusanat\/\" class=\"link-reset link hover-scale-down\">\n                    <svg\n        width=\"43\" height=\"25\"\n        viewBox=\"0 0 43 25\"\n        xmlns=\"http:\/\/www.w3.org\/2000\/svg\">\n    <path\n        d=\"M30.027 0 43 12.5 30.027 25 27 22.083 34.351 15H0v-5h34.351L27 2.917z\"\n        fill=\"currentColor\"\n        fill-rule=\"evenodd\"\/>\n<\/svg>                    <div>Miten l\u00f6yd\u00e4n toimivat hakusanat?<\/div>\n                <\/a>\n                <div class=\"link-info\">\n                                    <\/div>\n            <\/li>\n\n                <\/ul>\n<\/div>","protected":false},"excerpt":{"rendered":"<p>Tiedonhaun taustalla on aina jokin tarve tiedolle. Tieteellisen tiedon hakija voi olla kiinnostunut vaikkapa aiemmin tehtyjen julkaisujen tuloksista, menetelmist\u00e4, toteamuksista tai viitteist\u00e4.\u00a0 Hakuaihe m\u00e4\u00e4r\u00e4ytyy\u00a0tiedontarpeesta, kuten esimerkiksi opinn\u00e4ytety\u00f6n tutkimuskysymyksest\u00e4. Hakukysymys voi puolestaan olla jokin rajattu osa tutkimuskysymyksest\u00e4. Erityisesti laajemmissa opinn\u00e4ytet\u00f6iss\u00e4 tiedonhakuprosessi helpottuu, jos tutkimuskysymyst\u00e4 voi pilkkoa pienempiin osiin hakukysymysten avulla. Hakuaiheesta johdetaan hakukysymys ja sen keskeiset [&hellip;]<\/p>\n","protected":false},"author":842,"featured_media":0,"parent":0,"menu_order":0,"comment_status":"closed","ping_status":"closed","template":"","meta":{"_acf_changed":false,"footnotes":""},"class_list":["post-431","page","type-page","status-publish","hentry"],"acf":[],"yoast_head":"<!-- This site is optimized with the Yoast SEO plugin v27.1.1 - https:\/\/yoast.com\/product\/yoast-seo-wordpress\/ -->\n<title>Aiheesta hakukysymykseksi - Tiedonhakijan opas \/\/ UEF-kirjasto<\/title>\n<meta name=\"description\" content=\"T\u00e4m\u00e4 osio opastaa pohtimaan, milloin tarvitset vastausta tutkimuskirjallisuudesta, sek\u00e4 mille k\u00e4sitteille perustat hakusi.\" \/>\n<meta name=\"robots\" content=\"index, follow, max-snippet:-1, max-image-preview:large, max-video-preview:-1\" \/>\n<link rel=\"canonical\" href=\"https:\/\/sites.uef.fi\/tiedonhaku-kirjasto\/aiheesta-hakukysymykseksi\/\" \/>\n<meta property=\"og:locale\" content=\"fi_FI\" \/>\n<meta property=\"og:type\" content=\"article\" \/>\n<meta property=\"og:title\" content=\"Aiheesta hakukysymykseksi - Tiedonhakijan opas \/\/ UEF-kirjasto\" \/>\n<meta property=\"og:description\" content=\"T\u00e4m\u00e4 osio opastaa pohtimaan, milloin tarvitset vastausta tutkimuskirjallisuudesta, sek\u00e4 mille k\u00e4sitteille perustat hakusi.\" \/>\n<meta property=\"og:url\" content=\"https:\/\/sites.uef.fi\/tiedonhaku-kirjasto\/aiheesta-hakukysymykseksi\/\" \/>\n<meta property=\"og:site_name\" content=\"Tiedonhakijan opas \/\/ UEF-kirjasto\" \/>\n<meta property=\"article:modified_time\" content=\"2023-10-09T09:20:21+00:00\" \/>\n<meta name=\"twitter:card\" content=\"summary_large_image\" \/>\n<meta name=\"twitter:label1\" content=\"Arvioitu lukuaika\" \/>\n\t<meta name=\"twitter:data1\" content=\"2 minuuttia\" \/>\n<script type=\"application\/ld+json\" class=\"yoast-schema-graph\">{\"@context\":\"https:\/\/schema.org\",\"@graph\":[{\"@type\":\"WebPage\",\"@id\":\"https:\/\/sites.uef.fi\/tiedonhaku-kirjasto\/aiheesta-hakukysymykseksi\/\",\"url\":\"https:\/\/sites.uef.fi\/tiedonhaku-kirjasto\/aiheesta-hakukysymykseksi\/\",\"name\":\"Aiheesta hakukysymykseksi - Tiedonhakijan opas \/\/ UEF-kirjasto\",\"isPartOf\":{\"@id\":\"https:\/\/sites.uef.fi\/tiedonhaku-kirjasto\/#website\"},\"datePublished\":\"2022-08-23T10:25:41+00:00\",\"dateModified\":\"2023-10-09T09:20:21+00:00\",\"description\":\"T\u00e4m\u00e4 osio opastaa pohtimaan, milloin tarvitset vastausta tutkimuskirjallisuudesta, sek\u00e4 mille k\u00e4sitteille perustat hakusi.\",\"breadcrumb\":{\"@id\":\"https:\/\/sites.uef.fi\/tiedonhaku-kirjasto\/aiheesta-hakukysymykseksi\/#breadcrumb\"},\"inLanguage\":\"fi\",\"potentialAction\":[{\"@type\":\"ReadAction\",\"target\":[\"https:\/\/sites.uef.fi\/tiedonhaku-kirjasto\/aiheesta-hakukysymykseksi\/\"]}]},{\"@type\":\"BreadcrumbList\",\"@id\":\"https:\/\/sites.uef.fi\/tiedonhaku-kirjasto\/aiheesta-hakukysymykseksi\/#breadcrumb\",\"itemListElement\":[{\"@type\":\"ListItem\",\"position\":1,\"name\":\"Home\",\"item\":\"https:\/\/sites.uef.fi\/tiedonhaku-kirjasto\/\"},{\"@type\":\"ListItem\",\"position\":2,\"name\":\"Aiheesta hakukysymykseksi\"}]},{\"@type\":\"WebSite\",\"@id\":\"https:\/\/sites.uef.fi\/tiedonhaku-kirjasto\/#website\",\"url\":\"https:\/\/sites.uef.fi\/tiedonhaku-kirjasto\/\",\"name\":\"Tiedonhakijan opas \/\/ UEF-kirjasto\",\"description\":\"\",\"potentialAction\":[{\"@type\":\"SearchAction\",\"target\":{\"@type\":\"EntryPoint\",\"urlTemplate\":\"https:\/\/sites.uef.fi\/tiedonhaku-kirjasto\/?s={search_term_string}\"},\"query-input\":{\"@type\":\"PropertyValueSpecification\",\"valueRequired\":true,\"valueName\":\"search_term_string\"}}],\"inLanguage\":\"fi\"}]}<\/script>\n<!-- \/ Yoast SEO plugin. -->","yoast_head_json":{"title":"Aiheesta hakukysymykseksi - Tiedonhakijan opas \/\/ UEF-kirjasto","description":"T\u00e4m\u00e4 osio opastaa pohtimaan, milloin tarvitset vastausta tutkimuskirjallisuudesta, sek\u00e4 mille k\u00e4sitteille perustat hakusi.","robots":{"index":"index","follow":"follow","max-snippet":"max-snippet:-1","max-image-preview":"max-image-preview:large","max-video-preview":"max-video-preview:-1"},"canonical":"https:\/\/sites.uef.fi\/tiedonhaku-kirjasto\/aiheesta-hakukysymykseksi\/","og_locale":"fi_FI","og_type":"article","og_title":"Aiheesta hakukysymykseksi - Tiedonhakijan opas \/\/ UEF-kirjasto","og_description":"T\u00e4m\u00e4 osio opastaa pohtimaan, milloin tarvitset vastausta tutkimuskirjallisuudesta, sek\u00e4 mille k\u00e4sitteille perustat hakusi.","og_url":"https:\/\/sites.uef.fi\/tiedonhaku-kirjasto\/aiheesta-hakukysymykseksi\/","og_site_name":"Tiedonhakijan opas \/\/ UEF-kirjasto","article_modified_time":"2023-10-09T09:20:21+00:00","twitter_card":"summary_large_image","twitter_misc":{"Arvioitu lukuaika":"2 minuuttia"},"schema":{"@context":"https:\/\/schema.org","@graph":[{"@type":"WebPage","@id":"https:\/\/sites.uef.fi\/tiedonhaku-kirjasto\/aiheesta-hakukysymykseksi\/","url":"https:\/\/sites.uef.fi\/tiedonhaku-kirjasto\/aiheesta-hakukysymykseksi\/","name":"Aiheesta hakukysymykseksi - Tiedonhakijan opas \/\/ UEF-kirjasto","isPartOf":{"@id":"https:\/\/sites.uef.fi\/tiedonhaku-kirjasto\/#website"},"datePublished":"2022-08-23T10:25:41+00:00","dateModified":"2023-10-09T09:20:21+00:00","description":"T\u00e4m\u00e4 osio opastaa pohtimaan, milloin tarvitset vastausta tutkimuskirjallisuudesta, sek\u00e4 mille k\u00e4sitteille perustat hakusi.","breadcrumb":{"@id":"https:\/\/sites.uef.fi\/tiedonhaku-kirjasto\/aiheesta-hakukysymykseksi\/#breadcrumb"},"inLanguage":"fi","potentialAction":[{"@type":"ReadAction","target":["https:\/\/sites.uef.fi\/tiedonhaku-kirjasto\/aiheesta-hakukysymykseksi\/"]}]},{"@type":"BreadcrumbList","@id":"https:\/\/sites.uef.fi\/tiedonhaku-kirjasto\/aiheesta-hakukysymykseksi\/#breadcrumb","itemListElement":[{"@type":"ListItem","position":1,"name":"Home","item":"https:\/\/sites.uef.fi\/tiedonhaku-kirjasto\/"},{"@type":"ListItem","position":2,"name":"Aiheesta hakukysymykseksi"}]},{"@type":"WebSite","@id":"https:\/\/sites.uef.fi\/tiedonhaku-kirjasto\/#website","url":"https:\/\/sites.uef.fi\/tiedonhaku-kirjasto\/","name":"Tiedonhakijan opas \/\/ UEF-kirjasto","description":"","potentialAction":[{"@type":"SearchAction","target":{"@type":"EntryPoint","urlTemplate":"https:\/\/sites.uef.fi\/tiedonhaku-kirjasto\/?s={search_term_string}"},"query-input":{"@type":"PropertyValueSpecification","valueRequired":true,"valueName":"search_term_string"}}],"inLanguage":"fi"}]}},"_links":{"self":[{"href":"https:\/\/sites.uef.fi\/tiedonhaku-kirjasto\/wp-json\/wp\/v2\/pages\/431","targetHints":{"allow":["GET"]}}],"collection":[{"href":"https:\/\/sites.uef.fi\/tiedonhaku-kirjasto\/wp-json\/wp\/v2\/pages"}],"about":[{"href":"https:\/\/sites.uef.fi\/tiedonhaku-kirjasto\/wp-json\/wp\/v2\/types\/page"}],"author":[{"embeddable":true,"href":"https:\/\/sites.uef.fi\/tiedonhaku-kirjasto\/wp-json\/wp\/v2\/users\/842"}],"replies":[{"embeddable":true,"href":"https:\/\/sites.uef.fi\/tiedonhaku-kirjasto\/wp-json\/wp\/v2\/comments?post=431"}],"version-history":[{"count":2,"href":"https:\/\/sites.uef.fi\/tiedonhaku-kirjasto\/wp-json\/wp\/v2\/pages\/431\/revisions"}],"predecessor-version":[{"id":10579,"href":"https:\/\/sites.uef.fi\/tiedonhaku-kirjasto\/wp-json\/wp\/v2\/pages\/431\/revisions\/10579"}],"wp:attachment":[{"href":"https:\/\/sites.uef.fi\/tiedonhaku-kirjasto\/wp-json\/wp\/v2\/media?parent=431"}],"curies":[{"name":"wp","href":"https:\/\/api.w.org\/{rel}","templated":true}]}}