{"id":440,"date":"2022-08-23T10:27:43","date_gmt":"2022-08-23T10:27:43","guid":{"rendered":"https:\/\/sites.uef.fi\/tiedonhaku-kirjasto\/?page_id=440"},"modified":"2023-10-09T12:38:39","modified_gmt":"2023-10-09T09:38:39","slug":"miten-loydan-toimivat-hakusanat","status":"publish","type":"page","link":"https:\/\/sites.uef.fi\/tiedonhaku-kirjasto\/miten-loydan-toimivat-hakusanat\/","title":{"rendered":"Miten l\u00f6yd\u00e4n toimivat hakusanat?"},"content":{"rendered":"\n<p>Tiedonhakua varten aiheen keskeiset k\u00e4sitteet tulee k\u00e4\u00e4nt\u00e4\u00e4 tai muokata hakusanoiksi. K\u00e4site itsess\u00e4\u00e4n on usein hyv\u00e4 ensimm\u00e4inen hakusana. Ei silti kannata tyyty\u00e4 vain k\u00e4sitteeseen. Paljon t\u00e4rke\u00e4\u00e4 tietoa voi menn\u00e4 ohi, jos hakee vain yhdell\u00e4 hakusanalla.<\/p>\n\n\n\n<p>Vaihtoehtoisia hakusanoja voi pohtia seuraavan listan avulla:<\/p>\n\n\n\n<ul class=\"wp-block-list\">\n<li>julkaisun kieli (ainakin englantia ja suomea tarvitaan): young &#8211; nuoret<\/li>\n\n\n\n<li>synonyymi ja muu l\u00e4heinen ilmaus: burnout \u2013 ty\u00f6uupumus<\/li>\n\n\n\n<li>vastakkainen k\u00e4site voi olla hy\u00f6dyksi: sympatia \u2013 antipatia<\/li>\n\n\n\n<li>laajempi kokonaisuus, johon k\u00e4site liittyy: leikkiterapia \u2013 psykoterapia<\/li>\n\n\n\n<li>tarkempi osa-alue, jonka k\u00e4site sis\u00e4lt\u00e4\u00e4: syvyyspsykologia \u2013 piilotajunta<\/li>\n\n\n\n<li>l\u00e4hik\u00e4site: analyyttinen psykologia \u2013 psykoanalyysi<\/li>\n\n\n\n<li>kirjoitusmuodon vaihtelu: behavior \u2013 behaviour; persoonallisuush\u00e4iri\u00f6t \u2013 persoonallisuuden h\u00e4iri\u00f6t<\/li>\n\n\n\n<li>lyhenteet: luomu \u2013 luonnonmukainen<\/li>\n<\/ul>\n\n\n\t<div id=\"accordion-block_44f30394fd5ec1f2dfe95a9e00b393e1\" class=\"accordions\">\n\t\t\t\t\t<div class=\"accordion accordion-js\">\n\t\t\t\t<button class=\"accordion__button\" aria-controls=\"content-9121\" aria-expanded=\"false\" id=\"accordion-control-9121\">\n\t\t\t\t\t<h3 class=\"accordion__heading\" >\n\t\t\t\t\t\tLyhenteiden k\u00e4ytt\u00f6 hakusanoina\t\t\t\t\t<\/h3>\n\t\t\t\t<\/button>\n\t\t\t\t<div class=\"accordion__content\" role=\"region\" aria-labelledby=\"accordion-control-9121\" aria-hidden=\"true\" id=\"content-9121\">\n\t\t\t\t\t<p>Moniselitteisten lyhenteiden k\u00e4ytt\u00f6\u00e4 hakusanoina kannattaa v\u00e4ltt\u00e4\u00e4. Esimerkiksi lyhenne ALS tarkoittaa ainakin k\u00e4sitteit\u00e4 \u201cAirborne Laser Scanning\u201d, \u201dAmyotrofinen lateraaliskleroosi\u201d, \u201cAngular Leaf Spot\u201d ja \u201cAcetolactate synthase\u201d.<\/p>\n<p>Jos haku kohdistuu vain otsikkoon, voi kuitenkin olla tarpeen kokeilla my\u00f6s lyhenteell\u00e4. Julkaisun otsikossa voi olla k\u00e4yt\u00f6ss\u00e4 lyhenne, jonka aukikirjoitettu muoto l\u00f6ytyy pidemm\u00e4n tekstin joukosta.<\/p>\n\t\t\t\t<\/div>\n\t\t\t<\/div>\n\t\t\t<\/div>\n\t\n\n\n<h2 class=\"wp-block-heading\">Mist\u00e4 keksi\u00e4 ja l\u00f6yt\u00e4\u00e4 hakusanoja?<\/h2>\n\n\n\n<p>Hakusanoja ei \u201dkeksit\u00e4\u201d, vaan hakusanojen l\u00f6yt\u00e4misen l\u00e4ht\u00f6kohtana on tieto alan sanastosta. T\u00e4t\u00e4 tietoa etsit\u00e4\u00e4n tieteenalan kirjallisuudesta ja erilaisilla apuv\u00e4lineill\u00e4.<\/p>\n\n\n\n<p>Tieteenalan kirjallisuutta ja apuv\u00e4lineit\u00e4 ovat esimerkiksi:&nbsp;&nbsp;<\/p>\n\n\n\n<ul class=\"wp-block-list\">\n<li>Sanakirjat, k\u00e4sikirjat, hakuteokset<\/li>\n\n\n\n<li>Alan oppikirjat<\/li>\n\n\n\n<li>Alan lehdet (alan tai aihepiirin keskeisten lehtien selaaminen; e-lehdet)<\/li>\n\n\n\n<li>Jo l\u00f6ytyneiden julkaisujen sis\u00e4llysluettelot ja l\u00e4hdeluettelot, tietokannan viitetiedoista niille annetut kuvailutermit (asiasanat, keywords)<\/li>\n\n\n\n<li>Asiasanastot&nbsp;<\/li>\n\n\n\n<li>Kokeilevat haut Internetist\u00e4 tai tietokannoista; \u201dselaileva\u201d tiedonhaku&nbsp;<\/li>\n\n\n\n<li>Alan kirjallisuuden lukeminen&nbsp;&nbsp;<\/li>\n\n\n\n<li>Hakusanaideoiden kysyminen teko\u00e4lylt\u00e4<\/li>\n<\/ul>\n\n\n<iframe loading=\"lazy\" title=\"Kuvankaappaus UEF Primosta, haettu k\u00e4sikirjoja tietyst\u00e4 aiheesta.\" width=\"960\" height=\"495\" data-original-width=\"972\" data-original-height=\"502\" src=\"https:\/\/www.thinglink.com\/card\/1623675167764905986\" type=\"text\/html\" frameborder=\"0\" webkitallowfullscreen mozallowfullscreen allowfullscreen scrolling=\"no\"><\/iframe><script async src=\"\/\/cdn.thinglink.me\/jse\/responsive.js\"><\/script><br\/><a href=\"https:\/\/app.widgets.thinglink.com\/accessibility\/1623675167764905986\" rel=\"noopener noreferrer\">Siirry t\u00e4st\u00e4 kuvan saavutettavaan versioon.<\/a>\n\n\n\n<p> <\/p>\n\n\n<iframe loading=\"lazy\" title=\"Kuvankaappaus tietueesta UEF Primossa, aiheet korostettuna.\" width=\"762\" height=\"706\" data-original-width=\"762\" data-original-height=\"706\" src=\"https:\/\/www.thinglink.com\/card\/1623645441113456642\" type=\"text\/html\" frameborder=\"0\" webkitallowfullscreen mozallowfullscreen allowfullscreen scrolling=\"no\"><\/iframe><script async src=\"\/\/cdn.thinglink.me\/jse\/responsive.js\"><\/script><br\/><a href=\"https:\/\/app.widgets.thinglink.com\/accessibility\/1623645441113456642\" rel=\"noopener noreferrer\">Siirry t\u00e4st\u00e4 kuvan saavutettavaan versioon.<\/a>\n\n\n\n<p> <\/p>\n\n\n\n<p>K\u00e4sitteet, hakusanat ja asiasanat voidaan koota usealla eri tavalla. Eri tavoista kannattaakin valita itselle mielekk\u00e4in tapa hahmotella hakuaihetta k\u00e4sitteiksi, hakusanoiksi ja mahdollisesti asiasanoiksi. <\/p>\n\n\n\n<p>Seuraavassa on lueteltu joitakin yleisesti k\u00e4ytettyj\u00e4 apukeinoja:<\/p>\n\n\n\n<ul class=\"wp-block-list\">\n<li>K\u00e4sitekartta on suosittu v\u00e4line tarkasteltavien asioiden ja niiden v\u00e4listen suhteiden hahmotteluun. K\u00e4sitekartan laatimiseen on my\u00f6s tietoteknisi\u00e4 apuneuvoja, kuten esimerkiksi Mindmeister. Voit tutustua tarkemmin <a href=\"https:\/\/www.mindmeister.com\/\">Mindmeisteriin verkkosivuilla<\/a> (englanninkielinen sivusto). <\/li>\n\n\n\n<li>Miellekartta (Mind map) on vapaamuotoisempaan asioiden visuaaliseen hahmotteluun ja ideointiin ja ehk\u00e4 henkil\u00f6kohtaiseen k\u00e4ytt\u00f6\u00f6n sopiva v\u00e4line.&nbsp; Siin\u00e4 k\u00e4sitteiden suhteita ei v\u00e4ltt\u00e4m\u00e4tt\u00e4 ole m\u00e4\u00e4ritelty tarkasti.<\/li>\n\n\n\n<li>Ranskalaisten viivojen avulla k\u00e4sitteet voi koostaa listaksi.<\/li>\n<\/ul>\n\n\n<iframe loading=\"lazy\" title=\"Kaaviokuva hakusanojen ideoinnista.\" width=\"960\" height=\"651\" data-original-width=\"1057\" data-original-height=\"717\" src=\"https:\/\/www.thinglink.com\/card\/1623959187379716099\" type=\"text\/html\" frameborder=\"0\" webkitallowfullscreen mozallowfullscreen allowfullscreen scrolling=\"no\"><\/iframe><script async src=\"\/\/cdn.thinglink.me\/jse\/responsive.js\"><\/script><br\/><a href=\"https:\/\/app.widgets.thinglink.com\/accessibility\/1623959187379716099\" rel=\"noopener noreferrer\">Siirry t\u00e4st\u00e4 kuvan saavutettavaan versioon.<\/a>\n\n\n\n<div class=\"links-block\">\n\n            <h3>Seuraavaksi<\/h3>\n    \n    <ul class=\"link-list\">\n        \n            \n            <li class=\"link-list-item\">\n                <a href=\"https:\/\/sites.uef.fi\/tiedonhaku-kirjasto\/asiasanat-ja-asiasanastot\/\" class=\"link-reset link hover-scale-down\">\n                    <svg\n        width=\"43\" height=\"25\"\n        viewBox=\"0 0 43 25\"\n        xmlns=\"http:\/\/www.w3.org\/2000\/svg\">\n    <path\n        d=\"M30.027 0 43 12.5 30.027 25 27 22.083 34.351 15H0v-5h34.351L27 2.917z\"\n        fill=\"currentColor\"\n        fill-rule=\"evenodd\"\/>\n<\/svg>                    <div>Asiasanat ja asiasanastot<\/div>\n                <\/a>\n                <div class=\"link-info\">\n                                    <\/div>\n            <\/li>\n\n                <\/ul>\n<\/div>","protected":false},"excerpt":{"rendered":"<p>Tiedonhakua varten aiheen keskeiset k\u00e4sitteet tulee k\u00e4\u00e4nt\u00e4\u00e4 tai muokata hakusanoiksi. K\u00e4site itsess\u00e4\u00e4n on usein hyv\u00e4 ensimm\u00e4inen hakusana. Ei silti kannata tyyty\u00e4 vain k\u00e4sitteeseen. Paljon t\u00e4rke\u00e4\u00e4 tietoa voi menn\u00e4 ohi, jos hakee vain yhdell\u00e4 hakusanalla. Vaihtoehtoisia hakusanoja voi pohtia seuraavan listan avulla: Mist\u00e4 keksi\u00e4 ja l\u00f6yt\u00e4\u00e4 hakusanoja? Hakusanoja ei \u201dkeksit\u00e4\u201d, vaan hakusanojen l\u00f6yt\u00e4misen l\u00e4ht\u00f6kohtana on tieto [&hellip;]<\/p>\n","protected":false},"author":842,"featured_media":0,"parent":0,"menu_order":0,"comment_status":"closed","ping_status":"closed","template":"","meta":{"_acf_changed":false,"footnotes":""},"class_list":["post-440","page","type-page","status-publish","hentry"],"acf":[],"yoast_head":"<!-- This site is optimized with the Yoast SEO plugin v27.3 - https:\/\/yoast.com\/product\/yoast-seo-wordpress\/ -->\n<title>Miten l\u00f6yd\u00e4n toimivat hakusanat? - Tiedonhakijan opas \/\/ UEF-kirjasto<\/title>\n<meta name=\"description\" content=\"T\u00e4st\u00e4 saat neuvoja, miten ideoit aiheesi k\u00e4sitteit\u00e4 kuvailevia hakusanoja esimerkiksi k\u00e4sitekarttoja, kysymyslistaa ja tieteenalan sanastoja hy\u00f6dynt\u00e4en.\" \/>\n<meta name=\"robots\" content=\"index, follow, max-snippet:-1, max-image-preview:large, max-video-preview:-1\" \/>\n<link rel=\"canonical\" href=\"https:\/\/sites.uef.fi\/tiedonhaku-kirjasto\/miten-loydan-toimivat-hakusanat\/\" \/>\n<meta property=\"og:locale\" content=\"fi_FI\" \/>\n<meta property=\"og:type\" content=\"article\" \/>\n<meta property=\"og:title\" content=\"Miten l\u00f6yd\u00e4n toimivat hakusanat? - Tiedonhakijan opas \/\/ UEF-kirjasto\" \/>\n<meta property=\"og:description\" content=\"T\u00e4st\u00e4 saat neuvoja, miten ideoit aiheesi k\u00e4sitteit\u00e4 kuvailevia hakusanoja esimerkiksi k\u00e4sitekarttoja, kysymyslistaa ja tieteenalan sanastoja hy\u00f6dynt\u00e4en.\" \/>\n<meta property=\"og:url\" content=\"https:\/\/sites.uef.fi\/tiedonhaku-kirjasto\/miten-loydan-toimivat-hakusanat\/\" \/>\n<meta property=\"og:site_name\" content=\"Tiedonhakijan opas \/\/ UEF-kirjasto\" \/>\n<meta property=\"article:modified_time\" content=\"2023-10-09T09:38:39+00:00\" \/>\n<meta name=\"twitter:card\" content=\"summary_large_image\" \/>\n<meta name=\"twitter:label1\" content=\"Arvioitu lukuaika\" \/>\n\t<meta name=\"twitter:data1\" content=\"2 minuuttia\" \/>\n<script type=\"application\/ld+json\" class=\"yoast-schema-graph\">{\"@context\":\"https:\\\/\\\/schema.org\",\"@graph\":[{\"@type\":\"WebPage\",\"@id\":\"https:\\\/\\\/sites.uef.fi\\\/tiedonhaku-kirjasto\\\/miten-loydan-toimivat-hakusanat\\\/\",\"url\":\"https:\\\/\\\/sites.uef.fi\\\/tiedonhaku-kirjasto\\\/miten-loydan-toimivat-hakusanat\\\/\",\"name\":\"Miten l\u00f6yd\u00e4n toimivat hakusanat? - Tiedonhakijan opas \\\/\\\/ UEF-kirjasto\",\"isPartOf\":{\"@id\":\"https:\\\/\\\/sites.uef.fi\\\/tiedonhaku-kirjasto\\\/#website\"},\"datePublished\":\"2022-08-23T10:27:43+00:00\",\"dateModified\":\"2023-10-09T09:38:39+00:00\",\"description\":\"T\u00e4st\u00e4 saat neuvoja, miten ideoit aiheesi k\u00e4sitteit\u00e4 kuvailevia hakusanoja esimerkiksi k\u00e4sitekarttoja, kysymyslistaa ja tieteenalan sanastoja hy\u00f6dynt\u00e4en.\",\"breadcrumb\":{\"@id\":\"https:\\\/\\\/sites.uef.fi\\\/tiedonhaku-kirjasto\\\/miten-loydan-toimivat-hakusanat\\\/#breadcrumb\"},\"inLanguage\":\"fi\",\"potentialAction\":[{\"@type\":\"ReadAction\",\"target\":[\"https:\\\/\\\/sites.uef.fi\\\/tiedonhaku-kirjasto\\\/miten-loydan-toimivat-hakusanat\\\/\"]}]},{\"@type\":\"BreadcrumbList\",\"@id\":\"https:\\\/\\\/sites.uef.fi\\\/tiedonhaku-kirjasto\\\/miten-loydan-toimivat-hakusanat\\\/#breadcrumb\",\"itemListElement\":[{\"@type\":\"ListItem\",\"position\":1,\"name\":\"Home\",\"item\":\"https:\\\/\\\/sites.uef.fi\\\/tiedonhaku-kirjasto\\\/\"},{\"@type\":\"ListItem\",\"position\":2,\"name\":\"Miten l\u00f6yd\u00e4n toimivat hakusanat?\"}]},{\"@type\":\"WebSite\",\"@id\":\"https:\\\/\\\/sites.uef.fi\\\/tiedonhaku-kirjasto\\\/#website\",\"url\":\"https:\\\/\\\/sites.uef.fi\\\/tiedonhaku-kirjasto\\\/\",\"name\":\"Tiedonhakijan opas \\\/\\\/ UEF-kirjasto\",\"description\":\"\",\"potentialAction\":[{\"@type\":\"SearchAction\",\"target\":{\"@type\":\"EntryPoint\",\"urlTemplate\":\"https:\\\/\\\/sites.uef.fi\\\/tiedonhaku-kirjasto\\\/?s={search_term_string}\"},\"query-input\":{\"@type\":\"PropertyValueSpecification\",\"valueRequired\":true,\"valueName\":\"search_term_string\"}}],\"inLanguage\":\"fi\"}]}<\/script>\n<!-- \/ Yoast SEO plugin. -->","yoast_head_json":{"title":"Miten l\u00f6yd\u00e4n toimivat hakusanat? - Tiedonhakijan opas \/\/ UEF-kirjasto","description":"T\u00e4st\u00e4 saat neuvoja, miten ideoit aiheesi k\u00e4sitteit\u00e4 kuvailevia hakusanoja esimerkiksi k\u00e4sitekarttoja, kysymyslistaa ja tieteenalan sanastoja hy\u00f6dynt\u00e4en.","robots":{"index":"index","follow":"follow","max-snippet":"max-snippet:-1","max-image-preview":"max-image-preview:large","max-video-preview":"max-video-preview:-1"},"canonical":"https:\/\/sites.uef.fi\/tiedonhaku-kirjasto\/miten-loydan-toimivat-hakusanat\/","og_locale":"fi_FI","og_type":"article","og_title":"Miten l\u00f6yd\u00e4n toimivat hakusanat? - Tiedonhakijan opas \/\/ UEF-kirjasto","og_description":"T\u00e4st\u00e4 saat neuvoja, miten ideoit aiheesi k\u00e4sitteit\u00e4 kuvailevia hakusanoja esimerkiksi k\u00e4sitekarttoja, kysymyslistaa ja tieteenalan sanastoja hy\u00f6dynt\u00e4en.","og_url":"https:\/\/sites.uef.fi\/tiedonhaku-kirjasto\/miten-loydan-toimivat-hakusanat\/","og_site_name":"Tiedonhakijan opas \/\/ UEF-kirjasto","article_modified_time":"2023-10-09T09:38:39+00:00","twitter_card":"summary_large_image","twitter_misc":{"Arvioitu lukuaika":"2 minuuttia"},"schema":{"@context":"https:\/\/schema.org","@graph":[{"@type":"WebPage","@id":"https:\/\/sites.uef.fi\/tiedonhaku-kirjasto\/miten-loydan-toimivat-hakusanat\/","url":"https:\/\/sites.uef.fi\/tiedonhaku-kirjasto\/miten-loydan-toimivat-hakusanat\/","name":"Miten l\u00f6yd\u00e4n toimivat hakusanat? - Tiedonhakijan opas \/\/ UEF-kirjasto","isPartOf":{"@id":"https:\/\/sites.uef.fi\/tiedonhaku-kirjasto\/#website"},"datePublished":"2022-08-23T10:27:43+00:00","dateModified":"2023-10-09T09:38:39+00:00","description":"T\u00e4st\u00e4 saat neuvoja, miten ideoit aiheesi k\u00e4sitteit\u00e4 kuvailevia hakusanoja esimerkiksi k\u00e4sitekarttoja, kysymyslistaa ja tieteenalan sanastoja hy\u00f6dynt\u00e4en.","breadcrumb":{"@id":"https:\/\/sites.uef.fi\/tiedonhaku-kirjasto\/miten-loydan-toimivat-hakusanat\/#breadcrumb"},"inLanguage":"fi","potentialAction":[{"@type":"ReadAction","target":["https:\/\/sites.uef.fi\/tiedonhaku-kirjasto\/miten-loydan-toimivat-hakusanat\/"]}]},{"@type":"BreadcrumbList","@id":"https:\/\/sites.uef.fi\/tiedonhaku-kirjasto\/miten-loydan-toimivat-hakusanat\/#breadcrumb","itemListElement":[{"@type":"ListItem","position":1,"name":"Home","item":"https:\/\/sites.uef.fi\/tiedonhaku-kirjasto\/"},{"@type":"ListItem","position":2,"name":"Miten l\u00f6yd\u00e4n toimivat hakusanat?"}]},{"@type":"WebSite","@id":"https:\/\/sites.uef.fi\/tiedonhaku-kirjasto\/#website","url":"https:\/\/sites.uef.fi\/tiedonhaku-kirjasto\/","name":"Tiedonhakijan opas \/\/ UEF-kirjasto","description":"","potentialAction":[{"@type":"SearchAction","target":{"@type":"EntryPoint","urlTemplate":"https:\/\/sites.uef.fi\/tiedonhaku-kirjasto\/?s={search_term_string}"},"query-input":{"@type":"PropertyValueSpecification","valueRequired":true,"valueName":"search_term_string"}}],"inLanguage":"fi"}]}},"_links":{"self":[{"href":"https:\/\/sites.uef.fi\/tiedonhaku-kirjasto\/wp-json\/wp\/v2\/pages\/440","targetHints":{"allow":["GET"]}}],"collection":[{"href":"https:\/\/sites.uef.fi\/tiedonhaku-kirjasto\/wp-json\/wp\/v2\/pages"}],"about":[{"href":"https:\/\/sites.uef.fi\/tiedonhaku-kirjasto\/wp-json\/wp\/v2\/types\/page"}],"author":[{"embeddable":true,"href":"https:\/\/sites.uef.fi\/tiedonhaku-kirjasto\/wp-json\/wp\/v2\/users\/842"}],"replies":[{"embeddable":true,"href":"https:\/\/sites.uef.fi\/tiedonhaku-kirjasto\/wp-json\/wp\/v2\/comments?post=440"}],"version-history":[{"count":2,"href":"https:\/\/sites.uef.fi\/tiedonhaku-kirjasto\/wp-json\/wp\/v2\/pages\/440\/revisions"}],"predecessor-version":[{"id":10593,"href":"https:\/\/sites.uef.fi\/tiedonhaku-kirjasto\/wp-json\/wp\/v2\/pages\/440\/revisions\/10593"}],"wp:attachment":[{"href":"https:\/\/sites.uef.fi\/tiedonhaku-kirjasto\/wp-json\/wp\/v2\/media?parent=440"}],"curies":[{"name":"wp","href":"https:\/\/api.w.org\/{rel}","templated":true}]}}