{"id":449,"date":"2022-08-23T10:29:06","date_gmt":"2022-08-23T10:29:06","guid":{"rendered":"https:\/\/sites.uef.fi\/tiedonhaku-kirjasto\/?page_id=449"},"modified":"2024-08-19T11:20:01","modified_gmt":"2024-08-19T08:20:01","slug":"asiasanat-ja-asiasanastot","status":"publish","type":"page","link":"https:\/\/sites.uef.fi\/tiedonhaku-kirjasto\/asiasanat-ja-asiasanastot\/","title":{"rendered":"Asiasanat ja asiasanastot"},"content":{"rendered":"\n<h2 class=\"wp-block-heading\">Asiasanat kertovat lyhyesti julkaisun sis\u00e4ll\u00f6st\u00e4<\/h2>\n\n\n\n<p>Vakiintuneiden asiasanojen k\u00e4ytt\u00f6 auttaa tietokantoja luokittelemaan julkaisuja tunnettujen, usein toistuvien aiheiden avulla. Siksi asiasanat ovat tietokantahauissa erityisen tehokkaita. Asiasanaa ei pid\u00e4 sekoittaa avainsanaan, joka voi olla mik\u00e4 tahansa dokumentin sis\u00e4lt\u00f6\u00e4 kuvaava sana. Asiasanat taas on m\u00e4\u00e4ritelty virallisissa asiasanastoissa.<\/p>\n\n\n\n<p>Asiasana:<\/p>\n\n\n\n<ul class=\"wp-block-list\">\n<li>kertoo julkaisun sis\u00e4ll\u00f6st\u00e4 lyhyesti<\/li>\n\n\n\n<li>on aina samanmuotoinen<\/li>\n\n\n\n<li>kattaa useita vaihtoehtoisia, samaa tarkoittavia sanoja<\/li>\n<\/ul>\n\n\n\n<p>Asiasanoihin kohdistettu haku voi parantaa hakutulosten aiheenmukaisuutta eli relevanssia ja osuvuutta. On kuitenkin hyv\u00e4 muistaa, ett\u00e4 haun kohdentaminen ja muut rajaukset pienent\u00e4v\u00e4t hakutulosta.&nbsp;&nbsp;&nbsp;&nbsp;<\/p>\n\n\n<iframe loading=\"lazy\" title=\"Kaksi kuvankaappausta artikkeleista julkaisijan verkkosivulla, yksi kuvankaappaus UEF Primo -tietueesta.\" width=\"960\" height=\"726\" data-original-width=\"975\" data-original-height=\"738\" src=\"https:\/\/www.thinglink.com\/card\/1629026288859611137\" type=\"text\/html\" frameborder=\"0\" webkitallowfullscreen mozallowfullscreen allowfullscreen scrolling=\"no\"><\/iframe><script async src=\"\/\/cdn.thinglink.me\/jse\/responsive.js\"><\/script><br\/><a href=\"https:\/\/app.widgets.thinglink.com\/accessibility\/1629026288859611137\" rel=\"noopener noreferrer\">Siirry t\u00e4st\u00e4 kuvan saavutettavaan versioon.<\/a>\n\n\n\n<h2 class=\"wp-block-heading\">Asiasanat ker\u00e4t\u00e4\u00e4n asiasanastoihin<\/h2>\n\n\n\n<p>Asiasanat m\u00e4\u00e4ritell\u00e4\u00e4n erityisiss\u00e4 hakemistoissa, joita kutsutaan asiasanastoiksi (thesaurus). Voidaan ajatella, ett\u00e4 asiasanastot ovat er\u00e4\u00e4nlaisia luetteloita tietokannan k\u00e4ytt\u00e4mist\u00e4 asiasanoista. K\u00e4yt\u00e4nn\u00f6ss\u00e4 asia on kuitenkin hieman monimutkaisempi: tietokantoihin on usein valittu asiasanasto(ja), joka sopivat parhaiten tietokannan tarpeisiin.<\/p>\n\n\n\n<p>Asiasanasto voi siis olla:<\/p>\n\n\n\n<ul class=\"wp-block-list\">\n<li>yleinen ja k\u00e4yt\u00f6ss\u00e4 useissa tietokannoissa ja tieteenaloilla (esim. YSO)<\/li>\n\n\n\n<li>tieteenalakohtainen ja k\u00e4yt\u00f6ss\u00e4 tietyn tieteenalan tietokannoissa (esim. MeSH)<\/li>\n\n\n\n<li>sis\u00e4\u00e4nrakennettu tietokantaan, eli tietokannan oma asiasanasto (esim. EBSCOhost Academic Search:n Subject Terms)<\/li>\n<\/ul>\n\n\n\n<p>Tietokannoilla on omat asiasanastonsa. Sama asiasana ei siis toimi samalla tavalla kaikissa tietokannoissa. Tietokannan k\u00e4ytt\u00e4m\u00e4 asiasanasto kannattaa aina varmistaa tietokannan sis\u00e4ll\u00f6nkuvailusta.<\/p>\n\n\n\n<p>Asiasanastoissa m\u00e4\u00e4ritell\u00e4\u00e4n my\u00f6s asiasanoihin liittyvi\u00e4 k\u00e4sitteit\u00e4 ja kuvataan niiden v\u00e4lisi\u00e4 suhteita. Asiasanastoista l\u00f6ytyv\u00e4t toisiinsa l\u00e4heisesti liittyv\u00e4t eli assosiatiiviset k\u00e4sitteet (related), aihetta laajentavat yl\u00e4k\u00e4sitteet (broader) ja yksityiskohtaisemmat alak\u00e4sitteet (narrower).<\/p>\n\n\n\n<p>Asiasanastoista on siis paljon hy\u00f6ty\u00e4 tiedonhakijalle. Asiasanastojen avulla voidaan etsi\u00e4 oikeat hakusanat asiasanahakua varten, tai hakea vinkkej\u00e4 hakusanoiksi. My\u00f6s rinnakkaiset sek\u00e4 yl\u00e4- ja alak\u00e4sitteet voivat olla hyvi\u00e4 hakusanoja.<\/p>\n\n\n\n<p>Aina hakuaihetta kuvaavaa asiasanaa ei l\u00f6ydy asiasanastosta, eik\u00e4 kaikissa tietokannoissa ei ole omaa asiasanastoa lainkaan. Jos asiasanastosta ei l\u00f6ydy aiheeseesi sopivia hakusanoja, tiedonhaku kannattaa tehd\u00e4 luonnollisen kielen sanoilla.<\/p>\n\n\n\n<h2 class=\"wp-block-heading\">Asiasanastot voivat olla monitieteisi\u00e4 tai tieteenalakohtaisia<\/h2>\n\n\n\t<div id=\"accordion-block_9cd9dfbf806b20ec322594fc745ead9d\" class=\"accordions\">\n\t\t\t\t\t<div class=\"accordion accordion-js\">\n\t\t\t\t<button class=\"accordion__button\" aria-controls=\"content-6465\" aria-expanded=\"false\" id=\"accordion-control-6465\">\n\t\t\t\t\t<h3 class=\"accordion__heading\" >\n\t\t\t\t\t\tYleinen suomalainen ontologia (YSO)\t\t\t\t\t<\/h3>\n\t\t\t\t<\/button>\n\t\t\t\t<div class=\"accordion__content\" role=\"region\" aria-labelledby=\"accordion-control-6465\" aria-hidden=\"true\" id=\"content-6465\">\n\t\t\t\t\t<p>Yleinen suomalainen ontologia (YSO) on Suomessa k\u00e4ytett\u00e4v\u00e4 asiasanasto. YSO:a k\u00e4ytet\u00e4\u00e4n sek\u00e4 UEF-Primon tietueissa, ett\u00e4 kansallisessa kirjastojen, museoiden ja arkistojen yhteisess\u00e4 Finna-hakupalvelussa. YSO kattaa kaikkien tieteen- ja tiedonalojen keskeisimm\u00e4n terminologian. Termeille on my\u00f6s englannin- ja ruotsinkieliset vastineet. <a href=\"https:\/\/finto.fi\/yso\/fi\/\">Tutustu Yleiseen suomalaiseen ontologiaan<\/a>.<\/p>\n<iframe loading=\"lazy\" width=\"960\" height=\"662\" src=\"https:\/\/www.thinglink.com\/card\/1629063840203276289\" frameborder=\"0\" allowfullscreen><\/iframe><br \/><a href=\"https:\/\/app.widgets.thinglink.com\/accessibility\/1629063840203276289\" rel=\"noopener noreferrer\">Siirry t\u00e4st\u00e4 kuvan saavutettavaan versioon.<\/a>\n\t\t\t\t<\/div>\n\t\t\t<\/div>\n\t\t\t\t\t<div class=\"accordion accordion-js\">\n\t\t\t\t<button class=\"accordion__button\" aria-controls=\"content-1793\" aria-expanded=\"false\" id=\"accordion-control-1793\">\n\t\t\t\t\t<h3 class=\"accordion__heading\" >\n\t\t\t\t\t\tMuita monitieteisi\u00e4 asiasanastoja\t\t\t\t\t<\/h3>\n\t\t\t\t<\/button>\n\t\t\t\t<div class=\"accordion__content\" role=\"region\" aria-labelledby=\"accordion-control-1793\" aria-hidden=\"true\" id=\"content-1793\">\n\t\t\t\t\t<ul>\n<li>Finto.fi-palvelusta l\u00f6ytyy eri alojen sanastoja, ontologioita ja luokituksia. <a href=\"http:\/\/finto.fi\">Tutustu Finto.fi-palveluun<\/a>.<\/li>\n<li>Library of Congress Subject Headings on Yhdysvaltojen kongressin kirjaston asiasanasto, jota yleisimmin k\u00e4ytet\u00e4\u00e4n englanninkielisen aineiston kuvailussa. Esimerkiksi UEF-Primoon on poimittu siit\u00e4 englanninkielisi\u00e4 asiasanoja. <a href=\"https:\/\/id.loc.gov\/authorities\/subjects.html\">Tutustu Library of Congress Subject Headings -palveluun<\/a>.<\/li>\n<li>Monitieteisess\u00e4 EBSCOhost Academic Search Premier -tietokannassa on oma asiasanasto, Subject Terms. Tutustu Subject Terms -asiasanastoon kirjautumalla <a href=\"https:\/\/primo.uef.fi\/\">UEF-Primoon<\/a> ja siirtym\u00e4ll\u00e4 Academic Search Premier -tietokantaan UEF-Primon kautta.<\/li>\n<\/ul>\n\t\t\t\t<\/div>\n\t\t\t<\/div>\n\t\t\t\t\t<div class=\"accordion accordion-js\">\n\t\t\t\t<button class=\"accordion__button\" aria-controls=\"content-1765\" aria-expanded=\"false\" id=\"accordion-control-1765\">\n\t\t\t\t\t<h3 class=\"accordion__heading\" >\n\t\t\t\t\t\tTieteenalakohtaisia asiasanastoja\t\t\t\t\t<\/h3>\n\t\t\t\t<\/button>\n\t\t\t\t<div class=\"accordion__content\" role=\"region\" aria-labelledby=\"accordion-control-1765\" aria-hidden=\"true\" id=\"content-1765\">\n\t\t\t\t\t<ul>\n<li>Kasvatustieteet: Kasvatusalan tietokannassa ERICissa on oma asiasanasto, ERIC Thesaurus. <a href=\"https:\/\/www.thinglink.com\/card\/1624339501847412739\">Katso esimerkki ERIC Thesaurus -asiasanastosta.<\/a><\/li>\n<li>Kielitiede: MLA (Modern Language Association of America) ja LLBA (Linguistics and Language Behavior Abstracts) -tietokannoissa on molemmissa omat asiasanastonsa. <a href=\"https:\/\/www.thinglink.com\/card\/1633383570930139139\">Katso esimerkki LLBA Thesaurus -asiasanastosta.<\/a><\/li>\n<li>L\u00e4\u00e4ketiede: Medical Subject Headings (MeSH) -sanasto on MEDLINE-tietokannan sanasto. MEDLINE-hakuja voi tehd\u00e4 mm. PubMediss\u00e4 ja Ovidissa. MeSH-sanoja n\u00e4kee my\u00f6s muualla, esimerkiksi UEF-Primossa ja Scopuksessa. <a href=\"https:\/\/www.thinglink.com\/card\/%201624035889644568579\">Katso esimerkki MeSH-asiasanastosta.<\/a><\/li>\n<li>Psykologia: APA Thesaurus of Psychological Index Terms -asiasanastoa k\u00e4ytet\u00e4\u00e4n PsycInfo-tietokannassa. <a href=\"https:\/\/www.thinglink.com\/card\/1623995217105387523\">Katso esimerkki APA Thesaurus of Psychological Index Terms -asiasanastosta.<\/a><\/li>\n<\/ul>\n\t\t\t\t<\/div>\n\t\t\t<\/div>\n\t\t\t<\/div>\n\t\n\n\n<h2 class=\"wp-block-heading\">Asiasanoja k\u00e4ytet\u00e4\u00e4n tietokannoissa ja tietokantahauissa<\/h2>\n\n\n\n<p>Asiasanoja voi k\u00e4ytt\u00e4\u00e4 tiedonhaussa aivan kuten tavallisia, luonnollisen kielen hakusanoja. Asiasanoille on my\u00f6s yleens\u00e4 oma hakutyyppins\u00e4, jossa haku kohdistuu vain tietueen tiettyyn kentt\u00e4\u00e4n. Esimerkiksi UEF-Primossa t\u00e4m\u00e4 on nimelt\u00e4\u00e4n Aihehaku. Kansainv\u00e4lisiss\u00e4 tietokannoissa asiasanan nimitys voi olla esimerkiksi Subject, Keyword, Topic tai Index term.<\/p>\n\n\n\n<p>Asiasanahaku kohdistuu vain niihin asiasanoihin, jotka l\u00f6ytyv\u00e4t tietueen asiasanakent\u00e4st\u00e4:<\/p>\n\n\n\n<ul class=\"wp-block-list\">\n<li>Useimmissa tietokannoissa asiasanahakuun p\u00e4\u00e4st\u00e4\u00e4n tarkennetusta hausta (advanced search). Tarkennetussa haussa valitaan pudotusvalikosta hakukent\u00e4ksi esim. asiasana (subject term).<\/li>\n\n\n\n<li>Tietokannoilla on omat asiasanastonsa. Asiasanahaussa hakusanoiksi pit\u00e4\u00e4 valita kyseisen tietokannan k\u00e4ytt\u00e4m\u00e4n asiasanaston asiasanoja.<\/li>\n\n\n\n<li>Jos haku rajataan kohdistumaan asiasanakentt\u00e4\u00e4n, ei haussa voi k\u00e4ytt\u00e4\u00e4 mit\u00e4 tahansa luonnollisen kielen sanaa. Asiasanahaussa luonnollisen kielen sanoilla ei v\u00e4ltt\u00e4m\u00e4tt\u00e4 saa yht\u00e4k\u00e4\u00e4n hakutulosta.<\/li>\n<\/ul>\n\n\n\n<h2 class=\"wp-block-heading\">Asiasanojen ja luonnollisen kielen sanojen erityispiirteit\u00e4<\/h2>\n\n\n\n<p>Vapaasanahaku hakee sanaa kaikkialta julkaisujen tiedoista: muun muassa tekij\u00e4n ja julkaisun nimest\u00e4, tiivistelm\u00e4st\u00e4, asiasanoista ja kustantajan nimest\u00e4. Haun voi my\u00f6s kohdistaa koskemaan esimerkiksi otsikkoa tai abstraktia.&nbsp;<\/p>\n\n\n\n<p>Voit k\u00e4ytt\u00e4\u00e4 vapaasanahaun hakusanoina mit\u00e4 tahansa luonnollisen kielen sanoja, asiasanoja tai fraaseja. Asiasanoja voi k\u00e4ytt\u00e4\u00e4 hakutermein\u00e4 my\u00f6s vapaasanahaussa, mutta ei p\u00e4invastoin. Vapaat sanat eiv\u00e4t kelpaa asiasanahakuun.<\/p>\n\n\n\n<p>Jos hakukentt\u00e4\u00e4 ei erikseen vaihda, tapahtuu tietokantahaku oletushakukent\u00e4n perusteella. Oletushakukentt\u00e4n\u00e4 on usein vapaasanahaku. Oletushakukent\u00e4t kuitenkin vaihtelevat eri tietokannoissa, joten hakukentt\u00e4 kannattaa varmistaa tiedonhaun alkuvaiheessa.<\/p>\n\n\n\n<p>Asiasanahaku tulee siis valita erikseen haun asetuksista. Asiasanahaku kannattaa valita silloin, kun aihe on laaja-alainen tai hankalasti m\u00e4\u00e4ritelt\u00e4v\u00e4. Vapaasanahaku taas on parempi vaihtoehto, jos haettava aihe on yksityiskohtainen ja tarkasti rajattu, tai kun k\u00e4sitteist\u00f6 ja sanasto ovat kyseisell\u00e4 alalla vakiintuneita.<\/p>\n\n\n\n<p>Jos k\u00e4yt\u00e4t samaa hakusanaa sek\u00e4 vapaasanahaussa ett\u00e4 asiasanahaussa, vapaasanahaku l\u00f6yt\u00e4\u00e4 usein enemm\u00e4n tuloksia kuin asiasanahaku. Asiasanahaun tulokset puolestaan ovat aiheenmukaisia.<\/p>\n\n\n<iframe loading=\"lazy\" title=\"Kuvankaappaus UEF Primo -tietueesta.\" width=\"940\" height=\"864\" data-original-width=\"940\" data-original-height=\"864\" src=\"https:\/\/www.thinglink.com\/card\/1624325924084252675\" type=\"text\/html\" frameborder=\"0\" webkitallowfullscreen mozallowfullscreen allowfullscreen scrolling=\"no\"><\/iframe><script async src=\"\/\/cdn.thinglink.me\/jse\/responsive.js\"><\/script><br\/><a href=\"https:\/\/app.widgets.thinglink.com\/accessibility\/1624325924084252675\" rel=\"noopener noreferrer\">Siirry t\u00e4st\u00e4 kuvan saavutettavaan versioon.<\/a>\n\n\n\n<p> <\/p>\n\n\n\t<div id=\"accordion-block_9f11f215ea32808db54603c2cb2fb3c7\" class=\"accordions\">\n\t\t\t\t\t<div class=\"accordion accordion-js\">\n\t\t\t\t<button class=\"accordion__button\" aria-controls=\"content-526\" aria-expanded=\"false\" id=\"accordion-control-526\">\n\t\t\t\t\t<h3 class=\"accordion__heading\" >\n\t\t\t\t\t\tKokeile aihehakua ja vapaasanahakua UEF-Primossa!\t\t\t\t\t<\/h3>\n\t\t\t\t<\/button>\n\t\t\t\t<div class=\"accordion__content\" role=\"region\" aria-labelledby=\"accordion-control-526\" aria-hidden=\"true\" id=\"content-526\">\n\t\t\t\t\t<ul>\n<li>Hae ensin aihehaulla k\u00e4ytt\u00e4en hakusanana asiasanastosta l\u00f6ytyv\u00e4\u00e4 itsetunto-sanaa. Asiasana- eli aihehaku kaikista l\u00e4hteist\u00e4 tuottaa 486 tulosta.<\/li>\n<li>Seuraavaksi tee uusi haku vapaasanahaulla, ja k\u00e4yt\u00e4 hakusanana samaa itsetunto -asiasanaa. Tuloksiin sis\u00e4ltyv\u00e4t kaikki edellisen haun viitteet, joiden lis\u00e4ksi mukana on 30 muuta julkaisua. Haku kaikista l\u00e4hteist\u00e4 antaa yhteens\u00e4 516 tulosta.<\/li>\n<li>Aina vapaasanahaku ei kuitenkaan anna enemm\u00e4n tuloksia kuin aihehaku. Sanavalinnalla on merkityst\u00e4: asiasana voi aivan hyvin tuottaa enemm\u00e4n tuloksia kuin jokin toinen, samaan asiaan liittyv\u00e4 luonnollisen kielen hakusana. N\u00e4in tapahtuu etenkin silloin, jos asiasana on kovin yleinen ja sill\u00e4 on monia merkityksi\u00e4.<\/li>\n<li>Kokeile lopuksi sanankatkaisua (ks. <a href=\"https:\/\/sites.uef.fi\/tiedonhaku-kirjasto\/kirjastosanasto\/#sanankatkaisu\">Kirjastosanasto: sanankatkaisu<\/a>) vapaasanahaussa hakusanalla itsetun*. N\u00e4it saat hakutuloksiin mukaan taipuneita muotoja, ja hakutulosten m\u00e4\u00e4r\u00e4 on jo 1257. Huomaa kuitenkin, ett\u00e4 kaikki l\u00f6yd\u00f6kset eiv\u00e4t v\u00e4ltt\u00e4m\u00e4tt\u00e4 liity en\u00e4\u00e4 itsetunto-sanaan, vaan mukana voi olla esim. itsetuntemusta k\u00e4sittelevi\u00e4 julkaisuja.<\/li>\n<\/ul>\n<p>Esimerkkihaut tehtiin UEF-Primossa 8.9.2022 kirjautuneena k\u00e4ytt\u00e4j\u00e4n\u00e4. Jos kokeilet hakuja ilman kirjautumista, hakutulosten m\u00e4\u00e4r\u00e4t ovat hieman pienemm\u00e4t kuin t\u00e4ss\u00e4 esimerkiss\u00e4.<\/p>\n\t\t\t\t<\/div>\n\t\t\t<\/div>\n\t\t\t<\/div>\n\t\n\n\n<div class=\"links-block\">\n\n            <h3>Seuraavaksi<\/h3>\n    \n    <ul class=\"link-list\">\n        \n            \n            <li class=\"link-list-item\">\n                <a href=\"https:\/\/sites.uef.fi\/tiedonhaku-kirjasto\/hakutekniikka-ja-hakutavat\/\" class=\"link-reset link hover-scale-down\">\n                    <svg\n        width=\"43\" height=\"25\"\n        viewBox=\"0 0 43 25\"\n        xmlns=\"http:\/\/www.w3.org\/2000\/svg\">\n    <path\n        d=\"M30.027 0 43 12.5 30.027 25 27 22.083 34.351 15H0v-5h34.351L27 2.917z\"\n        fill=\"currentColor\"\n        fill-rule=\"evenodd\"\/>\n<\/svg>                    <div>Hakutekniikka ja hakutavat<\/div>\n                <\/a>\n                <div class=\"link-info\">\n                                    <\/div>\n            <\/li>\n\n                <\/ul>\n<\/div>","protected":false},"excerpt":{"rendered":"<p>Asiasanat kertovat lyhyesti julkaisun sis\u00e4ll\u00f6st\u00e4 Vakiintuneiden asiasanojen k\u00e4ytt\u00f6 auttaa tietokantoja luokittelemaan julkaisuja tunnettujen, usein toistuvien aiheiden avulla. Siksi asiasanat ovat tietokantahauissa erityisen tehokkaita. Asiasanaa ei pid\u00e4 sekoittaa avainsanaan, joka voi olla mik\u00e4 tahansa dokumentin sis\u00e4lt\u00f6\u00e4 kuvaava sana. Asiasanat taas on m\u00e4\u00e4ritelty virallisissa asiasanastoissa. Asiasana: Asiasanoihin kohdistettu haku voi parantaa hakutulosten aiheenmukaisuutta eli relevanssia ja osuvuutta. [&hellip;]<\/p>\n","protected":false},"author":842,"featured_media":0,"parent":0,"menu_order":0,"comment_status":"closed","ping_status":"closed","template":"","meta":{"_acf_changed":false,"footnotes":""},"class_list":["post-449","page","type-page","status-publish","hentry"],"acf":[],"yoast_head":"<!-- This site is optimized with the Yoast SEO plugin v27.3 - https:\/\/yoast.com\/product\/yoast-seo-wordpress\/ -->\n<title>Asiasanat ja asiasanastot - Tiedonhakijan opas \/\/ UEF-kirjasto<\/title>\n<meta name=\"description\" content=\"Yksi keino tarkentaa hakua on kohdistaa se asiasanoihin, jotka kuvaavat julkaisujen sis\u00e4lt\u00f6\u00e4. Asiasanoja l\u00f6yd\u00e4t sek\u00e4 yleisist\u00e4 ett\u00e4 tieteenalakohtaisista asiasanastoista.\" \/>\n<meta name=\"robots\" content=\"index, follow, max-snippet:-1, max-image-preview:large, max-video-preview:-1\" \/>\n<link rel=\"canonical\" href=\"https:\/\/sites.uef.fi\/tiedonhaku-kirjasto\/asiasanat-ja-asiasanastot\/\" \/>\n<meta property=\"og:locale\" content=\"fi_FI\" \/>\n<meta property=\"og:type\" content=\"article\" \/>\n<meta property=\"og:title\" content=\"Asiasanat ja asiasanastot - Tiedonhakijan opas \/\/ UEF-kirjasto\" \/>\n<meta property=\"og:description\" content=\"Yksi keino tarkentaa hakua on kohdistaa se asiasanoihin, jotka kuvaavat julkaisujen sis\u00e4lt\u00f6\u00e4. Asiasanoja l\u00f6yd\u00e4t sek\u00e4 yleisist\u00e4 ett\u00e4 tieteenalakohtaisista asiasanastoista.\" \/>\n<meta property=\"og:url\" content=\"https:\/\/sites.uef.fi\/tiedonhaku-kirjasto\/asiasanat-ja-asiasanastot\/\" \/>\n<meta property=\"og:site_name\" content=\"Tiedonhakijan opas \/\/ UEF-kirjasto\" \/>\n<meta property=\"article:modified_time\" content=\"2024-08-19T08:20:01+00:00\" \/>\n<meta name=\"twitter:card\" content=\"summary_large_image\" \/>\n<meta name=\"twitter:label1\" content=\"Arvioitu lukuaika\" \/>\n\t<meta name=\"twitter:data1\" content=\"3 minuuttia\" \/>\n<script type=\"application\/ld+json\" class=\"yoast-schema-graph\">{\"@context\":\"https:\\\/\\\/schema.org\",\"@graph\":[{\"@type\":\"WebPage\",\"@id\":\"https:\\\/\\\/sites.uef.fi\\\/tiedonhaku-kirjasto\\\/asiasanat-ja-asiasanastot\\\/\",\"url\":\"https:\\\/\\\/sites.uef.fi\\\/tiedonhaku-kirjasto\\\/asiasanat-ja-asiasanastot\\\/\",\"name\":\"Asiasanat ja asiasanastot - Tiedonhakijan opas \\\/\\\/ UEF-kirjasto\",\"isPartOf\":{\"@id\":\"https:\\\/\\\/sites.uef.fi\\\/tiedonhaku-kirjasto\\\/#website\"},\"datePublished\":\"2022-08-23T10:29:06+00:00\",\"dateModified\":\"2024-08-19T08:20:01+00:00\",\"description\":\"Yksi keino tarkentaa hakua on kohdistaa se asiasanoihin, jotka kuvaavat julkaisujen sis\u00e4lt\u00f6\u00e4. Asiasanoja l\u00f6yd\u00e4t sek\u00e4 yleisist\u00e4 ett\u00e4 tieteenalakohtaisista asiasanastoista.\",\"breadcrumb\":{\"@id\":\"https:\\\/\\\/sites.uef.fi\\\/tiedonhaku-kirjasto\\\/asiasanat-ja-asiasanastot\\\/#breadcrumb\"},\"inLanguage\":\"fi\",\"potentialAction\":[{\"@type\":\"ReadAction\",\"target\":[\"https:\\\/\\\/sites.uef.fi\\\/tiedonhaku-kirjasto\\\/asiasanat-ja-asiasanastot\\\/\"]}]},{\"@type\":\"BreadcrumbList\",\"@id\":\"https:\\\/\\\/sites.uef.fi\\\/tiedonhaku-kirjasto\\\/asiasanat-ja-asiasanastot\\\/#breadcrumb\",\"itemListElement\":[{\"@type\":\"ListItem\",\"position\":1,\"name\":\"Home\",\"item\":\"https:\\\/\\\/sites.uef.fi\\\/tiedonhaku-kirjasto\\\/\"},{\"@type\":\"ListItem\",\"position\":2,\"name\":\"Asiasanat ja asiasanastot\"}]},{\"@type\":\"WebSite\",\"@id\":\"https:\\\/\\\/sites.uef.fi\\\/tiedonhaku-kirjasto\\\/#website\",\"url\":\"https:\\\/\\\/sites.uef.fi\\\/tiedonhaku-kirjasto\\\/\",\"name\":\"Tiedonhakijan opas \\\/\\\/ UEF-kirjasto\",\"description\":\"\",\"potentialAction\":[{\"@type\":\"SearchAction\",\"target\":{\"@type\":\"EntryPoint\",\"urlTemplate\":\"https:\\\/\\\/sites.uef.fi\\\/tiedonhaku-kirjasto\\\/?s={search_term_string}\"},\"query-input\":{\"@type\":\"PropertyValueSpecification\",\"valueRequired\":true,\"valueName\":\"search_term_string\"}}],\"inLanguage\":\"fi\"}]}<\/script>\n<!-- \/ Yoast SEO plugin. -->","yoast_head_json":{"title":"Asiasanat ja asiasanastot - Tiedonhakijan opas \/\/ UEF-kirjasto","description":"Yksi keino tarkentaa hakua on kohdistaa se asiasanoihin, jotka kuvaavat julkaisujen sis\u00e4lt\u00f6\u00e4. Asiasanoja l\u00f6yd\u00e4t sek\u00e4 yleisist\u00e4 ett\u00e4 tieteenalakohtaisista asiasanastoista.","robots":{"index":"index","follow":"follow","max-snippet":"max-snippet:-1","max-image-preview":"max-image-preview:large","max-video-preview":"max-video-preview:-1"},"canonical":"https:\/\/sites.uef.fi\/tiedonhaku-kirjasto\/asiasanat-ja-asiasanastot\/","og_locale":"fi_FI","og_type":"article","og_title":"Asiasanat ja asiasanastot - Tiedonhakijan opas \/\/ UEF-kirjasto","og_description":"Yksi keino tarkentaa hakua on kohdistaa se asiasanoihin, jotka kuvaavat julkaisujen sis\u00e4lt\u00f6\u00e4. Asiasanoja l\u00f6yd\u00e4t sek\u00e4 yleisist\u00e4 ett\u00e4 tieteenalakohtaisista asiasanastoista.","og_url":"https:\/\/sites.uef.fi\/tiedonhaku-kirjasto\/asiasanat-ja-asiasanastot\/","og_site_name":"Tiedonhakijan opas \/\/ UEF-kirjasto","article_modified_time":"2024-08-19T08:20:01+00:00","twitter_card":"summary_large_image","twitter_misc":{"Arvioitu lukuaika":"3 minuuttia"},"schema":{"@context":"https:\/\/schema.org","@graph":[{"@type":"WebPage","@id":"https:\/\/sites.uef.fi\/tiedonhaku-kirjasto\/asiasanat-ja-asiasanastot\/","url":"https:\/\/sites.uef.fi\/tiedonhaku-kirjasto\/asiasanat-ja-asiasanastot\/","name":"Asiasanat ja asiasanastot - Tiedonhakijan opas \/\/ UEF-kirjasto","isPartOf":{"@id":"https:\/\/sites.uef.fi\/tiedonhaku-kirjasto\/#website"},"datePublished":"2022-08-23T10:29:06+00:00","dateModified":"2024-08-19T08:20:01+00:00","description":"Yksi keino tarkentaa hakua on kohdistaa se asiasanoihin, jotka kuvaavat julkaisujen sis\u00e4lt\u00f6\u00e4. Asiasanoja l\u00f6yd\u00e4t sek\u00e4 yleisist\u00e4 ett\u00e4 tieteenalakohtaisista asiasanastoista.","breadcrumb":{"@id":"https:\/\/sites.uef.fi\/tiedonhaku-kirjasto\/asiasanat-ja-asiasanastot\/#breadcrumb"},"inLanguage":"fi","potentialAction":[{"@type":"ReadAction","target":["https:\/\/sites.uef.fi\/tiedonhaku-kirjasto\/asiasanat-ja-asiasanastot\/"]}]},{"@type":"BreadcrumbList","@id":"https:\/\/sites.uef.fi\/tiedonhaku-kirjasto\/asiasanat-ja-asiasanastot\/#breadcrumb","itemListElement":[{"@type":"ListItem","position":1,"name":"Home","item":"https:\/\/sites.uef.fi\/tiedonhaku-kirjasto\/"},{"@type":"ListItem","position":2,"name":"Asiasanat ja asiasanastot"}]},{"@type":"WebSite","@id":"https:\/\/sites.uef.fi\/tiedonhaku-kirjasto\/#website","url":"https:\/\/sites.uef.fi\/tiedonhaku-kirjasto\/","name":"Tiedonhakijan opas \/\/ UEF-kirjasto","description":"","potentialAction":[{"@type":"SearchAction","target":{"@type":"EntryPoint","urlTemplate":"https:\/\/sites.uef.fi\/tiedonhaku-kirjasto\/?s={search_term_string}"},"query-input":{"@type":"PropertyValueSpecification","valueRequired":true,"valueName":"search_term_string"}}],"inLanguage":"fi"}]}},"_links":{"self":[{"href":"https:\/\/sites.uef.fi\/tiedonhaku-kirjasto\/wp-json\/wp\/v2\/pages\/449","targetHints":{"allow":["GET"]}}],"collection":[{"href":"https:\/\/sites.uef.fi\/tiedonhaku-kirjasto\/wp-json\/wp\/v2\/pages"}],"about":[{"href":"https:\/\/sites.uef.fi\/tiedonhaku-kirjasto\/wp-json\/wp\/v2\/types\/page"}],"author":[{"embeddable":true,"href":"https:\/\/sites.uef.fi\/tiedonhaku-kirjasto\/wp-json\/wp\/v2\/users\/842"}],"replies":[{"embeddable":true,"href":"https:\/\/sites.uef.fi\/tiedonhaku-kirjasto\/wp-json\/wp\/v2\/comments?post=449"}],"version-history":[{"count":2,"href":"https:\/\/sites.uef.fi\/tiedonhaku-kirjasto\/wp-json\/wp\/v2\/pages\/449\/revisions"}],"predecessor-version":[{"id":11039,"href":"https:\/\/sites.uef.fi\/tiedonhaku-kirjasto\/wp-json\/wp\/v2\/pages\/449\/revisions\/11039"}],"wp:attachment":[{"href":"https:\/\/sites.uef.fi\/tiedonhaku-kirjasto\/wp-json\/wp\/v2\/media?parent=449"}],"curies":[{"name":"wp","href":"https:\/\/api.w.org\/{rel}","templated":true}]}}