{"id":458,"date":"2022-08-23T10:31:57","date_gmt":"2022-08-23T10:31:57","guid":{"rendered":"https:\/\/sites.uef.fi\/tiedonhaku-kirjasto\/?page_id=458"},"modified":"2023-10-12T15:11:36","modified_gmt":"2023-10-12T12:11:36","slug":"fraasihaku-sanankatkaisu-ja-korvausmerkit","status":"publish","type":"page","link":"https:\/\/sites.uef.fi\/tiedonhaku-kirjasto\/fraasihaku-sanankatkaisu-ja-korvausmerkit\/","title":{"rendered":"Fraasihaku, sanankatkaisu ja korvausmerkit"},"content":{"rendered":"\n<h2 class=\"wp-block-heading\">Fraasihaulla tarkennetaan hakua<\/h2>\n\n\n\n<p>Sanaliitto eli fraasi (phrase) on kahden tai useamman sanan muodostama kokonaisuus, jolla on tietty merkitys. Esimerkiksi &#8221;yliopiston kirjasto&#8221; ja &#8221;yliopiston kirjaston verkkosivusto&#8221; ovat fraaseja, joilla tarkoitetaan eri asioita.<\/p>\n\n\n\n<p>Tiedonhaussa haun aihetta voidaan tarkentaa fraasin avulla. Samalla my\u00f6s hakutulosten m\u00e4\u00e4r\u00e4 pienenee. Jotta fraasin sanat pysyisiv\u00e4t haussa per\u00e4kk\u00e4in ja halutussa j\u00e4rjestyksess\u00e4, pit\u00e4\u00e4 sanojen j\u00e4rjestys ilmaista hakukoneelle. Tiedonhaussa fraasin merkkin\u00e4 k\u00e4ytet\u00e4\u00e4n yleisesti lainausmerkkej\u00e4 \u201d&nbsp;&nbsp; \u201d. <\/p>\n\n\n\n<p>Ilman lainausmerkkej\u00e4 kahden sanan v\u00e4lill\u00e4 on usein AND-operaattori, vaikka sit\u00e4 ei n\u00e4kyville kirjoittaisikaan. Poikkeuksen t\u00e4h\u00e4n tekee esimerkiksi l\u00e4\u00e4ketieteen kotimainen tietokanta Medic, jossa sanojen v\u00e4liss\u00e4 on OR-operaattori. Lis\u00e4\u00e4 muun muassa AND- ja OR-operaattoreista kerrotaan seuraavassa luvussa: <a href=\"https:\/\/sites.uef.fi\/tiedonhaku-kirjasto\/hakusanojen-yhdistaminen-hakulauseeksi\/\">Hakusanojen yhdist\u00e4minen hakulauseeksi<\/a>.<\/p>\n\n\n\n<p>Ilman fraasia hakusanat voivat esiinty\u00e4 miss\u00e4 tahansa tekstin joukossa: eri kentiss\u00e4 tai l\u00e4hell\u00e4 tai kaukana toisistaan. <\/p>\n\n\n\t<div id=\"accordion-block_5d332f1a6feb8417c00ceba4d056e43d\" class=\"accordions\">\n\t\t\t\t\t<div class=\"accordion accordion-js\">\n\t\t\t\t<button class=\"accordion__button\" aria-controls=\"content-9501\" aria-expanded=\"false\" id=\"accordion-control-9501\">\n\t\t\t\t\t<h3 class=\"accordion__heading\" >\n\t\t\t\t\t\tEsimerkkej\u00e4 fraaseista\t\t\t\t\t<\/h3>\n\t\t\t\t<\/button>\n\t\t\t\t<div class=\"accordion__content\" role=\"region\" aria-labelledby=\"accordion-control-9501\" aria-hidden=\"true\" id=\"content-9501\">\n\t\t\t\t\t<p>\u201calueelliset vaikutukset\u201d<br \/>\n\u201ccelebrity culture\u201d<br \/>\n\u201cEuroopan unioni\u201d<br \/>\n\u201cjatkuva oppiminen\u201d<br \/>\n\u201cterveyden edist\u00e4minen\u201d<br \/>\n\u201csecond language learning\u201d<\/p>\n\t\t\t\t<\/div>\n\t\t\t<\/div>\n\t\t\t<\/div>\n\t\n\n\t<div id=\"accordion-block_ed90e9ac540e26688b7178c6d2ddb3dc\" class=\"accordions\">\n\t\t\t\t\t<div class=\"accordion accordion-js\">\n\t\t\t\t<button class=\"accordion__button\" aria-controls=\"content-250\" aria-expanded=\"false\" id=\"accordion-control-250\">\n\t\t\t\t\t<h3 class=\"accordion__heading\" >\n\t\t\t\t\t\tEsimerkkej\u00e4 UEF-Primo \u2013vapaasanahaun tuloksista fraasihaulla ja ilman\t\t\t\t\t<\/h3>\n\t\t\t\t<\/button>\n\t\t\t\t<div class=\"accordion__content\" role=\"region\" aria-labelledby=\"accordion-control-250\" aria-hidden=\"true\" id=\"content-250\">\n\t\t\t\t\t<p>\u201calueelliset vaikutukset\u201d<br \/>\n205 tulosta<\/p>\n<p>alueelliset AND vaikutukset<br \/>\n249 tulosta<\/p>\n<p>alueelliset vaikutukset<br \/>\n249 tulosta<\/p>\n<hr \/>\n<p>&nbsp;<\/p>\n<p>&#8221;social media advertising&#8221;<br \/>\n944 tulosta<\/p>\n<p>social AND media AND advertising<br \/>\n55 858 tulosta<\/p>\n<p>social media advertising<br \/>\n55 859 tulosta<\/p>\n\t\t\t\t<\/div>\n\t\t\t<\/div>\n\t\t\t<\/div>\n\t\n\n\t<div id=\"accordion-block_c2f0c342d5aec5fa6306cfe6b4b3e585\" class=\"accordions\">\n\t\t\t\t\t<div class=\"accordion accordion-js\">\n\t\t\t\t<button class=\"accordion__button\" aria-controls=\"content-3429\" aria-expanded=\"false\" id=\"accordion-control-3429\">\n\t\t\t\t\t<h3 class=\"accordion__heading\" >\n\t\t\t\t\t\tHakuesimerkki UEF-Primossa: sanaliitto vai yksitt\u00e4iset hakusanat\t\t\t\t\t<\/h3>\n\t\t\t\t<\/button>\n\t\t\t\t<div class=\"accordion__content\" role=\"region\" aria-labelledby=\"accordion-control-3429\" aria-hidden=\"true\" id=\"content-3429\">\n\t\t\t\t\t<p>Seuraavassa haettiin sanaliitolla \u201dSpecial education\u201d. Sanat ovat hakutuloksissa yhdess\u00e4, per\u00e4kk\u00e4in, annetussa j\u00e4rjestyksess\u00e4, ja muodostavat k\u00e4sitteen. Haku tuotti tuloksena esimerkiksi kirjan, jonka otsikossa on sanaliitto: History of special education.<\/p>\n<iframe loading=\"lazy\" width=\"960\" height=\"267\" src=\"https:\/\/www.thinglink.com\/card\/1624409744783441923\" frameborder=\"0\" allowfullscreen><\/iframe><br \/><a href=\"https:\/\/app.widgets.thinglink.com\/accessibility\/1624409744783441923\" rel=\"noopener noreferrer\">Siirry t\u00e4st\u00e4 kuvan saavutettavaan versioon.<\/a>\n<hr>\n<p>Fraasihaun j\u00e4lkeen haettiin sanoilla Special education, ilman fraasia. Haun tuloksena saatiin kaikki viitteet, joissa molemmat sanat esiintyv\u00e4t, yhdess\u00e4 tai erikseen. Haku tuotti tuloksena esimerkiksi arvostelun, jonka tiedoista l\u00f6ytyv\u00e4t hakusanat, mutta ei sanaliittoa: Special Report to the Honorable the Minister of Education on the Ontario exhibit, and the Educational Features of the International Exhibition at Philadelphia.<\/p>\n<iframe loading=\"lazy\" width=\"960\" height=\"257\" src=\"https:\/\/www.thinglink.com\/card\/1624410032403644419\" frameborder=\"0\" allowfullscreen><\/iframe><br \/><a href=\"https:\/\/app.widgets.thinglink.com\/accessibility\/1624410032403644419\" rel=\"noopener noreferrer\">Siirry t\u00e4st\u00e4 kuvan saavutettavaan versioon.<\/a>\n<hr>\n<p>Ilman fraasia hakusanat voivat esiinty\u00e4 miss\u00e4 tahansa tekstin joukossa, tietueen eri kentiss\u00e4 tai l\u00e4hell\u00e4 tai kaukana toisistaan.\u00a0Esimerkiksi sana Special voi olla otsikossa ja education taas kuvauksessa. Kaikki hakutulokset eiv\u00e4t siksi v\u00e4ltt\u00e4m\u00e4tt\u00e4 ole en\u00e4\u00e4 siit\u00e4 aiheesta, josta oli tarkoitus.<\/p>\n\t\t\t\t<\/div>\n\t\t\t<\/div>\n\t\t\t<\/div>\n\t\n\n\n<h2 class=\"wp-block-heading\" id=\"sanankatkaisu\">Sanankatkaisulla hakuun saadaan mukaan taivutusmuodot<\/h2>\n\n\n\n<p>Luonnollisen kielen sanat taipuvat tai esiintyv\u00e4t yhdyssanojen osina. Sanoista saa my\u00f6s muokattua erilaisia johdoksia.<\/p>\n\n\n\n<p><a id=\"_msocom_2\"><\/a>Tiedonhaussa on aika harvinaista, ett\u00e4 hakutuloksiin halutaan vain tietyss\u00e4 taivutusmuodossa olevia hakusanoja. Tietokantojen hakukoneet taas eiv\u00e4t yleens\u00e4 osaa p\u00e4\u00e4tell\u00e4 sanan perusmuotoa, vaan tekev\u00e4t haut hakusanalauseen t\u00e4sm\u00e4llisen kirjoitusmuodon perusteella. Siksi osa hyvist\u00e4 hakutuloksista voi j\u00e4\u00e4d\u00e4 vahingossa haun ulkopuolelle.&nbsp;<\/p>\n\n\n\n<p>Tietokannan hakukoneelle on kerrottava erikseen, ett\u00e4 hakulauseella halutaan hakea kaikkia erilaisia hakusanan taivutusmuotoja (esim. opiskelija, opiskelijan, opiskelijaksi, opiskelijana) ja mahdollisesti johdoksiakin. T\u00e4m\u00e4 tehd\u00e4\u00e4n k\u00e4ytt\u00e4m\u00e4ll\u00e4 sanankatkaisua.<\/p>\n\n\n\n<p>Sanankatkaisu tapahtuu k\u00e4ytt\u00e4m\u00e4ll\u00e4 hakusanana sanan taipumatonta vartaloa, johon liitet\u00e4\u00e4n katkaisumerkki (truncation mark). Katkaisumerkkin\u00e4 k\u00e4ytet\u00e4\u00e4n asteriskia (t\u00e4htimerkki): *<\/p>\n\n\n\n<p>Yleiss\u00e4\u00e4nt\u00f6 on, ett\u00e4 k\u00e4ytt\u00e4m\u00e4ll\u00e4 sanankatkaisua saadaan lis\u00e4\u00e4 hakutuloksia. Yht\u00e4 hakusanaa k\u00e4ytt\u00e4m\u00e4ll\u00e4 haetaan kerralla lukuisia erilaisia taivutusmuotoja, johdoksia ja muita variantteja.<\/p>\n\n\n\t<div id=\"accordion-block_163d92b0fd7287c264b7bcbb367aa34f\" class=\"accordions\">\n\t\t\t\t\t<div class=\"accordion accordion-js\">\n\t\t\t\t<button class=\"accordion__button\" aria-controls=\"content-1138\" aria-expanded=\"false\" id=\"accordion-control-1138\">\n\t\t\t\t\t<h3 class=\"accordion__heading\" >\n\t\t\t\t\t\tEsimerkkej\u00e4 sanankatkaisusta\t\t\t\t\t<\/h3>\n\t\t\t\t<\/button>\n\t\t\t\t<div class=\"accordion__content\" role=\"region\" aria-labelledby=\"accordion-control-1138\" aria-hidden=\"true\" id=\"content-1138\">\n\t\t\t\t\t<p><strong>Sanojen taipuneita muotoja ja johdoksia:<\/strong><\/p>\n<p>computer, computers, computerised, computerized, computation, computational\u2026<\/p>\n<p>translating, translator, translation, translated, translative\u2026<\/p>\n<p><strong>Esimerkki sanankatkaisupaikasta:\u00a0<\/strong><\/p>\n<p>comput*<\/p>\n<p>translat*<\/p>\n\t\t\t\t<\/div>\n\t\t\t<\/div>\n\t\t\t<\/div>\n\t\n\n\n<h3 class=\"wp-block-heading\">Miten sanat katkaistaan?<\/h3>\n\n\n\n<p>Katkaisukohdan kanssa pit\u00e4\u00e4 olla tarkkana. Jos katkaisee liian aikaisin (esim. comp*), tulee my\u00f6s v\u00e4\u00e4ri\u00e4 osumia. Jos katkaisee liian my\u00f6h\u00e4\u00e4n (esim. computer*), osa j\u00e4\u00e4 l\u00f6ytym\u00e4tt\u00e4.<\/p>\n\n\n\n<p>Sanavartalo\u00a0 on hyv\u00e4 yleiss\u00e4\u00e4nt\u00f6, mutta ei pid\u00e4 paikkaansa aina, esim. jos vartalo on hyvin lyhyt, kuten sanassa ty\u00f6. Haun kannalta ongelmallisesti taipuu my\u00f6s esimerkiksi sana lapset -&gt; lasten.<\/p>\n\n\n\t<div id=\"accordion-block_315bfec2dc4fcac0f513cc2f13d2013b\" class=\"accordions\">\n\t\t\t\t\t<div class=\"accordion accordion-js\">\n\t\t\t\t<button class=\"accordion__button\" aria-controls=\"content-5800\" aria-expanded=\"false\" id=\"accordion-control-5800\">\n\t\t\t\t\t<h3 class=\"accordion__heading\" >\n\t\t\t\t\t\tEsimerkki katkaisukohdan vaikutuksesta \t\t\t\t\t<\/h3>\n\t\t\t\t<\/button>\n\t\t\t\t<div class=\"accordion__content\" role=\"region\" aria-labelledby=\"accordion-control-5800\" aria-hidden=\"true\" id=\"content-5800\">\n\t\t\t\t\t<iframe loading=\"lazy\" width=\"800\" height=\"546\" src=\"https:\/\/www.thinglink.com\/card\/1627204970052845571\" frameborder=\"0\" allowfullscreen><\/iframe><br \/><a href=\"https:\/\/app.widgets.thinglink.com\/accessibility\/1627204970052845571\" rel=\"noopener noreferrer\">Siirry t\u00e4st\u00e4 kuvan saavutettavaan versioon.<\/a>\n\t\t\t\t<\/div>\n\t\t\t<\/div>\n\t\t\t<\/div>\n\t\n\n\n<h2 class=\"wp-block-heading\">Korvausmerkit avuksi, kun hakusanan kirjoitusasu vaihtelee<\/h2>\n\n\n\n<p>Korvausmerkkej\u00e4 (wildcards) tarvitaan useimmiten hakusanoissa, joiden kirjoitusasu vaihtelee. Esimerkiksi brittil\u00e4isess\u00e4 englannissa k\u00e4ytet\u00e4\u00e4n sanaa organisation<em> <\/em>ja<em> <\/em>amerikanenglannissa organization. Jotta molemmat sanat saadaan mukaan hakuun, ongelmallisen kirjaimen kohdalle hakusanaan voi sijoittaa korvausmerkin.<\/p>\n\n\n\t<div id=\"accordion-block_601038d365937217f6da4553f2a0b564\" class=\"accordions\">\n\t\t\t\t\t<div class=\"accordion accordion-js\">\n\t\t\t\t<button class=\"accordion__button\" aria-controls=\"content-4302\" aria-expanded=\"false\" id=\"accordion-control-4302\">\n\t\t\t\t\t<h3 class=\"accordion__heading\" >\n\t\t\t\t\t\tKorvausmerkki korvaa joko yhden tai yhden\/nolla kirjainta\t\t\t\t\t<\/h3>\n\t\t\t\t<\/button>\n\t\t\t\t<div class=\"accordion__content\" role=\"region\" aria-labelledby=\"accordion-control-4302\" aria-hidden=\"true\" id=\"content-4302\">\n\t\t\t\t\t<p>Yleisesti ottaen korvausmerkki voi toimia kahdella tavalla.<\/p>\n<p>1) merkki korvaa sanasta t\u00e4sm\u00e4lleen yhden kirjaimen<br \/>\norgani_ation = organisation tai organization<\/p>\n<p>2) merkki korvaa sanasta yhden tai nolla kirjainta<br \/>\nfavo_rite = favorite tai favourite<\/p>\n\t\t\t\t<\/div>\n\t\t\t<\/div>\n\t\t\t\t\t<div class=\"accordion accordion-js\">\n\t\t\t\t<button class=\"accordion__button\" aria-controls=\"content-1318\" aria-expanded=\"false\" id=\"accordion-control-1318\">\n\t\t\t\t\t<h3 class=\"accordion__heading\" >\n\t\t\t\t\t\tKorvausmerkkien symbolit vaihtelevat\t\t\t\t\t<\/h3>\n\t\t\t\t<\/button>\n\t\t\t\t<div class=\"accordion__content\" role=\"region\" aria-labelledby=\"accordion-control-1318\" aria-hidden=\"true\" id=\"content-1318\">\n\t\t\t\t\t<p>Korvausmerkkien symbolit vaihtelevat tietokannasta toiseen, eik\u00e4 niit\u00e4 aivan kaikissa tietokannoissa tarvita tai ole edes k\u00e4yt\u00f6ss\u00e4.<\/p>\n<p>Esimerkiksi monet kansainv\u00e4liset tietokannat ottavat kirjoitusmuotovariantit huomioon automaattisesti, eik\u00e4 korvausmerkki\u00e4 tarvita. L\u00e4hes aina yksikk\u00f6muotoisena haettu sana l\u00f6yt\u00e4\u00e4 my\u00f6s monikon ja p\u00e4invastoin.<\/p>\n<p>Korvausmerkkien k\u00e4ytt\u00f6\u00f6n liittyv\u00e4t tarkemmat tiedot kannattaa siis tarkistaa tietokannan ohjeista.<\/p>\n\t\t\t\t<\/div>\n\t\t\t<\/div>\n\t\t\t<\/div>\n\t\n\n\n<h2 class=\"wp-block-heading\">Sananhakuautomatiikan erityistapauksia<\/h2>\n\n\n\n<p>Fraasihaku toimii my\u00f6s Googlessa.<\/p>\n\n\n\n<p>Sanankatkaisun kanssa on hyv\u00e4 pit\u00e4\u00e4 mieless\u00e4, ett\u00e4 erilaiset sananhakuautomatiikat, kuten sanankatkaisu ja korvausmerkit, eiv\u00e4t yleens\u00e4 toimi oikein, jos hakusana on kirjoitettu lainausmerkkien sis\u00e4\u00e4n (fraasihaku).<\/p>\n\n\n\n<p>Esimerkiksi UEF-Primo ei osaa taivuttaa suomen kielt\u00e4. Siksi UEF-Primossa pit\u00e4\u00e4 aina muistaa k\u00e4ytt\u00e4\u00e4 sanankatkaisua. UEF-Primossa et kuitenkaan voi tehd\u00e4 sanankatkaisua lainausmerkkien sis\u00e4ll\u00e4 oleville sanoille.<\/p>\n\n\n\n<div class=\"links-block\">\n\n            <h3>Seuraavaksi<\/h3>\n    \n    <ul class=\"link-list\">\n        \n            \n            <li class=\"link-list-item\">\n                <a href=\"https:\/\/sites.uef.fi\/tiedonhaku-kirjasto\/hakusanojen-yhdistaminen-hakulauseeksi\/\" class=\"link-reset link hover-scale-down\">\n                    <svg\n        width=\"43\" height=\"25\"\n        viewBox=\"0 0 43 25\"\n        xmlns=\"http:\/\/www.w3.org\/2000\/svg\">\n    <path\n        d=\"M30.027 0 43 12.5 30.027 25 27 22.083 34.351 15H0v-5h34.351L27 2.917z\"\n        fill=\"currentColor\"\n        fill-rule=\"evenodd\"\/>\n<\/svg>                    <div>Hakusanojen yhdist\u00e4minen hakulauseeksi<\/div>\n                <\/a>\n                <div class=\"link-info\">\n                                    <\/div>\n            <\/li>\n\n                <\/ul>\n<\/div>","protected":false},"excerpt":{"rendered":"<p>Fraasihaulla tarkennetaan hakua Sanaliitto eli fraasi (phrase) on kahden tai useamman sanan muodostama kokonaisuus, jolla on tietty merkitys. Esimerkiksi &#8221;yliopiston kirjasto&#8221; ja &#8221;yliopiston kirjaston verkkosivusto&#8221; ovat fraaseja, joilla tarkoitetaan eri asioita. Tiedonhaussa haun aihetta voidaan tarkentaa fraasin avulla. Samalla my\u00f6s hakutulosten m\u00e4\u00e4r\u00e4 pienenee. Jotta fraasin sanat pysyisiv\u00e4t haussa per\u00e4kk\u00e4in ja halutussa j\u00e4rjestyksess\u00e4, pit\u00e4\u00e4 sanojen j\u00e4rjestys [&hellip;]<\/p>\n","protected":false},"author":842,"featured_media":0,"parent":0,"menu_order":0,"comment_status":"closed","ping_status":"closed","template":"","meta":{"_acf_changed":false,"footnotes":""},"class_list":["post-458","page","type-page","status-publish","hentry"],"acf":[],"yoast_head":"<!-- This site is optimized with the Yoast SEO plugin v27.1.1 - https:\/\/yoast.com\/product\/yoast-seo-wordpress\/ -->\n<title>Fraasihaku, sanankatkaisu ja korvausmerkit - Tiedonhakijan opas \/\/ UEF-kirjasto<\/title>\n<meta name=\"description\" content=\"Hakuasi voit tarkentaa fraaseja hy\u00f6dynt\u00e4m\u00e4ll\u00e4 ja laajentaa katkaisulla, joka huomioi sanan erilaiset taivutusmuodot. Korvausmerkeill\u00e4 l\u00f6yd\u00e4t sanan eri kirjoitusmuodot.\" \/>\n<meta name=\"robots\" content=\"index, follow, max-snippet:-1, max-image-preview:large, max-video-preview:-1\" \/>\n<link rel=\"canonical\" href=\"https:\/\/sites.uef.fi\/tiedonhaku-kirjasto\/fraasihaku-sanankatkaisu-ja-korvausmerkit\/\" \/>\n<meta property=\"og:locale\" content=\"fi_FI\" \/>\n<meta property=\"og:type\" content=\"article\" \/>\n<meta property=\"og:title\" content=\"Fraasihaku, sanankatkaisu ja korvausmerkit - Tiedonhakijan opas \/\/ UEF-kirjasto\" \/>\n<meta property=\"og:description\" content=\"Hakuasi voit tarkentaa fraaseja hy\u00f6dynt\u00e4m\u00e4ll\u00e4 ja laajentaa katkaisulla, joka huomioi sanan erilaiset taivutusmuodot. Korvausmerkeill\u00e4 l\u00f6yd\u00e4t sanan eri kirjoitusmuodot.\" \/>\n<meta property=\"og:url\" content=\"https:\/\/sites.uef.fi\/tiedonhaku-kirjasto\/fraasihaku-sanankatkaisu-ja-korvausmerkit\/\" \/>\n<meta property=\"og:site_name\" content=\"Tiedonhakijan opas \/\/ UEF-kirjasto\" \/>\n<meta property=\"article:modified_time\" content=\"2023-10-12T12:11:36+00:00\" \/>\n<meta name=\"twitter:card\" content=\"summary_large_image\" \/>\n<meta name=\"twitter:label1\" content=\"Arvioitu lukuaika\" \/>\n\t<meta name=\"twitter:data1\" content=\"3 minuuttia\" \/>\n<script type=\"application\/ld+json\" class=\"yoast-schema-graph\">{\"@context\":\"https:\/\/schema.org\",\"@graph\":[{\"@type\":\"WebPage\",\"@id\":\"https:\/\/sites.uef.fi\/tiedonhaku-kirjasto\/fraasihaku-sanankatkaisu-ja-korvausmerkit\/\",\"url\":\"https:\/\/sites.uef.fi\/tiedonhaku-kirjasto\/fraasihaku-sanankatkaisu-ja-korvausmerkit\/\",\"name\":\"Fraasihaku, sanankatkaisu ja korvausmerkit - Tiedonhakijan opas \/\/ UEF-kirjasto\",\"isPartOf\":{\"@id\":\"https:\/\/sites.uef.fi\/tiedonhaku-kirjasto\/#website\"},\"datePublished\":\"2022-08-23T10:31:57+00:00\",\"dateModified\":\"2023-10-12T12:11:36+00:00\",\"description\":\"Hakuasi voit tarkentaa fraaseja hy\u00f6dynt\u00e4m\u00e4ll\u00e4 ja laajentaa katkaisulla, joka huomioi sanan erilaiset taivutusmuodot. Korvausmerkeill\u00e4 l\u00f6yd\u00e4t sanan eri kirjoitusmuodot.\",\"breadcrumb\":{\"@id\":\"https:\/\/sites.uef.fi\/tiedonhaku-kirjasto\/fraasihaku-sanankatkaisu-ja-korvausmerkit\/#breadcrumb\"},\"inLanguage\":\"fi\",\"potentialAction\":[{\"@type\":\"ReadAction\",\"target\":[\"https:\/\/sites.uef.fi\/tiedonhaku-kirjasto\/fraasihaku-sanankatkaisu-ja-korvausmerkit\/\"]}]},{\"@type\":\"BreadcrumbList\",\"@id\":\"https:\/\/sites.uef.fi\/tiedonhaku-kirjasto\/fraasihaku-sanankatkaisu-ja-korvausmerkit\/#breadcrumb\",\"itemListElement\":[{\"@type\":\"ListItem\",\"position\":1,\"name\":\"Home\",\"item\":\"https:\/\/sites.uef.fi\/tiedonhaku-kirjasto\/\"},{\"@type\":\"ListItem\",\"position\":2,\"name\":\"Fraasihaku, sanankatkaisu ja korvausmerkit\"}]},{\"@type\":\"WebSite\",\"@id\":\"https:\/\/sites.uef.fi\/tiedonhaku-kirjasto\/#website\",\"url\":\"https:\/\/sites.uef.fi\/tiedonhaku-kirjasto\/\",\"name\":\"Tiedonhakijan opas \/\/ UEF-kirjasto\",\"description\":\"\",\"potentialAction\":[{\"@type\":\"SearchAction\",\"target\":{\"@type\":\"EntryPoint\",\"urlTemplate\":\"https:\/\/sites.uef.fi\/tiedonhaku-kirjasto\/?s={search_term_string}\"},\"query-input\":{\"@type\":\"PropertyValueSpecification\",\"valueRequired\":true,\"valueName\":\"search_term_string\"}}],\"inLanguage\":\"fi\"}]}<\/script>\n<!-- \/ Yoast SEO plugin. -->","yoast_head_json":{"title":"Fraasihaku, sanankatkaisu ja korvausmerkit - Tiedonhakijan opas \/\/ UEF-kirjasto","description":"Hakuasi voit tarkentaa fraaseja hy\u00f6dynt\u00e4m\u00e4ll\u00e4 ja laajentaa katkaisulla, joka huomioi sanan erilaiset taivutusmuodot. Korvausmerkeill\u00e4 l\u00f6yd\u00e4t sanan eri kirjoitusmuodot.","robots":{"index":"index","follow":"follow","max-snippet":"max-snippet:-1","max-image-preview":"max-image-preview:large","max-video-preview":"max-video-preview:-1"},"canonical":"https:\/\/sites.uef.fi\/tiedonhaku-kirjasto\/fraasihaku-sanankatkaisu-ja-korvausmerkit\/","og_locale":"fi_FI","og_type":"article","og_title":"Fraasihaku, sanankatkaisu ja korvausmerkit - Tiedonhakijan opas \/\/ UEF-kirjasto","og_description":"Hakuasi voit tarkentaa fraaseja hy\u00f6dynt\u00e4m\u00e4ll\u00e4 ja laajentaa katkaisulla, joka huomioi sanan erilaiset taivutusmuodot. Korvausmerkeill\u00e4 l\u00f6yd\u00e4t sanan eri kirjoitusmuodot.","og_url":"https:\/\/sites.uef.fi\/tiedonhaku-kirjasto\/fraasihaku-sanankatkaisu-ja-korvausmerkit\/","og_site_name":"Tiedonhakijan opas \/\/ UEF-kirjasto","article_modified_time":"2023-10-12T12:11:36+00:00","twitter_card":"summary_large_image","twitter_misc":{"Arvioitu lukuaika":"3 minuuttia"},"schema":{"@context":"https:\/\/schema.org","@graph":[{"@type":"WebPage","@id":"https:\/\/sites.uef.fi\/tiedonhaku-kirjasto\/fraasihaku-sanankatkaisu-ja-korvausmerkit\/","url":"https:\/\/sites.uef.fi\/tiedonhaku-kirjasto\/fraasihaku-sanankatkaisu-ja-korvausmerkit\/","name":"Fraasihaku, sanankatkaisu ja korvausmerkit - Tiedonhakijan opas \/\/ UEF-kirjasto","isPartOf":{"@id":"https:\/\/sites.uef.fi\/tiedonhaku-kirjasto\/#website"},"datePublished":"2022-08-23T10:31:57+00:00","dateModified":"2023-10-12T12:11:36+00:00","description":"Hakuasi voit tarkentaa fraaseja hy\u00f6dynt\u00e4m\u00e4ll\u00e4 ja laajentaa katkaisulla, joka huomioi sanan erilaiset taivutusmuodot. Korvausmerkeill\u00e4 l\u00f6yd\u00e4t sanan eri kirjoitusmuodot.","breadcrumb":{"@id":"https:\/\/sites.uef.fi\/tiedonhaku-kirjasto\/fraasihaku-sanankatkaisu-ja-korvausmerkit\/#breadcrumb"},"inLanguage":"fi","potentialAction":[{"@type":"ReadAction","target":["https:\/\/sites.uef.fi\/tiedonhaku-kirjasto\/fraasihaku-sanankatkaisu-ja-korvausmerkit\/"]}]},{"@type":"BreadcrumbList","@id":"https:\/\/sites.uef.fi\/tiedonhaku-kirjasto\/fraasihaku-sanankatkaisu-ja-korvausmerkit\/#breadcrumb","itemListElement":[{"@type":"ListItem","position":1,"name":"Home","item":"https:\/\/sites.uef.fi\/tiedonhaku-kirjasto\/"},{"@type":"ListItem","position":2,"name":"Fraasihaku, sanankatkaisu ja korvausmerkit"}]},{"@type":"WebSite","@id":"https:\/\/sites.uef.fi\/tiedonhaku-kirjasto\/#website","url":"https:\/\/sites.uef.fi\/tiedonhaku-kirjasto\/","name":"Tiedonhakijan opas \/\/ UEF-kirjasto","description":"","potentialAction":[{"@type":"SearchAction","target":{"@type":"EntryPoint","urlTemplate":"https:\/\/sites.uef.fi\/tiedonhaku-kirjasto\/?s={search_term_string}"},"query-input":{"@type":"PropertyValueSpecification","valueRequired":true,"valueName":"search_term_string"}}],"inLanguage":"fi"}]}},"_links":{"self":[{"href":"https:\/\/sites.uef.fi\/tiedonhaku-kirjasto\/wp-json\/wp\/v2\/pages\/458","targetHints":{"allow":["GET"]}}],"collection":[{"href":"https:\/\/sites.uef.fi\/tiedonhaku-kirjasto\/wp-json\/wp\/v2\/pages"}],"about":[{"href":"https:\/\/sites.uef.fi\/tiedonhaku-kirjasto\/wp-json\/wp\/v2\/types\/page"}],"author":[{"embeddable":true,"href":"https:\/\/sites.uef.fi\/tiedonhaku-kirjasto\/wp-json\/wp\/v2\/users\/842"}],"replies":[{"embeddable":true,"href":"https:\/\/sites.uef.fi\/tiedonhaku-kirjasto\/wp-json\/wp\/v2\/comments?post=458"}],"version-history":[{"count":2,"href":"https:\/\/sites.uef.fi\/tiedonhaku-kirjasto\/wp-json\/wp\/v2\/pages\/458\/revisions"}],"predecessor-version":[{"id":10832,"href":"https:\/\/sites.uef.fi\/tiedonhaku-kirjasto\/wp-json\/wp\/v2\/pages\/458\/revisions\/10832"}],"wp:attachment":[{"href":"https:\/\/sites.uef.fi\/tiedonhaku-kirjasto\/wp-json\/wp\/v2\/media?parent=458"}],"curies":[{"name":"wp","href":"https:\/\/api.w.org\/{rel}","templated":true}]}}