{"id":467,"date":"2022-08-23T10:32:29","date_gmt":"2022-08-23T10:32:29","guid":{"rendered":"https:\/\/sites.uef.fi\/tiedonhaku-kirjasto\/?page_id=467"},"modified":"2023-10-10T09:22:07","modified_gmt":"2023-10-10T06:22:07","slug":"hakusanojen-yhdistaminen-hakulauseeksi","status":"publish","type":"page","link":"https:\/\/sites.uef.fi\/tiedonhaku-kirjasto\/hakusanojen-yhdistaminen-hakulauseeksi\/","title":{"rendered":"Hakusanojen yhdist\u00e4minen hakulauseeksi"},"content":{"rendered":"\n<p>Vaihtoehtoisten ja rajaavien hakusanojen kanssa k\u00e4ytet\u00e4\u00e4n Boolen operaattoreita. Tiedonhaussa operaattoreita on Boolen logiikan mukaisesti kolme: AND, OR ja NOT. Hakusanat ja fraasit yhdess\u00e4 AND-, OR- ja NOT-operaattoreiden kanssa muodostavat hakulauseen.<\/p>\n\n\n\n<p>Yhdess\u00e4 lauseessa voi olla yksi tai useampia operaattoreita haettavan aiheen mukaan. Operaattorien kirjainkoolla ei ole yleens\u00e4 merkityst\u00e4 hakutilanteessa. UEF-Primo- ja PubMed -tietokantojen hakulauseisiin operaattorit pit\u00e4\u00e4 kuitenkin antaa isoilla kirjaimilla. T\u00e4ss\u00e4 oppaassa operaattorit kirjoitetaan selvyyden vuoksi aina isoilla kirjaimilla.<\/p>\n\n\n\n<p>Fraasien ja Boolen operaattoreiden ei kuitenkaan tarvitse aina olla mukana hakulauseessa. Ideana on, ett\u00e4 hakusanojen, fraasien ja operaattoreiden k\u00e4ytt\u00f6 sopii haun tarkoitukseen niin, ett\u00e4 hakulauseen avulla l\u00f6ydet\u00e4\u00e4n hakuaiheen kannalta riitt\u00e4v\u00e4sti oleellisia hakutuloksia.<\/p>\n\n\n\t<div id=\"accordion-block_64acbe429476a42c8fcde6ce3964e790\" class=\"accordions\">\n\t\t\t\t\t<div class=\"accordion accordion-js\">\n\t\t\t\t<button class=\"accordion__button\" aria-controls=\"content-2259\" aria-expanded=\"false\" id=\"accordion-control-2259\">\n\t\t\t\t\t<h3 class=\"accordion__heading\" >\n\t\t\t\t\t\tBoolen logiikka tiedonhaussa?\t\t\t\t\t<\/h3>\n\t\t\t\t<\/button>\n\t\t\t\t<div class=\"accordion__content\" role=\"region\" aria-labelledby=\"accordion-control-2259\" aria-hidden=\"true\" id=\"content-2259\">\n\t\t\t\t\t<p>Operaattoreita ja niiden taustalla olevaa Boolen logiikkaa k\u00e4ytet\u00e4\u00e4n yleisesti tietokannoissa. Siksi Boolen logiikan osaaminen on yksi tiedonhaun perustaidoista.<\/p>\n<p>Boolen logiikkaa ei kuitenkaan kannata s\u00e4ik\u00e4ht\u00e4\u00e4, vaikka logiikan opiskelu olisi j\u00e4\u00e4nyt v\u00e4hemm\u00e4lle panostukselle. Kun Boolen logiikkaa ja tiedonhakua ajatellaan mahdollisimman yksinkertaisesti, operaattorit ovat hakulauseen apusanoja, joiden avulla voit tarkentaa ja laajentaa tiedonhakua.<\/p>\n\t\t\t\t<\/div>\n\t\t\t<\/div>\n\t\t\t<\/div>\n\t\n\n\n<h2 class=\"wp-block-heading\">AND-operaattori rajaa ja tarkentaa hakua<\/h2>\n\n\n\n<p>AND-operaattori hakusanojen v\u00e4liss\u00e4 tarkoittaa, ett\u00e4 tietokannasta halutaan l\u00f6yt\u00e4\u00e4 ne julkaisut (eli tietueet, ks. <a href=\"https:\/\/sites.uef.fi\/tiedonhaku-kirjasto\/kirjastosanasto\/#tietue\">Kirjastosanasto: tietue<\/a>), joissa operaattorin vasemmalla ja oikealla puolella olevat hakusanat esiintyv\u00e4t yht\u00e4 aikaa. AND-operaattorilla siis yhdistet\u00e4\u00e4n hakusanoja toisiinsa.<\/p>\n\n\n\n<p>AND-operaattorilla yhdistet\u00e4\u00e4n hakusanat, jotka ovat riippuvuussuhteessa, syy-seuraus \u2013suhteessa tai vaikutussuhteessa toisiinsa (kuten esimerkiksi: liikunta AND terveys). AND ei useinkaan tarkoita samaa kuin luonnollisen kielen ja-sana. Monet aiheet on ilmaistu ihmiskielell\u00e4 n\u00e4in: &#8221;k\u00e4sitteen 1 ja k\u00e4sitteen 2 vaikutus k\u00e4sitteeseen 3.&#8221; Todellisuudessa haluttaisiin kuitenkin tietoa joko k\u00e4sitteen 1 tai k\u00e4sitteen 2 tai molempien k\u00e4sitteiden vaikutuksesta k\u00e4sitteeseen 3. T\u00e4ll\u00f6in AND rajaisi hakutulosta liikaa, jos sill\u00e4 yhdistett\u00e4isiin kaikki k\u00e4sitteet.<\/p>\n\n\n\n<p>Hakusanojen yhdist\u00e4minen AND-operaattoreilla tarkentaa hakua: mit\u00e4 enemm\u00e4n rajaavia hakusanoja k\u00e4ytet\u00e4\u00e4n, sen tarkempaa hakua ollaan tekem\u00e4ss\u00e4 ja sit\u00e4 pienempi (ainakin teoriassa) on tulosjoukon koko.<\/p>\n\n\n<iframe loading=\"lazy\" title=\"Havainnollistavia kaaviokuvia AND-operaattorin toiminnasta.\" width=\"923\" height=\"614\" data-original-width=\"923\" data-original-height=\"614\" src=\"https:\/\/www.thinglink.com\/card\/1627291030338404355\" type=\"text\/html\" frameborder=\"0\" webkitallowfullscreen mozallowfullscreen allowfullscreen scrolling=\"no\"><\/iframe><script async src=\"\/\/cdn.thinglink.me\/jse\/responsive.js\"><\/script><br\/><a href=\"https:\/\/app.widgets.thinglink.com\/accessibility\/1627291030338404355\" rel=\"noopener noreferrer\">Siirry t\u00e4st\u00e4 kuvan saavutettavaan versioon.<\/a>\n\n\n\n<h2 class=\"wp-block-heading\">OR-operaattori laajentaa hakua<\/h2>\n\n\n\n<p>OR-operaattori kertoo hakukoneelle, ett\u00e4 tietokannasta tulee l\u00f6yt\u00e4\u00e4 kaikki ne julkaisut (eli tietueet), joissa esiintyy edes toinen OR-operaattorin vasemmalla tai oikealla puolella olevista hakusanoista. My\u00f6s ne tietueet, joissa molemmat hakusanat esiintyv\u00e4t yht\u00e4 aikaa, tulevat mukaan hakutuloksiin.<\/p>\n\n\n\n<p>OR-operaattorilla yhdistet\u00e4\u00e4n samaa k\u00e4sitett\u00e4 kuvaavat vaihtoehtoiset hakusanat, kuten synonyymit tai rinnakkaiset k\u00e4sitteet. Mit\u00e4 useampia vaihtoehtoisia ilmaisumuotoja otetaan mukaan, sen laajempi on haun tulos.<\/p>\n\n\n\n<p>OR-operaattorin k\u00e4ytt\u00f6 on turhaa silloin, kun vaihtoehtoinen sana kattaa my\u00f6s tarkemman termin, joka usein on sanaliitto. Esimerkiksi haussa \u201ddefence mechanism\u201d OR defence, riitt\u00e4\u00e4 sana defence yksinkin l\u00f6yt\u00e4m\u00e4\u00e4n my\u00f6s ilmauksen defence mechanism.<\/p>\n\n\n<iframe loading=\"lazy\" title=\"Havainnollistavia kaaviokuvia OR-operaattorin toiminnasta.\" width=\"927\" height=\"622\" data-original-width=\"927\" data-original-height=\"622\" src=\"https:\/\/www.thinglink.com\/card\/1627291526201606147\" type=\"text\/html\" frameborder=\"0\" webkitallowfullscreen mozallowfullscreen allowfullscreen scrolling=\"no\"><\/iframe><script async src=\"\/\/cdn.thinglink.me\/jse\/responsive.js\"><\/script><br\/><a href=\"https:\/\/app.widgets.thinglink.com\/accessibility\/1627291526201606147\" rel=\"noopener noreferrer\">Siirry t\u00e4st\u00e4 kuvan saavutettavaan versioon.<\/a>\n\n\n\n<h2 class=\"wp-block-heading\">NOT-operaattorilla suljetaan pois tietyt hakusanat<\/h2>\n\n\n\n<p>NOT-operaattori k\u00e4skee hakukonetta j\u00e4tt\u00e4m\u00e4\u00e4n tuloksista pois ne julkaisut, joissa esiintyy NOT-operaattorin oikealla puolella oleva hakusana. Eli toisin kuin AND- ja OR-operaattorit, NOT ei sis\u00e4llyt\u00e4 sen j\u00e4lkeen tulevaa hakusanaa hakuun, vaan sulkee sen pois, jolloin haku tarkentuu.<\/p>\n\n\n\n<p>NOT-operaatiota tarvitaan harvemmin ja sit\u00e4 kannattaakin k\u00e4ytt\u00e4\u00e4 harkiten. NOT-operaattori voi sulkea hakutuloksesta pois my\u00f6s hy\u00f6dyllisi\u00e4 tietueita.<\/p>\n\n\n<iframe loading=\"lazy\" title=\"Havainnollistavia kaaviokuvia NOT-operaattorin toiminnasta.\" width=\"915\" height=\"604\" data-original-width=\"915\" data-original-height=\"604\" src=\"https:\/\/www.thinglink.com\/card\/1627291831693737987\" type=\"text\/html\" frameborder=\"0\" webkitallowfullscreen mozallowfullscreen allowfullscreen scrolling=\"no\"><\/iframe><script async src=\"\/\/cdn.thinglink.me\/jse\/responsive.js\"><\/script><br\/><a href=\"https:\/\/app.widgets.thinglink.com\/accessibility\/1627291831693737987\" rel=\"noopener noreferrer\">Siirry t\u00e4st\u00e4 kuvan saavutettavaan versioon.<\/a>\n\n\n\n<h2 class=\"wp-block-heading\">Soveltavassa tiedonhaussa yhdistet\u00e4\u00e4n fraasihakua, sanankatkaisua ja AND-, OR- ja NOT-operaattoreita<\/h2>\n\n\n\n<p>Hakulause voi olla yksinkertainen ja lyhyt, tai sitten pidempi ja monipuolisempi. Pituutta t\u00e4rke\u00e4mp\u00e4\u00e4 on, ett\u00e4 hakulauseella saavutetaan tiedonhaun tavoitteet ja tarpeet eli l\u00f6ydet\u00e4\u00e4n kirjallisuutta, joka vastaa hakukysymykseen. Joskus voikin olla tarpeen rakentaa hakulause useiden tekniikoiden, kuten sanankatkaisujen, fraasien ja AND-, OR- ja NOT-operaattoreiden avulla.<\/p>\n\n\n\t<div id=\"accordion-block_69b748edb9099f2c03e6a8556320694d\" class=\"accordions\">\n\t\t\t\t\t<div class=\"accordion accordion-js\">\n\t\t\t\t<button class=\"accordion__button\" aria-controls=\"content-1623\" aria-expanded=\"false\" id=\"accordion-control-1623\">\n\t\t\t\t\t<h3 class=\"accordion__heading\" >\n\t\t\t\t\t\tEsimerkkej\u00e4 hakulauseista, joissa erilaiset menetelm\u00e4t yhdistyv\u00e4t\t\t\t\t\t<\/h3>\n\t\t\t\t<\/button>\n\t\t\t\t<div class=\"accordion__content\" role=\"region\" aria-labelledby=\"accordion-control-1623\" aria-hidden=\"true\" id=\"content-1623\">\n\t\t\t\t\t<p>AND-operaattori<\/p>\n<ul>\n<li>Sanankatkaisu ja AND-operaattori: palvelu* AND markkinoi*<\/li>\n<li>Fraasihaku ja AND-operaattori: \u201dinformation skills\u201d AND \u201dhigher education\u201d<\/li>\n<\/ul>\n<p>OR-operaattori<\/p>\n<ul>\n<li>Sanankatkaisu ja OR-operaattori: pienyrity* OR pk-yrity*<\/li>\n<li>Fraasihaku ja OR-operaattori: SMEs OR \u201dsmall business\u201d OR \u201dsmall and medium sized\u201d<\/li>\n<\/ul>\n<p>NOT-operaattori<\/p>\n<ul>\n<li>Sanankatkaisu ja NOT-operaattori: palvelu* NOT terveyspalvelu*<\/li>\n<li>Fraasihaku ja NOT-operaattori: services NOT \u201dhealth services\u201d<\/li>\n<\/ul>\n<p>AND-operaattori ja NOT-operaattori: ravinto AND ravitsemus NOT erityisruokavaliot<\/p>\n<p>Toisinaan hakulauseet voivat olla pitki\u00e4. Hakulauseen k\u00e4sittelyj\u00e4rjestyst\u00e4 ohjataan sulkujen avulla. Esimerkkin\u00e4 sosiaalisen median hy\u00f6dyt pienten yritysten markkinoinnissa:<\/p>\n<p>(\u201dsocial media\u201d OR facebook OR twitter OR instagram OR linkedin OR pinterest OR tiktok) AND marketing AND (\u201csmall business\u201d OR SME* OR \u201csmall firm*\u201d OR \u201csmall to medium sized\u201d)<\/p>\n<p>L\u00f6yd\u00e4t lis\u00e4\u00e4 esimerkkej\u00e4 hakulauseista alla olevista linkeist\u00e4:<\/p>\n<ul>\n<li>Hoitotiede: <a href=\"https:\/\/blogs.uef.fi\/tiedonhaku-hoitotiede\/and-or-hakulause-esimerkkeja\/\">AND-OR -hakulause-esimerkkej\u00e4<\/a> (tieteenalakohtainen oppimateriaali)<\/li>\n<li>Hakuesimerkit: <a href=\"https:\/\/sites.uef.fi\/tiedonhaku-kirjasto\/hakuesimerkkeja\/\">Hakuesimerkkej\u00e4<\/a> (Tiedonhakijan opas)<\/li>\n<\/ul>\n\t\t\t\t<\/div>\n\t\t\t<\/div>\n\t\t\t<\/div>\n\t\n\n\n<p>Hakusanojen yhdist\u00e4mistapoja voi hahmotella esimerkiksi taulukon tai kuvion avulla. T\u00e4st\u00e4 on hy\u00f6ty\u00e4 etenkin silloin, jos tarvitset useita hakusanoja ja operaattoreita sis\u00e4lt\u00e4vi\u00e4 hakulauseita.<\/p>\n\n\n<iframe loading=\"lazy\" title=\"Kaaviokuva hakusanojen yhdistelyst\u00e4.\" width=\"960\" height=\"705\" data-original-width=\"3930\" data-original-height=\"2890\" src=\"https:\/\/www.thinglink.com\/card\/1629407610534887425\" type=\"text\/html\" frameborder=\"0\" webkitallowfullscreen mozallowfullscreen allowfullscreen scrolling=\"no\"><\/iframe><script async src=\"\/\/cdn.thinglink.me\/jse\/responsive.js\"><\/script><br\/><a href=\"https:\/\/app.widgets.thinglink.com\/accessibility\/1629407610534887425\" rel=\"noopener noreferrer\">Siirry t\u00e4st\u00e4 kuvan saavutettavaan versioon.<\/a>\n\n\n\n<div class=\"links-block\">\n\n            <h3>Seuraavaksi<\/h3>\n    \n    <ul class=\"link-list\">\n        \n            \n            <li class=\"link-list-item\">\n                <a href=\"https:\/\/sites.uef.fi\/tiedonhaku-kirjasto\/hakukentat\/\" class=\"link-reset link hover-scale-down\">\n                    <svg\n        width=\"43\" height=\"25\"\n        viewBox=\"0 0 43 25\"\n        xmlns=\"http:\/\/www.w3.org\/2000\/svg\">\n    <path\n        d=\"M30.027 0 43 12.5 30.027 25 27 22.083 34.351 15H0v-5h34.351L27 2.917z\"\n        fill=\"currentColor\"\n        fill-rule=\"evenodd\"\/>\n<\/svg>                    <div>Hakukent\u00e4t<\/div>\n                <\/a>\n                <div class=\"link-info\">\n                                    <\/div>\n            <\/li>\n\n                <\/ul>\n<\/div>","protected":false},"excerpt":{"rendered":"<p>Vaihtoehtoisten ja rajaavien hakusanojen kanssa k\u00e4ytet\u00e4\u00e4n Boolen operaattoreita. Tiedonhaussa operaattoreita on Boolen logiikan mukaisesti kolme: AND, OR ja NOT. Hakusanat ja fraasit yhdess\u00e4 AND-, OR- ja NOT-operaattoreiden kanssa muodostavat hakulauseen. Yhdess\u00e4 lauseessa voi olla yksi tai useampia operaattoreita haettavan aiheen mukaan. Operaattorien kirjainkoolla ei ole yleens\u00e4 merkityst\u00e4 hakutilanteessa. UEF-Primo- ja PubMed -tietokantojen hakulauseisiin operaattorit pit\u00e4\u00e4 [&hellip;]<\/p>\n","protected":false},"author":842,"featured_media":0,"parent":0,"menu_order":0,"comment_status":"closed","ping_status":"closed","template":"","meta":{"_acf_changed":false,"footnotes":""},"class_list":["post-467","page","type-page","status-publish","hentry"],"acf":[],"yoast_head":"<!-- This site is optimized with the Yoast SEO plugin v27.1.1 - https:\/\/yoast.com\/product\/yoast-seo-wordpress\/ -->\n<title>Hakusanojen yhdist\u00e4minen hakulauseeksi - Tiedonhakijan opas \/\/ UEF-kirjasto<\/title>\n<meta name=\"description\" content=\"Miten yhdist\u00e4t hakusanat hakulauseiksi Boolen operaattoreilla? AND-operaattori rajaa hakua, OR laajentaa sit\u00e4, ja NOT sulkee pois ei-toivotut vaihtoehdot.\" \/>\n<meta name=\"robots\" content=\"index, follow, max-snippet:-1, max-image-preview:large, max-video-preview:-1\" \/>\n<link rel=\"canonical\" href=\"https:\/\/sites.uef.fi\/tiedonhaku-kirjasto\/hakusanojen-yhdistaminen-hakulauseeksi\/\" \/>\n<meta property=\"og:locale\" content=\"fi_FI\" \/>\n<meta property=\"og:type\" content=\"article\" \/>\n<meta property=\"og:title\" content=\"Hakusanojen yhdist\u00e4minen hakulauseeksi - Tiedonhakijan opas \/\/ UEF-kirjasto\" \/>\n<meta property=\"og:description\" content=\"Miten yhdist\u00e4t hakusanat hakulauseiksi Boolen operaattoreilla? AND-operaattori rajaa hakua, OR laajentaa sit\u00e4, ja NOT sulkee pois ei-toivotut vaihtoehdot.\" \/>\n<meta property=\"og:url\" content=\"https:\/\/sites.uef.fi\/tiedonhaku-kirjasto\/hakusanojen-yhdistaminen-hakulauseeksi\/\" \/>\n<meta property=\"og:site_name\" content=\"Tiedonhakijan opas \/\/ UEF-kirjasto\" \/>\n<meta property=\"article:modified_time\" content=\"2023-10-10T06:22:07+00:00\" \/>\n<meta name=\"twitter:card\" content=\"summary_large_image\" \/>\n<meta name=\"twitter:label1\" content=\"Arvioitu lukuaika\" \/>\n\t<meta name=\"twitter:data1\" content=\"3 minuuttia\" \/>\n<script type=\"application\/ld+json\" class=\"yoast-schema-graph\">{\"@context\":\"https:\/\/schema.org\",\"@graph\":[{\"@type\":\"WebPage\",\"@id\":\"https:\/\/sites.uef.fi\/tiedonhaku-kirjasto\/hakusanojen-yhdistaminen-hakulauseeksi\/\",\"url\":\"https:\/\/sites.uef.fi\/tiedonhaku-kirjasto\/hakusanojen-yhdistaminen-hakulauseeksi\/\",\"name\":\"Hakusanojen yhdist\u00e4minen hakulauseeksi - Tiedonhakijan opas \/\/ UEF-kirjasto\",\"isPartOf\":{\"@id\":\"https:\/\/sites.uef.fi\/tiedonhaku-kirjasto\/#website\"},\"datePublished\":\"2022-08-23T10:32:29+00:00\",\"dateModified\":\"2023-10-10T06:22:07+00:00\",\"description\":\"Miten yhdist\u00e4t hakusanat hakulauseiksi Boolen operaattoreilla? AND-operaattori rajaa hakua, OR laajentaa sit\u00e4, ja NOT sulkee pois ei-toivotut vaihtoehdot.\",\"breadcrumb\":{\"@id\":\"https:\/\/sites.uef.fi\/tiedonhaku-kirjasto\/hakusanojen-yhdistaminen-hakulauseeksi\/#breadcrumb\"},\"inLanguage\":\"fi\",\"potentialAction\":[{\"@type\":\"ReadAction\",\"target\":[\"https:\/\/sites.uef.fi\/tiedonhaku-kirjasto\/hakusanojen-yhdistaminen-hakulauseeksi\/\"]}]},{\"@type\":\"BreadcrumbList\",\"@id\":\"https:\/\/sites.uef.fi\/tiedonhaku-kirjasto\/hakusanojen-yhdistaminen-hakulauseeksi\/#breadcrumb\",\"itemListElement\":[{\"@type\":\"ListItem\",\"position\":1,\"name\":\"Home\",\"item\":\"https:\/\/sites.uef.fi\/tiedonhaku-kirjasto\/\"},{\"@type\":\"ListItem\",\"position\":2,\"name\":\"Hakusanojen yhdist\u00e4minen hakulauseeksi\"}]},{\"@type\":\"WebSite\",\"@id\":\"https:\/\/sites.uef.fi\/tiedonhaku-kirjasto\/#website\",\"url\":\"https:\/\/sites.uef.fi\/tiedonhaku-kirjasto\/\",\"name\":\"Tiedonhakijan opas \/\/ UEF-kirjasto\",\"description\":\"\",\"potentialAction\":[{\"@type\":\"SearchAction\",\"target\":{\"@type\":\"EntryPoint\",\"urlTemplate\":\"https:\/\/sites.uef.fi\/tiedonhaku-kirjasto\/?s={search_term_string}\"},\"query-input\":{\"@type\":\"PropertyValueSpecification\",\"valueRequired\":true,\"valueName\":\"search_term_string\"}}],\"inLanguage\":\"fi\"}]}<\/script>\n<!-- \/ Yoast SEO plugin. -->","yoast_head_json":{"title":"Hakusanojen yhdist\u00e4minen hakulauseeksi - Tiedonhakijan opas \/\/ UEF-kirjasto","description":"Miten yhdist\u00e4t hakusanat hakulauseiksi Boolen operaattoreilla? AND-operaattori rajaa hakua, OR laajentaa sit\u00e4, ja NOT sulkee pois ei-toivotut vaihtoehdot.","robots":{"index":"index","follow":"follow","max-snippet":"max-snippet:-1","max-image-preview":"max-image-preview:large","max-video-preview":"max-video-preview:-1"},"canonical":"https:\/\/sites.uef.fi\/tiedonhaku-kirjasto\/hakusanojen-yhdistaminen-hakulauseeksi\/","og_locale":"fi_FI","og_type":"article","og_title":"Hakusanojen yhdist\u00e4minen hakulauseeksi - Tiedonhakijan opas \/\/ UEF-kirjasto","og_description":"Miten yhdist\u00e4t hakusanat hakulauseiksi Boolen operaattoreilla? AND-operaattori rajaa hakua, OR laajentaa sit\u00e4, ja NOT sulkee pois ei-toivotut vaihtoehdot.","og_url":"https:\/\/sites.uef.fi\/tiedonhaku-kirjasto\/hakusanojen-yhdistaminen-hakulauseeksi\/","og_site_name":"Tiedonhakijan opas \/\/ UEF-kirjasto","article_modified_time":"2023-10-10T06:22:07+00:00","twitter_card":"summary_large_image","twitter_misc":{"Arvioitu lukuaika":"3 minuuttia"},"schema":{"@context":"https:\/\/schema.org","@graph":[{"@type":"WebPage","@id":"https:\/\/sites.uef.fi\/tiedonhaku-kirjasto\/hakusanojen-yhdistaminen-hakulauseeksi\/","url":"https:\/\/sites.uef.fi\/tiedonhaku-kirjasto\/hakusanojen-yhdistaminen-hakulauseeksi\/","name":"Hakusanojen yhdist\u00e4minen hakulauseeksi - Tiedonhakijan opas \/\/ UEF-kirjasto","isPartOf":{"@id":"https:\/\/sites.uef.fi\/tiedonhaku-kirjasto\/#website"},"datePublished":"2022-08-23T10:32:29+00:00","dateModified":"2023-10-10T06:22:07+00:00","description":"Miten yhdist\u00e4t hakusanat hakulauseiksi Boolen operaattoreilla? AND-operaattori rajaa hakua, OR laajentaa sit\u00e4, ja NOT sulkee pois ei-toivotut vaihtoehdot.","breadcrumb":{"@id":"https:\/\/sites.uef.fi\/tiedonhaku-kirjasto\/hakusanojen-yhdistaminen-hakulauseeksi\/#breadcrumb"},"inLanguage":"fi","potentialAction":[{"@type":"ReadAction","target":["https:\/\/sites.uef.fi\/tiedonhaku-kirjasto\/hakusanojen-yhdistaminen-hakulauseeksi\/"]}]},{"@type":"BreadcrumbList","@id":"https:\/\/sites.uef.fi\/tiedonhaku-kirjasto\/hakusanojen-yhdistaminen-hakulauseeksi\/#breadcrumb","itemListElement":[{"@type":"ListItem","position":1,"name":"Home","item":"https:\/\/sites.uef.fi\/tiedonhaku-kirjasto\/"},{"@type":"ListItem","position":2,"name":"Hakusanojen yhdist\u00e4minen hakulauseeksi"}]},{"@type":"WebSite","@id":"https:\/\/sites.uef.fi\/tiedonhaku-kirjasto\/#website","url":"https:\/\/sites.uef.fi\/tiedonhaku-kirjasto\/","name":"Tiedonhakijan opas \/\/ UEF-kirjasto","description":"","potentialAction":[{"@type":"SearchAction","target":{"@type":"EntryPoint","urlTemplate":"https:\/\/sites.uef.fi\/tiedonhaku-kirjasto\/?s={search_term_string}"},"query-input":{"@type":"PropertyValueSpecification","valueRequired":true,"valueName":"search_term_string"}}],"inLanguage":"fi"}]}},"_links":{"self":[{"href":"https:\/\/sites.uef.fi\/tiedonhaku-kirjasto\/wp-json\/wp\/v2\/pages\/467","targetHints":{"allow":["GET"]}}],"collection":[{"href":"https:\/\/sites.uef.fi\/tiedonhaku-kirjasto\/wp-json\/wp\/v2\/pages"}],"about":[{"href":"https:\/\/sites.uef.fi\/tiedonhaku-kirjasto\/wp-json\/wp\/v2\/types\/page"}],"author":[{"embeddable":true,"href":"https:\/\/sites.uef.fi\/tiedonhaku-kirjasto\/wp-json\/wp\/v2\/users\/842"}],"replies":[{"embeddable":true,"href":"https:\/\/sites.uef.fi\/tiedonhaku-kirjasto\/wp-json\/wp\/v2\/comments?post=467"}],"version-history":[{"count":2,"href":"https:\/\/sites.uef.fi\/tiedonhaku-kirjasto\/wp-json\/wp\/v2\/pages\/467\/revisions"}],"predecessor-version":[{"id":10651,"href":"https:\/\/sites.uef.fi\/tiedonhaku-kirjasto\/wp-json\/wp\/v2\/pages\/467\/revisions\/10651"}],"wp:attachment":[{"href":"https:\/\/sites.uef.fi\/tiedonhaku-kirjasto\/wp-json\/wp\/v2\/media?parent=467"}],"curies":[{"name":"wp","href":"https:\/\/api.w.org\/{rel}","templated":true}]}}