{"id":476,"date":"2022-08-23T10:32:51","date_gmt":"2022-08-23T10:32:51","guid":{"rendered":"https:\/\/sites.uef.fi\/tiedonhaku-kirjasto\/?page_id=476"},"modified":"2023-10-10T09:53:54","modified_gmt":"2023-10-10T06:53:54","slug":"hakukentat","status":"publish","type":"page","link":"https:\/\/sites.uef.fi\/tiedonhaku-kirjasto\/hakukentat\/","title":{"rendered":"Hakukent\u00e4t"},"content":{"rendered":"\n<p>Tietokannassa yksitt\u00e4inen, julkaisun sis\u00e4lt\u00f6\u00e4 kuvaava tietue (ks. <a href=\"https:\/\/sites.uef.fi\/tiedonhaku-kirjasto\/kirjastosanasto\/#tietue\">Kirjastosanasto: tietue<\/a>) koostuu kentist\u00e4. Julkaisutietokantoihin tallennetaan tietoja sek\u00e4 julkaisun aiheesta, ett\u00e4 siit\u00e4, miss\u00e4 ja milloin julkaisu on ilmestynyt. Tuttuja esimerkkej\u00e4 tietueen kentist\u00e4 ovat julkaisun otsikko, avainsanat, tiivistelm\u00e4, kirjoittajat ja julkaisuajankohta.<\/p>\n\n\n\n<h2 class=\"wp-block-heading\">Otsikko- ja asiasanakentist\u00e4 saadaan tarkimmat hakutulokset<\/h2>\n\n\n\n<p>Otsikko- ja Asiasanakentist\u00e4 (Title &amp; subject) hakeminen aiheenmukaisessa haussa antaa kaikista tarkimman tuloksen. Kumpikin kentt\u00e4 sis\u00e4lt\u00e4\u00e4 sanoja, jotka ovat keskeisi\u00e4 my\u00f6s julkaisun sis\u00e4ll\u00f6ss\u00e4. On kuitenkin huomioitava, ett\u00e4 kaikkia, esimerkiksi tuoreimpia julkaisuja ei v\u00e4ltt\u00e4m\u00e4tt\u00e4 ole viel\u00e4 kuvailtu asiasanoilla.<\/p>\n\n\n\n<p>Hakusanojen kohdistaminen otsikko- ja asiasanakenttiin on erityisen hy\u00f6dyllist\u00e4 silloin, kun haussa muutoin tulee paljon ja\/tai ep\u00e4tarkkoja tuloksia. Joitakin k\u00e4ytt\u00f6kelpoisiakin julkaisuja voi toisaalta j\u00e4\u00e4d\u00e4 l\u00f6ytym\u00e4tt\u00e4, jos kentt\u00e4 on rajattu n\u00e4in tarkasti. Erilaisia hakukentt\u00e4rajausvaihtoehtoja kannattaa kokeilla ja siten etsi\u00e4 omaan hakuaiheeseen parhaiten soveltuva rajaus, esimerkiksi otsikkokentt\u00e4rajaus voi olla joskus liian rajaava.<\/p>\n\n\n\n<p>Hakusanoina voi k\u00e4ytt\u00e4\u00e4 mit\u00e4 tahansa sanoja, jotka kuvaavat aihetta. Hakua voi tarkentaa k\u00e4ytt\u00e4m\u00e4ll\u00e4 asiasanoja.<\/p>\n\n\n\t<div id=\"accordion-block_3b580cd6775839168f33a5f8c45280b0\" class=\"accordions\">\n\t\t\t\t\t<div class=\"accordion accordion-js\">\n\t\t\t\t<button class=\"accordion__button\" aria-controls=\"content-3903\" aria-expanded=\"false\" id=\"accordion-control-3903\">\n\t\t\t\t\t<h3 class=\"accordion__heading\" >\n\t\t\t\t\t\tMik\u00e4 on asiasana?\t\t\t\t\t<\/h3>\n\t\t\t\t<\/button>\n\t\t\t\t<div class=\"accordion__content\" role=\"region\" aria-labelledby=\"accordion-control-3903\" aria-hidden=\"true\" id=\"content-3903\">\n\t\t\t\t\t<p>Asiasana<\/p>\n<ul>\n<li>kertoo lyhyesti julkaisun sis\u00e4ll\u00f6st\u00e4<\/li>\n<li>on aina samanmuotoinen<\/li>\n<li>kattaa useita vaihtoehtoisia, samaa tarkoittavia sanoja<\/li>\n<\/ul>\n<p>L\u00f6yd\u00e4t lis\u00e4tietoa asiasanoista <a href=\"https:\/\/sites.uef.fi\/tiedonhaku-kirjasto\/asiasanat-ja-asiasanastot\/\">Asiasanat ja asiasanastot<\/a> -sivulta.<\/p>\n\t\t\t\t<\/div>\n\t\t\t<\/div>\n\t\t\t<\/div>\n\t\n\n\n<p>Rajaus asiasanaan \/ asiasanahaku kohdentaa hakua, parantaa usein relevanssia ja aiheen osuvuutta, mutta pienent\u00e4\u00e4 hakutulosta.<\/p>\n\n\n\n<h2 class=\"wp-block-heading\">Tiivistelmist\u00e4 hakeminen voi vaatia haun tarkentamista<\/h2>\n\n\n\n<p>Tiivistelm\u00e4ss\u00e4 (Abstract) on paljon sanoja, joten tiivistelm\u00e4ss\u00e4 esiintyv\u00e4 hakusana voi olla keskeinen koko sis\u00e4ll\u00f6n kannalta tai sitten ei \u2013 paljon riippuu hakuaiheesta. Sopivan kirjallisuuden l\u00f6yt\u00e4minen voi toisinaan vaatia useita, hakua tarkentavia hakusanoja. Joskus taas haku nappaa yhdell\u00e4 spesifill\u00e4 hakusanalla hyv\u00e4n julkaisun kiinni abstraktista.&nbsp;<\/p>\n\n\n\n<h2 class=\"wp-block-heading\">Kokotekstist\u00e4 hakeminen sopii harvinaisempiin hakuaiheisiin<\/h2>\n\n\n\n<p>Kokotekstist\u00e4 tai julkaisun kaikista tiedoista (FullText tai All Fields) hakeminen on tarpeellista ainakin silloin, kun hakuaihe (ja hakusana) on hyvin harvinainen. Jos harvinaisella hakusanalla ei l\u00f6ydy aineistoa esimerkiksi otsikko- ja asiasanakenttiin rajatulla haulla, samaa hakua voi kokeilla laajentaa kokotekstiin.<\/p>\n\n\n<iframe loading=\"lazy\" title=\"Kuvankaappaus hakukentist\u00e4 Scopus -tietokannan verkkosivulla.\" width=\"960\" height=\"438\" data-original-width=\"1881\" data-original-height=\"860\" src=\"https:\/\/www.thinglink.com\/card\/1629478443408162817\" type=\"text\/html\" frameborder=\"0\" webkitallowfullscreen mozallowfullscreen allowfullscreen scrolling=\"no\"><\/iframe><script async src=\"\/\/cdn.thinglink.me\/jse\/responsive.js\"><\/script><br\/><a href=\"https:\/\/app.widgets.thinglink.com\/accessibility\/1629478443408162817\" rel=\"noopener noreferrer\">Siirry t\u00e4st\u00e4 kuvan saavutettavaan versioon.<\/a>\n\n\n\n<div class=\"links-block\">\n\n            <h3>Seuraavaksi<\/h3>\n    \n    <ul class=\"link-list\">\n        \n            \n            <li class=\"link-list-item\">\n                <a href=\"https:\/\/sites.uef.fi\/tiedonhaku-kirjasto\/hakutavat\/\" class=\"link-reset link hover-scale-down\">\n                    <svg\n        width=\"43\" height=\"25\"\n        viewBox=\"0 0 43 25\"\n        xmlns=\"http:\/\/www.w3.org\/2000\/svg\">\n    <path\n        d=\"M30.027 0 43 12.5 30.027 25 27 22.083 34.351 15H0v-5h34.351L27 2.917z\"\n        fill=\"currentColor\"\n        fill-rule=\"evenodd\"\/>\n<\/svg>                    <div>Hakutavat<\/div>\n                <\/a>\n                <div class=\"link-info\">\n                                    <\/div>\n            <\/li>\n\n                <\/ul>\n<\/div>","protected":false},"excerpt":{"rendered":"<p>Tietokannassa yksitt\u00e4inen, julkaisun sis\u00e4lt\u00f6\u00e4 kuvaava tietue (ks. Kirjastosanasto: tietue) koostuu kentist\u00e4. Julkaisutietokantoihin tallennetaan tietoja sek\u00e4 julkaisun aiheesta, ett\u00e4 siit\u00e4, miss\u00e4 ja milloin julkaisu on ilmestynyt. Tuttuja esimerkkej\u00e4 tietueen kentist\u00e4 ovat julkaisun otsikko, avainsanat, tiivistelm\u00e4, kirjoittajat ja julkaisuajankohta. Otsikko- ja asiasanakentist\u00e4 saadaan tarkimmat hakutulokset Otsikko- ja Asiasanakentist\u00e4 (Title &amp; subject) hakeminen aiheenmukaisessa haussa antaa kaikista tarkimman [&hellip;]<\/p>\n","protected":false},"author":842,"featured_media":0,"parent":0,"menu_order":0,"comment_status":"closed","ping_status":"closed","template":"","meta":{"_acf_changed":false,"footnotes":""},"class_list":["post-476","page","type-page","status-publish","hentry"],"acf":[],"yoast_head":"<!-- This site is optimized with the Yoast SEO plugin v27.1.1 - https:\/\/yoast.com\/product\/yoast-seo-wordpress\/ -->\n<title>Hakukent\u00e4t - Tiedonhakijan opas \/\/ UEF-kirjasto<\/title>\n<meta name=\"description\" content=\"Hakusanojen kohdistaminen kenttiin on hyv\u00e4 keino haun tarkentamiseen tai laajentamiseen. Voit kohdistaa haun otsikkoon, asiasanoihin, tiivistelm\u00e4\u00e4n eli abstraktiin sek\u00e4 joissain tietokannoissa my\u00f6s julkaisun kokotekstiin.\" \/>\n<meta name=\"robots\" content=\"index, follow, max-snippet:-1, max-image-preview:large, max-video-preview:-1\" \/>\n<link rel=\"canonical\" href=\"https:\/\/sites.uef.fi\/tiedonhaku-kirjasto\/hakukentat\/\" \/>\n<meta property=\"og:locale\" content=\"fi_FI\" \/>\n<meta property=\"og:type\" content=\"article\" \/>\n<meta property=\"og:title\" content=\"Hakukent\u00e4t - Tiedonhakijan opas \/\/ UEF-kirjasto\" \/>\n<meta property=\"og:description\" content=\"Hakusanojen kohdistaminen kenttiin on hyv\u00e4 keino haun tarkentamiseen tai laajentamiseen. Voit kohdistaa haun otsikkoon, asiasanoihin, tiivistelm\u00e4\u00e4n eli abstraktiin sek\u00e4 joissain tietokannoissa my\u00f6s julkaisun kokotekstiin.\" \/>\n<meta property=\"og:url\" content=\"https:\/\/sites.uef.fi\/tiedonhaku-kirjasto\/hakukentat\/\" \/>\n<meta property=\"og:site_name\" content=\"Tiedonhakijan opas \/\/ UEF-kirjasto\" \/>\n<meta property=\"article:modified_time\" content=\"2023-10-10T06:53:54+00:00\" \/>\n<meta name=\"twitter:card\" content=\"summary_large_image\" \/>\n<meta name=\"twitter:label1\" content=\"Arvioitu lukuaika\" \/>\n\t<meta name=\"twitter:data1\" content=\"2 minuuttia\" \/>\n<script type=\"application\/ld+json\" class=\"yoast-schema-graph\">{\"@context\":\"https:\/\/schema.org\",\"@graph\":[{\"@type\":\"WebPage\",\"@id\":\"https:\/\/sites.uef.fi\/tiedonhaku-kirjasto\/hakukentat\/\",\"url\":\"https:\/\/sites.uef.fi\/tiedonhaku-kirjasto\/hakukentat\/\",\"name\":\"Hakukent\u00e4t - Tiedonhakijan opas \/\/ UEF-kirjasto\",\"isPartOf\":{\"@id\":\"https:\/\/sites.uef.fi\/tiedonhaku-kirjasto\/#website\"},\"datePublished\":\"2022-08-23T10:32:51+00:00\",\"dateModified\":\"2023-10-10T06:53:54+00:00\",\"description\":\"Hakusanojen kohdistaminen kenttiin on hyv\u00e4 keino haun tarkentamiseen tai laajentamiseen. Voit kohdistaa haun otsikkoon, asiasanoihin, tiivistelm\u00e4\u00e4n eli abstraktiin sek\u00e4 joissain tietokannoissa my\u00f6s julkaisun kokotekstiin.\",\"breadcrumb\":{\"@id\":\"https:\/\/sites.uef.fi\/tiedonhaku-kirjasto\/hakukentat\/#breadcrumb\"},\"inLanguage\":\"fi\",\"potentialAction\":[{\"@type\":\"ReadAction\",\"target\":[\"https:\/\/sites.uef.fi\/tiedonhaku-kirjasto\/hakukentat\/\"]}]},{\"@type\":\"BreadcrumbList\",\"@id\":\"https:\/\/sites.uef.fi\/tiedonhaku-kirjasto\/hakukentat\/#breadcrumb\",\"itemListElement\":[{\"@type\":\"ListItem\",\"position\":1,\"name\":\"Home\",\"item\":\"https:\/\/sites.uef.fi\/tiedonhaku-kirjasto\/\"},{\"@type\":\"ListItem\",\"position\":2,\"name\":\"Hakukent\u00e4t\"}]},{\"@type\":\"WebSite\",\"@id\":\"https:\/\/sites.uef.fi\/tiedonhaku-kirjasto\/#website\",\"url\":\"https:\/\/sites.uef.fi\/tiedonhaku-kirjasto\/\",\"name\":\"Tiedonhakijan opas \/\/ UEF-kirjasto\",\"description\":\"\",\"potentialAction\":[{\"@type\":\"SearchAction\",\"target\":{\"@type\":\"EntryPoint\",\"urlTemplate\":\"https:\/\/sites.uef.fi\/tiedonhaku-kirjasto\/?s={search_term_string}\"},\"query-input\":{\"@type\":\"PropertyValueSpecification\",\"valueRequired\":true,\"valueName\":\"search_term_string\"}}],\"inLanguage\":\"fi\"}]}<\/script>\n<!-- \/ Yoast SEO plugin. -->","yoast_head_json":{"title":"Hakukent\u00e4t - Tiedonhakijan opas \/\/ UEF-kirjasto","description":"Hakusanojen kohdistaminen kenttiin on hyv\u00e4 keino haun tarkentamiseen tai laajentamiseen. Voit kohdistaa haun otsikkoon, asiasanoihin, tiivistelm\u00e4\u00e4n eli abstraktiin sek\u00e4 joissain tietokannoissa my\u00f6s julkaisun kokotekstiin.","robots":{"index":"index","follow":"follow","max-snippet":"max-snippet:-1","max-image-preview":"max-image-preview:large","max-video-preview":"max-video-preview:-1"},"canonical":"https:\/\/sites.uef.fi\/tiedonhaku-kirjasto\/hakukentat\/","og_locale":"fi_FI","og_type":"article","og_title":"Hakukent\u00e4t - Tiedonhakijan opas \/\/ UEF-kirjasto","og_description":"Hakusanojen kohdistaminen kenttiin on hyv\u00e4 keino haun tarkentamiseen tai laajentamiseen. Voit kohdistaa haun otsikkoon, asiasanoihin, tiivistelm\u00e4\u00e4n eli abstraktiin sek\u00e4 joissain tietokannoissa my\u00f6s julkaisun kokotekstiin.","og_url":"https:\/\/sites.uef.fi\/tiedonhaku-kirjasto\/hakukentat\/","og_site_name":"Tiedonhakijan opas \/\/ UEF-kirjasto","article_modified_time":"2023-10-10T06:53:54+00:00","twitter_card":"summary_large_image","twitter_misc":{"Arvioitu lukuaika":"2 minuuttia"},"schema":{"@context":"https:\/\/schema.org","@graph":[{"@type":"WebPage","@id":"https:\/\/sites.uef.fi\/tiedonhaku-kirjasto\/hakukentat\/","url":"https:\/\/sites.uef.fi\/tiedonhaku-kirjasto\/hakukentat\/","name":"Hakukent\u00e4t - Tiedonhakijan opas \/\/ UEF-kirjasto","isPartOf":{"@id":"https:\/\/sites.uef.fi\/tiedonhaku-kirjasto\/#website"},"datePublished":"2022-08-23T10:32:51+00:00","dateModified":"2023-10-10T06:53:54+00:00","description":"Hakusanojen kohdistaminen kenttiin on hyv\u00e4 keino haun tarkentamiseen tai laajentamiseen. Voit kohdistaa haun otsikkoon, asiasanoihin, tiivistelm\u00e4\u00e4n eli abstraktiin sek\u00e4 joissain tietokannoissa my\u00f6s julkaisun kokotekstiin.","breadcrumb":{"@id":"https:\/\/sites.uef.fi\/tiedonhaku-kirjasto\/hakukentat\/#breadcrumb"},"inLanguage":"fi","potentialAction":[{"@type":"ReadAction","target":["https:\/\/sites.uef.fi\/tiedonhaku-kirjasto\/hakukentat\/"]}]},{"@type":"BreadcrumbList","@id":"https:\/\/sites.uef.fi\/tiedonhaku-kirjasto\/hakukentat\/#breadcrumb","itemListElement":[{"@type":"ListItem","position":1,"name":"Home","item":"https:\/\/sites.uef.fi\/tiedonhaku-kirjasto\/"},{"@type":"ListItem","position":2,"name":"Hakukent\u00e4t"}]},{"@type":"WebSite","@id":"https:\/\/sites.uef.fi\/tiedonhaku-kirjasto\/#website","url":"https:\/\/sites.uef.fi\/tiedonhaku-kirjasto\/","name":"Tiedonhakijan opas \/\/ UEF-kirjasto","description":"","potentialAction":[{"@type":"SearchAction","target":{"@type":"EntryPoint","urlTemplate":"https:\/\/sites.uef.fi\/tiedonhaku-kirjasto\/?s={search_term_string}"},"query-input":{"@type":"PropertyValueSpecification","valueRequired":true,"valueName":"search_term_string"}}],"inLanguage":"fi"}]}},"_links":{"self":[{"href":"https:\/\/sites.uef.fi\/tiedonhaku-kirjasto\/wp-json\/wp\/v2\/pages\/476","targetHints":{"allow":["GET"]}}],"collection":[{"href":"https:\/\/sites.uef.fi\/tiedonhaku-kirjasto\/wp-json\/wp\/v2\/pages"}],"about":[{"href":"https:\/\/sites.uef.fi\/tiedonhaku-kirjasto\/wp-json\/wp\/v2\/types\/page"}],"author":[{"embeddable":true,"href":"https:\/\/sites.uef.fi\/tiedonhaku-kirjasto\/wp-json\/wp\/v2\/users\/842"}],"replies":[{"embeddable":true,"href":"https:\/\/sites.uef.fi\/tiedonhaku-kirjasto\/wp-json\/wp\/v2\/comments?post=476"}],"version-history":[{"count":2,"href":"https:\/\/sites.uef.fi\/tiedonhaku-kirjasto\/wp-json\/wp\/v2\/pages\/476\/revisions"}],"predecessor-version":[{"id":10669,"href":"https:\/\/sites.uef.fi\/tiedonhaku-kirjasto\/wp-json\/wp\/v2\/pages\/476\/revisions\/10669"}],"wp:attachment":[{"href":"https:\/\/sites.uef.fi\/tiedonhaku-kirjasto\/wp-json\/wp\/v2\/media?parent=476"}],"curies":[{"name":"wp","href":"https:\/\/api.w.org\/{rel}","templated":true}]}}