{"id":494,"date":"2022-08-23T10:33:40","date_gmt":"2022-08-23T10:33:40","guid":{"rendered":"https:\/\/sites.uef.fi\/tiedonhaku-kirjasto\/?page_id=494"},"modified":"2025-08-19T15:56:12","modified_gmt":"2025-08-19T12:56:12","slug":"onnistuiko-tiedonhaku","status":"publish","type":"page","link":"https:\/\/sites.uef.fi\/tiedonhaku-kirjasto\/onnistuiko-tiedonhaku\/","title":{"rendered":"Onnistuiko tiedonhaku?"},"content":{"rendered":"\n<p>Tiedonhaun tarkoitus m\u00e4\u00e4rittelee sen, milloin hakua voi pit\u00e4\u00e4 hakutulosten suhteen onnistuneena. Jos hakutulokset liittyv\u00e4t tarkasti aiheeseen, voi v\u00e4h\u00e4inenkin tulosten m\u00e4\u00e4r\u00e4 riitt\u00e4\u00e4. Toisella kertaa voi olla tarpeen saada esiin \u201dkaikki mahdollinen\u201d, vaikka osa tuloksista menisikin ohi aiheen. <\/p>\n\n\n\n<p>Tulosten m\u00e4\u00e4r\u00e4 ja aiheenmukaisuus eli relevanssi ovat usein toisilleen vastakkaiset lopputulemat. N\u00e4iden kahden sopivaa yhdistelm\u00e4\u00e4 haetaan muokkaamalla hakua ja muuntelemalla hakulauseita.<\/p>\n\n\n\n<p>Hakua voi muokata:<strong><\/strong><\/p>\n\n\n\n<ul class=\"wp-block-list\">\n<li>s\u00e4\u00e4telem\u00e4ll\u00e4 k\u00e4sitteiden m\u00e4\u00e4r\u00e4\u00e4 hakulauseessa<\/li>\n\n\n\n<li>valitsemalla erilaisia hakusanoja k\u00e4sitteit\u00e4 kuvaamaan<\/li>\n\n\n\n<li>kohdistamalla hakua tietueen eri kenttiin<\/li>\n\n\n\n<li>valitsemalla k\u00e4ytt\u00e4\u00e4k\u00f6 sanakatkaisua vai ei<\/li>\n\n\n\n<li>rajauksilla<\/li>\n<\/ul>\n\n\n<iframe loading=\"lazy\" title=\"Havainnollistava kaaviokuva hakutulosten m\u00e4\u00e4r\u00e4n ja osuvuuden k\u00e4ytt\u00e4ytymisest\u00e4.\" width=\"960\" height=\"710\" data-original-width=\"1010\" data-original-height=\"748\" src=\"https:\/\/www.thinglink.com\/card\/1630933138869846019\" type=\"text\/html\" frameborder=\"0\" webkitallowfullscreen mozallowfullscreen allowfullscreen scrolling=\"no\"><\/iframe><script async src=\"\/\/cdn.thinglink.me\/jse\/responsive.js\"><\/script><br\/><a href=\"https:\/\/app.widgets.thinglink.com\/accessibility\/1630933138869846019\" rel=\"noopener noreferrer\">Siirry t\u00e4st\u00e4 kuvan saavutettavaan versioon.<\/a>\n\n\n\n<h2 class=\"wp-block-heading\">Hakutulos antaa vihjeit\u00e4 siit\u00e4, miten hakua voisi muuttaa<\/h2>\n\n\n\t<div id=\"accordion-block_3c421972e6b4ba35c95f1f16b3c0c7c4\" class=\"accordions\">\n\t\t\t\t\t<div class=\"accordion accordion-js\">\n\t\t\t\t<button class=\"accordion__button\" aria-controls=\"content-1388\" aria-expanded=\"false\" id=\"accordion-control-1388\">\n\t\t\t\t\t<h3 class=\"accordion__heading\" >\n\t\t\t\t\t\tV\u00e4hemm\u00e4n ja tarkempia tuloksia\t\t\t\t\t<\/h3>\n\t\t\t\t<\/button>\n\t\t\t\t<div class=\"accordion__content\" role=\"region\" aria-labelledby=\"accordion-control-1388\" aria-hidden=\"true\" id=\"content-1388\">\n\t\t\t\t\t<ul>\n<li>Jos hakusanat ovat liian yleisi\u00e4, voi tarvittaessa kokeilla suppeampia, t\u00e4sm\u00e4llisemmin aihetta kuvaavia hakusanoja. Esim. havainnot-hakusanan t\u00e4sment\u00e4minen n\u00e4k\u00f6havainnot-hakusanaksi.<\/li>\n<li>Monimerkityksisten yleistermien poisto voi auttaa, jos ne n\u00e4ytt\u00e4v\u00e4t tuovan liikaa aiheettomia tuloksia. Esim. management-hakusanan poisto hakulauseesta.<\/li>\n<li>Katkaistu sana voi viitata liian moneen asiaan (paitsi silloin, jos mukana on muitakin sanoja, jotka rajaavat aihetta riitt\u00e4v\u00e4sti). Esim. pel* -hakusanalla hakutuloksiin tullee mukaan mm. pelko, pelot, pelto, pelti, pelaaja, pelkist\u00e4\u00e4.<\/li>\n<li>Rajoittavien sanojen lis\u00e4\u00e4minen hakuun rajaa ja t\u00e4sment\u00e4\u00e4 tuloksia. AND-operaattorilla kytkettyj\u00e4 hakusanoja voi olla vaikka kuinka paljon. Esim. nuoret AND pelaaminen -hakulauseeseen voidaan lis\u00e4t\u00e4 kolmas hakusana: nuoret AND pelaaminen AND unentarve.<\/li>\n<li>Joskus on hy\u00f6dyllist\u00e4 k\u00e4ytt\u00e4\u00e4 rajaavana termin\u00e4 hyvin laajaa, koko aihealuetta rajaavaa termi\u00e4. Esimerkiksi terapiamenetelm\u00e4t voi antaa liikaa tuloksia, kun taas terapiamenetelm\u00e4t AND psykologia tarkentaa hakua.<\/li>\n<li>Fraasihakua AND-operaation sijaan v\u00e4hent\u00e4\u00e4 tulosten m\u00e4\u00e4r\u00e4\u00e4. Esimerkiksi henkinen AND hyvinvointi -hakulauseella saa enemm\u00e4n hakutuloksia kuin \u201dhenkinen hyvinvointi\u201d -fraasilla.<\/li>\n<li>Synonyymien ja rinnakkaistermien v\u00e4hent\u00e4minen hakulauseesta auttaa v\u00e4hent\u00e4m\u00e4\u00e4n hakutulosten m\u00e4\u00e4r\u00e4\u00e4. Ei kuitenkaan kannata muuttaa OR-operaattoria AND-operaattoriksi, sill\u00e4 silloin hakulogiikka muuttuu virheelliseksi. Esim. motivaatiotekij\u00e4t OR kannustimet OR palkkiot -hakulauseesta voitaisiin karsia viimeinen hakusana pois: motivaatiotekij\u00e4t OR kannustimet.<\/li>\n<li>Joitakin sanoja voi sulkea hakutuloksen ulkopuolelle NOT-operaattorilla. Esimerkiksi opettajat NOT lastentarhanopettajat.<\/li>\n<li>Jos mahdollista, asiasanaston sanoilla tehdyn haun voi rajata asiasanakentt\u00e4\u00e4n.<\/li>\n<li>Haun voi rajata otsikkokentt\u00e4\u00e4n.<\/li>\n<li>Rajata voi my\u00f6s esim. julkaisuvuodella, -kielell\u00e4 tai -tyypill\u00e4 (valitsemalla mukaan esim. vain academic\/scholarly journals) taikka artikkelityypill\u00e4 (valitsemalla mukaan vain esim. systematic reviews tai randomized controlled trials). Kaikissa tietokannoissa ei t\u00e4llaisia rajauksia voi kuitenkaan tehd\u00e4.<\/li>\n<\/ul>\n\t\t\t\t<\/div>\n\t\t\t<\/div>\n\t\t\t\t\t<div class=\"accordion accordion-js\">\n\t\t\t\t<button class=\"accordion__button\" aria-controls=\"content-7182\" aria-expanded=\"false\" id=\"accordion-control-7182\">\n\t\t\t\t\t<h3 class=\"accordion__heading\" >\n\t\t\t\t\t\tEnemm\u00e4n hakutuloksia\t\t\t\t\t<\/h3>\n\t\t\t\t<\/button>\n\t\t\t\t<div class=\"accordion__content\" role=\"region\" aria-labelledby=\"accordion-control-7182\" aria-hidden=\"true\" id=\"content-7182\">\n\t\t\t\t\t<ul>\n<li>Kirjoitusvirheiden ja sanan kirjoitusmuotojen (yhteen vai erikseen, lyhenteet yms.) yleisyys kannattaa tarkistaa ja tarvittaessa korjata. Esim. wellbeing vai well-being vai molemmat?<\/li>\n<li>Onko hakusana liian suppea? On hyv\u00e4 mietti\u00e4, mihin laajempaan aihealueeseen ongelma kuuluu, ja k\u00e4ytt\u00e4\u00e4 tarvittaessa laajempaa hakutermi\u00e4. Esim. p\u00e4iv\u00e4unet-hakusana voisi kuulua laajempaan uni-hakutermiin.<\/li>\n<li>Hakusanoille voi etsi\u00e4 synonyymeja ja rinnakkaistermej\u00e4, jotka lis\u00e4t\u00e4\u00e4n hakulauseeseen OR-operaattorilla. Esim. lepo-hakusanalle voitaisiin lis\u00e4t\u00e4 uni OR lepo OR rentoutuminen.<\/li>\n<li>Hakulausekkeesta karsitaan AND-operaatioita eli rajaavia hakusanoja. Esim. rekrytointi AND soveltuvuustestit AND kehitt\u00e4minen -hakulauseesta saataisiin soveltuvuustestit AND kehitt\u00e4minen -hakulause.<\/li>\n<li>Fraasin purkaminen AND-operaatioksi voi my\u00f6s auttaa saamaan enemm\u00e4n hakutuloksia. Esim. \u201dpsyykkinen kuormittavuus\u201d -fraasin sijaan haku voitaisiin tehd\u00e4 psyykkinen AND kuormittavuus -hakulauseella.<\/li>\n<li>Hakusanan voi katkaista, jotta mukaan saadaan my\u00f6s taivutusmuodot ja johdannaiset. Esim. perfektionismi -sanasta katkaistu perfektionis* kattaa sanojen perfektionismi ja perfektionisti taivutusmuodot.<\/li>\n<li>Jos haku tehtiin asiasanahakuna tai muulla kentt\u00e4rajauksella, kannattaa kokeilla vapaasanahakua. Vastaavasti vuosi ym. rajoitusten poistaminen voi my\u00f6s auttaa hakutulosten m\u00e4\u00e4r\u00e4n kasvattamisessa.<\/li>\n<\/ul>\n<h4>Onko hakusana kovin harvinainen?<\/h4>\n<p>Joskus jokin yksitt\u00e4inen sana voi olla tietokannassa niin harvinainen, ett\u00e4 sen rinnalle ei kannata ottaa mit\u00e4\u00e4n muuta hakusanaa. Voit testata sanan yleisyytt\u00e4 tekem\u00e4ll\u00e4 yksinkertaisen sanahaun pikahaulla (ks. <a href=\"https:\/\/sites.uef.fi\/tiedonhaku-kirjasto\/hakutavat\/\">Hakutavat-osio<\/a>).<\/p>\n\t\t\t\t<\/div>\n\t\t\t<\/div>\n\t\t\t\t\t<div class=\"accordion accordion-js\">\n\t\t\t\t<button class=\"accordion__button\" aria-controls=\"content-8505\" aria-expanded=\"false\" id=\"accordion-control-8505\">\n\t\t\t\t\t<h3 class=\"accordion__heading\" >\n\t\t\t\t\t\tOlivatko hakutulokset ihan v\u00e4\u00e4ri\u00e4?\t\t\t\t\t<\/h3>\n\t\t\t\t<\/button>\n\t\t\t\t<div class=\"accordion__content\" role=\"region\" aria-labelledby=\"accordion-control-8505\" aria-hidden=\"true\" id=\"content-8505\">\n\t\t\t\t\t<ul>\n<li>kannattaa kokeilla toista tietokantaa<\/li>\n<li>on hyv\u00e4 tarkistaa my\u00f6s hakulause ja sen logiikka: onko hakusanojen yhdist\u00e4minen onnistunut?<\/li>\n<\/ul>\n<p>Mik\u00e4li hakutulosten joukosta l\u00f6ytyy edes yksi t\u00e4ysosuma eli hyvin relevantti viite, kannattaa t\u00e4m\u00e4n viitteen asiasanakent\u00e4st\u00e4 poimia siin\u00e4 k\u00e4ytetyt asiasanat ja suunnata hakua niiden avulla uudelleen. Hyv\u00e4n artikkelin tai muun julkaisun l\u00e4hdeluettelosta l\u00f6yd\u00e4t mahdollisesti lis\u00e4\u00e4 sopivaa kirjallisuutta hakemastasi aiheesta.<\/p>\n\t\t\t\t<\/div>\n\t\t\t<\/div>\n\t\t\t\t\t<div class=\"accordion accordion-js\">\n\t\t\t\t<button class=\"accordion__button\" aria-controls=\"content-1424\" aria-expanded=\"false\" id=\"accordion-control-1424\">\n\t\t\t\t\t<h3 class=\"accordion__heading\" >\n\t\t\t\t\t\tN\u00e4in saat julkaisun koko tekstin luettavaksesi\t\t\t\t\t<\/h3>\n\t\t\t\t<\/button>\n\t\t\t\t<div class=\"accordion__content\" role=\"region\" aria-labelledby=\"accordion-control-1424\" aria-hidden=\"true\" id=\"content-1424\">\n\t\t\t\t\t<p>Hakutuloksen tutkimisen ja hyvien viitteiden l\u00f6yt\u00e4misen j\u00e4lkeen on aika etsi\u00e4 kokonaiset julkaisut, jotta\u00a0 p\u00e4\u00e4set tutustumaan niihin tarkemmin. Pelkk\u00e4\u00e4 abstraktia tai muuta vastaavaa julkaisun lyhennelm\u00e4\u00e4 ei saisi koskaan k\u00e4ytt\u00e4\u00e4 tieteellisen ty\u00f6n l\u00e4hteen\u00e4. Julkaisuja etsitt\u00e4ess\u00e4 kannattaa muistaa, ett\u00e4:<\/p>\n<ul>\n<li>Kaikki julkaisut eiv\u00e4t ole verkossa saatavilla, vaan painettujakin viel\u00e4 k\u00e4ytet\u00e4\u00e4n (esimerkiksi lukuisat kirjat ja monet kotimaiset lehtiartikkelit).<\/li>\n<li>Kaikki julkaisut eiv\u00e4t ole verkossa vapaasti saatavilla. Jos olet opiskelijana yliopistossa tai ammattikorkeakoulussa, voit yleens\u00e4 saada et\u00e4k\u00e4ytt\u00f6oikeuden oppilaitoksesi kirjaston aineistotietokantaan maksumuurin takana olevien julkaisujen hakemiseksi. Ota yhteytt\u00e4 omaan kirjastoosi. It\u00e4-Suomen yliopiston kirjastossa on k\u00e4yt\u00f6ss\u00e4 <a href=\"https:\/\/primo.uef.fi\/\">UEF-Primo<\/a>. Siihen on kaikilla vapaa p\u00e4\u00e4sy, mutta maksulliset julkaisut avautuvat vain <a href=\"https:\/\/www.uef.fi\/fi\/kirjasto\/elektronisten-aineistojen-etakaytto\">It\u00e4-Suomen yliopistoyhteis\u00f6n j\u00e4senille ja KYSin henkil\u00f6kunnalle<\/a>.<\/li>\n<li>Kaikkia mahdollisia julkaisuja ei ole v\u00e4ltt\u00e4m\u00e4tt\u00e4 hankittu k\u00e4ytt\u00e4m\u00e4\u00e4si kirjastoon. Kirjastosi saattaa tarjota maksullista kaukopalvelua, josta voit tilata kirjalainoja ja artikkelikopioita muista kirjastoista kotimaasta tai ulkomailta. Tarkempia tietoja kaukopalvelusta saat kirjastosi nettisivuilta tai ottamalla yhteytt\u00e4 kirjastoon.<\/li>\n<\/ul>\n<h4>Kirja-aineiston saatavuus<\/h4>\n<p>(v\u00e4it\u00f6skirjat, opinn\u00e4ytety\u00f6t, raportit ja muut vastaavanlaiset julkaisut mukaan lukien)<\/p>\n<ul>\n<li><strong>L\u00f6ytyyk\u00f6 aineisto omasta kirjastosta?<\/strong>\n<ul>\n<li>Tarkista kirjastosi aineistotietokannasta. N\u00e4et samalla, onko aineisto sill\u00e4 hetkell\u00e4 saatavana vai lainassa. Lainassa olevaan aineistoon voit tehd\u00e4 varauksen saman tien.<\/li>\n<\/ul>\n<\/li>\n<li><strong>L\u00f6ytyyk\u00f6 aineisto elektronisessa muodossa?<\/strong>\n<ul>\n<li>Netin hakukoneilla (Google, Google Scholar) l\u00f6yt\u00e4\u00e4 hyvin esimerkiksi v\u00e4it\u00f6skirjojen verkkoversioita sek\u00e4 ministeri\u00f6iden ja virastojen tuottamia raportteja. Haku kannattaa tehd\u00e4 aineiston nimell\u00e4 tai otsikolla.<\/li>\n<li>Elektronisten versioiden viitetietoja on tallennettu usein my\u00f6s kirjastojen aineistotietokantoihin. Jos viite l\u00f6ytyy, mutta tietokanta ei tarjoa toimivaa linkki\u00e4, kannattaa kyseist\u00e4 aineistoa etsi\u00e4 nettihaulla.<\/li>\n<li>Haluttu aineisto saattaa l\u00f6yty\u00e4 my\u00f6s kirjastosi lisensioimista verkkokirjoista. Linkit n\u00e4ihin l\u00f6ytyv\u00e4t kirjaston aineistotietokannasta.<\/li>\n<\/ul>\n<\/li>\n<li><strong>L\u00f6ytyyk\u00f6 aineisto muista kirjastoista Suomesta tai ulkomailta?<\/strong>\n<ul>\n<li><a href=\"https:\/\/finna.fi\/\">Finna.fi<\/a>-tietokannasta voit hakea kaikkien kotimaisten yliopisto- ja ammattikorkeakoulukirjastojen, lukuisten yleisten kirjastojen, erikoiskirjastojen sek\u00e4 Varastokirjaston kokoelmatietoja. Finna tarjoaa my\u00f6s linkkej\u00e4 moniin e-aineistoihin, kuten esimerkiksi kotimaisiin v\u00e4it\u00f6skirjoihin. Finnasta l\u00f6yt\u00e4mi\u00e4si painettuja aineistoja ja muitakin kotimaisia tai ulkomaisia aineistoja voit pyyt\u00e4\u00e4 kaukolainaksi oman kirjastosi kautta.<\/li>\n<\/ul>\n<\/li>\n<\/ul>\n<h4>Artikkelien saatavuus<\/h4>\n<ul>\n<li><strong>Onko kyseess\u00e4 &#8221;aito&#8221; lehtiartikkeli vai kappale tai luku kokoomateoksessa?<\/strong>\n<ul>\n<li>Kokoomateoksen j\u00e4ljitt\u00e4miseen p\u00e4tev\u00e4t samat ohjeet kuin edell\u00e4 kirja-aineiston j\u00e4ljitt\u00e4miseen annetut ohjeet. Haku on vain teht\u00e4v\u00e4 kokoomateoksen nimell\u00e4, koska kirjastojen aineistotietokannoissa ja <a href=\"https:\/\/finna.fi\/\">Finna.fi<\/a>:ss\u00e4 ei ole tietoja yksitt\u00e4isist\u00e4 kappaleista tai luvuista.<\/li>\n<\/ul>\n<\/li>\n<li><strong>L\u00f6ytyyk\u00f6 artikkeli elektronisessa muodossa?<\/strong>\n<ul>\n<li><strong>Kotimaiset artikkelit<\/strong>\n<ul>\n<li><a href=\"https:\/\/finna.fi\/\">Finna.fi<\/a>-tietokannasta ja <a href=\"https:\/\/journal.fi\/\">journal.fi<\/a>-palvelusta l\u00f6ytyy avoimesti saatavia (Open access) artikkeleita. Kirjastojen aineistotietokannoissa ei yleens\u00e4 ole kotimaisia e-artikkeleita.<\/li>\n<\/ul>\n<\/li>\n<li><strong>Kansainv\u00e4liset artikkelit<\/strong>\n<ul>\n<li>N\u00e4it\u00e4 kannattaa etsi\u00e4 oman kirjastosi aineistotietokannasta. K\u00e4yt\u00e4 <a href=\"https:\/\/primo.uef.fi\/\">UEF-Primoa<\/a>, jos pystyt kirjautumaan siihen. Toimi n\u00e4in:\n<ul>\n<li>Kirjaudu <a href=\"https:\/\/primo.uef.fi\/\">UEF-Primoon<\/a> ja anna hakulokeroon artikkelin otsikko kokonaan tai sanoja otsikosta ja klikkaa avautuneen valikon vaihtoehtoa <strong>Kansainv\u00e4liset artikkelit<\/strong>. Haun tarkentamiseksi voit antaa my\u00f6s tekij\u00f6iden sukunimi\u00e4.<\/li>\n<li>Jos artikkelin viite l\u00f6ytyy, on se yleens\u00e4 hakutuloslistan alkup\u00e4\u00e4ss\u00e4. Koko teksti avautuu klikkaamalla <strong>N\u00e4yt\u00e4 PDF\/View PDF<\/strong> -linkki\u00e4.<\/li>\n<\/ul>\n<\/li>\n<li>Jos k\u00e4yt\u00e4t terveystieteiden avointa <a href=\"https:\/\/primo.uef.fi\/permalink\/358FIN_UOEF\/mhajq\/alma9911697603705966\">PubMed<\/a>-tietokantaa It\u00e4-Suomen yliopistoyhteis\u00f6n tai KYSin ulkopuolisena henkil\u00f6n\u00e4, rajaa hakusi avoimesti saataviin artikkeleihin <strong>Free full text<\/strong> -suodattimella hakutuloslistan vasemmassa reunassa.<\/li>\n<li>Avointen artikkeleiden muihin etsint\u00e4keinoihin voit tutustua UEF-kirjaston blogiartikkelista <a href=\"https:\/\/blogs.uef.fi\/ueflibrary\/ilmaisia-artikkeleita-laillisesti-free-articles-legally\/\">Ilmaisia artikkeleita laillisesti<\/a><\/li>\n<li>Voit kokeilla my\u00f6s nettihakua (Google, Google Scholar) artikkelin otsikolla tai lehden nimell\u00e4. T\u00e4m\u00e4 saattaa tuottaa positiivisen tuloksen. Lehdess\u00e4, johon artikkeli sis\u00e4ltyy, voi olla esimerkiksi ilmainen koek\u00e4ytt\u00f6jakso juuri silloin, kun etsit artikkelia.<\/li>\n<li>Maksumuurin takana olevia artikkeleita et saa ilmaiseksi, ellet pysty kirjautumaan kirjastosi aineistotietokantaan tai UEF-Primoon. Lehtien kotisivuilta pystyy yleens\u00e4 ostamaan yksitt\u00e4isi\u00e4 artikkeleita luottokortilla, mutta t\u00e4m\u00e4 saattaa tulla yll\u00e4tt\u00e4v\u00e4n kalliiksi. Oman kirjastosi kaukopalvelusta voit\u00a0 tilata kopioita e-artikkeleista halvemmalla. E-artikkelikopiot toimitetaan paperitulosteina tekij\u00e4noikeussyist\u00e4.<\/li>\n<\/ul>\n<\/li>\n<\/ul>\n<\/li>\n<\/ul>\n<ul>\n<li><strong>L\u00f6ytyyk\u00f6 aineisto painetusta lehdest\u00e4 omasta kirjastosta?<\/strong>\n<ul>\n<li>Hae kirjastosi aineistotietokannasta lehtien nimill\u00e4. Ota artikkeleista valokopiot, jos lehti\u00e4 ei lainata.<\/li>\n<\/ul>\n<\/li>\n<li><strong>L\u00f6ytyyk\u00f6 artikkeli painetusta lehdest\u00e4 muista kirjastoista Suomesta tai ulkomailta?<\/strong>\n<ul>\n<li>Tarkista lehden kotimainen sijaintikirjasto hakemalla <a href=\"https:\/\/finna.fi\/\">Finna.fi<\/a>-tietokannasta lehden nimell\u00e4. Voit tilata valokopioita Finnasta l\u00f6ytyneiden lehtien ja muidenkin lehtien artikkeleista oman kirjastosi kaukopalvelun kautta.<\/li>\n<\/ul>\n<\/li>\n<\/ul>\n\t\t\t\t<\/div>\n\t\t\t<\/div>\n\t\t\t<\/div>\n\t\n\n\n<div class=\"links-block\">\n\n            <h3>Seuraavaksi<\/h3>\n    \n    <ul class=\"link-list\">\n        \n            \n            <li class=\"link-list-item\">\n                <a href=\"https:\/\/sites.uef.fi\/tiedonhaku-kirjasto\/lahteiden-ja-kirjallisuuden-kaytto\/\" class=\"link-reset link hover-scale-down\">\n                    <svg\n        width=\"43\" height=\"25\"\n        viewBox=\"0 0 43 25\"\n        xmlns=\"http:\/\/www.w3.org\/2000\/svg\">\n    <path\n        d=\"M30.027 0 43 12.5 30.027 25 27 22.083 34.351 15H0v-5h34.351L27 2.917z\"\n        fill=\"currentColor\"\n        fill-rule=\"evenodd\"\/>\n<\/svg>                    <div>L\u00e4hteiden ja kirjallisuuden k\u00e4ytt\u00f6<\/div>\n                <\/a>\n                <div class=\"link-info\">\n                                    <\/div>\n            <\/li>\n\n                <\/ul>\n<\/div>","protected":false},"excerpt":{"rendered":"<p>Tiedonhaun tarkoitus m\u00e4\u00e4rittelee sen, milloin hakua voi pit\u00e4\u00e4 hakutulosten suhteen onnistuneena. Jos hakutulokset liittyv\u00e4t tarkasti aiheeseen, voi v\u00e4h\u00e4inenkin tulosten m\u00e4\u00e4r\u00e4 riitt\u00e4\u00e4. Toisella kertaa voi olla tarpeen saada esiin \u201dkaikki mahdollinen\u201d, vaikka osa tuloksista menisikin ohi aiheen. Tulosten m\u00e4\u00e4r\u00e4 ja aiheenmukaisuus eli relevanssi ovat usein toisilleen vastakkaiset lopputulemat. N\u00e4iden kahden sopivaa yhdistelm\u00e4\u00e4 haetaan muokkaamalla hakua ja [&hellip;]<\/p>\n","protected":false},"author":842,"featured_media":0,"parent":0,"menu_order":0,"comment_status":"closed","ping_status":"closed","template":"","meta":{"_acf_changed":false,"footnotes":""},"class_list":["post-494","page","type-page","status-publish","hentry"],"acf":[],"yoast_head":"<!-- This site is optimized with the Yoast SEO plugin v27.3 - https:\/\/yoast.com\/product\/yoast-seo-wordpress\/ -->\n<title>Onnistuiko tiedonhaku? - Tiedonhakijan opas \/\/ UEF-kirjasto<\/title>\n<meta name=\"description\" content=\"T\u00e4m\u00e4 osio neuvoo, miten arvioit tiedonhakusi onnistuneisuutta, sek\u00e4 kuinka laajennat tai tarkennat uusia hakujasi arviointisi pohjalta.\" \/>\n<meta name=\"robots\" content=\"index, follow, max-snippet:-1, max-image-preview:large, max-video-preview:-1\" \/>\n<link rel=\"canonical\" href=\"https:\/\/sites.uef.fi\/tiedonhaku-kirjasto\/onnistuiko-tiedonhaku\/\" \/>\n<meta property=\"og:locale\" content=\"fi_FI\" \/>\n<meta property=\"og:type\" content=\"article\" \/>\n<meta property=\"og:title\" content=\"Onnistuiko tiedonhaku? - Tiedonhakijan opas \/\/ UEF-kirjasto\" \/>\n<meta property=\"og:description\" content=\"T\u00e4m\u00e4 osio neuvoo, miten arvioit tiedonhakusi onnistuneisuutta, sek\u00e4 kuinka laajennat tai tarkennat uusia hakujasi arviointisi pohjalta.\" \/>\n<meta property=\"og:url\" content=\"https:\/\/sites.uef.fi\/tiedonhaku-kirjasto\/onnistuiko-tiedonhaku\/\" \/>\n<meta property=\"og:site_name\" content=\"Tiedonhakijan opas \/\/ UEF-kirjasto\" \/>\n<meta property=\"article:modified_time\" content=\"2025-08-19T12:56:12+00:00\" \/>\n<meta name=\"twitter:card\" content=\"summary_large_image\" \/>\n<meta name=\"twitter:label1\" content=\"Arvioitu lukuaika\" \/>\n\t<meta name=\"twitter:data1\" content=\"1 minuutti\" \/>\n<script type=\"application\/ld+json\" class=\"yoast-schema-graph\">{\"@context\":\"https:\\\/\\\/schema.org\",\"@graph\":[{\"@type\":\"WebPage\",\"@id\":\"https:\\\/\\\/sites.uef.fi\\\/tiedonhaku-kirjasto\\\/onnistuiko-tiedonhaku\\\/\",\"url\":\"https:\\\/\\\/sites.uef.fi\\\/tiedonhaku-kirjasto\\\/onnistuiko-tiedonhaku\\\/\",\"name\":\"Onnistuiko tiedonhaku? - Tiedonhakijan opas \\\/\\\/ UEF-kirjasto\",\"isPartOf\":{\"@id\":\"https:\\\/\\\/sites.uef.fi\\\/tiedonhaku-kirjasto\\\/#website\"},\"datePublished\":\"2022-08-23T10:33:40+00:00\",\"dateModified\":\"2025-08-19T12:56:12+00:00\",\"description\":\"T\u00e4m\u00e4 osio neuvoo, miten arvioit tiedonhakusi onnistuneisuutta, sek\u00e4 kuinka laajennat tai tarkennat uusia hakujasi arviointisi pohjalta.\",\"breadcrumb\":{\"@id\":\"https:\\\/\\\/sites.uef.fi\\\/tiedonhaku-kirjasto\\\/onnistuiko-tiedonhaku\\\/#breadcrumb\"},\"inLanguage\":\"fi\",\"potentialAction\":[{\"@type\":\"ReadAction\",\"target\":[\"https:\\\/\\\/sites.uef.fi\\\/tiedonhaku-kirjasto\\\/onnistuiko-tiedonhaku\\\/\"]}]},{\"@type\":\"BreadcrumbList\",\"@id\":\"https:\\\/\\\/sites.uef.fi\\\/tiedonhaku-kirjasto\\\/onnistuiko-tiedonhaku\\\/#breadcrumb\",\"itemListElement\":[{\"@type\":\"ListItem\",\"position\":1,\"name\":\"Home\",\"item\":\"https:\\\/\\\/sites.uef.fi\\\/tiedonhaku-kirjasto\\\/\"},{\"@type\":\"ListItem\",\"position\":2,\"name\":\"Onnistuiko tiedonhaku?\"}]},{\"@type\":\"WebSite\",\"@id\":\"https:\\\/\\\/sites.uef.fi\\\/tiedonhaku-kirjasto\\\/#website\",\"url\":\"https:\\\/\\\/sites.uef.fi\\\/tiedonhaku-kirjasto\\\/\",\"name\":\"Tiedonhakijan opas \\\/\\\/ UEF-kirjasto\",\"description\":\"\",\"potentialAction\":[{\"@type\":\"SearchAction\",\"target\":{\"@type\":\"EntryPoint\",\"urlTemplate\":\"https:\\\/\\\/sites.uef.fi\\\/tiedonhaku-kirjasto\\\/?s={search_term_string}\"},\"query-input\":{\"@type\":\"PropertyValueSpecification\",\"valueRequired\":true,\"valueName\":\"search_term_string\"}}],\"inLanguage\":\"fi\"}]}<\/script>\n<!-- \/ Yoast SEO plugin. -->","yoast_head_json":{"title":"Onnistuiko tiedonhaku? - Tiedonhakijan opas \/\/ UEF-kirjasto","description":"T\u00e4m\u00e4 osio neuvoo, miten arvioit tiedonhakusi onnistuneisuutta, sek\u00e4 kuinka laajennat tai tarkennat uusia hakujasi arviointisi pohjalta.","robots":{"index":"index","follow":"follow","max-snippet":"max-snippet:-1","max-image-preview":"max-image-preview:large","max-video-preview":"max-video-preview:-1"},"canonical":"https:\/\/sites.uef.fi\/tiedonhaku-kirjasto\/onnistuiko-tiedonhaku\/","og_locale":"fi_FI","og_type":"article","og_title":"Onnistuiko tiedonhaku? - Tiedonhakijan opas \/\/ UEF-kirjasto","og_description":"T\u00e4m\u00e4 osio neuvoo, miten arvioit tiedonhakusi onnistuneisuutta, sek\u00e4 kuinka laajennat tai tarkennat uusia hakujasi arviointisi pohjalta.","og_url":"https:\/\/sites.uef.fi\/tiedonhaku-kirjasto\/onnistuiko-tiedonhaku\/","og_site_name":"Tiedonhakijan opas \/\/ UEF-kirjasto","article_modified_time":"2025-08-19T12:56:12+00:00","twitter_card":"summary_large_image","twitter_misc":{"Arvioitu lukuaika":"1 minuutti"},"schema":{"@context":"https:\/\/schema.org","@graph":[{"@type":"WebPage","@id":"https:\/\/sites.uef.fi\/tiedonhaku-kirjasto\/onnistuiko-tiedonhaku\/","url":"https:\/\/sites.uef.fi\/tiedonhaku-kirjasto\/onnistuiko-tiedonhaku\/","name":"Onnistuiko tiedonhaku? - Tiedonhakijan opas \/\/ UEF-kirjasto","isPartOf":{"@id":"https:\/\/sites.uef.fi\/tiedonhaku-kirjasto\/#website"},"datePublished":"2022-08-23T10:33:40+00:00","dateModified":"2025-08-19T12:56:12+00:00","description":"T\u00e4m\u00e4 osio neuvoo, miten arvioit tiedonhakusi onnistuneisuutta, sek\u00e4 kuinka laajennat tai tarkennat uusia hakujasi arviointisi pohjalta.","breadcrumb":{"@id":"https:\/\/sites.uef.fi\/tiedonhaku-kirjasto\/onnistuiko-tiedonhaku\/#breadcrumb"},"inLanguage":"fi","potentialAction":[{"@type":"ReadAction","target":["https:\/\/sites.uef.fi\/tiedonhaku-kirjasto\/onnistuiko-tiedonhaku\/"]}]},{"@type":"BreadcrumbList","@id":"https:\/\/sites.uef.fi\/tiedonhaku-kirjasto\/onnistuiko-tiedonhaku\/#breadcrumb","itemListElement":[{"@type":"ListItem","position":1,"name":"Home","item":"https:\/\/sites.uef.fi\/tiedonhaku-kirjasto\/"},{"@type":"ListItem","position":2,"name":"Onnistuiko tiedonhaku?"}]},{"@type":"WebSite","@id":"https:\/\/sites.uef.fi\/tiedonhaku-kirjasto\/#website","url":"https:\/\/sites.uef.fi\/tiedonhaku-kirjasto\/","name":"Tiedonhakijan opas \/\/ UEF-kirjasto","description":"","potentialAction":[{"@type":"SearchAction","target":{"@type":"EntryPoint","urlTemplate":"https:\/\/sites.uef.fi\/tiedonhaku-kirjasto\/?s={search_term_string}"},"query-input":{"@type":"PropertyValueSpecification","valueRequired":true,"valueName":"search_term_string"}}],"inLanguage":"fi"}]}},"_links":{"self":[{"href":"https:\/\/sites.uef.fi\/tiedonhaku-kirjasto\/wp-json\/wp\/v2\/pages\/494","targetHints":{"allow":["GET"]}}],"collection":[{"href":"https:\/\/sites.uef.fi\/tiedonhaku-kirjasto\/wp-json\/wp\/v2\/pages"}],"about":[{"href":"https:\/\/sites.uef.fi\/tiedonhaku-kirjasto\/wp-json\/wp\/v2\/types\/page"}],"author":[{"embeddable":true,"href":"https:\/\/sites.uef.fi\/tiedonhaku-kirjasto\/wp-json\/wp\/v2\/users\/842"}],"replies":[{"embeddable":true,"href":"https:\/\/sites.uef.fi\/tiedonhaku-kirjasto\/wp-json\/wp\/v2\/comments?post=494"}],"version-history":[{"count":1,"href":"https:\/\/sites.uef.fi\/tiedonhaku-kirjasto\/wp-json\/wp\/v2\/pages\/494\/revisions"}],"predecessor-version":[{"id":11469,"href":"https:\/\/sites.uef.fi\/tiedonhaku-kirjasto\/wp-json\/wp\/v2\/pages\/494\/revisions\/11469"}],"wp:attachment":[{"href":"https:\/\/sites.uef.fi\/tiedonhaku-kirjasto\/wp-json\/wp\/v2\/media?parent=494"}],"curies":[{"name":"wp","href":"https:\/\/api.w.org\/{rel}","templated":true}]}}