{"id":503,"date":"2022-08-23T10:36:43","date_gmt":"2022-08-23T10:36:43","guid":{"rendered":"https:\/\/sites.uef.fi\/tiedonhaku-kirjasto\/?page_id=503"},"modified":"2023-10-11T09:14:35","modified_gmt":"2023-10-11T06:14:35","slug":"lahteiden-ja-kirjallisuuden-kaytto","status":"publish","type":"page","link":"https:\/\/sites.uef.fi\/tiedonhaku-kirjasto\/lahteiden-ja-kirjallisuuden-kaytto\/","title":{"rendered":"L\u00e4hteiden ja kirjallisuuden k\u00e4ytt\u00f6"},"content":{"rendered":"<iframe loading=\"lazy\" title=\"Kaaviokuva tiedonhaun prosessista, l\u00e4hteiden ja kirjallisuuden k\u00e4ytt\u00f6 korostettuna.\" width=\"955\" height=\"715\" data-original-width=\"955\" data-original-height=\"715\" src=\"https:\/\/www.thinglink.com\/card\/1634888630239494145\" type=\"text\/html\" frameborder=\"0\" webkitallowfullscreen mozallowfullscreen allowfullscreen scrolling=\"no\"><\/iframe><script async src=\"\/\/cdn.thinglink.me\/jse\/responsive.js\"><\/script><br\/><a href=\"https:\/\/app.widgets.thinglink.com\/accessibility\/1634888630239494145\" rel=\"noopener noreferrer\">Siirry t\u00e4st\u00e4 kuvan saavutettavaan versioon.<\/a>\n\n\n\n<p><\/p>\n\n\n\n<p>Tiedonhaun aikana olet varmasti l\u00f6yt\u00e4nyt jo useita tieteellisi\u00e4 julkaisuja oman tutkielmasi aihepiirist\u00e4. Ennen kuin k\u00e4yt\u00e4t n\u00e4it\u00e4 julkaisuja omassa tutkielmassasi, on hyv\u00e4 ymm\u00e4rt\u00e4\u00e4 ja kerrata, miten aiempaa tieteellist\u00e4 kirjallisuutta voi ja saa hy\u00f6dynt\u00e4\u00e4 omassa ty\u00f6ss\u00e4.<\/p>\n\n\n\n<p>Aivan kuten t\u00e4m\u00e4n oppaan Tiedonl\u00e4hteet ja arviointi -osiossa todettiin, on eri l\u00e4hteist\u00e4 tulevan tiedon yhdistely ja vertailu t\u00e4rke\u00e4 osa tutkimusta. L\u00e4hteiden ja kirjallisuuden k\u00e4ytt\u00f6 -osiossa perehdyt siihen, mit\u00e4 tekij\u00e4noikeudet p\u00e4\u00e4piirteitt\u00e4in tarkoittavat, kuinka l\u00e4hteisiin yleisesti ottaen viitataan tieteellisiss\u00e4 julkaisuissa ja opinn\u00e4ytet\u00f6iss\u00e4, sek\u00e4 saat muutaman hyv\u00e4n vinkin viitteidenhallintaan tarkoitetuista j\u00e4rjestelmist\u00e4.<\/p>\n\n\n\n<p>Hakutekniikka ja hakutavat -kokonaisuus sis\u00e4lt\u00e4\u00e4 kolme osiota. Voit siirty\u00e4 niihin suoraan alla olevista linkeist\u00e4:<\/p>\n\n\n\n<div class=\"links-block\">\n\n    \n    <ul class=\"link-list\">\n        \n            \n            <li class=\"link-list-item\">\n                <a href=\"https:\/\/sites.uef.fi\/tiedonhaku-kirjasto\/tekijanoikeudet\/\" class=\"link-reset link hover-scale-down\">\n                    <svg\n        width=\"43\" height=\"25\"\n        viewBox=\"0 0 43 25\"\n        xmlns=\"http:\/\/www.w3.org\/2000\/svg\">\n    <path\n        d=\"M30.027 0 43 12.5 30.027 25 27 22.083 34.351 15H0v-5h34.351L27 2.917z\"\n        fill=\"currentColor\"\n        fill-rule=\"evenodd\"\/>\n<\/svg>                    <div>Tekij\u00e4noikeudet<\/div>\n                <\/a>\n                <div class=\"link-info\">\n                                    <\/div>\n            <\/li>\n\n        \n            <li class=\"link-list-item\">\n                <a href=\"https:\/\/sites.uef.fi\/tiedonhaku-kirjasto\/miten-viittaan-oikein-lahteiden-merkitseminen\/\" class=\"link-reset link hover-scale-down\">\n                    <svg\n        width=\"43\" height=\"25\"\n        viewBox=\"0 0 43 25\"\n        xmlns=\"http:\/\/www.w3.org\/2000\/svg\">\n    <path\n        d=\"M30.027 0 43 12.5 30.027 25 27 22.083 34.351 15H0v-5h34.351L27 2.917z\"\n        fill=\"currentColor\"\n        fill-rule=\"evenodd\"\/>\n<\/svg>                    <div>Miten viittaan oikein? L\u00e4hteiden merkitseminen<\/div>\n                <\/a>\n                <div class=\"link-info\">\n                                    <\/div>\n            <\/li>\n\n        \n            <li class=\"link-list-item\">\n                <a href=\"https:\/\/sites.uef.fi\/tiedonhaku-kirjasto\/viitteidenhallintajarjestelmat\/\" class=\"link-reset link hover-scale-down\">\n                    <svg\n        width=\"43\" height=\"25\"\n        viewBox=\"0 0 43 25\"\n        xmlns=\"http:\/\/www.w3.org\/2000\/svg\">\n    <path\n        d=\"M30.027 0 43 12.5 30.027 25 27 22.083 34.351 15H0v-5h34.351L27 2.917z\"\n        fill=\"currentColor\"\n        fill-rule=\"evenodd\"\/>\n<\/svg>                    <div>Viitteidenhallintaj\u00e4rjestelm\u00e4t<\/div>\n                <\/a>\n                <div class=\"link-info\">\n                                    <\/div>\n            <\/li>\n\n                <\/ul>\n<\/div>\n\n\n<div class=\"links-block\">\n\n            <h3>Seuraavaksi<\/h3>\n    \n    <ul class=\"link-list\">\n        \n            \n            <li class=\"link-list-item\">\n                <a href=\"https:\/\/sites.uef.fi\/tiedonhaku-kirjasto\/tekijanoikeudet\/\" class=\"link-reset link hover-scale-down\">\n                    <svg\n        width=\"43\" height=\"25\"\n        viewBox=\"0 0 43 25\"\n        xmlns=\"http:\/\/www.w3.org\/2000\/svg\">\n    <path\n        d=\"M30.027 0 43 12.5 30.027 25 27 22.083 34.351 15H0v-5h34.351L27 2.917z\"\n        fill=\"currentColor\"\n        fill-rule=\"evenodd\"\/>\n<\/svg>                    <div>Tekij\u00e4noikeudet<\/div>\n                <\/a>\n                <div class=\"link-info\">\n                                    <\/div>\n            <\/li>\n\n                <\/ul>\n<\/div>","protected":false},"excerpt":{"rendered":"<p>Tiedonhaun aikana olet varmasti l\u00f6yt\u00e4nyt jo useita tieteellisi\u00e4 julkaisuja oman tutkielmasi aihepiirist\u00e4. Ennen kuin k\u00e4yt\u00e4t n\u00e4it\u00e4 julkaisuja omassa tutkielmassasi, on hyv\u00e4 ymm\u00e4rt\u00e4\u00e4 ja kerrata, miten aiempaa tieteellist\u00e4 kirjallisuutta voi ja saa hy\u00f6dynt\u00e4\u00e4 omassa ty\u00f6ss\u00e4. Aivan kuten t\u00e4m\u00e4n oppaan Tiedonl\u00e4hteet ja arviointi -osiossa todettiin, on eri l\u00e4hteist\u00e4 tulevan tiedon yhdistely ja vertailu t\u00e4rke\u00e4 osa tutkimusta. L\u00e4hteiden [&hellip;]<\/p>\n","protected":false},"author":842,"featured_media":0,"parent":0,"menu_order":0,"comment_status":"closed","ping_status":"closed","template":"","meta":{"_acf_changed":false,"footnotes":""},"class_list":["post-503","page","type-page","status-publish","hentry"],"acf":[],"yoast_head":"<!-- This site is optimized with the Yoast SEO plugin v27.3 - https:\/\/yoast.com\/product\/yoast-seo-wordpress\/ -->\n<title>L\u00e4hteiden ja kirjallisuuden k\u00e4ytt\u00f6 - Tiedonhakijan opas \/\/ UEF-kirjasto<\/title>\n<meta name=\"description\" content=\"T\u00e4ss\u00e4 osiossa perehdyt siihen, mit\u00e4 tekij\u00e4noikeudet tarkoittavat, kuinka l\u00e4hteisiin viitataan, sek\u00e4 millaisia viitteidenhallintaj\u00e4rjestelmi\u00e4 on olemassa.\" \/>\n<meta name=\"robots\" content=\"index, follow, max-snippet:-1, max-image-preview:large, max-video-preview:-1\" \/>\n<link rel=\"canonical\" href=\"https:\/\/sites.uef.fi\/tiedonhaku-kirjasto\/lahteiden-ja-kirjallisuuden-kaytto\/\" \/>\n<meta property=\"og:locale\" content=\"fi_FI\" \/>\n<meta property=\"og:type\" content=\"article\" \/>\n<meta property=\"og:title\" content=\"L\u00e4hteiden ja kirjallisuuden k\u00e4ytt\u00f6 - Tiedonhakijan opas \/\/ UEF-kirjasto\" \/>\n<meta property=\"og:description\" content=\"T\u00e4ss\u00e4 osiossa perehdyt siihen, mit\u00e4 tekij\u00e4noikeudet tarkoittavat, kuinka l\u00e4hteisiin viitataan, sek\u00e4 millaisia viitteidenhallintaj\u00e4rjestelmi\u00e4 on olemassa.\" \/>\n<meta property=\"og:url\" content=\"https:\/\/sites.uef.fi\/tiedonhaku-kirjasto\/lahteiden-ja-kirjallisuuden-kaytto\/\" \/>\n<meta property=\"og:site_name\" content=\"Tiedonhakijan opas \/\/ UEF-kirjasto\" \/>\n<meta property=\"article:modified_time\" content=\"2023-10-11T06:14:35+00:00\" \/>\n<meta name=\"twitter:card\" content=\"summary_large_image\" \/>\n<meta name=\"twitter:label1\" content=\"Arvioitu lukuaika\" \/>\n\t<meta name=\"twitter:data1\" content=\"1 minuutti\" \/>\n<script type=\"application\/ld+json\" class=\"yoast-schema-graph\">{\"@context\":\"https:\\\/\\\/schema.org\",\"@graph\":[{\"@type\":\"WebPage\",\"@id\":\"https:\\\/\\\/sites.uef.fi\\\/tiedonhaku-kirjasto\\\/lahteiden-ja-kirjallisuuden-kaytto\\\/\",\"url\":\"https:\\\/\\\/sites.uef.fi\\\/tiedonhaku-kirjasto\\\/lahteiden-ja-kirjallisuuden-kaytto\\\/\",\"name\":\"L\u00e4hteiden ja kirjallisuuden k\u00e4ytt\u00f6 - Tiedonhakijan opas \\\/\\\/ UEF-kirjasto\",\"isPartOf\":{\"@id\":\"https:\\\/\\\/sites.uef.fi\\\/tiedonhaku-kirjasto\\\/#website\"},\"datePublished\":\"2022-08-23T10:36:43+00:00\",\"dateModified\":\"2023-10-11T06:14:35+00:00\",\"description\":\"T\u00e4ss\u00e4 osiossa perehdyt siihen, mit\u00e4 tekij\u00e4noikeudet tarkoittavat, kuinka l\u00e4hteisiin viitataan, sek\u00e4 millaisia viitteidenhallintaj\u00e4rjestelmi\u00e4 on olemassa.\",\"breadcrumb\":{\"@id\":\"https:\\\/\\\/sites.uef.fi\\\/tiedonhaku-kirjasto\\\/lahteiden-ja-kirjallisuuden-kaytto\\\/#breadcrumb\"},\"inLanguage\":\"fi\",\"potentialAction\":[{\"@type\":\"ReadAction\",\"target\":[\"https:\\\/\\\/sites.uef.fi\\\/tiedonhaku-kirjasto\\\/lahteiden-ja-kirjallisuuden-kaytto\\\/\"]}]},{\"@type\":\"BreadcrumbList\",\"@id\":\"https:\\\/\\\/sites.uef.fi\\\/tiedonhaku-kirjasto\\\/lahteiden-ja-kirjallisuuden-kaytto\\\/#breadcrumb\",\"itemListElement\":[{\"@type\":\"ListItem\",\"position\":1,\"name\":\"Home\",\"item\":\"https:\\\/\\\/sites.uef.fi\\\/tiedonhaku-kirjasto\\\/\"},{\"@type\":\"ListItem\",\"position\":2,\"name\":\"L\u00e4hteiden ja kirjallisuuden k\u00e4ytt\u00f6\"}]},{\"@type\":\"WebSite\",\"@id\":\"https:\\\/\\\/sites.uef.fi\\\/tiedonhaku-kirjasto\\\/#website\",\"url\":\"https:\\\/\\\/sites.uef.fi\\\/tiedonhaku-kirjasto\\\/\",\"name\":\"Tiedonhakijan opas \\\/\\\/ UEF-kirjasto\",\"description\":\"\",\"potentialAction\":[{\"@type\":\"SearchAction\",\"target\":{\"@type\":\"EntryPoint\",\"urlTemplate\":\"https:\\\/\\\/sites.uef.fi\\\/tiedonhaku-kirjasto\\\/?s={search_term_string}\"},\"query-input\":{\"@type\":\"PropertyValueSpecification\",\"valueRequired\":true,\"valueName\":\"search_term_string\"}}],\"inLanguage\":\"fi\"}]}<\/script>\n<!-- \/ Yoast SEO plugin. -->","yoast_head_json":{"title":"L\u00e4hteiden ja kirjallisuuden k\u00e4ytt\u00f6 - Tiedonhakijan opas \/\/ UEF-kirjasto","description":"T\u00e4ss\u00e4 osiossa perehdyt siihen, mit\u00e4 tekij\u00e4noikeudet tarkoittavat, kuinka l\u00e4hteisiin viitataan, sek\u00e4 millaisia viitteidenhallintaj\u00e4rjestelmi\u00e4 on olemassa.","robots":{"index":"index","follow":"follow","max-snippet":"max-snippet:-1","max-image-preview":"max-image-preview:large","max-video-preview":"max-video-preview:-1"},"canonical":"https:\/\/sites.uef.fi\/tiedonhaku-kirjasto\/lahteiden-ja-kirjallisuuden-kaytto\/","og_locale":"fi_FI","og_type":"article","og_title":"L\u00e4hteiden ja kirjallisuuden k\u00e4ytt\u00f6 - Tiedonhakijan opas \/\/ UEF-kirjasto","og_description":"T\u00e4ss\u00e4 osiossa perehdyt siihen, mit\u00e4 tekij\u00e4noikeudet tarkoittavat, kuinka l\u00e4hteisiin viitataan, sek\u00e4 millaisia viitteidenhallintaj\u00e4rjestelmi\u00e4 on olemassa.","og_url":"https:\/\/sites.uef.fi\/tiedonhaku-kirjasto\/lahteiden-ja-kirjallisuuden-kaytto\/","og_site_name":"Tiedonhakijan opas \/\/ UEF-kirjasto","article_modified_time":"2023-10-11T06:14:35+00:00","twitter_card":"summary_large_image","twitter_misc":{"Arvioitu lukuaika":"1 minuutti"},"schema":{"@context":"https:\/\/schema.org","@graph":[{"@type":"WebPage","@id":"https:\/\/sites.uef.fi\/tiedonhaku-kirjasto\/lahteiden-ja-kirjallisuuden-kaytto\/","url":"https:\/\/sites.uef.fi\/tiedonhaku-kirjasto\/lahteiden-ja-kirjallisuuden-kaytto\/","name":"L\u00e4hteiden ja kirjallisuuden k\u00e4ytt\u00f6 - Tiedonhakijan opas \/\/ UEF-kirjasto","isPartOf":{"@id":"https:\/\/sites.uef.fi\/tiedonhaku-kirjasto\/#website"},"datePublished":"2022-08-23T10:36:43+00:00","dateModified":"2023-10-11T06:14:35+00:00","description":"T\u00e4ss\u00e4 osiossa perehdyt siihen, mit\u00e4 tekij\u00e4noikeudet tarkoittavat, kuinka l\u00e4hteisiin viitataan, sek\u00e4 millaisia viitteidenhallintaj\u00e4rjestelmi\u00e4 on olemassa.","breadcrumb":{"@id":"https:\/\/sites.uef.fi\/tiedonhaku-kirjasto\/lahteiden-ja-kirjallisuuden-kaytto\/#breadcrumb"},"inLanguage":"fi","potentialAction":[{"@type":"ReadAction","target":["https:\/\/sites.uef.fi\/tiedonhaku-kirjasto\/lahteiden-ja-kirjallisuuden-kaytto\/"]}]},{"@type":"BreadcrumbList","@id":"https:\/\/sites.uef.fi\/tiedonhaku-kirjasto\/lahteiden-ja-kirjallisuuden-kaytto\/#breadcrumb","itemListElement":[{"@type":"ListItem","position":1,"name":"Home","item":"https:\/\/sites.uef.fi\/tiedonhaku-kirjasto\/"},{"@type":"ListItem","position":2,"name":"L\u00e4hteiden ja kirjallisuuden k\u00e4ytt\u00f6"}]},{"@type":"WebSite","@id":"https:\/\/sites.uef.fi\/tiedonhaku-kirjasto\/#website","url":"https:\/\/sites.uef.fi\/tiedonhaku-kirjasto\/","name":"Tiedonhakijan opas \/\/ UEF-kirjasto","description":"","potentialAction":[{"@type":"SearchAction","target":{"@type":"EntryPoint","urlTemplate":"https:\/\/sites.uef.fi\/tiedonhaku-kirjasto\/?s={search_term_string}"},"query-input":{"@type":"PropertyValueSpecification","valueRequired":true,"valueName":"search_term_string"}}],"inLanguage":"fi"}]}},"_links":{"self":[{"href":"https:\/\/sites.uef.fi\/tiedonhaku-kirjasto\/wp-json\/wp\/v2\/pages\/503","targetHints":{"allow":["GET"]}}],"collection":[{"href":"https:\/\/sites.uef.fi\/tiedonhaku-kirjasto\/wp-json\/wp\/v2\/pages"}],"about":[{"href":"https:\/\/sites.uef.fi\/tiedonhaku-kirjasto\/wp-json\/wp\/v2\/types\/page"}],"author":[{"embeddable":true,"href":"https:\/\/sites.uef.fi\/tiedonhaku-kirjasto\/wp-json\/wp\/v2\/users\/842"}],"replies":[{"embeddable":true,"href":"https:\/\/sites.uef.fi\/tiedonhaku-kirjasto\/wp-json\/wp\/v2\/comments?post=503"}],"version-history":[{"count":1,"href":"https:\/\/sites.uef.fi\/tiedonhaku-kirjasto\/wp-json\/wp\/v2\/pages\/503\/revisions"}],"predecessor-version":[{"id":10731,"href":"https:\/\/sites.uef.fi\/tiedonhaku-kirjasto\/wp-json\/wp\/v2\/pages\/503\/revisions\/10731"}],"wp:attachment":[{"href":"https:\/\/sites.uef.fi\/tiedonhaku-kirjasto\/wp-json\/wp\/v2\/media?parent=503"}],"curies":[{"name":"wp","href":"https:\/\/api.w.org\/{rel}","templated":true}]}}