{"id":5093,"date":"2022-10-17T12:30:44","date_gmt":"2022-10-17T12:30:44","guid":{"rendered":"https:\/\/sites.uef.fi\/tiedonhaku-kirjasto\/?page_id=5093"},"modified":"2025-11-25T13:06:57","modified_gmt":"2025-11-25T10:06:57","slug":"scientific-publications-in-different-fields","status":"publish","type":"page","link":"https:\/\/sites.uef.fi\/tiedonhaku-kirjasto\/scientific-publications-in-different-fields\/?lang=en","title":{"rendered":"Scientific Publications in Different Fields"},"content":{"rendered":"\n<p>Different fields of science have their own traditions regarding research publications. Natural and medical sciences, as well as fields of technology represent a culture of publishing international paper articles. International publishing is natural in these fields, as the topics are also universal.<\/p>\n\n\n\n<p>In contrast, regular books and publishing through domestic publishers are more common in the humanities. The practices of social sciences lie somewhere in the middle ground. In addition, public discourse through newspapers and often also in social media for instance, are also important for social sciences. In the fields of technology, on the other hand, it is common to publish patents in addition to other publication types.<\/p>\n\n\n\n<p>The differences between sciences overall have decreased in recent years, and articles have become a more common publication type in all fields. Similarly, there has been a significant transition from national languages into English.<\/p>\n\n\n\n<h2 class=\"wp-block-heading\">Publication types for research publishing<\/h2>\n\n\n\n<p>Articles in a scientific journal are the most common way to publish research information. Books, periodicals, and conference proceedings are focal publishing channels as well.<\/p>\n\n\n<iframe loading=\"lazy\" title=\"An infographic about the types of publications and materials.\" width=\"958\" height=\"483\" data-original-width=\"958\" data-original-height=\"484\" src=\"https:\/\/www.thinglink.com\/card\/1641799920669163521\" type=\"text\/html\" frameborder=\"0\" webkitallowfullscreen mozallowfullscreen allowfullscreen scrolling=\"no\"><\/iframe><script async src=\"\/\/cdn.thinglink.me\/jse\/responsive.js\"><\/script><br\/><a href=\"https:\/\/app.widgets.thinglink.com\/accessibility\/1641799920669163521\" rel=\"noopener noreferrer\">Click here to view the accessible version of this interactive content.<\/a>\n\n\n\n<p><\/p>\n\n\n\t<div id=\"accordion-block_5c38e73a32671ff807350754174825e8\" class=\"accordions\">\n\t\t\t\t\t<div class=\"accordion accordion-js\">\n\t\t\t\t<button class=\"accordion__button\" aria-controls=\"content-6049\" aria-expanded=\"false\" id=\"accordion-control-6049\">\n\t\t\t\t\t<h3 class=\"accordion__heading\" >\n\t\t\t\t\t\tTheses\t\t\t\t\t<\/h3>\n\t\t\t\t<\/button>\n\t\t\t\t<div class=\"accordion__content\" role=\"region\" aria-labelledby=\"accordion-control-6049\" aria-hidden=\"true\" id=\"content-6049\">\n\t\t\t\t\t<p>An academic thesis is a scientific work that demonstrates how a student has adopted scientific thinking and practices, such as information retrieval, evaluation of information quality, research methods, and scholarly communication. Completing a thesis and earning a degree also qualifies the graduate to work as an expert in their field. If you are a student at the University of Eastern Finland, check the requirements for your thesis either in <a href=\"https:\/\/kamu.uef.fi\/en\/tietopankki\/during-studies\/study-community\/\">Kamu study community<\/a> or with your department.<\/p>\n<h4>Bachelor\u2019s Thesis<\/h4>\n<p>The first stage of university studies is the lower university degree, the Bachelor\u2019s degree. The required Bachelor\u2019s thesis is typically a 5\u201310 ECTS written work or literature review, which may also include a small experimental component. Its length is usually several dozen pages, with at least 15\u201320 references. The thesis is usually completed during the third year of studies. It generally has one supervisor, who may also act as the examiner.<\/p>\n<h4>Bachelor &#8217;s Thesis in Pharmacy<\/h4>\n<p>The first degree in pharmacy (&#8221;Farmaseutti&#8221;) is a lower university degree. The pharmacy thesis corresponds to the Bachelor\u2019s thesis in other fields.<\/p>\n<h4>Master\u2019s Thesis<\/h4>\n<p>The Master\u2019s thesis (&#8221;Pro Gradu&#8221;, Latin for &#8221;for the degree&#8221;) is completed as part of an advanced university degree (Master\u2019s degree or &#8221;Proviisori&#8221; in Pharmacy). It is broader than the Bachelor\u2019s thesis, typically 20\u201340 ECTS, and may follow the structure of a scientific publication (introduction, materials and methods, results, discussion). There are usually 1\u20133 supervisors, at least one of whom must be a member of the department\u2019s staff.<\/p>\n<h4>Master&#8217;s Thesis in Engineering<\/h4>\n<p>The Master&#8217;s Thesis in Engineering (&#8221;Diplomity\u00f6&#8221;) is required for the Master of Science in Technology degree (&#8221;Diplomi-insin\u00f6\u00f6ri&#8221;). It corresponds to the Master\u2019s thesis in other fields.<\/p>\n<h4>Advanced Studies Thesis in Medicine or Dentistry (&#8221;syv\u00e4rit&#8221;)<\/h4>\n<p>These theses are comparable to a Master\u2019s thesis but slightly narrower (20 ECTS) and are required for the Licentiate degree in Medicine or Dentistry. The thesis can also be completed as a scientific article, in which case the scope is 25 ECTS.<\/p>\n<h4>Master of Laws Thesis<\/h4>\n<p>The Master of Laws (OTM) degree is an advanced university degree in law. The thesis corresponds to the Master\u2019s thesis in other fields.<\/p>\n<h4>Licentiate Thesis<\/h4>\n<p>A licentiate thesis is required for the Licentiate degree, which was previously mandatory before pursuing a doctoral degree. Today, the Licentiate degree is rare, as students can proceed directly to a doctoral dissertation after completing a Master\u2019s degree. Medical and dental students complete an advanced studies thesis instead of a licentiate thesis.<\/p>\n<h4>Doctoral Dissertation<\/h4>\n<p>A person aiming for a doctoral degree must prepare a dissertation. It differs fundamentally from all other theses. A dissertation is an independent research project that explores a specific field in depth and produces new knowledge. It cannot be merely a review of existing knowledge, as lower-level theses often are.<\/p>\n<p>There are two types of dissertations. The traditional monograph resembles a book and is common in fields where research results are published in book form, such as the humanities (e.g., history). In article-based fields, such as medicine and natural sciences, article-based dissertations (&#8221;compilation dissertations&#8221;) are preferred. These consist of several\u2014usually at least two\u2014articles published in international peer reviewed journals and a summary based on them.<\/p>\n<p>The completed dissertation is pre-examined by at least two external experts with doctoral degrees. After pre-examination, the public defense takes place, where the research is formally approved. The opponent must be a professor or docent from another university and cannot be employed by the candidate\u2019s university.<\/p>\n<h4>Is a Thesis a Publication?<\/h4>\n<p>According to Section 8 of the Finnish Copyright Act, a work is considered <strong>published<\/strong> when copies of it have, with the author\u2019s consent, been made available to the public by sale or otherwise. Publications typically have a publisher and an <a href=\"https:\/\/www.kansalliskirjasto.fi\/en\/services\/finlands-national-isbn-agency\">ISBN<\/a>. Only doctoral dissertations meet these criteria: they have a publisher (the university), an ISBN, and are usually openly available online.<\/p>\n<p>Other theses are considered <strong>disclosed<\/strong> rather than published. Even if they are lawfully made available to the public, for example, in a university library or online, they do not have a publisher or ISBN.<\/p>\n<h4>Can a Thesis Be Used as a Source in Scholarly Writing?<\/h4>\n<p>Peer reviewed publications are considered reliable sources. The examination of a doctoral dissertation is a neutral process similar to peer review, which makes dissertations suitable as sources. The review process for Bachelor&#8217;s and Master&#8217;s theses does not meet peer review standards, and such theses are essentially practice works. For these reasons, theses other than doctoral dissertations are generally not recommended as sources in scholarly writing.<\/p>\n<h4>Where Can Theses Be Found?<\/h4>\n<p>You can search for theses from the University of Eastern Finland in the <a href=\"https:\/\/erepo.uef.fi\/\">eRepo<\/a> database and in the <a href=\"https:\/\/primo.uef.fi\/discovery\/search?vid=358FIN_UOEF:VU1&amp;lang=en\">UEF Primo<\/a> search service. Bachelor\u2019s theses are not publicly available.<\/p>\n<p>Theses from other universities can be found in their respective publication databases, usually linked on university library websites. Finnish doctoral dissertations are also available through the <a href=\"https:\/\/finna.fi\/?lng=en-gb\">Finna.fi<\/a> search service.<\/p>\n\t\t\t\t<\/div>\n\t\t\t<\/div>\n\t\t\t\t\t<div class=\"accordion accordion-js\">\n\t\t\t\t<button class=\"accordion__button\" aria-controls=\"content-8504\" aria-expanded=\"false\" id=\"accordion-control-8504\">\n\t\t\t\t\t<h3 class=\"accordion__heading\" >\n\t\t\t\t\t\tScientific journals and articles\t\t\t\t\t<\/h3>\n\t\t\t\t<\/button>\n\t\t\t\t<div class=\"accordion__content\" role=\"region\" aria-labelledby=\"accordion-control-8504\" aria-hidden=\"true\" id=\"content-8504\">\n\t\t\t\t\t<p>The contents of a scientific journal are divided into individual articles. There are two main types of articles: original articles and review articles. In addition to proper research articles, scientific journals may often include different types of overviews, news, letters, and discussion.<\/p>\n<p>In common language, scientific journals are often referred to as serials, which may cause misunderstandings (see more on serial publications below). Also, some researchers speak of \u201cjournals\u201d.<\/p>\n<h4>Original article<\/h4>\n<p><!-- wp:paragraph --><\/p>\n<p>Original article (or a research paper article) is a short presentation (7 to 20 pages) that discusses a clearly outlined issue in the particular journal\u2019s field of science. Original articles include either completely new research results or new inspection of older results.<\/p>\n<p><!-- \/wp:paragraph --> <!-- wp:paragraph --><\/p>\n<p>However, original articles alone may not provide a general understanding of the larger topics or the level of knowledge in the field.<\/p>\n<p><!-- \/wp:paragraph --> <!-- wp:paragraph --><\/p>\n<p>See an example original article at the <a href=\"https:\/\/edintegrity.biomedcentral.com\/articles\/10.1007\/s40979-021-00098-2\">International Journal for Educational Integrity \u2013journal\u2019s website<\/a>.<\/p>\n<h4>Review article<\/h4>\n<p><!-- wp:paragraph --><\/p>\n<p>This is where review articles come in. Review articles can help to get an overall view of what is relevant within discipline. Review articles are put together by experts on the field. The process of writing a review article includes the reviewing of the most significant original articles discussing the topic. The results presented in them will then be gathered together in the review article. The reviews are often long, spanning dozens of pages, and feature extensive lists of references.<\/p>\n<p><!-- \/wp:paragraph --> <!-- wp:paragraph --><\/p>\n<p>When the search for original articles is done in a particularly comprehensive and systematic manner, the review is called a systematic review. The results presented in a set of original articles can also be re-analysed as a single set, which is called a meta-analysis. A peer-reviewed systematic review with meta-analyses is often considered as the most reliable research-based evidence.<\/p>\n<p><!-- \/wp:paragraph --> <!-- wp:paragraph --><\/p>\n<p>Review articles are published both in ordinary scientific journals and in specific review journals. Annual Reviews is one of the most well-known journals for review articles. <a href=\"https:\/\/primo.uef.fi\/discovery\/fulldisplay?vid=358FIN_UOEF:VU1&amp;search_scope=MyInstitution&amp;tab=LibraryCatalog&amp;docid=alma9911697903705966&amp;lang=en&amp;context=L\" target=\"_blank\" rel=\"noreferrer noopener\">Annual Reviews is available on UEF Primo.<\/a>\u00a0\u00a0<!-- \/wp:paragraph --><\/p>\n<p><!-- \/wp:paragraph --><\/p>\n\t\t\t\t<\/div>\n\t\t\t<\/div>\n\t\t\t\t\t<div class=\"accordion accordion-js\">\n\t\t\t\t<button class=\"accordion__button\" aria-controls=\"content-8669\" aria-expanded=\"false\" id=\"accordion-control-8669\">\n\t\t\t\t\t<h3 class=\"accordion__heading\" >\n\t\t\t\t\t\tBooks\t\t\t\t\t<\/h3>\n\t\t\t\t<\/button>\n\t\t\t\t<div class=\"accordion__content\" role=\"region\" aria-labelledby=\"accordion-control-8669\" aria-hidden=\"true\" id=\"content-8669\">\n\t\t\t\t\t<p>Books, aka monographies, are often written when the information on the topic is already established and generally accepted. Publishing a book may take some time, and a certain amount of permanence is expected from information within a book.<\/p>\n<p>Based on how the informative content has been produced, books can be sorted into the following categories: those written by one or multiple authors (authored), and ones that have been edited. Edited books are often compendiums, including multiple individual articles written by different authors. The editor has then collected these articles together under one title, forming a structure reminiscent of a chapter-based one.<\/p>\n<p>Reading and learning from books are still parts of university study. However, there are differences between disciplines in what kind of information and knowledge are sought from books and how books are used as part of research, for example.<\/p>\n\t\t\t\t<\/div>\n\t\t\t<\/div>\n\t\t\t\t\t<div class=\"accordion accordion-js\">\n\t\t\t\t<button class=\"accordion__button\" aria-controls=\"content-5080\" aria-expanded=\"false\" id=\"accordion-control-5080\">\n\t\t\t\t\t<h3 class=\"accordion__heading\" >\n\t\t\t\t\t\tSerial publications\t\t\t\t\t<\/h3>\n\t\t\t\t<\/button>\n\t\t\t\t<div class=\"accordion__content\" role=\"region\" aria-labelledby=\"accordion-control-5080\" aria-hidden=\"true\" id=\"content-5080\">\n\t\t\t\t\t<p>Serial publications are a common channel for publishing results in research institutions and other public organisations, establishing them as important information sources. For example, doctoral dissertations in Finland are almost always published in the universities\u2019 serial publications.<\/p>\n<p>Serial publications be can either individual books or compendiums. Much like journals, serials are published periodically under a specific title. Serials and journals are often commonly referred to as periodicals.<\/p>\n<p>It is common for different issues of a serial publication to have their own themes or topics. Serial issues are published once they are finished, which means that they may not appear regularly like magazines do. The number of issues may also change from year to year.<\/p>\n<p>While the most \u201cscientific\u201d discoveries are preferred to be published as articles in peer-reviewed journals, a significant amount of report, account or case type research data is still published through serial publications.<\/p>\n<p>Serial publications are not often peer-reviewed, but they can be a viable source, nonetheless. However, the applicability of a non-peer-reviewed serial publication as a source for a thesis depends on the practices of the discipline, and on how the author of the thesis uses the source in his or her own work.<\/p>\n<p>In the recent years, many serial publications have transferred to an online only format, which has made them more difficult to find from library databases, for instance. Serials are more easily found within the online publishing systems of different organisations. Sometimes serial publications may also be found through search engines.<\/p>\n\t\t\t\t<\/div>\n\t\t\t<\/div>\n\t\t\t\t\t<div class=\"accordion accordion-js\">\n\t\t\t\t<button class=\"accordion__button\" aria-controls=\"content-2700\" aria-expanded=\"false\" id=\"accordion-control-2700\">\n\t\t\t\t\t<h3 class=\"accordion__heading\" >\n\t\t\t\t\t\tConference proceedings\t\t\t\t\t<\/h3>\n\t\t\t\t<\/button>\n\t\t\t\t<div class=\"accordion__content\" role=\"region\" aria-labelledby=\"accordion-control-2700\" aria-hidden=\"true\" id=\"content-2700\">\n\t\t\t\t\t<p><!-- wp:paragraph --><\/p>\n<p>New discoveries are first presented in scientific conferences. The presentations or their summaries held in a conference, as well as possible posters are collected into a conference proceeding. These are often produced as quickly as possible, often before the start of the conference itself.<\/p>\n<p><!-- \/wp:paragraph --> <!-- wp:paragraph --><\/p>\n<p>The publications of international conferences are often recognised from the word \u201c<em>proceedings<\/em>\u201d that appears in their title. Do note that the word proceedings may sometimes appear in the title of \u201can ordinary\u201d journal.<\/p>\n<p><!-- \/wp:paragraph --><\/p>\n\t\t\t\t<\/div>\n\t\t\t<\/div>\n\t\t\t<\/div>\n\t\n\n\n<div class=\"links-block\">\n\n            <h3>Next<\/h3>\n    \n    <ul class=\"link-list\">\n        \n            \n            <li class=\"link-list-item\">\n                <a href=\"https:\/\/sites.uef.fi\/tiedonhaku-kirjasto\/search-engines-and-databases\/?lang=en\" class=\"link-reset link hover-scale-down\">\n                    <svg\n        width=\"43\" height=\"25\"\n        viewBox=\"0 0 43 25\"\n        xmlns=\"http:\/\/www.w3.org\/2000\/svg\">\n    <path\n        d=\"M30.027 0 43 12.5 30.027 25 27 22.083 34.351 15H0v-5h34.351L27 2.917z\"\n        fill=\"currentColor\"\n        fill-rule=\"evenodd\"\/>\n<\/svg>                    <div>Search Engines and Databases<\/div>\n                <\/a>\n                <div class=\"link-info\">\n                                    <\/div>\n            <\/li>\n\n                <\/ul>\n<\/div>","protected":false},"excerpt":{"rendered":"<p>Different fields of science have their own traditions regarding research publications. Natural and medical sciences, as well as fields of technology represent a culture of publishing international paper articles. International publishing is natural in these fields, as the topics are also universal. In contrast, regular books and publishing through domestic publishers are more common in [&hellip;]<\/p>\n","protected":false},"author":842,"featured_media":0,"parent":0,"menu_order":0,"comment_status":"closed","ping_status":"closed","template":"","meta":{"_acf_changed":false,"footnotes":""},"class_list":["post-5093","page","type-page","status-publish","hentry"],"acf":[],"yoast_head":"<!-- This site is optimized with the Yoast SEO plugin v27.1.1 - https:\/\/yoast.com\/product\/yoast-seo-wordpress\/ -->\n<title>Scientific Publications in Different Fields - Tiedonhakijan opas \/\/ UEF-kirjasto<\/title>\n<meta name=\"robots\" content=\"index, follow, max-snippet:-1, max-image-preview:large, max-video-preview:-1\" \/>\n<link rel=\"canonical\" href=\"https:\/\/sites.uef.fi\/tiedonhaku-kirjasto\/scientific-publications-in-different-fields\/\" \/>\n<meta property=\"og:locale\" content=\"fi_FI\" \/>\n<meta property=\"og:type\" content=\"article\" \/>\n<meta property=\"og:title\" content=\"Scientific Publications in Different Fields - Tiedonhakijan opas \/\/ UEF-kirjasto\" \/>\n<meta property=\"og:description\" content=\"Different fields of science have their own traditions regarding research publications. Natural and medical sciences, as well as fields of technology represent a culture of publishing international paper articles. International publishing is natural in these fields, as the topics are also universal. In contrast, regular books and publishing through domestic publishers are more common in [&hellip;]\" \/>\n<meta property=\"og:url\" content=\"https:\/\/sites.uef.fi\/tiedonhaku-kirjasto\/scientific-publications-in-different-fields\/?lang=en\" \/>\n<meta property=\"og:site_name\" content=\"Tiedonhakijan opas \/\/ UEF-kirjasto\" \/>\n<meta property=\"article:modified_time\" content=\"2025-11-25T10:06:57+00:00\" \/>\n<meta name=\"twitter:card\" content=\"summary_large_image\" \/>\n<meta name=\"twitter:label1\" content=\"Arvioitu lukuaika\" \/>\n\t<meta name=\"twitter:data1\" content=\"2 minuuttia\" \/>\n<script type=\"application\/ld+json\" class=\"yoast-schema-graph\">{\"@context\":\"https:\/\/schema.org\",\"@graph\":[{\"@type\":\"WebPage\",\"@id\":\"https:\/\/sites.uef.fi\/tiedonhaku-kirjasto\/scientific-publications-in-different-fields\/?lang=en\",\"url\":\"https:\/\/sites.uef.fi\/tiedonhaku-kirjasto\/scientific-publications-in-different-fields\/?lang=en\",\"name\":\"Scientific Publications in Different Fields - Tiedonhakijan opas \/\/ UEF-kirjasto\",\"isPartOf\":{\"@id\":\"https:\/\/sites.uef.fi\/tiedonhaku-kirjasto\/#website\"},\"datePublished\":\"2022-10-17T12:30:44+00:00\",\"dateModified\":\"2025-11-25T10:06:57+00:00\",\"breadcrumb\":{\"@id\":\"https:\/\/sites.uef.fi\/tiedonhaku-kirjasto\/scientific-publications-in-different-fields\/?lang=en#breadcrumb\"},\"inLanguage\":\"fi\",\"potentialAction\":[{\"@type\":\"ReadAction\",\"target\":[\"https:\/\/sites.uef.fi\/tiedonhaku-kirjasto\/scientific-publications-in-different-fields\/?lang=en\"]}]},{\"@type\":\"BreadcrumbList\",\"@id\":\"https:\/\/sites.uef.fi\/tiedonhaku-kirjasto\/scientific-publications-in-different-fields\/?lang=en#breadcrumb\",\"itemListElement\":[{\"@type\":\"ListItem\",\"position\":1,\"name\":\"Home\",\"item\":\"https:\/\/sites.uef.fi\/tiedonhaku-kirjasto\/\"},{\"@type\":\"ListItem\",\"position\":2,\"name\":\"Scientific Publications in Different Fields\"}]},{\"@type\":\"WebSite\",\"@id\":\"https:\/\/sites.uef.fi\/tiedonhaku-kirjasto\/#website\",\"url\":\"https:\/\/sites.uef.fi\/tiedonhaku-kirjasto\/\",\"name\":\"Tiedonhakijan opas \/\/ UEF-kirjasto\",\"description\":\"\",\"potentialAction\":[{\"@type\":\"SearchAction\",\"target\":{\"@type\":\"EntryPoint\",\"urlTemplate\":\"https:\/\/sites.uef.fi\/tiedonhaku-kirjasto\/?s={search_term_string}\"},\"query-input\":{\"@type\":\"PropertyValueSpecification\",\"valueRequired\":true,\"valueName\":\"search_term_string\"}}],\"inLanguage\":\"fi\"}]}<\/script>\n<!-- \/ Yoast SEO plugin. -->","yoast_head_json":{"title":"Scientific Publications in Different Fields - Tiedonhakijan opas \/\/ UEF-kirjasto","robots":{"index":"index","follow":"follow","max-snippet":"max-snippet:-1","max-image-preview":"max-image-preview:large","max-video-preview":"max-video-preview:-1"},"canonical":"https:\/\/sites.uef.fi\/tiedonhaku-kirjasto\/scientific-publications-in-different-fields\/","og_locale":"fi_FI","og_type":"article","og_title":"Scientific Publications in Different Fields - Tiedonhakijan opas \/\/ UEF-kirjasto","og_description":"Different fields of science have their own traditions regarding research publications. Natural and medical sciences, as well as fields of technology represent a culture of publishing international paper articles. International publishing is natural in these fields, as the topics are also universal. In contrast, regular books and publishing through domestic publishers are more common in [&hellip;]","og_url":"https:\/\/sites.uef.fi\/tiedonhaku-kirjasto\/scientific-publications-in-different-fields\/?lang=en","og_site_name":"Tiedonhakijan opas \/\/ UEF-kirjasto","article_modified_time":"2025-11-25T10:06:57+00:00","twitter_card":"summary_large_image","twitter_misc":{"Arvioitu lukuaika":"2 minuuttia"},"schema":{"@context":"https:\/\/schema.org","@graph":[{"@type":"WebPage","@id":"https:\/\/sites.uef.fi\/tiedonhaku-kirjasto\/scientific-publications-in-different-fields\/?lang=en","url":"https:\/\/sites.uef.fi\/tiedonhaku-kirjasto\/scientific-publications-in-different-fields\/?lang=en","name":"Scientific Publications in Different Fields - Tiedonhakijan opas \/\/ UEF-kirjasto","isPartOf":{"@id":"https:\/\/sites.uef.fi\/tiedonhaku-kirjasto\/#website"},"datePublished":"2022-10-17T12:30:44+00:00","dateModified":"2025-11-25T10:06:57+00:00","breadcrumb":{"@id":"https:\/\/sites.uef.fi\/tiedonhaku-kirjasto\/scientific-publications-in-different-fields\/?lang=en#breadcrumb"},"inLanguage":"fi","potentialAction":[{"@type":"ReadAction","target":["https:\/\/sites.uef.fi\/tiedonhaku-kirjasto\/scientific-publications-in-different-fields\/?lang=en"]}]},{"@type":"BreadcrumbList","@id":"https:\/\/sites.uef.fi\/tiedonhaku-kirjasto\/scientific-publications-in-different-fields\/?lang=en#breadcrumb","itemListElement":[{"@type":"ListItem","position":1,"name":"Home","item":"https:\/\/sites.uef.fi\/tiedonhaku-kirjasto\/"},{"@type":"ListItem","position":2,"name":"Scientific Publications in Different Fields"}]},{"@type":"WebSite","@id":"https:\/\/sites.uef.fi\/tiedonhaku-kirjasto\/#website","url":"https:\/\/sites.uef.fi\/tiedonhaku-kirjasto\/","name":"Tiedonhakijan opas \/\/ UEF-kirjasto","description":"","potentialAction":[{"@type":"SearchAction","target":{"@type":"EntryPoint","urlTemplate":"https:\/\/sites.uef.fi\/tiedonhaku-kirjasto\/?s={search_term_string}"},"query-input":{"@type":"PropertyValueSpecification","valueRequired":true,"valueName":"search_term_string"}}],"inLanguage":"fi"}]}},"_links":{"self":[{"href":"https:\/\/sites.uef.fi\/tiedonhaku-kirjasto\/wp-json\/wp\/v2\/pages\/5093","targetHints":{"allow":["GET"]}}],"collection":[{"href":"https:\/\/sites.uef.fi\/tiedonhaku-kirjasto\/wp-json\/wp\/v2\/pages"}],"about":[{"href":"https:\/\/sites.uef.fi\/tiedonhaku-kirjasto\/wp-json\/wp\/v2\/types\/page"}],"author":[{"embeddable":true,"href":"https:\/\/sites.uef.fi\/tiedonhaku-kirjasto\/wp-json\/wp\/v2\/users\/842"}],"replies":[{"embeddable":true,"href":"https:\/\/sites.uef.fi\/tiedonhaku-kirjasto\/wp-json\/wp\/v2\/comments?post=5093"}],"version-history":[{"count":1,"href":"https:\/\/sites.uef.fi\/tiedonhaku-kirjasto\/wp-json\/wp\/v2\/pages\/5093\/revisions"}],"predecessor-version":[{"id":11500,"href":"https:\/\/sites.uef.fi\/tiedonhaku-kirjasto\/wp-json\/wp\/v2\/pages\/5093\/revisions\/11500"}],"wp:attachment":[{"href":"https:\/\/sites.uef.fi\/tiedonhaku-kirjasto\/wp-json\/wp\/v2\/media?parent=5093"}],"curies":[{"name":"wp","href":"https:\/\/api.w.org\/{rel}","templated":true}]}}