{"id":512,"date":"2022-08-23T11:07:30","date_gmt":"2022-08-23T11:07:30","guid":{"rendered":"https:\/\/sites.uef.fi\/tiedonhaku-kirjasto\/?page_id=512"},"modified":"2023-10-03T14:50:14","modified_gmt":"2023-10-03T11:50:14","slug":"tekijanoikeudet","status":"publish","type":"page","link":"https:\/\/sites.uef.fi\/tiedonhaku-kirjasto\/tekijanoikeudet\/","title":{"rendered":"Tekij\u00e4noikeudet"},"content":{"rendered":"\n<p>Tekij\u00e4noikeus tarkoittaa tekij\u00e4n oikeutta p\u00e4\u00e4tt\u00e4\u00e4 teoksensa k\u00e4yt\u00f6st\u00e4, jolloin muilla ei ole oikeutta k\u00e4ytt\u00e4\u00e4 teosta ilman tekij\u00e4n lupaa. T\u00e4st\u00e4 on kuitenkin lailla s\u00e4\u00e4dettyj\u00e4 poikkeuksia, jotka sallivat esimerkiksi kopioimisen yksityiseen k\u00e4ytt\u00f6\u00f6n ja siteerauksen.&nbsp;&nbsp;<\/p>\n\n\n\n<p>Tekij\u00e4noikeuslaki (1961\/404) ja -asetus (574\/1995) s\u00e4\u00e4telev\u00e4t julkaisujen (julkaistujen teosten) k\u00e4ytt\u00f6\u00e4. My\u00f6s elektroninen aineisto on tekij\u00e4noikeuslain suojaamaa. Kirjaston hankkimien lisensoitujen e-aineistojen k\u00e4ytt\u00f6 on sallittu ei-kaupalliseen, akateemiseen tarkoitukseen, kuten opetukseen, tutkimukseen ja opiskeluun.&nbsp;<\/p>\n\n\n\n<p>Kirjaston k\u00e4ytt\u00e4j\u00e4n\u00e4 voit vapaasti ottaa lainaamastasi kirjasta kopioita omaan k\u00e4ytt\u00f6\u00f6si. Samoin kirjaston v\u00e4litt\u00e4mi\u00e4 e-artikkeleita voit tallentaa ja tulostaa kohtuullisessa m\u00e4\u00e4rin omaan opiskelu- tai tutkimusk\u00e4ytt\u00f6\u00f6n.&nbsp; My\u00f6s e-kirjoista voit tallentaa tai tulostaa yksitt\u00e4isi\u00e4 lukuja. <a href=\"https:\/\/urly.fi\/1G3P\">E-aineistojen k\u00e4ytt\u00f6oikeuksista<\/a>&nbsp;voi lukea tarkemmin UEF-kirjaston verkkosivuilta.<\/p>\n\n\n\n<p>Tekij\u00e4noikeuslaki sallii my\u00f6s siteerauksen: \u201dJulkistetusta teoksesta on lupa hyv\u00e4n tavan mukaisesti ottaa lainauksia tarkoituksen edellytt\u00e4m\u00e4ss\u00e4 laajuudessa.\u201d (Tekij\u00e4noikeuslaki, 22 \u00a7). Hyv\u00e4n tavan mukaisuudella tarkoitetaan sit\u00e4, ett\u00e4 lainauksella on oltava asiallinen yhteys ty\u00f6h\u00f6n, jossa lainausta k\u00e4ytet\u00e4\u00e4n, ja l\u00e4hde on aina mainittava.&nbsp;&nbsp;<\/p>\n\n\n\n<p>Jos kopioi toisen tuottamaa teksti\u00e4 omaan ty\u00f6h\u00f6ns\u00e4 ilman asianmukaista l\u00e4hdeviitett\u00e4, syyllistyy plagiointiin. T\u00e4st\u00e4 kerrotaan tarkemmin seuraavassa luvussa.<\/p>\n\n\n\n<p>Lis\u00e4lukemista tekij\u00e4noikeuksista on <a href=\"http:\/\/www.minedu.fi\/OPM\/Tekijaenoikeus\/\">Opetusministeri\u00f6n tekij\u00e4noikeussivuilla<\/a> ja Kopiosto ry:n ja opetusministeri\u00f6n tuottamassa tekij\u00e4noikeusoppaassa <a href=\"https:\/\/korkeakoulu.kopiraittila.fi\/fi\/etusivu\">Kopiraittilassa<\/a>.<\/p>\n\n\n\n<div class=\"links-block\">\n\n            <h3>Seuraavaksi<\/h3>\n    \n    <ul class=\"link-list\">\n        \n            \n            <li class=\"link-list-item\">\n                <a href=\"https:\/\/sites.uef.fi\/tiedonhaku-kirjasto\/miten-viittaan-oikein-lahteiden-merkitseminen\/\" class=\"link-reset link hover-scale-down\">\n                    <svg\n        width=\"43\" height=\"25\"\n        viewBox=\"0 0 43 25\"\n        xmlns=\"http:\/\/www.w3.org\/2000\/svg\">\n    <path\n        d=\"M30.027 0 43 12.5 30.027 25 27 22.083 34.351 15H0v-5h34.351L27 2.917z\"\n        fill=\"currentColor\"\n        fill-rule=\"evenodd\"\/>\n<\/svg>                    <div>Miten viittaan oikein? L\u00e4hteiden merkitseminen<\/div>\n                <\/a>\n                <div class=\"link-info\">\n                                    <\/div>\n            <\/li>\n\n                <\/ul>\n<\/div>","protected":false},"excerpt":{"rendered":"<p>Tekij\u00e4noikeus tarkoittaa tekij\u00e4n oikeutta p\u00e4\u00e4tt\u00e4\u00e4 teoksensa k\u00e4yt\u00f6st\u00e4, jolloin muilla ei ole oikeutta k\u00e4ytt\u00e4\u00e4 teosta ilman tekij\u00e4n lupaa. T\u00e4st\u00e4 on kuitenkin lailla s\u00e4\u00e4dettyj\u00e4 poikkeuksia, jotka sallivat esimerkiksi kopioimisen yksityiseen k\u00e4ytt\u00f6\u00f6n ja siteerauksen.&nbsp;&nbsp; Tekij\u00e4noikeuslaki (1961\/404) ja -asetus (574\/1995) s\u00e4\u00e4telev\u00e4t julkaisujen (julkaistujen teosten) k\u00e4ytt\u00f6\u00e4. My\u00f6s elektroninen aineisto on tekij\u00e4noikeuslain suojaamaa. Kirjaston hankkimien lisensoitujen e-aineistojen k\u00e4ytt\u00f6 on sallittu ei-kaupalliseen, [&hellip;]<\/p>\n","protected":false},"author":842,"featured_media":0,"parent":0,"menu_order":0,"comment_status":"closed","ping_status":"closed","template":"","meta":{"_acf_changed":false,"footnotes":""},"class_list":["post-512","page","type-page","status-publish","hentry"],"acf":[],"yoast_head":"<!-- This site is optimized with the Yoast SEO plugin v27.1.1 - https:\/\/yoast.com\/product\/yoast-seo-wordpress\/ -->\n<title>Tekij\u00e4noikeudet - Tiedonhakijan opas \/\/ UEF-kirjasto<\/title>\n<meta name=\"description\" content=\"Mit\u00e4 voit tehd\u00e4 tekij\u00e4noikeuslains\u00e4\u00e4d\u00e4nn\u00f6n sallimissa puitteissa ja miten v\u00e4lt\u00e4t plagioinnin? T\u00e4st\u00e4 luvusta saat tiivistetyn vastauksen n\u00e4ihin kysymyksiin.\" \/>\n<meta name=\"robots\" content=\"index, follow, max-snippet:-1, max-image-preview:large, max-video-preview:-1\" \/>\n<link rel=\"canonical\" href=\"https:\/\/sites.uef.fi\/tiedonhaku-kirjasto\/tekijanoikeudet\/\" \/>\n<meta property=\"og:locale\" content=\"fi_FI\" \/>\n<meta property=\"og:type\" content=\"article\" \/>\n<meta property=\"og:title\" content=\"Tekij\u00e4noikeudet - Tiedonhakijan opas \/\/ UEF-kirjasto\" \/>\n<meta property=\"og:description\" content=\"Mit\u00e4 voit tehd\u00e4 tekij\u00e4noikeuslains\u00e4\u00e4d\u00e4nn\u00f6n sallimissa puitteissa ja miten v\u00e4lt\u00e4t plagioinnin? T\u00e4st\u00e4 luvusta saat tiivistetyn vastauksen n\u00e4ihin kysymyksiin.\" \/>\n<meta property=\"og:url\" content=\"https:\/\/sites.uef.fi\/tiedonhaku-kirjasto\/tekijanoikeudet\/\" \/>\n<meta property=\"og:site_name\" content=\"Tiedonhakijan opas \/\/ UEF-kirjasto\" \/>\n<meta property=\"article:modified_time\" content=\"2023-10-03T11:50:14+00:00\" \/>\n<meta name=\"twitter:card\" content=\"summary_large_image\" \/>\n<meta name=\"twitter:label1\" content=\"Arvioitu lukuaika\" \/>\n\t<meta name=\"twitter:data1\" content=\"2 minuuttia\" \/>\n<script type=\"application\/ld+json\" class=\"yoast-schema-graph\">{\"@context\":\"https:\/\/schema.org\",\"@graph\":[{\"@type\":\"WebPage\",\"@id\":\"https:\/\/sites.uef.fi\/tiedonhaku-kirjasto\/tekijanoikeudet\/\",\"url\":\"https:\/\/sites.uef.fi\/tiedonhaku-kirjasto\/tekijanoikeudet\/\",\"name\":\"Tekij\u00e4noikeudet - Tiedonhakijan opas \/\/ UEF-kirjasto\",\"isPartOf\":{\"@id\":\"https:\/\/sites.uef.fi\/tiedonhaku-kirjasto\/#website\"},\"datePublished\":\"2022-08-23T11:07:30+00:00\",\"dateModified\":\"2023-10-03T11:50:14+00:00\",\"description\":\"Mit\u00e4 voit tehd\u00e4 tekij\u00e4noikeuslains\u00e4\u00e4d\u00e4nn\u00f6n sallimissa puitteissa ja miten v\u00e4lt\u00e4t plagioinnin? T\u00e4st\u00e4 luvusta saat tiivistetyn vastauksen n\u00e4ihin kysymyksiin.\",\"breadcrumb\":{\"@id\":\"https:\/\/sites.uef.fi\/tiedonhaku-kirjasto\/tekijanoikeudet\/#breadcrumb\"},\"inLanguage\":\"fi\",\"potentialAction\":[{\"@type\":\"ReadAction\",\"target\":[\"https:\/\/sites.uef.fi\/tiedonhaku-kirjasto\/tekijanoikeudet\/\"]}]},{\"@type\":\"BreadcrumbList\",\"@id\":\"https:\/\/sites.uef.fi\/tiedonhaku-kirjasto\/tekijanoikeudet\/#breadcrumb\",\"itemListElement\":[{\"@type\":\"ListItem\",\"position\":1,\"name\":\"Home\",\"item\":\"https:\/\/sites.uef.fi\/tiedonhaku-kirjasto\/\"},{\"@type\":\"ListItem\",\"position\":2,\"name\":\"Tekij\u00e4noikeudet\"}]},{\"@type\":\"WebSite\",\"@id\":\"https:\/\/sites.uef.fi\/tiedonhaku-kirjasto\/#website\",\"url\":\"https:\/\/sites.uef.fi\/tiedonhaku-kirjasto\/\",\"name\":\"Tiedonhakijan opas \/\/ UEF-kirjasto\",\"description\":\"\",\"potentialAction\":[{\"@type\":\"SearchAction\",\"target\":{\"@type\":\"EntryPoint\",\"urlTemplate\":\"https:\/\/sites.uef.fi\/tiedonhaku-kirjasto\/?s={search_term_string}\"},\"query-input\":{\"@type\":\"PropertyValueSpecification\",\"valueRequired\":true,\"valueName\":\"search_term_string\"}}],\"inLanguage\":\"fi\"}]}<\/script>\n<!-- \/ Yoast SEO plugin. -->","yoast_head_json":{"title":"Tekij\u00e4noikeudet - Tiedonhakijan opas \/\/ UEF-kirjasto","description":"Mit\u00e4 voit tehd\u00e4 tekij\u00e4noikeuslains\u00e4\u00e4d\u00e4nn\u00f6n sallimissa puitteissa ja miten v\u00e4lt\u00e4t plagioinnin? T\u00e4st\u00e4 luvusta saat tiivistetyn vastauksen n\u00e4ihin kysymyksiin.","robots":{"index":"index","follow":"follow","max-snippet":"max-snippet:-1","max-image-preview":"max-image-preview:large","max-video-preview":"max-video-preview:-1"},"canonical":"https:\/\/sites.uef.fi\/tiedonhaku-kirjasto\/tekijanoikeudet\/","og_locale":"fi_FI","og_type":"article","og_title":"Tekij\u00e4noikeudet - Tiedonhakijan opas \/\/ UEF-kirjasto","og_description":"Mit\u00e4 voit tehd\u00e4 tekij\u00e4noikeuslains\u00e4\u00e4d\u00e4nn\u00f6n sallimissa puitteissa ja miten v\u00e4lt\u00e4t plagioinnin? T\u00e4st\u00e4 luvusta saat tiivistetyn vastauksen n\u00e4ihin kysymyksiin.","og_url":"https:\/\/sites.uef.fi\/tiedonhaku-kirjasto\/tekijanoikeudet\/","og_site_name":"Tiedonhakijan opas \/\/ UEF-kirjasto","article_modified_time":"2023-10-03T11:50:14+00:00","twitter_card":"summary_large_image","twitter_misc":{"Arvioitu lukuaika":"2 minuuttia"},"schema":{"@context":"https:\/\/schema.org","@graph":[{"@type":"WebPage","@id":"https:\/\/sites.uef.fi\/tiedonhaku-kirjasto\/tekijanoikeudet\/","url":"https:\/\/sites.uef.fi\/tiedonhaku-kirjasto\/tekijanoikeudet\/","name":"Tekij\u00e4noikeudet - Tiedonhakijan opas \/\/ UEF-kirjasto","isPartOf":{"@id":"https:\/\/sites.uef.fi\/tiedonhaku-kirjasto\/#website"},"datePublished":"2022-08-23T11:07:30+00:00","dateModified":"2023-10-03T11:50:14+00:00","description":"Mit\u00e4 voit tehd\u00e4 tekij\u00e4noikeuslains\u00e4\u00e4d\u00e4nn\u00f6n sallimissa puitteissa ja miten v\u00e4lt\u00e4t plagioinnin? T\u00e4st\u00e4 luvusta saat tiivistetyn vastauksen n\u00e4ihin kysymyksiin.","breadcrumb":{"@id":"https:\/\/sites.uef.fi\/tiedonhaku-kirjasto\/tekijanoikeudet\/#breadcrumb"},"inLanguage":"fi","potentialAction":[{"@type":"ReadAction","target":["https:\/\/sites.uef.fi\/tiedonhaku-kirjasto\/tekijanoikeudet\/"]}]},{"@type":"BreadcrumbList","@id":"https:\/\/sites.uef.fi\/tiedonhaku-kirjasto\/tekijanoikeudet\/#breadcrumb","itemListElement":[{"@type":"ListItem","position":1,"name":"Home","item":"https:\/\/sites.uef.fi\/tiedonhaku-kirjasto\/"},{"@type":"ListItem","position":2,"name":"Tekij\u00e4noikeudet"}]},{"@type":"WebSite","@id":"https:\/\/sites.uef.fi\/tiedonhaku-kirjasto\/#website","url":"https:\/\/sites.uef.fi\/tiedonhaku-kirjasto\/","name":"Tiedonhakijan opas \/\/ UEF-kirjasto","description":"","potentialAction":[{"@type":"SearchAction","target":{"@type":"EntryPoint","urlTemplate":"https:\/\/sites.uef.fi\/tiedonhaku-kirjasto\/?s={search_term_string}"},"query-input":{"@type":"PropertyValueSpecification","valueRequired":true,"valueName":"search_term_string"}}],"inLanguage":"fi"}]}},"_links":{"self":[{"href":"https:\/\/sites.uef.fi\/tiedonhaku-kirjasto\/wp-json\/wp\/v2\/pages\/512","targetHints":{"allow":["GET"]}}],"collection":[{"href":"https:\/\/sites.uef.fi\/tiedonhaku-kirjasto\/wp-json\/wp\/v2\/pages"}],"about":[{"href":"https:\/\/sites.uef.fi\/tiedonhaku-kirjasto\/wp-json\/wp\/v2\/types\/page"}],"author":[{"embeddable":true,"href":"https:\/\/sites.uef.fi\/tiedonhaku-kirjasto\/wp-json\/wp\/v2\/users\/842"}],"replies":[{"embeddable":true,"href":"https:\/\/sites.uef.fi\/tiedonhaku-kirjasto\/wp-json\/wp\/v2\/comments?post=512"}],"version-history":[{"count":2,"href":"https:\/\/sites.uef.fi\/tiedonhaku-kirjasto\/wp-json\/wp\/v2\/pages\/512\/revisions"}],"predecessor-version":[{"id":10194,"href":"https:\/\/sites.uef.fi\/tiedonhaku-kirjasto\/wp-json\/wp\/v2\/pages\/512\/revisions\/10194"}],"wp:attachment":[{"href":"https:\/\/sites.uef.fi\/tiedonhaku-kirjasto\/wp-json\/wp\/v2\/media?parent=512"}],"curies":[{"name":"wp","href":"https:\/\/api.w.org\/{rel}","templated":true}]}}