{"id":521,"date":"2022-08-23T11:07:51","date_gmt":"2022-08-23T11:07:51","guid":{"rendered":"https:\/\/sites.uef.fi\/tiedonhaku-kirjasto\/?page_id=521"},"modified":"2023-10-11T09:22:22","modified_gmt":"2023-10-11T06:22:22","slug":"miten-viittaan-oikein-lahteiden-merkitseminen","status":"publish","type":"page","link":"https:\/\/sites.uef.fi\/tiedonhaku-kirjasto\/miten-viittaan-oikein-lahteiden-merkitseminen\/","title":{"rendered":"Miten viittaan oikein? L\u00e4hteiden merkitseminen"},"content":{"rendered":"\n<p>Viittaamalla l\u00e4hteisiin kirjoittaja osoittaa, mit\u00e4 aikaisempia teorioita, metodeja ja tuloksia h\u00e4nell\u00e4 on ollut tiedossaan ja miten h\u00e4n suhteuttaa omat tuloksensa toisten tulkintoihin. Viitteess\u00e4 ja l\u00e4hdeluettelossa annetaan lukijalle riitt\u00e4v\u00e4t tiedot tunnistaa ja l\u00f6yt\u00e4\u00e4 julkaisu, johon kirjoituksessa viitataan. N\u00e4in esimerkiksi tutkielman tarkastaja voi tarkistaa esitetyn paikkansapit\u00e4vyyden. Lis\u00e4ksi viitteill\u00e4 annetaan tunnustus sille, jolle tunnustus kuuluu.<\/p>\n\n\n\n<p>Lainaaminen ja viittaaminen ovat v\u00e4ltt\u00e4m\u00e4tt\u00f6mi\u00e4 ja tarpeellisia tieteellisess\u00e4 kirjoittamisessa, plagiointia ei tehd\u00e4 lainkaan:<\/p>\n\n\n\n<ul class=\"wp-block-list\">\n<li>Viittaus = toisen tekij\u00e4n ajatusten ilmaiseminen omin sanoin<\/li>\n\n\n\n<li>Lainaus = suorasanainen ote, joka pit\u00e4\u00e4 erottaa lainausmerkeill\u00e4 (\u201dsitaatti\u201d)<\/li>\n\n\n\n<li>Plagiointi = toisen henkil\u00f6n ty\u00f6n j\u00e4ljent\u00e4minen ja esitt\u00e4minen omanaan <\/li>\n<\/ul>\n\n\n\n<p>Lue my\u00f6s Tuomas K. Pernun blogikirjoitus: <a href=\"https:\/\/blogs.uef.fi\/puheenvuoroja\/2022\/10\/03\/mita-on-plagiointi-ja-miksi-se-on-vaarin-huomioita-tiede-ja-tietokirjoittamisen-etiikasta\/\">Mit\u00e4 on plagiointi, ja miksi se on v\u00e4\u00e4rin? Huomioita tieto- ja tiedekirjoittamisen etiikasta<\/a>.<\/p>\n\n\n\n<h2 class=\"wp-block-heading\">L\u00e4hteisiin viittaaminen muodostuu kahdesta osasta: l\u00e4hdeviitteest\u00e4 (tekstiviitteest\u00e4) ja l\u00e4hdeluettelosta (kirjallisuusluettelosta)<\/h2>\n\n\n\n<p>Tekstin sis\u00e4ll\u00e4 oleva &nbsp;l\u00e4hdeviite ohjaa julkaisun lopussa olevaan l\u00e4hdeluetteloon, jonka tulee sis\u00e4lt\u00e4\u00e4 tarkat tiedot k\u00e4ytetyist\u00e4 l\u00e4hteist\u00e4. Sen avulla lukija halutessaan l\u00f6yt\u00e4\u00e4 l\u00e4hteet. L\u00e4hdeluetteloon merkit\u00e4\u00e4n kaikki ne l\u00e4hteet, joihin ty\u00f6ss\u00e4 on viitattu. L\u00e4hdeviitteen ja l\u00e4hdeluettelon tietojen t\u00e4ytyy vastata tarkasti toisiaan, jotta tekstiss\u00e4 mainittu l\u00e4hde l\u00f6ytyy l\u00e4hdeluettelosta helposti.<\/p>\n\n\n\n<p>L\u00e4hdeviitteiden merkitsemistapa vaihtelee tieteenaloittain, laitoksittain ja julkaisuittain. Kirjoittajan on aina tarkistettava, ett\u00e4 l\u00e4hdeviitteet ja l\u00e4hdeluettelo noudattavat sen yhteis\u00f6n tai julkaisun k\u00e4yt\u00e4nteit\u00e4, jolle kirjoitus on aiottu. UEF-kirjaston <a href=\"https:\/\/www.uef.fi\/fi\/kirjasto\/lahdeviitteet\">L\u00e4hdeviitteet-verkkosivulta<\/a> saat tarkemmat ohjeet l\u00e4hteiden k\u00e4ytt\u00f6\u00f6n ja merkitsemiseen.<\/p>\n\n\n\t<div id=\"accordion-block_fb4eb7e7cb50e111df0d06ae958d6774\" class=\"accordions\">\n\t\t\t\t\t<div class=\"accordion accordion-js\">\n\t\t\t\t<button class=\"accordion__button\" aria-controls=\"content-6993\" aria-expanded=\"false\" id=\"accordion-control-6993\">\n\t\t\t\t\t<h3 class=\"accordion__heading\" >\n\t\t\t\t\t\tVerkkol\u00e4hde vai artikkeli?\t\t\t\t\t<\/h3>\n\t\t\t\t<\/button>\n\t\t\t\t<div class=\"accordion__content\" role=\"region\" aria-labelledby=\"accordion-control-6993\" aria-hidden=\"true\" id=\"content-6993\">\n\t\t\t\t\t<p>Pohditko, onko julkaisu verkkol\u00e4hde vai artikkeli? Verkkomateriaaliin viitatessa mainitaan yleens\u00e4 ainakin sivun URL-osoite ja p\u00e4iv\u00e4m\u00e4\u00e4r\u00e4, jolloin viite on haettu.<\/p>\n<p>Huomaa kuitenkin, ett\u00e4 joidenkin julkaisijoiden verkkopalveluissa artikkelijulkaisut muistuttavat ulkoasultaan vapaampaa verkkosis\u00e4lt\u00f6\u00e4. Jos artikkeli kuitenkin on julkaistu esimerkiksi tieteellisess\u00e4 lehdess\u00e4, tulee viittausmerkinn\u00e4t tehd\u00e4 tieteellisten lehtien viittausk\u00e4yt\u00e4nt\u00f6jen mukaan.<\/p>\n<p>Katso esimerkit tieteellisist\u00e4 artikkeleista ja vihjeet artikkelin tunnistamiseen esimerkiss\u00e4 <a href=\"https:\/\/www.thinglink.com\/card\/1634479488945356801\">kahden eri julkaisijan verkkosivustoilta<\/a>.<\/p>\n\t\t\t\t<\/div>\n\t\t\t<\/div>\n\t\t\t<\/div>\n\t\n\n\n<div class=\"links-block\">\n\n            <h3>Seuraavaksi<\/h3>\n    \n    <ul class=\"link-list\">\n        \n            \n            <li class=\"link-list-item\">\n                <a href=\"https:\/\/sites.uef.fi\/tiedonhaku-kirjasto\/viitteidenhallintajarjestelmat\/\" class=\"link-reset link hover-scale-down\">\n                    <svg\n        width=\"43\" height=\"25\"\n        viewBox=\"0 0 43 25\"\n        xmlns=\"http:\/\/www.w3.org\/2000\/svg\">\n    <path\n        d=\"M30.027 0 43 12.5 30.027 25 27 22.083 34.351 15H0v-5h34.351L27 2.917z\"\n        fill=\"currentColor\"\n        fill-rule=\"evenodd\"\/>\n<\/svg>                    <div>Viitteidenhallintaj\u00e4rjestelm\u00e4t<\/div>\n                <\/a>\n                <div class=\"link-info\">\n                                    <\/div>\n            <\/li>\n\n                <\/ul>\n<\/div>","protected":false},"excerpt":{"rendered":"<p>Viittaamalla l\u00e4hteisiin kirjoittaja osoittaa, mit\u00e4 aikaisempia teorioita, metodeja ja tuloksia h\u00e4nell\u00e4 on ollut tiedossaan ja miten h\u00e4n suhteuttaa omat tuloksensa toisten tulkintoihin. Viitteess\u00e4 ja l\u00e4hdeluettelossa annetaan lukijalle riitt\u00e4v\u00e4t tiedot tunnistaa ja l\u00f6yt\u00e4\u00e4 julkaisu, johon kirjoituksessa viitataan. N\u00e4in esimerkiksi tutkielman tarkastaja voi tarkistaa esitetyn paikkansapit\u00e4vyyden. Lis\u00e4ksi viitteill\u00e4 annetaan tunnustus sille, jolle tunnustus kuuluu. Lainaaminen ja viittaaminen [&hellip;]<\/p>\n","protected":false},"author":842,"featured_media":0,"parent":0,"menu_order":0,"comment_status":"closed","ping_status":"closed","template":"","meta":{"_acf_changed":false,"footnotes":""},"class_list":["post-521","page","type-page","status-publish","hentry"],"acf":[],"yoast_head":"<!-- This site is optimized with the Yoast SEO plugin v27.1.1 - https:\/\/yoast.com\/product\/yoast-seo-wordpress\/ -->\n<title>Miten viittaan oikein? L\u00e4hteiden merkitseminen - Tiedonhakijan opas \/\/ UEF-kirjasto<\/title>\n<meta name=\"description\" content=\"T\u00e4st\u00e4 saat tiet\u00e4\u00e4, miten viittaat l\u00e4hteeseen syyllistym\u00e4tt\u00e4 plagiointiin, ja mist\u00e4 osista l\u00e4hteisiin viittaaminen koostuu: l\u00e4hdeviitteest\u00e4 ja l\u00e4hdeluettelosta.\" \/>\n<meta name=\"robots\" content=\"index, follow, max-snippet:-1, max-image-preview:large, max-video-preview:-1\" \/>\n<link rel=\"canonical\" href=\"https:\/\/sites.uef.fi\/tiedonhaku-kirjasto\/miten-viittaan-oikein-lahteiden-merkitseminen\/\" \/>\n<meta property=\"og:locale\" content=\"fi_FI\" \/>\n<meta property=\"og:type\" content=\"article\" \/>\n<meta property=\"og:title\" content=\"Miten viittaan oikein? L\u00e4hteiden merkitseminen - Tiedonhakijan opas \/\/ UEF-kirjasto\" \/>\n<meta property=\"og:description\" content=\"T\u00e4st\u00e4 saat tiet\u00e4\u00e4, miten viittaat l\u00e4hteeseen syyllistym\u00e4tt\u00e4 plagiointiin, ja mist\u00e4 osista l\u00e4hteisiin viittaaminen koostuu: l\u00e4hdeviitteest\u00e4 ja l\u00e4hdeluettelosta.\" \/>\n<meta property=\"og:url\" content=\"https:\/\/sites.uef.fi\/tiedonhaku-kirjasto\/miten-viittaan-oikein-lahteiden-merkitseminen\/\" \/>\n<meta property=\"og:site_name\" content=\"Tiedonhakijan opas \/\/ UEF-kirjasto\" \/>\n<meta property=\"article:modified_time\" content=\"2023-10-11T06:22:22+00:00\" \/>\n<meta name=\"twitter:card\" content=\"summary_large_image\" \/>\n<meta name=\"twitter:label1\" content=\"Arvioitu lukuaika\" \/>\n\t<meta name=\"twitter:data1\" content=\"2 minuuttia\" \/>\n<script type=\"application\/ld+json\" class=\"yoast-schema-graph\">{\"@context\":\"https:\/\/schema.org\",\"@graph\":[{\"@type\":\"WebPage\",\"@id\":\"https:\/\/sites.uef.fi\/tiedonhaku-kirjasto\/miten-viittaan-oikein-lahteiden-merkitseminen\/\",\"url\":\"https:\/\/sites.uef.fi\/tiedonhaku-kirjasto\/miten-viittaan-oikein-lahteiden-merkitseminen\/\",\"name\":\"Miten viittaan oikein? L\u00e4hteiden merkitseminen - Tiedonhakijan opas \/\/ UEF-kirjasto\",\"isPartOf\":{\"@id\":\"https:\/\/sites.uef.fi\/tiedonhaku-kirjasto\/#website\"},\"datePublished\":\"2022-08-23T11:07:51+00:00\",\"dateModified\":\"2023-10-11T06:22:22+00:00\",\"description\":\"T\u00e4st\u00e4 saat tiet\u00e4\u00e4, miten viittaat l\u00e4hteeseen syyllistym\u00e4tt\u00e4 plagiointiin, ja mist\u00e4 osista l\u00e4hteisiin viittaaminen koostuu: l\u00e4hdeviitteest\u00e4 ja l\u00e4hdeluettelosta.\",\"breadcrumb\":{\"@id\":\"https:\/\/sites.uef.fi\/tiedonhaku-kirjasto\/miten-viittaan-oikein-lahteiden-merkitseminen\/#breadcrumb\"},\"inLanguage\":\"fi\",\"potentialAction\":[{\"@type\":\"ReadAction\",\"target\":[\"https:\/\/sites.uef.fi\/tiedonhaku-kirjasto\/miten-viittaan-oikein-lahteiden-merkitseminen\/\"]}]},{\"@type\":\"BreadcrumbList\",\"@id\":\"https:\/\/sites.uef.fi\/tiedonhaku-kirjasto\/miten-viittaan-oikein-lahteiden-merkitseminen\/#breadcrumb\",\"itemListElement\":[{\"@type\":\"ListItem\",\"position\":1,\"name\":\"Home\",\"item\":\"https:\/\/sites.uef.fi\/tiedonhaku-kirjasto\/\"},{\"@type\":\"ListItem\",\"position\":2,\"name\":\"Miten viittaan oikein? L\u00e4hteiden merkitseminen\"}]},{\"@type\":\"WebSite\",\"@id\":\"https:\/\/sites.uef.fi\/tiedonhaku-kirjasto\/#website\",\"url\":\"https:\/\/sites.uef.fi\/tiedonhaku-kirjasto\/\",\"name\":\"Tiedonhakijan opas \/\/ UEF-kirjasto\",\"description\":\"\",\"potentialAction\":[{\"@type\":\"SearchAction\",\"target\":{\"@type\":\"EntryPoint\",\"urlTemplate\":\"https:\/\/sites.uef.fi\/tiedonhaku-kirjasto\/?s={search_term_string}\"},\"query-input\":{\"@type\":\"PropertyValueSpecification\",\"valueRequired\":true,\"valueName\":\"search_term_string\"}}],\"inLanguage\":\"fi\"}]}<\/script>\n<!-- \/ Yoast SEO plugin. -->","yoast_head_json":{"title":"Miten viittaan oikein? L\u00e4hteiden merkitseminen - Tiedonhakijan opas \/\/ UEF-kirjasto","description":"T\u00e4st\u00e4 saat tiet\u00e4\u00e4, miten viittaat l\u00e4hteeseen syyllistym\u00e4tt\u00e4 plagiointiin, ja mist\u00e4 osista l\u00e4hteisiin viittaaminen koostuu: l\u00e4hdeviitteest\u00e4 ja l\u00e4hdeluettelosta.","robots":{"index":"index","follow":"follow","max-snippet":"max-snippet:-1","max-image-preview":"max-image-preview:large","max-video-preview":"max-video-preview:-1"},"canonical":"https:\/\/sites.uef.fi\/tiedonhaku-kirjasto\/miten-viittaan-oikein-lahteiden-merkitseminen\/","og_locale":"fi_FI","og_type":"article","og_title":"Miten viittaan oikein? L\u00e4hteiden merkitseminen - Tiedonhakijan opas \/\/ UEF-kirjasto","og_description":"T\u00e4st\u00e4 saat tiet\u00e4\u00e4, miten viittaat l\u00e4hteeseen syyllistym\u00e4tt\u00e4 plagiointiin, ja mist\u00e4 osista l\u00e4hteisiin viittaaminen koostuu: l\u00e4hdeviitteest\u00e4 ja l\u00e4hdeluettelosta.","og_url":"https:\/\/sites.uef.fi\/tiedonhaku-kirjasto\/miten-viittaan-oikein-lahteiden-merkitseminen\/","og_site_name":"Tiedonhakijan opas \/\/ UEF-kirjasto","article_modified_time":"2023-10-11T06:22:22+00:00","twitter_card":"summary_large_image","twitter_misc":{"Arvioitu lukuaika":"2 minuuttia"},"schema":{"@context":"https:\/\/schema.org","@graph":[{"@type":"WebPage","@id":"https:\/\/sites.uef.fi\/tiedonhaku-kirjasto\/miten-viittaan-oikein-lahteiden-merkitseminen\/","url":"https:\/\/sites.uef.fi\/tiedonhaku-kirjasto\/miten-viittaan-oikein-lahteiden-merkitseminen\/","name":"Miten viittaan oikein? L\u00e4hteiden merkitseminen - Tiedonhakijan opas \/\/ UEF-kirjasto","isPartOf":{"@id":"https:\/\/sites.uef.fi\/tiedonhaku-kirjasto\/#website"},"datePublished":"2022-08-23T11:07:51+00:00","dateModified":"2023-10-11T06:22:22+00:00","description":"T\u00e4st\u00e4 saat tiet\u00e4\u00e4, miten viittaat l\u00e4hteeseen syyllistym\u00e4tt\u00e4 plagiointiin, ja mist\u00e4 osista l\u00e4hteisiin viittaaminen koostuu: l\u00e4hdeviitteest\u00e4 ja l\u00e4hdeluettelosta.","breadcrumb":{"@id":"https:\/\/sites.uef.fi\/tiedonhaku-kirjasto\/miten-viittaan-oikein-lahteiden-merkitseminen\/#breadcrumb"},"inLanguage":"fi","potentialAction":[{"@type":"ReadAction","target":["https:\/\/sites.uef.fi\/tiedonhaku-kirjasto\/miten-viittaan-oikein-lahteiden-merkitseminen\/"]}]},{"@type":"BreadcrumbList","@id":"https:\/\/sites.uef.fi\/tiedonhaku-kirjasto\/miten-viittaan-oikein-lahteiden-merkitseminen\/#breadcrumb","itemListElement":[{"@type":"ListItem","position":1,"name":"Home","item":"https:\/\/sites.uef.fi\/tiedonhaku-kirjasto\/"},{"@type":"ListItem","position":2,"name":"Miten viittaan oikein? L\u00e4hteiden merkitseminen"}]},{"@type":"WebSite","@id":"https:\/\/sites.uef.fi\/tiedonhaku-kirjasto\/#website","url":"https:\/\/sites.uef.fi\/tiedonhaku-kirjasto\/","name":"Tiedonhakijan opas \/\/ UEF-kirjasto","description":"","potentialAction":[{"@type":"SearchAction","target":{"@type":"EntryPoint","urlTemplate":"https:\/\/sites.uef.fi\/tiedonhaku-kirjasto\/?s={search_term_string}"},"query-input":{"@type":"PropertyValueSpecification","valueRequired":true,"valueName":"search_term_string"}}],"inLanguage":"fi"}]}},"_links":{"self":[{"href":"https:\/\/sites.uef.fi\/tiedonhaku-kirjasto\/wp-json\/wp\/v2\/pages\/521","targetHints":{"allow":["GET"]}}],"collection":[{"href":"https:\/\/sites.uef.fi\/tiedonhaku-kirjasto\/wp-json\/wp\/v2\/pages"}],"about":[{"href":"https:\/\/sites.uef.fi\/tiedonhaku-kirjasto\/wp-json\/wp\/v2\/types\/page"}],"author":[{"embeddable":true,"href":"https:\/\/sites.uef.fi\/tiedonhaku-kirjasto\/wp-json\/wp\/v2\/users\/842"}],"replies":[{"embeddable":true,"href":"https:\/\/sites.uef.fi\/tiedonhaku-kirjasto\/wp-json\/wp\/v2\/comments?post=521"}],"version-history":[{"count":2,"href":"https:\/\/sites.uef.fi\/tiedonhaku-kirjasto\/wp-json\/wp\/v2\/pages\/521\/revisions"}],"predecessor-version":[{"id":10743,"href":"https:\/\/sites.uef.fi\/tiedonhaku-kirjasto\/wp-json\/wp\/v2\/pages\/521\/revisions\/10743"}],"wp:attachment":[{"href":"https:\/\/sites.uef.fi\/tiedonhaku-kirjasto\/wp-json\/wp\/v2\/media?parent=521"}],"curies":[{"name":"wp","href":"https:\/\/api.w.org\/{rel}","templated":true}]}}