{"id":530,"date":"2022-08-23T11:08:23","date_gmt":"2022-08-23T11:08:23","guid":{"rendered":"https:\/\/sites.uef.fi\/tiedonhaku-kirjasto\/?page_id=530"},"modified":"2024-03-14T15:13:33","modified_gmt":"2024-03-14T12:13:33","slug":"viitteidenhallintajarjestelmat","status":"publish","type":"page","link":"https:\/\/sites.uef.fi\/tiedonhaku-kirjasto\/viitteidenhallintajarjestelmat\/","title":{"rendered":"Viitteidenhallintaj\u00e4rjestelm\u00e4t"},"content":{"rendered":"\n<p>Kun tekee hakuja useista eri tietokannoista, on k\u00e4tev\u00e4\u00e4 koota tulokset ja valitut tietueet\/viitteet yhteen paikkaan, viitteidenhallintaj\u00e4rjestelm\u00e4\u00e4n.<\/p>\n\n\n\n<p>Mit\u00e4 viitteidenhallintaj\u00e4rjestelm\u00e4ll\u00e4 voi tehd\u00e4?<\/p>\n\n\n\n<ul class=\"wp-block-list\">\n<li>luoda oman viitetietokannan<\/li>\n\n\n\n<li>tallentaa hakutuloksia suoraan eri tietokannoista ja manuaalisesti n\u00e4pp\u00e4ilem\u00e4ll\u00e4<\/li>\n\n\n\n<li>poistaa mahdolliset p\u00e4\u00e4llekk\u00e4iset l\u00e4hteet (duplicates)<\/li>\n\n\n\n<li>kansioida viitteit\u00e4 eri tarkoituksiin<\/li>\n\n\n\n<li>tehd\u00e4 l\u00e4hdeluettelon<\/li>\n\n\n\n<li>lis\u00e4t\u00e4 l\u00e4hdeviitteet tekstiin<\/li>\n<\/ul>\n\n\n\n<p>Viitteidenhallintaj\u00e4rjestelm\u00e4t ovat maksullisia tai maksuttomia ohjelmia, joita on tarjolla useampia, kuten Endnote, Zotero ja Mendeley. It\u00e4-Suomen yliopisto antaa tukea ja neuvontaa kahden viimeksi mainitun k\u00e4ytt\u00f6\u00f6n. Sek\u00e4 Zotero ett\u00e4 Mendeley ovat maksuttomia ohjelmia, tosin ilmaisversiossa on liitetiedostoille rajallisesti tilaa (Zoterossa 300 MB, Mendeleyss\u00e4 2 GB). Lis\u00e4tila on maksullista. Sen sijaan viitetietojen tallennustilalla ei ole yl\u00e4rajaa. &nbsp;<\/p>\n\n\n\n<p><a href=\"https:\/\/www.uef.fi\/fi\/kirjasto\/lahdeviitteet#accordion-591220\">Zotero<\/a> on avoimen l\u00e4hdekoodin ohjelma, jota voi k\u00e4ytt\u00e4\u00e4 ty\u00f6p\u00f6yt\u00e4version lis\u00e4ksi selain- ja mobiiliversiona. Ty\u00f6p\u00f6yt\u00e4version k\u00e4ytt\u00f6\u00f6n ei tarvitse luoda henkil\u00f6kohtaista tili\u00e4, mutta jos haluat k\u00e4ytt\u00e4\u00e4 ohjelmaa eri laitteilla, voit luoda maksuttoman k\u00e4ytt\u00e4j\u00e4tilin. Zoterossa on valittavana yli 10\u00a0000 valmista l\u00e4hdeluettelotyyli\u00e4, mutta tyylej\u00e4 voi my\u00f6s muokata henkil\u00f6kohtaisten tarpeiden mukaan.<\/p>\n\n\n\n<p><a href=\"https:\/\/www.uef.fi\/fi\/kirjasto\/lahdeviitteet#accordion-13096\">Mendeley<\/a> on Zoteron tavoin k\u00e4ytett\u00e4viss\u00e4 ty\u00f6p\u00f6yt\u00e4-, selain- ja mobiiliversioina.\u00a0 Se vaatii henkil\u00f6kohtaisen tilin luomisen, paitsi jos sinulla on ennest\u00e4\u00e4n Elsevier-tili esimerkiksi Scopus-tietokannassa. L\u00e4hdeluetteloa varten Mendeley tarjoaa l\u00e4hes 7000 viittaustyyli\u00e4, joita voi muokata Zoteron tavoin muokata omaan k\u00e4ytt\u00f6\u00f6n. Mendeleyn ilmaisversion 2 gigatavun tallennustila sis\u00e4lt\u00e4\u00e4 sek\u00e4 viitteet ett\u00e4 liitetiedostot.<\/p>\n\n\n\n<p>Lis\u00e4tietoja viitteidenhallinnasta on <a href=\"https:\/\/www.uef.fi\/fi\/kirjasto\/lahdeviitteet#paragraph-13098\">UEF-kirjaston sivuilla<\/a>.<\/p>\n\n\n\n<div class=\"links-block\">\n\n            <h3>Seuraavaksi<\/h3>\n    \n    <ul class=\"link-list\">\n        \n            \n            <li class=\"link-list-item\">\n                <a href=\"https:\/\/sites.uef.fi\/tiedonhaku-kirjasto\/hakuesimerkkeja\/\" class=\"link-reset link hover-scale-down\">\n                    <svg\n        width=\"43\" height=\"25\"\n        viewBox=\"0 0 43 25\"\n        xmlns=\"http:\/\/www.w3.org\/2000\/svg\">\n    <path\n        d=\"M30.027 0 43 12.5 30.027 25 27 22.083 34.351 15H0v-5h34.351L27 2.917z\"\n        fill=\"currentColor\"\n        fill-rule=\"evenodd\"\/>\n<\/svg>                    <div>Hakuesimerkkej\u00e4<\/div>\n                <\/a>\n                <div class=\"link-info\">\n                                    <\/div>\n            <\/li>\n\n                <\/ul>\n<\/div>","protected":false},"excerpt":{"rendered":"<p>Kun tekee hakuja useista eri tietokannoista, on k\u00e4tev\u00e4\u00e4 koota tulokset ja valitut tietueet\/viitteet yhteen paikkaan, viitteidenhallintaj\u00e4rjestelm\u00e4\u00e4n. Mit\u00e4 viitteidenhallintaj\u00e4rjestelm\u00e4ll\u00e4 voi tehd\u00e4? Viitteidenhallintaj\u00e4rjestelm\u00e4t ovat maksullisia tai maksuttomia ohjelmia, joita on tarjolla useampia, kuten Endnote, Zotero ja Mendeley. It\u00e4-Suomen yliopisto antaa tukea ja neuvontaa kahden viimeksi mainitun k\u00e4ytt\u00f6\u00f6n. Sek\u00e4 Zotero ett\u00e4 Mendeley ovat maksuttomia ohjelmia, tosin ilmaisversiossa on [&hellip;]<\/p>\n","protected":false},"author":842,"featured_media":0,"parent":0,"menu_order":0,"comment_status":"closed","ping_status":"closed","template":"","meta":{"_acf_changed":false,"footnotes":""},"class_list":["post-530","page","type-page","status-publish","hentry"],"acf":[],"yoast_head":"<!-- This site is optimized with the Yoast SEO plugin v27.1.1 - https:\/\/yoast.com\/product\/yoast-seo-wordpress\/ -->\n<title>Viitteidenhallintaj\u00e4rjestelm\u00e4t - Tiedonhakijan opas \/\/ UEF-kirjasto<\/title>\n<meta name=\"description\" content=\"Viitteidenhallintaj\u00e4rjestelm\u00e4t auttavat tallentamaan, j\u00e4rjest\u00e4m\u00e4\u00e4n ja k\u00e4ytt\u00e4m\u00e4\u00e4n viitteit\u00e4. T\u00e4llaisia j\u00e4rjestelmi\u00e4 ovat esimerkiksi EndNote, Zotero ja Mendeley.\" \/>\n<meta name=\"robots\" content=\"index, follow, max-snippet:-1, max-image-preview:large, max-video-preview:-1\" \/>\n<link rel=\"canonical\" href=\"https:\/\/sites.uef.fi\/tiedonhaku-kirjasto\/viitteidenhallintajarjestelmat\/\" \/>\n<meta property=\"og:locale\" content=\"fi_FI\" \/>\n<meta property=\"og:type\" content=\"article\" \/>\n<meta property=\"og:title\" content=\"Viitteidenhallintaj\u00e4rjestelm\u00e4t - Tiedonhakijan opas \/\/ UEF-kirjasto\" \/>\n<meta property=\"og:description\" content=\"Viitteidenhallintaj\u00e4rjestelm\u00e4t auttavat tallentamaan, j\u00e4rjest\u00e4m\u00e4\u00e4n ja k\u00e4ytt\u00e4m\u00e4\u00e4n viitteit\u00e4. T\u00e4llaisia j\u00e4rjestelmi\u00e4 ovat esimerkiksi EndNote, Zotero ja Mendeley.\" \/>\n<meta property=\"og:url\" content=\"https:\/\/sites.uef.fi\/tiedonhaku-kirjasto\/viitteidenhallintajarjestelmat\/\" \/>\n<meta property=\"og:site_name\" content=\"Tiedonhakijan opas \/\/ UEF-kirjasto\" \/>\n<meta property=\"article:modified_time\" content=\"2024-03-14T12:13:33+00:00\" \/>\n<meta name=\"twitter:card\" content=\"summary_large_image\" \/>\n<meta name=\"twitter:label1\" content=\"Arvioitu lukuaika\" \/>\n\t<meta name=\"twitter:data1\" content=\"2 minuuttia\" \/>\n<script type=\"application\/ld+json\" class=\"yoast-schema-graph\">{\"@context\":\"https:\/\/schema.org\",\"@graph\":[{\"@type\":\"WebPage\",\"@id\":\"https:\/\/sites.uef.fi\/tiedonhaku-kirjasto\/viitteidenhallintajarjestelmat\/\",\"url\":\"https:\/\/sites.uef.fi\/tiedonhaku-kirjasto\/viitteidenhallintajarjestelmat\/\",\"name\":\"Viitteidenhallintaj\u00e4rjestelm\u00e4t - Tiedonhakijan opas \/\/ UEF-kirjasto\",\"isPartOf\":{\"@id\":\"https:\/\/sites.uef.fi\/tiedonhaku-kirjasto\/#website\"},\"datePublished\":\"2022-08-23T11:08:23+00:00\",\"dateModified\":\"2024-03-14T12:13:33+00:00\",\"description\":\"Viitteidenhallintaj\u00e4rjestelm\u00e4t auttavat tallentamaan, j\u00e4rjest\u00e4m\u00e4\u00e4n ja k\u00e4ytt\u00e4m\u00e4\u00e4n viitteit\u00e4. T\u00e4llaisia j\u00e4rjestelmi\u00e4 ovat esimerkiksi EndNote, Zotero ja Mendeley.\",\"breadcrumb\":{\"@id\":\"https:\/\/sites.uef.fi\/tiedonhaku-kirjasto\/viitteidenhallintajarjestelmat\/#breadcrumb\"},\"inLanguage\":\"fi\",\"potentialAction\":[{\"@type\":\"ReadAction\",\"target\":[\"https:\/\/sites.uef.fi\/tiedonhaku-kirjasto\/viitteidenhallintajarjestelmat\/\"]}]},{\"@type\":\"BreadcrumbList\",\"@id\":\"https:\/\/sites.uef.fi\/tiedonhaku-kirjasto\/viitteidenhallintajarjestelmat\/#breadcrumb\",\"itemListElement\":[{\"@type\":\"ListItem\",\"position\":1,\"name\":\"Home\",\"item\":\"https:\/\/sites.uef.fi\/tiedonhaku-kirjasto\/\"},{\"@type\":\"ListItem\",\"position\":2,\"name\":\"Viitteidenhallintaj\u00e4rjestelm\u00e4t\"}]},{\"@type\":\"WebSite\",\"@id\":\"https:\/\/sites.uef.fi\/tiedonhaku-kirjasto\/#website\",\"url\":\"https:\/\/sites.uef.fi\/tiedonhaku-kirjasto\/\",\"name\":\"Tiedonhakijan opas \/\/ UEF-kirjasto\",\"description\":\"\",\"potentialAction\":[{\"@type\":\"SearchAction\",\"target\":{\"@type\":\"EntryPoint\",\"urlTemplate\":\"https:\/\/sites.uef.fi\/tiedonhaku-kirjasto\/?s={search_term_string}\"},\"query-input\":{\"@type\":\"PropertyValueSpecification\",\"valueRequired\":true,\"valueName\":\"search_term_string\"}}],\"inLanguage\":\"fi\"}]}<\/script>\n<!-- \/ Yoast SEO plugin. -->","yoast_head_json":{"title":"Viitteidenhallintaj\u00e4rjestelm\u00e4t - Tiedonhakijan opas \/\/ UEF-kirjasto","description":"Viitteidenhallintaj\u00e4rjestelm\u00e4t auttavat tallentamaan, j\u00e4rjest\u00e4m\u00e4\u00e4n ja k\u00e4ytt\u00e4m\u00e4\u00e4n viitteit\u00e4. T\u00e4llaisia j\u00e4rjestelmi\u00e4 ovat esimerkiksi EndNote, Zotero ja Mendeley.","robots":{"index":"index","follow":"follow","max-snippet":"max-snippet:-1","max-image-preview":"max-image-preview:large","max-video-preview":"max-video-preview:-1"},"canonical":"https:\/\/sites.uef.fi\/tiedonhaku-kirjasto\/viitteidenhallintajarjestelmat\/","og_locale":"fi_FI","og_type":"article","og_title":"Viitteidenhallintaj\u00e4rjestelm\u00e4t - Tiedonhakijan opas \/\/ UEF-kirjasto","og_description":"Viitteidenhallintaj\u00e4rjestelm\u00e4t auttavat tallentamaan, j\u00e4rjest\u00e4m\u00e4\u00e4n ja k\u00e4ytt\u00e4m\u00e4\u00e4n viitteit\u00e4. T\u00e4llaisia j\u00e4rjestelmi\u00e4 ovat esimerkiksi EndNote, Zotero ja Mendeley.","og_url":"https:\/\/sites.uef.fi\/tiedonhaku-kirjasto\/viitteidenhallintajarjestelmat\/","og_site_name":"Tiedonhakijan opas \/\/ UEF-kirjasto","article_modified_time":"2024-03-14T12:13:33+00:00","twitter_card":"summary_large_image","twitter_misc":{"Arvioitu lukuaika":"2 minuuttia"},"schema":{"@context":"https:\/\/schema.org","@graph":[{"@type":"WebPage","@id":"https:\/\/sites.uef.fi\/tiedonhaku-kirjasto\/viitteidenhallintajarjestelmat\/","url":"https:\/\/sites.uef.fi\/tiedonhaku-kirjasto\/viitteidenhallintajarjestelmat\/","name":"Viitteidenhallintaj\u00e4rjestelm\u00e4t - Tiedonhakijan opas \/\/ UEF-kirjasto","isPartOf":{"@id":"https:\/\/sites.uef.fi\/tiedonhaku-kirjasto\/#website"},"datePublished":"2022-08-23T11:08:23+00:00","dateModified":"2024-03-14T12:13:33+00:00","description":"Viitteidenhallintaj\u00e4rjestelm\u00e4t auttavat tallentamaan, j\u00e4rjest\u00e4m\u00e4\u00e4n ja k\u00e4ytt\u00e4m\u00e4\u00e4n viitteit\u00e4. T\u00e4llaisia j\u00e4rjestelmi\u00e4 ovat esimerkiksi EndNote, Zotero ja Mendeley.","breadcrumb":{"@id":"https:\/\/sites.uef.fi\/tiedonhaku-kirjasto\/viitteidenhallintajarjestelmat\/#breadcrumb"},"inLanguage":"fi","potentialAction":[{"@type":"ReadAction","target":["https:\/\/sites.uef.fi\/tiedonhaku-kirjasto\/viitteidenhallintajarjestelmat\/"]}]},{"@type":"BreadcrumbList","@id":"https:\/\/sites.uef.fi\/tiedonhaku-kirjasto\/viitteidenhallintajarjestelmat\/#breadcrumb","itemListElement":[{"@type":"ListItem","position":1,"name":"Home","item":"https:\/\/sites.uef.fi\/tiedonhaku-kirjasto\/"},{"@type":"ListItem","position":2,"name":"Viitteidenhallintaj\u00e4rjestelm\u00e4t"}]},{"@type":"WebSite","@id":"https:\/\/sites.uef.fi\/tiedonhaku-kirjasto\/#website","url":"https:\/\/sites.uef.fi\/tiedonhaku-kirjasto\/","name":"Tiedonhakijan opas \/\/ UEF-kirjasto","description":"","potentialAction":[{"@type":"SearchAction","target":{"@type":"EntryPoint","urlTemplate":"https:\/\/sites.uef.fi\/tiedonhaku-kirjasto\/?s={search_term_string}"},"query-input":{"@type":"PropertyValueSpecification","valueRequired":true,"valueName":"search_term_string"}}],"inLanguage":"fi"}]}},"_links":{"self":[{"href":"https:\/\/sites.uef.fi\/tiedonhaku-kirjasto\/wp-json\/wp\/v2\/pages\/530","targetHints":{"allow":["GET"]}}],"collection":[{"href":"https:\/\/sites.uef.fi\/tiedonhaku-kirjasto\/wp-json\/wp\/v2\/pages"}],"about":[{"href":"https:\/\/sites.uef.fi\/tiedonhaku-kirjasto\/wp-json\/wp\/v2\/types\/page"}],"author":[{"embeddable":true,"href":"https:\/\/sites.uef.fi\/tiedonhaku-kirjasto\/wp-json\/wp\/v2\/users\/842"}],"replies":[{"embeddable":true,"href":"https:\/\/sites.uef.fi\/tiedonhaku-kirjasto\/wp-json\/wp\/v2\/comments?post=530"}],"version-history":[{"count":1,"href":"https:\/\/sites.uef.fi\/tiedonhaku-kirjasto\/wp-json\/wp\/v2\/pages\/530\/revisions"}],"predecessor-version":[{"id":11013,"href":"https:\/\/sites.uef.fi\/tiedonhaku-kirjasto\/wp-json\/wp\/v2\/pages\/530\/revisions\/11013"}],"wp:attachment":[{"href":"https:\/\/sites.uef.fi\/tiedonhaku-kirjasto\/wp-json\/wp\/v2\/media?parent=530"}],"curies":[{"name":"wp","href":"https:\/\/api.w.org\/{rel}","templated":true}]}}