{"id":655,"date":"2022-08-29T06:15:58","date_gmt":"2022-08-29T06:15:58","guid":{"rendered":"https:\/\/sites.uef.fi\/tiedonhaku-kirjasto\/?page_id=655"},"modified":"2023-10-12T08:51:21","modified_gmt":"2023-10-12T05:51:21","slug":"open-access-eli-avoin-julkaiseminen","status":"publish","type":"page","link":"https:\/\/sites.uef.fi\/tiedonhaku-kirjasto\/open-access-eli-avoin-julkaiseminen\/","title":{"rendered":"Open access eli avoin julkaiseminen"},"content":{"rendered":"\n<p>Tieteellisen tutkimuksen tarkoituksena on tuottaa uutta tietoa yhteiskunnan k\u00e4ytt\u00f6\u00f6n. Suuri osa tutkimuksesta on silti heikosti suuren yleis\u00f6n saatavilla, koska tieteelliset artikkelit julkaistaan usein maksullisissa tiedelehdiss\u00e4. Maksullisten tiedelehtien sis\u00e4lt\u00f6\u00e4 voivat kattavasti hy\u00f6dynt\u00e4\u00e4 esimerkiksi vain yliopiston henkil\u00f6kunta ja opiskelijat. Iso osa tieteellisest\u00e4 tiedosta on siis maksumuurin takana, mik\u00e4 vaikeuttaa merkitt\u00e4v\u00e4sti tieteellisen tiedon hy\u00f6dynt\u00e4mist\u00e4 esim. yrityksiss\u00e4 sek\u00e4 muissa organisaatioissa ja yhteis\u00f6iss\u00e4.&nbsp;Kulttuuri on kuitenkin muuttumassa: esimerkiksi It\u00e4-Suomen yliopistossa noin 60 % julkaisuista on avoimesti saatavilla, ja moni tieteellinen artikkeli muuttuu avoimeksi kuuden kuukauden embargon j\u00e4lkeen.<\/p>\n\n\n\n<p>Avoin tiede ja tutkimus ovat tapa edist\u00e4\u00e4 tieteen n\u00e4kyvyytt\u00e4 ja vaikuttavuutta yhteiskunnassa. Avoimen tieteen tavoite on tutkimustulosten, tutkimusdatan ja tutkimuksessa k\u00e4ytettyjen menetelmien julkaiseminen siten, ett\u00e4 ne ovat kaikkien halukkaiden k\u00e4ytett\u00e4viss\u00e4. Avoimuus tarjoaa mahdollisuuksia, mutta vaatii my\u00f6s tutkijoilta uudenlaista tutkimustiedon ja -prosessin hallintaan liittyv\u00e4\u00e4 osaamista ja valmiutta avata omaa tutkimusty\u00f6t\u00e4\u00e4n ja sen tuloksia.<\/p>\n\n\n\n<p>Avoimen tieteen hy\u00f6dyt:<\/p>\n\n\n\n<ul class=\"wp-block-list\">\n<li>parantaa tutkimustulosten saavutettavuutta ja tutkimuksen l\u00e4pin\u00e4kyvyytt\u00e4<\/li>\n\n\n\n<li>vauhdittaa innovaatioita, yritystoimintaa ja yhteisty\u00f6t\u00e4<\/li>\n\n\n\n<li>s\u00e4\u00e4st\u00e4\u00e4 resursseja<\/li>\n\n\n\n<li>edist\u00e4\u00e4 tasa-arvoa<\/li>\n\n\n\n<li>mahdollistaa uusien tutkimuskysymysten nousun<\/li>\n\n\n\n<li>auttaa kehitt\u00e4m\u00e4\u00e4n kriittist\u00e4 ajattelua ja tieteenlukutaitoa yhteiskunnassa<\/li>\n<\/ul>\n\n\n\n<p>Avoimella julkaisulla (Open access, OA) tieteellinen julkaisu on avoimesti kaikkien saatavilla ja hy\u00f6dynnett\u00e4viss\u00e4, ilman erillist\u00e4 korvausta tai esim. yliopiston verkkoon kirjautumista.<\/p>\n\n\n\n<p>Tieteellisten lehtien artikkeleita voidaan avata kaikille lukijoille tyypillisesti kolmella tavalla:<\/p>\n\n\n\n<ul class=\"wp-block-list\">\n<li>koko lehti on vapaasti luettavissa<\/li>\n\n\n\n<li>maksullisen lehden yksitt\u00e4iset artikkelit ovat avoimia kaikille<\/li>\n\n\n\n<li>rinnakkaistallentamalla julkaisu avoimena esimerkiksi yliopiston julkaisuarkistoon<\/li>\n<\/ul>\n\n\n\n<p>Samasta julkaisusta voi olla verkossa eri versioita, kuten esimerkiksi:<\/p>\n\n\n\n<ul class=\"wp-block-list\">\n<li>Lopullinen esim. lehteen hyv\u00e4ksytty versio, jossa on julkaisijan taitto (Version of record \/ Publishers PDF)<\/li>\n\n\n\n<li>Vertaisarvioitu ja kustantajan hyv\u00e4ksym\u00e4 versio, ilman julkaisijan taittoa (Final draft \/ Author accepted manuscript)<\/li>\n\n\n\n<li>K\u00e4sikirjoitus, jota ei ole viel\u00e4 vertaisarvioitu (Pre-print)<\/li>\n<\/ul>\n\n\n\n<p>Maksuttomuus ei tarkoita ilmaista. Lehtien julkaiseminen ja toimitusty\u00f6 vaativat rahaa, my\u00f6s verkossa julkaistuna. Open access -mallissa kustannukset katetaan siten, ett\u00e4 artikkelin tekij\u00e4 maksaa ns. kirjoittajamaksun (Article Processing Charge eli APC). Lukijan ei siis tarvitse maksaa mit\u00e4\u00e4n.<\/p>\n\n\n\t<div id=\"accordion-block_7caac972bafa6d63c6bf7a62cae13a0a\" class=\"accordions\">\n\t\t\t\t\t<div class=\"accordion accordion-js\">\n\t\t\t\t<button class=\"accordion__button\" aria-controls=\"content-7491\" aria-expanded=\"false\" id=\"accordion-control-7491\">\n\t\t\t\t\t<h3 class=\"accordion__heading\" >\n\t\t\t\t\t\tOnko kyseess\u00e4 saalistajajulkaisu?\t\t\t\t\t<\/h3>\n\t\t\t\t<\/button>\n\t\t\t\t<div class=\"accordion__content\" role=\"region\" aria-labelledby=\"accordion-control-7491\" aria-hidden=\"true\" id=\"content-7491\">\n\t\t\t\t\t<p>Avoimen julkaisemisen APC-kirjoittajamaksut houkuttelevat valitettavasti my\u00f6s ep\u00e4ilytt\u00e4vi\u00e4 julkaisijoita. Tutkijan onkin hyv\u00e4 pohtia seuraavia asioita ennen julkaisemista:<\/p>\n<ul>\n<li>jos lehti ei peri kirjoittajamaksuja<\/li>\n<li>jos lehti on arvioitu Julkaisufoorumissa (ks. <a href=\"https:\/\/sites.uef.fi\/tiedonhaku-kirjasto\/kirjastosanasto\/#julkaisufoorumi-jufo\">Kirjastosanasto: Julkaisufoorumi<\/a>) v\u00e4hint\u00e4\u00e4n tasolle 1<\/li>\n<\/ul>\n<p>\u2026se tuskin on saalistajajulkaisu.<\/p>\n<ul>\n<li>jos vertaisarviointiprosessi on lyhyt ja vaikuttaa keinotekoiselta<\/li>\n<li>jos lehti l\u00e4hett\u00e4\u00e4 jatkuvasti viestej\u00e4 ja tarjouksia<\/li>\n<li>jos lehden aikaisempi sis\u00e4lt\u00f6 ep\u00e4ilytt\u00e4\u00e4 tai se on vaikeasti l\u00f6ydett\u00e4viss\u00e4<\/li>\n<li>jos lehti ei ole kollegoillesi tuttu<\/li>\n<\/ul>\n<p>\u2026h\u00e4lytyskellojen tulisi soida.<\/p>\n<p>Lis\u00e4tietoa saalistajajulkaisuista l\u00f6yd\u00e4t UEF-kirjaston blogista: <a href=\"https:\/\/blogs.uef.fi\/ueflibrary\/varo-saalistajia-beware-of-predators\/\">Varo saalistajia!<\/a><\/p>\n\t\t\t\t<\/div>\n\t\t\t<\/div>\n\t\t\t<\/div>\n\t\n\n\n<h2 class=\"wp-block-heading\">Rinnakkaistallentaminen tehd\u00e4\u00e4n organisaatiossa<\/h2>\n\n\n\n<p>Maksumuurin takana oleva artikkeli on mahdollista tallentaa julkaisuarkistoon, josta se on vapaasti luettavissa, mahdollisesti hieman viiveell\u00e4 alkuper\u00e4iseen julkaisuun verraten.<\/p>\n\n\n\n<p>It\u00e4-Suomen yliopiston julkaisuarkisto on nimelt\u00e4\u00e4n <a href=\"https:\/\/erepo.uef.fi\/?locale-attribute=fi\">UEF eRepository<\/a> (eRepo). Sielt\u00e4 voi etsi\u00e4 rinnakkaisversioita UEFin tutkijoiden julkaisemista artikkeleista, joiden varsinaiset ja usein maksulliset versiot on julkaistu toisaalla. UEF-Primosta l\u00f6ytyy linkki eRepoon, mutta yksitt\u00e4iset artikkelit on haettava eReposta erikseen.<\/p>\n\n\n\n<p>Suomalaisessa tiede- ja tutkimusmaailmassa on periaatteena, ett\u00e4 julkisin varoin rahoitettu tutkimus pit\u00e4isi olla kaikkien hy\u00f6dynnett\u00e4viss\u00e4 avoimesti. Voit lukea lis\u00e4\u00e4 aiheesta <a href=\"https:\/\/okm.fi\/-\/tiedejulkaisun-tekijanoikeudenhaltijalle-aina-oikeus-ei-kaupalliseen-rinnakkaistallentamiseen\">OKM:n tiedotteesta<\/a>. Jos julkaisua ei julkaista alun perin avoimesti, on se ainakin tallennettava julkaisuarkistoon.<\/p>\n\n\n\n<h2 class=\"wp-block-heading\">Vertaisjakelussa tutkijalla on aktiivinen rooli<\/h2>\n\n\n\n<p>Tutkija voi laittaa omia artikkeleitaan n\u00e4kyville omille kotisivuilleen tai esimerkiksi akateemisten verkostoitumispalvelujen, kuten ResearchGate tai Zenodo, kautta. <br><br>Jos t\u00e4m\u00e4 ei tekij\u00e4noikeussyist\u00e4 ole mahdollista, voi opiskelija, toinen tutkija tai joku muu aiheesta kiinnostunut pyyt\u00e4\u00e4 artikkelin kirjoittajalta kopiota artikkelista.<\/p>\n\n\n\n<h2 class=\"wp-block-heading\">Kirjojen ja opinn\u00e4ytteiden avoin julkaiseminen on my\u00f6s mahdollista<\/h2>\n\n\n\n<p>My\u00f6s kirjoja voidaan julkaista Open access -formaatilla.<\/p>\n\n\n\n<p>Opinn\u00e4ytteet, erityisesti v\u00e4it\u00f6skirjat ovat usein avoimia julkaisuja. Opiskelijana voit osaltasi edist\u00e4\u00e4 tieteen avoimuutta julkaisemalla oman gradusi avoimesti.<\/p>\n\n\n\n<div class=\"links-block\">\n\n            <h3>Seuraavaksi<\/h3>\n    \n    <ul class=\"link-list\">\n        \n            \n            <li class=\"link-list-item\">\n                <a href=\"https:\/\/sites.uef.fi\/tiedonhaku-kirjasto\/tieteelliset-julkaisut-eri-aloilla\/\" class=\"link-reset link hover-scale-down\">\n                    <svg\n        width=\"43\" height=\"25\"\n        viewBox=\"0 0 43 25\"\n        xmlns=\"http:\/\/www.w3.org\/2000\/svg\">\n    <path\n        d=\"M30.027 0 43 12.5 30.027 25 27 22.083 34.351 15H0v-5h34.351L27 2.917z\"\n        fill=\"currentColor\"\n        fill-rule=\"evenodd\"\/>\n<\/svg>                    <div>Tieteelliset julkaisut eri aloilla<\/div>\n                <\/a>\n                <div class=\"link-info\">\n                                    <\/div>\n            <\/li>\n\n                <\/ul>\n<\/div>","protected":false},"excerpt":{"rendered":"<p>Tieteellisen tutkimuksen tarkoituksena on tuottaa uutta tietoa yhteiskunnan k\u00e4ytt\u00f6\u00f6n. Suuri osa tutkimuksesta on silti heikosti suuren yleis\u00f6n saatavilla, koska tieteelliset artikkelit julkaistaan usein maksullisissa tiedelehdiss\u00e4. Maksullisten tiedelehtien sis\u00e4lt\u00f6\u00e4 voivat kattavasti hy\u00f6dynt\u00e4\u00e4 esimerkiksi vain yliopiston henkil\u00f6kunta ja opiskelijat. Iso osa tieteellisest\u00e4 tiedosta on siis maksumuurin takana, mik\u00e4 vaikeuttaa merkitt\u00e4v\u00e4sti tieteellisen tiedon hy\u00f6dynt\u00e4mist\u00e4 esim. yrityksiss\u00e4 sek\u00e4 muissa [&hellip;]<\/p>\n","protected":false},"author":842,"featured_media":0,"parent":0,"menu_order":0,"comment_status":"closed","ping_status":"closed","template":"","meta":{"_acf_changed":false,"footnotes":""},"class_list":["post-655","page","type-page","status-publish","hentry"],"acf":[],"yoast_head":"<!-- This site is optimized with the Yoast SEO plugin v27.1.1 - https:\/\/yoast.com\/product\/yoast-seo-wordpress\/ -->\n<title>Open access eli avoin julkaiseminen - Tiedonhakijan opas \/\/ UEF-kirjasto<\/title>\n<meta name=\"description\" content=\"Avoin julkaiseminen tuo tieteelliset julkaisut kaikkien saataville ja hy\u00f6dynnett\u00e4v\u00e4ksi. Katso, miten voit itse edist\u00e4\u00e4 avointa tiedett\u00e4!\" \/>\n<meta name=\"robots\" content=\"index, follow, max-snippet:-1, max-image-preview:large, max-video-preview:-1\" \/>\n<link rel=\"canonical\" href=\"https:\/\/sites.uef.fi\/tiedonhaku-kirjasto\/open-access-eli-avoin-julkaiseminen\/\" \/>\n<meta property=\"og:locale\" content=\"fi_FI\" \/>\n<meta property=\"og:type\" content=\"article\" \/>\n<meta property=\"og:title\" content=\"Open access eli avoin julkaiseminen - Tiedonhakijan opas \/\/ UEF-kirjasto\" \/>\n<meta property=\"og:description\" content=\"Avoin julkaiseminen tuo tieteelliset julkaisut kaikkien saataville ja hy\u00f6dynnett\u00e4v\u00e4ksi. Katso, miten voit itse edist\u00e4\u00e4 avointa tiedett\u00e4!\" \/>\n<meta property=\"og:url\" content=\"https:\/\/sites.uef.fi\/tiedonhaku-kirjasto\/open-access-eli-avoin-julkaiseminen\/\" \/>\n<meta property=\"og:site_name\" content=\"Tiedonhakijan opas \/\/ UEF-kirjasto\" \/>\n<meta property=\"article:modified_time\" content=\"2023-10-12T05:51:21+00:00\" \/>\n<meta name=\"twitter:card\" content=\"summary_large_image\" \/>\n<meta name=\"twitter:label1\" content=\"Arvioitu lukuaika\" \/>\n\t<meta name=\"twitter:data1\" content=\"3 minuuttia\" \/>\n<script type=\"application\/ld+json\" class=\"yoast-schema-graph\">{\"@context\":\"https:\/\/schema.org\",\"@graph\":[{\"@type\":\"WebPage\",\"@id\":\"https:\/\/sites.uef.fi\/tiedonhaku-kirjasto\/open-access-eli-avoin-julkaiseminen\/\",\"url\":\"https:\/\/sites.uef.fi\/tiedonhaku-kirjasto\/open-access-eli-avoin-julkaiseminen\/\",\"name\":\"Open access eli avoin julkaiseminen - Tiedonhakijan opas \/\/ UEF-kirjasto\",\"isPartOf\":{\"@id\":\"https:\/\/sites.uef.fi\/tiedonhaku-kirjasto\/#website\"},\"datePublished\":\"2022-08-29T06:15:58+00:00\",\"dateModified\":\"2023-10-12T05:51:21+00:00\",\"description\":\"Avoin julkaiseminen tuo tieteelliset julkaisut kaikkien saataville ja hy\u00f6dynnett\u00e4v\u00e4ksi. Katso, miten voit itse edist\u00e4\u00e4 avointa tiedett\u00e4!\",\"breadcrumb\":{\"@id\":\"https:\/\/sites.uef.fi\/tiedonhaku-kirjasto\/open-access-eli-avoin-julkaiseminen\/#breadcrumb\"},\"inLanguage\":\"fi\",\"potentialAction\":[{\"@type\":\"ReadAction\",\"target\":[\"https:\/\/sites.uef.fi\/tiedonhaku-kirjasto\/open-access-eli-avoin-julkaiseminen\/\"]}]},{\"@type\":\"BreadcrumbList\",\"@id\":\"https:\/\/sites.uef.fi\/tiedonhaku-kirjasto\/open-access-eli-avoin-julkaiseminen\/#breadcrumb\",\"itemListElement\":[{\"@type\":\"ListItem\",\"position\":1,\"name\":\"Home\",\"item\":\"https:\/\/sites.uef.fi\/tiedonhaku-kirjasto\/\"},{\"@type\":\"ListItem\",\"position\":2,\"name\":\"Open access eli avoin julkaiseminen\"}]},{\"@type\":\"WebSite\",\"@id\":\"https:\/\/sites.uef.fi\/tiedonhaku-kirjasto\/#website\",\"url\":\"https:\/\/sites.uef.fi\/tiedonhaku-kirjasto\/\",\"name\":\"Tiedonhakijan opas \/\/ UEF-kirjasto\",\"description\":\"\",\"potentialAction\":[{\"@type\":\"SearchAction\",\"target\":{\"@type\":\"EntryPoint\",\"urlTemplate\":\"https:\/\/sites.uef.fi\/tiedonhaku-kirjasto\/?s={search_term_string}\"},\"query-input\":{\"@type\":\"PropertyValueSpecification\",\"valueRequired\":true,\"valueName\":\"search_term_string\"}}],\"inLanguage\":\"fi\"}]}<\/script>\n<!-- \/ Yoast SEO plugin. -->","yoast_head_json":{"title":"Open access eli avoin julkaiseminen - Tiedonhakijan opas \/\/ UEF-kirjasto","description":"Avoin julkaiseminen tuo tieteelliset julkaisut kaikkien saataville ja hy\u00f6dynnett\u00e4v\u00e4ksi. Katso, miten voit itse edist\u00e4\u00e4 avointa tiedett\u00e4!","robots":{"index":"index","follow":"follow","max-snippet":"max-snippet:-1","max-image-preview":"max-image-preview:large","max-video-preview":"max-video-preview:-1"},"canonical":"https:\/\/sites.uef.fi\/tiedonhaku-kirjasto\/open-access-eli-avoin-julkaiseminen\/","og_locale":"fi_FI","og_type":"article","og_title":"Open access eli avoin julkaiseminen - Tiedonhakijan opas \/\/ UEF-kirjasto","og_description":"Avoin julkaiseminen tuo tieteelliset julkaisut kaikkien saataville ja hy\u00f6dynnett\u00e4v\u00e4ksi. Katso, miten voit itse edist\u00e4\u00e4 avointa tiedett\u00e4!","og_url":"https:\/\/sites.uef.fi\/tiedonhaku-kirjasto\/open-access-eli-avoin-julkaiseminen\/","og_site_name":"Tiedonhakijan opas \/\/ UEF-kirjasto","article_modified_time":"2023-10-12T05:51:21+00:00","twitter_card":"summary_large_image","twitter_misc":{"Arvioitu lukuaika":"3 minuuttia"},"schema":{"@context":"https:\/\/schema.org","@graph":[{"@type":"WebPage","@id":"https:\/\/sites.uef.fi\/tiedonhaku-kirjasto\/open-access-eli-avoin-julkaiseminen\/","url":"https:\/\/sites.uef.fi\/tiedonhaku-kirjasto\/open-access-eli-avoin-julkaiseminen\/","name":"Open access eli avoin julkaiseminen - Tiedonhakijan opas \/\/ UEF-kirjasto","isPartOf":{"@id":"https:\/\/sites.uef.fi\/tiedonhaku-kirjasto\/#website"},"datePublished":"2022-08-29T06:15:58+00:00","dateModified":"2023-10-12T05:51:21+00:00","description":"Avoin julkaiseminen tuo tieteelliset julkaisut kaikkien saataville ja hy\u00f6dynnett\u00e4v\u00e4ksi. Katso, miten voit itse edist\u00e4\u00e4 avointa tiedett\u00e4!","breadcrumb":{"@id":"https:\/\/sites.uef.fi\/tiedonhaku-kirjasto\/open-access-eli-avoin-julkaiseminen\/#breadcrumb"},"inLanguage":"fi","potentialAction":[{"@type":"ReadAction","target":["https:\/\/sites.uef.fi\/tiedonhaku-kirjasto\/open-access-eli-avoin-julkaiseminen\/"]}]},{"@type":"BreadcrumbList","@id":"https:\/\/sites.uef.fi\/tiedonhaku-kirjasto\/open-access-eli-avoin-julkaiseminen\/#breadcrumb","itemListElement":[{"@type":"ListItem","position":1,"name":"Home","item":"https:\/\/sites.uef.fi\/tiedonhaku-kirjasto\/"},{"@type":"ListItem","position":2,"name":"Open access eli avoin julkaiseminen"}]},{"@type":"WebSite","@id":"https:\/\/sites.uef.fi\/tiedonhaku-kirjasto\/#website","url":"https:\/\/sites.uef.fi\/tiedonhaku-kirjasto\/","name":"Tiedonhakijan opas \/\/ UEF-kirjasto","description":"","potentialAction":[{"@type":"SearchAction","target":{"@type":"EntryPoint","urlTemplate":"https:\/\/sites.uef.fi\/tiedonhaku-kirjasto\/?s={search_term_string}"},"query-input":{"@type":"PropertyValueSpecification","valueRequired":true,"valueName":"search_term_string"}}],"inLanguage":"fi"}]}},"_links":{"self":[{"href":"https:\/\/sites.uef.fi\/tiedonhaku-kirjasto\/wp-json\/wp\/v2\/pages\/655","targetHints":{"allow":["GET"]}}],"collection":[{"href":"https:\/\/sites.uef.fi\/tiedonhaku-kirjasto\/wp-json\/wp\/v2\/pages"}],"about":[{"href":"https:\/\/sites.uef.fi\/tiedonhaku-kirjasto\/wp-json\/wp\/v2\/types\/page"}],"author":[{"embeddable":true,"href":"https:\/\/sites.uef.fi\/tiedonhaku-kirjasto\/wp-json\/wp\/v2\/users\/842"}],"replies":[{"embeddable":true,"href":"https:\/\/sites.uef.fi\/tiedonhaku-kirjasto\/wp-json\/wp\/v2\/comments?post=655"}],"version-history":[{"count":2,"href":"https:\/\/sites.uef.fi\/tiedonhaku-kirjasto\/wp-json\/wp\/v2\/pages\/655\/revisions"}],"predecessor-version":[{"id":10777,"href":"https:\/\/sites.uef.fi\/tiedonhaku-kirjasto\/wp-json\/wp\/v2\/pages\/655\/revisions\/10777"}],"wp:attachment":[{"href":"https:\/\/sites.uef.fi\/tiedonhaku-kirjasto\/wp-json\/wp\/v2\/media?parent=655"}],"curies":[{"name":"wp","href":"https:\/\/api.w.org\/{rel}","templated":true}]}}