{"id":8338,"date":"2023-04-19T08:21:49","date_gmt":"2023-04-19T08:21:49","guid":{"rendered":"https:\/\/sites.uef.fi\/tiedonhaku-kirjasto\/?page_id=8338"},"modified":"2025-08-20T10:03:06","modified_gmt":"2025-08-20T07:03:06","slug":"hakuesimerkkeja","status":"publish","type":"page","link":"https:\/\/sites.uef.fi\/tiedonhaku-kirjasto\/hakuesimerkkeja\/","title":{"rendered":"Hakuesimerkkej\u00e4"},"content":{"rendered":"\n<p>Tiedonhakijana tarvitset tiedonhaun aiheeseen ja omaan alaasi sopivia tiedonl\u00e4hteit\u00e4. L\u00f6yd\u00e4t etsim\u00e4si julkaisut valitsemistasi tietokannoista hakulauseesi avulla, ja k\u00e4yt\u00e4t tarvittaessa erilaisia hakutekniikoita. Hakulauseen ja hakutekniikoiden on oltava sellaisia, jotka sopivat valitsemaasi tietokantaan. <\/p>\n\n\n\n<p>T\u00e4ll\u00e4 sivulla on esimerkkej\u00e4 erilaisista tietokannoista ja niiden ominaisuuksista, sek\u00e4 useille aloille sopivia k\u00e4yt\u00e4nn\u00f6n tiedonhakuesimerkkej\u00e4. Esimerkkeihin tutustuminen auttaa sinua hy\u00f6dynt\u00e4m\u00e4\u00e4n tehokkaasti valitsemasi tietokannan toimintoja. Aiheisiin ja hakulauseisiin liittyv\u00e4t esimerkit ovat hy\u00f6dyksi my\u00f6s oman aiheen ideoinnissa.<\/p>\n\n\n\t<div id=\"tietokantaesimerkit\" class=\"accordions\">\n\t\t\t\t\t<div class=\"accordion accordion-js\">\n\t\t\t\t<button class=\"accordion__button\" aria-controls=\"content-9306\" aria-expanded=\"false\" id=\"accordion-control-9306\">\n\t\t\t\t\t<h3 class=\"accordion__heading\" >\n\t\t\t\t\t\tHakeminen tietokannoista\t\t\t\t\t<\/h3>\n\t\t\t\t<\/button>\n\t\t\t\t<div class=\"accordion__content\" role=\"region\" aria-labelledby=\"accordion-control-9306\" aria-hidden=\"true\" id=\"content-9306\">\n\t\t\t\t\t<p>UEF-Primo tarjoaa kirja- ja artikkeliviitteiden lis\u00e4ksi p\u00e4\u00e4syn t\u00e4rkeimpiin tieteellisiin tietokantoihin, joista osa on monialaisia ja osa tietyille tieteenaloille, kuten l\u00e4\u00e4ketieteeseen tai kielentutkimukseen erikoistuneita.<\/p>\n<p>Vaikka tietokantojen k\u00e4ytt\u00f6liittymien ulkoasu vaihtelee ja haun rajaaminen tai laajentaminen voivat tapahtua eri tavoin, perustoiminnot ovat samantapaisia: kaikkien pohjana on Boolen logiikka.<\/p>\n<p>Joistakin tietokannoista, kuten Web of Sciencesta ja Scopuksesta, l\u00f6yd\u00e4t my\u00f6s tietoa artikkelien saamista viittauksista ja ne esimerkiksi laskevat tutkijalle h-indeksin (ks. <a href=\"https:\/\/sites.uef.fi\/tiedonhaku-kirjasto\/kirjastosanasto\/#h-indeksi\">Kirjastosanasto: h-indeksi<\/a>). Monissa tietokannoissa on my\u00f6s sis\u00e4\u00e4nrakennettu thesaurus, josta voit poimia omaan aiheeseesi sopivia asiasanoja.<\/p>\n<p>Ennen haun tekemist\u00e4 kannattaa tutustua tietokannan ominaisuuksiin joko sen omista ohjeista tai alta l\u00f6ytyvist\u00e4 pikaohjeista.<\/p>\n<h4>Tietokantaesimerkkej\u00e4<\/h3>\n<p>Seuraavat linkit viev\u00e4t ThingLink-esityksiin.<\/p>\n<ul>\n<li>EBSCOhost\n<ul>\n<li>Monialainen Academic Search Premier <a href=\"https:\/\/www.thinglink.com\/scene\/1948014402087158437\">kuvaohje<\/a>, <a href=\"https:\/\/www.youtube.com\/watch?v=_h4PqlmVI0k\">video<\/a><\/li>\n<li>Vaikka kaikista seuraavista ei ole omaa esimerkki\u00e4, ne toimivat samalla tavalla:\n<ul>\n<li><a href=\"https:\/\/www.thinglink.com\/view\/scene\/2013981176653415268\">ATLA<\/a> (teologia ja uskontotieteet)<\/li>\n<li><a href=\"https:\/\/www.thinglink.com\/view\/scene\/2001645253634818725\">Business Source<\/a> (kauppatieteet)<\/li>\n<li>CINAHL (hoitotiede)<\/li>\n<li><a href=\"https:\/\/www.thinglink.com\/card\/1730528022374646628\">EconLit<\/a> (taloustieteet)<\/li>\n<li>MLA (kielitiede, kirjallisuus, folkloristiikka)<\/li>\n<li><a href=\"https:\/\/www.thinglink.com\/card\/1730133394047632037\">Psycinfo <\/a>(mielenterveys, psykologia, k\u00e4ytt\u00e4ytymistieteet)<\/li>\n<li><a href=\"https:\/\/www.thinglink.com\/card\/1730495205720720228\">SocINDEX <\/a>(sosiologia, sosiaality\u00f6 ja muut sosiaalitieteet)<\/li>\n<\/ul>\n<\/li>\n<\/ul>\n<\/li>\n<li><a href=\"https:\/\/www.thinglink.com\/card\/1729804766902485860\">Finna<\/a><\/li>\n<li><a href=\"https:\/\/www.thinglink.com\/card\/1729823415679845220\">Medic <\/a>(terveystieteet; kotimaiset)<\/li>\n<li>ProQuest\n<ul>\n<li>Monialaisen haun <a href=\"https:\/\/www.thinglink.com\/card\/1912497143298392741\">kuvaohje<\/a><\/li>\n<li><a href=\"https:\/\/www.thinglink.com\/view\/scene\/1997216396123046756\">ERIC<\/a> (kasvatustiede)<\/li>\n<li><a href=\"https:\/\/www.thinglink.com\/card\/1730501852966945636\">Social Science Premium Collection <\/a>(laajasti yhteiskuntatieteit\u00e4)<\/li>\n<\/ul>\n<\/li>\n<li><a href=\"https:\/\/www.thinglink.com\/card\/1666809282248572931\">PubMed <\/a>(l\u00e4\u00e4ke- ja terveystieteet)<\/li>\n<li><a href=\"https:\/\/www.thinglink.com\/card\/1725108880486171301\">Scopus<\/a> (monialainen)<\/li>\n<li><a href=\"https:\/\/www.thinglink.com\/card\/1725422569831530982\">UEF-Primo<\/a><\/li>\n<li><a href=\"https:\/\/www.thinglink.com\/card\/1730169695727780517\">Web of Science <\/a>(monialainen)<\/li>\n<\/ul>\n<p>&nbsp;<\/p>\n<p><strong>My\u00f6s kirjaston <a href=\"https:\/\/www.uef.fi\/fi\/kirjasto\/tiedonhaku-ja-koulutus\">Tiedonhaku ja koulutus-sivulle<\/a> (Ohjeita ja oppaita -otsikon alle) on koottu ohjeita tutuimpien tietokantojen k\u00e4ytt\u00f6\u00f6n.<\/strong><\/p>\n\t\t\t\t<\/div>\n\t\t\t<\/div>\n\t\t\t<\/div>\n\t\n\n\n<p><\/p>\n\n\n\t<div id=\"tiedonhaun-aiheita\" class=\"accordions\">\n\t\t\t\t\t<div class=\"accordion accordion-js\">\n\t\t\t\t<button class=\"accordion__button\" aria-controls=\"content-9188\" aria-expanded=\"false\" id=\"accordion-control-9188\">\n\t\t\t\t\t<h3 class=\"accordion__heading\" >\n\t\t\t\t\t\tTiedonhaun aiheita ja hakulauseita\t\t\t\t\t<\/h3>\n\t\t\t\t<\/button>\n\t\t\t\t<div class=\"accordion__content\" role=\"region\" aria-labelledby=\"accordion-control-9188\" aria-hidden=\"true\" id=\"content-9188\">\n\t\t\t\t\t<p>K\u00e4yt\u00e4 n\u00e4it\u00e4 tiedonhakuesimerkkej\u00e4 tukena, kun muodostat hakusanoja ja \u2013lauseita oman hakuongelmasi pohjalta.<\/p>\n<p>Esimerkeiss\u00e4 l\u00e4hdet\u00e4\u00e4n liikkeelle tiedonhaun aiheesta, josta edet\u00e4\u00e4n hakutekniikkaan. Aiheesta ideoiduille k\u00e4sitteille etsit\u00e4\u00e4n asiasanoja, joita yhdistell\u00e4\u00e4n hakulauseiksi Boolen logiikkaa, fraasihakua, sanankatkaisua ja sulkuja k\u00e4ytt\u00e4en. Voit korvata esimerkeiss\u00e4 k\u00e4ytetyt hakusanat omaan aiheeseesi sopivilla sanoilla.<\/p>\n<h4>Tiedonhaun aiheita<\/h3>\n<p>Seuraavat linkit viev\u00e4t ThingLink-esityksiin. Esimerkkien tiedonhaut tehtiin kes\u00e4ll\u00e4 2023.<\/p>\n<ul>\n<li><a href=\"https:\/\/www.thinglink.com\/card\/1666774368295845891\">Apteekissa tehtyjen ex tempore -valmisteiden s\u00e4ilyvyys<\/a><\/li>\n<li><a href=\"https:\/\/www.thinglink.com\/card\/1666753105766645763\">Biofilmin muodostuminen juomaveden jakeluj\u00e4rjestelmiin<\/a><\/li>\n<li><a href=\"https:\/\/www.thinglink.com\/card\/1666800641491599363\">Eturauhasen hyv\u00e4nlaatuisen liikakasvun yhdistelm\u00e4hoito alfasalpaajilla ja 5-alfareduktaasin est\u00e4jill\u00e4<\/a><\/li>\n<li><a href=\"https:\/\/www.thinglink.com\/card\/1666745859028549635\">Geenisirutekniikan k\u00e4ytt\u00f6 ymp\u00e4rist\u00f6n saasteista johtuvien DNA-vaurioiden tutkimisessa<\/a><\/li>\n<li><a href=\"https:\/\/www.thinglink.com\/card\/1730208941842891429\">Her\u00e4tysliikkeiden suhde poliittiseen vasemmistoon (kotimaisia artikkeleita)<\/a><\/li>\n<li><a href=\"https:\/\/www.thinglink.com\/card\/1730510495103845220\">Ilmaston ja s\u00e4\u00e4n vaikutus sijoittajan k\u00e4ytt\u00e4ytymiseen (rahoitusmarkkinoilla)<\/a><\/li>\n<li><a href=\"https:\/\/www.thinglink.com\/card\/1725118662496486053\">It\u00e4-Suomen yliopiston kirjastosta l\u00f6ytyvi\u00e4 kirjoja kaasumaisten ilmansaasteiden m\u00e4\u00e4ritysmenetelmist\u00e4<\/a><\/li>\n<li><a href=\"https:\/\/www.thinglink.com\/card\/1730485916008448868\">Kotona asuvien vanhusten kokema yksin\u00e4isyys<\/a><\/li>\n<li><a href=\"https:\/\/www.thinglink.com\/card\/1730217337975472805\">Kuoleman kohtaaminen lasten ja nuorten sielunhoidossa<\/a><\/li>\n<li><a href=\"https:\/\/www.thinglink.com\/card\/1729830408213758820\">Maatalouden ymp\u00e4rist\u00f6vaikutukset (kotimaiset lehtiartikkelit)<\/a><\/li>\n<li><a href=\"https:\/\/www.thinglink.com\/card\/1730498925346947940\">Naisten poliittinen valta<\/a><\/li>\n<li><a href=\"https:\/\/www.thinglink.com\/card\/1666813985644609539\">Onko perheess\u00e4 vanhempien sy\u00f6misk\u00e4ytt\u00e4ytymisell\u00e4 vaikutusta lasten ja nuorten kehonpainoon ja painonmuutoksiin?<\/a><\/li>\n<li><a href=\"https:\/\/www.thinglink.com\/view\/scene\/2013979513645433700\">Paholaisen teologinen asema kristillisess\u00e4 pelastushistoriassa<\/a><\/li>\n<li><a href=\"https:\/\/www.thinglink.com\/card\/1729820762736427876\">Ravitsemus ja ruokavalio tyypin 2 diabeteksessa (kotimainen aineisto)<\/a><\/li>\n<li><a href=\"https:\/\/www.thinglink.com\/card\/1652255837839687683\">Sis\u00e4tiloissa esiintyvien homesienten terveysvaikutukset<\/a><\/li>\n<li><a href=\"https:\/\/www.thinglink.com\/card\/1666810753316814851\">Suolistomikrobien ja sy\u00f6mish\u00e4iri\u00f6iden v\u00e4liset yhteydet<\/a><\/li>\n<li><a href=\"https:\/\/www.thinglink.com\/card\/1725458601507553766\">Suomen yliopisto- ja korkeakoulukirjastoista l\u00f6ytyvi\u00e4 uusia kirjoja, my\u00f6s v\u00e4it\u00f6skirjoja, perint\u00f6tekij\u00f6iden merkityksest\u00e4 diabeteksen synnyss\u00e4<\/a><\/li>\n<li><a href=\"https:\/\/www.thinglink.com\/view\/scene\/2012081474190181029\">Ty\u00f6hyvinvointi et\u00e4t\u00f6iss\u00e4<\/a><\/li>\n<li><a href=\"https:\/\/www.thinglink.com\/card\/1729858255208842084\">Ty\u00f6n ja vapaa-ajan\/perhe-el\u00e4m\u00e4n v\u00e4lisen tasapainon yhteys ty\u00f6hyvinvointiin<\/a><\/li>\n<li><a href=\"https:\/\/www.thinglink.com\/card\/1666806698142072835\">T\u00e4ysjyv\u00e4tuotteiden merkitys veren sokeritasapainon s\u00e4\u00e4telyss\u00e4<\/a><\/li>\n<li><a href=\"https:\/\/www.thinglink.com\/card\/1666788691437158403\">Vaihdevuosien j\u00e4lkeisen osteoporoosin ehk\u00e4isy kalsiumvalmisteilla<\/a><\/li>\n<li><a href=\"https:\/\/www.thinglink.com\/view\/scene\/1996492569365709668\">Verkko-opetuksen vaikutus opiskelijoiden asenteisiin korkeakoulutuksessa<\/a><\/li>\n<\/ul>\n\t\t\t\t<\/div>\n\t\t\t<\/div>\n\t\t\t<\/div>\n\t\n\n\n<p><\/p>\n","protected":false},"excerpt":{"rendered":"<p>Tiedonhakijana tarvitset tiedonhaun aiheeseen ja omaan alaasi sopivia tiedonl\u00e4hteit\u00e4. L\u00f6yd\u00e4t etsim\u00e4si julkaisut valitsemistasi tietokannoista hakulauseesi avulla, ja k\u00e4yt\u00e4t tarvittaessa erilaisia hakutekniikoita. Hakulauseen ja hakutekniikoiden on oltava sellaisia, jotka sopivat valitsemaasi tietokantaan. T\u00e4ll\u00e4 sivulla on esimerkkej\u00e4 erilaisista tietokannoista ja niiden ominaisuuksista, sek\u00e4 useille aloille sopivia k\u00e4yt\u00e4nn\u00f6n tiedonhakuesimerkkej\u00e4. Esimerkkeihin tutustuminen auttaa sinua hy\u00f6dynt\u00e4m\u00e4\u00e4n tehokkaasti valitsemasi tietokannan toimintoja. [&hellip;]<\/p>\n","protected":false},"author":842,"featured_media":0,"parent":0,"menu_order":0,"comment_status":"closed","ping_status":"closed","template":"","meta":{"_acf_changed":false,"footnotes":""},"class_list":["post-8338","page","type-page","status-publish","hentry"],"acf":[],"yoast_head":"<!-- This site is optimized with the Yoast SEO plugin v27.1.1 - https:\/\/yoast.com\/product\/yoast-seo-wordpress\/ -->\n<title>Hakuesimerkkej\u00e4 - Tiedonhakijan opas \/\/ UEF-kirjasto<\/title>\n<meta name=\"description\" content=\"Hakuesimerkeist\u00e4 l\u00f6yd\u00e4t vinkkej\u00e4 ja ideoita tietokantojen hakuominaisuuksien k\u00e4ytt\u00f6\u00f6n, sek\u00e4 tieteenalakohtaisia esimerkkej\u00e4 hakulauseiden muodostamisesta.\" \/>\n<meta name=\"robots\" content=\"index, follow, max-snippet:-1, max-image-preview:large, max-video-preview:-1\" \/>\n<link rel=\"canonical\" href=\"https:\/\/sites.uef.fi\/tiedonhaku-kirjasto\/hakuesimerkkeja\/\" \/>\n<meta property=\"og:locale\" content=\"fi_FI\" \/>\n<meta property=\"og:type\" content=\"article\" \/>\n<meta property=\"og:title\" content=\"Hakuesimerkkej\u00e4 - Tiedonhakijan opas \/\/ UEF-kirjasto\" \/>\n<meta property=\"og:description\" content=\"Hakuesimerkeist\u00e4 l\u00f6yd\u00e4t vinkkej\u00e4 ja ideoita tietokantojen hakuominaisuuksien k\u00e4ytt\u00f6\u00f6n, sek\u00e4 tieteenalakohtaisia esimerkkej\u00e4 hakulauseiden muodostamisesta.\" \/>\n<meta property=\"og:url\" content=\"https:\/\/sites.uef.fi\/tiedonhaku-kirjasto\/hakuesimerkkeja\/\" \/>\n<meta property=\"og:site_name\" content=\"Tiedonhakijan opas \/\/ UEF-kirjasto\" \/>\n<meta property=\"article:modified_time\" content=\"2025-08-20T07:03:06+00:00\" \/>\n<meta name=\"twitter:card\" content=\"summary_large_image\" \/>\n<meta name=\"twitter:label1\" content=\"Arvioitu lukuaika\" \/>\n\t<meta name=\"twitter:data1\" content=\"1 minuutti\" \/>\n<script type=\"application\/ld+json\" class=\"yoast-schema-graph\">{\"@context\":\"https:\/\/schema.org\",\"@graph\":[{\"@type\":\"WebPage\",\"@id\":\"https:\/\/sites.uef.fi\/tiedonhaku-kirjasto\/hakuesimerkkeja\/\",\"url\":\"https:\/\/sites.uef.fi\/tiedonhaku-kirjasto\/hakuesimerkkeja\/\",\"name\":\"Hakuesimerkkej\u00e4 - Tiedonhakijan opas \/\/ UEF-kirjasto\",\"isPartOf\":{\"@id\":\"https:\/\/sites.uef.fi\/tiedonhaku-kirjasto\/#website\"},\"datePublished\":\"2023-04-19T08:21:49+00:00\",\"dateModified\":\"2025-08-20T07:03:06+00:00\",\"description\":\"Hakuesimerkeist\u00e4 l\u00f6yd\u00e4t vinkkej\u00e4 ja ideoita tietokantojen hakuominaisuuksien k\u00e4ytt\u00f6\u00f6n, sek\u00e4 tieteenalakohtaisia esimerkkej\u00e4 hakulauseiden muodostamisesta.\",\"breadcrumb\":{\"@id\":\"https:\/\/sites.uef.fi\/tiedonhaku-kirjasto\/hakuesimerkkeja\/#breadcrumb\"},\"inLanguage\":\"fi\",\"potentialAction\":[{\"@type\":\"ReadAction\",\"target\":[\"https:\/\/sites.uef.fi\/tiedonhaku-kirjasto\/hakuesimerkkeja\/\"]}]},{\"@type\":\"BreadcrumbList\",\"@id\":\"https:\/\/sites.uef.fi\/tiedonhaku-kirjasto\/hakuesimerkkeja\/#breadcrumb\",\"itemListElement\":[{\"@type\":\"ListItem\",\"position\":1,\"name\":\"Home\",\"item\":\"https:\/\/sites.uef.fi\/tiedonhaku-kirjasto\/\"},{\"@type\":\"ListItem\",\"position\":2,\"name\":\"Hakuesimerkkej\u00e4\"}]},{\"@type\":\"WebSite\",\"@id\":\"https:\/\/sites.uef.fi\/tiedonhaku-kirjasto\/#website\",\"url\":\"https:\/\/sites.uef.fi\/tiedonhaku-kirjasto\/\",\"name\":\"Tiedonhakijan opas \/\/ UEF-kirjasto\",\"description\":\"\",\"potentialAction\":[{\"@type\":\"SearchAction\",\"target\":{\"@type\":\"EntryPoint\",\"urlTemplate\":\"https:\/\/sites.uef.fi\/tiedonhaku-kirjasto\/?s={search_term_string}\"},\"query-input\":{\"@type\":\"PropertyValueSpecification\",\"valueRequired\":true,\"valueName\":\"search_term_string\"}}],\"inLanguage\":\"fi\"}]}<\/script>\n<!-- \/ Yoast SEO plugin. -->","yoast_head_json":{"title":"Hakuesimerkkej\u00e4 - Tiedonhakijan opas \/\/ UEF-kirjasto","description":"Hakuesimerkeist\u00e4 l\u00f6yd\u00e4t vinkkej\u00e4 ja ideoita tietokantojen hakuominaisuuksien k\u00e4ytt\u00f6\u00f6n, sek\u00e4 tieteenalakohtaisia esimerkkej\u00e4 hakulauseiden muodostamisesta.","robots":{"index":"index","follow":"follow","max-snippet":"max-snippet:-1","max-image-preview":"max-image-preview:large","max-video-preview":"max-video-preview:-1"},"canonical":"https:\/\/sites.uef.fi\/tiedonhaku-kirjasto\/hakuesimerkkeja\/","og_locale":"fi_FI","og_type":"article","og_title":"Hakuesimerkkej\u00e4 - Tiedonhakijan opas \/\/ UEF-kirjasto","og_description":"Hakuesimerkeist\u00e4 l\u00f6yd\u00e4t vinkkej\u00e4 ja ideoita tietokantojen hakuominaisuuksien k\u00e4ytt\u00f6\u00f6n, sek\u00e4 tieteenalakohtaisia esimerkkej\u00e4 hakulauseiden muodostamisesta.","og_url":"https:\/\/sites.uef.fi\/tiedonhaku-kirjasto\/hakuesimerkkeja\/","og_site_name":"Tiedonhakijan opas \/\/ UEF-kirjasto","article_modified_time":"2025-08-20T07:03:06+00:00","twitter_card":"summary_large_image","twitter_misc":{"Arvioitu lukuaika":"1 minuutti"},"schema":{"@context":"https:\/\/schema.org","@graph":[{"@type":"WebPage","@id":"https:\/\/sites.uef.fi\/tiedonhaku-kirjasto\/hakuesimerkkeja\/","url":"https:\/\/sites.uef.fi\/tiedonhaku-kirjasto\/hakuesimerkkeja\/","name":"Hakuesimerkkej\u00e4 - Tiedonhakijan opas \/\/ UEF-kirjasto","isPartOf":{"@id":"https:\/\/sites.uef.fi\/tiedonhaku-kirjasto\/#website"},"datePublished":"2023-04-19T08:21:49+00:00","dateModified":"2025-08-20T07:03:06+00:00","description":"Hakuesimerkeist\u00e4 l\u00f6yd\u00e4t vinkkej\u00e4 ja ideoita tietokantojen hakuominaisuuksien k\u00e4ytt\u00f6\u00f6n, sek\u00e4 tieteenalakohtaisia esimerkkej\u00e4 hakulauseiden muodostamisesta.","breadcrumb":{"@id":"https:\/\/sites.uef.fi\/tiedonhaku-kirjasto\/hakuesimerkkeja\/#breadcrumb"},"inLanguage":"fi","potentialAction":[{"@type":"ReadAction","target":["https:\/\/sites.uef.fi\/tiedonhaku-kirjasto\/hakuesimerkkeja\/"]}]},{"@type":"BreadcrumbList","@id":"https:\/\/sites.uef.fi\/tiedonhaku-kirjasto\/hakuesimerkkeja\/#breadcrumb","itemListElement":[{"@type":"ListItem","position":1,"name":"Home","item":"https:\/\/sites.uef.fi\/tiedonhaku-kirjasto\/"},{"@type":"ListItem","position":2,"name":"Hakuesimerkkej\u00e4"}]},{"@type":"WebSite","@id":"https:\/\/sites.uef.fi\/tiedonhaku-kirjasto\/#website","url":"https:\/\/sites.uef.fi\/tiedonhaku-kirjasto\/","name":"Tiedonhakijan opas \/\/ UEF-kirjasto","description":"","potentialAction":[{"@type":"SearchAction","target":{"@type":"EntryPoint","urlTemplate":"https:\/\/sites.uef.fi\/tiedonhaku-kirjasto\/?s={search_term_string}"},"query-input":{"@type":"PropertyValueSpecification","valueRequired":true,"valueName":"search_term_string"}}],"inLanguage":"fi"}]}},"_links":{"self":[{"href":"https:\/\/sites.uef.fi\/tiedonhaku-kirjasto\/wp-json\/wp\/v2\/pages\/8338","targetHints":{"allow":["GET"]}}],"collection":[{"href":"https:\/\/sites.uef.fi\/tiedonhaku-kirjasto\/wp-json\/wp\/v2\/pages"}],"about":[{"href":"https:\/\/sites.uef.fi\/tiedonhaku-kirjasto\/wp-json\/wp\/v2\/types\/page"}],"author":[{"embeddable":true,"href":"https:\/\/sites.uef.fi\/tiedonhaku-kirjasto\/wp-json\/wp\/v2\/users\/842"}],"replies":[{"embeddable":true,"href":"https:\/\/sites.uef.fi\/tiedonhaku-kirjasto\/wp-json\/wp\/v2\/comments?post=8338"}],"version-history":[{"count":1,"href":"https:\/\/sites.uef.fi\/tiedonhaku-kirjasto\/wp-json\/wp\/v2\/pages\/8338\/revisions"}],"predecessor-version":[{"id":11480,"href":"https:\/\/sites.uef.fi\/tiedonhaku-kirjasto\/wp-json\/wp\/v2\/pages\/8338\/revisions\/11480"}],"wp:attachment":[{"href":"https:\/\/sites.uef.fi\/tiedonhaku-kirjasto\/wp-json\/wp\/v2\/media?parent=8338"}],"curies":[{"name":"wp","href":"https:\/\/api.w.org\/{rel}","templated":true}]}}