{"id":92,"date":"2022-04-19T06:32:35","date_gmt":"2022-04-19T06:32:35","guid":{"rendered":"https:\/\/sites.uef.fi\/tiedonhaku-kirjasto\/?page_id=92"},"modified":"2025-08-22T11:10:50","modified_gmt":"2025-08-22T08:10:50","slug":"tiedonhakuprosessi-ja-tiedonhaun-suunnittelu","status":"publish","type":"page","link":"https:\/\/sites.uef.fi\/tiedonhaku-kirjasto\/tiedonhakuprosessi-ja-tiedonhaun-suunnittelu\/","title":{"rendered":"Tiedonhakuprosessi ja tiedonhaun suunnittelu"},"content":{"rendered":"\n<p>Yksinkertaisimmillaan tiedonhakuprosessi alkaa aiheen m\u00e4\u00e4rittelyst\u00e4, etenee toisiaan t\u00e4ydent\u00e4vien vaiheiden kautta ja p\u00e4\u00e4ttyy l\u00f6ydetyn tiedon arviointiin ja k\u00e4ytt\u00f6\u00f6n.<\/p>\n\n\n\n<p>Tiedonhakuprosessi etenee harvoin suoraan alusta loppuun. On tavallista, ett\u00e4 tiedonhaun edetess\u00e4 palataan taaksep\u00e4in edellisiin vaiheisiin. Tiedonhakuprosessi voikin her\u00e4tt\u00e4\u00e4 monenlaisia tunteita, sill\u00e4 kaivatun tiedon l\u00f6ytymisen saattaa joutua n\u00e4kem\u00e4\u00e4n aikaa ja vaivaa.<\/p>\n\n\n<iframe loading=\"lazy\" title=\u201dKaaviokuva tiedonhakuprosessista.\u201d width=\"960\" height=\"740\" data-original-width=\"963\" data-original-height=\"743\" src=\"https:\/\/www.thinglink.com\/card\/1628317874072322051\" type=\"text\/html\" frameborder=\"0\" webkitallowfullscreen mozallowfullscreen allowfullscreen scrolling=\"no\"><\/iframe><script async src=\"\/\/cdn.thinglink.me\/jse\/responsive.js\"><\/script><br\/><a href=\"https:\/\/app.widgets.thinglink.com\/accessibility\/1628317874072322051\" rel=\"noopener noreferrer\">Siirry t\u00e4st\u00e4 kuvan saavutettavaan versioon.<\/a>\n\n\n\n<h2 class=\"wp-block-heading\">Tiedonhaun suunnittelu<\/h2>\n\n\n\n<p>Tiedonhakua voidaan tehd\u00e4 erilaisista l\u00e4ht\u00f6kohdista. Jos tiedonhaku liittyy tutkimukseen tai tutkielman tekoon, on mukana hyv\u00e4 olla sopiva m\u00e4\u00e4r\u00e4 suunnitelmallisuutta. Kun tiedonhaun motivaattorina on tutkimusty\u00f6 tai tutkielma, on t\u00e4rke\u00e4\u00e4 ymm\u00e4rt\u00e4\u00e4 my\u00f6s tiedonhaun rooli osana tutkimuksen tekoa.<\/p>\n\n\n\n<h3 class=\"wp-block-heading\" id=\"tiedonhaun-suunnitelma\">Tiedonhaun suunnitelma<\/h3>\n\n\n\n<p>Tutkimussuunnitelmaan kuuluu usein tiedonhaun suunnitelman laatiminen. Tiedonhaun suunnittelussa taas on mukana monia tiedonhaun prosessista tuttuja vaiheita. Voit aloittaa tiedonhaun suunnittelun alla olevan muistilistan avulla. Huomaa kuitenkin, ett\u00e4 suunnitelmaa kannattaa t\u00e4ydent\u00e4\u00e4 tiedonhaun edetess\u00e4, ja suunnittelun ohella on hyv\u00e4 tehd\u00e4 koehakuja.<\/p>\n\n\n\t<div id=\"accordion-block_3270647f3e0793acb208d24f3a301dfa\" class=\"accordions\">\n\t\t\t\t\t<div class=\"accordion accordion-js\">\n\t\t\t\t<button class=\"accordion__button\" aria-controls=\"content-1230\" aria-expanded=\"false\" id=\"accordion-control-1230\">\n\t\t\t\t\t<h3 class=\"accordion__heading\" >\n\t\t\t\t\t\tTiedonhakijan muistilista\t\t\t\t\t<\/h3>\n\t\t\t\t<\/button>\n\t\t\t\t<div class=\"accordion__content\" role=\"region\" aria-labelledby=\"accordion-control-1230\" aria-hidden=\"true\" id=\"content-1230\">\n\t\t\t\t\t<p>Tiedonhakijan muistilistalle kuuluu:<\/p>\n<ul>\n<li>Tutkimusongelma ja aihe<br \/>\nOta avuksi k\u00e4sitekartat tai asiakokonaisuuksien listat: Mit\u00e4 aiheeseen sis\u00e4ltyy?<\/li>\n<li>Sanat ja k\u00e4sitteet<br \/>\nKer\u00e4\u00e4 sanat ja k\u00e4sitteet talteen: Millaisilla sanoilla tai k\u00e4sitteill\u00e4 aiheestasi on voitu kirjoittaa? Mitk\u00e4 hakusanat kuvaavat aihettasi?<\/li>\n<li>Hakusanojen yhdistely<br \/>\nTallenna koehakujen historiaa ja tutkaile hakutuloksia: Miten rajaat, supistat tai laajennat hakuasi, jos tulokset eiv\u00e4t vastaa odotuksiasi? Tarvitsetko k\u00e4sitteille vaihtoehtoisia hakusanoja (synonyymej\u00e4) tai aihetta rajaavia hakusanoja? Miten k\u00e4yt\u00e4t Boolen operaattoreita (AND, OR, NOT)? Katkaisetko sanoja asteriskilla (*) eri muotojen l\u00f6yt\u00e4miseksi?<\/li>\n<li>Aiheeseen sopivat tietokannat<br \/>\nValitse yleiset ja tieteenalakohtaiset tiedon l\u00e4hteet: Mist\u00e4 tietokannoista tietoa kannattaa hakea?<\/li>\n<\/ul>\n\t\t\t\t<\/div>\n\t\t\t<\/div>\n\t\t\t<\/div>\n\t\n\n\n<h3 class=\"wp-block-heading\" id=\"tiedonhaku-osana-tutkimuksen-tekoa\">Tiedonhaku osana tutkimuksen tekoa &#8211; kokoa, rajaa, yhdistele, vertaile<\/h3>\n\n\n\n<p>Tutkijan tulee k\u00e4yd\u00e4 tutkimusaihettaan tarkemmin l\u00e4pi verrattuna tavalliseen tiedonhakijaan. Tutkijan on muodostettava ajantasainen yleiskuva t\u00e4h\u00e4nastisesta tutkimuksesta ja kirjallisuudesta, ja suhteutettava oma tutkimuksensa aiempiin teorioihin ja l\u00f6yd\u00f6ksiin. H\u00e4n my\u00f6s osallistuu aihetta koskevaan tieteelliseen keskusteluun kirjoittamalla ja julkaisemalla tutkimusty\u00f6ns\u00e4.<\/p>\n\n\n\t<div id=\"accordion-block_17acaf2fc894e71db406d40889ea2364\" class=\"accordions\">\n\t\t\t\t\t<div class=\"accordion accordion-js\">\n\t\t\t\t<button class=\"accordion__button\" aria-controls=\"content-4625\" aria-expanded=\"false\" id=\"accordion-control-4625\">\n\t\t\t\t\t<h3 class=\"accordion__heading\" >\n\t\t\t\t\t\tTutkijan tiedonhaun muistilista\t\t\t\t\t<\/h3>\n\t\t\t\t<\/button>\n\t\t\t\t<div class=\"accordion__content\" role=\"region\" aria-labelledby=\"accordion-control-4625\" aria-hidden=\"true\" id=\"content-4625\">\n\t\t\t\t\t<p><!-- wp:list {\"ordered\":true} --><\/p>\n<p>Tutkijan tiedonhaun muistilistalle kuuluu viisi laajempaa aihepiiri\u00e4:<\/p>\n<ol>\n<li>Tietoa tarvitaan aina aiheen keskeisist\u00e4 k\u00e4sitteist\u00e4: k\u00e4ytetyt k\u00e4sitteet on pystytt\u00e4v\u00e4 tutkimuksessa m\u00e4\u00e4rittelem\u00e4\u00e4n yksiselitteisesti.<\/li>\n<li>Aihetta j\u00e4sent\u00e4m\u00e4ll\u00e4 ja tutkimusongelmaa tarkentamalla hahmottuu ymm\u00e4rrys siit\u00e4, mit\u00e4 omalla tutkimuksella halutaan osoittaa ja mit\u00e4 asioita halutaan tiet\u00e4\u00e4.<br \/>\nMit\u00e4 tarkemmin pystyt rajaamaan aiheesi, sit\u00e4 helpompaa on tiedonhaku. Laajat, j\u00e4sentym\u00e4tt\u00f6m\u00e4t aiheet ovat hankalia haettavia. Seuraavien seikkojen pohtiminen helpottaa aiheen m\u00e4\u00e4rittely\u00e4, j\u00e4sentely\u00e4 ja rajaamista:<\/p>\n<ul>\n<li>Mik\u00e4 on aiheeni\/teht\u00e4v\u00e4n otsikko?<\/li>\n<li>Mik\u00e4 on aiheen kannalta oleellista tai t\u00e4rke\u00e4\u00e4?<\/li>\n<li>Mihin laajempaan viitekehykseen aihe kuuluu?<\/li>\n<li>Mit\u00e4 suppeampia asiakokonaisuuksia aihe pit\u00e4\u00e4 sis\u00e4ll\u00e4\u00e4n?<\/li>\n<li>Aiheen p\u00e4\u00e4kysymykset ja mahdolliset alakysymykset<\/li>\n<li>Millaisesta n\u00e4k\u00f6kulmasta aihetta tarkastellaan \u2014 eri teoriat, koulukunnat, muut tieteenalat<\/li>\n<li>Kuka? (tekee, toimii, vaikuttaa taustalla)<\/li>\n<li>Kenelle? (toiminnan kohderyhm\u00e4, kehen vaikuttaa, kenelle on t\u00e4rke\u00e4) \u2014 henkil\u00f6t, ryhm\u00e4t, organisaatiot<\/li>\n<li>Miksi? (tarve, pakko, seuraus jostakin, mist\u00e4?)<\/li>\n<li>Kuinka laajasti aihetta tarkastellaan, paljonko tietoa tarvitaan<\/li>\n<\/ul>\n<\/li>\n<li>Tutkimukseen tarvitaan aina taustatietoja aiheesta my\u00f6s laajemmassa kontekstissa: mihin asiayhteyteen tai aihekokonaisuuteen aihe liittyy ja millaisia tutkimusongelmia aiheen piiriss\u00e4 on aikaisemmin k\u00e4sitelty. On t\u00e4rke\u00e4\u00e4 selvitt\u00e4\u00e4 my\u00f6s, mit\u00e4 aiheesta ei viel\u00e4 tiedet\u00e4. Tutkimuskirjallisuuteen tutustuminen on siis merkitt\u00e4v\u00e4 osa tiedonhakua.<\/li>\n<li>Tietoa voi joutua hakemaan my\u00f6s tutkimusmenetelmist\u00e4, tilastomenetelmist\u00e4, aineiston k\u00e4sittelyst\u00e4 ym.<\/li>\n<li>Tiedonhakuprosessissa voidaan palata taaksep\u00e4in esimerkiksi silloin, jos hakutuloksissa ei ole aiheen kannalta oleellista tietoa, tai hakua halutaan muista syist\u00e4 muokata. Taaksep\u00e4in palaaminen tarkoittaa muun muassa hakusanojen ja haun rajausten p\u00e4ivitt\u00e4mist\u00e4. T\u00e4llaista tiedonhakuprosessia, jossa tarvittaessa palataan edellisiin vaiheisiin, kutsutaan sykliseksi tiedonhauksi.<br \/>\nYksitt\u00e4isen hakutuloksen etsiminen on syklist\u00e4 tiedonhakua suoraviivaisempaa ja usein my\u00f6s yksinkertaisempaa. Kun t\u00e4sm\u00e4llisill\u00e4 hakusanoilla haetaan tietokannasta yksitt\u00e4inen tulos, kuten kirja tai artikkeli, kutsutaan tiedonhakuprosessia lineaariseksi.<\/li>\n<\/ol>\n<p><!-- \/wp:list --><\/p>\n<p><!-- \/wp:list --><\/p>\n\t\t\t\t<\/div>\n\t\t\t<\/div>\n\t\t\t<\/div>\n\t\n\n\n<div class=\"links-block\">\n\n            <h3>Seuraavaksi<\/h3>\n    \n    <ul class=\"link-list\">\n        \n            \n            <li class=\"link-list-item\">\n                <a href=\"https:\/\/sites.uef.fi\/tiedonhaku-kirjasto\/tiedonlahteet-ja-arviointi\/\" class=\"link-reset link hover-scale-down\">\n                    <svg\n        width=\"43\" height=\"25\"\n        viewBox=\"0 0 43 25\"\n        xmlns=\"http:\/\/www.w3.org\/2000\/svg\">\n    <path\n        d=\"M30.027 0 43 12.5 30.027 25 27 22.083 34.351 15H0v-5h34.351L27 2.917z\"\n        fill=\"currentColor\"\n        fill-rule=\"evenodd\"\/>\n<\/svg>                    <div>Tiedonl\u00e4hteet ja arviointi<\/div>\n                <\/a>\n                <div class=\"link-info\">\n                                    <\/div>\n            <\/li>\n\n                <\/ul>\n<\/div>","protected":false},"excerpt":{"rendered":"<p>Yksinkertaisimmillaan tiedonhakuprosessi alkaa aiheen m\u00e4\u00e4rittelyst\u00e4, etenee toisiaan t\u00e4ydent\u00e4vien vaiheiden kautta ja p\u00e4\u00e4ttyy l\u00f6ydetyn tiedon arviointiin ja k\u00e4ytt\u00f6\u00f6n. Tiedonhakuprosessi etenee harvoin suoraan alusta loppuun. On tavallista, ett\u00e4 tiedonhaun edetess\u00e4 palataan taaksep\u00e4in edellisiin vaiheisiin. Tiedonhakuprosessi voikin her\u00e4tt\u00e4\u00e4 monenlaisia tunteita, sill\u00e4 kaivatun tiedon l\u00f6ytymisen saattaa joutua n\u00e4kem\u00e4\u00e4n aikaa ja vaivaa. Tiedonhaun suunnittelu Tiedonhakua voidaan tehd\u00e4 erilaisista l\u00e4ht\u00f6kohdista. Jos [&hellip;]<\/p>\n","protected":false},"author":801,"featured_media":0,"parent":0,"menu_order":0,"comment_status":"closed","ping_status":"closed","template":"","meta":{"_acf_changed":false,"footnotes":""},"class_list":["post-92","page","type-page","status-publish","hentry"],"acf":[],"yoast_head":"<!-- This site is optimized with the Yoast SEO plugin v27.1.1 - https:\/\/yoast.com\/product\/yoast-seo-wordpress\/ -->\n<title>Tiedonhakuprosessi ja tiedonhaun suunnittelu - Tiedonhakijan opas \/\/ UEF-kirjasto<\/title>\n<meta name=\"description\" content=\"Tiedonhakuprosessin eri vaiheiden ymm\u00e4rt\u00e4minen auttaa tiedonhaun suunnittelussa. Ota k\u00e4ytt\u00f6\u00f6si my\u00f6s tiedonhakijan ja tutkijan tiedonhaun muistilistat!\" \/>\n<meta name=\"robots\" content=\"index, follow, max-snippet:-1, max-image-preview:large, max-video-preview:-1\" \/>\n<link rel=\"canonical\" href=\"https:\/\/sites.uef.fi\/tiedonhaku-kirjasto\/tiedonhakuprosessi-ja-tiedonhaun-suunnittelu\/\" \/>\n<meta property=\"og:locale\" content=\"fi_FI\" \/>\n<meta property=\"og:type\" content=\"article\" \/>\n<meta property=\"og:title\" content=\"Tiedonhakuprosessi ja tiedonhaun suunnittelu - Tiedonhakijan opas \/\/ UEF-kirjasto\" \/>\n<meta property=\"og:description\" content=\"Tiedonhakuprosessin eri vaiheiden ymm\u00e4rt\u00e4minen auttaa tiedonhaun suunnittelussa. Ota k\u00e4ytt\u00f6\u00f6si my\u00f6s tiedonhakijan ja tutkijan tiedonhaun muistilistat!\" \/>\n<meta property=\"og:url\" content=\"https:\/\/sites.uef.fi\/tiedonhaku-kirjasto\/tiedonhakuprosessi-ja-tiedonhaun-suunnittelu\/\" \/>\n<meta property=\"og:site_name\" content=\"Tiedonhakijan opas \/\/ UEF-kirjasto\" \/>\n<meta property=\"article:modified_time\" content=\"2025-08-22T08:10:50+00:00\" \/>\n<meta name=\"twitter:card\" content=\"summary_large_image\" \/>\n<meta name=\"twitter:label1\" content=\"Arvioitu lukuaika\" \/>\n\t<meta name=\"twitter:data1\" content=\"1 minuutti\" \/>\n<script type=\"application\/ld+json\" class=\"yoast-schema-graph\">{\"@context\":\"https:\/\/schema.org\",\"@graph\":[{\"@type\":\"WebPage\",\"@id\":\"https:\/\/sites.uef.fi\/tiedonhaku-kirjasto\/tiedonhakuprosessi-ja-tiedonhaun-suunnittelu\/\",\"url\":\"https:\/\/sites.uef.fi\/tiedonhaku-kirjasto\/tiedonhakuprosessi-ja-tiedonhaun-suunnittelu\/\",\"name\":\"Tiedonhakuprosessi ja tiedonhaun suunnittelu - Tiedonhakijan opas \/\/ UEF-kirjasto\",\"isPartOf\":{\"@id\":\"https:\/\/sites.uef.fi\/tiedonhaku-kirjasto\/#website\"},\"datePublished\":\"2022-04-19T06:32:35+00:00\",\"dateModified\":\"2025-08-22T08:10:50+00:00\",\"description\":\"Tiedonhakuprosessin eri vaiheiden ymm\u00e4rt\u00e4minen auttaa tiedonhaun suunnittelussa. Ota k\u00e4ytt\u00f6\u00f6si my\u00f6s tiedonhakijan ja tutkijan tiedonhaun muistilistat!\",\"breadcrumb\":{\"@id\":\"https:\/\/sites.uef.fi\/tiedonhaku-kirjasto\/tiedonhakuprosessi-ja-tiedonhaun-suunnittelu\/#breadcrumb\"},\"inLanguage\":\"fi\",\"potentialAction\":[{\"@type\":\"ReadAction\",\"target\":[\"https:\/\/sites.uef.fi\/tiedonhaku-kirjasto\/tiedonhakuprosessi-ja-tiedonhaun-suunnittelu\/\"]}]},{\"@type\":\"BreadcrumbList\",\"@id\":\"https:\/\/sites.uef.fi\/tiedonhaku-kirjasto\/tiedonhakuprosessi-ja-tiedonhaun-suunnittelu\/#breadcrumb\",\"itemListElement\":[{\"@type\":\"ListItem\",\"position\":1,\"name\":\"Home\",\"item\":\"https:\/\/sites.uef.fi\/tiedonhaku-kirjasto\/\"},{\"@type\":\"ListItem\",\"position\":2,\"name\":\"Tiedonhakuprosessi ja tiedonhaun suunnittelu\"}]},{\"@type\":\"WebSite\",\"@id\":\"https:\/\/sites.uef.fi\/tiedonhaku-kirjasto\/#website\",\"url\":\"https:\/\/sites.uef.fi\/tiedonhaku-kirjasto\/\",\"name\":\"Tiedonhakijan opas \/\/ UEF-kirjasto\",\"description\":\"\",\"potentialAction\":[{\"@type\":\"SearchAction\",\"target\":{\"@type\":\"EntryPoint\",\"urlTemplate\":\"https:\/\/sites.uef.fi\/tiedonhaku-kirjasto\/?s={search_term_string}\"},\"query-input\":{\"@type\":\"PropertyValueSpecification\",\"valueRequired\":true,\"valueName\":\"search_term_string\"}}],\"inLanguage\":\"fi\"}]}<\/script>\n<!-- \/ Yoast SEO plugin. -->","yoast_head_json":{"title":"Tiedonhakuprosessi ja tiedonhaun suunnittelu - Tiedonhakijan opas \/\/ UEF-kirjasto","description":"Tiedonhakuprosessin eri vaiheiden ymm\u00e4rt\u00e4minen auttaa tiedonhaun suunnittelussa. Ota k\u00e4ytt\u00f6\u00f6si my\u00f6s tiedonhakijan ja tutkijan tiedonhaun muistilistat!","robots":{"index":"index","follow":"follow","max-snippet":"max-snippet:-1","max-image-preview":"max-image-preview:large","max-video-preview":"max-video-preview:-1"},"canonical":"https:\/\/sites.uef.fi\/tiedonhaku-kirjasto\/tiedonhakuprosessi-ja-tiedonhaun-suunnittelu\/","og_locale":"fi_FI","og_type":"article","og_title":"Tiedonhakuprosessi ja tiedonhaun suunnittelu - Tiedonhakijan opas \/\/ UEF-kirjasto","og_description":"Tiedonhakuprosessin eri vaiheiden ymm\u00e4rt\u00e4minen auttaa tiedonhaun suunnittelussa. Ota k\u00e4ytt\u00f6\u00f6si my\u00f6s tiedonhakijan ja tutkijan tiedonhaun muistilistat!","og_url":"https:\/\/sites.uef.fi\/tiedonhaku-kirjasto\/tiedonhakuprosessi-ja-tiedonhaun-suunnittelu\/","og_site_name":"Tiedonhakijan opas \/\/ UEF-kirjasto","article_modified_time":"2025-08-22T08:10:50+00:00","twitter_card":"summary_large_image","twitter_misc":{"Arvioitu lukuaika":"1 minuutti"},"schema":{"@context":"https:\/\/schema.org","@graph":[{"@type":"WebPage","@id":"https:\/\/sites.uef.fi\/tiedonhaku-kirjasto\/tiedonhakuprosessi-ja-tiedonhaun-suunnittelu\/","url":"https:\/\/sites.uef.fi\/tiedonhaku-kirjasto\/tiedonhakuprosessi-ja-tiedonhaun-suunnittelu\/","name":"Tiedonhakuprosessi ja tiedonhaun suunnittelu - Tiedonhakijan opas \/\/ UEF-kirjasto","isPartOf":{"@id":"https:\/\/sites.uef.fi\/tiedonhaku-kirjasto\/#website"},"datePublished":"2022-04-19T06:32:35+00:00","dateModified":"2025-08-22T08:10:50+00:00","description":"Tiedonhakuprosessin eri vaiheiden ymm\u00e4rt\u00e4minen auttaa tiedonhaun suunnittelussa. Ota k\u00e4ytt\u00f6\u00f6si my\u00f6s tiedonhakijan ja tutkijan tiedonhaun muistilistat!","breadcrumb":{"@id":"https:\/\/sites.uef.fi\/tiedonhaku-kirjasto\/tiedonhakuprosessi-ja-tiedonhaun-suunnittelu\/#breadcrumb"},"inLanguage":"fi","potentialAction":[{"@type":"ReadAction","target":["https:\/\/sites.uef.fi\/tiedonhaku-kirjasto\/tiedonhakuprosessi-ja-tiedonhaun-suunnittelu\/"]}]},{"@type":"BreadcrumbList","@id":"https:\/\/sites.uef.fi\/tiedonhaku-kirjasto\/tiedonhakuprosessi-ja-tiedonhaun-suunnittelu\/#breadcrumb","itemListElement":[{"@type":"ListItem","position":1,"name":"Home","item":"https:\/\/sites.uef.fi\/tiedonhaku-kirjasto\/"},{"@type":"ListItem","position":2,"name":"Tiedonhakuprosessi ja tiedonhaun suunnittelu"}]},{"@type":"WebSite","@id":"https:\/\/sites.uef.fi\/tiedonhaku-kirjasto\/#website","url":"https:\/\/sites.uef.fi\/tiedonhaku-kirjasto\/","name":"Tiedonhakijan opas \/\/ UEF-kirjasto","description":"","potentialAction":[{"@type":"SearchAction","target":{"@type":"EntryPoint","urlTemplate":"https:\/\/sites.uef.fi\/tiedonhaku-kirjasto\/?s={search_term_string}"},"query-input":{"@type":"PropertyValueSpecification","valueRequired":true,"valueName":"search_term_string"}}],"inLanguage":"fi"}]}},"_links":{"self":[{"href":"https:\/\/sites.uef.fi\/tiedonhaku-kirjasto\/wp-json\/wp\/v2\/pages\/92","targetHints":{"allow":["GET"]}}],"collection":[{"href":"https:\/\/sites.uef.fi\/tiedonhaku-kirjasto\/wp-json\/wp\/v2\/pages"}],"about":[{"href":"https:\/\/sites.uef.fi\/tiedonhaku-kirjasto\/wp-json\/wp\/v2\/types\/page"}],"author":[{"embeddable":true,"href":"https:\/\/sites.uef.fi\/tiedonhaku-kirjasto\/wp-json\/wp\/v2\/users\/801"}],"replies":[{"embeddable":true,"href":"https:\/\/sites.uef.fi\/tiedonhaku-kirjasto\/wp-json\/wp\/v2\/comments?post=92"}],"version-history":[{"count":2,"href":"https:\/\/sites.uef.fi\/tiedonhaku-kirjasto\/wp-json\/wp\/v2\/pages\/92\/revisions"}],"predecessor-version":[{"id":11489,"href":"https:\/\/sites.uef.fi\/tiedonhaku-kirjasto\/wp-json\/wp\/v2\/pages\/92\/revisions\/11489"}],"wp:attachment":[{"href":"https:\/\/sites.uef.fi\/tiedonhaku-kirjasto\/wp-json\/wp\/v2\/media?parent=92"}],"curies":[{"name":"wp","href":"https:\/\/api.w.org\/{rel}","templated":true}]}}