{"id":129,"date":"2025-04-17T11:14:59","date_gmt":"2025-04-17T09:14:59","guid":{"rendered":"https:\/\/sites.uef.fi\/tohtorikoulutuspaiva2025\/frontpage\/program\/"},"modified":"2025-08-28T08:11:44","modified_gmt":"2025-08-28T06:11:44","slug":"program","status":"publish","type":"page","link":"https:\/\/sites.uef.fi\/tohtorikoulutuspaiva2025\/frontpage\/program\/?lang=en","title":{"rendered":"Program"},"content":{"rendered":"\n<h2 class=\"wp-block-heading\">Unique Paths to Shared Goals<\/h2>\n\n\n\n<p>How can we build doctoral education that takes into consideration the diversity of doctoral researchers? Doctoral research is conducted under various funding models, both full-time and part-time. Doctoral researchers have unique backgrounds and they represent, for example, different nationalities, age groups, and genders. Doctoral research is carried out at different professional career stages, and the majority of doctoral researchers continue their careers outside the university. Additionally, the research fields vary significantly.<\/p>\n\n\n\n<p>With these different perspectives in mind, we invite you to share best practices and generate new ideas regarding:<\/p>\n\n\n\n<ul class=\"wp-block-list\">\n<li>Recruitment &amp; onboarding<\/li>\n\n\n\n<li>Support for doctoral supervision<\/li>\n\n\n\n<li>Sustainable work life &amp; well-being<\/li>\n\n\n\n<li>Careers &amp; work life connections<\/li>\n<\/ul>\n\n\n\n<h2 class=\"wp-block-heading\">Schedule and Keynote Speakers 9.10.2025<\/h2>\n\n\n\n<p>9:00 Welcome<br>9:15 Keynote speeches: Rector Tapio M\u00e4\u00e4tt\u00e4 (UEF) and Professor Annalisa Sannino (TAU), and participants&#8217; ideas<br>10:15 Poster session on doctoral education pilots<br>11:15 Workshop 1<br>12:15 Lunch (self-paid)<br>13:15 Workshop 2<br>14:15 Break<br>14.30 Summary and reflection of keynote speeches &amp; participants&#8217; ideas: Vice Rector Sari Lindblom (University of Lapland)<br>15:00 Closing remarks<br>15:10 Farewell coffee<\/p>\n\n\n\n<h2 class=\"wp-block-heading\">Workshops<\/h2>\n\n\n\n<p>Morning: Workshop 1<\/p>\n\n\n\n<p>1.1 Miten tukea v\u00e4it\u00f6skirjatutkijaa hyv\u00e4\u00e4n alkuun?<br>1.2 Yliopistojen k\u00e4yt\u00e4nteet v\u00e4it\u00f6skirjaohjauksen kehitt\u00e4miseksi<br>1.3 Tohtoreiden urapolut 2030<br>1.4 The Work Ability of Young Researchers and Critical Points<\/p>\n\n\n\n<p>Afternoon: Workshop 2<\/p>\n\n\n\n<p>2.1 Miten tukea v\u00e4it\u00f6skirjatutkijaa hyv\u00e4\u00e4n alkuun?<br>2.2 Nuoren tutkijan ty\u00f6kyky ja kriittiset pisteet<br>2.3 Pelillisyyden mahdollisuudet v\u00e4it\u00f6skirjatutkijoiden uraohjauksessa<br>2.4 Universities&#8217; Practices for Developing Support for Doctoral Supervision<\/p>\n\n\n\n<h2 class=\"wp-block-heading\">Evening to Enjoy! 8.10.2025<\/h2>\n\n\n\n<p>The previous evening on Wednesday October 8th, the hosts from UEF provide you with a monologue performance at 20:00 at Kuopio city centre. The perfomance is created by Salli Anttonen and Laura Kaljunen, and it is called &#8221;Katkelmia monologista Sek\u00e4 ett\u00e4 \u00ad\u00ad\u2013 tosi tieteellinen stand up -esitys metamodernismista ja el\u00e4m\u00e4st\u00e4&#8221;. The performance lasts approximately 30 minutes and is in Finnish. The evening continues with informal conversations and networking. Please note that the event is not catered. However, you can purchase beverages at your own expense at the bar. All participants of Doctoral Education Day are welcome!<\/p>\n","protected":false},"excerpt":{"rendered":"<p>Unique Paths to Shared Goals How can we build doctoral education that takes into consideration the diversity of doctoral researchers? Doctoral research is conducted under various funding models, both full-time and part-time. Doctoral researchers have unique backgrounds and they represent, for example, different nationalities, age groups, and genders. Doctoral research is carried out at different [&hellip;]<\/p>\n","protected":false},"author":1301,"featured_media":0,"parent":84,"menu_order":0,"comment_status":"closed","ping_status":"closed","template":"","meta":{"_acf_changed":false,"footnotes":""},"class_list":["post-129","page","type-page","status-publish","hentry"],"acf":[],"yoast_head":"<!-- This site is optimized with the Yoast SEO plugin v27.3 - https:\/\/yoast.com\/product\/yoast-seo-wordpress\/ -->\n<title>Program - Valtakunnallinen tohtorikoulutusp\u00e4iv\u00e4 2025<\/title>\n<meta name=\"robots\" content=\"index, follow, max-snippet:-1, max-image-preview:large, max-video-preview:-1\" \/>\n<link rel=\"canonical\" href=\"https:\/\/sites.uef.fi\/tohtorikoulutuspaiva2025\/frontpage\/program\/\" \/>\n<meta property=\"og:locale\" content=\"fi_FI\" \/>\n<meta property=\"og:type\" content=\"article\" \/>\n<meta property=\"og:title\" content=\"Program - Valtakunnallinen tohtorikoulutusp\u00e4iv\u00e4 2025\" \/>\n<meta property=\"og:description\" content=\"Unique Paths to Shared Goals How can we build doctoral education that takes into consideration the diversity of doctoral researchers? Doctoral research is conducted under various funding models, both full-time and part-time. Doctoral researchers have unique backgrounds and they represent, for example, different nationalities, age groups, and genders. Doctoral research is carried out at different [&hellip;]\" \/>\n<meta property=\"og:url\" content=\"https:\/\/sites.uef.fi\/tohtorikoulutuspaiva2025\/frontpage\/program\/?lang=en\" \/>\n<meta property=\"og:site_name\" content=\"Valtakunnallinen tohtorikoulutusp\u00e4iv\u00e4 2025\" \/>\n<meta property=\"article:modified_time\" content=\"2025-08-28T06:11:44+00:00\" \/>\n<meta name=\"twitter:card\" content=\"summary_large_image\" \/>\n<meta name=\"twitter:label1\" content=\"Arvioitu lukuaika\" \/>\n\t<meta name=\"twitter:data1\" content=\"3 minuuttia\" \/>\n<script type=\"application\/ld+json\" class=\"yoast-schema-graph\">{\"@context\":\"https:\\\/\\\/schema.org\",\"@graph\":[{\"@type\":\"WebPage\",\"@id\":\"https:\\\/\\\/sites.uef.fi\\\/tohtorikoulutuspaiva2025\\\/frontpage\\\/program\\\/?lang=en\",\"url\":\"https:\\\/\\\/sites.uef.fi\\\/tohtorikoulutuspaiva2025\\\/frontpage\\\/program\\\/?lang=en\",\"name\":\"Program - Valtakunnallinen tohtorikoulutusp\u00e4iv\u00e4 2025\",\"isPartOf\":{\"@id\":\"https:\\\/\\\/sites.uef.fi\\\/tohtorikoulutuspaiva2025\\\/#website\"},\"datePublished\":\"2025-04-17T09:14:59+00:00\",\"dateModified\":\"2025-08-28T06:11:44+00:00\",\"breadcrumb\":{\"@id\":\"https:\\\/\\\/sites.uef.fi\\\/tohtorikoulutuspaiva2025\\\/frontpage\\\/program\\\/?lang=en#breadcrumb\"},\"inLanguage\":\"fi\",\"potentialAction\":[{\"@type\":\"ReadAction\",\"target\":[\"https:\\\/\\\/sites.uef.fi\\\/tohtorikoulutuspaiva2025\\\/frontpage\\\/program\\\/?lang=en\"]}]},{\"@type\":\"BreadcrumbList\",\"@id\":\"https:\\\/\\\/sites.uef.fi\\\/tohtorikoulutuspaiva2025\\\/frontpage\\\/program\\\/?lang=en#breadcrumb\",\"itemListElement\":[{\"@type\":\"ListItem\",\"position\":1,\"name\":\"Home\",\"item\":\"https:\\\/\\\/sites.uef.fi\\\/tohtorikoulutuspaiva2025\\\/\"},{\"@type\":\"ListItem\",\"position\":2,\"name\":\"etusivu\",\"item\":\"https:\\\/\\\/sites.uef.fi\\\/tohtorikoulutuspaiva2025\\\/\"},{\"@type\":\"ListItem\",\"position\":3,\"name\":\"Program\"}]},{\"@type\":\"WebSite\",\"@id\":\"https:\\\/\\\/sites.uef.fi\\\/tohtorikoulutuspaiva2025\\\/#website\",\"url\":\"https:\\\/\\\/sites.uef.fi\\\/tohtorikoulutuspaiva2025\\\/\",\"name\":\"Valtakunnallinen tohtorikoulutusp\u00e4iv\u00e4 2025\",\"description\":\"\",\"potentialAction\":[{\"@type\":\"SearchAction\",\"target\":{\"@type\":\"EntryPoint\",\"urlTemplate\":\"https:\\\/\\\/sites.uef.fi\\\/tohtorikoulutuspaiva2025\\\/?s={search_term_string}\"},\"query-input\":{\"@type\":\"PropertyValueSpecification\",\"valueRequired\":true,\"valueName\":\"search_term_string\"}}],\"inLanguage\":\"fi\"}]}<\/script>\n<!-- \/ Yoast SEO plugin. -->","yoast_head_json":{"title":"Program - Valtakunnallinen tohtorikoulutusp\u00e4iv\u00e4 2025","robots":{"index":"index","follow":"follow","max-snippet":"max-snippet:-1","max-image-preview":"max-image-preview:large","max-video-preview":"max-video-preview:-1"},"canonical":"https:\/\/sites.uef.fi\/tohtorikoulutuspaiva2025\/frontpage\/program\/","og_locale":"fi_FI","og_type":"article","og_title":"Program - Valtakunnallinen tohtorikoulutusp\u00e4iv\u00e4 2025","og_description":"Unique Paths to Shared Goals How can we build doctoral education that takes into consideration the diversity of doctoral researchers? Doctoral research is conducted under various funding models, both full-time and part-time. Doctoral researchers have unique backgrounds and they represent, for example, different nationalities, age groups, and genders. Doctoral research is carried out at different [&hellip;]","og_url":"https:\/\/sites.uef.fi\/tohtorikoulutuspaiva2025\/frontpage\/program\/?lang=en","og_site_name":"Valtakunnallinen tohtorikoulutusp\u00e4iv\u00e4 2025","article_modified_time":"2025-08-28T06:11:44+00:00","twitter_card":"summary_large_image","twitter_misc":{"Arvioitu lukuaika":"3 minuuttia"},"schema":{"@context":"https:\/\/schema.org","@graph":[{"@type":"WebPage","@id":"https:\/\/sites.uef.fi\/tohtorikoulutuspaiva2025\/frontpage\/program\/?lang=en","url":"https:\/\/sites.uef.fi\/tohtorikoulutuspaiva2025\/frontpage\/program\/?lang=en","name":"Program - Valtakunnallinen tohtorikoulutusp\u00e4iv\u00e4 2025","isPartOf":{"@id":"https:\/\/sites.uef.fi\/tohtorikoulutuspaiva2025\/#website"},"datePublished":"2025-04-17T09:14:59+00:00","dateModified":"2025-08-28T06:11:44+00:00","breadcrumb":{"@id":"https:\/\/sites.uef.fi\/tohtorikoulutuspaiva2025\/frontpage\/program\/?lang=en#breadcrumb"},"inLanguage":"fi","potentialAction":[{"@type":"ReadAction","target":["https:\/\/sites.uef.fi\/tohtorikoulutuspaiva2025\/frontpage\/program\/?lang=en"]}]},{"@type":"BreadcrumbList","@id":"https:\/\/sites.uef.fi\/tohtorikoulutuspaiva2025\/frontpage\/program\/?lang=en#breadcrumb","itemListElement":[{"@type":"ListItem","position":1,"name":"Home","item":"https:\/\/sites.uef.fi\/tohtorikoulutuspaiva2025\/"},{"@type":"ListItem","position":2,"name":"etusivu","item":"https:\/\/sites.uef.fi\/tohtorikoulutuspaiva2025\/"},{"@type":"ListItem","position":3,"name":"Program"}]},{"@type":"WebSite","@id":"https:\/\/sites.uef.fi\/tohtorikoulutuspaiva2025\/#website","url":"https:\/\/sites.uef.fi\/tohtorikoulutuspaiva2025\/","name":"Valtakunnallinen tohtorikoulutusp\u00e4iv\u00e4 2025","description":"","potentialAction":[{"@type":"SearchAction","target":{"@type":"EntryPoint","urlTemplate":"https:\/\/sites.uef.fi\/tohtorikoulutuspaiva2025\/?s={search_term_string}"},"query-input":{"@type":"PropertyValueSpecification","valueRequired":true,"valueName":"search_term_string"}}],"inLanguage":"fi"}]}},"_links":{"self":[{"href":"https:\/\/sites.uef.fi\/tohtorikoulutuspaiva2025\/wp-json\/wp\/v2\/pages\/129","targetHints":{"allow":["GET"]}}],"collection":[{"href":"https:\/\/sites.uef.fi\/tohtorikoulutuspaiva2025\/wp-json\/wp\/v2\/pages"}],"about":[{"href":"https:\/\/sites.uef.fi\/tohtorikoulutuspaiva2025\/wp-json\/wp\/v2\/types\/page"}],"author":[{"embeddable":true,"href":"https:\/\/sites.uef.fi\/tohtorikoulutuspaiva2025\/wp-json\/wp\/v2\/users\/1301"}],"replies":[{"embeddable":true,"href":"https:\/\/sites.uef.fi\/tohtorikoulutuspaiva2025\/wp-json\/wp\/v2\/comments?post=129"}],"version-history":[{"count":2,"href":"https:\/\/sites.uef.fi\/tohtorikoulutuspaiva2025\/wp-json\/wp\/v2\/pages\/129\/revisions"}],"predecessor-version":[{"id":237,"href":"https:\/\/sites.uef.fi\/tohtorikoulutuspaiva2025\/wp-json\/wp\/v2\/pages\/129\/revisions\/237"}],"up":[{"embeddable":true,"href":"https:\/\/sites.uef.fi\/tohtorikoulutuspaiva2025\/wp-json\/wp\/v2\/pages\/84"}],"wp:attachment":[{"href":"https:\/\/sites.uef.fi\/tohtorikoulutuspaiva2025\/wp-json\/wp\/v2\/media?parent=129"}],"curies":[{"name":"wp","href":"https:\/\/api.w.org\/{rel}","templated":true}]}}